{"id":101511,"date":"2025-05-15T08:12:00","date_gmt":"2025-05-15T08:12:00","guid":{"rendered":"https:\/\/simracergear.com\/products\/moza-r9-v2-ks-steering-wheel-bundle\/"},"modified":"2025-11-28T04:38:53","modified_gmt":"2025-11-28T04:38:53","slug":"moza-r9-v2-ks-steering-wheel-bundle","status":"publish","type":"product","link":"https:\/\/simracergear.com\/hu\/products\/moza-r9-v2-ks-steering-wheel-bundle\/","title":{"rendered":"MOZA R9 V2 \u00e9s KS ker\u00e9kcsomag"},"content":{"rendered":"<p>A \"kompakt\" Direct Drive alv\u00e1zak szegmens\u00e9ben a MOZA R9 V2 + KS korm\u00e1nyker\u00e9k csomag egy\u00e9rtelm\u0171en egy ambici\u00f3zus k\u00f6z\u00e9pkateg\u00f3ri\u00e1s megold\u00e1sk\u00e9nt van poz\u00edcion\u00e1lva. Ez m\u00e1r nem bel\u00e9p\u0151szint\u0171, de m\u00e9g mindig nem tartozik az LMP protot\u00edpusok fanatikusainak fenntartott nyomat\u00e9ksz\u00f6rnyek k\u00f6z\u00e9. Az \u00e1h\u00edtott egyens\u00falyi pontra t\u00f6rekszik: elegend\u0151 teljes\u00edtm\u00e9ny \u00e9s finoms\u00e1g ahhoz, hogy komoly szimul\u00e1torokban is hiteles legyen, an\u00e9lk\u00fcl, hogy megf\u00e9leml\u00edt\u0151 vagy kezelhetetlen lenne a felfel\u00e9 halad\u00f3 j\u00e1t\u00e9kosok sz\u00e1m\u00e1ra.<\/p>\n<p>Ez a komb\u00f3 mindenekel\u0151tt h\u00e1rom dolgot \u00edg\u00e9r: tiszta, r\u00e9szletes er\u0151visszacsatol\u00e1st, egy j\u00f3l felszerelt, modern korm\u00e1nykereket GT \u00e9s \"\u00e1ltal\u00e1nos\" szimul\u00e1toros versenyz\u00e9shez, valamint egy fejl\u0151d\u0151 \u00f6kosziszt\u00e9m\u00e1t. Ami vonz\u00f3v\u00e1 teszi, az a koherens csomag benyom\u00e1sa: csatlakoztatod, egy kicsit cs\u00edpkedsz, \u00e9s m\u00e1ris egy nagyon massz\u00edv setupot kapsz iRacinghez, ACC-hez, rFactor 2-h\u00f6z vagy ak\u00e1r mainstreamebb j\u00e1t\u00e9kokhoz.<\/p>\n<p>Az \u00e9n szemsz\u00f6gem itt egyszer\u0171: mennyire v\u00e1ltoztatja meg ez az R9 V2 + KS a meghajt\u00e1s \u00e9rzet\u00e9t egy sz\u00edjhajt\u00e1s\u00fa alaphoz vagy egy kis bel\u00e9p\u0151 szint\u0171 Direct Drive-hoz k\u00e9pest? \u00c9s ez a csomag id\u0151vel is meg\u00e1llja a hely\u00e9t a k\u00e9nyelem, a pontoss\u00e1g \u00e9s a sokoldal\u00fas\u00e1g szempontj\u00e1b\u00f3l, vagy fenn\u00e1ll a vesz\u00e9lye, hogy t\u00fal gyorsan korl\u00e1tok k\u00f6z\u00e9 szorul?<\/p>\n<h2>Tervez\u00e9s \u00e9s gy\u00e1rt\u00e1s<\/h2>\n<p>Az R9 V2 alapja azonnal egy kompakt, s\u0171r\u0171 t\u00f6mb benyom\u00e1s\u00e1t kelti. A f\u00e9mv\u00e1z merevs\u00e9get sug\u00e1roz, tiszta kivitelben, durva \u00e9lek \u00e9s mozg\u00f3 alkatr\u00e9szek n\u00e9lk\u00fcl. A k\u00e9zben neh\u00e9z \u00e9s kompakt, \u00e9s egy\u00e9rtelm\u0171en \u00e9rezhet\u0151, hogy nem j\u00e1t\u00e9k. A megfelel\u0151en merev\u00edtett pil\u00f3taf\u00fclk\u00e9ben nem remeg, m\u00e9g akkor sem, ha gyors korrekci\u00f3kra k\u00e9nyszer\u00fcl.<\/p>\n<p>A KS korm\u00e1nyker\u00e9k nagyon is egy modern szimul\u00e1toros versenyaut\u00f3. GT alak\u00fa, k\u00f6zelebb \u00e1ll egy versenyaut\u00f3 korm\u00e1nyker\u00e9khez, mint a klasszikus kerek korm\u00e1nyker\u00e9khez. A konstrukci\u00f3 bizalomgerjeszt\u0151: f\u00e9mszerkezet, r\u00e9szben alcantara\/simili vagy egy j\u00f3l megv\u00e1lasztott szintetikus anyaggal bor\u00edtva, hat\u00e1rozott gombok, tiszt\u00e1n kattan\u00f3 k\u00f3dol\u00f3k. Amikor k\u00e9zbe vessz\u00fck, a s\u0171r\u0171s\u00e9g j\u00f3, nem t\u00fal k\u00f6nny\u0171 \u00e9s nem is t\u00fal neh\u00e9z. T\u00e9nyleg az az \u00e9rz\u00e9sed, hogy egy igazi pil\u00f3taeszk\u00f6zt tartasz a kezedben, nem pedig egy k\u00fcty\u00fct.<\/p>\n<p>Ami megd\u00f6bbentett, az a kivitelez\u00e9s \u00e1ltal\u00e1nos szintje volt ebben az \u00e1rszegmensben. A jel\u00f6l\u00e9sek tiszt\u00e1k, a tappancsok k\u00f6nnyen \u00e9rintik az ujjakat, a QR-kapcsolat rendezett, \u00e9s az eg\u00e9sz dolog szil\u00e1rds\u00e1got sug\u00e1roz. Nagyon kev\u00e9s az \u00e9l\u0151sk\u00f6d\u0151 j\u00e1t\u00e9k, \u00e9s nincs aggaszt\u00f3 nyikorg\u00e1s, m\u00e9g kem\u00e9ny t\u00e1mad\u00e1skor sem.<\/p>\n<p>Ami egy kicsit csal\u00f3d\u00e1st okozhat, az az a t\u00e9ny, hogy nem olyan \"luxus\", mint n\u00e9h\u00e1ny el\u0151kel\u0151bb korm\u00e1nyker\u00e9k: n\u00e9h\u00e1ny m\u0171anyag m\u00e9g mindig egy fokkal a val\u00f3ban pr\u00e9mium kateg\u00f3ri\u00e1s referenci\u00e1k alatt van, \u00e9s az ujjak alatti tapint\u00e1s nem rendelkezik a t\u00f6bb sz\u00e1z eur\u00f3val t\u00f6bbe ker\u00fcl\u0151 korm\u00e1nyker\u00e9k \"wow\"-faktor\u00e1val. Ami engem illet, j\u00f3val a nagy t\u00f6rt\u00e9nelmi m\u00e1rk\u00e1k bel\u00e9p\u0151 szint\u0171 korm\u00e1nykerekei f\u00f6l\u00e9 helyezn\u00e9m, de valamivel a nagyon magas sz\u00ednvonal\u00fa, k\u00e9zzel k\u00e9sz\u00edtett vagy teljes f\u00e9m\/b\u0151r term\u00e9kek al\u00e1.<\/p>\n<h2>Be\u00e1ll\u00edt\u00e1sok, testreszab\u00e1s \u00e9s kompatibilit\u00e1s<\/h2>\n<p>A MOZA egy meglehet\u0151sen j\u00f3l \u00e1tgondolt, h\u00e1zon bel\u00fcli szoftvercsomagra \u00e9p\u00fcl. A kezel\u0151fel\u00fclet k\u00f6nnyen olvashat\u00f3, egy\u00e9rtelm\u0171 f\u00fclekkel az alap, a korm\u00e1nyker\u00e9k, a gombok \u00e9s az er\u0151g\u00f6rb\u00e9k sz\u00e1m\u00e1ra. A f\u0151bb j\u00e1t\u00e9kokhoz vannak el\u0151re be\u00e1ll\u00edtott be\u00e1ll\u00edt\u00e1sok, \u00edgy gyorsan kezdhetsz valami koherenssel, majd be\u00e1ll\u00edthatod aszerint, hogy hogyan \u00e9rzed magad. Annak, aki egy sz\u00edjhajt\u00e1s\u00fa alapr\u00f3l \u00e9rkezik, a tanul\u00e1si g\u00f6rbe \u00e9sszer\u0171 marad: n\u00e9h\u00e1ny \u00fcl\u00e9s elegend\u0151 ahhoz, hogy meg\u00e9rtse, mely cs\u00faszk\u00e1knak van val\u00f3di hat\u00e1sa az FFB viselked\u00e9s\u00e9re.<\/p>\n<p>Az igaz\u00e1n hasznos be\u00e1ll\u00edt\u00e1sok ott vannak: \u00e1ltal\u00e1nos intenzit\u00e1s, sz\u0171r\u00e9s, csillap\u00edt\u00e1s, s\u00farl\u00f3d\u00e1s, minim\u00e1lis er\u0151, \u00fathat\u00e1sok kezel\u00e9se. Az alapot nagyon \u00e9l\u00e9nkk\u00e9 \u00e9s rendk\u00edv\u00fcl reakt\u00edvv\u00e1 teheti, vagy \u00e9ppen ellenkez\u0151leg, a cs\u00facsokat egy kicsit kisim\u00edthatja, hogy valami l\u00e1gyabb \u00e9s progressz\u00edvebb legyen. Ez az a pont, ahol az R9 V2 megmutatja sokoldal\u00fas\u00e1g\u00e1t: a be\u00e1ll\u00edt\u00e1sok tekintet\u00e9ben elfogadja a kiss\u00e9 durva b\u00e1n\u00e1sm\u00f3dot, an\u00e9lk\u00fcl, hogy k\u00f6vetkezetlenn\u00e9 vagy kellemetlenn\u00e9 v\u00e1lna.<\/p>\n<p>Kompatibilit\u00e1s szempontj\u00e1b\u00f3l ez a csomag egy\u00e9rtelm\u0171en PC-orient\u00e1lt. Bizonyos konzolos k\u00f6rnyezetek k\u00f6zvetett megold\u00e1sokon vagy speci\u00e1lis term\u00e9keken kereszt\u00fcl lehets\u00e9gesek, de ennek a csomagnak PC-n t\u00f6k\u00e9letesen van \u00e9rtelme komoly szimul\u00e1torokkal. Ha f\u0151leg konzolokon vezetsz, akkor t\u00e9nyleg ellen\u0151rizd az \u00f6kosziszt\u00e9m\u00e1dat, miel\u0151tt beruh\u00e1zol, mert nem a legterm\u00e9szetesebb j\u00e1tsz\u00f3t\u00e9r ez a komb\u00f3.<\/p>\n<p>Az \u00f6kosziszt\u00e9m\u00e1t tekintve a MOZA m\u00e1r teljes v\u00e1laszt\u00e9kkal rendelkezik, bele\u00e9rtve m\u00e1s korm\u00e1nykerekeket, ped\u00e1lokat, v\u00e1lt\u00f3kat, k\u00e9zif\u00e9keket, m\u0171szerfalakat \u00e9s egyebeket. Az R9 V2 j\u00f3l illeszkedik mindehhez. \u00c9rezhet\u0151, hogy k\u00f6zponti alapnak tervezt\u00e9k, amelyet megtarthat, mik\u00f6zben a perif\u00e9ri\u00e1kkal fokozatosan halad felfel\u00e9 a k\u00edn\u00e1latban. Ami engem illet, ez egy kiv\u00e1l\u00f3 bel\u00e9p\u00e9si pont a MOZA \u00f6kosziszt\u00e9m\u00e1ba, de nem csak egy \"bel\u00e9p\u00e9si\" pont: ez egy olyan alap, amely k\u00f6nnyen k\u00f6vetheti a k\u00f6z\u00e9phalad\u00f3 vagy halad\u00f3 szimul\u00e1torversenyz\u0151t hossz\u00fa ideig an\u00e9lk\u00fcl, hogy elfelejt\u0151dne.<\/p>\n<h2>\u00c9rzelmek a t\u00e9t<\/h2>\n<p>A p\u00e1ly\u00e1n az els\u0151 dolog, amit \u00e9szreveszel, hogy mennyire tiszta az er\u0151visszacsatol\u00e1s. Az R9 V2 Direct Drive motorja nem tartozik a monstrum alapmotorok kateg\u00f3ri\u00e1j\u00e1ba, de el\u00e9g er\u0151t biztos\u00edt ahhoz, hogy amikor akarod, fizik\u00e1lis legyen, mik\u00f6zben hossz\u00fa ideig haszn\u00e1lhat\u00f3 maradjon t\u00falzott f\u00e1radts\u00e1g n\u00e9lk\u00fcl. Azon az \u00e9des ponton vagyunk, ahol az er\u0151 nem \u00e1ll a k\u00e9nyelem \u00fatj\u00e1ba.<\/p>\n<p>Az FFB pontoss\u00e1ga val\u00f3ban kiel\u00e9g\u00edt\u0151. A korm\u00e1nyker\u00e9k mikro-v\u00e1ltoz\u00e1sai, k\u00fcl\u00f6n\u00f6sen a j\u00f3l bej\u00e1ratott p\u00e1ly\u00e1kon, j\u00f3l l\u00e1that\u00f3ak: a fel\u00fclet v\u00e1ltoz\u00e1sai, apr\u00f3 bukkan\u00f3k, enyhe terhel\u00e9s\u00e1tvitel. A sz\u00edjhajt\u00e1s\u00fa rendszerhez k\u00e9pest ez sokkal k\u00f6zvetlenebb \u00e9s tiszt\u00e1bb \u00e9lm\u00e9nyt ny\u00fajt. Azonnal meg\u00e9rti, mit csin\u00e1l az aut\u00f3.<\/p>\n<p>A kanyarod\u00e1s progressz\u00edv. Bel\u00e9p\u00e9skor \u00e9rezhet\u0151 az el\u00fcls\u0151 terhel\u00e9s s\u00falya, majd az a pont, amikor a tapad\u00e1s romlani kezd. Az alap nem csak kem\u00e9nyen h\u00faz, hanem \"besz\u00e9l\": az ellen\u00e1ll\u00e1s n\u00f6veked\u00e9se, a gumiabroncs enyhe rezg\u00e9se a sikl\u00e1si ponton, az akkordpont megtart\u00e1s\u00e1ra ir\u00e1nyul\u00f3 korrekci\u00f3k, minden olvashat\u00f3. Ahol az R9 V2 szerintem meg\u00e1llja a hely\u00e9t, az a tapad\u00e1s \u00e9s az alulkorm\u00e1nyzotts\u00e1g vagy t\u00falkorm\u00e1nyzotts\u00e1g k\u00f6z\u00f6tti sz\u00fcrke z\u00f3na. Az a kritikus pillanat, amikor el kell d\u00f6ntened, hogy r\u00e1 mersz-e l\u00e9pni a g\u00e1zra vagy sem.<\/p>\n<p>A tapad\u00e1si \u00e9rt\u00e9kek pontosak, k\u00fcl\u00f6n\u00f6sen az ig\u00e9nyes szimul\u00e1torokn\u00e1l. Tiszt\u00e1n \u00e9rezhet\u0151, amikor a h\u00e1ts\u00f3 tengely elkezd vesz\u00edteni a s\u00faly\u00e1b\u00f3l, amikor az aut\u00f3 kiss\u00e9 lebeg a f\u00e9kre, vagy amikor a gumiabroncs le\u00e1ll, mert t\u00fal moh\u00f3n nyomta a g\u00e1zt. Ez nem \u00e9ri el egy nagyon agressz\u00edv be\u00e1ll\u00edt\u00e1sokkal a v\u00e9gletekig tolt alap ultra-torque szintj\u00e9t, de komoly vezet\u00e9shez b\u0151ven el\u00e9g ahhoz, hogy k\u00f6vetkezetes \u00e9s magabiztos legyen.<\/p>\n<p>A vibr\u00e1torokon az R9 V2 + KS j\u00f3 munk\u00e1t v\u00e9gez. \u00c9rezni lehet a vibr\u00e1tor szerkezet\u00e9t, nem csak egy \u00e1ltal\u00e1nos \"bzz\". A lapos, hossz\u00fa vibr\u00e1torok megk\u00fcl\u00f6nb\u00f6ztethet\u0151k az agressz\u00edvebb, feldarabolt vibr\u00e1torokt\u00f3l. Sz\u00f3 szerint leolvashat\u00f3 a korm\u00e1nyon kereszt\u00fcl, hogy tiszt\u00e1n harapsz-e vagy t\u00fal magasra m\u00e9sz, ami a versenyz\u00e9sben sokat seg\u00edt abban, hogy k\u00f6vetkezetes maradj, an\u00e9lk\u00fcl, hogy megt\u00f6rn\u00e9d a r\u00f6pp\u00e1ly\u00e1t.<\/p>\n<p>A gyors korrekci\u00f3kban a komb\u00f3 \u00e9l\u00e9nknek bizonyul. Ha a h\u00e1ts\u00f3 blokkol, az alapj\u00e1rat \u00e9szrevehet\u0151 k\u00e9sleltet\u00e9s n\u00e9lk\u00fcl reag\u00e1l, \u00e9s a korm\u00e1nyker\u00e9k azonnal k\u00f6veti az aut\u00f3 mozg\u00e1s\u00e1t. Igaz\u00e1n sokat lehet dolgozni az ellenkorm\u00e1nyz\u00e1ssal, a kis vonalvezet\u00e9si korrekci\u00f3kkal \u00e9s a bukkan\u00f3kon val\u00f3 korrig\u00e1l\u00e1ssal. Ez az, ahol a k\u00fcl\u00f6nbs\u00e9g egy kev\u00e9sb\u00e9 er\u0151s vagy sz\u0171rt alappal szemben megmutatkozik: m\u00e1r nem reag\u00e1lsz, hanem megel\u0151z\u00f6l. Az aut\u00f3 mozog, a korm\u00e1ny megsz\u00f3lal, te korrig\u00e1lsz. Egyszer\u0171, k\u00f6zvetlen, hat\u00e9kony.<\/p>\n<p>Hossz\u00fa munkamenetek sor\u00e1n a k\u00f6vetkezetess\u00e9g j\u00f3. A motor nem \u00e9rz\u0151dik annyira forr\u00f3nak, hogy megv\u00e1ltoztatn\u00e1 az \u00e9rz\u00e9st, \u00e9s a nyomat\u00e9k stabil marad. A f\u00e1radts\u00e1g ink\u00e1bb az izmokt\u00f3l, mint a felszerel\u00e9st\u0151l j\u00f6n, ami j\u00f3 jel. \u00c9sszer\u0171 be\u00e1ll\u00edt\u00e1sokkal teljes szakaszokat is \u00f6ssze lehet f\u0171zni an\u00e9lk\u00fcl, hogy \u00fagy \u00e9rezn\u00e9d, hogy az alap ellen k\u00fczdesz, mik\u00f6zben megmarad a gazdag visszajelz\u00e9s, ami seg\u00edt a koncentr\u00e1ci\u00f3ban.<\/p>\n<p>A kev\u00e9sb\u00e9 er\u0151s alapmodellhez k\u00e9pest egy\u00e9rtelm\u0171en prec\u00edzebb, dinamikusabb \u00e9s k\u00f6nnyebben olvashat\u00f3 az aut\u00f3. Egy j\u00f3val er\u0151sebb alapmodellel \u00f6sszehasonl\u00edtva nyilv\u00e1nval\u00f3an vesz\u00edt a puszta brutalit\u00e1s \u00e9s a maxim\u00e1lis nyomat\u00e9ktartom\u00e1ny tekintet\u00e9ben, de nyer a k\u00f6nny\u0171 kezelhet\u0151s\u00e9g ter\u00e9n. Az R9 V2 nem pr\u00f3b\u00e1lja let\u00e9pni a karodat. Arra t\u00f6rekszik, hogy meg\u00e9rtsd, mi t\u00f6rt\u00e9nik a gumik alatt. Sok szimul\u00e1toros versenyz\u0151nek pont erre van sz\u00fcks\u00e9ge.<\/p>\n<h2>Kinek sz\u00f3l? Amit szeret\u00fcnk \/ Amit nem szeret\u00fcnk<\/h2>\n<p>Ez a MOZA R9 V2 + KS csomag egy\u00e9rtelm\u0171en a motiv\u00e1lt szimul\u00e1torversenyz\u0151knek sz\u00f3l, akik komoly l\u00e9p\u00e9st szeretn\u00e9nek tenni el\u0151re an\u00e9lk\u00fcl, hogy t\u00falz\u00e1sba vinn\u00e9k. Egy kezd\u0151, aki tudja, hogy be fogja fektetni mag\u00e1t a szim versenyz\u00e9sbe, egy k\u00f6z\u00e9phalad\u00f3, aki eddig sz\u00edjhajt\u00e1s\u00fa alapon aut\u00f3zott \u00e9s v\u00e9gre belek\u00f3stolna a Direct Drive-ba, vagy egy tapasztalt versenyz\u0151, aki egy koherens, kompakt \u00e9s modern setupot szeretne a GT, egy\u00fcl\u00e9ses \u00e9s endurance versenyekhez, itt egy nagyon j\u00f3 kompromisszumot tal\u00e1l. Konzolos oldalon ez kev\u00e9sb\u00e9 term\u00e9szetes; egy tiszt\u00e1n konzolos j\u00e1t\u00e9kos sz\u00e1m\u00e1ra gyakran m\u00e1s, k\u00f6zvetlenebb\u00fcl kompatibilis megold\u00e1soknak lesz t\u00f6bb \u00e9rtelme.<\/p>\n<p>Ami k\u00fcl\u00f6n\u00f6sen tetszik, az a csomag \u00e1ltal\u00e1nos egyens\u00falya. Az alapj\u00e1ratnak el\u00e9g nyomat\u00e9ka van ahhoz, hogy az \u00e9rz\u00e9s hiteles legyen, a KS korm\u00e1ny t\u00f6k\u00e9letesen alkalmazkodik a legn\u00e9pszer\u0171bb szak\u00e1gakhoz (GT3, GT4, modern egy\u00fcl\u00e9ses aut\u00f3k, s\u0151t aszfaltos szemmel n\u00e9zve m\u00e9g a modern rali is), a szoftver pedig lehet\u0151v\u00e9 teszi a finomhangol\u00e1st an\u00e9lk\u00fcl, hogy elveszn\u00e9nk. Az \u00e9rz\u00e9sek \/ m\u00e9ret \/ \u00e1r ar\u00e1ny j\u00f3l poz\u00edcion\u00e1lt. Az az \u00e9rz\u00e9sed, hogy val\u00f3di min\u0151s\u00e9gi ugr\u00e1st teszel egy egyszer\u0171bb be\u00e1ll\u00edt\u00e1shoz k\u00e9pest, an\u00e9lk\u00fcl, hogy mindent \u00fajra kellene tanulnod, vagy mindent t\u00falm\u00e9retezned a pil\u00f3taf\u00fclk\u00e9ben.<\/p>\n<p>Amikor a korl\u00e1tokr\u00f3l van sz\u00f3, vil\u00e1gosan kell fogalmaznunk. Az R9 V2 teljes\u00edtm\u00e9nye, b\u00e1r a legt\u00f6bb j\u00e1t\u00e9kos sz\u00e1m\u00e1ra t\u00f6bb mint elegend\u0151, nem fogja kiel\u00e9g\u00edteni azokat, akik felt\u00e9tlen\u00fcl extr\u00e9m nyomat\u00e9kkal \u00e9s ultra durva effektekkel akarnak vezetni. A KS korm\u00e1nyker\u00e9k, amely nagyon GT-orient\u00e1lt, nem lesz ide\u00e1lis v\u00e1laszt\u00e1s a rally vagy drift purist\u00e1k sz\u00e1m\u00e1ra, akik tal\u00e1n egy hagyom\u00e1nyosabb, kerek korm\u00e1nykereket r\u00e9szes\u00edten\u00e9nek el\u0151nyben. A PC-s orient\u00e1ci\u00f3 pedig n\u00e9h\u00e1ny megold\u00e1s ellen\u00e9re cs\u00f6kkenti az \u00e9rdekl\u0151d\u00e9st a csak konzolokon aut\u00f3z\u00f3 j\u00e1t\u00e9kosok sz\u00e1m\u00e1ra.<\/p>\n<p>A beruh\u00e1z\u00e1s szempontj\u00e1b\u00f3l ez nem egy jelent\u00e9ktelen term\u00e9k, de m\u00e9g mindig versenyk\u00e9pes ahhoz k\u00e9pest, amit k\u00edn\u00e1l. Az \u00e9rz\u00e9kelt \u00e9rt\u00e9k j\u00f3: az embernek az az \u00e9rz\u00e9se, hogy egy olyan alapot v\u00e1s\u00e1rol, amelyet t\u00f6bb \u00e9vig meg fog tartani, sokoldal\u00fa korm\u00e1nyker\u00e9kkel \u00e9s egy olyan \u00f6kosziszt\u00e9m\u00e1val, amely teret enged a t\u00f6bbi be\u00e1ll\u00edt\u00e1s fejleszt\u00e9s\u00e9re (ped\u00e1lok, v\u00e1lt\u00f3, m\u00e1sodik, karakteresebb korm\u00e1nyker\u00e9k stb.). Annak, aki a szimul\u00e1toros versenyz\u00e9st val\u00f3di hobbinak tekinti, ennek a csomagnak van \u00e9rtelme.<\/p>\n<h2>\u00cdt\u00e9let<\/h2>\n<p>A MOZA R9 V2 + KS korm\u00e1nyker\u00e9k csomag mindenekel\u0151tt egy dolgot v\u00e1ltoztat meg: a \"sz\u00e9p\" setupot a komoly, rendszeres, ig\u00e9nyes, progresszi\u00f3-orient\u00e1lt haszn\u00e1latra k\u00e9pes setupok kateg\u00f3ri\u00e1j\u00e1ba emeli. Magunk m\u00f6g\u00f6tt hagytuk a sz\u00edjhajt\u00e1s\u00fa alapokra jellemz\u0151 kompromisszumok vil\u00e1g\u00e1t, \u00e9s bel\u00e9pt\u00fcnk a tiszta, ropog\u00f3s, prec\u00edz Direct Drive vil\u00e1g\u00e1ba, a nagy, ultraer\u0151s modellek n\u00e9ha felesleges er\u0151szakoss\u00e1ga n\u00e9lk\u00fcl.<\/p>\n<p>A piacon ez a komb\u00f3 egy\u00e9rtelm\u0171en egy szil\u00e1rd k\u00f6z\u00e9pkateg\u00f3ri\u00e1s term\u00e9k, pr\u00e9mium \u00e9rz\u00e9ssel \u00e9s kivitelez\u00e9ssel. Nem egy felfedez\u0151 term\u00e9k, \u00e9s nem is az ultra-rajong\u00f3k t\u00e9veszm\u00e9je, akik b\u00e1rmit hajland\u00f3ak megtenni n\u00e9h\u00e1ny plusz sz\u00e1zal\u00e9knyi realizmus\u00e9rt. Ez egy sarkalatos pont: egy olyan alap, amelyet az elk\u00f6vetkez\u0151 \u00e9vekre a be\u00e1ll\u00edt\u00e1sod sz\u00edv\u00e9nek v\u00e1laszthatsz, \u00e9s a t\u00f6bbit e k\u00f6r\u00e9 fejlesztheted.<\/p>\n<p>Azoknak aj\u00e1nlan\u00e1m, akik f\u0151k\u00e9nt PC-n vezetnek, akik rendszeresen szimul\u00e1toros versenyz\u00e9ssel foglalkoznak, \u00e9s akik k\u00f6vetkezetes, modern, fejleszthet\u0151 hardvert szeretn\u00e9nek. Az alkalmi konzolj\u00e1t\u00e9kosoknak vagy a nyers teljes\u00edtm\u00e9nym\u00e1ni\u00e1soknak nem biztos, hogy ez a legjobb v\u00e1laszt\u00e1s.<\/p>\n<p>Ha olyan Direct Drive-ot keresel, amely kompakt, prec\u00edz, k\u00f6nnyen kezelhet\u0151, \u00e9s k\u00e9pes egy\u00e9rtelm\u0171en jav\u00edtani a p\u00e1ly\u00e1n val\u00f3 \u00e9rz\u00e9sedet \u00e9s magabiztoss\u00e1godat, akkor ez a term\u00e9k mindent megv\u00e1ltoztathat a be\u00e1ll\u00edt\u00e1saidban.<\/p>","protected":false},"excerpt":{"rendered":"<p>Ez a csomag val\u00f3ban azt a benyom\u00e1st kelti, mintha egy \"komoly\" szimul\u00e1toros versenyz\u0151i be\u00e1ll\u00edt\u00e1sra friss\u00edten\u00e9l: az \u00e9rz\u00e9s tiszta, olvashat\u00f3 \u00e9s el\u00e9g fizikai an\u00e9lk\u00fcl, hogy f\u00e1raszt\u00f3 vagy megf\u00e9leml\u00edt\u0151 lenne. Van \u00e9rtelme a rendszeres PC-s sim-versenyz\u0151k sz\u00e1m\u00e1ra, akik sz\u00edjhajt\u00e1s\u00fa alapb\u00f3l vagy egy kis Direct Drive-b\u00f3l \u00e9rkeznek, \u00e9s egy koherens, fejleszthet\u0151 \u00e9s tart\u00f3s csomagot szeretn\u00e9nek, an\u00e9lk\u00fcl, hogy t\u00falz\u00e1sba esn\u00e9nek.<\/p>","protected":false},"featured_media":101512,"comment_status":"open","ping_status":"closed","template":"","meta":{"_acf_changed":false,"_et_pb_use_builder":"","_et_pb_old_content":"","_et_gb_content_width":""},"product_brand":[165],"product_cat":[161],"product_tag":[149],"class_list":{"0":"post-101511","1":"product","2":"type-product","3":"status-publish","4":"has-post-thumbnail","6":"product_brand-moza-racing","7":"product_cat-volant","8":"product_tag-pc","10":"first","11":"instock","12":"shipping-taxable","13":"product-type-external"},"acf":[],"_links":{"self":[{"href":"https:\/\/simracergear.com\/hu\/wp-json\/wp\/v2\/product\/101511","targetHints":{"allow":["GET"]}}],"collection":[{"href":"https:\/\/simracergear.com\/hu\/wp-json\/wp\/v2\/product"}],"about":[{"href":"https:\/\/simracergear.com\/hu\/wp-json\/wp\/v2\/types\/product"}],"replies":[{"embeddable":true,"href":"https:\/\/simracergear.com\/hu\/wp-json\/wp\/v2\/comments?post=101511"}],"wp:featuredmedia":[{"embeddable":true,"href":"https:\/\/simracergear.com\/hu\/wp-json\/wp\/v2\/media\/101512"}],"wp:attachment":[{"href":"https:\/\/simracergear.com\/hu\/wp-json\/wp\/v2\/media?parent=101511"}],"wp:term":[{"taxonomy":"product_brand","embeddable":true,"href":"https:\/\/simracergear.com\/hu\/wp-json\/wp\/v2\/product_brand?post=101511"},{"taxonomy":"product_cat","embeddable":true,"href":"https:\/\/simracergear.com\/hu\/wp-json\/wp\/v2\/product_cat?post=101511"},{"taxonomy":"product_tag","embeddable":true,"href":"https:\/\/simracergear.com\/hu\/wp-json\/wp\/v2\/product_tag?post=101511"}],"curies":[{"name":"wp","href":"https:\/\/api.w.org\/{rel}","templated":true}]}}