{"id":101515,"date":"2025-05-15T08:12:00","date_gmt":"2025-05-15T08:12:00","guid":{"rendered":"https:\/\/simracergear.com\/products\/moza-r9-v2-rs-v2-bundle\/"},"modified":"2025-11-28T04:39:02","modified_gmt":"2025-11-28T04:39:02","slug":"moza-r9-v2-rs-v2-bundle","status":"publish","type":"product","link":"https:\/\/simracergear.com\/hu\/products\/moza-r9-v2-rs-v2-bundle\/","title":{"rendered":"MOZA R9 V2 \u00e9s RS V2 csomag"},"content":{"rendered":"<h2>MOZA R9 V2 &amp; RS V2 csomag: komoly bel\u00e9p\u00e9si lehet\u0151s\u00e9g a Direct Drive-ba<\/h2>\n<p>A MOZA R9 V2 &amp; RS V2 csomag egy\u00e9rtelm\u0171en a PC-s szimul\u00e1torversenyek piac\u00e1nak sz\u00edv\u00e9t c\u00e9lozza meg: azokat, akik szeretn\u00e9nek Direct Drive-ra v\u00e1ltani an\u00e9lk\u00fcl, hogy t\u00falz\u00e1sba vinn\u00e9k a nyomat\u00e9kot, vagy megt\u00f6rn\u00e9k a k\u00f6lts\u00e9gvet\u00e9st. Egy 9 Nm-es alapr\u00f3l besz\u00e9l\u00fcnk, egy j\u00f3 \u00e1tm\u00e9r\u0151j\u0171 GT-t\u00edpus\u00fa korm\u00e1nyker\u00e9kkel, amely ink\u00e1bb a sokoldal\u00fas\u00e1gra, mint a hardcore egy\u00fcl\u00e9ses versenyz\u00e9sre van kihegyezve.<\/p>\n<p>Ez a kombin\u00e1ci\u00f3 mindenekel\u0151tt h\u00e1rom dolgot \u00edg\u00e9r: tiszta, pontos er\u0151visszacsatol\u00e1st, egy kompakt csomagot, amely nem ig\u00e9nyel tenger\u00e9szeti ac\u00e9lb\u00f3l k\u00e9sz\u00fclt pil\u00f3taf\u00fclk\u00e9t, \u00e9s egy koherens \u00f6kosziszt\u00e9m\u00e1t a tov\u00e1bbi fejleszt\u00e9sekhez. Vonz\u00f3, mert pont a r\u00e9gi sz\u00edjhajt\u00e1s\u00fa szettek \u00e9s a merevs\u00e9g szempontj\u00e1b\u00f3l igen ig\u00e9nyes nagy Direct Drives k\u00f6z\u00f6tt helyezkedik el.<\/p>\n<p>A magam r\u00e9sz\u00e9r\u0151l egyszer\u0171 szemsz\u00f6gb\u0151l k\u00f6zel\u00edtem meg: ez a csomag val\u00f3ban megv\u00e1ltoztatja a rep\u00fcl\u00e9s m\u00f3dj\u00e1t egy bel\u00e9p\u0151szint\u0171 modellhez k\u00e9pest, \u00e9s meg\u00e1llja a hely\u00e9t a piacon l\u00e9v\u0151 t\u00f6bbi k\u00f6z\u00e9pkateg\u00f3ri\u00e1s DD-vel szemben? Az \u00e9rz\u00e9kelt min\u0151s\u00e9get, az FFB finoms\u00e1g\u00e1t, a hossz\u00fa \u00fcl\u00e9sek sor\u00e1n a k\u00e9nyelmet, de a k\u00f6nny\u0171 felszerelhet\u0151s\u00e9get \u00e9s be\u00e1ll\u00edthat\u00f3s\u00e1got is vizsg\u00e1lom.<\/p>\n<p>Ezt a term\u00e9ket gyakori, hossz\u00fa t\u00e1v\u00fa haszn\u00e1latra tervezt\u00e9k, an\u00e9lk\u00fcl, hogy minden egyes j\u00e1t\u00e9k ind\u00edt\u00e1sa fejf\u00e1j\u00e1st okozna. Az \u00edg\u00e9ret egy\u00e9rtelm\u0171: egy kompakt, komoly Direct Drive, amely m\u00e9gis haszn\u00e1lhat\u00f3 \u00e9s \u00e9lvezhet\u0151 a mindennapokban. Azt m\u00e9g meg kell n\u00e9zni, hogy az \u00e9rz\u00e9sek val\u00f3ban megfelelnek-e a technikai specifik\u00e1ci\u00f3knak.<\/p>\n<h2>Tervez\u00e9s \u00e9s gy\u00e1rt\u00e1s: kompakt, tiszta \u00e9s megnyugtat\u00f3.<\/h2>\n<p>Az R9 V2 alaplap k\u00e9zben tartva azonnal a szil\u00e1rds\u00e1g benyom\u00e1s\u00e1t kelti. A f\u00e9mv\u00e1z bizalmat sugall, a j\u00f3zan, d\u00edsztelen, de letisztult kivitelez\u00e9ssel. Kompakt \u00e9s t\u00f6m\u00f6r, \u00e9s \u00e9rezni a motor belsej\u00e9t, an\u00e9lk\u00fcl, hogy a kezedben \u00fcregesedne vagy \"olcs\u00f3\" hangot adna. Egy asztali telep\u00edt\u00e9shez vagy k\u00f6nny\u0171 pil\u00f3taf\u00fclk\u00e9hez ez a t\u00f6m\u00f6rs\u00e9g egy\u00e9rtelm\u0171en nagy el\u0151ny.<\/p>\n<p>Az RS V2 korm\u00e1nyker\u00e9k a sokoldal\u00fa GT-k\u00e1rty\u00e1t j\u00e1tssza ki. A korona j\u00f3l m\u00e9retezett, nem t\u00fal v\u00e9kony \u00e9s nem is t\u00fal vastag, a markolat j\u00f3l fekszik a k\u00e9zben. A burkolat f\u00e9m \u00e9s szintetikus anyagok kever\u00e9ke, \u00f6sszess\u00e9g\u00e9ben egy j\u00f3l \u00f6sszeszerelt term\u00e9k benyom\u00e1s\u00e1t kelti. A gombok j\u00f3l \u00e9rz\u0151dnek az ujjak alatt, a lap\u00e1tok pedig el\u00e9g tiszt\u00e1k \u00e9s hat\u00e1rozottan, hogy tiszta kattint\u00e1st adjanak an\u00e9lk\u00fcl, hogy t\u00fal zajosak lenn\u00e9nek.<\/p>\n<p>Ami meglep\u0151, az az alap \u00e9s a korm\u00e1nyker\u00e9k k\u00f6z\u00f6tti kapcsol\u00f3d\u00e1si pont merevs\u00e9ge. A QR (gyorskiold\u00f3 rendszer) j\u00f3l r\u00f6gz\u00fcl, norm\u00e1l vezet\u00e9si k\u00f6r\u00fclm\u00e9nyek k\u00f6z\u00f6tt nincs \u00e9rz\u00e9kelhet\u0151 j\u00e1t\u00e9ka. Ezen a ponton nagyon k\u00f6zel vagyunk ahhoz, amit m\u00e1s j\u00f3l bev\u00e1lt m\u00e1rk\u00e1k ebben a tartom\u00e1nyban k\u00edn\u00e1lnak.<\/p>\n<p>Ahol egy kicsit csal\u00f3d\u00e1st okoz, az a korm\u00e1nyker\u00e9k vizu\u00e1lis kivitel\u00e9nek bizonyos r\u00e9szletei. Nem vagyunk egy nagyon fels\u0151 kateg\u00f3ri\u00e1s pr\u00e9mium korm\u00e1nyker\u00e9k szintj\u00e9n, sem az anyagok, sem a bor\u00edt\u00e1s kifinomults\u00e1ga tekintet\u00e9ben. Haszn\u00e1lat k\u00f6zben nincs mi\u00e9rt agg\u00f3dni, de a k\u00e9nyesebbek \u00e9szreveszik a k\u00fcl\u00f6nbs\u00e9get.<\/p>\n<p>Egy bel\u00e9p\u0151 szint\u0171 fogaskerekes vagy sz\u00edjhajt\u00e1s\u00fa egys\u00e9ggel \u00f6sszehasonl\u00edtva az R9 V2 \u00e9rz\u00e9kelt min\u0151s\u00e9ge egy\u00e9rtelm\u0171en jobb: ink\u00e1bb t\u0171nik \"vezet\u00e9si eszk\u00f6znek\", mint tov\u00e1bbfejlesztett j\u00e1t\u00e9knak. A dr\u00e1g\u00e1bb Direct Drive alapokkal \u00f6sszehasonl\u00edtva az R9 V2 meg\u00e1llja a hely\u00e9t a konstrukci\u00f3 tekintet\u00e9ben, mik\u00f6zben kompaktabb \u00e9s k\u00f6nnyebben elf\u00e9r kis helyen.<\/p>\n<h2>Be\u00e1ll\u00edt\u00e1sok, testreszab\u00e1s \u00e9s kompatibilit\u00e1s: hozz\u00e1f\u00e9rhet\u0151, de \u00e1tfog\u00f3<\/h2>\n<p>A szoftveres oldalon a MOZA meglehet\u0151sen \u00e1ttekinthet\u0151 fel\u00fcletet k\u00edn\u00e1l, a nyomat\u00e9k, a kem\u00e9nys\u00e9g, a sz\u0171r\u0151k \u00e9s az \u00e1ltal\u00e1nos FFB-\u00e9rz\u00e9kenys\u00e9g cs\u00faszk\u00e1ival. A klasszikus be\u00e1ll\u00edt\u00e1sok (\u00e1ltal\u00e1nos er\u0151, csillap\u00edt\u00e1s, s\u00farl\u00f3d\u00e1s, tehetetlens\u00e9g, \u00fathat\u00e1sok) olyan elrendez\u00e9ssel vannak megadva, amely k\u00f6nnyen olvashat\u00f3 marad azok sz\u00e1m\u00e1ra is, akik nem szoktak \u00f3r\u00e1kon \u00e1t a profilokkal babr\u00e1lni.<\/p>\n<p>Az egyes j\u00e1t\u00e9kokhoz tartoz\u00f3 el\u0151be\u00e1ll\u00edt\u00e1sok sokat seg\u00edtenek. Kezdhet egy adott szimul\u00e1torra jellemz\u0151 profillal, majd finom\u00edthatja azt a saj\u00e1t st\u00edlus\u00e1nak megfelel\u0151en. Az igaz\u00e1n hasznos be\u00e1ll\u00edt\u00e1sok az \u00e9n szempontomb\u00f3l az \u00e1ltal\u00e1nos er\u0151ss\u00e9g, a csillap\u00edt\u00e1s \u00e9s a nagyon magas frekvenci\u00e1k sz\u0171r\u00e9s\u00e9nek m\u00f3dja. Itt az alapot ahhoz igaz\u00edtod, amit a pil\u00f3taf\u00fclk\u00e9d \u00e9s a karjaid elb\u00edrnak. Kaphat egy nagyon k\u00f6zvetlen, meglehet\u0151sen durva vezet\u00e9st, vagy \u00e9ppen ellenkez\u0151leg, egy l\u00e1gyabb, progressz\u00edvebb vezet\u00e9st.<\/p>\n<p>A tanul\u00e1si g\u00f6rbe tov\u00e1bbra is \u00e9sszer\u0171. A rajong\u00f3k sz\u00e1m\u00e1ra rengeteg finomhangolnival\u00f3 van, de nem fulladsz bele a hom\u00e1lyos kifejez\u00e9sekbe. N\u00e9h\u00e1ny \u00fcl\u00e9s alatt megtal\u00e1lod a \"napi\" profilt, amely a legt\u00f6bb komolyabb versenyj\u00e1t\u00e9knak megfelel.<\/p>\n<p>Ami a kompatibilit\u00e1st illeti, ez a csomag egy\u00e9rtelm\u0171en a PC-t c\u00e9lozza meg. Ez az a pont, ahol a be\u00e1ll\u00edt\u00e1sok, a firmware-friss\u00edt\u00e9sek \u00e9s a MOZA \u00f6kosziszt\u00e9ma teljes k\u00f6r\u0171 kezel\u00e9s\u00e9vel igaz\u00e1n kiteljesedik. Konzolokon a helyzet nagyban f\u00fcgg a t\u00e1mogat\u00e1st\u00f3l \u00e9s a dedik\u00e1lt m\u00f3d jelenl\u00e9t\u00e9t\u0151l m\u00e1s hardvereken kereszt\u00fcl: a cikk \u00edr\u00e1sakor els\u0151sorban PC-orient\u00e1lt term\u00e9knek kell tekinteni.<\/p>\n<p>A MOZA \u00f6kosziszt\u00e9ma m\u00e1r j\u00f3l ki\u00e9p\u00edtett, m\u00e1s korm\u00e1nykerekekkel (GT, F1-szer\u0171, rally), ped\u00e1lokkal, v\u00e1lt\u00f3karokkal, k\u00e9zif\u00e9kekkel \u00e9s m\u0171szerfalakkal. Ez egy koherens bel\u00e9p\u00e9si pont egy teljes be\u00e1ll\u00edt\u00e1s kialak\u00edt\u00e1s\u00e1hoz, vagy fokozatos friss\u00edt\u00e9shez. Az R9 V2 tart\u00f3s alap a motorosok t\u00f6bbs\u00e9g\u00e9nek: el\u00e9g er\u0151s ahhoz, hogy ne korl\u00e1tozz\u00e1k t\u00fal gyorsan, an\u00e9lk\u00fcl, hogy t\u00falz\u00e1sba vinn\u00e9 a 15 Nm-es vagy ann\u00e1l nagyobb fordulatsz\u00e1mot, amihez nagyon er\u0151s cockpitre lenne sz\u00fcks\u00e9g. Sokak sz\u00e1m\u00e1ra ez ink\u00e1bb egy hossz\u00fa t\u00e1v\u00fa \"\u00e9des pont\" lesz, mint egy egyszer\u0171 ugr\u00f3deszka.<\/p>\n<h2>J\u00e1t\u00e9k k\u00f6zbeni \u00e9rz\u00e9sek: egy Direct Drive, amely vil\u00e1gosan, brutalit\u00e1s n\u00e9lk\u00fcl besz\u00e9l<\/h2>\n<p>A p\u00e1ly\u00e1n az els\u0151 dolog, ami felt\u0171nik, a visszajelz\u00e9sek tisztas\u00e1ga. \u00c9rezhet\u0151, hogy ez egy Direct Drive: az FFB k\u00f6zvetlen\u00fcl a motort\u00f3l a korm\u00e1nyker\u00e9khez megy, nincs k\u00f6ztes sz\u00edj, amely lekerek\u00edtene vagy elt\u00f6r\u00f6lne bizonyos r\u00e9szleteket. A kanyarod\u00e1s k\u00f6zbeni terhel\u00e9s mikro-v\u00e1ltoz\u00e1sai tiszt\u00e1n, megnyugtat\u00f3 folyamatoss\u00e1ggal \u00e9rkeznek. Gyorsan meg\u00e9rti, mit csin\u00e1l az aut\u00f3.<\/p>\n<p>A fog\u00e1s\/cs\u00fasz\u00e1s \u00e1tmenet\u00e9nek pontoss\u00e1ga igaz\u00e1n \u00e9rdekes ebben a tartom\u00e1nyban. Amikor az eleje sz\u00e9lesedni kezd, a korm\u00e1nyker\u00e9k enyhe s\u00falyveszt\u00e9se egy\u00e9rtelm\u0171en \u00e9rezhet\u0151, \u00e9rz\u00e9kelhet\u0151 k\u00e9sleltet\u00e9s n\u00e9lk\u00fcl. Ezzel szemben, amikor az eleje felakad, a nyomat\u00e9k teljesen term\u00e9szetesen t\u00e9r vissza. Nem ultra brut\u00e1lis, de egyenes vonalvezet\u00e9s\u0171. Magabiztoss\u00e1got nyer, mert pontosan tudja, mi t\u00f6rt\u00e9nik a gumik alatt.<\/p>\n<p>A vibr\u00e1torok meggy\u0151z\u0151ek. Meg lehet k\u00fcl\u00f6nb\u00f6ztetni a nagy, agressz\u00edv vibr\u00e1torokat, amelyeket el kell ker\u00fclnie, \u00e9s a laposabbakat, amelyekbe t\u00fal nagy kock\u00e1zat n\u00e9lk\u00fcl beleharaphat. N\u00e9h\u00e1ny p\u00e1ly\u00e1n j\u00f3l l\u00e1tszanak az er\u0151sen textur\u00e1lt \u00e9lek, kiss\u00e9 szemcs\u00e9s \u00e9rz\u00e9ssel, ami mechanikus \u00e9rintkez\u00e9sre eml\u00e9keztet, nem csak mesters\u00e9ges vibr\u00e1ci\u00f3ra. Itt az alap egy\u00e9rtelm\u0171en min\u0151s\u00e9gi ugr\u00e1st tesz egy fogaskerekes vagy kissz\u00edjas lendker\u00e9khez k\u00e9pest.<\/p>\n<p>Gyors korrekci\u00f3k eset\u00e9n az R9 V2 j\u00f3l k\u00f6veti a mozg\u00e1st. Amikor a h\u00e1ts\u00f3 megakad, \u00e9s fel kell z\u00e1rk\u00f3znia, az alap gyorsan, t\u00falzott tehetetlens\u00e9g n\u00e9lk\u00fcl reag\u00e1l. A maxim\u00e1lis nyomat\u00e9kb\u00f3l egy kicsit elengedhetsz, hogy a kezelhet\u0151s\u00e9get inform\u00e1ci\u00f3veszt\u00e9s n\u00e9lk\u00fcl fenntartsd. A motornak el\u00e9g \u00fct\u0151ereje van ahhoz, hogy \u00e9letet vigyen a korm\u00e1nyker\u00e9kbe, de nem annyira, hogy minden ellenkorm\u00e1nyz\u00e1s fizikailag vagy f\u00e1jdalmasan f\u00e1jdalmas legyen.<\/p>\n<p>Hossz\u00fa munkamenetek sor\u00e1n a k\u00f6vetkezetess\u00e9g a nap parancsa. Nincs \u00e9szrevehet\u0151 v\u00e1ltoz\u00e1s a viselked\u00e9sben, amikor meleg, \u00e9s nincs \u00e9szrevehet\u0151 er\u0151cs\u00f6kken\u00e9s egy id\u0151 ut\u00e1n. A korl\u00e1toz\u00f3 t\u00e9nyez\u0151 ink\u00e1bb a felhaszn\u00e1l\u00f3b\u00f3l (karf\u00e1radts\u00e1g, pil\u00f3taf\u00fclke k\u00e9nyelme), mint mag\u00e1b\u00f3l az alapb\u00f3l fakad. Az er\u0151t a m\u00e9retedhez igaz\u00edtva t\u00f6bb \u00f3r\u00e1n kereszt\u00fcl is motorozhatsz an\u00e9lk\u00fcl, hogy \"megt\u00f6rtnek\" \u00e9rezn\u00e9d magad.<\/p>\n<p>Egy kev\u00e9sb\u00e9 er\u0151s vagy sz\u00edjhajt\u00e1s\u00fa alaphoz k\u00e9pest az el\u0151ny els\u0151sorban az inform\u00e1ci\u00f3 finoms\u00e1g\u00e1ban \u00e9s az er\u0151k linearit\u00e1s\u00e1ban rejlik. Nincs t\u00f6bb\u00e9 a k\u00f6z\u00e9ppont k\u00f6r\u00fcl a \"holt z\u00f3na\" \u00e9rz\u00e9se, vagy a kis terhel\u00e9s\u00e1tvitelek elmos\u00f3dott l\u00e1tv\u00e1nya. A vezet\u00e9s pontosabb\u00e1 v\u00e1lik, k\u00fcl\u00f6n\u00f6sen a kanyarokba val\u00f3 bel\u00e9p\u00e9skor \u00e9s a kanyarokban, ahol a tapad\u00e1s gyorsan v\u00e1ltozik.<\/p>\n<p>Az er\u0151sebb alapokkal szemben az R9 V2 logikusan kev\u00e9sb\u00e9 leny\u0171g\u00f6z\u0151, ha a tiszta maxim\u00e1lis nyomat\u00e9kr\u00f3l van sz\u00f3. Meg lehet nyomni, de a legt\u00f6bb motoros sz\u00e1m\u00e1ra a \"kontroll\u00e1lhat\u00f3\" z\u00f3n\u00e1ban marad. N\u00e9h\u00e1nyan, akik nagyon nagy DD-khez vannak szokva, sajn\u00e1lhatj\u00e1k a nyers er\u0151 hi\u00e1ny\u00e1t bizonyos extr\u00e9m helyzetekben, de a GT, t\u00fara \u00e9s proto t\u00f6bbc\u00e9l\u00fa haszn\u00e1latban ez gyakran el\u0151ny: egy k\u00e9nyelmes, haszn\u00e1lhat\u00f3 tartom\u00e1nyban maradsz, an\u00e9lk\u00fcl, hogy minden hiba fizikai k\u00fczdelemm\u00e9 v\u00e1lna.<\/p>\n<p>\u00d6sszess\u00e9g\u00e9ben az \u00e9rz\u00e9sek vil\u00e1gosak, kisz\u00e1m\u00edthat\u00f3ak \u00e9s kell\u0151en r\u00e9szletesek maradnak ahhoz, hogy lehet\u0151v\u00e9 tegy\u00e9k az el\u0151rehalad\u00e1st. Ez nem egy mutat\u00f3s FFB, amely a demonstr\u00e1ci\u00f3 kedv\u00e9\u00e9rt pofon v\u00e1gja az arcodat. Ehelyett ez egy olyan eszk\u00f6z, amely hasznos inform\u00e1ci\u00f3kat ny\u00fajt egy vil\u00e1gos hierarchi\u00e1ban. Az alap val\u00f3ban megv\u00e1ltoztatja az \u00e9lm\u00e9nyt, k\u00fcl\u00f6n\u00f6sen, ha egy bel\u00e9p\u0151 szint\u0171 korm\u00e1nyr\u00f3l \u00e9rkezik.<\/p>\n<h2>Kinek sz\u00f3l? Mit szeret\u00fcnk, mit nem szeret\u00fcnk<\/h2>\n<p>A MOZA R9 V2 \u00e9s RS V2 csomag els\u0151sorban a k\u00f6z\u00e9phalad\u00f3 vagy motiv\u00e1lt PC-s szimul\u00e1torosoknak sz\u00f3l, akik komolyan \u00e1t akarnak \u00e1llni a Direct Drive-ra. Ide\u00e1lis, ha m\u00e1r elt\u00f6lt\u00f6tt\u00e9l n\u00e9h\u00e1ny \u00f3r\u00e1t szimul\u00e1toros versenyj\u00e1t\u00e9kokkal, \u00e9s hossz\u00fa t\u00e1von pontosabb, megb\u00edzhat\u00f3bb hardvert szeretn\u00e9l, an\u00e9lk\u00fcl, hogy sz\u00e9ls\u0151s\u00e9gekbe esn\u00e9l. Egy motiv\u00e1lt, kis k\u00f6lts\u00e9gvet\u00e9s\u0171 kezd\u0151 sz\u00e1m\u00e1ra is kiv\u00e1l\u00f3 els\u0151 v\u00e1s\u00e1rl\u00e1s lehet, felt\u00e9ve, hogy elfogadja az arcade ker\u00e9kn\u00e9l ig\u00e9nyesebb FFB tanul\u00e1si g\u00f6rb\u00e9t.<\/p>\n<p>Amit igaz\u00e1n szeretek, az a hatalom \u00e9s az ir\u00e1ny\u00edt\u00e1s k\u00f6z\u00f6tti egyens\u00faly. Van el\u00e9g nyomat\u00e9k ahhoz, hogy intenz\u00edven \u00e9rezz\u00fck az aut\u00f3t, an\u00e9lk\u00fcl, hogy drasztikusan cs\u00f6kkenteni kellene a teljes\u00edtm\u00e9nyt, hogy k\u00e9nyelmes maradjon. Ezut\u00e1n a visszajelz\u00e9sek \u00e1ltal\u00e1nos min\u0151s\u00e9ge nagyon meggy\u0151z\u0151: a r\u00e9szletek jelen vannak, de nem nyomj\u00e1k el \u0151ket a k\u00fcls\u0151 zajok. V\u00e9g\u00fcl a MOZA \u00f6kosziszt\u00e9ma teszi az eg\u00e9szet koherenss\u00e9: hozz\u00e1adhat egy ped\u00e1lt, egy v\u00e1lt\u00f3t vagy egy m\u00e1sik korm\u00e1nykereket an\u00e9lk\u00fcl, hogy a null\u00e1r\u00f3l kellene kezdenie.<\/p>\n<p>Ami a korl\u00e1toz\u00e1sokat illeti, az els\u0151 a PC-orient\u00e1ci\u00f3b\u00f3l ad\u00f3dik. Ha f\u0151k\u00e9nt konzolos telep\u00edt\u00e9st keres, akkor ez nem a legjobban plug and play vagy a legjobban integr\u00e1lt csomag a piacon. M\u00e1sodszor, az RS V2 korm\u00e1nyker\u00e9k, b\u00e1r j\u00f3l v\u00e9gzi a dolg\u00e1t, nem adja azt a \"luxus\" \u00e9rz\u00e9st, amit a nagyon pr\u00e9mium modellekn\u00e9l tal\u00e1lunk: massz\u00edv \u00e9s komoly, de nem ultra kifinomult. Harmadszor, ha m\u00e1r hozz\u00e1szokt\u00e1l a nagyon er\u0151s alrendszerekhez, akkor a maxim\u00e1lis nyomat\u00e9kot egy kicsit t\u00fal alacsonynak tal\u00e1lhatod n\u00e9h\u00e1ny nagyon fizikai aut\u00f3\/p\u00e1lya kombin\u00e1ci\u00f3n\u00e1l.<\/p>\n<p>A beruh\u00e1z\u00e1s szempontj\u00e1b\u00f3l egy\u00e9rtelm\u0171en j\u00f3 \u00e1r-\u00e9rt\u00e9k ar\u00e1ny\u00fa. A csomag nem j\u00e1tssza ki a fapados k\u00e1rty\u00e1t: ez egy megfontolt v\u00e1s\u00e1rl\u00e1s, jelent\u0151s k\u00f6lts\u00e9gvet\u00e9s\u0171 szabadid\u0151s tev\u00e9kenys\u00e9g. De a tapint\u00e1s, az \u00f6kosziszt\u00e9ma lehets\u00e9ges fejl\u0151d\u00e9se \u00e9s az \u00e9rz\u00e9kelt tart\u00f3ss\u00e1g szempontj\u00e1b\u00f3l az \u00e9rt\u00e9k megvan annak, aki rendszeresen motorozik. Egy szimul\u00e1toros sz\u00e1m\u00e1ra, aki komoly be\u00e1ll\u00edt\u00e1sra v\u00e1gyik an\u00e9lk\u00fcl, hogy teljes m\u00e9rt\u00e9kben profi lenne, az egyenlet el\u00e9g szil\u00e1rd.<\/p>\n<h2>\u00cdt\u00e9let: egy nagyon komoly \"sweet spot\" a Direct Drive-ra val\u00f3 \u00e1t\u00e1ll\u00e1shoz<\/h2>\n<p>A MOZA R9 V2 &amp; RS V2 csomag val\u00f3di k\u00fcl\u00f6nbs\u00e9get jelent a be\u00e1ll\u00edt\u00e1sok k\u00f6z\u00f6tt, mivel a bel\u00e9p\u0151 szint\u0171 megold\u00e1sokn\u00e1l tiszt\u00e1bb, vil\u00e1gosabb \u00e9s mindenekel\u0151tt koherensebb FFB-t biztos\u00edt. Az alap a motoroz\u00e1s \u00e9lm\u00e9ny\u00e9nek k\u00f6zpontj\u00e1v\u00e1 v\u00e1lik, elegend\u0151 szil\u00e1rds\u00e1ggal rendelkezik minden t\u00edpus\u00fa sport\u00e1ghoz an\u00e9lk\u00fcl, hogy monstre merev be\u00e1ll\u00edt\u00e1sra lenne sz\u00fcks\u00e9g.<\/p>\n<p>A mai piacon egy\u00e9rtelm\u0171en szil\u00e1rd k\u00f6z\u00e9pkateg\u00f3ri\u00e1s term\u00e9kk\u00e9nt poz\u00edcion\u00e1lt\u00e1k, de \"pivot\" be\u00e1ll\u00edt\u00e1si orient\u00e1ci\u00f3val: el\u00e9g magas min\u0151s\u00e9g ahhoz, hogy ne akarjon gyorsan v\u00e1ltani, mik\u00f6zben el\u00e9rhet\u0151 marad a teljes\u00edtm\u00e9ny, a m\u00e9ret \u00e9s az integr\u00e1ci\u00f3 szempontj\u00e1b\u00f3l. Nem ez a legl\u00e1tv\u00e1nyosabb komb\u00f3, de \u00e9ppen ez teszi hiteles opci\u00f3v\u00e1 a gyakori motoroz\u00e1shoz.<\/p>\n<p>K\u00fcl\u00f6n\u00f6sen azoknak a PC-s szimul\u00e1torosoknak aj\u00e1nlom, akik az \u00f6v \u00e9s fogasker\u00e9k szintr\u0151l szeretn\u00e9nek feljebb l\u00e9pni egy komoly Direct Drive rendszerre, an\u00e9lk\u00fcl, hogy t\u00falz\u00e1sokra t\u00f6rekedn\u00e9nek. Az alkalmi, tiszt\u00e1n kezd\u0151 vagy f\u0151leg konzolos felhaszn\u00e1l\u00f3k sz\u00e1m\u00e1ra vannak egyszer\u0171bb alternat\u00edv\u00e1k. A nagy nyomat\u00e9k\u00fa, a cs\u00facsot megc\u00e9lz\u00f3 fanatikusoknak kicsit feljebb kell n\u00e9zni.<\/p>\n<p>Ha olyan Direct Drive-ot keres, amely kompakt, pontos, sk\u00e1l\u00e1zhat\u00f3 \u00e9s k\u00e9pes hossz\u00fa \u00e9veken \u00e1t a berendez\u00e9s k\u00f6zponti eleme lenni, akkor ez a term\u00e9k mindent megv\u00e1ltoztathat a berendez\u00e9s\u00e9ben.<\/p>","protected":false},"excerpt":{"rendered":"<p>Ez a csomag egy olyan korm\u00e1nyker\u00e9k \u00e9rz\u00e9s\u00e9t adta, amely val\u00f3ban tiszt\u00e1zta, hogy mit csin\u00e1l az aut\u00f3, an\u00e9lk\u00fcl, hogy minden \u00fcl\u00e9sen brut\u00e1lis vagy fejvakar\u00f3 lett volna. Van \u00e9rtelme a PC-s szimul\u00e1toros versenyz\u0151knek, akik komolyan \u00e1t akarnak \u00e1llni a Direct Drive-ra, gyakran vezetni \u00e9s fejl\u0151dni akarnak an\u00e9lk\u00fcl, hogy a piac legfel\u00fclre t\u00f6rekedn\u00e9nek. A teljes\u00edtm\u00e9ny\/\u00e1r egyens\u00faly \u00e9s az \u00f6kosziszt\u00e9ma hossz\u00fa t\u00e1von koherens alapot jelent.<\/p>","protected":false},"featured_media":101516,"comment_status":"open","ping_status":"closed","template":"","meta":{"_acf_changed":false,"_et_pb_use_builder":"","_et_pb_old_content":"","_et_gb_content_width":""},"product_brand":[165],"product_cat":[161],"product_tag":[149],"class_list":{"0":"post-101515","1":"product","2":"type-product","3":"status-publish","4":"has-post-thumbnail","6":"product_brand-moza-racing","7":"product_cat-volant","8":"product_tag-pc","10":"first","11":"instock","12":"shipping-taxable","13":"product-type-external"},"acf":[],"_links":{"self":[{"href":"https:\/\/simracergear.com\/hu\/wp-json\/wp\/v2\/product\/101515","targetHints":{"allow":["GET"]}}],"collection":[{"href":"https:\/\/simracergear.com\/hu\/wp-json\/wp\/v2\/product"}],"about":[{"href":"https:\/\/simracergear.com\/hu\/wp-json\/wp\/v2\/types\/product"}],"replies":[{"embeddable":true,"href":"https:\/\/simracergear.com\/hu\/wp-json\/wp\/v2\/comments?post=101515"}],"wp:featuredmedia":[{"embeddable":true,"href":"https:\/\/simracergear.com\/hu\/wp-json\/wp\/v2\/media\/101516"}],"wp:attachment":[{"href":"https:\/\/simracergear.com\/hu\/wp-json\/wp\/v2\/media?parent=101515"}],"wp:term":[{"taxonomy":"product_brand","embeddable":true,"href":"https:\/\/simracergear.com\/hu\/wp-json\/wp\/v2\/product_brand?post=101515"},{"taxonomy":"product_cat","embeddable":true,"href":"https:\/\/simracergear.com\/hu\/wp-json\/wp\/v2\/product_cat?post=101515"},{"taxonomy":"product_tag","embeddable":true,"href":"https:\/\/simracergear.com\/hu\/wp-json\/wp\/v2\/product_tag?post=101515"}],"curies":[{"name":"wp","href":"https:\/\/api.w.org\/{rel}","templated":true}]}}