{"id":101532,"date":"2025-05-15T08:12:00","date_gmt":"2025-05-15T08:12:00","guid":{"rendered":"https:\/\/simracergear.com\/products\/moza-rs-v2-steering-wheel\/"},"modified":"2025-11-28T05:36:27","modified_gmt":"2025-11-28T05:36:27","slug":"moza-rs-v2-steering-wheel","status":"publish","type":"product","link":"https:\/\/simracergear.com\/hu\/products\/moza-rs-v2-steering-wheel\/","title":{"rendered":"MOZA RS V2 korm\u00e1nyker\u00e9k"},"content":{"rendered":"<h2>MOZA RS V2 korm\u00e1nyker\u00e9k: egy komoly GT korm\u00e1nyker\u00e9k, amely a szimul\u00e1toros versenyz\u00e9st a k\u00f6vetkez\u0151 szintre emeli.<\/h2>\n<p>A MOZA RS V2 egy\u00e9rtelm\u0171en a Direct Drive alapokra sz\u00e1nt GT-ker\u00e9k cs\u00facsmodelljek\u00e9nt van poz\u00edcion\u00e1lva, amelyet olyan szimul\u00e1toros versenyz\u0151k sz\u00e1m\u00e1ra terveztek, akik az ultrapr\u00e9mium n\u00e9lk\u00fcl szeretn\u00e9nek feljebb l\u00e9pni az \u00e1rkateg\u00f3ri\u00e1ban. Ez egy teljes\u00edtm\u00e9nyorient\u00e1lt modell, GT\/endurance kialak\u00edt\u00e1ssal, amely a norm\u00e1l felhaszn\u00e1l\u00f3knak \u00e9s a m\u00e1r j\u00f3l felszerelt virtu\u00e1lis versenyz\u0151knek egyar\u00e1nt sz\u00f3l.<\/p>\n<p>Ez a korm\u00e1nyker\u00e9k h\u00e1rom f\u0151 okb\u00f3l vonz\u00f3: nagyon \"professzion\u00e1lis\" megjelen\u00e9se, pr\u00e9mium min\u0151s\u00e9g\u0171 anyagai \u00e9s a MOZA \u00f6kosziszt\u00e9m\u00e1ba val\u00f3 integr\u00e1l\u00f3d\u00e1sa, amely egyre szil\u00e1rdabb\u00e1 v\u00e1lik. Pap\u00edron ez egy olyan term\u00e9k, amely a bel\u00e9p\u0151 szint\u0171 korm\u00e1nyker\u00e9khez k\u00e9pest kvantumugr\u00e1st \u00edg\u00e9r az \u00e9rz\u00e9kel\u00e9sek ter\u00e9n, fejlett ergon\u00f3mi\u00e1val \u00e9s \u00e1tfog\u00f3 kezel\u0151szervekkel.<\/p>\n<p>Az \u00e9n szemsz\u00f6gem itt egyszer\u0171: az RS V2 val\u00f3ban konkr\u00e9t nyeres\u00e9get hoz a precizit\u00e1s, a k\u00e9nyelem \u00e9s az \u00e9lvezet ter\u00e9n a p\u00e1ly\u00e1n, vagy csak egy \u00fajabb csinos kieg\u00e9sz\u00edt\u0151? T\u00e9nyleg \u00e9rezhet\u0151 a k\u00fcl\u00f6nbs\u00e9g a r\u00f6pp\u00e1ly\u00e1k, a tapad\u00e1s leolvas\u00e1sa \u00e9s az \u00e1lland\u00f3s\u00e1g ter\u00e9n t\u00f6bb \u00f3r\u00e1nyi motoroz\u00e1s sor\u00e1n? \u00c9s mindenekel\u0151tt, van-e \u00e9rtelme ennek a korm\u00e1nyker\u00e9knek a mai be\u00e1ll\u00edt\u00e1sok k\u00f6z\u00f6tt, a PC\/Direct Drive piacon tal\u00e1lhat\u00f3 sz\u00e1mos alternat\u00edv\u00e1val szemben?<\/p>\n<h2>Tervez\u00e9s \u00e9s gy\u00e1rt\u00e1s: egy korm\u00e1nyker\u00e9k, amely komolyan fekszik a k\u00e9zben<\/h2>\n<p>A MOZA RS V2 a k\u00e9zben azonnal komoly benyom\u00e1st kelt. A f\u00e9m felni bizalomgerjeszt\u0151: s\u0171r\u0171 \u00e9s merev, \u00e9s nincs \u00e9rz\u00e9kelhet\u0151 hajl\u00edt\u00e1s, ha er\u0151sen fogod vagy lenyomod. Ez messze elmarad n\u00e9h\u00e1ny m\u0171anyagkeretes bel\u00e9p\u0151 szint\u0171 korm\u00e1nyker\u00e9k \u00fcreges \u00e9rzet\u00e9t\u0151l.<\/p>\n<p>A j\u00f3 min\u0151s\u00e9g\u0171 b\u0151rb\u0151l vagy m\u0171b\u0151rb\u0151l k\u00e9sz\u00fclt foganty\u00fabor\u00edt\u00e1s a verzi\u00f3t\u00f3l f\u00fcgg\u0151en val\u00f3ban n\u00f6veli a pr\u00e9mium \u00e9rz\u00e9st. A markolat szil\u00e1rd, vastags\u00e1ga j\u00f3l illeszkedik a k\u00f6zepes vagy nagy kezekhez. Hossz\u00fa ideig lehet lovagolni an\u00e9lk\u00fcl, hogy az ujjak megfesz\u00fcln\u00e9nek. A varr\u00e1s tiszta \u00e9s egyenletes, nincs zavar\u00f3 extra vastags\u00e1g. Az \u00e1ltal\u00e1nos kivitelez\u00e9s egy\u00e9rtelm\u0171en ink\u00e1bb \"professzion\u00e1lis term\u00e9k\", mint \"j\u00e1t\u00e9kperif\u00e9ria\".<\/p>\n<p>A gombok \u00e9s gombok j\u00f3l \u00e9rzik magukat az ujjaid alatt. Tiszt\u00e1n kattannak, an\u00e9lk\u00fcl, hogy t\u00fal kem\u00e9nyek lenn\u00e9nek. A kis forgat\u00f3gombok \u00e9ppen a megfelel\u0151 mennyis\u00e9g\u0171 vez\u00e9rl\u00e9st biztos\u00edtj\u00e1k a versenybe\u00e1ll\u00edt\u00e1sokhoz. \u00c9rezhet\u0151, hogy az elhelyez\u00e9st \u00fagy gondolt\u00e1k ki, hogy a vezet\u00e9s ne vegye le a kez\u00e9t a korm\u00e1nyr\u00f3l, \u00e9s ez val\u00f3ban megv\u00e1ltoztatja az aut\u00f3 ir\u00e1ny\u00edt\u00e1s\u00e1t versenyk\u00f6r\u00fclm\u00e9nyek k\u00f6z\u00f6tt.<\/p>\n<p>A f\u00e9m tengelykapcsol\u00f3 \u00e9s v\u00e1lt\u00f3kapcsol\u00f3 lap\u00e1tok m\u00e9g ink\u00e1bb er\u0151s\u00edtik a merevs\u00e9g benyom\u00e1s\u00e1t. A kattan\u00e1s sz\u00e1raz, nagyon mechanikus, r\u00f6vid l\u00f6ket\u0171. Tiszt\u00e1n \u00e9rezhet\u0151 minden egyes sebess\u00e9gv\u00e1lt\u00e1s. Egyesek azonban a be\u00e1ll\u00edt\u00e1sokt\u00f3l \u00e9s a k\u00f6rnyezett\u0151l f\u00fcgg\u0151en kiss\u00e9 zajosnak tal\u00e1lhatj\u00e1k \u0151ket. Szolids\u00e1got \u00e1raszt, de nem pr\u00f3b\u00e1l tomp\u00edtani.<\/p>\n<p>Ami n\u00e9mileg csal\u00f3d\u00e1st okozhat, az n\u00e9h\u00e1ny eszt\u00e9tikai r\u00e9szlet, ha a k\u00edn\u00e1lat cs\u00facsmodelljeivel hasonl\u00edtjuk \u00f6ssze: n\u00e9h\u00e1ny m\u0171anyag alkatr\u00e9sz a tengelycsap\u00e1gy k\u00f6r\u00fcl vagy a gombok nem ny\u00fajtanak olyan szint\u0171 \"vizu\u00e1lis luxust\", mint a dr\u00e1ga korm\u00e1nykerekek. M\u00e9g mindig komoly, de nem ultra kifinomult.<\/p>\n<p>Az RS V2 nagyon j\u00f3l \u00f6sszehasonl\u00edthat\u00f3 m\u00e1s m\u00e1rk\u00e1k hasonl\u00f3 korm\u00e1nykerekeivel. A merevs\u00e9g, a tapint\u00e1s \u00e9s a min\u0151s\u00e9g tekintet\u00e9ben egy\u00e9rtelm\u0171en az \u00e1rkateg\u00f3ria fels\u0151 hat\u00e1r\u00e1n helyezkedik el. \u00dagy \u00e9rzi, hogy ez egy olyan term\u00e9k, amelyet tart\u00f3snak terveztek, \u00e9s nem csak az\u00e9rt, hogy j\u00f3l n\u00e9zzen ki az asztalon.<\/p>\n<h2>Be\u00e1ll\u00edt\u00e1sok, szem\u00e9lyre szab\u00e1s \u00e9s kompatibilit\u00e1s: a MOZA \u00f6kosziszt\u00e9m\u00e1hoz igaz\u00edtott korm\u00e1nyker\u00e9k<\/h2>\n<p>Az RS V2-nek t\u00f6k\u00e9letes \u00e9rtelme van a MOZA \u00f6kosziszt\u00e9ma r\u00e9szek\u00e9nt. A m\u00e1rka saj\u00e1t fejleszt\u00e9s\u0171 gyorskiold\u00f3 rendszer\u00e9t haszn\u00e1lja, ami nagyon sikeres: a csatlakoz\u00e1s gyors \u00e9s szil\u00e1rd, \u00e9rz\u00e9kelhet\u0151 j\u00e1t\u00e9k n\u00e9lk\u00fcl. A MOZA alaphoz val\u00f3 r\u00f6gz\u00edt\u00e9s ut\u00e1n az eg\u00e9sz egys\u00e9g egyetlen egys\u00e9get alkot, ami nagyban hozz\u00e1j\u00e1rul a korm\u00e1nyker\u00e9k szil\u00e1rd \u00e9rzet\u00e9hez.<\/p>\n<p>A szem\u00e9lyre szabhat\u00f3s\u00e1g szempontj\u00e1b\u00f3l a f\u0151 vonzer\u0151t a korm\u00e1nyker\u00e9k \u00e9s a MOZA Pit House szoftver kombin\u00e1ci\u00f3ja jelenti. Az RS V2 elegend\u0151 gombot, k\u00f3dol\u00f3t \u00e9s lap\u00e1tot k\u00edn\u00e1l ahhoz, hogy mindent lek\u00e9pezhess a f\u0151 szimul\u00e1torra, amire sz\u00fcks\u00e9ged van. ABS, kip\u00f6rg\u00e9sg\u00e1tl\u00f3, f\u00e9kegyens\u00faly, \u00fczemanyag-kever\u00e9k, r\u00e1di\u00f3, boxutca-korl\u00e1toz\u00f3: mindennek megvan a helye. Gyorsan meg\u00e9rtheted, hogy mi van k\u00e9zn\u00e9l, an\u00e9lk\u00fcl, hogy \u00f3r\u00e1kig keresg\u00e9lned kellene a megfelel\u0151 gombot.<\/p>\n<p>A MOZA szoftver men\u00fci akkor is el\u00e9rhet\u0151ek maradnak, ha \u00d6n nem tiszt\u00e1n m\u0171szaki szakember. A j\u00e1t\u00e9kspecifikus el\u0151be\u00e1ll\u00edt\u00e1sok eleinte nagyon hasznosak, de azt\u00e1n a saj\u00e1t preferenci\u00e1inak megfelel\u0151en finomhangolhatja \u0151ket. A rezg\u00e9sek intenzit\u00e1s\u00e1t, a gombok reakci\u00f3j\u00e1t, \u00e9s mindenekel\u0151tt a Direct Drive alapbe\u00e1ll\u00edt\u00e1sokkal kombin\u00e1lva egy koherens eg\u00e9szet kaphat. A tanul\u00e1si g\u00f6rbe nem meredek: egy kis id\u0151be telik, am\u00edg mindent optimaliz\u00e1lsz, de j\u00f3 k\u00f6r\u00fclm\u00e9nyek k\u00f6z\u00f6tt gyorsan tudsz motorozni.<\/p>\n<p>A kompatibilit\u00e1s egy\u00e9rtelm\u0171en a PC-re ir\u00e1nyul. A MOZA alapon a legfontosabb PC-s szimul\u00e1toros versenyj\u00e1t\u00e9kok t\u00e1mogatottak. Konzolok eset\u00e9ben ez ink\u00e1bb a haszn\u00e1lt alapt\u00f3l f\u00fcgg, mint mag\u00e1t\u00f3l a korm\u00e1nyker\u00e9kt\u0151l, ez\u00e9rt ne v\u00e1s\u00e1rolja meg ezt a modellt az univerz\u00e1lis kompatibilit\u00e1s rem\u00e9ny\u00e9ben an\u00e9lk\u00fcl, hogy ellen\u0151rizn\u00e9 a be\u00e1ll\u00edt\u00e1s t\u00f6bbi r\u00e9sz\u00e9t.<\/p>\n<p>Az RS V2 j\u00f3l illeszkedik a fejl\u0151d\u0151 \u00f6kosziszt\u00e9ma logik\u00e1j\u00e1ba: egy m\u00e9rs\u00e9kelten er\u0151s MOZA alapmodellel kezdhetsz, majd a korm\u00e1nyker\u00e9k cser\u00e9je n\u00e9lk\u00fcl l\u00e9phetsz feljebb a k\u00edn\u00e1latban. A GT\/t\u00fara-orient\u00e1lt szak\u00e1gak t\u00f6bbs\u00e9g\u00e9ben f\u0151 korm\u00e1nyker\u00e9kk\u00e9nt haszn\u00e1lhat\u00f3, majd k\u00e9s\u0151bb kieg\u00e9sz\u00edthet\u0151 egy specifikusabb F1 vagy rally korm\u00e1nyker\u00e9kkel. Ez nem csak egy \"eldobhat\u00f3\" bel\u00e9p\u00e9si pont, hanem egy olyan elem, amely hossz\u00fa ideig a be\u00e1ll\u00edt\u00e1sok k\u00f6z\u00e9ppontj\u00e1ban maradhat.<\/p>\n<h2>\u00c9rz\u00e9sek a j\u00e1t\u00e9kban: precizit\u00e1s, ir\u00e1ny\u00edt\u00e1s \u00e9s magabiztoss\u00e1g az \u00f3ra j\u00e1r\u00e1sa sor\u00e1n<\/h2>\n<p>A MOZA RS V2 igaz\u00e1n a p\u00e1ly\u00e1n mutatkozik meg, a m\u00e1rka Direct Drive alv\u00e1z\u00e1ra szerelve. Az els\u0151 dolog, amit \u00e9szreveszel, az a felni pontoss\u00e1ga \u00e9s az, ahogyan a lendker\u00e9k tov\u00e1bb\u00edtja a nyomat\u00e9kv\u00e1ltoz\u00e1sokat. A lendker\u00e9k v\u00e1z\u00e1nak merevs\u00e9ge elker\u00fcli a parazita deform\u00e1ci\u00f3t: amit az alaptest kibocs\u00e1t, azt k\u00f6zvetlen\u00fcl a kezedben \u00e9rzed.<\/p>\n<p>Kanyarod\u00e1skor a korm\u00e1nyker\u00e9k egy\u00e9rtelm\u0171en jelzi az els\u0151 tengelyre hat\u00f3 terhel\u00e9st. Be\u00e1ll\u00e1skor \u00e9rezhet\u0151, mikor kezdenek el dolgozni a gumiabroncsok, majd mikor k\u00f6zeledik a tapad\u00e1si hat\u00e1rhoz. Egy \"j\u00e1t\u00e9k\" korm\u00e1nyker\u00e9kkel vagy egy k\u00f6nny\u0171 felnikkel ell\u00e1tott \u00f6vt\u00e1masszal \u00f6sszehasonl\u00edtva a visszajelz\u00e9s sokkal egy\u00e9rtelm\u0171bb. Gyorsabban meg\u00e9rti, ha t\u00falhajt, ha t\u00fal k\u00e9s\u0151n f\u00e9kez, vagy ha kicsit optimist\u00e1n j\u00f6n be.<\/p>\n<p>A vibr\u00e1torokon az \u00e9rz\u00e9s egy\u00e9rtelm\u0171. A r\u00f6vid s\u00e1vsz\u00e9lek r\u00f6vid, tiszta, j\u00f3l elk\u00fcl\u00f6n\u00edtett rezg\u00e9seket eredm\u00e9nyeznek. Az agressz\u00edvabb vibr\u00e1torokon massz\u00edvabb, fizik\u00e1lisabb visszat\u00e9r\u00e9st \u00e9rezhet\u00fcnk, de a korm\u00e1ny ir\u00e1ny\u00edthat\u00f3 marad, nem kelti a lebeg\u00e9s benyom\u00e1s\u00e1t. A felni nem csavarodik, csak visszak\u00fcldi, amit az alap gener\u00e1l. Ez tiszta. Itt v\u00e1ltoztatja meg igaz\u00e1n az \u00e9lm\u00e9nyt az eg\u00e9sz: a felnik val\u00f3di vezet\u00e9si jelz\u0151v\u00e9 v\u00e1lnak, nem csak h\u00e1tt\u00e9rzajj\u00e1.<\/p>\n<p>A fog\u00e1solvas\u00e1s az egyik er\u0151ss\u00e9g\u00fcnk. Egy technik\u00e1s p\u00e1ly\u00e1n, egy meglehet\u0151sen gyors GT-vel, m\u00e1r a megp\u00f6rd\u00fcl\u00e9s el\u0151tt \u00e9rezheti a tapad\u00e1s mikro-vesztes\u00e9g\u00e9t. A h\u00e1ts\u00f3 kezd vesz\u00edteni a s\u00faly\u00e1b\u00f3l, az els\u0151 kiss\u00e9 kisz\u00e9lesedik: minden \u00e1tmegy a korm\u00e1nyon. Ez extra mozg\u00e1steret ad a man\u0151verez\u00e9shez, \u00edgy m\u00e1r kor\u00e1n korrig\u00e1lhatsz, nem pedig el kell t\u0171rn\u00f6d.<\/p>\n<p>Ha gyors korrekci\u00f3r\u00f3l van sz\u00f3, az RS V2 nagy seg\u00edts\u00e9g. A tappancsok j\u00f3l helyezkednek el, a tapad\u00e1s nem v\u00e1ltozik, \u00e9s kem\u00e9ny ellenkorm\u00e1nyz\u00e1sokat v\u00e9gezhet an\u00e9lk\u00fcl, hogy elvesz\u00edten\u00e9 a kapcsolatot a felnivel. A merev, j\u00f3l kiegyens\u00falyozott korm\u00e1nyker\u00e9k azt jelenti, hogy nagyobb magabiztoss\u00e1ggal ind\u00edthatod \u00e9s kaphatod el az aut\u00f3t. K\u00f6nnyebben mered feszegetni a hat\u00e1rokat, mert \u00fagy \u00e9rzed, van helyed a korrekci\u00f3ra.<\/p>\n<p>A k\u00f6vetkezetess\u00e9g j\u00f3 a hossz\u00fa munkamenetek sor\u00e1n. A perem alakja \u00e9s a markolat vastags\u00e1ga lehet\u0151v\u00e9 teszi, hogy stabilan tartsa a k\u00e9z poz\u00edci\u00f3j\u00e1t t\u00falzott f\u00e1radts\u00e1g n\u00e9lk\u00fcl, k\u00fcl\u00f6n\u00f6sen, ha az alaper\u0151 intelligensen van be\u00e1ll\u00edtva. Ez nem egy term\u00e9szet\u00e9n\u00e9l fogva \"f\u00e1raszt\u00f3\" korm\u00e1nyker\u00e9k. A keze szil\u00e1rdan a hely\u00e9n marad, \u00e9s minden fontos gomb k\u00f6nnyen el\u00e9rhet\u0151, \u00edgy cs\u00f6kkentve a felesleges manipul\u00e1ci\u00f3 sz\u00fcks\u00e9gess\u00e9g\u00e9t.<\/p>\n<p>Egy kev\u00e9sb\u00e9 er\u0151s alapokkal \u00e9s egy egyszer\u0171bb korm\u00e1nyker\u00e9kkel rendelkez\u0151 csomaghoz k\u00e9pest val\u00f3di szakad\u00e9k t\u00e1tong az elm\u00e9ly\u00fcl\u00e9s \u00e9s a visszajelz\u00e9sek finoms\u00e1ga ter\u00e9n. Minden jobban kapcsol\u00f3dik az aut\u00f3hoz. A sokkal er\u0151sebb alapokhoz k\u00e9pest az RS V2 nem korl\u00e1tozza az \u00e9lm\u00e9nyt: elnyeli, tov\u00e1bb\u00edtja \u00e9s k\u00f6veti az alap szintj\u00e9t an\u00e9lk\u00fcl, hogy gyenge l\u00e1ncszemm\u00e9 v\u00e1lna.<\/p>\n<p>\u00d6sszess\u00e9g\u00e9ben ez a korm\u00e1nyker\u00e9k pontosan azt ny\u00fajtja, amit egy j\u00f3 GT-korm\u00e1nyt\u00f3l elv\u00e1rhatsz a Direct Drive-hoz: a fut\u00f3m\u0171 vil\u00e1gos meg\u00e9rt\u00e9se, prec\u00edz ir\u00e1ny\u00edt\u00e1s sz\u0171k szekvenci\u00e1kban, \u00e9s egy olyan \u00e9rz\u00e9s, amely el\u00e9g finom ahhoz, hogy a p\u00e1ly\u00e1kon \u00e9s a korm\u00e1nymozdulatokon dolgozzon. Gyorsan \u00fagy \u00e9rzi, hogy \"kapcsolatban van\" az aut\u00f3val.<\/p>\n<h2>Kinek sz\u00f3l? Mit szeret\u00fcnk, mit nem szeret\u00fcnk<\/h2>\n<p>A MOZA RS V2 egy\u00e9rtelm\u0171en a komoly PC-alap\u00fa szimul\u00e1toros versenyz\u0151ket c\u00e9lozza meg, akik sokoldal\u00fa \u00e9s tart\u00f3s GT-kereket szeretn\u00e9nek. Egy nagyon motiv\u00e1lt kezd\u0151 sz\u00e1m\u00e1ra, aki egyenesen a Direct Drive alapot c\u00e9lozza meg, kiv\u00e1l\u00f3 kiindul\u00f3pont lehet, felt\u00e9ve, hogy megengedheti mag\u00e1nak a befektet\u00e9st. Egy k\u00f6z\u00e9phalad\u00f3 felhaszn\u00e1l\u00f3 sz\u00e1m\u00e1ra, aki egy bel\u00e9p\u0151\/k\u00f6z\u00e9pkateg\u00f3ri\u00e1s korm\u00e1nyker\u00e9kr\u0151l \u00e9rkezik, ez egy igaz\u00e1n koherens fejleszt\u00e9s. Egy tapasztalt, sokat GT-, endurance- vagy t\u00faraaut\u00f3-versenyz\u0151 pil\u00f3ta sz\u00e1m\u00e1ra ez lehet a f\u0151 korm\u00e1nyker\u00e9k.<\/p>\n<p>Amit a legjobban \u00e9rt\u00e9kelek, az a merevs\u00e9g, a k\u00e9zben val\u00f3 \u00e9rz\u00e9s \u00e9s a rengeteg kezel\u0151szerv kombin\u00e1ci\u00f3ja. Ez egy olyan korm\u00e1nyker\u00e9k, amely bizalmat \u00e9breszt, nem mozog, \u00e9s lehet\u0151v\u00e9 teszi, hogy mindent a korm\u00e1nyker\u00e9kr\u0151l ir\u00e1ny\u00edtson. A MOZA gyorskiold\u00f3 integr\u00e1l\u00e1sa meger\u0151s\u00edti ezt a szil\u00e1rd eg\u00e9sz benyom\u00e1st. Az \u00e1ltal\u00e1nos ergon\u00f3mia, a j\u00f3l elhelyezett gombokkal \u00e9s a kellemes lap\u00e1tokkal tiszta vezet\u00e9st biztos\u00edt, bark\u00e1csol\u00e1s \u00e9s kompromisszumok n\u00e9lk\u00fcl. V\u00e9g\u00fcl, a MOZA \u00f6kosziszt\u00e9ma t\u00f6bbi r\u00e9sz\u00e9vel val\u00f3 \u00f6sszhang egy olyan term\u00e9k benyom\u00e1s\u00e1t kelti, amelyet \u00fagy terveztek, hogy illeszkedjen egy teljes be\u00e1ll\u00edt\u00e1sba, ne csak az\u00e9rt, hogy sz\u00e9pen n\u00e9zzen ki.<\/p>\n<p>Vannak korl\u00e1tok. A konzolokra val\u00f3 nyitotts\u00e1g nagyban f\u00fcgg a haszn\u00e1lt alapt\u00f3l, ami korl\u00e1tozza az \u00e9rdekl\u0151d\u00e9st azok sz\u00e1m\u00e1ra, akik egyetlen multiplatformos telep\u00edt\u00e9st szeretn\u00e9nek fejf\u00e1j\u00e1s n\u00e9lk\u00fcl. A l\u00e1tv\u00e1ny, b\u00e1r komoly \u00e9s sikeres, nem \u00e9ri el egyes nagyon pr\u00e9mium modellek kifinomults\u00e1gi szintj\u00e9t: a szimul\u00e1toros versenyz\u0151k, akik puszt\u00e1n eszt\u00e9tikai okokb\u00f3l keresnek egy ultraluxus t\u00e1rgyat, kiss\u00e9 csal\u00f3dottak maradhatnak. V\u00e9g\u00fcl az \u00e1r egy\u00e9rtelm\u0171en befektet\u00e9sk\u00e9nt poz\u00edcion\u00e1lja ezt a korm\u00e1nyt: \u00e9rezhet\u0151 a min\u0151s\u00e9g, de nem egy \"olcs\u00f3\" term\u00e9kr\u0151l van sz\u00f3. Minim\u00e1lis elk\u00f6telezetts\u00e9gre van sz\u00fcks\u00e9ged a szimul\u00e1toros versenyz\u00e9s ir\u00e1nt ahhoz, hogy a legt\u00f6bbet hozd ki bel\u0151le.<\/p>\n<p>Az \u00e9rz\u00e9kelt \u00e9rt\u00e9ket tekintve az RS V2 nagyon j\u00f3l megv\u00e9di mag\u00e1t. Megfizetsz egy bizonyos \u00e1rat, de kapsz egy olyan korm\u00e1nykereket, amely t\u00f6bb \u00e9vig a be\u00e1ll\u00edt\u00e1sok k\u00f6z\u00e9ppontj\u00e1ban maradhat, l\u00e9p\u00e9st tarthat az alap n\u00f6veked\u00e9s\u00e9vel, \u00e9s a z\u00e1rt aut\u00f3-orient\u00e1lt szak\u00e1gak t\u00f6bbs\u00e9g\u00e9t lefedheti. Egy szimul\u00e1toros versenyz\u0151 sz\u00e1m\u00e1ra, aki a setupj\u00e1t progressz\u00edv befektet\u00e9snek tekinti, ez egy koherens v\u00e1laszt\u00e1s.<\/p>\n<h2>\u00cdt\u00e9let: egy massz\u00edv, konzisztens GT korm\u00e1nyker\u00e9k, amely tart\u00f3san megmarad<\/h2>\n<p>A MOZA RS V2 val\u00f3di k\u00fcl\u00f6nbs\u00e9get jelent a be\u00e1ll\u00edt\u00e1sok \u00e9rzet\u00e9ben, amint elt\u00e1volodunk az egyszer\u0171 vagy kiss\u00e9 \"j\u00e1t\u00e9k\" korm\u00e1nyker\u00e9kekt\u0151l. Val\u00f3di felni merevs\u00e9get, komoly tapad\u00e1st \u00e9s olyan kezel\u0151szerveket biztos\u00edt, amelyek el\u00e9g teljes k\u00f6r\u0171ek ahhoz, hogy kompromisszumok n\u00e9lk\u00fcl kezeljenek egy modern szimul\u00e1toros versenyaut\u00f3t. A durva vezet\u00e9st\u0151l a finomabb, tiszt\u00e1bb, elk\u00f6telezettebb vezet\u00e9sig jutsz.<\/p>\n<p>A mai piacon a Direct Drive GT kerekek eset\u00e9ben a fels\u0151 k\u00f6z\u00e9pkateg\u00f3ri\u00e1s\/korai pr\u00e9mium szegmensbe soroln\u00e1m. Ez nem j\u00e1t\u00e9k, nem is egy ultra ritka gy\u0171jt\u0151i darab, hanem egy teljes \u00e9rt\u00e9k\u0171 szimul\u00e1toros versenyeszk\u00f6z, amelyet rendszeres, ig\u00e9nyes haszn\u00e1latra terveztek.<\/p>\n<p>K\u00fcl\u00f6n\u00f6sen aj\u00e1nlan\u00e1m a MOZA-alaplappal felszerelt (vagy hamarosan felszerelend\u0151) PC-felhaszn\u00e1l\u00f3knak, akik els\u0151sorban GT-, t\u00fara- vagy endurance-aut\u00f3kat vezetnek, \u00e9s akik komoly, tart\u00f3s f\u0151 kereket szeretn\u00e9nek. A tiszt\u00e1n konzolos j\u00e1t\u00e9kosoknak, vagy azoknak, akik a lehet\u0151 legsz\u00e9lesebb k\u00f6r\u0171 kompatibilit\u00e1st keresik k\u00e9rd\u00e9s n\u00e9lk\u00fcl, vannak univerz\u00e1lisabb lehet\u0151s\u00e9gek, m\u00e9g akkor is, ha azok nem k\u00edn\u00e1lnak ugyanolyan tiszta \u00e9rz\u00e9seket.<\/p>\n<p>Ha egy olyan GT korm\u00e1nykereket keresel, amely merev, j\u00f3l kidolgozott, j\u00f3l fekszik a kezedben, \u00e9s k\u00e9pes a MOZA Direct Drive alapot teljes m\u00e9rt\u00e9kben kihaszn\u00e1lni, akkor ez a term\u00e9k egy\u00e9rtelm\u0171en megv\u00e1ltoztathatja a be\u00e1ll\u00edt\u00e1saidat.<\/p>","protected":false},"excerpt":{"rendered":"<p>Ez a korm\u00e1nyker\u00e9k azt az \u00e9rz\u00e9st keltette bennem, hogy val\u00f3ban \"r\u00f6gz\u00fclt\" az aut\u00f3 \u00e9rz\u00e9se: t\u00f6bb finoms\u00e1g a tapad\u00e1sban, nagyobb magabiztoss\u00e1g a korrekci\u00f3kban \u00e9s \u00f6sszess\u00e9g\u00e9ben tiszt\u00e1bb vezethet\u0151s\u00e9g. Mindenekel\u0151tt a m\u00e1r MOZA-alapra elk\u00f6telezett (vagy motiv\u00e1lt) PC-s szimul\u00e1toros versenyz\u0151knek van \u00e9rtelme, akik egy komoly \u00e9s tart\u00f3s GT-f\u0151korm\u00e1nyt szeretn\u00e9nek. Az \u00f6ssz\u00e9rt\u00e9ket tekintve ink\u00e1bb egy koherens befektet\u00e9s, mint egy szesz\u00e9ly.<\/p>","protected":false},"featured_media":101533,"comment_status":"open","ping_status":"closed","template":"","meta":{"_acf_changed":false,"_et_pb_use_builder":"","_et_pb_old_content":"","_et_gb_content_width":""},"product_brand":[165],"product_cat":[156],"product_tag":[149],"class_list":{"0":"post-101532","1":"product","2":"type-product","3":"status-publish","4":"has-post-thumbnail","6":"product_brand-moza-racing","7":"product_cat-roue-de-volant","8":"product_tag-pc","10":"first","11":"instock","12":"shipping-taxable","13":"product-type-external"},"acf":[],"_links":{"self":[{"href":"https:\/\/simracergear.com\/hu\/wp-json\/wp\/v2\/product\/101532","targetHints":{"allow":["GET"]}}],"collection":[{"href":"https:\/\/simracergear.com\/hu\/wp-json\/wp\/v2\/product"}],"about":[{"href":"https:\/\/simracergear.com\/hu\/wp-json\/wp\/v2\/types\/product"}],"replies":[{"embeddable":true,"href":"https:\/\/simracergear.com\/hu\/wp-json\/wp\/v2\/comments?post=101532"}],"wp:featuredmedia":[{"embeddable":true,"href":"https:\/\/simracergear.com\/hu\/wp-json\/wp\/v2\/media\/101533"}],"wp:attachment":[{"href":"https:\/\/simracergear.com\/hu\/wp-json\/wp\/v2\/media?parent=101532"}],"wp:term":[{"taxonomy":"product_brand","embeddable":true,"href":"https:\/\/simracergear.com\/hu\/wp-json\/wp\/v2\/product_brand?post=101532"},{"taxonomy":"product_cat","embeddable":true,"href":"https:\/\/simracergear.com\/hu\/wp-json\/wp\/v2\/product_cat?post=101532"},{"taxonomy":"product_tag","embeddable":true,"href":"https:\/\/simracergear.com\/hu\/wp-json\/wp\/v2\/product_tag?post=101532"}],"curies":[{"name":"wp","href":"https:\/\/api.w.org\/{rel}","templated":true}]}}