{"id":101537,"date":"2025-05-15T08:13:00","date_gmt":"2025-05-15T08:13:00","guid":{"rendered":"https:\/\/simracergear.com\/products\/moza-sgp-sequential-shifter\/"},"modified":"2025-11-28T05:53:30","modified_gmt":"2025-11-28T05:53:30","slug":"moza-sgp-sequential-shifter","status":"publish","type":"product","link":"https:\/\/simracergear.com\/hu\/products\/moza-sgp-sequential-shifter\/","title":{"rendered":"MOZA SGP szekvenci\u00e1lis v\u00e1lt\u00f3"},"content":{"rendered":"<p>A szimul\u00e1toros versenyz\u00e9s vil\u00e1g\u00e1ban a szekvenci\u00e1lis v\u00e1lt\u00f3k m\u00e9g mindig igazi b\u0171n\u00f6s \u00e9lvezetnek sz\u00e1m\u00edtanak. Nem mindenki sz\u00e1m\u00e1ra elengedhetetlen, de k\u00e9pesek teljesen megv\u00e1ltoztatni a vezet\u00e9si \u00e9lm\u00e9nyt, k\u00fcl\u00f6n\u00f6sen a raliversenyeken, az old-school GT-kben vagy bizonyos protot\u00edpusokban. A MOZA SGP szekvenci\u00e1lis v\u00e1lt\u00f3 pontosan ebbe a r\u00e9sbe illeszkedik: egy kompakt, robusztus szekvenci\u00e1lis, amelyet olyan szim versenyz\u0151knek terveztek, akik egyszer\u0171, mechanikus sebess\u00e9gv\u00e1lt\u00e1sra v\u00e1gynak, a szok\u00e1saikhoz el\u00e9gg\u00e9 igazod\u00f3 be\u00e1ll\u00edt\u00e1ssal.<\/p>\n<p>Ez a modell egy am\u00fagy is forgalmas szegmensbe \u00e9rkezik, a kiss\u00e9 \"\u00fcreges\" bel\u00e9p\u0151szint\u0171 v\u00e1lt\u00f3k \u00e9s a gyakran nagyon dr\u00e1ga ultrapr\u00e9mium sz\u00f6rnyetegek k\u00f6z\u00e9. Az SGP m\u00f6g\u00f6tt az az elk\u00e9pzel\u00e9s \u00e1ll, hogy komoly \u00e9rzetet, val\u00f3di mechanikai benyom\u00e1st keltsen, ugyanakkor a lehet\u0151 legt\u00f6bb ember sz\u00e1m\u00e1ra el\u00e9rhet\u0151 maradjon, \u00e9s j\u00f3l integr\u00e1l\u00f3djon a MOZA \u00f6kosziszt\u00e9m\u00e1ba.<\/p>\n<p>A k\u00e9rd\u00e9sem egyszer\u0171: ez a v\u00e1lt\u00f3 val\u00f3ban n\u00f6veli a vezet\u00e9s \u00e9rzet\u00e9t, pontoss\u00e1g\u00e1t \u00e9s \u00e9lvezet\u00e9t az egyszer\u0171bb megold\u00e1sokhoz k\u00e9pest? Meg\u00e1llja a hely\u00e9t az id\u0151 m\u00fal\u00e1s\u00e1val, \u00e9s konzisztens marad egy olyan be\u00e1ll\u00edt\u00e1sban, amely fejl\u0151dhet? Ezt akartam felm\u00e9rni, a tapint\u00e1sra, az ergon\u00f3mi\u00e1ra, az \u00e9p\u00edt\u00e9si min\u0151s\u00e9gre \u00e9s a k\u00fcl\u00f6nb\u00f6z\u0151 j\u00e1t\u00e9kosprofilokkal val\u00f3 kompatibilit\u00e1sra \u00f6sszpontos\u00edtva.<\/p>\n<h2>A MOZA SGP szekvenci\u00e1lis v\u00e1lt\u00f3 tervez\u00e9se \u00e9s gy\u00e1rt\u00e1sa<\/h2>\n<p>A MOZA SGP a k\u00e9zben azonnal a s\u0171r\u0171s\u00e9g benyom\u00e1s\u00e1t kelti. A test alapvet\u0151en f\u00e9mb\u0151l k\u00e9sz\u00fclt, merevs\u00e9get sug\u00e1rz\u00f3 szerkezettel. K\u00f6nnyen \u00e9rezhet\u0151, hogy an\u00e9lk\u00fcl h\u00fazhatod meg, hogy agg\u00f3dn\u00e1l a korai j\u00e1t\u00e9k vagy a k\u00ednos hajl\u00edt\u00e1s miatt. Az \u00f6sszeszerel\u00e9s tiszta \u00e9s rendezett, nincsenek l\u00e1that\u00f3 gr\u00e1tiszok vagy durva \u00e9lek.<\/p>\n<p>Maga a kar r\u00f6vid vagy k\u00f6zepes mozg\u00e1st\u00e9rrel rendelkezik, nagyon kifejezett ellen\u00e1ll\u00e1ssal. Ez messze elmarad n\u00e9h\u00e1ny als\u00f3 kateg\u00f3ri\u00e1s v\u00e1lt\u00f3 \"j\u00e1t\u00e9k\" \u00e9rzet\u00e9t\u0151l. A sebess\u00e9gv\u00e1lt\u00e1s pontos mechanikus kattan\u00e1ssal t\u00f6rt\u00e9nik, amelyet meglehet\u0151sen sz\u00e1raz fizikai visszajelz\u00e9s k\u00eds\u00e9r. Hallani \u00e9s \u00e9rezni lehet a sebess\u00e9gv\u00e1lt\u00e1st, ami pontosan az, amit a legt\u00f6bb szimul\u00e1toros versenyz\u0151 elv\u00e1r egy szekvenci\u00e1lis v\u00e1lt\u00f3t\u00f3l. Azonnal meg\u00e9rted, hogy mit csin\u00e1lsz a kezeddel.<\/p>\n<p>A p\u00e1lca k\u00f6r\u00fclbel\u00fcl \u00e1tlagos: megfelel\u0151 m\u00e9ret\u0171, megfelel\u0151 form\u00e1j\u00fa, nem t\u00fal k\u00f6nny\u0171 \u00e9s nem is t\u00fal neh\u00e9z. A markolat m\u00e9g hossz\u00fa munkamenetek sor\u00e1n is k\u00e9nyelmes marad. Nem veheti fel a versenyt egy ultramassz\u00edv, cs\u00facsmin\u0151s\u00e9g\u0171, teljes f\u00e9m v\u00e1lt\u00f3val, de a szegmens\u00e9hez k\u00e9pest m\u00e9g mindig egy\u00e9rtelm\u0171en pr\u00e9mium \u00e9rz\u00e9st ny\u00fajt.<\/p>\n<p>Ami meglep\u0151, az az \u00e1ltal\u00e1nos t\u00f6m\u00f6rs\u00e9ge. Az SGP nem hatalmas, \u00e9s k\u00f6nnyen elf\u00e9r a pil\u00f3taf\u00fclk\u00e9ben an\u00e9lk\u00fcl, hogy az \u00f6sszes helyet elfoglaln\u00e1 az oldal\u00e1n. M\u00e1sr\u00e9szt azok, akik szeretik a nagyon hossz\u00fa karokat, a r\u00e9gi iskol\u00e1s raliaut\u00f3k st\u00edlus\u00e1ban, egy kicsit r\u00f6vidnek tal\u00e1lhatj\u00e1k az eredeti sz\u00e1rat. Szerencs\u00e9re a gomb megv\u00e1ltoztat\u00e1s\u00e1val vagy a konzol helyzet\u00e9nek be\u00e1ll\u00edt\u00e1s\u00e1val kiigaz\u00edthat\u00f3.<\/p>\n<p>A f\u0151 csal\u00f3d\u00e1s sz\u00e1momra n\u00e9h\u00e1ny eszt\u00e9tikai r\u00e9szletb\u0151l fakad. A diz\u00e1jn letisztult, de ink\u00e1bb ipari jelleg\u0171, igazi szem\u00e9lyis\u00e9g n\u00e9lk\u00fcl. Funkcion\u00e1lis, hat\u00e9kony, de egy kicsit rideg. Haszn\u00e1latban ez nem probl\u00e9ma, de egy nagyon j\u00f3l kidolgozott pil\u00f3taf\u00fclk\u00e9vel a konkurencia n\u00e9h\u00e1ny vizu\u00e1lisan \"versenyz\u0151s\" modellje tal\u00e1n vonz\u00f3bbnak t\u0171nik.<\/p>\n<p>A m\u0171anyagb\u00f3l vagy kev\u00e9s f\u00e9mb\u0151l k\u00e9sz\u00fclt, bel\u00e9p\u0151 szint\u0171 szekvenci\u00e1lis v\u00e1lt\u00f3khoz k\u00e9pest az SGP merevs\u00e9g \u00e9s tapint\u00e1s tekintet\u00e9ben egy\u00e9rtelm\u0171en m\u00e1s lig\u00e1ban j\u00e1tszik. A cs\u00facskateg\u00f3ri\u00e1s, teljesen megmunk\u00e1lt ac\u00e9lb\u00f3l k\u00e9sz\u00fclt v\u00e1lt\u00f3khoz k\u00e9pest a puszta \"masszivit\u00e1s\" tekintet\u00e9ben egy l\u00e9p\u00e9ssel lejjebb van, de az \u00e1rk\u00fcl\u00f6nbs\u00e9g is \u00e9szrevehet\u0151. Az \u00e9rz\u00e9kelt min\u0151s\u00e9g\/\u00e1r tekintet\u00e9ben nagyon j\u00f3 helyen \u00e1ll.<\/p>\n<h2>Be\u00e1ll\u00edt\u00e1sok, testreszab\u00e1s \u00e9s kompatibilit\u00e1s<\/h2>\n<p>A MOZA SGP tov\u00e1bbra is egyszer\u0171en kezelhet\u0151, de elegend\u0151 be\u00e1ll\u00edt\u00e1st k\u00edn\u00e1l ahhoz, hogy a legig\u00e9nyesebb felhaszn\u00e1l\u00f3k is el\u00e9gedettek legyenek. A l\u00e9nyeg a fel- \u00e9s lev\u00e1lt\u00e1shoz sz\u00fcks\u00e9ges er\u0151 \u00e9s a mechanikus kattan\u00e1s \u00e1ltal\u00e1nos \u00e9rz\u00e9se. A v\u00e1lt\u00f3 lehet\u0151v\u00e9 teszi a kem\u00e9nys\u00e9g be\u00e1ll\u00edt\u00e1s\u00e1t, ami val\u00f3ban megv\u00e1ltoztatja a kar szem\u00e9lyis\u00e9g\u00e9t. Ha j\u00e1tszol vele, akkor a viszonylag k\u00f6nny\u0171 \u00e9s gyors \u00e9rz\u00e9st\u0151l eljuthatsz egy fizik\u00e1lisabb, egy er\u0151s rally karhoz k\u00f6zelebb \u00e1ll\u00f3 \u00e9rz\u00e9sig.<\/p>\n<p>A tanul\u00e1si folyamat r\u00f6vid. A csatlakoztat\u00e1s \u00e9s kalibr\u00e1l\u00e1s ut\u00e1n gyorsan meg\u00e9rti, hogyan reag\u00e1l. A legt\u00f6bb felhaszn\u00e1l\u00f3nak nem kell \u00f3r\u00e1kat t\u00f6ltenie a men\u00fckben a kiel\u00e9g\u00edt\u0151 be\u00e1ll\u00edt\u00e1sok el\u00e9r\u00e9s\u00e9hez. Be\u00e1ll\u00edtja a kem\u00e9nys\u00e9get, kipr\u00f3b\u00e1lja k\u00e9t-h\u00e1rom aut\u00f3n, \u00e9s megtal\u00e1lja a megfelel\u0151 kompromisszumot. Az opci\u00f3k nincsenek mindenhol, de amik vannak, azok igaz\u00e1n hasznosak.<\/p>\n<p>Ami a kompatibilit\u00e1st illeti, az SGP-t els\u0151sorban PC-khez tervezt\u00e9k. A MOZA \u00f6kosziszt\u00e9m\u00e1ba integr\u00e1lva k\u00f6zvetlen\u00fcl t\u00e1mogatja a m\u00e1rka szoftvere, azonnali felismer\u00e9ssel \u00e9s k\u00f6zponti konfigur\u00e1ci\u00f3val. Itt a legg\u00f6rd\u00fcl\u00e9kenyebb az \u00e9lm\u00e9ny: egyetlen szoftverk\u00f6zpont, minden \u00f6ssze van csoportos\u00edtva, \u00e9s a v\u00e1lt\u00f3 \u00fagy viselkedik, mint a rendszer nat\u00edv eleme.<\/p>\n<p>Konzolokon a helyzet egy\u00e9rtelm\u0171en a be\u00e1ll\u00edt\u00e1s t\u00f6bbi r\u00e9sz\u00e9t\u0151l f\u00fcgg. Az SGP nem egy univerz\u00e1lis \"plug and play\" perif\u00e9ria minden konzolhoz. Sz\u00fcks\u00e9ged lesz egy kompatibilis \u00f6kosziszt\u00e9m\u00e1ra, vagy a gy\u00e1rt\u00f3 alapvet\u0151 kezel\u0151rendszer\u00e9t kell haszn\u00e1lnod. Ezt a pontot \u00e9rdemes ellen\u0151rizni v\u00e1s\u00e1rl\u00e1s el\u0151tt, ha f\u0151leg konzolokon j\u00e1tszol.<\/p>\n<p>A pil\u00f3taf\u00fclk\u00e9re t\u00f6rt\u00e9n\u0151 felszerel\u00e9s klasszikus: oldals\u00f3 r\u00f6gz\u00edt\u00e9s, szabv\u00e1nyos csavarok \u00e9s csavarok, valamint a magass\u00e1g \u00e9s a visszar\u00fag\u00e1s be\u00e1ll\u00edt\u00e1sa a konzolon kereszt\u00fcl. A v\u00e1lt\u00f3 el\u00e9g merev ahhoz, hogy kib\u00edrja az enyh\u00e9n eltolt szerel\u00e9st, amennyiben a pil\u00f3taf\u00fclke szerkezete kompatibilis. K\u00f6nnyen fejleszthet\u0151: ezzel a v\u00e1lt\u00f3val kezdheted egy k\u00f6ztes be\u00e1ll\u00edt\u00e1sban, \u00e9s megtarthatod, ahogy a t\u00f6bbin\u00e9l feljebb l\u00e9psz a tartom\u00e1nyban (er\u0151sebb Direct Drive l\u00e1nct\u00e1masz, terhel\u00e9scell\u00e1s hajt\u00f3kar, stb.). Nem \u00e9rzi mag\u00e1t \"korl\u00e1tozottnak\" a k\u00f6r\u00fcl\u00f6tte l\u00e9v\u0151 komolyabb felszerel\u00e9sekhez k\u00e9pest.<\/p>\n<h2>MOZA SGP szekvenci\u00e1lis v\u00e1lt\u00f3: \u00e9rz\u00e9sek j\u00e1t\u00e9k k\u00f6zben<\/h2>\n<p>Az \u00e9lm\u00e9ny k\u00f6z\u00e9ppontj\u00e1ban nyilv\u00e1nval\u00f3an az \u00e1ll, hogy milyen \u00e9rz\u00e9s j\u00e1tszani. M\u00e1r az els\u0151 percekt\u0151l kezdve kit\u0171nik a mechanikus visszajelz\u00e9sek tisztas\u00e1ga. Minden egyes \u00e1tad\u00e1sn\u00e1l egy\u00e9rtelm\u0171 kattan\u00e1s hallatszik, amelyet egy meglehet\u0151sen hat\u00e1rozott, rugalmas visszajelz\u00e9s k\u00eds\u00e9r. Soha nem marad k\u00e9ts\u00e9g: a sebess\u00e9gv\u00e1lt\u00f3 kapcsolt, \u00e9rzed, hallod, tudod. M\u00edg n\u00e9h\u00e1ny v\u00e1lt\u00f3 kiss\u00e9 hom\u00e1lyosnak t\u0171nik, az SGP nagyon egyszer\u0171.<\/p>\n<p>Kanyarod\u00e1skor, k\u00fcl\u00f6n\u00f6sen a sok gyors sebess\u00e9gv\u00e1lt\u00e1st tartalmaz\u00f3, technik\u00e1s p\u00e1ly\u00e1kon a v\u00e1lt\u00f3 \u00e1lland\u00f3 marad. A fel- \u00e9s visszav\u00e1lt\u00e1sokat a karral val\u00f3 k\u00fczdelem n\u00e9lk\u00fcl k\u00f6vetheti. A sz\u00fcks\u00e9ges er\u0151 stabil marad, furcsa ingadoz\u00e1sok n\u00e9lk\u00fcl, m\u00e9g hossz\u00fa \u00fcl\u00e9s ut\u00e1n is. Olyan \u00e9rz\u00e9s, mintha egy j\u00f3l meghat\u00e1rozott meg\u00e1ll\u00e1st \u00e9rn\u00e9l el, ami seg\u00edt fenntartani a j\u00f3 temp\u00f3t an\u00e9lk\u00fcl, hogy t\u00fal sokat gondolkodn\u00e1l.<\/p>\n<p>A tapad\u00e1s nyilv\u00e1nval\u00f3an a korm\u00e1nyker\u00e9ken \u00e9s az FFB-n kereszt\u00fcl olvashat\u00f3 le, de a v\u00e1lt\u00f3 a mer\u00edt\u00e9s saj\u00e1t r\u00e9teg\u00e9t adja hozz\u00e1. Egy rallyn vagy egy kicsit ideges aut\u00f3ban a kattog\u00f3 kar val\u00f3ban meger\u0151s\u00edti a terhel\u00e9sv\u00e1lt\u00e1sok \u00e9rz\u00e9kel\u00e9s\u00e9t. Nagyobb val\u00f3sz\u00edn\u0171s\u00e9ggel k\u00eds\u00e9ri az aut\u00f3t a jobb kez\u00e9vel, k\u00fcl\u00f6n\u00f6sen a kanyar kij\u00e1ratokn\u00e1l, ahol minden fokozat sz\u00e1m\u00edt. Ez nem FFB a sz\u00f3 szoros \u00e9rtelm\u00e9ben, de ez egy olyan tapinthat\u00f3 inform\u00e1ci\u00f3, amely kieg\u00e9sz\u00edti a korm\u00e1nyker\u00e9kr\u0151l \u00e9rkez\u0151 inform\u00e1ci\u00f3kat.<\/p>\n<p>A vibr\u00e1torokon az \u00e9lm\u00e9ny els\u0151sorban a fut\u00f3m\u0171v\u00f6n \u00e9s a korm\u00e1nyon m\u00falik, de az SGP seg\u00edt megtartani az ir\u00e1ny\u00edt\u00e1st a gyors korrekci\u00f3k sor\u00e1n. Amikor kicsit oldalra \u00e1llunk, \u00e9s sebess\u00e9gv\u00e1lt\u00e1s k\u00f6zben a korm\u00e1nnyal kell korrig\u00e1lni, a kar nem hagyja mag\u00e1t meglepni. Nem mozdul oldalra, nem rezeg ideges\u00edt\u0151en, \u00e9s tov\u00e1bbra is ugyanolyan ellen\u00e1ll\u00e1st ny\u00fajt. Nincs az a n\u00e9ha ideges\u00edt\u0151 \u00e9rz\u00e9s, hogy a kar minden ir\u00e1nyba csap\u00f3dik, amikor a pil\u00f3taf\u00fclke megr\u00e1zk\u00f3dik.<\/p>\n<p>Hossz\u00fa munkamenetek sor\u00e1n a k\u00f6vetkezetess\u00e9g igazi er\u0151ss\u00e9g. A j\u00e1t\u00e9k\u00e9rzet nem romlik, a mechanika stabil marad, \u00e9s a k\u00e9z f\u00e1radts\u00e1ga \u00e9sszer\u0171 marad, felt\u00e9ve, hogy nem \u00e1ll\u00edtja a kem\u00e9nys\u00e9get a maximumra. K\u00f6zepes be\u00e1ll\u00edt\u00e1ssal meg\u0151rizheted a fizikai, mag\u00e1val ragad\u00f3 \u00e9rz\u00e9st an\u00e9lk\u00fcl, hogy egy \u00f3ra ut\u00e1n elt\u00f6rn\u00e9 az alkarodat. Azok sz\u00e1m\u00e1ra, akik igaz\u00e1n nyersen szeretik az \u00e9rz\u00e9seket, a maxim\u00e1lis kem\u00e9nys\u00e9g nagyon \"elk\u00f6telezett\" \u00e9rz\u00e9st ad, de el kell fogadni, hogy f\u00e1raszt\u00f3bb.<\/p>\n<p>A k\u00f6nnyebb, gyakran m\u0171anyagb\u00f3l k\u00e9sz\u00fclt vagy egyszer\u0171s\u00edtett kinematik\u00e1j\u00fa szekvenci\u00e1lis v\u00e1lt\u00f3khoz k\u00e9pest a precizit\u00e1s \u00e9s az \u00e9lvezet hatalmas nyeres\u00e9g. A \"egy karnak l\u00e1tsz\u00f3 gomb megnyom\u00e1s\u00e1b\u00f3l\" a \"val\u00f3di mechanikus alkatr\u00e9sz manipul\u00e1l\u00e1s\u00e1ba\" ker\u00fcl. A k\u00fcl\u00f6nbs\u00e9g m\u00e1r az els\u0151 percekt\u0151l kezdve szembet\u0171n\u0151. Egy m\u00e9g nehezebb mechanik\u00e1val \u00e9s t\u00falm\u00e9retezett alkatr\u00e9szekkel rendelkez\u0151 cs\u00facsv\u00e1lt\u00f3hoz k\u00e9pest az SGP egy kicsit b\u00f6lcsebb, kev\u00e9sb\u00e9 extr\u00e9m visszajelz\u00e9sekkel. De sok j\u00e1t\u00e9kos sz\u00e1m\u00e1ra ez a kompromisszum a mindennapokban k\u00e9nyelmesebb lesz.<\/p>\n<p>A MOZA SGP az \u00e1ltal\u00e1nos elm\u00e9ly\u00fcl\u00e9st tekintve minden fontos elemet kipip\u00e1l: \u00fagy \u00e9rzi, hogy kapcsolatban van az aut\u00f3val, az \u00e1tmenetek mag\u00e1val ragad\u00f3ak an\u00e9lk\u00fcl, hogy b\u00fcntetn\u00e9nek, \u00e9s a magabiztoss\u00e1g gyorsan j\u00f6n. K\u00e9s\u0151bb mer f\u00e9kezni, vagy egy kanyarba \u00e9rve egym\u00e1s ut\u00e1n k\u00e9t sebess\u00e9gfokozatot visszavenni, mik\u00f6zben megmarad az ir\u00e1ny\u00edt\u00e1s. Ez az a pont, ahol ez a v\u00e1lt\u00f3 igaz\u00e1n megv\u00e1ltoztatja az \u00e9lm\u00e9nyt: arra k\u00e9sztet, hogy ink\u00e1bb \"a r\u00e9gi m\u00f3don\" vezess, a karral dolgoztatva az aut\u00f3t.<\/p>\n<h2>Kinek sz\u00f3l? Er\u0151ss\u00e9gek \u00e9s gyenges\u00e9gek<\/h2>\n<p>A MOZA SGP szekvenci\u00e1lis v\u00e1lt\u00f3 els\u0151sorban a motiv\u00e1lt szimul\u00e1torversenyz\u0151knek sz\u00f3l, a k\u00f6z\u00e9phalad\u00f3kt\u00f3l a halad\u00f3 j\u00e1t\u00e9kosokig, akik f\u0151k\u00e9nt PC-n vezetnek, \u00e9s szeretn\u00e9nek egy val\u00f3di szekvenci\u00e1lis v\u00e1lt\u00f3t a be\u00e1ll\u00edt\u00e1saikhoz. Egy teljesen kezd\u0151 sz\u00e1m\u00e1ra ez egy m\u00e1sodlagos perif\u00e9ria lehet az alap \u00e9s a ped\u00e1lok ut\u00e1n, de annak, aki rallyra, t\u00faraaut\u00f3ra vagy retro GT-re kezd szakosodni, t\u00f6k\u00e9letes \u00e9rtelme van.<\/p>\n<p>Az egy\u00e9rtelm\u0171en kiemelked\u0151 pozit\u00edvumok k\u00f6z\u00fcl az \u00e9rz\u00e9kelt \u00e9p\u00edt\u00e9si min\u0151s\u00e9g \u00e1ll a lista \u00e9l\u00e9n. A f\u00e9mek kever\u00e9ke, a szerkezet merevs\u00e9ge \u00e9s a kar val\u00f3di j\u00e1t\u00e9k\u00e1nak hi\u00e1nya a komolys\u00e1g benyom\u00e1s\u00e1t kelti. A mechanikus \u00e9rzet a tiszta kattan\u00e1ssal \u00e9s a hat\u00e1rozott visszajelz\u00e9ssel nagy pluszt jelent a mer\u00edt\u00e9s szempontj\u00e1b\u00f3l a bel\u00e9p\u0151 szint\u0171 megold\u00e1sokhoz k\u00e9pest. V\u00e9gezet\u00fcl a kem\u00e9nys\u00e9g be\u00e1ll\u00edt\u00e1si lehet\u0151s\u00e9gei megk\u00f6nny\u00edtik az \u00e9rzetnek a vezet\u00e9si st\u00edlushoz \u00e9s a sport\u00e1ghoz val\u00f3 igaz\u00edt\u00e1s\u00e1t, ami nagyban kisz\u00e9les\u00edti a potenci\u00e1lis c\u00e9lk\u00f6z\u00f6ns\u00e9get.<\/p>\n<p>M\u00e1sr\u00e9szr\u0151l azonban sz\u00e1mos korl\u00e1toz\u00e1st is \u00e9rdemes megjegyezni. A konzolkompatibilit\u00e1s nem univerz\u00e1lis, \u00e9s val\u00f3ban a t\u00f6bbi hardvert\u0151l f\u00fcgg, ami cs\u00f6kkenti az \u00e9rdekess\u00e9g\u00e9t azok sz\u00e1m\u00e1ra, akik f\u0151k\u00e9nt konzolokon j\u00e1tszanak megfelel\u0151 MOZA \u00f6kosziszt\u00e9ma n\u00e9lk\u00fcl. A hat\u00e9kony, de meglehet\u0151sen j\u00f3zan diz\u00e1jnb\u00f3l hi\u00e1nyzik egy kis karakter a rajong\u00f3k sz\u00e1m\u00e1ra, akik vizu\u00e1lisan nagyon \"versenyz\u0151i\" pil\u00f3taf\u00fclk\u00e9t szeretn\u00e9nek egy nagy szemet gy\u00f6ny\u00f6rk\u00f6dtet\u0151 r\u00e9sszel. V\u00e9g\u00fcl, az eredeti kar \u00fatja \u00e9s magass\u00e1ga kiss\u00e9 b\u00f6lcsnek t\u0171nhet azoknak, akik ultraradik\u00e1lis \u00e9lm\u00e9nyt keresnek, mint egy nagyon hossz\u00fa rally kar: az \u00f6sszeszerel\u00e9sen kereszt\u00fcl \u00e1ll\u00edthat\u00f3, de az eredeti m\u00e9g mindig viszonylag kompakt.<\/p>\n<p>A befektet\u00e9s szempontj\u00e1b\u00f3l az SGP j\u00f3 \u00e1r-\u00e9rt\u00e9k ar\u00e1nyt k\u00edn\u00e1l egy komoly szimul\u00e1torversenyz\u0151 sz\u00e1m\u00e1ra. Ez nem egy k\u00fcty\u00fc, hanem egy val\u00f3di vezet\u00e9si perif\u00e9ria, amely egy fejl\u0151d\u0151 be\u00e1ll\u00edt\u00e1s mell\u00e9 t\u00e1rsulhat. Az \u00e9rz\u00e9kelt \u00e9rt\u00e9k \u00f6sszhangban van a konstrukci\u00f3val \u00e9s a tapint\u00e1ssal. Nem az a benyom\u00e1sod, hogy csak egy log\u00f3\u00e9rt fizetsz, hanem egy olyan alkatr\u00e9sz\u00e9rt, amely extra dimenzi\u00f3t ad a vezet\u00e9si \u00e9lm\u00e9nyhez.<\/p>\n<h2>Az \u00edt\u00e9let: a MOZA SGP szekvenci\u00e1lis v\u00e1lt\u00f3t v\u00e1lassza?<\/h2>\n<p>Egy szimul\u00e1toros versenyfelszerel\u00e9sben a MOZA SGP szekvenci\u00e1lis v\u00e1lt\u00f3 egy egy\u00e9rtelm\u0171en szenz\u00e1ci\u00f3orient\u00e1lt t\u00e9gl\u00e1t ad hozz\u00e1. Nem helyettes\u00edti a j\u00f3 hajt\u00f3karokat vagy a j\u00f3 l\u00e1ncszemeket, de bizonyos szak\u00e1gakban \u00e1talak\u00edtja a motoroz\u00e1st. Elmozdulunk a szinte kiz\u00e1r\u00f3lagos paddelhaszn\u00e1latt\u00f3l egy fizik\u00e1lisabb, elk\u00f6telezettebb vezet\u00e9si st\u00edlus fel\u00e9, ami megv\u00e1ltoztatja az aut\u00f3val val\u00f3 kapcsolatunkat.<\/p>\n<p>A piacon szil\u00e1rd k\u00f6z\u00e9pkateg\u00f3ri\u00e1s modellk\u00e9nt van poz\u00edcion\u00e1lva, f\u00e9l l\u00e1bbal a \"rajong\u00f3k\" vil\u00e1g\u00e1ban, an\u00e9lk\u00fcl, hogy a k\u00f6lts\u00e9gvet\u00e9st felrobbantan\u00e1. Komolyabb, mint egy bel\u00e9p\u0151 szint\u0171 v\u00e1lt\u00f3, kev\u00e9sb\u00e9 extr\u00e9m, mint egy ultra-pr\u00e9mium modell, \u00e9s egyens\u00falyra t\u00f6rekszik a hozz\u00e1f\u00e9rhet\u0151s\u00e9g, a min\u0151s\u00e9g \u00e9s a nyers \u00e9lvezet k\u00f6z\u00f6tt. Egy PC-k\u00f6zpont\u00fa be\u00e1ll\u00edt\u00e1shoz, k\u00fcl\u00f6n\u00f6sen, ha m\u00e1r benne vagy a MOZA \u00f6kosziszt\u00e9m\u00e1ban, gyorsan nagyon koherens v\u00e1laszt\u00e1ss\u00e1 v\u00e1lik.<\/p>\n<p>Egy\u00e9rtelm\u0171en aj\u00e1nlan\u00e1m azoknak a szimul\u00e1toros versenyz\u0151knek, akik rendszeresen vezetnek, szeretik a raliversenyeket, a t\u00faraaut\u00f3kat \u00e9s a vintage GT-ket, \u00e9s akik olyan kart szeretn\u00e9nek, amely val\u00f3di mechanikai \u00e9rt\u00e9ket ad hozz\u00e1 an\u00e9lk\u00fcl, hogy hatalmas beruh\u00e1z\u00e1st eszk\u00f6z\u00f6ln\u00e9nek. Az alkalmi konzolj\u00e1t\u00e9kosoknak, vagy azoknak, akik szinte soha nem hagyj\u00e1k a korm\u00e1nyker\u00e9kn\u00e9l a korm\u00e1nyt, nem lesz priorit\u00e1s.<\/p>\n<p>Ha egy kompakt, massz\u00edv, szekvenci\u00e1lis v\u00e1lt\u00f3t keresel, amely val\u00f3di mechanikus \u00e9rzetet ny\u00fajt, \u00e9s rengeteg fejleszt\u00e9si lehet\u0151s\u00e9get k\u00edn\u00e1l a be\u00e1ll\u00edt\u00e1saidban, a MOZA SGP szekvenci\u00e1lis v\u00e1lt\u00f3 mindent megv\u00e1ltoztathat.<\/p>","protected":false},"excerpt":{"rendered":"<p>Ez a v\u00e1lt\u00f3 sokkal fizik\u00e1lisabb \u00e9s bevont vezet\u00e9si \u00e9rz\u00e9st adott, k\u00fcl\u00f6n\u00f6sen a rally \u00e9s a retro GT-ben, \u00e9s igazi pluszt jelentett a sebess\u00e9gv\u00e1lt\u00e1sok tisztas\u00e1ga. Van \u00e9rtelme a rendszeres PC-s szimul\u00e1toros versenyz\u0151knek, akik m\u00e1r megfelel\u0151en felszereltek, \u00e9s szeretn\u00e9nek egy r\u00e9teg mechanikus mer\u00edt\u00e9st hozz\u00e1adni. Ez egy \u00e9sszer\u0171 befektet\u00e9s egy olyan be\u00e1ll\u00edt\u00e1shoz, amely felfel\u00e9 \u00edvel\u0151 \u00faton van.<\/p>","protected":false},"featured_media":101538,"comment_status":"open","ping_status":"closed","template":"","meta":{"_acf_changed":false,"_et_pb_use_builder":"","_et_pb_old_content":"","_et_gb_content_width":""},"product_brand":[165],"product_cat":[152],"product_tag":[149],"class_list":{"0":"post-101537","1":"product","2":"type-product","3":"status-publish","4":"has-post-thumbnail","6":"product_brand-moza-racing","7":"product_cat-levier-de-vitesse","8":"product_tag-pc","10":"first","11":"instock","12":"shipping-taxable","13":"product-type-external"},"acf":[],"_links":{"self":[{"href":"https:\/\/simracergear.com\/hu\/wp-json\/wp\/v2\/product\/101537","targetHints":{"allow":["GET"]}}],"collection":[{"href":"https:\/\/simracergear.com\/hu\/wp-json\/wp\/v2\/product"}],"about":[{"href":"https:\/\/simracergear.com\/hu\/wp-json\/wp\/v2\/types\/product"}],"replies":[{"embeddable":true,"href":"https:\/\/simracergear.com\/hu\/wp-json\/wp\/v2\/comments?post=101537"}],"wp:featuredmedia":[{"embeddable":true,"href":"https:\/\/simracergear.com\/hu\/wp-json\/wp\/v2\/media\/101538"}],"wp:attachment":[{"href":"https:\/\/simracergear.com\/hu\/wp-json\/wp\/v2\/media?parent=101537"}],"wp:term":[{"taxonomy":"product_brand","embeddable":true,"href":"https:\/\/simracergear.com\/hu\/wp-json\/wp\/v2\/product_brand?post=101537"},{"taxonomy":"product_cat","embeddable":true,"href":"https:\/\/simracergear.com\/hu\/wp-json\/wp\/v2\/product_cat?post=101537"},{"taxonomy":"product_tag","embeddable":true,"href":"https:\/\/simracergear.com\/hu\/wp-json\/wp\/v2\/product_tag?post=101537"}],"curies":[{"name":"wp","href":"https:\/\/api.w.org\/{rel}","templated":true}]}}