{"id":101543,"date":"2025-05-15T08:13:00","date_gmt":"2025-05-15T08:13:00","guid":{"rendered":"https:\/\/simracergear.com\/products\/moza-sr-p-accessory-kit\/"},"modified":"2025-11-28T05:54:09","modified_gmt":"2025-11-28T05:54:09","slug":"moza-sr-p-accessory-kit","status":"publish","type":"product","link":"https:\/\/simracergear.com\/hu\/products\/moza-sr-p-accessory-kit\/","title":{"rendered":"MOZA SR-P tartoz\u00e9kk\u00e9szlet"},"content":{"rendered":"<p>A MOZA SR-P Accessory Kit az a kis csomag, amelynek c\u00e9lja, hogy egy m\u00e1r am\u00fagy is tisztess\u00e9ges hajt\u00f3karos szettet valami sokkal komolyabb\u00e1 alak\u00edtson. Itt a MOZA SR-P leng\u0151karhoz k\u00e9sz\u00fclt friss\u00edt\u0151 k\u00e9szletr\u0151l van sz\u00f3: kem\u00e9nyebb rug\u00f3k, elasztomer blokkok a f\u00e9kped\u00e1lhoz, cs\u00fasz\u00e1sg\u00e1tl\u00f3 lemezek... Az \u00f6tlet egyszer\u0171: a val\u00f3s\u00e1gh\u0171s\u00e9g n\u00f6vel\u00e9se, k\u00fcl\u00f6n\u00f6sen a f\u00e9kez\u00e9shez, an\u00e9lk\u00fcl, hogy a leng\u0151kart le kellene cser\u00e9lni, vagy egyenesen egy cs\u00facsmodellre kellene v\u00e1ltani.<\/p>\n<p>Az azonnali vonzer\u0151 egy feszesebb, progressz\u00edvebb f\u00e9k \u00edg\u00e9rete, mint egy versenyped\u00e1l, egy teljes hardvercser\u00e9n\u00e9l j\u00f3val alacsonyabb \u00e1ron \u00e9s bonyolultabb m\u00f3don. Sok PC-s \u00e9s konzolos j\u00e1t\u00e9kos sz\u00e1m\u00e1ra, aki egy alap SR-P-vel rendelkezik, ez a k\u00e9szlet egyfajta k\u00f6nnyen telep\u00edthet\u0151 \"sportm\u00f3dot\" jelent.<\/p>\n<p>Az \u00e9n elemz\u00e9si szempontom teh\u00e1t egy\u00e9rtelm\u0171: ez a k\u00e9szlet val\u00f3ban megv\u00e1ltoztatja a f\u00e9k\u00e9rzetet \u00e9s az aut\u00f3 ir\u00e1ny\u00edthat\u00f3s\u00e1g\u00e1t, vagy csak egy sz\u00e9p, de n\u00e9lk\u00fcl\u00f6zhet\u0151 k\u00fcty\u00fc? A l\u00e1b alatti \u00e9rzetre, az \u00faj alkatr\u00e9szek \u00e9rz\u00e9kelhet\u0151 min\u0151s\u00e9g\u00e9re, a k\u00f6nny\u0171 felszerelhet\u0151s\u00e9gre \u00e9s mindenekel\u0151tt a k\u00f6rid\u0151kre \u00e9s az egyenletess\u00e9gre gyakorolt hat\u00e1s\u00e1ra fogok koncentr\u00e1lni. Mert a nap v\u00e9g\u00e9n az ember k\u00e9s\u0151bb, er\u0151sebben \u00e9s kontroll\u00e1ltabban akar f\u00e9kezni. Pontosan ez az a pont, ahol az ilyen t\u00edpus\u00fa k\u00e9szletnek k\u00fcl\u00f6nbs\u00e9get kell tennie.<\/p>\n<h2>Tervez\u00e9s \u00e9s gy\u00e1rt\u00e1s<\/h2>\n<p>A MOZA SR-P kieg\u00e9sz\u00edt\u0151 k\u00e9szlet az SR-P hajt\u00f3karhoz sz\u00e1nt kieg\u00e9sz\u00edt\u0151 alkatr\u00e9szekb\u0151l \u00e1ll. K\u00fcl\u00f6nb\u00f6z\u0151 kem\u00e9nys\u00e9g\u0171 rug\u00f3k, elasztomer blokkok a f\u00e9kped\u00e1l mozg\u00e1s\u00e1nak \u00e9s ellen\u00e1ll\u00e1s\u00e1nak modul\u00e1l\u00e1s\u00e1ra, valamint a sarok \u00e9s l\u00e1bujj stabilit\u00e1s\u00e1nak jav\u00edt\u00e1s\u00e1ra tervezett elemek. Vizu\u00e1lisan minden a MOZA hagyom\u00e1nyok szerint marad: f\u00e9m, tiszta fel\u00fcletek, j\u00f3zan, kiss\u00e9 \"ipari\" megjelen\u00e9s.<\/p>\n<p>A k\u00e9zben a rug\u00f3k felt\u0171n\u0151en merevek. Azonnal \u00e9rezni, hogy m\u00e1r nem egy bel\u00e9p\u0151 szint\u0171 hajt\u00f3kar rugalmass\u00e1g\u00e1val van dolgunk. A gumiblokkok (vagy az ezzel egyen\u00e9rt\u00e9k\u0171 elasztomer-kever\u00e9kek) megfelel\u0151 s\u0171r\u0171s\u00e9g\u0171 benyom\u00e1st keltenek, nem t\u00fal puh\u00e1k \u00e9s nem is t\u00fal m\u0171anyagosak. A f\u00e9m alkatr\u00e9szek \u00f6sszhangban vannak mag\u00e1val a forgatty\u00fask\u00e9szlettel, ami a tart\u00f3ss\u00e1g szempontj\u00e1b\u00f3l megnyugtat\u00f3.<\/p>\n<p>Az \u00f6sszeszerel\u00e9s bizalomgerjeszt\u0151: semmi sem t\u0171nik olcs\u00f3nak vagy t\u00f6r\u00e9kenynek. A beszerel\u00e9s ut\u00e1n az \u00faj alkatr\u00e9szek pontosan illeszkednek, nincs t\u00falzott j\u00e1t\u00e9k \u00e9s nincsenek parazita rezg\u00e9sek. T\u00e9nyleg egy \"feljav\u00edtott\" ped\u00e1lfal benyom\u00e1s\u00e1t kelti, nem pedig egy durva ut\u00e1ngy\u00e1rtott bark\u00e1csmunk\u00e1t. Tiszta, \u00e9les \u00e9s \u00f6sszhangban van a MOZA \u00f6kosziszt\u00e9ma t\u00f6bbi r\u00e9sz\u00e9vel.<\/p>\n<p>Ami kiss\u00e9 csal\u00f3d\u00e1st okozhat, az az, hogy alapvet\u0151en az alap nem egy terhel\u00e9sm\u00e9r\u0151. A tapint\u00e1s egy\u00e9rtelm\u0171en javult, de egy dedik\u00e1lt nyom\u00e1s\u00e9rz\u00e9kel\u0151vel nem \u00e9ri el var\u00e1zslatosan egy versenykaros hajt\u00f3kar szintj\u00e9t. A k\u00f6z\u00e9pkateg\u00f3ri\u00e1s forgatty\u00fas szettek m\u00e1s friss\u00edt\u0151 k\u00e9szleteivel \u00f6sszehasonl\u00edtva a MOZA SR-P kieg\u00e9sz\u00edt\u0151 k\u00e9szlet nagyj\u00e1b\u00f3l \u00e1tlagos: komoly, j\u00f3l fel\u00e9p\u00edtett, de az eredeti forgatty\u00faszett filoz\u00f3fi\u00e1ja miatt korl\u00e1tozott.<\/p>\n<h2>Be\u00e1ll\u00edt\u00e1sok, testreszab\u00e1s \u00e9s kompatibilit\u00e1s<\/h2>\n<p>A k\u00e9szlet c\u00e9lja, hogy az SR-P hajt\u00f3kar viselked\u00e9s\u00e9t a saj\u00e1t \u00edzl\u00e9se szerint alak\u00edthassa. A MOZA k\u00fcl\u00f6nb\u00f6z\u0151 rug\u00f3kat \u00e9s elasztomer blokk-konfigur\u00e1ci\u00f3kat k\u00edn\u00e1l, \u00edgy a meglehet\u0151sen progressz\u00edv, megbocs\u00e1t\u00f3 f\u00e9kt\u0151l a sokkal feszesebb, egy\u00fcl\u00e9ses vagy modern GT st\u00edlus\u00fa f\u00e9kig juthatsz. A be\u00e1ll\u00edt\u00e1s mechanikus: a blokkok helyzete, a rug\u00f3 kiv\u00e1laszt\u00e1sa, n\u00e9ha az el\u0151fesz\u00edt\u00e9s be\u00e1ll\u00edt\u00e1sa. Semmi lek\u00fczdhetetlen, de n\u00e9h\u00e1ny percet kell sz\u00e1nni a logika meg\u00e9rt\u00e9s\u00e9re.<\/p>\n<p>A tanul\u00e1si g\u00f6rbe \u00e9sszer\u0171. Ha m\u00e1r j\u00e1tszott\u00e1l kor\u00e1bban \u00e1ll\u00edthat\u00f3 hajt\u00f3karral, hamar belej\u00f6ssz a dologba. Ha ez az els\u0151 ilyen t\u00edpus\u00fa k\u00e9szleted, val\u00f3sz\u00edn\u0171leg t\u00f6bb pr\u00f3b\u00e1lkoz\u00e1son is \u00e1tm\u00e9sz, mire megtal\u00e1lod az \"\u00e9des pontot\". \u0150szint\u00e9n sz\u00f3lva, ez mind a m\u00f3ka r\u00e9sze: \u00e1ll\u00edtgatsz, tesztelsz, finomhangolsz. Hamarosan meg\u00e9rzi, mikor tal\u00e1lta meg a f\u00e9kez\u00e9si st\u00edlus\u00e1nak megfelel\u0151 kompromisszumot.<\/p>\n<p>A szoftveres oldalon minden a MOZA \u00f6kosziszt\u00e9m\u00e1n kereszt\u00fcl fut a PC-n, amely nem meglep\u0151 m\u00f3don felismeri az SR-P ped\u00e1llapot. Maga a k\u00e9szlet nem v\u00e1ltoztat a kompatibilit\u00e1son, \u00edgy ha a ped\u00e1llap m\u00e1r m\u0171k\u00f6dik a jelenlegi platformon (PC vagy konzol egy kompatibilis MOZA alapon kereszt\u00fcl), a kieg\u00e9sz\u00edt\u0151 k\u00e9szlet nem jelent probl\u00e9m\u00e1t. Ez nem egy \u00f6n\u00e1ll\u00f3 term\u00e9k, hanem egy tiszt\u00e1n hardveres kieg\u00e9sz\u00edt\u0151.<\/p>\n<p>Az \u00f6kosziszt\u00e9m\u00e1t tekintve nyilv\u00e1nval\u00f3an m\u00e9g mindig a MOZA csal\u00e1dban vagyunk: egy MOZA alaplappal \u00e9s egy ugyanatt\u00f3l a m\u00e1rk\u00e1t\u00f3l sz\u00e1rmaz\u00f3 korm\u00e1nyker\u00e9kkel egy\u00fctt haszn\u00e1lva az eg\u00e9sz csomag nagyon koherens. A k\u00e9szlethez szerelt SR-P hajt\u00f3karral egy k\u00f6z\u00e9pkateg\u00f3ri\u00e1s cockpit komolyabb alapj\u00e1v\u00e1 v\u00e1lik. Ez nem bel\u00e9p\u0151, de egy\u00e9rtelm\u0171en egy m\u00f3dja annak, hogy meghosszabb\u00edtsa a forgatty\u00fastag \u00e9lettartam\u00e1t, \u00e9s elhalassza azt a pillanatot, amikor meg kell fontolnia a dr\u00e1g\u00e1bb terhel\u00e9sm\u00e9r\u0151re vagy hidraulikus k\u00e9szletre val\u00f3 v\u00e1lt\u00e1st.<\/p>\n<h2>\u00c9rzelmek a t\u00e9t<\/h2>\n<p>A MOZA SR-P kieg\u00e9sz\u00edt\u0151 k\u00e9szletnek a virtu\u00e1lis p\u00e1ly\u00e1n kell igazolnia a l\u00e9tez\u00e9s\u00e9t. A legszembet\u0171n\u0151bb v\u00e1ltoz\u00e1s nyilv\u00e1nval\u00f3an a f\u00e9kped\u00e1lt \u00e9rinti. M\u00e1r az els\u0151 k\u00f6r\u00f6kt\u0151l kezdve feszesebbnek \u00e9s egyenletesebbnek \u00e9rz\u0151dik. Kev\u00e9sb\u00e9 t\u0171nik t\u00fals\u00e1gosan puha \"k\u00f6z\u00fati ped\u00e1lnak\", \u00e9s sokkal ink\u00e1bb olyan, mintha fokozatos ellen\u00e1ll\u00e1ssal szemben dolgozna, amely a l\u00f6ket v\u00e9g\u00e9n s\u0171r\u0171bb\u00e9 v\u00e1lik.<\/p>\n<p>Er\u0151s f\u00e9kez\u00e9skor az adagol\u00e1s intuit\u00edvabb\u00e1 v\u00e1lik. M\u00edg az eredeti SR-P gyorsan azt a benyom\u00e1st keltheti, hogy egy kicsit lebeg, k\u00fcl\u00f6n\u00f6sen, ha kem\u00e9nyen \u00e9s k\u00e9s\u0151n f\u00e9kez, a k\u00e9szlet val\u00f3di strukt\u00far\u00e1t ad a ped\u00e1lnak. Jobban \u00e9rzi a nyom\u00e1sszinteket. A l\u00e1bnak megvan a maga csap\u00e1gyazotts\u00e1ga. Tudod, mikor vagy k\u00f6zel a kerekek blokkol\u00e1s\u00e1hoz, \u00e9s pontosan ebben a z\u00f3n\u00e1ban tudsz maradni. Azonnal meg\u00e9rted, hogy mit csin\u00e1l az aut\u00f3.<\/p>\n<p>Kanyarod\u00e1skor, k\u00fcl\u00f6n\u00f6sen kem\u00e9ny f\u00e9kez\u00e9skor \u00e9s lefel\u00e9 haladva egy\u00e9rtelm\u0171 a k\u00fcl\u00f6nbs\u00e9g. A t\u00f6meg\u00e1tvitel egy\u00e9rtelm\u0171bb\u00e9 \u00e9s reproduk\u00e1lhat\u00f3bb\u00e1 v\u00e1lik. Kem\u00e9nyen f\u00e9kezhetsz a vonalban, majd fokozatosan engedhetsz, mik\u00f6zben az \u00e9rz\u00e9s egyenletes marad. Egy nem m\u00f3dos\u00edtott hajt\u00f3karhoz k\u00e9pest sokkal k\u00f6nnyebbnek tal\u00e1ltam a stabil p\u00e1lya megtart\u00e1s\u00e1t, amikor a f\u00e9ket elengedve regisztr\u00e1lod a kocsit. A k\u00e9szlet val\u00f3ban seg\u00edt abban, hogy finoms\u00e1gra \u00e9s magabiztoss\u00e1gra tegy\u00e9l szert.<\/p>\n<p>A tapad\u00e1si \u00e9rt\u00e9kek javulnak, k\u00fcl\u00f6n\u00f6sen hat\u00e1ron t\u00f6rt\u00e9n\u0151 f\u00e9kez\u00e9skor. Itt most nem az FFB-r\u0151l besz\u00e9l\u00fcnk, hanem arr\u00f3l, ahogyan a f\u00e9k a l\u00e1b alatt reag\u00e1l, seg\u00edt \u00e9rtelmezni, hogy mi t\u00f6rt\u00e9nik az els\u0151 kerekekn\u00e9l. K\u00f6nnyebb \u00e9rezni, ha t\u00falz\u00e1sba viszed a f\u00e9kez\u00e9st, vagy \u00e9pp ellenkez\u0151leg, ha kicsit k\u00e9s\u0151bb \u00e9s kicsit kem\u00e9nyebben tudsz f\u00e9kezni. A vibr\u00e1torokon a jobb l\u00e1b stabilit\u00e1sa jobb: az extra szil\u00e1rds\u00e1g korl\u00e1tozza a boka \u00f6nk\u00e9ntelen mikromozg\u00e1sait. A nyom\u00e1s jobban megmarad, m\u00e9g akkor is, ha az aut\u00f3 mozog.<\/p>\n<p>Hossz\u00fa munkamenetek sor\u00e1n ez a fajta kem\u00e9nyebb konfigur\u00e1ci\u00f3 f\u00e1raszt\u00f3 lehet, ha egy ultra puha forgatty\u00fashajt\u00e1sb\u00f3l \u00e9rkezik. A tartoz\u00e9kk\u00e9szlet azonban elegend\u0151 kombin\u00e1ci\u00f3t k\u00edn\u00e1l ahhoz, hogy megtal\u00e1ld azt a be\u00e1ll\u00edt\u00e1st, amely ig\u00e9nyes, de nem v\u00e1dlirombol\u00f3. A be\u00e1ll\u00edt\u00e1s ut\u00e1n az \u00e1lland\u00f3s\u00e1g egy\u00e9rtelm\u0171en jobb. Egyik k\u00f6r k\u00f6veti a m\u00e1sikat, kevesebb f\u00e9kez\u00e9si pontbeli elt\u00e9r\u00e9ssel. Ez az a pont, ahol a k\u00e9szlet val\u00f3ban megv\u00e1ltoztatja az \u00e9lm\u00e9nyt: m\u00e1r nem a ped\u00e1llal k\u00fczdesz, hanem a p\u00e1ly\u00e1ra koncentr\u00e1lsz.<\/p>\n<p>Gyors korrekci\u00f3kn\u00e1l, k\u00fcl\u00f6n\u00f6sen ideges aut\u00f3kn\u00e1l vagy v\u00e1ltoz\u00f3 tapad\u00e1si viszonyok k\u00f6z\u00f6tt, a kem\u00e9nyebb f\u00e9kped\u00e1l seg\u00edt a finom ir\u00e1ny\u00edt\u00e1s fenntart\u00e1s\u00e1ban. A m\u00e1sodperc t\u00f6red\u00e9ke alatt be\u00e1ll\u00edthatja a nyom\u00e1st an\u00e9lk\u00fcl, hogy v\u00e9letlen\u00fcl \"sz\u00e9tcsapn\u00e1\" a ped\u00e1lt. Ez a precizit\u00e1s nagy sebess\u00e9gn\u00e9l kiv\u00e1l\u00f3 kontroll\u00e9rzetet biztos\u00edt, m\u00e9g akkor is, ha nem egy nagyon j\u00f3, cs\u00facsmin\u0151s\u00e9g\u0171 ped\u00e1lterhel\u00e9s\u0171 ped\u00e1l szintj\u00e9n van.<\/p>\n<p>Az eredeti leng\u0151karokhoz vagy m\u00e1s, kev\u00e9sb\u00e9 fejlett rug\u00f3s modellekhez k\u00e9pest a MOZA SR-P ezzel a k\u00e9szlettel val\u00f3ban azt a benyom\u00e1st kelti, mintha sarkon fordult volna. Nem \u00e9ri el a pr\u00e9mium teherb\u00edr\u00e1s\u00fa teherb\u00edr\u00e1s\u00fa forgatty\u00fagarnit\u00far\u00e1k brutalit\u00e1s\u00e1t \u00e9s tiszta linearit\u00e1s\u00e1t, de az \u00e1ltal\u00e1nos \u00e9rzetet tekintve nagyon k\u00f6zel ker\u00fcl hozz\u00e1. Egy er\u0151sebb, magasabb kateg\u00f3ri\u00e1s be\u00e1ll\u00edt\u00e1ssal \u00f6sszehasonl\u00edtva m\u00e9g mindig van egy egy\u00e9rtelm\u0171 k\u00fcl\u00f6nbs\u00e9g a v\u00e9gs\u0151 pontoss\u00e1g \u00e9s a nyom\u00e1s apr\u00f3 elt\u00e9r\u00e9seire val\u00f3 \u00e9rz\u00e9kenys\u00e9g tekintet\u00e9ben, de a kieg\u00e9sz\u00edt\u0151 k\u00e9szlet kell\u0151k\u00e9ppen cs\u00f6kkenti a k\u00fcl\u00f6nbs\u00e9get ahhoz, hogy az SR-P nagyon fontos legyen egy k\u00f6z\u00e9phalad\u00f3 vagy halad\u00f3 szimul\u00e1toros versenyz\u0151 sz\u00e1m\u00e1ra, aki nem akarja elsz\u00farni a k\u00f6lts\u00e9gvet\u00e9s\u00e9t.<\/p>\n<h2>Kinek sz\u00f3l? Mit szeret\u00fcnk, mit nem szeret\u00fcnk<\/h2>\n<p>A MOZA SR-P kieg\u00e9sz\u00edt\u0151 k\u00e9szlet els\u0151sorban az SR-P leng\u0151karok tulajdonosainak sz\u00f3l, akik kezdik \u00e9rezni az eredeti f\u00e9k korl\u00e1tait. Tipikus profil: motiv\u00e1lt PC- vagy konzolj\u00e1t\u00e9kos, aki m\u00e1r j\u00f3l belevetette mag\u00e1t a szimul\u00e1toros versenyz\u00e9sbe, aki rendszeresen motorozik, id\u0151m\u00e9r\u0151ket, bajnoks\u00e1gokat vezet a lig\u00e1kban, vagy egyszer\u0171en csak jobb kontrollt szeretne versenyz\u00e9s k\u00f6zben. A teljesen kezd\u0151k is \u00e9rt\u00e9kelni fogj\u00e1k a nyeres\u00e9get, de a legt\u00f6bbet akkor profit\u00e1lnak ebb\u0151l a k\u00e9szletb\u0151l, ha m\u00e1r megtanult\u00e1k a f\u00e9kez\u00e9s alapjait.<\/p>\n<p>Amit a legjobban \u00e9rt\u00e9kelek, az a f\u00e9k\u00e9rzet jelent\u0151s javul\u00e1sa. A szil\u00e1rds\u00e1g \u00e9s a progresszivit\u00e1s n\u00f6veked\u00e9se azt jelenti, hogy k\u00e9s\u0151bb nagyobb magabiztoss\u00e1ggal f\u00e9kezhet. A m\u00e1sik er\u0151ss\u00e9g a modularit\u00e1s: t\u00f6bbf\u00e9le kombin\u00e1ci\u00f3s lehet\u0151s\u00e9g, val\u00f3di k\u00e9pess\u00e9g, hogy a viselked\u00e9st az \u00d6n vezet\u00e9si st\u00edlus\u00e1hoz igaz\u00edtsa. V\u00e9gezet\u00fcl, az \u00f6sszeszerel\u00e9s min\u0151s\u00e9ge olyan magas, mint amilyet egy tart\u00f3snak tervezett term\u00e9kt\u0151l elv\u00e1rhatsz. Semmi sem kelti azt a benyom\u00e1st, hogy m\u00e1r n\u00e9h\u00e1ny h\u00e9t ut\u00e1n cser\u00e9re szorulna.<\/p>\n<p>A korl\u00e1tok f\u0151k\u00e9nt az eredeti ped\u00e1lfal jelleg\u00e9b\u0151l ad\u00f3dnak. A friss\u00edt\u00e9s ellen\u00e9re az SR-P-t nem lehet egy csoda cs\u00facsmin\u0151s\u00e9g\u0171 leng\u0151karos szett\u00e9 alak\u00edtani: az abszol\u00fat pontoss\u00e1g egy j\u00f3 speci\u00e1lis teherb\u00edr\u00e1s\u00fa sz\u00e9ria alatt marad. M\u00e1sodik pont: be kell piszk\u00edtania a kez\u00e9t. Egyesek sz\u00e1m\u00e1ra ezek a mechanikus be\u00e1ll\u00edt\u00e1sok \u00e9s a k\u00fcl\u00f6nb\u00f6z\u0151 konfigur\u00e1ci\u00f3k tesztel\u00e9s\u00e9hez sz\u00fcks\u00e9ges sorozatos \u00f6sszeszerel\u00e9s\/ sz\u00e9tszerel\u00e9s unalmasnak t\u0171nhet. V\u00e9g\u00fcl, minden a MOZA \u00f6kosziszt\u00e9m\u00e1ban marad lez\u00e1rva: csak akkor besz\u00e9l\u00fcnk relev\u00e1ns befektet\u00e9sr\u0151l, ha hosszabb ideig sz\u00e1nd\u00e9kozik ezzel a hajt\u00f3karral maradni.<\/p>\n<p>Az \u00e9rt\u00e9ket tekintve az SR-P kieg\u00e9sz\u00edt\u0151 k\u00e9szlet egy intelligens friss\u00edt\u00e9s. Nem ez a legolcs\u00f3bb tartoz\u00e9k a felszerel\u00e9sedben, de a f\u00e9kez\u00e9si magabiztoss\u00e1g \u00e9s a k\u00f6vetkezetess\u00e9g n\u00f6veked\u00e9se \u00e9sszer\u0171 befektet\u00e9ss\u00e9 teszi, ha sokat motorozol, \u00e9s m\u00e1r j\u00f3l haszn\u00e1lod a jelenlegi felszerel\u00e9sedet. Kevesebb anyagi k\u00f6telezetts\u00e9get jelent, mint egy teljes hajt\u00f3karcsere, mik\u00f6zben val\u00f3di min\u0151s\u00e9gi ugr\u00e1st jelent a tapint\u00e1s tekintet\u00e9ben.<\/p>\n<h2>\u00cdt\u00e9let<\/h2>\n<p>A MOZA SR-P Accessory Kit nem v\u00e1ltoztatja meg a leng\u0151karok term\u00e9szet\u00e9t, de egy\u00e9rtelm\u0171en feszegeti a hat\u00e1rait. Egy k\u00f6z\u00e9pkateg\u00f3ri\u00e1s be\u00e1ll\u00edt\u00e1sn\u00e1l ez jellemz\u0151en az a friss\u00edt\u00e9s, amely a f\u00e9kez\u00e9sedet az \"ok\u00e9\"-b\u00f3l az \"igaz\u00e1n haszn\u00e1lhat\u00f3\"-ba emeli, hogy dolgozz a f\u00e9kez\u00e9si pontjaidon, az \u00e1lland\u00f3s\u00e1godon \u00e9s a magabiztoss\u00e1godon. Az SR-P leng\u0151kar komolyabb\u00e1, ig\u00e9nyesebb\u00e9 v\u00e1lik, de egyben kifizet\u0151d\u0151bb\u00e9 is, ha elsaj\u00e1t\u00edtod.<\/p>\n<p>A piacon ez a k\u00e9szlet egy j\u00f3l \u00e1tgondolt k\u00f6z\u00e9pkateg\u00f3ri\u00e1s friss\u00edt\u00e9sk\u00e9nt van pozicion\u00e1lva: nem ezoterikus, nem t\u00falm\u00e9retezett, de kell\u0151en kifinomult ahhoz, hogy val\u00f3di k\u00fcl\u00f6nbs\u00e9get tegyen a p\u00e1ly\u00e1n. Olyan szimul\u00e1toros versenyz\u0151ket c\u00e9loz meg, akik m\u00e1r egy kicsit elk\u00f6telezettek, akik ismerik az ig\u00e9nyeiket, \u00e9s akik egy\u00e9rtelm\u0171en \u00e9rzik a t\u00fal l\u00e1gy vagy t\u00fal k\u00f6zel\u00edt\u0151 f\u00e9k hat\u00e1rait. Az alkalmi kezd\u0151k sz\u00e1m\u00e1ra ez nem lesz priorit\u00e1s.<\/p>\n<p>Ha azt tervezi, hogy gyorsan \u00e1tt\u00e9r egy cs\u00facsmin\u0151s\u00e9g\u0171 terhel\u00e9sm\u00e9r\u0151 cell\u00e1ra vagy hidraulikus forgatty\u00fask\u00e9szletre, ez a k\u00e9szlet felesleges elterel\u00e9s lehet. M\u00e1sr\u00e9szt, ha a jelenlegi be\u00e1ll\u00edt\u00e1sait szeretn\u00e9 jav\u00edtani, a legt\u00f6bbet szeretn\u00e9 kihozni SR-P hajt\u00f3karj\u00e1b\u00f3l, \u00e9s egy l\u00e9p\u00e9ssel nagyobb f\u00e9kez\u00e9si pontoss\u00e1got szeretne el\u00e9rni, a MOZA SR-P kieg\u00e9sz\u00edt\u0151 k\u00e9szletnek t\u00f6k\u00e9letes \u00e9rtelme van. Ha szeretn\u00e9, hogy f\u00e9kjei feszesebbek, k\u00f6nnyebben leolvashat\u00f3ak \u00e9s k\u00f6vetkezetesebbek legyenek a nagy teljes\u00edtm\u00e9ny\u0171 motoroz\u00e1ssal, akkor ez a term\u00e9k egy\u00e9rtelm\u0171en sokat jav\u00edthat be\u00e1ll\u00edt\u00e1sain.<\/p>","protected":false},"excerpt":{"rendered":"<p>Ez a k\u00e9szlet azt az \u00e9rz\u00e9st keltette bennem, hogy egy tisztess\u00e9ges hajt\u00f3karral sokkal tiszt\u00e1bb, magabiztosabb f\u00e9kez\u00e9ss\u00e9 lehet alak\u00edtani, k\u00fcl\u00f6n\u00f6sen a f\u00e9kpontokon \u00e9s az \u00f6sszhangon val\u00f3 munk\u00e1hoz. Van \u00e9rtelme a m\u00e1r elk\u00f6telezett szimul\u00e1toros versenyz\u0151knek, akik az SR-P-j\u00fcket akarj\u00e1k kem\u00e9ny\u00edteni \u00e9s finom\u00edtani an\u00e9lk\u00fcl, hogy azonnal egy cs\u00facskateg\u00f3ri\u00e1s leng\u0151karra friss\u00edten\u00e9nek. Az \u00e1r-\u00e9rt\u00e9k ar\u00e1ny tov\u00e1bbra is koherens.<\/p>","protected":false},"featured_media":101544,"comment_status":"open","ping_status":"closed","template":"","meta":{"_acf_changed":false,"_et_pb_use_builder":"","_et_pb_old_content":"","_et_gb_content_width":""},"product_brand":[165],"product_cat":[153],"product_tag":[149],"class_list":{"0":"post-101543","1":"product","2":"type-product","3":"status-publish","4":"has-post-thumbnail","6":"product_brand-moza-racing","7":"product_cat-accessoires","8":"product_tag-pc","10":"first","11":"instock","12":"shipping-taxable","13":"product-type-external"},"acf":[],"_links":{"self":[{"href":"https:\/\/simracergear.com\/hu\/wp-json\/wp\/v2\/product\/101543","targetHints":{"allow":["GET"]}}],"collection":[{"href":"https:\/\/simracergear.com\/hu\/wp-json\/wp\/v2\/product"}],"about":[{"href":"https:\/\/simracergear.com\/hu\/wp-json\/wp\/v2\/types\/product"}],"replies":[{"embeddable":true,"href":"https:\/\/simracergear.com\/hu\/wp-json\/wp\/v2\/comments?post=101543"}],"wp:featuredmedia":[{"embeddable":true,"href":"https:\/\/simracergear.com\/hu\/wp-json\/wp\/v2\/media\/101544"}],"wp:attachment":[{"href":"https:\/\/simracergear.com\/hu\/wp-json\/wp\/v2\/media?parent=101543"}],"wp:term":[{"taxonomy":"product_brand","embeddable":true,"href":"https:\/\/simracergear.com\/hu\/wp-json\/wp\/v2\/product_brand?post=101543"},{"taxonomy":"product_cat","embeddable":true,"href":"https:\/\/simracergear.com\/hu\/wp-json\/wp\/v2\/product_cat?post=101543"},{"taxonomy":"product_tag","embeddable":true,"href":"https:\/\/simracergear.com\/hu\/wp-json\/wp\/v2\/product_tag?post=101543"}],"curies":[{"name":"wp","href":"https:\/\/api.w.org\/{rel}","templated":true}]}}