{"id":101587,"date":"2025-05-15T08:14:00","date_gmt":"2025-05-15T08:14:00","guid":{"rendered":"https:\/\/simracergear.com\/products\/simucube-2-sport\/"},"modified":"2025-11-28T06:00:08","modified_gmt":"2025-11-28T06:00:08","slug":"simucube-2-sport","status":"publish","type":"product","link":"https:\/\/simracergear.com\/hu\/products\/simucube-2-sport\/","title":{"rendered":"Simucube 2 Sport"},"content":{"rendered":"<h2>Simucube 2 Sport: az igazi bel\u00e9p\u0151 az \"igazi\" Direct Drive-hoz<\/h2>\n<p>A Simucube 2 Sport a piac egy nagyon k\u00fcl\u00f6nleges ter\u00fclet\u00e9n helyezkedik el: komolyabb \u00e9s teljesebb, mint egy t\u00f6megpiaci Direct Drive alap, de kev\u00e9sb\u00e9 extr\u00e9m (\u00e9s olcs\u00f3bb), mint egy ultraer\u0151s alap, amely a tiszta, k\u00f6ny\u00f6rtelen szimul\u00e1toroz\u00e1sra szolg\u00e1l. Tiszta, pontos, rendk\u00edv\u00fcl r\u00e9szletes visszajelz\u00e9st \u00edg\u00e9r, an\u00e9lk\u00fcl, hogy a nyers teljes\u00edtm\u00e9ny demonstr\u00e1l\u00e1s\u00e1nak csapd\u00e1j\u00e1ba esne.<\/p>\n<p>Az azonnali vonzer\u0151 az \"\u00e9des pont\" h\u00edrneve: elegend\u0151 nyomat\u00e9k mindenhez, nagyon tiszta \u00e9rz\u00e9s, szil\u00e1rd \u00f6kosziszt\u00e9ma, an\u00e9lk\u00fcl, hogy t\u00falz\u00e1sba esne. Ez tipikusan az a fajta alap, ami t\u00e9tov\u00e1z\u00e1sra k\u00e9szteti az embert: megtenni a l\u00e9p\u00e9st egy sz\u00edjjal vagy fogasker\u00e9kkel hajtott alapr\u00f3l, an\u00e9lk\u00fcl, hogy eg\u00e9szen a tartom\u00e1ny cs\u00facs\u00e1ig menne.<\/p>\n<p>Az \u00e9n szemsz\u00f6gem itt egyszer\u0171: a Simucube 2 Sport val\u00f3di el\u0151rel\u00e9p\u00e9st k\u00edn\u00e1l a pontoss\u00e1g, a visszajelz\u00e9s finoms\u00e1ga \u00e9s a k\u00f6nny\u0171 haszn\u00e1lat szempontj\u00e1b\u00f3l, \u00f6sszehasonl\u00edtva a k\u00f6nnyebben hozz\u00e1f\u00e9rhet\u0151 fogyaszt\u00f3i alapokkal? \u00c9s mindenekel\u0151tt, fenntarthat\u00f3 v\u00e1s\u00e1rl\u00e1s-e ez egy olyan ember sz\u00e1m\u00e1ra, aki komoly be\u00e1ll\u00edt\u00e1st szeretne, de nem felt\u00e9tlen\u00fcl versenyez minden este a bajnoks\u00e1gokban?<\/p>\n<h2>Tervez\u00e9s \u00e9s gy\u00e1rt\u00e1s: egy nagyon megnyugtat\u00f3 blokk<\/h2>\n<p>A Simucube 2 Sport vizu\u00e1lisan \u00e9s k\u00e9zben tartva azonnal a \"tiszta\", tart\u00f3s haszn\u00e1latra tervezett berendez\u00e9s benyom\u00e1s\u00e1t kelti. A f\u00e9mv\u00e1z massz\u00edv, tiszta sz\u00f6gekkel \u00e9s j\u00f3zan, d\u00edsztelen kivitelben. T\u00e9nyleg az a benyom\u00e1sod, hogy ink\u00e1bb egy miniat\u00fcriz\u00e1lt ipari blokkot kezelsz, mint egy j\u00e1t\u00e9korient\u00e1lt j\u00e1t\u00e9kot.<\/p>\n<p>A merevs\u00e9g kiv\u00e1l\u00f3. Egyszer egy komoly pil\u00f3taf\u00fclk\u00e9be szerelve egy millim\u00e9tert sem mozdul. Nincs \u00e9rz\u00e9kelhet\u0151 hajl\u00edt\u00e1s, nincs m\u00e1s parazita rezg\u00e9s, mint amit maga a motor gener\u00e1l. \u00c9rezhet\u0151, hogy a karossz\u00e9ri\u00e1t \u00fagy tervezt\u00e9k, hogy meging\u00e1s n\u00e9lk\u00fcl b\u00edrja a hossz\u00fa \u00fcl\u00e9sszakokat.<\/p>\n<p>S\u0171r\u0171s\u00e9g\u00e9t \u00e9s fizikai \u00e9rzet\u00e9t tekintve neh\u00e9z \u00e9s kompakt, a megnyugtat\u00f3 \"megmunk\u00e1lt alum\u00edniumdarab\" \u00e9rz\u00e9ssel. Az illeszt\u00e9sek tiszt\u00e1k, az \u00e9lek j\u00f3l kidolgozottak, \u00e9s az eg\u00e9sz dolog azonnal bizalmat \u00e9breszt. Ez egy\u00e9rtelm\u0171en egy olyan term\u00e9k, amelyet \u00e9vekig tart\u00f3 t\u00e1rol\u00e1sra terveztek.<\/p>\n<p>Ami meglep\u0151, az pontosan ez a j\u00f3zans\u00e1g: nincsenek agressz\u00edv LED-ek, nincs hivalkod\u00f3 diz\u00e1jn. Ez egy eszk\u00f6z, nem egy k\u00fcty\u00fc. Egyesek sz\u00e1m\u00e1ra lehet, hogy hi\u00e1nyzik bel\u0151le egy kis vizu\u00e1lis \"wow\", ha egy ink\u00e1bb j\u00e1t\u00e9korient\u00e1lt \u00f6kosziszt\u00e9m\u00e1b\u00f3l \u00e9rkezik, de ez teljesen \u00f6sszhangban van a term\u00e9k c\u00e9lj\u00e1val.<\/p>\n<p>B\u00e1rmilyen csal\u00f3d\u00e1s a tartoz\u00e9kokb\u00f3l sz\u00e1rmazhat: meglehet\u0151sen szabv\u00e1nyos k\u00e1belek, nem k\u00fcl\u00f6n\u00f6sebben pr\u00e9mium felfog\u00e1sban, \u00e9s funkcion\u00e1lis csomagol\u00e1s, l\u00e1tv\u00e1nyos \"kicsomagol\u00e1si\" hat\u00e1s n\u00e9lk\u00fcl. N\u00e9h\u00e1ny er\u0151sen piacos\u00edtott fogyaszt\u00f3i alaphoz k\u00e9pest az a benyom\u00e1sunk, hogy a Simucube a motorblokkra \u00e9s nem a kozmetik\u00e1ra koncentr\u00e1l.<\/p>\n<p>A k\u00f6z\u00e9pkateg\u00f3ri\u00e1s sz\u00edjhajt\u00e1shoz k\u00e9pest a konstrukci\u00f3 min\u0151s\u00e9ge egy\u00e9rtelm\u0171en javult: s\u0171r\u0171bb, merevebb, komolyabb. Az ugyanebben a szegmensben l\u00e9v\u0151 Direct Drive versenyt\u00e1rsakkal \u00f6sszehasonl\u00edtva, az \u00e1ltal\u00e1nos kivitelez\u00e9s \u00e9s az \u00e9rz\u00e9kelt szil\u00e1rds\u00e1g tekintet\u00e9ben egy\u00e9rtelm\u0171en a piac fels\u0151 hat\u00e1r\u00e1n vagyunk.<\/p>\n<h2>Be\u00e1ll\u00edt\u00e1sok, testreszab\u00e1s \u00e9s kompatibilit\u00e1s: hat\u00e9kony, de id\u0151ig\u00e9nyes<\/h2>\n<p>A Simucube 2 Sport vez\u00e9rl\u00e9se h\u00e1zon bel\u00fcli szoftverrel (TrueDrive) t\u00f6rt\u00e9nik, amely k\u00f6zpontos\u00edtja a profilokat, FFB sz\u0171r\u0151ket \u00e9s f\u0151 be\u00e1ll\u00edt\u00e1sokat. Az interf\u00e9sz nem a legj\u00e1t\u00e9kosabb a piacon, de logikus \u00e9s meglehet\u0151sen vil\u00e1gos, ha meg\u00e9rti a m\u00f6g\u00f6tte l\u00e9v\u0151 filoz\u00f3fi\u00e1t. K\u00f6zelebb \u00e1ll egy technikai vez\u00e9rl\u0151panelhez, mint egy egyszer\u0171s\u00edtett fogyaszt\u00f3i alkalmaz\u00e1shoz.<\/p>\n<p>A f\u0151 j\u00e1t\u00e9kok alapbe\u00e1ll\u00edt\u00e1sai nagyon hasznosak. Lehet\u0151v\u00e9 teszik, hogy egy m\u00e1r tiszta be\u00e1ll\u00edt\u00e1ssal kezdjen, majd fokozatosan be\u00e1ll\u00edtsa azt a saj\u00e1t preferenci\u00e1inak megfelel\u0151en. Itt kezd \u00e9rdekes lenni a dolog: az alapbe\u00e1ll\u00edt\u00e1sok el\u00e9g nagyfok\u00fa kontrollt biztos\u00edtanak a v\u00e9gs\u0151 \u00e9rzet (csillap\u00edt\u00e1s, s\u00farl\u00f3d\u00e1s, tehetetlens\u00e9g, rekonstrukci\u00f3s sz\u0171r\u0151k stb.) felett, de k\u00f6nnyen elveszhetsz, ha mindent az elej\u00e9t\u0151l fogva szeretn\u00e9l \u00e9rinteni.<\/p>\n<p>A tanul\u00e1si g\u00f6rbe ez\u00e9rt egy kicsit meredekebb, mint egy bel\u00e9p\u0151 szint\u0171 vagy k\u00f6z\u00e9pkateg\u00f3ri\u00e1s plug-and-play alapn\u00e1l. Fel kell k\u00e9sz\u00fclni arra, hogy egy kis id\u0151t kell elt\u00f6lteni a tesztel\u00e9ssel, finomhangol\u00e1ssal \u00e9s visszal\u00e9p\u00e9sekkel. A megfelel\u0151 be\u00e1ll\u00edt\u00e1sok megtal\u00e1l\u00e1sa ut\u00e1n a b\u00e1zis nagyon konzisztens \u00e9s rendk\u00edv\u00fcl \u00e9lvezetes lesz, de egy\u00e9rtelm\u0171en van egy \"hangol\u00e1si\" f\u00e1zis.<\/p>\n<p>A kompatibilit\u00e1s szempontj\u00e1b\u00f3l ez egy PC-orient\u00e1lt term\u00e9k. A konzolok nem a term\u00e9szetes j\u00e1tsz\u00f3tere, \u00e9s ezt a kulcsfontoss\u00e1g\u00fa szempontot nem szabad elfelejteni. Ha az \u00f6kosziszt\u00e9m\u00e1d konzolk\u00f6zpont\u00fa, nem ez a legmegfelel\u0151bb alap. M\u00e1sr\u00e9szt PC-n a modern szimul\u00e1torok t\u00f6bbs\u00e9ge nagyon j\u00f3l kezelhet\u0151.<\/p>\n<p>Sz\u00e1mos hardver csatlakoztathat\u00f3 hozz\u00e1: gyorskiold\u00f3s korm\u00e1nyker\u00e9k, hajt\u00f3kar, v\u00e1lt\u00f3, k\u00e9zif\u00e9k, minden, amit csak akarsz, felt\u00e9ve, hogy a PC felismeri. A Simucube gyorskiold\u00f3 megb\u00edzhat\u00f3, stabil \u00e9s praktikus, \u00edgy a korm\u00e1nyker\u00e9k napi szint\u0171 cser\u00e9je \u00e9lm\u00e9ny.<\/p>\n<p>A sk\u00e1l\u00e1zhat\u00f3s\u00e1g szempontj\u00e1b\u00f3l ez egy\u00e9rtelm\u0171en egy olyan alap, amelyet hossz\u00fa ideig megtarthat. Sok szimul\u00e1toros sz\u00e1m\u00e1ra \u00e9rkez\u00e9si pontk\u00e9nt van pozicion\u00e1lva: ha m\u00e1r motiv\u00e1lt vagy, r\u00f6gt\u00f6n elkezdheted, \u00e9s nem v\u00e1lik korl\u00e1toz\u00f3v\u00e1, ahogy haladsz el\u0151re. Nem kell nagyobb dolgokra t\u00f6rekedned ahhoz, hogy j\u00f3l teljes\u00edts.<\/p>\n<h2>J\u00e1t\u00e9kszenz\u00e1ci\u00f3k: a Simucube 2 Sport teszi a k\u00fcl\u00f6nbs\u00e9get<\/h2>\n<p>A megfelel\u0151 be\u00e1ll\u00edt\u00e1s ut\u00e1n a Simucube 2 Sport tiszta, olvashat\u00f3 er\u0151visszacsatol\u00e1st biztos\u00edt, olyan pontoss\u00e1ggal, amely val\u00f3ban megv\u00e1ltoztatja az aut\u00f3 \u00e9rz\u00e9kel\u00e9s\u00e9t. A korm\u00e1nyker\u00e9k terhel\u00e9s\u00e9nek mikro-v\u00e1ltoz\u00e1sait nagyon tiszt\u00e1n \u00e9rezheti, an\u00e9lk\u00fcl, hogy valaha is az a benyom\u00e1sa t\u00e1madna, mintha \"zavaros\" jelet kapna, vagy mintha a motor mechanikusan h\u00e1tramenetbe ker\u00fclne.<\/p>\n<p>A kanyarod\u00e1s nagyon term\u00e9szetes. A nyomat\u00e9k n\u00f6veked\u00e9se a gumiabroncsok terhel\u00e9s\u00e9nek n\u00f6veked\u00e9s\u00e9vel fokozatosan \u00e9s foly\u00e9konyan, mesters\u00e9ges r\u00e1zk\u00f3d\u00e1sok n\u00e9lk\u00fcl t\u00f6rt\u00e9nik. \u00c9rezni lehet, ahogy az aut\u00f3 belenyugszik a leszor\u00edt\u00f3er\u0151be, majd a kanyarb\u00f3l kifel\u00e9 j\u00f6vet enyh\u00fcl. A korm\u00e1nyz\u00e1s nem csak \"s\u00falyt\" ad, hanem text\u00far\u00e1t is. Gyorsan meg\u00e9rted, mi t\u00f6rt\u00e9nik az els\u0151 kerekek alatt.<\/p>\n<p>A markolatolvas\u00e1s az egyik er\u0151ss\u00e9ge. Vil\u00e1gosan \u00e9rezhet\u0151, amikor az eleje cs\u00faszni kezd, \u00e9s ink\u00e1bb fokozatos \u00e1tmenetet biztos\u00edt, mint hirtelen le\u00e1ll\u00e1st. Ez a finoms\u00e1g nagy magabiztoss\u00e1got ad: mer egy kicsit kem\u00e9nyebben nyomni a bej\u00e1ratn\u00e1l, a kanyar k\u00f6zep\u00e9n korrig\u00e1lni, \u00e9s kij\u00f6vetelkor korrig\u00e1lni. A b\u00e1zis nem csak egy nagy l\u00f6k\u00e9st ad, hanem megmagyar\u00e1zza, hogy mi t\u00f6rt\u00e9nik.<\/p>\n<p>A vibr\u00e1torokon az \u00e9rz\u00e9s nyilv\u00e1nval\u00f3an a j\u00e1t\u00e9kt\u00f3l f\u00fcgg, de az alap k\u00e9pes a profilokat j\u00f3 tisztas\u00e1ggal reproduk\u00e1lni an\u00e9lk\u00fcl, hogy agressz\u00edvv\u00e1 v\u00e1lna. A lapos vibr\u00e1torok kis, struktur\u00e1lt rezg\u00e9seknek, m\u00edg a nagy vibr\u00e1torok k\u00f6zvetlenebb \u00fct\u00e9seknek hangzanak. Ami igaz\u00e1n kellemes, az a mechanikus zajok hi\u00e1nya: amit igaz\u00e1n \u00e9rez, az a j\u00e1t\u00e9kb\u00f3l \u00e9rkez\u0151 jel, nem pedig egy sz\u00edj vagy fogasker\u00e9k csattog\u00e1sa.<\/p>\n<p>Gyors korrekci\u00f3k eset\u00e9n a reakci\u00f3k\u00e9szs\u00e9g kiv\u00e1l\u00f3. Amikor a h\u00e1ts\u00f3 fut\u00f3m\u0171 elakad, az alap azonnal k\u00f6veti a mozg\u00e1st, \u00e9rz\u00e9kelhet\u0151 k\u00e9sleltet\u00e9s n\u00e9lk\u00fcl, \u00edgy a t\u00falkorm\u00e1nyzotts\u00e1got teljesen term\u00e9szetesen lehet megfogni. A korm\u00e1nyker\u00e9k j\u00f3l fekszik a kezedben, el\u00e9g tehetetlens\u00e9ggel ahhoz, hogy \u00e9rezd az aut\u00f3t, de \"l\u00e9gkalap\u00e1cs\" hat\u00e1s n\u00e9lk\u00fcl. \u00dagy \u00e9rzi, hogy kapcsolatban van, nem pedig s\u00fcrgetve.<\/p>\n<p>Hossz\u00fa munkamenetek sor\u00e1n az FFB konzisztenci\u00e1ja \u00e9rt\u00e9kelhet\u0151. Nincs ideges\u00edt\u0151 bemeleged\u00e9s, nincs elt\u00e9r\u00e9s a viselked\u00e9sben. A teljes\u00edtm\u00e9ny stabil marad, \u00e9s az \u00e9rz\u00e9s sok k\u00f6r ut\u00e1n is ugyanaz marad. A f\u00e1rad\u00e1s els\u0151sorban att\u00f3l f\u00fcgg, hogy milyen teljes\u00edtm\u00e9nyt v\u00e1laszt. A Sport b\u0151ven el\u00e9g ahhoz, hogy pr\u00f3b\u00e1ra tegye a karjait, ha kem\u00e9nyen haszn\u00e1lja, de m\u00e9rs\u00e9keltebb teljes\u00edtm\u00e9nyszinteken is nagyon j\u00f3l haszn\u00e1lhat\u00f3, mik\u00f6zben az inform\u00e1ci\u00f3k finoms\u00e1ga megmarad.<\/p>\n<p>Term\u00e9szetesen a hagyom\u00e1nyos sz\u00edjhajt\u00e1shoz k\u00e9pest a k\u00fcl\u00f6nbs\u00e9g nem annyira a \"nagyobb teljes\u00edtm\u00e9ny\", mint ink\u00e1bb a \"jobb teljes\u00edtm\u00e9ny\". A tisztas\u00e1g, a r\u00e9szletess\u00e9g \u00e9s a reakci\u00f3k\u00e9szs\u00e9g ter\u00e9n nyer\u00fcnk. M\u00edg egy sz\u00edjhajt\u00e1s mindent megsz\u0171rne \u00e9s lekerek\u00edtene, itt minden k\u00f6zvetlenebb, \u00e9lesebb \u00e9s k\u00e9sleltet\u00e9smentes. Az a benyom\u00e1sunk, hogy az aut\u00f3 v\u00e9gre tiszt\u00e1n besz\u00e9l.<\/p>\n<p>Az ugyanabb\u00f3l a csal\u00e1db\u00f3l sz\u00e1rmaz\u00f3 vagy m\u00e1s m\u00e1rk\u00e1j\u00fa, nagyobb teljes\u00edtm\u00e9ny\u0171 Direct Drive b\u00e1zissal \u00f6sszehasonl\u00edtva a Simucube 2 Sport nagyon j\u00f3l teljes\u00edt a jelmin\u0151s\u00e9g tekintet\u00e9ben. Amit elvesz\u00edt\u00fcnk, az az extr\u00e9m nyomat\u00e9ktartal\u00e9k, ami k\u00fcl\u00f6n\u00f6sen hasznos azok sz\u00e1m\u00e1ra, akik hatalmas er\u0151vel akarnak vezetni, vagy nagyon neh\u00e9z aut\u00f3kat szimul\u00e1lnak a val\u00f3s\u00e1ghoz nagyon k\u00f6zeli fizikai szinteken. A gyakorlatban a szimul\u00e1torosok t\u00f6bbs\u00e9ge sz\u00e1m\u00e1ra a Sport t\u00f6bb mint elegend\u0151 er\u0151t k\u00edn\u00e1l ahhoz, hogy kem\u00e9nyen, hossz\u00fa ideig, nagyon j\u00f3 ir\u00e1ny\u00edthat\u00f3s\u00e1ggal vezessen.<\/p>\n<p>\u00d6sszess\u00e9g\u00e9ben az \u00e9lm\u00e9ny egyszerre mag\u00e1val ragad\u00f3 \u00e9s ir\u00e1ny\u00edthat\u00f3. Az az \u00e9rz\u00e9sed, hogy komoly felszerel\u00e9sben vagy, amelyet teljes\u00edtm\u00e9nyre terveztek, de amely m\u00e9gis haszn\u00e1lhat\u00f3 a mindennapokban an\u00e9lk\u00fcl, hogy kimer\u00edten\u00e9d magad vagy harcolnod kellene a g\u00e9ppel. Ez az, ahol az alap igaz\u00e1n megv\u00e1ltoztatja az \u00e9lm\u00e9nyt.<\/p>\n<h2>Kinek sz\u00f3l? Mit szeret\u00fcnk, mit nem szeret\u00fcnk<\/h2>\n<p>A Simucube 2 Sport egy\u00e9rtelm\u0171en a k\u00f6z\u00e9phalad\u00f3 \u00e9s halad\u00f3 PC-s j\u00e1t\u00e9kosoknak, vagy a motiv\u00e1lt kezd\u0151knek sz\u00f3l, akik m\u00e1r tudj\u00e1k, hogy messzire akarnak jutni a szimul\u00e1toros versenyz\u00e9sben. Ha f\u0151leg heti egyszer j\u00e1tszol relax\u00e1ci\u00f3s m\u00f3dban konzolon, akkor egy\u00e9rtelm\u0171en t\u00fal halad\u00f3 \u00e9s nem el\u00e9gg\u00e9 plug-and-play. Ha viszont ig\u00e9nyes szimul\u00e1toroz\u00e1ssal t\u00f6lt\u00f6d az id\u0151det, ak\u00e1r sz\u00f3l\u00f3ban, ak\u00e1r bajnoks\u00e1gban, akkor kezd sok \u00e9rtelme lenni.<\/p>\n<p>A pozit\u00edvumok k\u00f6z\u00fcl az els\u0151 az er\u0151visszacsatol\u00e1s min\u0151s\u00e9ge: tiszta, pontos \u00e9s r\u00e9szletes. Ez t\u00e9nyleg a term\u00e9k sz\u00edve. A m\u00e1sodik a nagyon komoly konstrukci\u00f3, amely a robusztuss\u00e1g \u00e9s tart\u00f3ss\u00e1g benyom\u00e1s\u00e1t kelti, ami indokolja a hossz\u00fa t\u00e1v\u00fa befektet\u00e9st. A harmadik er\u0151ss\u00e9g az \u00e1ltala k\u00edn\u00e1lt fejleszt\u00e9si lehet\u0151s\u00e9g: egyszer\u0171 el\u0151be\u00e1ll\u00edt\u00e1sokkal kezdheti, majd finom\u00edthatja azokat, megv\u00e1ltoztathatja a korm\u00e1nykereket, fejlesztheti a pil\u00f3taf\u00fclk\u00e9t, an\u00e9lk\u00fcl, hogy valaha is \u00fagy \u00e9rezn\u00e9, hogy az alap korl\u00e1tozn\u00e1.<\/p>\n<p>Ami a korl\u00e1tokat illeti, az els\u0151 nyilv\u00e1nval\u00f3 korl\u00e1t a val\u00f3di konzolorient\u00e1ci\u00f3 hi\u00e1nya. Egy t\u00f6bbplatformos telep\u00edt\u00e9shez nem a legjobb v\u00e1laszt\u00e1s. A m\u00e1sodik a be\u00e1ll\u00edt\u00e1sok megtanul\u00e1sa: annak, aki \"csak bedugja, \u00e9s m\u00e1r m\u0171k\u00f6dik is, k\u00e9rd\u00e9s n\u00e9lk\u00fcl\", els\u0151re kiss\u00e9 technikai jelleg\u0171nek t\u0171nhet. Harmadszor, az \u00e1ra egy\u00e9rtelm\u0171en befektet\u00e9sk\u00e9nt poz\u00edcion\u00e1lja: ez egy komoly term\u00e9k, amelyhez bizonyos \u00f6sszegre van sz\u00fcks\u00e9g, k\u00fcl\u00f6n\u00f6sen, ha a be\u00e1ll\u00edt\u00e1sokat egy j\u00f3 pil\u00f3taf\u00fclk\u00e9vel \u00e9s egy min\u0151s\u00e9gi korm\u00e1nyker\u00e9kkel kell kieg\u00e9sz\u00edteni.<\/p>\n<p>Az \u00e9rz\u00e9kelt \u00e9rt\u00e9k szempontj\u00e1b\u00f3l a Simucube 2 Sport j\u00f3l meg\u00e1llja a hely\u00e9t: ez nem egy impulzusv\u00e1s\u00e1rl\u00e1s, hanem egy megfontolt v\u00e1laszt\u00e1s egy olyan be\u00e1ll\u00edt\u00e1shoz, amelynek ki kell \u00e1llnia az id\u0151 pr\u00f3b\u00e1j\u00e1t. Ugyanannyit fizet az \u00e9p\u00edt\u00e9si min\u0151s\u00e9g\u00e9rt, mint az FFB jel min\u0151s\u00e9g\u00e9\u00e9rt. Ha \u00fagy tekint r\u00e1, mint egy olyan alapra, amelyet t\u00f6bb \u00e9vig fog tartani, a kiad\u00e1s logikusabb\u00e1 v\u00e1lik.<\/p>\n<h2>\u00cdt\u00e9let: egy komoly pivot egy teljes\u00edtm\u00e9ny-orient\u00e1lt PC be\u00e1ll\u00edt\u00e1shoz<\/h2>\n<p>A Simucube 2 Sport val\u00f3ban megv\u00e1ltoztatja a be\u00e1ll\u00edt\u00e1s gerinc\u00e9t. Egy olyan korm\u00e1nyker\u00e9kr\u0151l, amely az aut\u00f3 egy sz\u0171rt, kiss\u00e9 lekerek\u00edtett v\u00e1ltozat\u00e1t k\u00f6zvet\u00edti, egy olyan alapra v\u00e1lt, amely hozz\u00e1f\u00e9r\u00e9st biztos\u00edt egy finomabb, \u00f6sszef\u00fcgg\u0151bb, k\u00f6zvetlenebb szint\u0171 inform\u00e1ci\u00f3hoz. Ez tipikusan az a fajta felszerelts\u00e9g, amely teljesen \u00faj szintre emeli a magabiztoss\u00e1got \u00e9s az \u00f6sszhangot, k\u00fcl\u00f6n\u00f6sen, ha egy sz\u00edjhajt\u00e1s\u00fa alapr\u00f3l \u00e9rkezel.<\/p>\n<p>A piacon a Direct Drive PC univerzum k\u00f6z\u00e9p- \u00e9s fels\u0151 kateg\u00f3ri\u00e1s term\u00e9kek\u00e9nt van poz\u00edcion\u00e1lva. Nem a leger\u0151sebb, de az \u00e9p\u00edt\u00e9si min\u0151s\u00e9g \u00e9s a jelmin\u0151s\u00e9g tekintet\u00e9ben egy\u00e9rtelm\u0171en pr\u00e9mium kateg\u00f3ri\u00e1s. Ez egy sarkalatos pont: a mainstream felett, az extr\u00e9m alatt, val\u00f3di relevanci\u00e1val az ig\u00e9nyes szimul\u00e1torosok t\u00f6bbs\u00e9ge sz\u00e1m\u00e1ra.<\/p>\n<p>Azoknak aj\u00e1nlan\u00e1m, akik f\u0151leg PC-n vezetnek, akik egy tiszta, megb\u00edzhat\u00f3 Direct Drive kereket szeretn\u00e9nek, amelyet nem akarnak majd egy \u00e9v m\u00falva lecser\u00e9lni. Ha egy konzolbar\u00e1t alapot keresel, amellyel rendk\u00edv\u00fcl k\u00f6nny\u0171 megbar\u00e1tkozni, vagy ha sz\u0171k\u00f6s a k\u00f6lts\u00e9gvet\u00e9sed, m\u00e1s lehet\u0151s\u00e9geknek t\u00f6bb \u00e9rtelme lesz.<\/p>\n<p>Ha egy komoly, pontos, tart\u00f3s Direct Drive-ot keresel egy val\u00f3di PC-s szimul\u00e1toros versenyfelszerel\u00e9s fel\u00e9p\u00edt\u00e9s\u00e9hez, a Simucube 2 Sport egy\u00e9rtelm\u0171en k\u00fcl\u00f6nbs\u00e9get tehet a be\u00e1ll\u00edt\u00e1sodban.<\/p>","protected":false},"excerpt":{"rendered":"<p>A Simucube 2 Sport olyan \u00e9rz\u00e9st keltett bennem, mintha egy sokkal tiszt\u00e1bb \u00e9s koherensebb korm\u00e1nyker\u00e9kre v\u00e1ltottam volna, amely val\u00f3ban tiszt\u00e1zza, hogy mi t\u00f6rt\u00e9nik a kerekek alatt an\u00e9lk\u00fcl, hogy megpr\u00f3b\u00e1lna t\u00falz\u00f3 lenni. Mindenekel\u0151tt a motiv\u00e1lt PC-s szimul\u00e1torosoknak van \u00e9rtelme, akik hajland\u00f3ak egy kis id\u0151t fektetni a tuningba \u00e9s egy komoly be\u00e1ll\u00edt\u00e1sba. Ennek alapj\u00e1n a befektet\u00e9s \u00f6sszess\u00e9g\u00e9ben koherensnek \u00e9s fenntarthat\u00f3nak t\u0171nik.<\/p>","protected":false},"featured_media":100284,"comment_status":"open","ping_status":"closed","template":"","meta":{"_acf_changed":false,"_et_pb_use_builder":"","_et_pb_old_content":"","_et_gb_content_width":""},"product_brand":[154],"product_cat":[155],"product_tag":[149],"class_list":{"0":"post-101587","1":"product","2":"type-product","3":"status-publish","4":"has-post-thumbnail","6":"product_brand-simucube","7":"product_cat-base","8":"product_tag-pc","10":"first","11":"instock","12":"shipping-taxable","13":"product-type-external"},"acf":[],"_links":{"self":[{"href":"https:\/\/simracergear.com\/hu\/wp-json\/wp\/v2\/product\/101587","targetHints":{"allow":["GET"]}}],"collection":[{"href":"https:\/\/simracergear.com\/hu\/wp-json\/wp\/v2\/product"}],"about":[{"href":"https:\/\/simracergear.com\/hu\/wp-json\/wp\/v2\/types\/product"}],"replies":[{"embeddable":true,"href":"https:\/\/simracergear.com\/hu\/wp-json\/wp\/v2\/comments?post=101587"}],"wp:featuredmedia":[{"embeddable":true,"href":"https:\/\/simracergear.com\/hu\/wp-json\/wp\/v2\/media\/100284"}],"wp:attachment":[{"href":"https:\/\/simracergear.com\/hu\/wp-json\/wp\/v2\/media?parent=101587"}],"wp:term":[{"taxonomy":"product_brand","embeddable":true,"href":"https:\/\/simracergear.com\/hu\/wp-json\/wp\/v2\/product_brand?post=101587"},{"taxonomy":"product_cat","embeddable":true,"href":"https:\/\/simracergear.com\/hu\/wp-json\/wp\/v2\/product_cat?post=101587"},{"taxonomy":"product_tag","embeddable":true,"href":"https:\/\/simracergear.com\/hu\/wp-json\/wp\/v2\/product_tag?post=101587"}],"curies":[{"name":"wp","href":"https:\/\/api.w.org\/{rel}","templated":true}]}}