{"id":101589,"date":"2025-05-15T08:14:00","date_gmt":"2025-05-15T08:14:00","guid":{"rendered":"https:\/\/simracergear.com\/products\/simucube-tahko-gt-21-wireless-wheel\/"},"modified":"2025-11-28T06:01:32","modified_gmt":"2025-11-28T06:01:32","slug":"simucube-tahko-gt-21-wireless-wheel","status":"publish","type":"product","link":"https:\/\/simracergear.com\/hu\/products\/simucube-tahko-gt-21-wireless-wheel\/","title":{"rendered":"Simucube Tahko GT-21 vezet\u00e9k n\u00e9lk\u00fcli ker\u00e9k"},"content":{"rendered":"<h2>Simucube Tahko GT-21 vezet\u00e9k n\u00e9lk\u00fcli ker\u00e9k: v\u00e9lem\u00e9nyem a haszn\u00e1lat ut\u00e1n<\/h2>\n<p>A k\u00f6zvetlen meghajt\u00e1s\u00fa b\u00e1zisokhoz k\u00e9sz\u00fclt cs\u00facskateg\u00f3ri\u00e1s korm\u00e1nykerekek szegmens\u00e9ben a Simucube Tahko GT-21 vezet\u00e9k n\u00e9lk\u00fcli korm\u00e1nyker\u00e9k egy\u00e9rtelm\u0171en komoly versenyz\u0151nek sz\u00e1m\u00edt. Ez egy olyan korm\u00e1nyker\u00e9k, amelyet \u00fagy terveztek, hogy er\u0151teljes alapokhoz illeszkedjen, rezg\u00e9s \u00e9s hajl\u00edt\u00e1s n\u00e9lk\u00fcl, mik\u00f6zben el\u00e9g sokoldal\u00faan haszn\u00e1lhat\u00f3 GT-, t\u00fara- vagy raliversenyz\u00e9shez.<\/p>\n<p>Mindenekel\u0151tt k\u00e9t dolgot \u00edg\u00e9r: t\u00f6k\u00e9letes integr\u00e1ci\u00f3t a Simucube \u00f6kosziszt\u00e9m\u00e1ba k\u00e1belek n\u00e9lk\u00fcl, \u00e9s \"profi\" \u00e9rz\u00e9st a k\u00e9zben, gyors hozz\u00e1f\u00e9r\u00e9st a versenyz\u00e9shez sz\u00fcks\u00e9ges \u00f6sszes be\u00e1ll\u00edt\u00e1shoz. Ez egy korm\u00e1nyker\u00e9k azoknak, akik egy l\u00e9p\u00e9ssel tov\u00e1bb akarnak menni az \u00e9rzet \u00e9s az ergon\u00f3mia tekintet\u00e9ben, an\u00e9lk\u00fcl, hogy az ultraspecifikus korm\u00e1nykerekek (p\u00e9ld\u00e1ul csak F1) csapd\u00e1j\u00e1ba esn\u00e9nek.<\/p>\n<p>Az \u00e9n szemsz\u00f6gem itt egyszer\u0171: ez a Tahko GT-21 val\u00f3ban nagyobb pontoss\u00e1got, haszn\u00e1lati k\u00e9nyelmet \u00e9s bizalmat k\u00edn\u00e1l, mint az egyszer\u0171bb vagy mainstream kerekek? \u00c9s mindenekel\u0151tt, igazolja-e az \u00e1r\u00e1t egy teljes\u00edtm\u00e9nyorient\u00e1lt be\u00e1ll\u00edt\u00e1sban?<\/p>\n<h2>A Simucube Tahko GT-21 tervez\u00e9se \u00e9s gy\u00e1rt\u00e1sa<\/h2>\n<p>A k\u00e9zben a Tahko GT-21 azonnal komolys\u00e1got sug\u00e1roz. A korm\u00e1nyker\u00e9k teste f\u00e9mb\u0151l k\u00e9sz\u00fclt, a t\u00f6m\u00f6rs\u00e9g \u00e9s a merevs\u00e9g \u00e9rzet\u00e9t kelti. Semmi sem mozdul, semmi sem nyikorog, m\u00e9g akkor sem, ha egy teljesen megterhelt Direct Drive alapon vissza\u00e9lnek vele. A korm\u00e1ny nem hajlik meg, amikor nagy terhel\u00e9s alatt h\u00fazza: \u00e9rezhet\u0151, hogy a szerkezetet a nyomat\u00e9k kezel\u00e9s\u00e9re tervezt\u00e9k.<\/p>\n<p>A markolatokat nem b\u0151r vagy alcantara, hanem textur\u00e1lt gumi\/szilikon t\u00edpus\u00fa anyag bor\u00edtja. Ez tudatos v\u00e1laszt\u00e1s: a fog\u00e1s nagyon j\u00f3, m\u00e9g kiss\u00e9 nyirkos k\u00e9zzel is, \u00e9s a karbantart\u00e1s is egyszer\u0171bb, mint egy sz\u00f6vetbor\u00edt\u00e1ssal. A markolat form\u00e1ja kellemes, kiss\u00e9 vastag profilja j\u00f3l kit\u00f6lti a kezet. Olyan \u00e9rz\u00e9s, mint egy szil\u00e1rd \"blokk\", nincs benne \u00fcreg vagy j\u00e1t\u00e9k.<\/p>\n<p>A gombok j\u00f3l igazodnak egym\u00e1shoz, tiszta kattan\u00e1ssal, amely nem t\u00fal kem\u00e9ny \u00e9s nem is t\u00fal l\u00e1gy. Ink\u00e1bb t\u0171nik \"profi hangszernek\", mint egyszer\u0171 j\u00e1t\u00e9kvez\u00e9rl\u0151nek. A forg\u00f3k\u00f3dok \u00e9s az impulzusv\u00e1laszt\u00f3k szint\u00e9n a cs\u00facsmin\u0151s\u00e9g\u0171 \u00e9rz\u00e9st adj\u00e1k, b\u00e1r n\u00e9h\u00e1nyan \u00e9rt\u00e9kelni fogj\u00e1k a m\u00e9g hangs\u00falyosabb bev\u00e1g\u00e1st a menet k\u00f6zbeni be\u00e1ll\u00edt\u00e1sokhoz.<\/p>\n<p>A sebess\u00e9gv\u00e1lt\u00f3 lap\u00e1tok f\u00e9mesek \u00e9s hat\u00e1rozottak, meglehet\u0151sen hangos kattan\u00e1ssal. Minden v\u00e1lt\u00e1st \u00e9rezhet\u00fcnk, \u00e9s soha nincs k\u00e9ts\u00e9g\u00fcnk afel\u0151l, hogy aktiv\u00e1lt\u00e1k-e. Ez meglep\u0151 lehet, ha l\u00e1gyabb, halkabb lap\u00e1tokr\u00f3l \u00e9rkezik, de dinamikus vezet\u00e9sn\u00e9l ez a hat\u00e1rozott reakci\u00f3 val\u00f3ban \u00e9rtelmet nyer.<\/p>\n<p>Ami kiss\u00e9 csal\u00f3d\u00e1st okozhat, az a vizu\u00e1lis \"wow\" hat\u00e1sok hi\u00e1nya, amelyeket n\u00e9h\u00e1ny nagyon show-orient\u00e1lt korm\u00e1nyker\u00e9ken l\u00e1thatunk: nincs integr\u00e1lt k\u00e9perny\u0151, nincs agressz\u00edv RGB, nincs felt\u0171n\u0151 design. A Tahko GT-21 ink\u00e1bb haszn\u00e1lati t\u00e1rgy, ink\u00e1bb \"munkaeszk\u00f6z\", mint kirakat. N\u00e9h\u00e1ny versenyt\u00e1rsa magasan diz\u00e1jnolt korm\u00e1ny\u00e1val \u00f6sszehasonl\u00edtva ez j\u00f3zanabbnak, szinte szigor\u00fabbnak t\u0171nik, de hossz\u00fa munkamenetekhez is koherensebb.<\/p>\n<h2>Be\u00e1ll\u00edt\u00e1sok, testreszab\u00e1s \u00e9s kompatibilit\u00e1s<\/h2>\n<p>A Tahko GT-21-et \u00fagy tervezt\u00e9k, hogy t\u00f6k\u00e9letesen integr\u00e1l\u00f3djon a Simucube \u00f6kosziszt\u00e9m\u00e1ba, k\u00fcl\u00f6n\u00f6sen a nat\u00edv vezet\u00e9k n\u00e9lk\u00fcli megold\u00e1son kereszt\u00fcl. A Simucube b\u00e1zissal val\u00f3 p\u00e1ros\u00edt\u00e1sa egyszer\u0171 \u00e9s stabil: nincs tekercselt k\u00e1bel, nincs csatlakoz\u00f3, amivel foglalkozni kell, csak csatlakoztassa a korm\u00e1nyt a gyorskiold\u00f3hoz, \u00e9s m\u00e1ris k\u00e9szen \u00e1ll. A gyakorlatban rendk\u00edv\u00fcl k\u00e9nyelmes a mindennapokban.<\/p>\n<p>Ami a be\u00e1ll\u00edt\u00e1sokat illeti, a f\u0151 vonzer\u0151t a korm\u00e1nyker\u00e9k \u00e9s a Simucube szoftver kombin\u00e1ci\u00f3ja jelenti. A Tahko gombjai, k\u00f3dol\u00f3i \u00e9s kapcsol\u00f3i k\u00f6nny\u0171 hozz\u00e1f\u00e9r\u00e9st biztos\u00edtanak a kulcsfontoss\u00e1g\u00fa funkci\u00f3khoz: a motorf\u00e9kez\u00e9s, a TC, az ABS be\u00e1ll\u00edt\u00e1sa, a t\u00e9rk\u00e9pek m\u00f3dos\u00edt\u00e1sa, a j\u00e1t\u00e9kbeli men\u00fck navig\u00e1l\u00e1sa \u00e9s \u00edgy tov\u00e1bb. Gyorsan be\u00e1ll\u00edthat egy logikus elrendez\u00e9st az egyes aut\u00f3t\u00edpusokhoz, majd elfelejtheti. Minden gondolkod\u00e1s n\u00e9lk\u00fcl a hely\u00e9re ker\u00fcl.<\/p>\n<p>A tanul\u00e1si g\u00f6rbe tov\u00e1bbra is \u00e9sszer\u0171. Rengeteg vez\u00e9rl\u0151elem \u00e1ll rendelkez\u00e9sre, de ezek eloszl\u00e1sa meglehet\u0151sen intuit\u00edv. Az alkalmi vezet\u0151knek egy kis id\u0151re lesz sz\u00fcks\u00e9g\u00fck ahhoz, hogy megjegyezz\u00e9k, melyik gombot mihez rendelt\u00e9k, de semmi sem akad\u00e1lyozza \u0151ket ebben. Az olyan szimul\u00e1torokhoz, mint az ACC, az iRacing vagy az rFactor hozz\u00e1szokottak sz\u00e1m\u00e1ra a szervez\u00e9s gyorsan \u00e9rtelmet nyer.<\/p>\n<p>Ami a kompatibilit\u00e1st illeti, a Tahko GT-21 egy\u00e9rtelm\u0171en els\u0151sorban a PC-t c\u00e9lozza meg. A Simucube saj\u00e1t fejleszt\u00e9s\u0171 vezet\u00e9k n\u00e9lk\u00fcli csatlakoztathat\u00f3s\u00e1g\u00e1t a m\u00e1rka alapegys\u00e9geihez tervezt\u00e9k, \u00e9s a term\u00e9k ebben a kontextusban \u00e9rv\u00e9nyes\u00fcl igaz\u00e1n. Konzolokon a haszn\u00e1lat nagyban f\u00fcgg az alapt\u00f3l \u00e9s a haszn\u00e1lt rendszert\u0151l: ez nem egy olyan ker\u00e9k, amelyet els\u0151sorban a fogyaszt\u00f3i platformokon val\u00f3 plug-and-playre terveztek.<\/p>\n<p>Ami az \u00f6kosziszt\u00e9m\u00e1t illeti, a Tahko GT-21 t\u00f6k\u00e9letesen illeszkedik egy teljes Simucube be\u00e1ll\u00edt\u00e1shoz, Direct Drive l\u00e1ncfut\u00f3val, cs\u00facsmodell hajt\u00f3karral, szekvenci\u00e1lis v\u00e1lt\u00f3val \u00e9s k\u00e9zif\u00e9kkel. T\u00f6bbc\u00e9l\u00fa GT-ker\u00e9kk\u00e9nt m\u0171k\u00f6dik, amelyet a legt\u00f6bb sport\u00e1gban \u00e1ltal\u00e1ban \u00f6sszeszerelve hagynak. Annak, aki hossz\u00fa t\u00e1v\u00fa setupot \u00e9p\u00edt, ez egy\u00e9rtelm\u0171en egy tart\u00f3s alkatr\u00e9sz, nem pedig egy egyszer\u0171 bel\u00e9p\u00e9si pont, amelyet gyorsan le kell cser\u00e9lni.<\/p>\n<h2>Simucube Tahko GT-21: \u00e9rz\u00e9sek a j\u00e1t\u00e9kban<\/h2>\n<p>A p\u00e1ly\u00e1n a Tahko GT-21 hagyja, hogy a Direct Drive alap besz\u00e9ljen, ami pontosan az, amit egy ilyen szint\u0171 korm\u00e1nyker\u00e9kt\u0151l elv\u00e1rhatunk. Az els\u0151 dolog, ami felt\u0171nik, az a parazita hajl\u00edt\u00e1s hi\u00e1nya. Amikor egy hossz\u00fa, gyors kanyarban t\u00e1mad, a korm\u00e1nyker\u00e9k t\u00f6k\u00e9letesen merev marad, az er\u0151k k\u00f6zvetlen\u00fcl a virtu\u00e1lis gumikr\u00f3l az \u00d6n kez\u00e9be jutnak. Nincs torzi\u00f3, ami megzavarn\u00e1 az er\u0151visszacsatol\u00e1st, nincs j\u00e1t\u00e9k a markolatokban: csak a j\u00e1t\u00e9k alapvet\u0151 fizik\u00e1j\u00e1t \u00e9rzed.<\/p>\n<p>A visszajelz\u00e9s pontoss\u00e1ga kiv\u00e1l\u00f3. Egy GT3\/technikai p\u00e1lya kombin\u00e1ci\u00f3ban k\u00f6nny\u0171 leolvasni a tapad\u00e1s mikrov\u00e1ltoz\u00e1sait: az els\u0151 r\u00e9sz enyhe k\u00f6nny\u00edt\u00e9se a bej\u00e1ratn\u00e1l, a tapad\u00e1s visszanyer\u00e9se az akkordpontn\u00e1l, kontroll\u00e1lt cs\u00fasz\u00e1s az \u00fajb\u00f3li gyors\u00edt\u00e1sn\u00e1l. A ker\u00e9k nagyon h\u0171s\u00e9ges \"\u00e9rz\u00e9kel\u0151k\u00e9nt\" m\u0171k\u00f6dik, an\u00e9lk\u00fcl, hogy tomp\u00edtan\u00e1 vagy elt\u00falozn\u00e1 a jeleket. Azonnal meg\u00e9rti, hogy mit csin\u00e1l az aut\u00f3.<\/p>\n<p>A vibr\u00e1torokon a korm\u00e1nyker\u00e9k egy\u00e9rtelm\u0171en reproduk\u00e1lja a text\u00far\u00e1t \u00e9s a frekvenci\u00e1t, an\u00e9lk\u00fcl, hogy minden vibr\u00e1tort brut\u00e1lis remeg\u00e9ss\u00e9 v\u00e1ltoztatna. A j\u00f3l hangolt alappal a Tahko lehet\u0151v\u00e9 teszi, hogy \u00e9rezz\u00fck, hogy egy kicsit t\u00fals\u00e1gosan feljebb megy\u00fcnk a kolb\u00e1szon, pontosan a meg\u00e1ll\u00e1sn\u00e1l maradunk, vagy t\u00fals\u00e1gosan visszav\u00e1gunk. A modul\u00e1ci\u00f3 finom, \u00e9s meg tudja k\u00fcl\u00f6nb\u00f6ztetni a lapos \u00e9s az agressz\u00edv vibr\u00e1torokat. Ez hatalmas seg\u00edts\u00e9g, amikor centim\u00e9terre pontosan kell poz\u00edcion\u00e1lni az aut\u00f3t.<\/p>\n<p>Gyors szekvenci\u00e1kn\u00e1l vagy kanyarokb\u00f3l val\u00f3 kics\u00fasz\u00e1sn\u00e1l a gyors korrekci\u00f3kn\u00e1l az ir\u00e1ny\u00edt\u00e1s kiv\u00e1l\u00f3. A korm\u00e1nyker\u00e9k merevs\u00e9g\u00e9nek \u00e9s a markolatok form\u00e1j\u00e1nak k\u00f6sz\u00f6nhet\u0151en k\u00f6nny\u0171 elkapni a sodr\u00f3d\u00e1st an\u00e9lk\u00fcl, hogy mag\u00e1val a felszerel\u00e9ssel kellene k\u00fczdeni. Kicsit nagyobb szabads\u00e1got adhatsz az aut\u00f3nak, tudva, hogy megvan a kell\u0151 reakci\u00f3k\u00e9szs\u00e9ged ahhoz, hogy elkapd. A hagyom\u00e1nyos sz\u00edjas alapon gyakran \u00e9rezhet\u0151 egy kis \"lemarad\u00e1s\" vagy simas\u00e1g, amely elt\u00fcnteti a visszat\u00e9r\u00e9si cs\u00facsokat: itt minden gyorsabban, k\u00f6zvetlenebb\u00fcl t\u00f6rt\u00e9nik.<\/p>\n<p>Hossz\u00fa munkamenetek sor\u00e1n a k\u00e9nyelem tov\u00e1bbra is nagyon j\u00f3. A markolatok nem f\u00e1jnak, m\u00e9g keszty\u0171ben sem. A tapad\u00e1s \u00e1lland\u00f3 marad, \u00e9s a bevonat nem cs\u00faszik az izzads\u00e1gt\u00f3l. A korm\u00e1ny merevs\u00e9ge azt is jelenti, hogy nem kell agg\u00f3dnia az elmos\u00f3dott korm\u00e1nyz\u00e1s kompenz\u00e1l\u00e1sa miatt: minden er\u0151kifejt\u00e9snek egy\u00e9rtelm\u0171 eredm\u00e9nye van a k\u00e9perny\u0151n. Hossz\u00fa ideig vezethet an\u00e9lk\u00fcl, hogy \u00fagy \u00e9rezn\u00e9, hogy k\u00fczd az anyaggal.<\/p>\n<p>Egy egyszer\u0171bb vagy kev\u00e9sb\u00e9 er\u0151s alapra szerelt korm\u00e1nyker\u00e9kkel \u00f6sszehasonl\u00edtva a k\u00fcl\u00f6nbs\u00e9g els\u0151sorban az inform\u00e1ci\u00f3k egy\u00e9rtelm\u0171s\u00e9g\u00e9ben \u00e9s a bizalomban rejlik, amelyet az \u00e9rz\u00e9kelt dolgok ir\u00e1nt tan\u00fas\u00edthat. Egy sz\u00edjhajt\u00e1s\u00fa alapon vagy egy bel\u00e9p\u0151 szint\u0171 korm\u00e1nyker\u00e9ken bizonyos jelek elhalv\u00e1nyulnak vagy \u00f6sszekeverednek. A Tahko GT-21 egy j\u00f3 Simucube alapon minden esem\u00e9nynek egy\u00e9rtelm\u0171 al\u00e1\u00edr\u00e1sa van: az alulkorm\u00e1nyzotts\u00e1g kezdete, a h\u00e1ts\u00f3 tapad\u00e1s elveszt\u00e9se, enyhe ker\u00e9kblokkol\u00e1s, egy vibr\u00e1tor deform\u00e1ci\u00f3ja stb.<\/p>\n<p>A m\u00e9g fejlettebb korm\u00e1nyokhoz k\u00e9pest, mint p\u00e9ld\u00e1ul az extr\u00e9m m\u00e1gneses lap\u00e1tokkal \u00e9s fed\u00e9lzeti k\u00e9perny\u0151kkel ell\u00e1tott ultra egy\u00fcl\u00e9ses modellek, a Tahko egy kicsit \u00e1ltal\u00e1nosabb, egy kicsit kev\u00e9sb\u00e9 \"hardcore racing\" sz\u00ednvonal\u00fa. De a vezet\u00e9si \u00e9rzetet tekintve az alap teszi a legt\u00f6bbet, \u00e9s a Tahko szemrebben\u00e9s n\u00e9lk\u00fcl k\u00f6veti ezt. Ami itt a k\u00fcl\u00f6nbs\u00e9get jelenti, az a k\u00f6vetkezetess\u00e9g \u00e9s a robusztuss\u00e1g, \u00e9s az a t\u00e9ny, hogy mindent megtehet egyetlen korm\u00e1nyker\u00e9kkel an\u00e9lk\u00fcl, hogy korl\u00e1tok k\u00f6z\u00e9 szor\u00edtva \u00e9rezn\u00e9 mag\u00e1t.<\/p>\n<h2>Kinek sz\u00f3l? Mit szeret\u00fcnk, mit nem szeret\u00fcnk<\/h2>\n<p>A Simucube Tahko GT-21 els\u0151sorban a k\u00f6z\u00e9phalad\u00f3 \u00e9s halad\u00f3 szimul\u00e1torosok sz\u00e1m\u00e1ra k\u00e9sz\u00fclt, akik m\u00e1r rendelkeznek (vagy tervezik egy Direct Drive b\u00e1zis beszerz\u00e9s\u00e9t), ide\u00e1lis esetben egy Simucube-ot. Motiv\u00e1lt kezd\u0151k is \u00e9rdekl\u0151dhetnek, ha egyb\u0151l egy ambici\u00f3zus setupot \u00e9p\u00edtenek, de ez nem egy bevezet\u0151 ker\u00e9k, \"hogy megn\u00e9zd, tetszik-e\". Ez egy\u00e9rtelm\u0171en egy befektet\u00e9si term\u00e9k, amely olyan felhaszn\u00e1l\u00f3knak sz\u00f3l, akik tudj\u00e1k, hogy id\u0151t fognak t\u00f6lteni a virtu\u00e1lis p\u00e1ly\u00e1n.<\/p>\n<p>Amit a legjobban \u00e9rt\u00e9kelek, az a rendszer \u00e1ltal\u00e1nos merevs\u00e9ge. \u00c9rezhet\u0151, hogy a korm\u00e1nyker\u00e9k meging\u00e1s n\u00e9lk\u00fcl ellen\u00e1ll az er\u0151teljes al\u00e1t\u00e1maszt\u00e1s er\u0151inek, ami tiszta, \u00e9les \u00e9s nagyon egyenletes \u00e9rz\u00e9st eredm\u00e9nyez, m\u00e9g a leghevesebb f\u00e1zisokban is. M\u00e1sodszor, a kezel\u0151szervek ergon\u00f3mi\u00e1ja igazi siker: rengeteg gomb \u00e9s k\u00f3dol\u00f3, de j\u00f3l elrendezve, a versenyz\u00e9sben kulcsfontoss\u00e1g\u00fa funkci\u00f3khoz k\u00f6nny\u0171 hozz\u00e1f\u00e9r\u00e9ssel. V\u00e9g\u00fcl a Simucube vezet\u00e9k n\u00e9lk\u00fcli integr\u00e1ci\u00f3ja igazi plusz a mindennapi haszn\u00e1latban: nincsenek k\u00e1belek, nincsenek komplik\u00e1ci\u00f3k, \u00e9s \u00e9szrevehetetlen k\u00e9sleltet\u00e9s a j\u00e1t\u00e9k sor\u00e1n. Csak bedugod, vezeted, \u00e9s k\u00e9sz.<\/p>\n<p>M\u00e1sr\u00e9szr\u0151l viszont tiszt\u00e1n kell l\u00e1tnunk a korl\u00e1tokat is. Az els\u0151 egy\u00e9rtelm\u0171en a PC \/ Simucube \u00f6kosziszt\u00e9ma-orient\u00e1lt pozicion\u00e1l\u00e1s: konzolon vagy m\u00e1s alapokon az \u00e9rdekess\u00e9g k\u00e9rd\u00e9sesebb\u00e9 v\u00e1lik. A m\u00e1sodik a nagyon j\u00f3zan eszt\u00e9tikai megk\u00f6zel\u00edt\u00e9s: nincs fed\u00e9lzeti k\u00e9perny\u0151, nincsenek vizu\u00e1lis sallangok, ami frusztr\u00e1lhatja azokat, akik szeretik az \"F1 pil\u00f3taf\u00fclke az ablakban\" kin\u00e9zetet. A harmadik az \u00e1r, amely a Tahko GT-21-et a pr\u00e9mium kateg\u00f3ri\u00e1ba sorolja: az \u00e9p\u00edt\u00e9si min\u0151s\u00e9g\u00e9rt \u00e9s az integr\u00e1ci\u00f3\u00e9rt fizet, de biztosnak kell lennie abban, hogy hossz\u00fa t\u00e1von haszn\u00e1lni fogja.<\/p>\n<p>Az \u00e9rz\u00e9kelt \u00e9rt\u00e9ket tekintve, egy olyan felhaszn\u00e1l\u00f3 sz\u00e1m\u00e1ra, aki m\u00e1r elk\u00f6telezte mag\u00e1t egy komoly Direct Drive be\u00e1ll\u00edt\u00e1s mellett, a befektet\u00e9snek van \u00e9rtelme: k\u00e9nyelmet, megb\u00edzhat\u00f3s\u00e1got \u00e9s tiszta visszajelz\u00e9st nyerhet, egy olyan korm\u00e1nyker\u00e9kkel, amely \u00e9vekig a be\u00e1ll\u00edt\u00e1s k\u00f6z\u00e9ppontj\u00e1ban maradhat. Valaki sz\u00e1m\u00e1ra, aki m\u00e9g hezit\u00e1l t\u00f6bb platform k\u00f6z\u00f6tt, vagy aki f\u0151leg alkalmank\u00e9nt teker, a v\u00e1s\u00e1rl\u00e1s t\u00fal\u00e1razottnak t\u0171nhet. Ez egy olyan korm\u00e1ny, amelynek t\u00f6k\u00e9letes \u00e9rtelme van egy kiforrott szimul\u00e1toros projekthez, nem pedig egy egyszer\u0171 kezd\u0151 teszthez.<\/p>\n<h2>\u00cdt\u00e9let: a Tahko GT-21 egy szimul\u00e1toros versenyfelszerel\u00e9sben<\/h2>\n<p>A Simucube Tahko GT-21 vezet\u00e9k n\u00e9lk\u00fcli ker\u00e9k mindenekel\u0151tt egy dolgot v\u00e1ltoztat meg egy be\u00e1ll\u00edt\u00e1sban: azt, ahogyan a Direct Drive alap kompromisszumok n\u00e9lk\u00fcl kifejezheti mag\u00e1t. Megsz\u00fcnteti a potenci\u00e1lis gyenge l\u00e1ncszemet az alap \u00e9s a kezek k\u00f6z\u00f6tt, merevs\u00e9get, pontoss\u00e1got \u00e9s val\u00f3ban versenyorient\u00e1lt ergon\u00f3mi\u00e1t biztos\u00edt. Azt az \u00e9rz\u00e9st kapod, hogy egy megb\u00edzhat\u00f3, k\u00f6vetkezetes eszk\u00f6zzel rendelkezel, amely hossz\u00fa \u00f3r\u00e1kig tart\u00f3 motoroz\u00e1sra is k\u00e9szen \u00e1ll.<\/p>\n<p>A piacon egy\u00e9rtelm\u0171en pr\u00e9mium GT\/multifunkci\u00f3s korm\u00e1nyker\u00e9kk\u00e9nt van poz\u00edcion\u00e1lva, amelyet a fels\u0151 kateg\u00f3ri\u00e1s alapok sz\u00e1m\u00e1ra terveztek. Nem pr\u00f3b\u00e1l a legl\u00e1tv\u00e1nyosabb vagy legl\u00e1tv\u00e1nyosabb lenni, hanem ink\u00e1bb a legkoherensebb \u00e9s legrobosztusabb a Simucube k\u00f6rnyezetben. Ez egy kulcsfontoss\u00e1g\u00fa term\u00e9k mindazok sz\u00e1m\u00e1ra, akik egyetlen, mindenre komolyan k\u00e9pes f\u0151korm\u00e1nyt szeretn\u00e9nek.<\/p>\n<p>Egy\u00e9rtelm\u0171en aj\u00e1nlom a Direct Drive alapot haszn\u00e1l\u00f3 PC-s szimul\u00e1torosoknak, k\u00fcl\u00f6n\u00f6sen azoknak, akik m\u00e1r Simucube-ra v\u00e1ltottak vagy v\u00e1ltani akarnak, \u00e9s egy \"univerz\u00e1lis\" korm\u00e1nykereket keresnek GT, prot\u00f3, t\u00fara \u00e9s rally versenyz\u00e9shez. A csak konzolos felhaszn\u00e1l\u00f3knak, vagy azoknak, akik gyakran v\u00e1ltanak platformot, vannak univerz\u00e1lisabb \u00e9s tal\u00e1n megfelel\u0151bb megold\u00e1sok.<\/p>\n<p>Ha olyan vezet\u00e9k n\u00e9lk\u00fcli GT kereket keres, amely merev, hat\u00e9kony \u00e9s \u00fagy tervezt\u00e9k, hogy a lehet\u0151 legt\u00f6bbet hozza ki a Direct Drive Simucube alapb\u00f3l, akkor ez a term\u00e9k mindent megv\u00e1ltoztathat az \u00d6n be\u00e1ll\u00edt\u00e1s\u00e1ban.<\/p>","protected":false},"excerpt":{"rendered":"<p>A Tahko GT-21 egy nagyon merev, k\u00f6nnyen olvashat\u00f3 \"munkaeszk\u00f6z\" korm\u00e1nyker\u00e9knek t\u0171nik, amely val\u00f3ban hagyja, hogy a Direct Drive alapra ragyogjon, \u00e9s nagy magabiztoss\u00e1got ad a p\u00e1ly\u00e1n. K\u00fcl\u00f6n\u00f6sen a Simucube \u00f6kosziszt\u00e9m\u00e1val m\u00e1r PC-n versenyz\u0151 szimul\u00e1torosoknak van \u00e9rtelme, akik sokoldal\u00fa \u00e9s tart\u00f3s GT korm\u00e1nykereket keresnek. Ez egy j\u00f3 befektet\u00e9s egy hossz\u00fa t\u00e1v\u00fa teljes\u00edtm\u00e9nyorient\u00e1lt be\u00e1ll\u00edt\u00e1shoz.<\/p>","protected":false},"featured_media":100288,"comment_status":"open","ping_status":"closed","template":"","meta":{"_acf_changed":false,"_et_pb_use_builder":"","_et_pb_old_content":"","_et_gb_content_width":""},"product_brand":[154],"product_cat":[156],"product_tag":[149],"class_list":{"0":"post-101589","1":"product","2":"type-product","3":"status-publish","4":"has-post-thumbnail","6":"product_brand-simucube","7":"product_cat-roue-de-volant","8":"product_tag-pc","10":"first","11":"instock","12":"shipping-taxable","13":"product-type-external"},"acf":[],"_links":{"self":[{"href":"https:\/\/simracergear.com\/hu\/wp-json\/wp\/v2\/product\/101589","targetHints":{"allow":["GET"]}}],"collection":[{"href":"https:\/\/simracergear.com\/hu\/wp-json\/wp\/v2\/product"}],"about":[{"href":"https:\/\/simracergear.com\/hu\/wp-json\/wp\/v2\/types\/product"}],"replies":[{"embeddable":true,"href":"https:\/\/simracergear.com\/hu\/wp-json\/wp\/v2\/comments?post=101589"}],"wp:featuredmedia":[{"embeddable":true,"href":"https:\/\/simracergear.com\/hu\/wp-json\/wp\/v2\/media\/100288"}],"wp:attachment":[{"href":"https:\/\/simracergear.com\/hu\/wp-json\/wp\/v2\/media?parent=101589"}],"wp:term":[{"taxonomy":"product_brand","embeddable":true,"href":"https:\/\/simracergear.com\/hu\/wp-json\/wp\/v2\/product_brand?post=101589"},{"taxonomy":"product_cat","embeddable":true,"href":"https:\/\/simracergear.com\/hu\/wp-json\/wp\/v2\/product_cat?post=101589"},{"taxonomy":"product_tag","embeddable":true,"href":"https:\/\/simracergear.com\/hu\/wp-json\/wp\/v2\/product_tag?post=101589"}],"curies":[{"name":"wp","href":"https:\/\/api.w.org\/{rel}","templated":true}]}}