{"id":101765,"date":"2025-05-22T07:54:00","date_gmt":"2025-05-22T07:54:00","guid":{"rendered":"https:\/\/simracergear.com\/?post_type=product&#038;p=101765"},"modified":"2026-01-12T02:14:03","modified_gmt":"2026-01-12T02:14:03","slug":"simlab-p1x-pro","status":"publish","type":"product","link":"https:\/\/simracergear.com\/hu\/products\/simlab-p1x-pro\/","title":{"rendered":"Simlab P1X Pro"},"content":{"rendered":"<p>A Sim-Lab P1X Pro egy\u00e9rtelm\u0171en azokat c\u00e9lozza meg, akik a pil\u00f3taf\u00fclk\u00e9k tekintet\u00e9ben a \"nagyok lig\u00e1j\u00e1ba\" szeretn\u00e9nek beker\u00fclni, an\u00e9lk\u00fcl, hogy t\u00fal\u00e1razott testreszab\u00e1shoz folyamodn\u00e1nak. Egy \u00e1ramvonalas, teljes alum\u00ednium v\u00e1zr\u00f3l besz\u00e9l\u00fcnk, amelyet \u00fagy terveztek, hogy megbirk\u00f3zzon a piacon kaphat\u00f3 legnyomat\u00e9kosabb Direct Drive l\u00e1ncszemekkel \u00e9s a legmerevebb hajt\u00f3karokkal. Pap\u00edron abszol\u00fat merevs\u00e9get, szinte v\u00e9gtelen modularit\u00e1st \u00e9s \u0151szint\u00e9n sz\u00f3lva jobb ergon\u00f3mi\u00e1t \u00edg\u00e9r, mint az el\u0151z\u0151 gener\u00e1ci\u00f3.<\/p>\n<p>Ami azonnal vonz\u00f3, az a pozicion\u00e1l\u00e1sa: pr\u00e9mium kateg\u00f3ri\u00e1s, de intenz\u00edv haszn\u00e1latra tervezett pil\u00f3taf\u00fclke, f\u00e9l\u00faton a szenved\u00e9lyes szimul\u00e1torosok be\u00e1ll\u00edt\u00e1sai \u00e9s egy kv\u00e1zi professzion\u00e1lis eszk\u00f6z k\u00f6z\u00f6tt. Nem pr\u00f3b\u00e1l j\u00f3l kin\u00e9zni a bemutat\u00f3teremben, hanem hat\u00e9kony, merev \u00e9s fejleszthet\u0151. \u00c9s ezt minden egyes diz\u00e1jnv\u00e1laszt\u00e1sban \u00e9rezni lehet.<\/p>\n<p>Az \u00e9n szemsz\u00f6gem itt egyszer\u0171: a P1X Pro val\u00f3di nyeres\u00e9get k\u00edn\u00e1l az \u00e9rz\u00e9s, a k\u00e9nyelem \u00e9s a pontoss\u00e1g ter\u00e9n egy egyszer\u0171bb alum\u00ednium cockpithez vagy egy klasszikus cs\u0151v\u00e1zhoz k\u00e9pest? Id\u0151vel igazolja a befektet\u00e9st, k\u00fcl\u00f6n\u00f6sen a Direct Drive l\u00e1ncsz\u00e1rakkal \u00e9s a terhel\u00e9scell\u00e1s vagy hidraulikus hajt\u00f3karokkal? \u00c9s mindenekel\u0151tt, haszn\u00e1lhat\u00f3-e m\u00e9g a mindennapokban, olyan be\u00e1ll\u00edt\u00e1sokkal, amelyek el\u00e9rhet\u0151ek an\u00e9lk\u00fcl, hogy \u00e1lland\u00f3 munkater\u00fclett\u00e9 v\u00e1ln\u00e1nak?<\/p>\n<h2>Tervez\u00e9s \u00e9s gy\u00e1rt\u00e1s<\/h2>\n<p>Vizu\u00e1lisan a P1X Pro komolys\u00e1got sug\u00e1roz. Ez egy massz\u00edv alum\u00edniumprofil, nagyvonal\u00fa keresztmetszetekkel, elox\u00e1lt fel\u00fcletekkel \u00e9s tiszta \u00e9lekkel. K\u00e9zben tartva az alkatr\u00e9szek a s\u0171r\u0171s\u00e9g \u00e9s a pontoss\u00e1g benyom\u00e1s\u00e1t keltik, amit ett\u0151l a term\u00e9kcsal\u00e1dt\u00f3l elv\u00e1rhatunk. \u00d6sszeszerel\u00e9s ut\u00e1n az els\u0151 sz\u00f3, ami esz\u00fcnkbe jut, a \"monolit\". Semmi sem mozog, semmi sem reped, semmi sem rezeg.<\/p>\n<p>A lendker\u00e9klemezt \u00e9s az el\u00fcls\u0151 szerkezetet nagym\u00e9ret\u0171 Direct Drive hajt\u00e1sokhoz tervezt\u00e9k. \u00c9rezhet\u0151, hogy a specifik\u00e1ci\u00f3kat \u00fagy tervezt\u00e9k, hogy meging\u00e1s n\u00e9lk\u00fcl ellen\u00e1lljanak a nagy nyomat\u00e9ki er\u0151knek. M\u00e9g ha sz\u00e1nd\u00e9kosan er\u0151lteti is a korm\u00e1nykereket, a hajl\u00edt\u00e1s minim\u00e1lis, ha nem is \u00e9szrevehet\u0151. Ebben a tekintetben a P1X Pro egy\u00e9rtelm\u0171en jobb, mint a k\u00f6z\u00e9pkateg\u00f3ri\u00e1s ac\u00e9lcs\u00f6ves cockpitek, \u00e9s merevebb, mint a legt\u00f6bb v\u00e9konyabb vagy bel\u00e9p\u0151 szint\u0171 alum\u00edniumv\u00e1z.<\/p>\n<p>Ami a kivitelez\u00e9st illeti, a profilok megmunk\u00e1l\u00e1sa tiszta, a furatok j\u00f3l igazodnak egym\u00e1shoz, az ac\u00e9l\/alum\u00ednium lemezek pedig j\u00f3l v\u00e1gottak. A be\u00e1ll\u00edt\u00e1sok prec\u00edzek, \u00edgy nem kell az \u00f6sszeszerel\u00e9ssel bajl\u00f3dni. Ez egy olyan berendez\u00e9s, amely hossz\u00fa t\u00e1von bizalmat ad, mind a szimul\u00e1toroz\u00e1shoz, mind az intenz\u00edvebb vagy f\u00e9lprofi haszn\u00e1lathoz.<\/p>\n<p>Van azonban n\u00e9h\u00e1ny kev\u00e9sb\u00e9 vonz\u00f3 pont. Az eszt\u00e9tika nagyon \"ipari\". Ha egy diz\u00e1jner pil\u00f3taf\u00fclk\u00e9t keresel, amely a nappalid k\u00f6zep\u00e9n foglalhat helyet, el kell fogadnod ezt a prec\u00edzi\u00f3s szersz\u00e1mg\u00e9pes megjelen\u00e9st. A burkolatok, a m\u0171anyag fel\u00fcletek \u00e9s az \u00e9letst\u00edlus-\u00e9rint\u00e9sek meglehet\u0151sen korl\u00e1tozottak. \u00c9s a v\u00e1lasztott konfigur\u00e1ci\u00f3t\u00f3l f\u00fcgg\u0151en a k\u00e1belkezel\u00e9shez is sz\u00fcks\u00e9g lesz egy kis k\u00e9pzel\u0151er\u0151re, hogy igaz\u00e1n tiszta legyen.<\/p>\n<p>M\u00e1s alum\u00ednium pil\u00f3taf\u00fclk\u00e9kkel \u00f6sszehasonl\u00edtva a P1X Pro mindenekel\u0151tt \u00e1ltal\u00e1nos merevs\u00e9g\u00e9vel \u00e9s a lemezek (korm\u00e1ny, ped\u00e1lok, \u00fcl\u00e9s) min\u0151s\u00e9g\u00e9vel t\u0171nik ki. Kevesebb a kompromisszum, kevesebb a hajl\u00edt\u00e1s \u00e9s nagyobb a mechanikai magabiztoss\u00e1g. Ez a fajta alv\u00e1z az, ami azt a benyom\u00e1st kelti, hogy a be\u00e1ll\u00edt\u00e1sa folyamatosan m\u0171k\u00f6dhetne an\u00e9lk\u00fcl, hogy romlana.<\/p>\n<h2>Be\u00e1ll\u00edt\u00e1sok, testreszab\u00e1s \u00e9s kompatibilit\u00e1s<\/h2>\n<p>A P1X Pro egyik nagy el\u0151nye a modularit\u00e1s. A profiloknak k\u00f6sz\u00f6nhet\u0151en szinte mindent be\u00e1ll\u00edthat: a korm\u00e1nyker\u00e9k magass\u00e1g\u00e1t \u00e9s t\u00e1vols\u00e1g\u00e1t, a ped\u00e1lok d\u0151l\u00e9s\u00e9t \u00e9s helyzet\u00e9t, az \u00fcl\u00e9s el\u0151retolt helyzet\u00e9t \u00e9s a teljes magass\u00e1got. K\u00f6nnyed\u00e9n hozz\u00e1adhat tartoz\u00e9kokat is: v\u00e1lt\u00f3tart\u00f3, k\u00e9zif\u00e9k, gombdoboz, k\u00e9perny\u0151tart\u00f3 stb.<\/p>\n<p>A be\u00e1ll\u00edt\u00e1sok logikusak, de egy kis m\u00f3dszert ig\u00e9nyelnek. Ez nem egy plug-and-play \u00f6sszecsukhat\u00f3 pil\u00f3taf\u00fclke: fel kell k\u00e9sz\u00fclnie arra, hogy n\u00e9mi id\u0151t kell elt\u00f6ltenie az ide\u00e1lis poz\u00edci\u00f3 megtal\u00e1l\u00e1s\u00e1val. Ha egyszer meg\u00e9rti a cs\u00fasz\u00f3k \u00e9s profilok logik\u00e1j\u00e1t, a be\u00e1ll\u00edt\u00e1sok egyszer\u0171bb\u00e9 v\u00e1lnak, de a kezdeti finomhangol\u00e1s t\u00f6bb \u00fcl\u00e9sbe is beletelik. M\u00e1sr\u00e9szt, ha minden megfelel\u0151en van be\u00e1ll\u00edtva, a vezet\u00e9si poz\u00edci\u00f3 nagyon k\u00f6zel \u00e1ll egy val\u00f3di versenyaut\u00f3\u00e9hoz, \u00e9s mindenekel\u0151tt t\u00f6k\u00e9letesen reproduk\u00e1lhat\u00f3.<\/p>\n<p>Ami a kompatibilit\u00e1st illeti, a P1X Pro egy\u00e9rtelm\u0171en PC-k\u00f6zpont\u00fa, de nem korl\u00e1toz\u00f3dik semmilyen konkr\u00e9t \u00f6kosziszt\u00e9m\u00e1ra. A lendker\u00e9klemez a legt\u00f6bb, a piacon kaphat\u00f3 Direct Drive \u00e9s sz\u00edjhajt\u00e1s\u00fa alaplapot elfogadja, az ehhez igaz\u00edtott furatok vagy adapterek seg\u00edts\u00e9g\u00e9vel. Ugyanez a logika \u00e9rv\u00e9nyes a hajt\u00f3karokra is: a lemez sz\u00e1mos terhel\u00e9scell\u00e1s \u00e9s hidraulikus modellt t\u00e1mogat, t\u00f6bb r\u00f6gz\u00edt\u00e9si ponttal. A v\u00e1lt\u00f3k \u00e9s k\u00e9zif\u00e9kek az erre a c\u00e9lra szolg\u00e1l\u00f3 konzolok seg\u00edts\u00e9g\u00e9vel k\u00f6nnyen felszerelhet\u0151k az oldals\u00f3 profilokra.<\/p>\n<p>A konzolosok sz\u00e1m\u00e1ra a pil\u00f3taf\u00fclke \u00f6nmag\u00e1ban nyilv\u00e1nval\u00f3an nem jelent akad\u00e1lyt; a kompatibilit\u00e1s mindenekel\u0151tt a v\u00e1lasztott korm\u00e1nyker\u00e9kt\u0151l f\u00fcgg. A v\u00e1z k\u00e9szen \u00e1ll mind a bel\u00e9p\u0151szint\u0171 konzolalap, mind a magas szint\u0171 Direct Drive PC befogad\u00e1s\u00e1ra, \u00edgy j\u00f3 hossz\u00fa t\u00e1v\u00fa befektet\u00e9s, ha id\u0151vel friss\u00edt\u00e9st tervezel.<\/p>\n<p>A magam r\u00e9sz\u00e9r\u0151l egy\u00e9rtelm\u0171en \u00fagy l\u00e1tom, hogy a P1X Pro ink\u00e1bb egy tart\u00f3s alap, mint bel\u00e9p\u00e9si pont. Ez egy alv\u00e1z, amelyet az\u00e9rt veszel meg, hogy megtartsd, \u00e9s hogy a t\u00f6bbi felszerel\u00e9st k\u00f6r\u00e9 fejleszd: korm\u00e1nyker\u00e9k, ped\u00e1lok, k\u00e9perny\u0151k, kieg\u00e9sz\u00edt\u0151k. A pil\u00f3taf\u00fclke \"csontv\u00e1z\u00e1nak\" megv\u00e1ltoztat\u00e1sa n\u00e9lk\u00fcl lehet feljebb l\u00e9pni, \u00e9s ez az, ahol az \u00e9rt\u00e9k\u00e9t a legjobban meg lehet v\u00e9deni.<\/p>\n<h2>\u00c9rzelmek a t\u00e9t<\/h2>\n<p>A P1X Pro a virtu\u00e1lis p\u00e1ly\u00e1n mutatja meg igaz\u00e1n, hogy mire k\u00e9pes. A v\u00e1z merevs\u00e9ge megv\u00e1ltoztatja az er\u0151k \u00e9rz\u00e9kel\u00e9s\u00e9nek m\u00f3dj\u00e1t. A Direct Drive eset\u00e9ben felt\u0171n\u0151 az interferencia hi\u00e1nya. Csak azt \u00e9rzed, amit az aljzat kibocs\u00e1t, nem pedig azt, amit a szerkezet befogad.<\/p>\n<p>Gyors kanyarokban a tapad\u00e1si \u00e9rt\u00e9kek sokkal egy\u00e9rtelm\u0171bb\u00e9 v\u00e1lnak. A korm\u00e1nyker\u00e9k nem \"pump\u00e1l\", a pil\u00f3taf\u00fclke nem m\u0171k\u00f6dik elszigetelten, \u00e9s a terhel\u00e9s mikrov\u00e1ltoz\u00e1sait jobban \u00e9rz\u00e9keli. Azonnal meg\u00e9rti, hogy mit csin\u00e1l az aut\u00f3. Az els\u0151 \u00e9s h\u00e1ts\u00f3 terhel\u00e9s k\u00f6z\u00f6tti \u00e1tmenet, az oldalir\u00e1ny\u00fa nyom\u00e1s \u00e9s a tapad\u00e1s kis m\u00e9rt\u00e9k\u0171 cs\u00f6kken\u00e9se nagy sebess\u00e9gn\u00e9l mind jobban \u00e9rz\u00e9kelhet\u0151. Egy kiss\u00e9 puha cs\u0151v\u00e1zzal \u00f6sszehasonl\u00edtva az aut\u00f3 sokkal olvashat\u00f3bb, mint durva.<\/p>\n<p>A vibr\u00e1torokon a k\u00fcl\u00f6nbs\u00e9g nyilv\u00e1nval\u00f3. Ahelyett, hogy a korm\u00e1nyker\u00e9k \u00e9s a pil\u00f3taf\u00fclke mindenhol r\u00e1zk\u00f3dna \u00e9s vibr\u00e1lna, a visszajelz\u00e9s sz\u00e1razabb, pontosabb \u00e9s jobban visszafogott. A r\u00e1zk\u00f3d\u00e1sok egy\u00e9rtelm\u0171ek, de a fut\u00f3m\u0171 mozd\u00edthatatlan alapk\u00e9nt j\u00e1tssza a szerep\u00e9t. Ez azt jelenti, hogy id\u0151nk\u00e9nt kiss\u00e9 hangosabb FFB-vel is lehet motorozni an\u00e9lk\u00fcl, hogy az eg\u00e9sz setup hangtomp\u00edt\u00f3v\u00e1 v\u00e1lna.<\/p>\n<p>Kem\u00e9ny f\u00e9kez\u00e9skor, k\u00fcl\u00f6n\u00f6sen hat\u00e1rozott ped\u00e1loz\u00e1s eset\u00e9n, a ped\u00e1llemez \u00e9s a fut\u00f3m\u0171 merevs\u00e9ge nagym\u00e9rt\u00e9kben megsz\u00fcnteti az elmos\u00f3d\u00e1st. F\u00e9kez\u00e9skor a pil\u00f3taf\u00fclke alig billen vagy csavarodik. Ennek eredm\u00e9nyek\u00e9ppen az izommem\u00f3ria k\u00f6nnyebben rendez\u0151dik. A f\u00e9k adagol\u00e1sa k\u00f6vetkezetesebb\u00e9 v\u00e1lik, k\u00fcl\u00f6n\u00f6sen a hossz\u00fa etapokon, ahol a f\u00e1radts\u00e1g gyorsan feler\u0151s\u00edtheti a l\u00e1gyabb fut\u00f3m\u0171v\u00f6n az esetleges parazita mozg\u00e1sokat.<\/p>\n<p>A gyors korrekci\u00f3k, a tapad\u00e1sv\u00e1lt\u00e1sok, a cs\u00fasz\u00e1s felz\u00e1rk\u00f3ztat\u00e1sa sor\u00e1n az ir\u00e1ny\u00edt\u00e1s \u00e9rz\u00e9se sokkal egy\u00e9rtelm\u0171bb\u00e9 v\u00e1lik. Mivel a rep\u00fcl\u0151 alap nem t\u00e1ncol a fut\u00f3m\u0171vel, a k\u00e9zmozdulatok k\u00f6zvetlen\u00fcl kapcsol\u00f3dnak ahhoz, amit az aut\u00f3 csin\u00e1l. Kem\u00e9nyebben be lehet j\u00f6nni, \u00e9lesebben lehet korrig\u00e1lni, a pil\u00f3taf\u00fclke deform\u00e1ci\u00f3j\u00e1val j\u00e1r\u00f3 enyhe t\u00e9tov\u00e1z\u00e1s n\u00e9lk\u00fcl. Ez az a pont, ahol a P1X Pro val\u00f3ban megv\u00e1ltoztatja az \u00e9lm\u00e9nyt, k\u00fcl\u00f6n\u00f6sen a nyomat\u00e9kos Direct Drive-val.<\/p>\n<p>Hossz\u00fa munkamenetek sor\u00e1n a f\u0151 el\u0151ny a testtart\u00e1s k\u00e9nyelme \u00e9s az \u00e9rz\u00e9s \u00e1lland\u00f3s\u00e1ga. A megfelel\u0151 be\u00e1ll\u00edt\u00e1s ut\u00e1n a lovagl\u00e1si poz\u00edci\u00f3 nem v\u00e1ltozik. Az \u00e9rintkez\u00e9si pontok egyik \u00fcl\u00e9sr\u0151l a m\u00e1sikra azonosak maradnak. Kevesebb a f\u00e1radts\u00e1g \u00e9rz\u00e9se, mivel a test mikrobe\u00e1ll\u00edt\u00e1ssal kompenz\u00e1lja a kiss\u00e9 g\u00f6rb\u00fcl\u0151 vagy cs\u00fasz\u00f3 cockpitet. Ment\u00e1lisan a p\u00e1ly\u00e1ra koncentr\u00e1lhatsz, nem pedig a felszerel\u00e9sre.<\/p>\n<p>Egy k\u00f6nnyebb vagy bel\u00e9p\u0151 szint\u0171 cockpithez k\u00e9pest a f\u0151 el\u0151ny\u00f6k a stabilit\u00e1sban \u00e9s a visszajelz\u00e9sek k\u00f6vetkezetess\u00e9g\u00e9ben rejlenek. Egy fels\u0151kateg\u00f3ri\u00e1sabb alum\u00ednium cockpithez vagy egy olyanhoz k\u00e9pest, amelyik nagyon hasonl\u00f3 specifik\u00e1ci\u00f3j\u00fa, a k\u00fcl\u00f6nbs\u00e9gek ink\u00e1bb a r\u00e9szletekben rejlenek: v\u00e9gs\u0151 merevs\u00e9g, ergon\u00f3miai be\u00e1ll\u00edt\u00e1sok, a lemezek min\u0151s\u00e9ge, a nagyon nagy felszerel\u00e9sek megt\u00e1maszt\u00e1s\u00e1nak k\u00e9pess\u00e9ge meging\u00e1s n\u00e9lk\u00fcl.<\/p>\n<h2>Kinek sz\u00f3l? Mit szeret\u00fcnk, mit nem szeret\u00fcnk<\/h2>\n<p>A Sim-Lab P1X Pro els\u0151sorban a k\u00f6z\u00e9phalad\u00f3 \u00e9s halad\u00f3 szimul\u00e1toros versenyz\u0151ket c\u00e9lozza meg, akiknek m\u00e1r el\u00e9g vil\u00e1gos elk\u00e9pzel\u00e9s\u00fck van arr\u00f3l, hogy mit szeretn\u00e9nek az \u00e9rz\u00e9s szempontj\u00e1b\u00f3l, \u00e9s akik rendszeresen motoroznak. Logikus v\u00e1laszt\u00e1s, ha egy komoly Direct Drive \u00e9s egy nagy teljes\u00edtm\u00e9ny\u0171 pedalboardot fontolgatsz, vagy m\u00e1r rendelkezel vele, f\u0151leg PC-n j\u00e1tszol, \u00e9s egy olyan v\u00e1zat szeretn\u00e9l, ami nem lesz a gyenge l\u00e1ncszem.<\/p>\n<p>Amit a legjobban \u00e9rt\u00e9kel\u00fcnk, az az \u00e1ltal\u00e1nos merevs\u00e9g. Ebben az \u00e1rkateg\u00f3ri\u00e1ban azonnal megnyugtat\u00f3, ha egy pil\u00f3taf\u00fclke nagy er\u0151kkel szemben is ellen\u00e1ll, an\u00e9lk\u00fcl, hogy meginogna. M\u00e1sodszor, a pil\u00f3taf\u00fclke sz\u00e9lesk\u00f6r\u0171 modul\u00e1ris fel\u00e9p\u00edt\u00e9se azt jelenti, hogy szinte b\u00e1rmilyen karossz\u00e9riam\u00e9rethez \u00e9s vezet\u00e9si st\u00edlushoz igaz\u00edthat\u00f3, legyen sz\u00f3 GT-, egy\u00fcl\u00e9ses vagy raliversenyz\u0151r\u0151l. V\u00e9g\u00fcl pedig a stabilit\u00e1s \u00e9rz\u00e9se, amit j\u00e1t\u00e9k k\u00f6zben ad, val\u00f3ban \u00e1talak\u00edtja a j\u00f3 korm\u00e1nyker\u00e9kkel \u00e9s ped\u00e1lokkal val\u00f3 \u00e9rz\u00e9st: minden tiszt\u00e1bbnak, \u00e9lesebbnek \u00e9s olvashat\u00f3bbnak t\u0171nik.<\/p>\n<p>Vannak azonban bizonyos korl\u00e1tok, amelyeket szem el\u0151tt kell tartani. Az \u00f6sszeszerel\u00e9s \u00e9s a be\u00e1ll\u00edt\u00e1s meglehet\u0151sen id\u0151ig\u00e9nyes lehet, k\u00fcl\u00f6n\u00f6sen, ha m\u00e9g nem ismeri az alum\u00edniumprofilokat. Ez nem csak p\u00e9nzbeli, hanem id\u0151beli befektet\u00e9s is. A nagyon \"mechanikus\" megjelen\u00e9s nem mindenkinek fog tetszeni, k\u00fcl\u00f6n\u00f6sen a nappaliban. A tartoz\u00e9kok gazdag \u00f6kosziszt\u00e9m\u00e1ja pedig gyorsan \u00f6sszead\u00f3dhat, ha egy teljes felszerel\u00e9st szeretne k\u00e9perny\u0151felfogat\u00e1ssal, v\u00e1lt\u00f3val, k\u00e9zif\u00e9kkel stb. egy\u00fctt.<\/p>\n<p>Az \u00e9rz\u00e9kelt \u00e9rt\u00e9ket tekintve egy olyan term\u00e9kr\u0151l besz\u00e9l\u00fcnk, amely a bel\u00e9p\u0151- vagy k\u00f6z\u00e9pkateg\u00f3ri\u00e1s cockpitekhez k\u00e9pest dr\u00e1g\u00e1nak t\u0171nhet, de amely j\u00f3l megv\u00e9di mag\u00e1t, ha hossz\u00fa t\u00e1v\u00fa alapk\u00e9nt tekint r\u00e1. Az igazi k\u00e9rd\u00e9s nem csak az, hogy \"mennyibe ker\u00fcl\", hanem az, hogy \"meddig marad kiel\u00e9g\u00edt\u0151, ha a felszerel\u00e9s\u00e9t k\u00f6r\u00fcl\u00f6tte korszer\u0171s\u00edti\". Ebb\u0151l a szempontb\u00f3l a P1X Pro egyike azoknak a v\u00e1s\u00e1rl\u00e1soknak, amelyeket nem fog egyhamar lecser\u00e9lni.<\/p>\n<h2>\u00cdt\u00e9let<\/h2>\n<p>A Sim-Lab P1X Pro mindenekel\u0151tt egy dolgot v\u00e1ltoztat meg egy be\u00e1ll\u00edt\u00e1sban: elt\u00e1vol\u00edtja a pil\u00f3taf\u00fclk\u00e9t mint probl\u00e9maforr\u00e1st az egyenletb\u0151l. Nincs t\u00f6bb\u00e9 elt\u00falzott hajl\u00edt\u00e1s, nincs t\u00f6bb\u00e9 mozg\u00f3 fut\u00f3m\u0171, nincsenek t\u00f6bb\u00e9 a virtu\u00e1lis padl\u00f3ba s\u00fcllyed\u0151 ped\u00e1lok. Egy szil\u00e1rd alap lesz, amelyen minden m\u00e1s teljes m\u00e9rt\u00e9kben kifejez\u0151dhet, k\u00fcl\u00f6n\u00f6sen Direct Drive alap \u00e9s ig\u00e9nyes ped\u00e1lfal eset\u00e9n.<\/p>\n<p>A piacon egy\u00e9rtelm\u0171en a pr\u00e9mium szegmensben helyezkedik el, \u00e9s ink\u00e1bb a teljes\u00edtm\u00e9ny, mint a dekor\u00e1ci\u00f3 fel\u00e9 orient\u00e1l\u00f3dik. Ez nem egy \"sz\u00f3rakoztat\u00f3\" pil\u00f3taf\u00fclke kezd\u0151knek, hanem egy komoly platform, amely hidat k\u00e9pez a lelkes szimul\u00e1toroz\u00e1s \u00e9s az egyes szerkezetek vagy pil\u00f3t\u00e1k \u00e1ltal kik\u00e9pz\u00e9sre haszn\u00e1lt konfigur\u00e1ci\u00f3khoz nagyon hasonl\u00f3 konfigur\u00e1ci\u00f3k k\u00f6z\u00f6tt.<\/p>\n<p>Azoknak aj\u00e1nlom, akik hossz\u00fa t\u00e1von stabiliz\u00e1lni szeretn\u00e9k a be\u00e1ll\u00edt\u00e1saikat, akiknek m\u00e1r van vagy k\u00f6z\u00e9phalad\u00f3\/halad\u00f3 szint\u0171 felszerel\u00e9s\u00fck, \u00e9s akik hajland\u00f3ak egy kis id\u0151t ford\u00edtani arra, hogy mindent j\u00f3l csin\u00e1ljanak. M\u00e1sr\u00e9szt, alkalmi j\u00e1t\u00e9kosok, csak konzolosok, vagy olyanok sz\u00e1m\u00e1ra, akik egy diszkr\u00e9t, modul\u00e1ris, k\u00f6nnyen t\u00e1rolhat\u00f3 cockpitet keresnek, egy\u00e9rtelm\u0171en nem ez lesz a legjobb v\u00e1laszt\u00e1s.<\/p>\n<p>Ha egy ultra-merev, fejleszthet\u0151 v\u00e1zat keresel, amelyet \u00fagy terveztek, hogy a legt\u00f6bbet hozza ki egy j\u00f3 Direct Drive korm\u00e1nyker\u00e9kb\u0151l \u00e9s egy komoly hajt\u00f3karb\u00f3l, a Sim-Lab P1X Pro egy\u00e9rtelm\u0171en mindent megv\u00e1ltoztathat a be\u00e1ll\u00edt\u00e1saidban.<\/p>","protected":false},"excerpt":{"rendered":"<p>Ez a fut\u00f3m\u0171 mindenekel\u0151tt a teljes stabilit\u00e1s \u00e9rz\u00e9s\u00e9t ny\u00fajtja: teljesen megfeledkezik a pil\u00f3taf\u00fclk\u00e9r\u0151l, \u00e9s a korm\u00e1nyker\u00e9kre, a ped\u00e1lokra \u00e9s a p\u00e1ly\u00e1ra koncentr\u00e1l, \u00e9lesebb, egyenletesebb \u00e9rz\u00e9ssel. Igaz\u00e1n van \u00e9rtelme a Direct Drive-mal \u00e9s egy j\u00f3 ped\u00e1lk\u00e9szlettel felszerelt (vagy felszerelni tervezett) rendszeres szimul\u00e1toros versenyz\u0151k sz\u00e1m\u00e1ra, akik tart\u00f3s, konzisztens alapot szeretn\u00e9nek, amelyb\u0151l a be\u00e1ll\u00edt\u00e1saikat fejleszthetik.<\/p>","protected":false},"featured_media":101766,"comment_status":"open","ping_status":"closed","template":"","meta":{"_acf_changed":false,"_et_pb_use_builder":"","_et_pb_old_content":"","_et_gb_content_width":""},"product_brand":[174],"product_cat":[163],"product_tag":[149,159,160],"class_list":{"0":"post-101765","1":"product","2":"type-product","3":"status-publish","4":"has-post-thumbnail","6":"product_brand-sim-lab","7":"product_cat-cockpit","8":"product_tag-pc","9":"product_tag-playstation","10":"product_tag-xbox","12":"first","13":"instock","14":"shipping-taxable","15":"product-type-external"},"acf":[],"_links":{"self":[{"href":"https:\/\/simracergear.com\/hu\/wp-json\/wp\/v2\/product\/101765","targetHints":{"allow":["GET"]}}],"collection":[{"href":"https:\/\/simracergear.com\/hu\/wp-json\/wp\/v2\/product"}],"about":[{"href":"https:\/\/simracergear.com\/hu\/wp-json\/wp\/v2\/types\/product"}],"replies":[{"embeddable":true,"href":"https:\/\/simracergear.com\/hu\/wp-json\/wp\/v2\/comments?post=101765"}],"wp:featuredmedia":[{"embeddable":true,"href":"https:\/\/simracergear.com\/hu\/wp-json\/wp\/v2\/media\/101766"}],"wp:attachment":[{"href":"https:\/\/simracergear.com\/hu\/wp-json\/wp\/v2\/media?parent=101765"}],"wp:term":[{"taxonomy":"product_brand","embeddable":true,"href":"https:\/\/simracergear.com\/hu\/wp-json\/wp\/v2\/product_brand?post=101765"},{"taxonomy":"product_cat","embeddable":true,"href":"https:\/\/simracergear.com\/hu\/wp-json\/wp\/v2\/product_cat?post=101765"},{"taxonomy":"product_tag","embeddable":true,"href":"https:\/\/simracergear.com\/hu\/wp-json\/wp\/v2\/product_tag?post=101765"}],"curies":[{"name":"wp","href":"https:\/\/api.w.org\/{rel}","templated":true}]}}