{"id":101794,"date":"2025-05-22T08:16:00","date_gmt":"2025-05-22T08:16:00","guid":{"rendered":"https:\/\/simracergear.com\/?post_type=product&#038;p=101794"},"modified":"2026-01-12T02:15:00","modified_gmt":"2026-01-12T02:15:00","slug":"simlab-xp1","status":"publish","type":"product","link":"https:\/\/simracergear.com\/hu\/products\/simlab-xp1\/","title":{"rendered":"Simlab XP1 Loadcell ped\u00e1lok"},"content":{"rendered":"<p>A cs\u00facskateg\u00f3ri\u00e1s terhel\u00e9ses pedalboardok kis vil\u00e1g\u00e1ban a Simlab XP1 egy\u00e9rtelm\u0171en az egyik olyan modell, amely az ig\u00e9nyes szimul\u00e1toros versenyz\u0151k szem\u00e9t megragadja. Ez egy 3 ped\u00e1los, PC-re tervezett loadcell pedalboard, amely k\u00f6zvetlen\u00fcl azokat c\u00e9lozza meg, akik ultra-konzisztens f\u00e9ket, fejlett be\u00e1ll\u00edt\u00e1sokat \u00e9s \"profi\" \u00e9rz\u00e9st szeretn\u00e9nek a l\u00e1buk alatt. A Sim-Lab m\u00e1r eddig is nagyszer\u0171 h\u00edrn\u00e9vnek \u00f6rvendett az alum\u00ednium pil\u00f3taf\u00fclk\u00e9k ter\u00e9n, \u00e9s az XP1 eset\u00e9ben \u00e9rezhet\u0151, hogy ugyanezt a szintet akarj\u00e1k a ped\u00e1lokra is r\u00e1er\u0151ltetni.<\/p>\n<p>Pap\u00edron az XP1 rendk\u00edv\u00fcl progressz\u00edv f\u00e9ket, teljesen f\u00e9mb\u0151l k\u00e9sz\u00fclt hardvert, nagy merevs\u00e9get \u00e9s az \u00fat \u00e9s a kem\u00e9nys\u00e9g szinte teljes testreszabhat\u00f3s\u00e1g\u00e1t \u00edg\u00e9ri. Az elk\u00e9pzel\u00e9s egyszer\u0171: elegend\u0151 finoms\u00e1got k\u00edn\u00e1lni a halad\u00f3 motorosok sz\u00e1m\u00e1ra, an\u00e9lk\u00fcl, hogy \u00e9rthetetlen g\u00e1zgy\u00e1rr\u00e1 v\u00e1lna. A teszthez v\u00e1lasztott sz\u00f6g h\u00e1rom pont k\u00f6r\u00fcl forgott: a f\u00e9k konzisztenci\u00e1ja hossz\u00fa etapokon kereszt\u00fcl, pontoss\u00e1g a kritikus f\u00e1zisokban (p\u00e1lyaf\u00e9kez\u00e9s, modul\u00e1ci\u00f3k kil\u00e9p\u00e9skor) \u00e9s a mindennapi k\u00e9nyelem. R\u00f6viden: t\u00e9nyleg jobban teljes\u00edt ez a leng\u0151kar, mint egy j\u00f3 k\u00f6z\u00e9pkateg\u00f3ri\u00e1s teherb\u00edr\u00f3, \u00e9s indokolja-e a hely\u00e9t egy halad\u00f3 be\u00e1ll\u00edt\u00e1sban?<\/p>\n<h2>Tervez\u00e9s \u00e9s gy\u00e1rt\u00e1s<\/h2>\n<p>A Simlab XP1 vizu\u00e1lisan \u00e9s k\u00e9zben is komolys\u00e1got sug\u00e1roz. A teljes szerkezet f\u00e9mb\u0151l k\u00e9sz\u00fclt, megmunk\u00e1lt alum\u00ednium \u00e9s vastag lemezek sz\u00e9lesk\u00f6r\u0171 felhaszn\u00e1l\u00e1s\u00e1val. Semmi sem hajlik, semmi sem repedezik. T\u00e9nyleg egy kompakt, s\u0171r\u0171 t\u00f6mb benyom\u00e1s\u00e1t kelti, amelyet \u00fagy \u00e9p\u00edtettek, hogy \u00e9vekig tart\u00f3 kem\u00e9ny f\u00e9kez\u00e9st is kib\u00edrjon, an\u00e9lk\u00fcl, hogy meginogna. A megjelen\u00e9s tipikusan \"ipari szimversenyz\u0151s\": nyers, prec\u00edz, d\u00edsz\u00edt\u00e9s n\u00e9lk\u00fcl. Ink\u00e1bb bizalmat sugall, mint l\u00e1tv\u00e1nyoss\u00e1got, \u00e9s pontosan ez az, amit egy ilyen tartom\u00e1ny\u00fa hajt\u00f3karokt\u00f3l elv\u00e1rhatsz.<\/p>\n<p>Az \u00edz\u00fcletek tiszt\u00e1k, a tengelyek j\u00f3l be vannak \u00e1ll\u00edtva, a rug\u00f3k \u00e9s az elasztomerek j\u00f3l megvezetve. Ha k\u00e9zzel kezeli a ped\u00e1lokat, tiszta \u00e9rz\u00e9st kap a mozg\u00e1shoz, aggaszt\u00f3 parazita j\u00e1t\u00e9k n\u00e9lk\u00fcl. Az \u00e1ltal\u00e1nos merevs\u00e9g jobb, mint a bel\u00e9p\u0151 szint\u0171 vagy k\u00f6z\u00e9pkateg\u00f3ri\u00e1s hajl\u00edtott f\u00e9m hajt\u00f3karokn\u00e1l. K\u00f6zelebb \u00e1ll ahhoz a fajta \u00f6sszeszerel\u00e9shez, amelyet egy komolyabb \u00f6ssze\u00e1ll\u00edt\u00e1shoz t\u00e1rs\u00edtan\u00e1l, mint p\u00e9ld\u00e1ul egy \u00e1ramvonalas alum\u00ednium cockpit \u00e9s egy izmos, k\u00f6zvetlen meghajt\u00e1s\u00fa korm\u00e1nyker\u00e9k.<\/p>\n<p>Ami meglep\u0151, az az alkatr\u00e9szek \u00e1ltal\u00e1nos kidolgozotts\u00e1gi szintje: nincsenek durva \u00e9lek, nincs gyenge fest\u00e9s. Ink\u00e1bb t\u0171nik \"munkaeszk\u00f6znek\", mint egyszer\u0171 j\u00e1t\u00e9kkieg\u00e9sz\u00edt\u0151nek. M\u00e1sr\u00e9szt, ez a nagyon mechanikus aspektus egy kicsit szigor\u00fanak t\u0171nhet azok sz\u00e1m\u00e1ra, akik a vizu\u00e1lisan kifinomultabb, sz\u00ednes vagy \"versenyszer\u0171bb\" form\u00e1kat kedvelik. Ez itt tiszta funkcionalit\u00e1s.<\/p>\n<p>A kedvez\u0151bb \u00e1r\u00fa tehercell\u00e1s hajt\u00f3karokhoz k\u00e9pest a k\u00fcl\u00f6nbs\u00e9g els\u0151sorban a mozg\u00f3 alkatr\u00e9szek merevs\u00e9g\u00e9ben \u00e9s min\u0151s\u00e9g\u00e9ben rejlik. N\u00e9h\u00e1ny nagyon cs\u00facskateg\u00f3ri\u00e1s hidraulikus k\u00e9szlethez k\u00e9pest az XP1 szemre kicsit kev\u00e9sb\u00e9 leny\u0171g\u00f6z\u0151, de kateg\u00f3ri\u00e1j\u00e1ban megtartja a nagyon szil\u00e1rd \"s\u0171r\u0171s\u00e9g\/finoms\u00e1g\" ar\u00e1nyt.<\/p>\n<h2>Be\u00e1ll\u00edt\u00e1sok, testreszab\u00e1s \u00e9s kompatibilit\u00e1s<\/h2>\n<p>Az XP1-et \u00fagy tervezt\u00e9k, hogy val\u00f3ban a saj\u00e1t vezet\u00e9si st\u00edlus\u00e1hoz igaz\u00edthassa. Mechanikailag a ped\u00e1lok helyzet\u00e9t, a meg\u00e1ll\u00f3kat, a l\u00f6k\u00e9st \u00e9s a kem\u00e9nys\u00e9get k\u00fcl\u00f6nb\u00f6z\u0151 rug\u00f3k \u00e9s elasztomer elemek seg\u00edts\u00e9g\u00e9vel \u00e1ll\u00edthatod be. A f\u00e9k t\u00f6bbf\u00e9le be\u00e1ll\u00edt\u00e1st k\u00edn\u00e1l, a meglehet\u0151sen progressz\u00edv \u00e9rz\u00e9st\u0151l a nagyon kem\u00e9nyig, ami k\u00f6zel \u00e1ll ahhoz, amit egy versenykorm\u00e1nyt\u00f3l elv\u00e1rhatsz. A g\u00e1zkar finomabban van be\u00e1ll\u00edtva a kem\u00e9nys\u00e9g \u00e9s az \u00fat tekintet\u00e9ben, ami sokat seg\u00edt a kanyarok adagol\u00e1s\u00e1ban. A kuplung egyszer\u0171bb \u00e9rzet\u0171, de a modern szimul\u00e1toros versenyz\u00e9shez t\u00f6bb mint megfelel\u0151.<\/p>\n<p>A szoftveres oldalon a ped\u00e1lfal egy dedik\u00e1lt PC-s konfigur\u00e1toron kereszt\u00fcl vez\u00e9relhet\u0151. A kezel\u0151fel\u00fclet \u00f6sszess\u00e9g\u00e9ben \u00e1ttekinthet\u0151: be\u00e1ll\u00edthat\u00f3 a v\u00e1laszg\u00f6rbe, a holt kimeneti pont \u00e9s az \u00e9rz\u00e9kenys\u00e9g, valamint k\u00fcl\u00f6nb\u00f6z\u0151 profilok menthet\u0151k el k\u00fcl\u00f6nb\u00f6z\u0151 j\u00e1t\u00e9kokhoz vagy aut\u00f3khoz. Rengeteg lehet\u0151s\u00e9g van a f\u00e9k viselked\u00e9s\u00e9nek finomhangol\u00e1s\u00e1ra, ak\u00e1r nagyon line\u00e1risan, ak\u00e1r agressz\u00edvabb nyom\u00e1sgyakorl\u00e1ssal a l\u00f6ket v\u00e9g\u00e9n. A tanul\u00e1si g\u00f6rbe elfogadhat\u00f3: az elej\u00e9n egy kis id\u0151t t\u00f6ltesz a be\u00e1ll\u00edt\u00e1sok keres\u00e9s\u00e9vel, de ha egyszer megtal\u00e1ltad \u0151ket, m\u00e1r nem kell sok mindenhez hozz\u00e1ny\u00falnod.<\/p>\n<p>Ami a kompatibilit\u00e1st illeti, csak a PC-vel val\u00f3 \"intelligens\" haszn\u00e1latr\u00f3l besz\u00e9l\u00fcnk a szoftverrel, mint a legt\u00f6bb cs\u00facskateg\u00f3ri\u00e1s USB-s ped\u00e1llap. Konzolon rendben van, ha a pedalboard egy kompatibilis alapon kereszt\u00fcl csatlakozik, amely interf\u00e9szk\u00e9nt m\u0171k\u00f6dik, de ez nyilv\u00e1nval\u00f3an nem a f\u0151 j\u00e1tsz\u00f3tere. Az XP1 k\u00fcl\u00f6n\u00f6sen j\u00f3l megy egy merev alum\u00ednium pil\u00f3taf\u00fclk\u00e9vel, mert nagyon kev\u00e9ss\u00e9 toler\u00e1lja a rugalmas szerkezeteket: ha a v\u00e1z megmozdul, elvesz\u00edtj\u00fck az er\u0151teljes terhel\u00e9ses f\u00e9k \u00e9rdekess\u00e9g\u00e9t.<\/p>\n<p>Az \u00f6kosziszt\u00e9m\u00e1t tekintve z\u00f6kken\u0151mentesen integr\u00e1l\u00f3dik a legt\u00f6bb korm\u00e1nyker\u00e9khez, v\u00e1lt\u00f3hoz \u00e9s pil\u00f3taf\u00fclk\u00e9hez a piacon, felt\u00e9ve, hogy van valami, amihez biztons\u00e1gosan r\u00f6gz\u00edtheti. Ez nem egy bel\u00e9p\u0151szint\u0171 term\u00e9k, hanem egy olyan hajt\u00f3kar, amelyet hossz\u00fa ideig megtarthatsz, \u00e9s egy\u00fctt n\u0151hetsz a szinteddel. Ez egy\u00e9rtelm\u0171en egy hossz\u00fa t\u00e1v\u00fa befektet\u00e9s, nem pedig egy \u00e1tmeneti v\u00e1s\u00e1rl\u00e1s.<\/p>\n<h2>\u00c9rzelmek a t\u00e9t<\/h2>\n<p>F\u00e9kez\u00e9skor a Simlab XP1 azonnal vil\u00e1goss\u00e1 teszi, hogy m\u00e1s lig\u00e1ban van, mint a hagyom\u00e1nyos potenciom\u00e9teres hajt\u00f3karok vagy ak\u00e1r a l\u00e1gyabb terhel\u00e9s\u0171 cell\u00e1k. A l\u00f6ket viszonylag r\u00f6vid, de az er\u0151kifejt\u00e9s n\u00f6veked\u00e9se nagyon fokozatos, \u00edgy k\u00f6nny\u0171 be\u00e1ll\u00edtani egy c\u00e9lnyom\u00e1spontot, \u00e9s ragaszkodni hozz\u00e1. A ped\u00e1l\u00e1ll\u00e1s helyett a \"kil\u00f3nyi nyom\u00e1s szerinti vezet\u00e9s\" \u00e9rz\u00e9se nagyon \u00e9rezhet\u0151. Pontosan tudod, hogy mennyit nyomsz, \u00e9s mindenekel\u0151tt ezt fordulatr\u00f3l fordulatra megism\u00e9telheted.<\/p>\n<p>Kem\u00e9ny f\u00e9kez\u00e9skor a stabilit\u00e1s kiv\u00e1l\u00f3. Kem\u00e9nyen nyomja a ped\u00e1lt, \u00e9rzi, hogy a gumiabroncsok hamarosan blokkolni fognak, \u00e9s csak annyira engedi el, hogy az aut\u00f3 a tapad\u00e1s hat\u00e1r\u00e1n maradjon. Az XP1 pontosan itt v\u00e1ltoztatja meg az \u00e9lm\u00e9nyt: a \"kem\u00e9ny f\u00e9kez\u00e9s\" \u00e9s a \"blokkol\u00e1s\" k\u00f6z\u00f6tti z\u00f3na olvashat\u00f3 \u00e9s haszn\u00e1lhat\u00f3. Azonnal meg\u00e9rti, hogy mit csin\u00e1l az aut\u00f3. A nyomf\u00e9kez\u00e9s sor\u00e1n ez a progresszivit\u00e1s lehet\u0151v\u00e9 teszi a t\u00f6meg\u00e1tvitel szab\u00e1lyoz\u00e1s\u00e1t \u00e9s az els\u0151 fut\u00f3m\u0171 ellen\u0151rz\u00e9s alatt tart\u00e1s\u00e1t an\u00e9lk\u00fcl, hogy a h\u00e1ts\u00f3 tengelyt t\u00falterheln\u00e9nk.<\/p>\n<p>A markolatolvas\u00e1s val\u00f3ban az egyik er\u0151ss\u00e9ge. Az ABS n\u00e9lk\u00fcli aut\u00f3kn\u00e1l egy\u00e9rtelm\u0171en \u00e9rezhet\u0151 a k\u00fcl\u00f6nbs\u00e9g egy sikoltozni kezd\u0151 gumiabroncs \u00e9s egy olyan k\u00f6z\u00f6tt, amelyik t\u00e9nyleg elakad. A seg\u00e9drendszerrel ell\u00e1tott GT-ken a nagyon finom modul\u00e1ci\u00f3 seg\u00edt az ide\u00e1lis teljes\u00edtm\u00e9nyablakon bel\u00fcl maradni, k\u00fcl\u00f6n\u00f6sen a bej\u00e1rati \u00e9s k\u00f6zepes kanyarokban, ahol kanyarod\u00e1skor m\u00e9g mindig f\u00e9kez\u00fcnk. A hajt\u00f3kar nem gener\u00e1l rezg\u00e9seket, mint olyanokat, de a reakci\u00f3 k\u00f6vetkezetess\u00e9ge azt jelenti, hogy a reakci\u00f3kat le lehet olvasni a kifejtend\u0151 nyom\u00e1s nagyon enyhe v\u00e1ltoz\u00e1sa alapj\u00e1n.<\/p>\n<p>A vibr\u00e1torokon az XP1 nyilv\u00e1nval\u00f3an nem ad semmilyen dedik\u00e1lt fizikai visszajelz\u00e9st, de az a t\u00e9ny, hogy nagyon stabil f\u00e9knyom\u00e1st tudsz tartani, mik\u00f6zben az aut\u00f3 a j\u00e1rdaszeg\u00e9lyeken t\u00e1ncol, nagy magabiztoss\u00e1got ad. A l\u00e1badat a nyom\u00e1spontj\u00e1n \"lehorgonyozva\" tartod, \u00e9s az aut\u00f3 kisz\u00e1m\u00edthat\u00f3 marad. Az agressz\u00edv sik\u00e1nokban vagy egyter\u0171 j\u00e1rdaszeg\u00e9lyeken k\u00fcl\u00f6n\u00f6sen akkor \u00e9rz\u0151dik az \u00e9rdekess\u00e9g, amikor a f\u00e9keket visszav\u00e1ltja: azonnal ugyanazt az \u00e9rz\u00e9st kapja az er\u0151kifejt\u00e9sr\u0151l, tapogat\u00f3z\u00e1s n\u00e9lk\u00fcl.<\/p>\n<p>A hossz\u00fa \u00fcl\u00e9sek sor\u00e1n a viselked\u00e9s rendk\u00edv\u00fcl \u00e1lland\u00f3 marad. A mechanikai merevs\u00e9gnek k\u00f6sz\u00f6nhet\u0151en elker\u00fclhet\u0151ek a rug\u00f3\u00fat mikro-v\u00e1ltoz\u00e1sai, amelyek n\u00e9ha el\u0151fordulnak az egyszer\u0171bb hajt\u00f3karokn\u00e1l. A f\u00e1rad\u00e1s mindenekel\u0151tt a v\u00e1lasztott kem\u00e9nys\u00e9gt\u0151l f\u00fcgg: nagyon kem\u00e9ny be\u00e1ll\u00edt\u00e1ssal a n\u00e9gykerek\u0171ek dolgoznak, de az intenz\u00edv szimul\u00e1toros versenyz\u00e9shez \u00e9sszer\u0171 tartom\u00e1nyon bel\u00fcl. A ped\u00e1l nem l\u00e1gyul vagy kem\u00e9nyedik, az els\u0151t\u0151l az utols\u00f3 k\u00f6rig ugyanaz marad. Ez egy igazi el\u0151ny az \u00e1ll\u00f3k\u00e9pess\u00e9g szempontj\u00e1b\u00f3l.<\/p>\n<p>Egy l\u00e1gyabb k\u00f6z\u00e9pkateg\u00f3ri\u00e1s teherb\u00edr\u00e1s\u00fa leng\u0151karral \u00f6sszehasonl\u00edtva egy\u00e9rtelm\u0171en nyer\u00fcnk a kritikus f\u00e1zisokban a pontoss\u00e1gban \u00e9s az \u00e9rz\u00e9kelhet\u0151 stabilit\u00e1sban. K\u00e9s\u0151bb \u00e9s mindenekel\u0151tt rendszeresebben fogsz f\u00e9kezni. A m\u00e9g extr\u00e9mebb rendszerekhez vagy a cs\u00facshidraulik\u00e1hoz k\u00e9pest az XP1 egy kicsit kev\u00e9sb\u00e9 \"organikusnak\" t\u0171nik, de k\u00f6nnyebb haszn\u00e1lni: letisztult, k\u00f6nnyen leolvashat\u00f3 \u00e9s hat\u00e9kony, an\u00e9lk\u00fcl, hogy t\u00falkomplik\u00e1lt lenne. Ami a g\u00e1zt illeti, az adagol\u00e1s finoms\u00e1ga nagy seg\u00edts\u00e9g a nagy teljes\u00edtm\u00e9ny\u0171 hajt\u00e1sok nyomat\u00e9k\u00e1nak kezel\u00e9s\u00e9ben. A gyors korrekci\u00f3k kanyarb\u00f3l val\u00f3 kil\u00e9p\u00e9skor sokkal term\u00e9szetesebb\u00e9 v\u00e1lnak: a szab\u00e1lyozhat\u00f3 l\u00f6ketnek k\u00f6sz\u00f6nhet\u0151en r\u00f6vid l\u00f6k\u00e9sekben, r\u00e1ngat\u00e1s n\u00e9lk\u00fcl engedheti el a g\u00e1zt.<\/p>\n<p>\u00d6sszess\u00e9g\u00e9ben a forgatty\u00fasker\u00e9k olyan, mint egy prec\u00edzi\u00f3s szersz\u00e1m. Gyorsan magabiztosnak \u00e9rzi mag\u00e1t, mert a visszajelz\u00e9s k\u00f6vetkezetes \u00e9s azonnal \u00e9rthet\u0151. Ez nem egy olyan hajt\u00f3kar, ami felv\u00e1g, hanem egy olyan hajt\u00f3kar, ami gyorsabb\u00e1 teszi a k\u00f6rid\u0151ket.<\/p>\n<h2>Kinek sz\u00f3l? Amit szeret\u00fcnk \/ Amit nem szeret\u00fcnk<\/h2>\n<p>A Simlab XP1 egy\u00e9rtelm\u0171en azokat a szimul\u00e1toros versenyz\u0151ket c\u00e9lozza meg, akik m\u00e1r valamennyire benne vannak a szak\u00e1gban: akik rendszeresen, PC-n, merev pil\u00f3taf\u00fclk\u00e9vel versenyeznek, \u00e9s akik a f\u00e9kez\u00e9s\u00fcket a k\u00f6vetkez\u0151 szintre szeretn\u00e9k emelni. A motiv\u00e1lt kezd\u0151k is megszokhatj\u00e1k, de csak akkor tudj\u00e1k a legt\u00f6bbet kihozni a ped\u00e1lokb\u00f3l, ha hajland\u00f3ak dolgozni a f\u00e9kez\u00e9si pontjaikon, a referenciapontjaikon \u00e9s a vezet\u00e9si st\u00edlusukon. Egy k\u00f6z\u00e9phalad\u00f3 vagy tapasztalt motoros sz\u00e1m\u00e1ra a hajt\u00f3kar kiv\u00e1l\u00f3 eszk\u00f6z a fejl\u0151d\u00e9shez, \u00e9s t\u00f6k\u00e9letesen illeszkedik egy teljes\u00edtm\u00e9nyorient\u00e1lt be\u00e1ll\u00edt\u00e1shoz.<\/p>\n<p>Az egyik dolog, ami nagyon tetszett, az a f\u00e9k k\u00f6vetkezetess\u00e9ge volt. Ha egyszer megtal\u00e1lta a megfelel\u0151 be\u00e1ll\u00edt\u00e1st, akkor egy olyan nyom\u00e1spontot kap, amelyet nagyon k\u00f6nny\u0171 megism\u00e9telni, \u00edgy sokkal gyakoribb\u00e1 v\u00e1lnak a tiszta kanyarok. Azt\u00e1n ott van a ped\u00e1lv\u00e1z \u00e1ltal\u00e1nos merevs\u00e9ge, ami azonnal megnyugtat: nincs gyan\u00fas hajl\u00edt\u00e1s, nincs t\u00f6r\u00e9kenys\u00e9g\u00e9rzet, \u00e9s mered er\u0151sen nyomni. V\u00e9g\u00fcl pedig a mechanikai \u00e9s szoftveres testreszabhat\u00f3s\u00e1g szintje val\u00f3di szabads\u00e1got k\u00edn\u00e1l. Az XP1-et egy nagyon agressz\u00edv st\u00edlushoz vagy egy foly\u00e9konyabb vezet\u00e9si st\u00edlushoz igaz\u00edthatod, an\u00e9lk\u00fcl, hogy \u00fagy \u00e9rezn\u00e9d, hogy a hardver korl\u00e1tozza.<\/p>\n<p>M\u00e1sr\u00e9szr\u0151l azonban van n\u00e9h\u00e1ny korl\u00e1toz\u00e1s, amit szem el\u0151tt kell tartani. Az els\u0151, hogy nem bocs\u00e1tja meg a k\u00f6nny\u0171 pil\u00f3taf\u00fclk\u00e9t: ha a szerkezet megmozdul, az \u00e9lm\u00e9ny jelent\u0151sen romlik. Szinte megk\u00f6veteli a komoly fut\u00f3m\u0171be val\u00f3 beruh\u00e1z\u00e1st, ami megn\u00f6veli a teljes felszerel\u00e9s \u00f6sszk\u00f6lts\u00e9g\u00e9t. M\u00e1sodszor, a nagyon mechanikus \u00e9s ipari \u00e9rz\u00e9s elriaszthatja azokat, akik a \"k\u00e9szterm\u00e9k\" kin\u00e9zet\u00e9t keresik, motorh\u00e1ztet\u0151vel vagy kidolgozott diz\u00e1jnnal. Er\u0151teljes, de meglehet\u0151sen nyers. V\u00e9g\u00fcl pedig az a t\u00e9ny, hogy f\u0151k\u00e9nt PC-alap\u00fa, \u00e9s a szoftveres ir\u00e1ny\u00edt\u00e1s kifejezetten erre a c\u00e9lra k\u00e9sz\u00fclt, korl\u00e1tozza a konzolos j\u00e1t\u00e9kosok vonzerej\u00e9t, akik nem akarj\u00e1k kihaszn\u00e1lni az \u00f6sszes finomhangol\u00e1si lehet\u0151s\u00e9get.<\/p>\n<p>Az \u00e9rz\u00e9kelt \u00e9rt\u00e9ket tekintve ez egy hossz\u00fa t\u00e1v\u00fa befektet\u00e9sk\u00e9nt poz\u00edcion\u00e1lt term\u00e9k: t\u00f6bbet fizet, mint egy bel\u00e9p\u0151 szint\u0171 loadcell hajt\u00f3kar, de olyan alapot kap, amelyet nem akar \u00e9vente cser\u00e9lni. Annak, aki komolyan veszi a szimul\u00e1toros versenyz\u00e9st, a teljes\u00edtm\u00e9ny\/tart\u00f3ss\u00e1g ar\u00e1nya tov\u00e1bbra is konzisztens marad.<\/p>\n<h2>\u00cdt\u00e9let<\/h2>\n<p>A Simlab XP1 egy\u00e9rtelm\u0171en egyike azoknak a be\u00e1ll\u00edt\u00e1si elemeknek, amelyek megv\u00e1ltoztatj\u00e1k a f\u00e9kez\u00e9shez val\u00f3 hozz\u00e1\u00e1ll\u00e1st. Nem ad hozz\u00e1 k\u00fcty\u00fcket, nem j\u00e1tszik a l\u00e1tv\u00e1nyoss\u00e1ggal, hanem egy pontos pontra koncentr\u00e1l: s\u0171r\u0171, megb\u00edzhat\u00f3 \u00e9s \u00e1ll\u00edthat\u00f3 terhel\u00e9ses f\u00e9ket k\u00edn\u00e1l, egy merev szerkezetben, amely tartja az utat. Egy am\u00fagy is j\u00f3l felszerelt cockpitben ez tipikusan az a fajta friss\u00edt\u00e9s, ami egy \u00e1tlagos motorost a k\u00f6vetkez\u0151 szintre emel a k\u00f6vetkezetess\u00e9g tekintet\u00e9ben.<\/p>\n<p>A piacon az XP1-et teljes\u00edtm\u00e9nyorient\u00e1lt pr\u00e9mium leng\u0151karokk\u00e9nt poz\u00edcion\u00e1lj\u00e1k, az egyszer\u0171 k\u00f6z\u00e9pkateg\u00f3ria f\u00f6l\u00e9, de an\u00e9lk\u00fcl, hogy \u00e1rban vagy technol\u00f3gi\u00e1ban az ultra-high-end hidraulikus rendszerek t\u00falz\u00e1sa al\u00e1 esne. Azokat c\u00e9lozza meg, akik tudj\u00e1k, mit v\u00e1rnak el egy f\u00e9kt\u0151l, \u00e9s akik komoly, tart\u00f3s \u00e9s mindennap haszn\u00e1lhat\u00f3 felszerel\u00e9st szeretn\u00e9nek.<\/p>\n<p>Egy\u00e9rtelm\u0171en a merev v\u00e1zzal rendelkez\u0151 PC-s szimul\u00e1toros versenyz\u0151knek aj\u00e1nlom, akik gyakran vezetnek ig\u00e9nyes szimul\u00e1ci\u00f3kat, \u00e9s egyszer \u00e9s mindenkorra le akarj\u00e1k z\u00e1rni a ped\u00e1lfal k\u00e9rd\u00e9s\u00e9t. Az alkalmi j\u00e1t\u00e9kosoknak, k\u00f6nny\u0171 pil\u00f3taf\u00fclk\u00e9n vagy f\u0151k\u00e9nt konzolon nem ez lesz a legjobb v\u00e1laszt\u00e1s: val\u00f3sz\u00edn\u0171leg t\u00falm\u00e9retezettnek \u00e9s kihaszn\u00e1latlannak fog t\u0171nni. Ha szeretn\u00e9d biztos\u00edtani a f\u00e9kez\u00e9sedet, konzisztenci\u00e1t szeretn\u00e9l nyerni, \u00e9s egy olyan hajt\u00f3karral k\u00edn\u00e1lsz magadnak, amely hossz\u00fa t\u00e1von k\u00f6veti a fejl\u0151d\u00e9sedet, akkor ez a term\u00e9k egy\u00e9rtelm\u0171en k\u00fcl\u00f6nbs\u00e9get tehet a be\u00e1ll\u00edt\u00e1sodban.<\/p>","protected":false},"excerpt":{"rendered":"<p>Ez a hajt\u00f3kar igazi munkaeszk\u00f6z-\u00e9rzetet adott: a f\u00e9kez\u00e9s olvashat\u00f3bb\u00e1, megism\u00e9telhet\u0151bb\u00e9 v\u00e1lt, \u00e9s egy\u00e9rtelm\u0171en megv\u00e1ltoztatta az \u00e1lland\u00f3s\u00e1got t\u00f6bb k\u00f6r\u00f6n kereszt\u00fcl. \u00c9rtelme van a m\u00e1r merev cockpittal felszerelt PC-simul\u00e1toros versenyz\u0151knek, akik gyakran tekernek, \u00e9s a f\u00e9kez\u00e9s\u00fcket a k\u00f6vetkez\u0151 szintre szeretn\u00e9k emelni. A befektet\u00e9snek akkor van \u00e9rtelme, ha a c\u00e9l a hossz\u00fa t\u00e1v\u00fa fejl\u0151d\u00e9s.<\/p>","protected":false},"featured_media":101795,"comment_status":"open","ping_status":"closed","template":"","meta":{"_acf_changed":false,"_et_pb_use_builder":"","_et_pb_old_content":"","_et_gb_content_width":""},"product_brand":[174],"product_cat":[162],"product_tag":[149],"class_list":{"0":"post-101794","1":"product","2":"type-product","3":"status-publish","4":"has-post-thumbnail","6":"product_brand-sim-lab","7":"product_cat-pedalier","8":"product_tag-pc","10":"first","11":"instock","12":"shipping-taxable","13":"product-type-external"},"acf":[],"_links":{"self":[{"href":"https:\/\/simracergear.com\/hu\/wp-json\/wp\/v2\/product\/101794","targetHints":{"allow":["GET"]}}],"collection":[{"href":"https:\/\/simracergear.com\/hu\/wp-json\/wp\/v2\/product"}],"about":[{"href":"https:\/\/simracergear.com\/hu\/wp-json\/wp\/v2\/types\/product"}],"replies":[{"embeddable":true,"href":"https:\/\/simracergear.com\/hu\/wp-json\/wp\/v2\/comments?post=101794"}],"wp:featuredmedia":[{"embeddable":true,"href":"https:\/\/simracergear.com\/hu\/wp-json\/wp\/v2\/media\/101795"}],"wp:attachment":[{"href":"https:\/\/simracergear.com\/hu\/wp-json\/wp\/v2\/media?parent=101794"}],"wp:term":[{"taxonomy":"product_brand","embeddable":true,"href":"https:\/\/simracergear.com\/hu\/wp-json\/wp\/v2\/product_brand?post=101794"},{"taxonomy":"product_cat","embeddable":true,"href":"https:\/\/simracergear.com\/hu\/wp-json\/wp\/v2\/product_cat?post=101794"},{"taxonomy":"product_tag","embeddable":true,"href":"https:\/\/simracergear.com\/hu\/wp-json\/wp\/v2\/product_tag?post=101794"}],"curies":[{"name":"wp","href":"https:\/\/api.w.org\/{rel}","templated":true}]}}