{"id":101819,"date":"2025-05-22T09:21:00","date_gmt":"2025-05-22T09:21:00","guid":{"rendered":"https:\/\/simracergear.com\/?post_type=product&#038;p=101819"},"modified":"2025-11-28T06:06:51","modified_gmt":"2025-11-28T06:06:51","slug":"fanatec-clubsport-handbrake-v2","status":"publish","type":"product","link":"https:\/\/simracergear.com\/hu\/products\/fanatec-clubsport-handbrake-v2\/","title":{"rendered":"Fanatec Clubsport k\u00e9zif\u00e9k V2"},"content":{"rendered":"<h2>Fanatec ClubSport k\u00e9zif\u00e9k V2: teljes teszt \u00e9s haszn\u00e1lat ut\u00e1ni v\u00e9lem\u00e9ny<\/h2>\n<p>A szimul\u00e1toros versenyz\u00e9s vil\u00e1g\u00e1ban a k\u00e9zif\u00e9kkar gyakran a korm\u00e1nyker\u00e9k \u00e9s a ped\u00e1lok ut\u00e1n megv\u00e1s\u00e1rolt kieg\u00e9sz\u00edt\u0151. A rallye, a rallycross vagy a driftel\u00e9s eset\u00e9ben azonban ez a kar jelenti a k\u00fcl\u00f6nbs\u00e9get a \"k\u00f6rbe-k\u00f6rbe j\u00e1r\u00e1s\" \u00e9s az \"aut\u00f3 val\u00f3di ir\u00e1ny\u00edt\u00e1sa\" k\u00f6z\u00f6tt. A Fanatec ClubSport Handbrake V2 egy\u00e9rtelm\u0171en a k\u00f6z\u00e9p- \u00e9s fels\u0151 kateg\u00f3ri\u00e1s megold\u00e1sk\u00e9nt van poz\u00edcion\u00e1lva, \u00e9s azok sz\u00e1m\u00e1ra k\u00e9sz\u00fclt, akik komoly, robusztus k\u00e9zif\u00e9ket szeretn\u00e9nek, amely \u00f6sszhangban van a m\u00e1r j\u00f3l fejlett be\u00e1ll\u00edt\u00e1sokkal.<\/p>\n<p>Olyan \u00e9rz\u00e9st \u00edg\u00e9r, mint egy versenyaut\u00f3 hidraulikus k\u00e9zif\u00e9kje, robusztus fel\u00e9p\u00edt\u00e9st \u00e9s tiszta integr\u00e1ci\u00f3t a Fanatec \u00f6kosziszt\u00e9m\u00e1ba. Az \u00f6tlet l\u00e9nyege, hogy a h\u00e1ts\u00f3 r\u00f6gz\u00edt\u00e9s finom vez\u00e9rl\u00e9s\u00e9t k\u00edn\u00e1lja, nem csak egy be\/kikapcsol\u00f3 gombot. Ez egy\u00e9rtelm\u0171en egy olyan term\u00e9k, amely ink\u00e1bb az \u00e9rz\u00e9kel\u00e9sre \u00e9s a pontoss\u00e1gra, mint egy mag\u00e1val ragad\u00f3 szerkenty\u0171re ir\u00e1nyul.<\/p>\n<p>A magam r\u00e9sz\u00e9r\u0151l egy nagyon egyszer\u0171 szemsz\u00f6gb\u0151l k\u00f6zel\u00edtettem meg a k\u00e9rd\u00e9st: val\u00f3ban jobb ir\u00e1ny\u00edt\u00e1st biztos\u00edt az aut\u00f3 felett a hat\u00e1rhelyzetekben, an\u00e9lk\u00fcl, hogy a mindennapi haszn\u00e1lat f\u00e1jdalmas lenne? Meg\u00e9ri a befektet\u00e9st az egyszer\u0171bb vagy bark\u00e1cs k\u00e9zif\u00e9kekkel szemben? \u00c9s mindenekel\u0151tt, k\u00f6nnyen integr\u00e1lhat\u00f3-e egy modern pil\u00f3taf\u00fclk\u00e9be, ak\u00e1r PC-t, ak\u00e1r konzolt haszn\u00e1lunk?<\/p>\n<h2>Tervez\u00e9s \u00e9s gy\u00e1rt\u00e1s: igazi m\u00e9rn\u00f6ki munka<\/h2>\n<p>Ami felt\u0171nik, amikor kiveszi a ClubSport Handbrake V2-t a doboz\u00e1b\u00f3l, az a s\u0171r\u0171s\u00e9g \u00e9rz\u00e9se. A test f\u00e9mb\u0151l k\u00e9sz\u00fclt, \u00e9s az eg\u00e9sz dolog merevs\u00e9get sug\u00e1roz. A k\u00e9zben azonnal olyan benyom\u00e1st kelt, mintha egy olyan tartoz\u00e9kr\u00f3l lenne sz\u00f3, amelyet arra terveztek, hogy \u00e9vekig kib\u00edrja a kiss\u00e9 brut\u00e1lis \u00fct\u00e9seket. Nem j\u00e1t\u00e9k, hanem ipari szellemis\u00e9g\u0171.<\/p>\n<p>A f\u00e9m alkatr\u00e9szek fel\u00fclete tiszta, j\u00f3l megmunk\u00e1lt \u00e9lekkel \u00e9s l\u00e1that\u00f3 h\u00e9zagok n\u00e9lk\u00fcli \u00f6sszeszerel\u00e9ssel. A festett \u00e9s elox\u00e1lt fel\u00fcletek bizalomgerjeszt\u0151ek, nincs \"olcs\u00f3 f\u00e9m\" vagy \"\u00fcreges hang\u00fa alum\u00ednium\" hat\u00e1s. A kar hat\u00e1rozott, kontroll\u00e1lt l\u00f6ket\u0171, nyikorg\u00e1s \u00e9s parazita s\u00farl\u00f3d\u00e1s n\u00e9lk\u00fcl, ami er\u0151s\u00edti a komoly mechanika benyom\u00e1s\u00e1t.<\/p>\n<p>A foganty\u00fa markolata tisztess\u00e9ges, de ez az a pont, ahol n\u00e9h\u00e1nyan egy kicsit csal\u00f3dottak lehetnek. A forma \u00e9s a bevonat funkcion\u00e1lis \u00e9s nem kellemetlen, de nincs az az ultra text\u00far\u00e1s vagy b\u0151rbe burkolt motorsport \u00e9rz\u00e9s. Egy olyan term\u00e9k eset\u00e9ben, amely egy ig\u00e9nyes szegmenst c\u00e9loz meg, egy pr\u00e9miumabb bor\u00edt\u00e1snak \u00f6r\u00fclt\u00fcnk volna.<\/p>\n<p>M\u00e9ret\u00e9t \u00e9s fizikai jelenl\u00e9t\u00e9t tekintve j\u00f3l elf\u00e9r egy pil\u00f3taf\u00fclk\u00e9ben. Nem egy mikro-kieg\u00e9sz\u00edt\u0151, \u00e9s egy kis oldals\u00f3 helyet kell hagyni. Az egyszer\u0171bb k\u00e9zif\u00e9kekkel vagy a 100 m\u0171anyag %-vel \u00f6sszehasonl\u00edtva egy\u00e9rtelm\u0171, hogy feljebb l\u00e9p\u00fcnk a sz\u00ednvonalon: nehezebb, merevebb, megnyugtat\u00f3bb. A piacon kaphat\u00f3 egyes bark\u00e1csolt f\u00e9m modellekkel \u00f6sszehasonl\u00edtva, kit\u0171n\u0151en teljes\u00edtett \u00e9s mindenekel\u0151tt letisztultabb integr\u00e1ci\u00f3j\u00e1val t\u0171nik ki.<\/p>\n<p>Mindent egybevetve, az \u00e9rz\u00e9s egy\u00e9rtelm\u0171: b\u00edrja a strap\u00e1t. \u00dagy \u00e9p\u00edtett\u00e9k, hogy b\u00edrja a strap\u00e1t, \u00e9s ezt azonnal \u00e9rezni is lehet.<\/p>\n<h2>Be\u00e1ll\u00edt\u00e1sok, testreszab\u00e1s \u00e9s kompatibilit\u00e1s<\/h2>\n<p>A ClubSport Handbrake V2 alapvet\u0151en meglehet\u0151sen egyszer\u0171, de a cockpit \u00e9s a vezet\u00e9si st\u00edlus\u00e1nak megfelel\u0151 be\u00e1ll\u00edt\u00e1si lehet\u0151s\u00e9geket k\u00edn\u00e1l. Az els\u0151 fontos pont a kar f\u00fcgg\u0151leges vagy v\u00edzszintes felszerel\u00e9s\u00e9nek lehet\u0151s\u00e9ge. Ez a rugalmass\u00e1g mindent megv\u00e1ltoztat az ergon\u00f3mia szempontj\u00e1b\u00f3l: be\u00e1ll\u00edthatod \"rally\" \u00fczemm\u00f3dra a f\u00fcgg\u0151leges k\u00e9zif\u00e9kkel, vagy ink\u00e1bb \"t\u00fara\/ drift\" \u00fczemm\u00f3dra a v\u00edzszintesebb karral.<\/p>\n<p>A fesz\u00edt\u00e9s \u00e9s a rug\u00f3\u00fat nem v\u00e9gtelen\u00fcl konfigur\u00e1lhat\u00f3, mint egy nagyon cs\u00facskateg\u00f3ri\u00e1s leng\u0151kar eset\u00e9ben, de el\u00e9g mozg\u00e1st\u00e9r van ahhoz, hogy k\u00e9nyelmes kompromisszumot tal\u00e1ljon. A k\u00e9zif\u00e9k egy anal\u00f3g \u00e9rz\u00e9kel\u0151vel m\u0171k\u00f6dik, amely lehet\u0151v\u00e9 teszi az alkalmazott er\u0151 val\u00f3di modul\u00e1l\u00e1s\u00e1t, \u00e9s itt v\u00e1lik \u00e9rdekess\u00e9: nem csak egy digit\u00e1lis kapcsol\u00f3t haszn\u00e1lsz.<\/p>\n<p>Ami a tanul\u00e1st illeti, nem ig\u00e9nyel \u00f3r\u00e1kig tart\u00f3 szoftverbe\u00e1ll\u00edt\u00e1sokat. A Fanatec \u00f6kosziszt\u00e9m\u00e1ban a felismer\u00e9s a konfigur\u00e1ci\u00f3t\u00f3l f\u00fcgg\u0151en az alapon vagy a dedik\u00e1lt USB modulon kereszt\u00fcl egyszer\u0171. A j\u00e1t\u00e9kokban anal\u00f3g tengelyk\u00e9nt lek\u00e9pezed, \u00e9s ennyi. A legnehezebb feladat a kar poz\u00edci\u00f3j\u00e1nak \u00e9s a h\u00faz\u00e1si er\u0151nek a helyes be\u00e1ll\u00edt\u00e1sa, k\u00fcl\u00f6n\u00f6sen, ha v\u00e1ltogatod a k\u00fcl\u00f6nb\u00f6z\u0151 szak\u00e1gakat (rally, drift, p\u00e1lya).<\/p>\n<p>A kompatibilit\u00e1s tekintet\u00e9ben a minta klasszikus Fanatec: t\u00f6k\u00e9letesen integr\u00e1l\u00f3dik a m\u00e1rka alapokhoz \u00e9s tartoz\u00e9kokhoz, \u00e9s a PC-k t\u00e1mogat\u00e1sa \u00e1ltal\u00e1ban kiv\u00e1l\u00f3. Konzolokon ez els\u0151sorban a haszn\u00e1lt b\u00e1zist\u00f3l \u00e9s a j\u00e1t\u00e9kt\u00f3l f\u00fcgg, de a teljes Fanatec \u00f6kosziszt\u00e9m\u00e1ban az integr\u00e1ci\u00f3 tov\u00e1bbra is az egyik er\u0151ss\u00e9ge.<\/p>\n<p>Ami a fejleszthet\u0151s\u00e9get illeti, ez egy olyan tartoz\u00e9k, amely id\u0151vel egy\u00e9rtelm\u0171en k\u00f6vetni tudja a szimul\u00e1torokat. Ez nem egy \"kis bel\u00e9p\u0151 szint\u0171 k\u00e9zif\u00e9k\", amelyet lecser\u00e9lsz, amint nagyobb korm\u00e1nyker\u00e9kre v\u00e1ltasz. Ez ugyan\u00fagy r\u00e9sze egy k\u00f6z\u00e9pkateg\u00f3ri\u00e1s be\u00e1ll\u00edt\u00e1snak, mint egy fejlettebb pil\u00f3taf\u00fclke, \u00fcl\u00e9smozgat\u00f3val vagy er\u0151teljes Direct Drive-val.<\/p>\n<h2>\u00c9rz\u00e9sek a j\u00e1t\u00e9kban: ahol ez a k\u00fcl\u00f6nbs\u00e9g a k\u00fcl\u00f6nbs\u00e9g<\/h2>\n<p>A l\u00e9nyeg az, hogy a ClubSport Handbrake V2 mit v\u00e1ltoztat, ha m\u00e1r a virtu\u00e1lis p\u00e1ly\u00e1n van. Az els\u0151 fontos pont a progresszivit\u00e1s. Az anal\u00f3g \u00e9rz\u00e9kel\u0151nek k\u00f6sz\u00f6nhet\u0151en val\u00f3di fokozatoss\u00e1got \u00e9rezhet\u00fcnk az enyhe terhel\u00e9s\u00e1tvitel \u00e9s a h\u00e1ts\u00f3 kerekek teljes blokkol\u00e1sa k\u00f6z\u00f6tt. Nem csak egy nagy, hirtelen \u00e1tv\u00e1lt\u00e1st v\u00e1lt ki; m\u00e9rheti, be\u00e1ll\u00edthatja \u00e9s egy pillanatig \"tarthatja\" a f\u00e9kez\u00e9st, miel\u0151tt feloldja.<\/p>\n<p>Sz\u0171k rallye-kanyarokban ez a viselked\u00e9s az aut\u00f3 sz\u00f6g\u00e9nek sokkal finomabb szab\u00e1lyoz\u00e1s\u00e1t jelenti. Ha t\u00fal er\u0151sen h\u00fazod, akkor enyhe megp\u00f6rd\u00fcl\u00e9st vagy kip\u00f6rd\u00fcl\u00e9st kezdem\u00e9nyezhetsz, de a l\u00e9nyeg, hogy k\u00f6nnyen \u00e9rezhet\u0151 a billen\u00e9si pont. Gyorsan meg\u00e9rti, hogy mennyit kell h\u00fazni ahhoz, hogy a h\u00e1ts\u00f3 r\u00e9sz elforduljon an\u00e9lk\u00fcl, hogy mindent elvesz\u00edtene. Pontosan ez az a pont, ahol egy egyszer\u0171 gombos vagy digit\u00e1lis k\u00e9zif\u00e9k megmutatja a korl\u00e1tait.<\/p>\n<p>A markolaton a leolvas\u00e1s els\u0151sorban az aut\u00f3 reakci\u00f3j\u00e1n alapul, nem pedig a mechanikus er\u0151 visszat\u00e9r\u00e9s\u00e9n a karban, mivel nincs akt\u00edv FFB, mint a korm\u00e1nyker\u00e9ken. M\u00e1sr\u00e9szt a kar mozg\u00e1s\u00e1nak \u00e9s ellen\u00e1ll\u00e1s\u00e1nak k\u00f6vetkezetess\u00e9ge nagyon vil\u00e1gos referenciapontot biztos\u00edt az izommem\u00f3ria sz\u00e1m\u00e1ra. N\u00e9h\u00e1ny szakasz ut\u00e1n m\u00e1r nagyj\u00e1b\u00f3l tudod, hogy a verseny melyik pontj\u00e1n fog le\u00e1llni az aut\u00f3, \u00e9s elkezdesz j\u00e1tszani ezzel a hat\u00e1rral.<\/p>\n<p>A vibr\u00e1torokon a k\u00e9zif\u00e9k nyilv\u00e1nval\u00f3an nem k\u00f6zvetlen visszajelz\u0151 eszk\u00f6z, de j\u00f3l j\u00f6n a felz\u00e1rk\u00f3z\u00e1shoz vagy az aut\u00f3 ir\u00e1ny\u00edt\u00e1s\u00e1hoz k\u00f6zvetlen\u00fcl egy kiss\u00e9 piszkos fut\u00e1s ut\u00e1n. Ahol igaz\u00e1n sokat sz\u00e1m\u00edt, az a gyors korrekci\u00f3s f\u00e1zisokban: egy kis r\u00e1nt\u00e1s, hogy a h\u00e1ts\u00f3 r\u00e9szt visszahozzuk a vonalba, egy f\u00e9l koppint\u00e1s a t\u00fal sz\u00e9les drift be\u00e1ll\u00edt\u00e1s\u00e1hoz, minden sokkal term\u00e9szetesebben megy, mint egy gombbal vagy lap\u00e1ttal.<\/p>\n<p>A hossz\u00fa \u00fcl\u00e9seken a k\u00f6vetkezetess\u00e9g t\u0171nik ki. Az ellen\u00e1ll\u00e1s nem v\u00e1ltozik, nincs j\u00e1t\u00e9k, nincs olyan \u00e9rz\u00e9s, hogy a mechanika bizonyos sz\u00e1m\u00fa fut\u00e1s ut\u00e1n elf\u00e1radna. A kar h\u0171 marad \u00f6nmag\u00e1hoz, ami d\u00f6nt\u0151 fontoss\u00e1g\u00fa, ha az id\u0151 m\u00fal\u00e1s\u00e1val ugyanazokat a referenciapontokat szeretn\u00e9 megtartani a lovagl\u00e1shoz. Nem k\u00fczdesz a felszerel\u00e9ssel, hanem az aut\u00f3ra koncentr\u00e1lsz.<\/p>\n<p>Egy egyszer\u0171 bel\u00e9p\u0151 szint\u0171 k\u00e9zif\u00e9kkel vagy a korm\u00e1nyker\u00e9ken l\u00e9v\u0151 egyszer\u0171 gombbal \u00f6sszehasonl\u00edtva, az elmer\u00fcl\u00e9st egy\u00e9rtelm\u0171en n\u00f6veli. T\u00e9nyleg azt a benyom\u00e1st kelti, mintha egy k\u00fcl\u00f6n\u00e1ll\u00f3, a kezekt\u0151l elk\u00fcl\u00f6n\u00edtett \"kezel\u0151szervet\" haszn\u00e1lna, mint egy igazi aut\u00f3ban. N\u00e9h\u00e1ny extr\u00e9mebb k\u00e9zif\u00e9kkel \u00f6sszehasonl\u00edtva (p\u00e9ld\u00e1ul a szimul\u00e1torokhoz \u00e1talak\u00edtott hidraulikus f\u00e9kek), a Fanatec mechanikai \u00e9rzet\u00e9t tekintve egy kicsit l\u00e1gyabb, kev\u00e9sb\u00e9 brut\u00e1lis, de a rally + drift + sz\u00f3rakoz\u00e1s vegyes haszn\u00e1lat\u00e1hoz is k\u00f6nnyebben el\u00e9rhet\u0151.<\/p>\n<p>A gyakorlatban ez egy kulcsfontoss\u00e1g\u00fa dolgot ad: a magabiztoss\u00e1got, hogy kem\u00e9nyebben t\u00e1madj azokon a szakaszokon, ahol a h\u00e1ts\u00f3 r\u00e9sznek mozognia kell. K\u00f6nnyebben mered elk\u00fcldeni az aut\u00f3t, mert tudod, hogy van egy megb\u00edzhat\u00f3 karod, amivel elkaphatod vagy m\u00f3dos\u00edthatod a r\u00f6pp\u00e1ly\u00e1j\u00e1t. Pontosan ez az a pont, ahol a tartoz\u00e9k igazolja a hely\u00e9t egy be\u00e1ll\u00edt\u00e1sban.<\/p>\n<h2>Kinek sz\u00f3l? Mit szeret\u00fcnk, mit nem szeret\u00fcnk<\/h2>\n<p>A ClubSport Handbrake V2 egy\u00e9rtelm\u0171en a szimul\u00e1toros versenyz\u0151ket c\u00e9lozza meg, akik m\u00e1r rendelkeznek egy minim\u00e1lis felszerel\u00e9ssel \u00e9s elk\u00f6telezetts\u00e9ggel. Egy teljesen kezd\u0151 szimul\u00e1torversenyz\u0151 nem fogja r\u00f6gt\u00f6n a legt\u00f6bbet kihozni bel\u0151le, de egy motiv\u00e1lt j\u00e1t\u00e9kos, aki rendszeresen gyakorolja a rallyt, a driftet vagy azokat a szak\u00e1gakat, ahol a h\u00e1ts\u00f3 r\u00e9sznek \u00e9lnie kell, gyorsan igazi pluszt fog tal\u00e1lni benne. PC-n a be\u00e1ll\u00edt\u00e1sokban \u00e9s a legmodernebb fizik\u00e1ban gazdag c\u00edmekn\u00e9l jut szerephez. Konzolokon tov\u00e1bbra is \u00e9rdekes marad, de az \u00e9rt\u00e9ke ink\u00e1bb a m\u00e1r megl\u00e9v\u0151 \u00f6kosziszt\u00e9m\u00e1val val\u00f3 kompatibilit\u00e1son m\u00falik majd.<\/p>\n<p>A pozit\u00edvum, hogy a konstrukci\u00f3 a cs\u00facson van: robusztus, komoly, megnyugtat\u00f3, val\u00f3di tart\u00f3ss\u00e1got sugall. Az anal\u00f3g tengely finom modul\u00e1ci\u00f3t biztos\u00edt, ami radik\u00e1lisan megv\u00e1ltoztatja a sikl\u00e1sok kezel\u00e9s\u00e9t az egyszer\u0171 gombhoz k\u00e9pest. A Fanatec \u00f6kosziszt\u00e9m\u00e1ba val\u00f3 integr\u00e1ci\u00f3 szint\u00e9n nagy el\u0151ny: tiszta k\u00e1belez\u00e9s, helyes felismer\u00e9s, eszt\u00e9tikai koherencia a berendez\u00e9s t\u00f6bbi r\u00e9sz\u00e9vel.<\/p>\n<p>Ami a korl\u00e1tokat illeti, a karos markolat \u00e9s a tiszt\u00e1n ergonomikus kivitel ebben az \u00e1rszegmensben m\u00e9g egy kicsit t\u00f6bb munk\u00e1t ig\u00e9nyel. Itt egy j\u00f3 dolgon vagyunk, de nem a \"wow\" faktoron. A beszerel\u00e9s is ig\u00e9nyelhet egy kis kreativit\u00e1st, a pil\u00f3taf\u00fclk\u00e9t\u0151l f\u00fcgg\u0151en: konzolokra, oldalkarokra vagy adapt\u00e1lt lemezekre van sz\u00fcks\u00e9g, k\u00fcl\u00f6n\u00f6sen, ha val\u00f3ban t\u00f6k\u00e9letes poz\u00edci\u00f3t szeretne. V\u00e9g\u00fcl, egy alkalmi j\u00e1t\u00e9kos sz\u00e1m\u00e1ra, aki szinte soha nem ralizik vagy driftel, a befektet\u00e9s ar\u00e1nytalannak t\u0171nhet: egy speci\u00e1lis tartoz\u00e9kr\u00f3l besz\u00e9l\u00fcnk, nem pedig egy olyan univerz\u00e1lis elemr\u0151l, mint egy ped\u00e1lt\u00e1bla.<\/p>\n<p>Az \u00e9szlelt \u00e9rt\u00e9ket tekintve egy\u00e9rtelm\u0171en a k\u00f6z\u00e9pkateg\u00f3ri\u00e1s\/els\u0151 kateg\u00f3ri\u00e1s pozicion\u00e1l\u00e1s\u00e9rt, a m\u00e1rka\u00e9p\u00edt\u00e9s\u00e9rt \u00e9s az \u00f6kosziszt\u00e9m\u00e1ba val\u00f3 integr\u00e1ci\u00f3\u00e9rt fizet. De valaki sz\u00e1m\u00e1ra, aki val\u00f3ban kihaszn\u00e1lja ezeket a j\u00e1t\u00e9ktudom\u00e1nyokat, a befektet\u00e9s\/ellen\u0151rz\u00e9si nyeres\u00e9g ar\u00e1nya tov\u00e1bbra is nagyon konzisztens. L\u00e1thatod, hogy hova mennek az eur\u00f3k: a mechanik\u00e1ba, a pontoss\u00e1gba \u00e9s a megb\u00edzhat\u00f3s\u00e1gba az id\u0151 m\u00fal\u00e1s\u00e1val.<\/p>\n<h2>\u00cdt\u00e9let: egy igazi komoly szimul\u00e1tor k\u00e9zif\u00e9k<\/h2>\n<p>A Fanatec ClubSport Handbrake V2 valami nagyon k\u00e9zzelfoghat\u00f3t hoz egy be\u00e1ll\u00edt\u00e1sba: dedik\u00e1lt h\u00e1ts\u00f3 vez\u00e9rl\u00e9s, amely progressz\u00edv, megb\u00edzhat\u00f3 \u00e9s \u00f6sszhangban van egy modern szimul\u00e1toros versenyz\u0151i pil\u00f3taf\u00fclk\u00e9vel. Ez nem egy dekorat\u00edv tr\u00fckk, hanem egy \u00f6n\u00e1ll\u00f3 vez\u00e9rl\u0151egys\u00e9g, amely megv\u00e1ltoztatja a rallye, rallycross, drift \u00e9s minden ir\u00e1ny\u00edtott cs\u00fasz\u00e1si helyzet megk\u00f6zel\u00edt\u00e9s\u00e9nek m\u00f3dj\u00e1t.<\/p>\n<p>A piacon egy\u00e9rtelm\u0171en a k\u00f6z\u00e9ps\u0151\/els\u0151 kateg\u00f3ri\u00e1ba tartozik: a bel\u00e9p\u0151 szint\u0171 k\u00e9zif\u00e9kekn\u00e9l fejlettebb \u00e9s robusztusabb, de kev\u00e9sb\u00e9 extr\u00e9m, mint n\u00e9h\u00e1ny ultraspeci\u00e1lis hidraulikus rendszer. Term\u00e9szetes fordul\u00f3pont annak, akinek m\u00e1r van egy j\u00f3 korm\u00e1nykereke, tisztess\u00e9ges ped\u00e1ljai \u00e9s egy komoly cockpitje, \u00e9s szeretn\u00e9 megtenni a k\u00f6vetkez\u0151 l\u00e9p\u00e9st a j\u00e1rm\u0171 ir\u00e1ny\u00edt\u00e1s\u00e1ban.<\/p>\n<p>K\u00f6z\u00e9phalad\u00f3 \u00e9s halad\u00f3 szimul\u00e1torversenyz\u0151knek aj\u00e1nlan\u00e1m, k\u00fcl\u00f6n\u00f6sen a PC-orient\u00e1ltaknak, akik jelent\u0151s id\u0151t t\u00f6ltenek olyan szak\u00e1gakban, ahol a k\u00e9zif\u00e9k nem csak opcion\u00e1lis. Egy nagyon alkalmi j\u00e1t\u00e9kosnak, vagy annak, aki nagyj\u00e1b\u00f3l csak tiszta aszfaltos p\u00e1ly\u00e1kon aut\u00f3zik, nem ez lesz a legjobb r\u00f6vid t\u00e1v\u00fa befektet\u00e9s.<\/p>\n<p>Ha a sikl\u00e1s jobb kontroll\u00e1l\u00e1s\u00e1ra v\u00e1gysz, hogy a rallye vagy a driftel\u00e9sed val\u00f3ban pontosabb legyen, ez a term\u00e9k egy\u00e9rtelm\u0171en megv\u00e1ltoztathatja a be\u00e1ll\u00edt\u00e1saidat.<\/p>","protected":false},"excerpt":{"rendered":"<p>Ez a k\u00e9zif\u00e9k val\u00f3di kontroll- \u00e9s bizalomn\u00f6veked\u00e9st eredm\u00e9nyez a sikl\u00f3f\u00e1zisokban, k\u00f6vetkezetes \u00e9s \u00e1lland\u00f3 \u00e9rz\u00e9ssel, amely megv\u00e1ltoztatja a rallye \u00e9s a drift megk\u00f6zel\u00edt\u00e9s\u00e9t. \u00c9rtelme van a szimul\u00e1toros versenyz\u0151k sz\u00e1m\u00e1ra, akik m\u00e1r j\u00f3l felszereltek, k\u00fcl\u00f6n\u00f6sen PC-n, \u00e9s gyakran vesznek r\u00e9szt ezekben a szak\u00e1gakban. A befektet\u00e9s a k\u00edn\u00e1lt robusztuss\u00e1g \u00e9s precizit\u00e1s tekintet\u00e9ben tov\u00e1bbra is logikus.<\/p>","protected":false},"featured_media":101825,"comment_status":"open","ping_status":"closed","template":"","meta":{"_acf_changed":false,"_et_pb_use_builder":"","_et_pb_old_content":"","_et_gb_content_width":""},"product_brand":[158],"product_cat":[150],"product_tag":[149,159,160],"class_list":{"0":"post-101819","1":"product","2":"type-product","3":"status-publish","4":"has-post-thumbnail","6":"product_brand-fanatec","7":"product_cat-frein-a-main","8":"product_tag-pc","9":"product_tag-playstation","10":"product_tag-xbox","12":"first","13":"instock","14":"shipping-taxable","15":"product-type-external"},"acf":[],"_links":{"self":[{"href":"https:\/\/simracergear.com\/hu\/wp-json\/wp\/v2\/product\/101819","targetHints":{"allow":["GET"]}}],"collection":[{"href":"https:\/\/simracergear.com\/hu\/wp-json\/wp\/v2\/product"}],"about":[{"href":"https:\/\/simracergear.com\/hu\/wp-json\/wp\/v2\/types\/product"}],"replies":[{"embeddable":true,"href":"https:\/\/simracergear.com\/hu\/wp-json\/wp\/v2\/comments?post=101819"}],"wp:featuredmedia":[{"embeddable":true,"href":"https:\/\/simracergear.com\/hu\/wp-json\/wp\/v2\/media\/101825"}],"wp:attachment":[{"href":"https:\/\/simracergear.com\/hu\/wp-json\/wp\/v2\/media?parent=101819"}],"wp:term":[{"taxonomy":"product_brand","embeddable":true,"href":"https:\/\/simracergear.com\/hu\/wp-json\/wp\/v2\/product_brand?post=101819"},{"taxonomy":"product_cat","embeddable":true,"href":"https:\/\/simracergear.com\/hu\/wp-json\/wp\/v2\/product_cat?post=101819"},{"taxonomy":"product_tag","embeddable":true,"href":"https:\/\/simracergear.com\/hu\/wp-json\/wp\/v2\/product_tag?post=101819"}],"curies":[{"name":"wp","href":"https:\/\/api.w.org\/{rel}","templated":true}]}}