{"id":100488,"date":"2025-05-15T07:44:00","date_gmt":"2025-05-15T07:44:00","guid":{"rendered":"https:\/\/simracergear.com\/products\/ascher-wheel-b24-sc\/"},"modified":"2025-11-28T04:34:42","modified_gmt":"2025-11-28T04:34:42","slug":"ascher-wheel-b24-sc","status":"publish","type":"product","link":"https:\/\/simracergear.com\/it\/products\/ascher-wheel-b24-sc\/","title":{"rendered":"Ascher Racing B24-SC"},"content":{"rendered":"<h2>Ascher Racing B24-SC: il \"piccolo\" volante GT che gioca in serie A<\/h2>\n<p>L'Ascher Racing B24-SC si colloca chiaramente nella categoria dei volanti premium per PC Direct Drive. \u00c8 un volante di tipo GT\/proto, progettato per basi ad alta fedelt\u00e0, con una chiara attenzione all'eSport e alla seriet\u00e0 in pista piuttosto che a effetti appariscenti. In breve: niente espedienti, solo funzionalit\u00e0.<\/p>\n<p>Ci\u00f2 che promette \u00e8 semplice: un'interfaccia ultra-diretta tra le mani e la base, con una struttura rigida, un'ergonomia progettata per andare veloce e a lungo, e un'affidabilit\u00e0 quasi \"indus\". \u00c8 un prodotto di nicchia, ma che attira molti simulatori avanzati per un motivo: \u00e8 stato progettato principalmente come strumento di prestazione.<\/p>\n<p>Da parte mia, ho prestato particolare attenzione a tre punti: la rigidit\u00e0 complessiva del volante, la qualit\u00e0 dell'ergonomia (posizionamento dei pulsanti, sensazione dei paddle) e la costanza di gioco nel corso di lunghe sessioni. Il B24-SC aggiunge davvero precisione e sicurezza, o \u00e8 solo un altro bel giocattolo CNC sul mercato?<\/p>\n<h2>Progettazione e produzione: un blocco di metallo tagliato per il binario<\/h2>\n<p>In mano, l'Ascher B24-SC d\u00e0 un'impressione immediata di densit\u00e0 e seriet\u00e0. Il corpo del volante \u00e8 lavorato in alluminio, con tagli netti e una finitura che trasuda controllo di qualit\u00e0. Nulla sembra vuoto, nulla si muove, nemmeno con un po' di forza: la rigidit\u00e0 \u00e8 al livello che ci si aspetta in questo segmento premium.<\/p>\n<p>Le manopole sono ricoperte da un'impugnatura in gomma (o in schiuma ad alta densit\u00e0, a seconda della versione) che offre una buona presa senza essere abrasiva. Si percepisce che \u00e8 stata progettata per guidare a lungo senza che le mani si tendano. La sezione delle manopole \u00e8 ben bilanciata: n\u00e9 troppo sottile n\u00e9 troppo massiccia. Non si lotta contro il volante, ma lo si tiene con naturalezza.<\/p>\n<p>Ci\u00f2 che sorprende di pi\u00f9 all'inizio \u00e8 la sensazione di un \"blocco monolitico\". Non appena si inizia ad agire su di esso, il volante non si torce n\u00e9 si deforma. Su una base a trasmissione diretta, questo \u00e8 esattamente ci\u00f2 che si desidera: nessuna perdita tra il motore e le mani. Si capisce immediatamente cosa sta facendo l'auto.<\/p>\n<p>Le palette magnetiche sono nitide e pulite. Il clic \u00e8 secco e preciso, ma non brutale. Non c'\u00e8 il rumoroso \"schiaffo metallico\" che alcuni volanti aggressivi possono dare. Se necessario, \u00e8 possibile regolare la corsa e la posizione, ma anche in modalit\u00e0 predefinita il volante \u00e8 molto utilizzabile.<\/p>\n<p>La leggera delusione potrebbe derivare pi\u00f9 che altro dall'aspetto \"minimalista\". Niente illuminazione RGB, niente schermi, niente controlli rotativi infiniti ovunque: per alcuni allestimenti orientati alla spettacolarizzazione dell'abitacolo, potrebbe sembrare un po' austero. Rispetto a volanti pi\u00f9 impegnativi dal punto di vista visivo, il B24-SC ha un aspetto quasi clinico.<\/p>\n<p>In termini di qualit\u00e0 percepita, siamo chiaramente alla pari con i migliori giocatori di sim-racing sul mercato. La differenza in termini di rigidit\u00e0 e pulizia dell'assemblaggio \u00e8 immediatamente evidente se confrontata con i volanti pi\u00f9 comuni.<\/p>\n<h2>Impostazioni, personalizzazione e compatibilit\u00e0: serie, ma orientata al PC<\/h2>\n<p>Le impostazioni si basano su un'interfaccia di simracer per PC. Il B24-SC \u00e8 stato progettato principalmente per essere utilizzato su un computer, con una connessione diretta alla base (versione SC, cio\u00e8 Simucube) o via USB a seconda della configurazione. \u00c8 chiaramente un prodotto che mostra tutto il suo potenziale in un ecosistema PC, con simulatori come ACC, iRacing, rF2, ecc.<\/p>\n<p>Per quanto riguarda la personalizzazione, sono due le aree principali che contano davvero: la configurazione dei pulsanti\/encoder nei giochi e la regolazione dei paddle. Ci sono abbastanza pulsanti e controlli per gestire senza problemi la mappa del motore, il TC, l'ABS, il pit, la radio, ecc. Non c'\u00e8 nulla di esagerato, ma non manca nulla per un uso serio di GT o proto.<\/p>\n<p>I menu e le preimpostazioni sono gestiti dalla base e dal gioco, non dalla ruota stessa. Il B24-SC non aggiunge un pesante strato di software: si comporta come una semplice periferica, con input ben riconosciuti. La curva di apprendimento \u00e8 quindi legata principalmente alla configurazione delle tende di gioco. In concreto, all'inizio si spende un po' di tempo per mappare tutto correttamente, e poi non ci si torna quasi mai.<\/p>\n<p>La personalizzazione fisica dei paddle \u00e8 un vero vantaggio. Grazie alla possibilit\u00e0 di regolare la distanza, la corsa e talvolta la durezza, \u00e8 possibile adattare il volante al proprio stile di presa e alle dimensioni delle mani. Su una base potente, la regolazione corretta dei paddle evita gli errori di cambio nel bel mezzo di un attacco, il che fa davvero la differenza.<\/p>\n<p>In termini di compatibilit\u00e0, siamo chiari: questo \u00e8 un prodotto progettato per gli ecosistemi PC di fascia alta. Sulle console, questo tipo di volante \u00e8 limitato ad alcune configurazioni molto specifiche e non sar\u00e0 plug &amp; play come un set pi\u00f9 mainstream. Con un cockpit rigido, una pedaliera seria e un moderno Direct Drive, il B24-SC si adatta perfettamente e svolge il suo ruolo di \"cervello\" della configurazione.<\/p>\n<p>Quindi stiamo parlando di un prodotto duraturo piuttosto che di un punto di ingresso. Questo volante \u00e8 destinato ad accompagnare diverse basi Direct Drive nel tempo, non ad essere sostituito al prossimo rapido aggiornamento.<\/p>\n<h2>Sensazione per il gioco: lettura della presa e controllo totale<\/h2>\n<p>\u00c8 proprio in pista che l'Ascher B24-SC dimostra perch\u00e9 gode di una cos\u00ec buona reputazione. La prima cosa che colpisce \u00e8 la pulizia della trasmissione di potenza. Il volano non si piega e non filtra. Tutto ci\u00f2 che esce dalla base arriva nelle vostre mani, senza artefatti parassiti legati al telaio del volante.<\/p>\n<p>In curva, questa rigidit\u00e0 fa una grande differenza nel feedback di aderenza. Si percepisce esattamente quando l'avantreno inizia a scivolare e poi si blocca. Le microvariazioni di carico sono estremamente leggibili e aiutano a posizionare perfettamente l'auto, soprattutto quando si entra in curva con una forte deportanza. \u00c8 possibile percepire esattamente l'azione degli pneumatici.<\/p>\n<p>Sui vibratori, la risposta \u00e8 pulita, asciutta ma controllata. Laddove alcuni volani pi\u00f9 \"leggeri\" risultano un po' morbidi o smorzati, il B24-SC fornisce un segnale molto pulito. Con una base Direct Drive ben regolata, \u00e8 facile distinguere tra un vibratore piatto e uno aggressivo, o un cambio di superficie. Il volante rimane pulito e leggibile, anche quando viene attaccato.<\/p>\n<p>Nelle correzioni veloci, anche la compattezza del diametro gioca a favore del controllo. Non c'\u00e8 bisogno di fare grandi movimenti per riprendersi da una scivolata: basta un colpo di polso e il volante segue senza eccessiva inerzia. Quando si proviene da un volante pi\u00f9 largo o pi\u00f9 morbido, si avverte immediatamente che l'auto risponde in modo pi\u00f9 \"diretto\" a ci\u00f2 che si sta facendo.<\/p>\n<p>Le lunghe sessioni sono un buon test per questo tipo di prodotto. Con il B24-SC, la fatica deriva pi\u00f9 dall'intensit\u00e0 del FFB che dalla forma della ruota stessa. La presa rimane confortevole, i materiali non diventano aggressivi e l'assenza di giochi meccanici evita i micromovimenti parassiti che con il tempo danneggiano i polsi.<\/p>\n<p>Rispetto a un volante pi\u00f9 orientato all'ingresso\/medio raggio, la differenza si sente in tre aree principali: la chiarezza del feedback, la coerenza nel tempo e la fiducia nel supporto. Vi ritroverete a frenare pi\u00f9 tardi, a mantenere una maggiore velocit\u00e0 in curva, semplicemente perch\u00e9 quello che avete tra le mani \u00e8 stabile, riproducibile e logico.<\/p>\n<p>Di fronte a soluzioni ancora pi\u00f9 estreme e complesse, con schermi integrati, decine di comandi rotanti ed ergonomia ultra-specifica, il B24-SC \u00e8 pi\u00f9 semplice ma anche pi\u00f9 universale. Non si ha la sensazione di \"gestire il volante\", ma di guidare la macchina.<\/p>\n<p>La sensazione generale \u00e8 quella di un setup molto coerente: forte immersione, elevato controllo e, soprattutto, grande fiducia. \u00c8 qui che la base fa davvero la differenza, e il B24-SC le permette di esprimersi senza snaturarsi.<\/p>\n<h2>Per chi \u00e8? Cosa ci piace \/ Cosa non ci piace<\/h2>\n<p>L'Ascher B24-SC si rivolge chiaramente a un pubblico gi\u00e0 impegnato di simulatori: utenti Direct Drive, per lo pi\u00f9 su PC, che guidano regolarmente e sono alla ricerca di un volante GT compatto, affidabile e ad alte prestazioni. Un principiante molto motivato potrebbe trovarlo un investimento a lungo termine, ma \u00e8 molto lontano dal primo volante che si usa per scoprire le gare di simulazione. Su console, sar\u00e0 interessante solo per configurazioni molto specifiche, quindi non \u00e8 il suo target principale.<\/p>\n<p>Ci\u00f2 che apprezzo di pi\u00f9 \u00e8 questo trio: rigidit\u00e0 impeccabile, ergonomia efficace e paddle magnetici molto ben calibrati. La sensazione di seriet\u00e0 \u00e8 costante: tutto ci\u00f2 che si fa al volante \u00e8 pulito e controllato, senza compromessi. Il formato compatto lo rende inoltre estremamente versatile per tutte le discipline di tipo GT3, LMP e GT4, e persino per alcune monoposto moderne. Sembra uno strumento progettato per le prestazioni, prima di tutto. Il rapporto precisione\/comfort\/ versatilit\u00e0 \u00e8 chiaramente il suo punto di forza.<\/p>\n<p>In termini di limitazioni, il primo punto \u00e8 estetico e \"divertente\": niente schermo, niente telemetria integrata, niente effetti visivi. Per alcuni utenti che amano un cockpit molto \"vivace\", questo aspetto sar\u00e0 carente. In secondo luogo, l'ecosistema PC\/Direct Drive di fascia alta potrebbe essere un ostacolo per coloro che desiderano un volante pi\u00f9 universale, utilizzabile ovunque. Infine, il livello di finitura e rigidit\u00e0 ha un costo: questo volante deve essere considerato un investimento, non un acquisto impulsivo.<\/p>\n<p>In termini di valore percepito, ha senso: si paga per un hardware preciso e durevole che non diventer\u00e0 obsoleto con la prossima generazione di basi. Per un simulatore che viaggia molto, l'investimento \u00e8 pi\u00f9 giustificato che per un giocatore occasionale.<\/p>\n<h2>Verdetto: un volante GT sicuro di s\u00e9 per una configurazione a trazione diretta esigente<\/h2>\n<p>L'Ascher Racing B24-SC non rivoluziona la forma di un volante GT, ma \u00e8 proprio questo il suo punto di forza. Non cerca di brillare per gli espedienti, ma per ci\u00f2 che conta di pi\u00f9 in una configurazione Direct Drive seria: rigidit\u00e0, ergonomia e consistenza. In un abitacolo gi\u00e0 solido, con una buona base e una pedaliera di livello equivalente, blocca la catena ed elimina l'anello debole dal lato del volante.<\/p>\n<p>Sul mercato, la colloco chiaramente nella categoria premium orientata alle prestazioni pure. Non \u00e8 una ruota da esposizione, n\u00e9 un prodotto completo per i principianti. \u00c8 uno strumento per piloti di livello intermedio o avanzato che conoscono le proprie esigenze e vogliono un volante GT compatto e affidabile nel tempo. Per le persone che non giocano molto o che guidano principalmente su console con un ecosistema chiuso, esistono opzioni pi\u00f9 semplici e pi\u00f9 adatte.<\/p>\n<p>Il B24-SC cambia davvero l'esperienza in termini di fiducia nell'attacco. Si sa cosa sta facendo l'auto, si sa cosa sta facendo la base, e il volante non aggiunge alcuna sfocatura o interferenza. Ci si abitua rapidamente e lo si pu\u00f2 mantenere a lungo.<\/p>\n<p>Se siete alla ricerca di un volante GT compatto e altamente rigido, progettato per ottenere il meglio da una base Direct Drive su un PC, questo prodotto potrebbe fare la differenza per la vostra configurazione.<\/p>","protected":false},"excerpt":{"rendered":"<p>Questo volante mi ha dato la sensazione di uno strumento molto affidabile, che chiarisce davvero cosa sta facendo l'auto e aumenta la fiducia in pista, soprattutto nelle fasi limite. \u00c8 adatto ai piloti di simulazione per PC gi\u00e0 dotati di Direct Drive, che guidano spesso e sono alla ricerca di un volante GT compatto, resistente e consistente in una configurazione orientata alle prestazioni piuttosto che allo spettacolo.<\/p>","protected":false},"featured_media":100298,"comment_status":"open","ping_status":"closed","template":"","meta":{"_acf_changed":false,"_et_pb_use_builder":"","_et_pb_old_content":"","_et_gb_content_width":""},"product_brand":[157],"product_cat":[156],"product_tag":[149],"class_list":{"0":"post-100488","1":"product","2":"type-product","3":"status-publish","4":"has-post-thumbnail","6":"product_brand-ascher-racing","7":"product_cat-roue-de-volant","8":"product_tag-pc","10":"first","11":"instock","12":"shipping-taxable","13":"product-type-external"},"acf":[],"_links":{"self":[{"href":"https:\/\/simracergear.com\/it\/wp-json\/wp\/v2\/product\/100488","targetHints":{"allow":["GET"]}}],"collection":[{"href":"https:\/\/simracergear.com\/it\/wp-json\/wp\/v2\/product"}],"about":[{"href":"https:\/\/simracergear.com\/it\/wp-json\/wp\/v2\/types\/product"}],"replies":[{"embeddable":true,"href":"https:\/\/simracergear.com\/it\/wp-json\/wp\/v2\/comments?post=100488"}],"wp:featuredmedia":[{"embeddable":true,"href":"https:\/\/simracergear.com\/it\/wp-json\/wp\/v2\/media\/100298"}],"wp:attachment":[{"href":"https:\/\/simracergear.com\/it\/wp-json\/wp\/v2\/media?parent=100488"}],"wp:term":[{"taxonomy":"product_brand","embeddable":true,"href":"https:\/\/simracergear.com\/it\/wp-json\/wp\/v2\/product_brand?post=100488"},{"taxonomy":"product_cat","embeddable":true,"href":"https:\/\/simracergear.com\/it\/wp-json\/wp\/v2\/product_cat?post=100488"},{"taxonomy":"product_tag","embeddable":true,"href":"https:\/\/simracergear.com\/it\/wp-json\/wp\/v2\/product_tag?post=100488"}],"curies":[{"name":"wp","href":"https:\/\/api.w.org\/{rel}","templated":true}]}}