{"id":100489,"date":"2025-11-28T04:46:38","date_gmt":"2025-11-28T04:46:38","guid":{"rendered":"https:\/\/simracergear.com\/products\/ascher-wheel-f28-sc-v2\/"},"modified":"2025-11-28T04:46:38","modified_gmt":"2025-11-28T04:46:38","slug":"ascher-wheel-f28-sc-v2","status":"publish","type":"product","link":"https:\/\/simracergear.com\/it\/products\/ascher-wheel-f28-sc-v2\/","title":{"rendered":"Ascher Racing F28-SC V2"},"content":{"rendered":"<h2>Test e opinioni Ascher Racing F28-SC V2: il volante Formula che non scende a compromessi<\/h2>\n<p>Nel segmento dei volanti Formula top di gamma per Direct Drive, l'Ascher Racing F28-SC V2 occupa chiaramente la nicchia di \"strumento di precisione\" piuttosto che quella di \"gadget RGB\". \u00c8 un volante progettato per le prestazioni pure, senza schermi o espedienti, per chi guida principalmente su PC con una base Direct Drive seria.<\/p>\n<p>Sulla carta, promette un'ergonomia da monoposto, una qualit\u00e0 costruttiva praticamente indistruttibile e una sensazione molto diretta delle forze trasmesse dalla base. In pratica, l'idea \u00e8 semplice: nessuna distrazione, solo l'essenziale per andare veloci e rimanere costanti.<\/p>\n<p>Il mio approccio per questo test \u00e8 stato quello di concentrarmi su tre aree. La qualit\u00e0 percepita in mano, l'ergonomia in condizioni reali (lunghi stint, multitasking durante le gare) e soprattutto il livello di informazioni che il volante lascia trapelare, in particolare su basi potenti.<\/p>\n<h2>Progettazione e produzione: un blocco di metallo costruito per durare nel tempo<\/h2>\n<p>In mano, l'F28-SC V2 d\u00e0 immediatamente la sensazione di essere un \"vero\" strumento di pilotaggio, non un giocattolo. Il corpo \u00e8 lavorato in alluminio, con una sensazione di rigidit\u00e0 totale. Nessuna flessione parassita, nessuna vibrazione strutturale, anche con le basi a trasmissione diretta pi\u00f9 tormentate. Si percepisce che il telaio \u00e8 stato progettato per resistere a coppie elevate senza vacillare.<\/p>\n<p>Le manopole sono rivestite in gomma (o equivalente) e offrono una sensazione di fermezza e precisione. Non \u00e8 la presa pi\u00f9 \"morbida\" del mercato, ma per una guida intensiva \u00e8 molto efficace: la mano non scivola, anche quando la sessione si trascina. La densit\u00e0 complessiva del volante \u00e8 rassicurante: sembra solido senza essere eccessivamente pesante.<\/p>\n<p>I comandi magnetici sono nitidi e puliti, con un clic che ricorda le moderne ruote da corsa. Non sono n\u00e9 troppo duri n\u00e9 troppo morbidi, un buon compromesso sia per le GT che per le monoposto virtuali. Per quanto riguarda i pulsanti, trasudano qualit\u00e0 industriale: non c'\u00e8 nulla che svolazzi o che suoni vuoto.<\/p>\n<p>Questo potrebbe essere un po' deludente per coloro che amano i design ricchi di colori, schermi e rotori ovunque. L'F28-SC V2 rimane sobrio, molto orientato alle funzioni: pochi pulsanti, ma ben posizionati. Nessun display integrato, nessun LED RPM. \u00c8 una decisione consapevole, ma bisogna esserne coscienti.<\/p>\n<p>Rispetto ai volanti pi\u00f9 \"consumer\" realizzati in plastica rinforzata, l'Ascher \u00e8 chiaramente una spanna sopra gli altri in termini di rigidit\u00e0 e seriet\u00e0 percepita. Rispetto ad alcuni dei suoi rivali premium, si distingue per l'approccio minimalista e la totale assenza di fronzoli.<\/p>\n<p>&nbsp;<\/p>\n<h2>Impostazioni, personalizzazione e compatibilit\u00e0<\/h2>\n<p>L'F28-SC V2 \u00e8 un volante USB \"puro PC\" per l'ecosistema Direct Drive. Non vuole essere universale nel senso di console, ma piuttosto adattarsi perfettamente a una configurazione seria, con una base compatibile e un PC orientato alle corse simulate.<\/p>\n<p>La compatibilit\u00e0 nativa \u00e8 via USB, il che semplifica la connessione ma richiede chiaramente l'uso del PC. Il volante \u00e8 tipicamente progettato per l'accoppiamento con le basi Direct Drive di tipo Simucube \/ basi USB avanzate, con uno sgancio rapido adattato. Se la base accetta volanti USB, l'integrazione \u00e8 semplice e immediata.<\/p>\n<p>Per quanto riguarda le impostazioni, tutto dipende dal software di base e dai giochi stessi. L'F28-SC V2 non ha menu a bordo, n\u00e9 schermo, n\u00e9 preset integrati. La scelta \u00e8 chiara: manteniamo il volante come interfaccia fisica e lasciamo il livello software alla base e ai simulatori. Per l'utente, questo significa che all'inizio si passa un po' di tempo nei menu del FFB, ma una volta che tutto \u00e8 allineato, non li si tocca quasi pi\u00f9.<\/p>\n<p>La personalizzazione vera e propria riguarda principalmente l'assegnazione di pulsanti, encoder e paddle. \u00c8 molto semplice: ogni comando viene riconosciuto come un ingresso separato, il che significa che il profilo pu\u00f2 essere adattato a ogni simulazione (F1, GT3, prototipi, ecc.). Si pu\u00f2 avere un profilo \"racing\" molto semplice e un profilo \"endurance\" pi\u00f9 ricco di funzioni, senza mai perdersi.<\/p>\n<p>Alla fine, la curva di apprendimento \u00e8 piuttosto breve. Bastano pochi minuti di guida per mettere a punto gradualmente i comandi e le impostazioni del FFB in base al proprio stile di guida.<\/p>\n<p>In termini di ecosistema, la F28-SC V2 si inserisce in modo naturale in una configurazione gi\u00e0 muscolosa: guarnitura a cella di carico o idraulica, cambio sequenziale o gated, cockpit rigido. \u00c8 una ruota che ha pi\u00f9 senso su una base top di gamma che su una piccola base a cinghia.<\/p>\n<p>In termini di possibilit\u00e0 di aggiornamento, questo \u00e8 un acquisto a lungo termine. Finch\u00e9 la vostra configurazione rimane orientata al PC + Direct Drive, questo volante non sar\u00e0 un punto debole.<\/p>\n<h2>Sensazione di gioco: lettura dell'impugnatura e controllo chirurgico<\/h2>\n<p>Il punto in cui l'F28-SC V2 si fa valere \u00e8 in pista, soprattutto con una base Direct Drive gi\u00e0 ben messa a punto. La sua rigidit\u00e0 strutturale e l'assenza di flessione fanno s\u00ec che il ritorno di forza sia estremamente pulito. Il volante non filtra nulla dal punto di vista meccanico, e questa \u00e8 un'ottima notizia per il feedback di aderenza.<\/p>\n<p>\u00c8 possibile percepire esattamente l'azione degli pneumatici.<\/p>\n<p>Nelle curve medie e veloci, il volante rimane straordinariamente stabile. Le leggere variazioni di carico, l'inizio dello slittamento e la transizione tra aderenza e sovrasterzo possono essere letti con grande chiarezza. Il baricentro \u00e8 molto chiaro, senza zone morte \"morbide\" che offuschino le sensazioni. L'auto si mette dove si vuole e si mantiene l\u00ec.<\/p>\n<p>In caso di frenata brusca, soprattutto in una monoposto virtuale, \u00e8 possibile sfruttare appieno la precisione. Le correzioni di micro-angolo avvengono in modo naturale, senza dover lottare contro l'inerzia del volante. Per le frenate in pista, questo \u00e8 un vero vantaggio: si pu\u00f2 modulare l'angolo con un grado di finezza molto confortevole, anche sotto sforzo.<\/p>\n<p>Sui vibratori, il volante trasmette bene le trame senza diventare choppy. Gli impatti secchi rimangono marcati, ma la struttura non risuona, il che evita la sensazione di un volante \"squillante\". \u00c8 possibile percepire la forma del vibratore e la frequenza delle asperit\u00e0, senza alcun rumore meccanico. La traccia \u00e8 comunque di facile lettura.<\/p>\n<p>Il volante rimane pulito e leggibile, anche quando viene attaccato.<\/p>\n<p>Il formato Formula dell'F28-SC V2 si rivela davvero perfetto quando si tratta di correzioni rapide. Il diametro ridotto e la buona presa delle manopole consentono di prendere una scivolata con un movimento breve e preciso. Quando il posteriore si blocca, il tempo di reazione \u00e8 ridotto rispetto a una ruota GT di grandi dimensioni. Si pu\u00f2 osare un po' di pi\u00f9 in entrata di curva, proprio perch\u00e9 si sa di poter recuperare.<\/p>\n<p>Nelle lunghe sessioni, la costanza \u00e8 all'ordine del giorno. La posizione delle mani \u00e8 naturale, i comandi importanti restano facilmente accessibili e la presa non affatica eccessivamente gli avambracci. Non \u00e8 il volante pi\u00f9 \"rilassante\" che esista, ma per una Formula il comfort \u00e8 ben gestito. Si pu\u00f2 passare da uno stint all'altro senza avere la sensazione di lottare contro l'attrezzatura.<\/p>\n<p>In termini di immersione, l'assenza di uno schermo o di LED non toglie nulla alla sensazione di guidare una monoposto virtuale. Al contrario, incoraggia a concentrarsi maggiormente sulla pista e sulle informazioni presenti sullo schermo principale. L'immersione deriva dal legame diretto con l'auto, piuttosto che dall'accessorio visivo.<\/p>\n<p>Rispetto a una base meno potente o a un volante pi\u00f9 semplice, la differenza si sente soprattutto nella finezza delle informazioni. Il volante non si \"satura\", anche quando la base invia forze elevate. Si ha sempre la sensazione di avere spazio di manovra e controllo.<\/p>\n<p>\u00c8 qui che la base e il volante cambiano davvero l'esperienza: non ci si accontenta pi\u00f9 di subire il FFB, ma lo si sfrutta.<\/p>\n<h2>Per chi \u00e8? Cosa ci piace e cosa non ci piace<\/h2>\n<p>La F28-SC V2 \u00e8 chiaramente rivolta ai piloti di simulazione di livello intermedio o avanzato, pi\u00f9 orientati al PC e che guidano principalmente monoposto, prototipi o moderne GT. I principianti pi\u00f9 motivati possono ovviamente approfittarne, ma potranno beneficiare davvero del volante se hanno gi\u00e0 una base di Direct Drive seria e un cockpit rigido.<\/p>\n<p>Ci\u00f2 che apprezziamo maggiormente \u00e8 la qualit\u00e0 costruttiva. La sensazione di solidit\u00e0 e seriet\u00e0, non appena lo si prende in mano, cambia il rapporto con l'attrezzatura. Non si ha paura di andare forte con l'FFB. In secondo luogo, la precisione della sensazione, soprattutto nella fase di limitazione della presa, \u00e8 davvero superiore alla media. Infine, l'ergonomia in stile Formula, con i suoi cambi magnetici ben calibrati e l'impugnatura compatta, favorisce una guida aggressiva ma controllata.<\/p>\n<p>Il rapporto tra precisione, comfort e versatilit\u00e0 \u00e8 chiaramente il suo punto di forza.<\/p>\n<p>D'altra parte, ci sono alcune limitazioni da tenere presenti. L'assenza di uno schermo, di LED o di funzioni avanzate pu\u00f2 frustrare chi ama centralizzare tutte le informazioni sul volante. Dovrete accettare di tenere gli occhi sullo schermo del PC o su un cruscotto separato. La compatibilit\u00e0 strettamente orientata al PC lo rende meno attraente per gli utenti di console. Infine, il suo prezzo lo colloca nella categoria degli investimenti seri: \u00e8 coerente con ci\u00f2 che offre, ma non \u00e8 un acquisto immediato.<\/p>\n<p>In termini di valore percepito, se consideriamo il volante come elemento centrale di una configurazione in evoluzione, l'investimento \u00e8 giustificato. Non state acquistando un gadget che verr\u00e0 sostituito ogni anno, ma uno strumento che pu\u00f2 accompagnare diverse generazioni di basi Direct Drive.<\/p>\n<p>Per quanto mi riguarda, non la vedo tanto come una ruota \"tuttofare per il grande pubblico\", quanto piuttosto come una ruota da lavoro per i sim racers pi\u00f9 esigenti. Se questo \u00e8 il vostro profilo, la sua proposta ha molto senso.<\/p>\n<h2>Verdetto: un volante Formula progettato per spingere al massimo il Direct Drive<\/h2>\n<p>L'F28-SC V2 di Ascher Racing non cambia le carte in tavola con caratteristiche appariscenti, ma facendo ci\u00f2 che sa fare meglio: trasmettere le forze della base Direct Drive con una precisione quasi chirurgica. In una configurazione orientata alle prestazioni, diventa rapidamente il centro di controllo naturale attorno al quale si allinea tutto il resto.<\/p>\n<p>Sul mercato, si colloca chiaramente nel segmento premium, ma con una filosofia minimalista. Niente schermo integrato, niente LED, nessun compromesso sulla rigidit\u00e0 o sulla sensazione al tatto. \u00c8 un prodotto che abbraccia pienamente la sua natura specialistica.<\/p>\n<p>Lo consiglio senza esitazione a chi guida principalmente su PC, con una base di Direct Drive muscolosa, e che apprezza la precisione, la consistenza e la lettura dell'aderenza al di sopra di ogni altra considerazione. Per i giocatori occasionali di console o per chi cerca un volante unico per fare tutto (rally, camion, drift...), non \u00e8 la scelta pi\u00f9 logica.<\/p>\n<p>Se siete alla ricerca di una ruota Formula autentica, solida, ultra leggibile in FFB e progettata per il lungo periodo, questa F28-SC V2 pu\u00f2 chiaramente fare la differenza nella vostra configurazione.<\/p>","protected":false},"excerpt":{"rendered":"<p>Questo volante mi ha dato la sensazione di un vero strumento di lavoro: molto leggibile nel FFB, senza fronzoli, che aiuta a rimanere precisi e costanti sulla pista. Soprattutto, ha senso per i piloti di simulazione su PC gi\u00e0 dotati di una base Direct Drive seria e di un cockpit rigido. L'investimento ha senso se si \u00e8 alla ricerca di prestazioni pure piuttosto che di un'ergonomia all-in-one.<\/p>","protected":false},"featured_media":100293,"comment_status":"open","ping_status":"closed","template":"","meta":{"_acf_changed":false,"_et_pb_use_builder":"","_et_pb_old_content":"","_et_gb_content_width":""},"product_brand":[157],"product_cat":[156],"product_tag":[149],"class_list":{"0":"post-100489","1":"product","2":"type-product","3":"status-publish","4":"has-post-thumbnail","6":"product_brand-ascher-racing","7":"product_cat-roue-de-volant","8":"product_tag-pc","10":"first","11":"instock","12":"shipping-taxable","13":"product-type-external"},"acf":[],"_links":{"self":[{"href":"https:\/\/simracergear.com\/it\/wp-json\/wp\/v2\/product\/100489","targetHints":{"allow":["GET"]}}],"collection":[{"href":"https:\/\/simracergear.com\/it\/wp-json\/wp\/v2\/product"}],"about":[{"href":"https:\/\/simracergear.com\/it\/wp-json\/wp\/v2\/types\/product"}],"replies":[{"embeddable":true,"href":"https:\/\/simracergear.com\/it\/wp-json\/wp\/v2\/comments?post=100489"}],"wp:featuredmedia":[{"embeddable":true,"href":"https:\/\/simracergear.com\/it\/wp-json\/wp\/v2\/media\/100293"}],"wp:attachment":[{"href":"https:\/\/simracergear.com\/it\/wp-json\/wp\/v2\/media?parent=100489"}],"wp:term":[{"taxonomy":"product_brand","embeddable":true,"href":"https:\/\/simracergear.com\/it\/wp-json\/wp\/v2\/product_brand?post=100489"},{"taxonomy":"product_cat","embeddable":true,"href":"https:\/\/simracergear.com\/it\/wp-json\/wp\/v2\/product_cat?post=100489"},{"taxonomy":"product_tag","embeddable":true,"href":"https:\/\/simracergear.com\/it\/wp-json\/wp\/v2\/product_tag?post=100489"}],"curies":[{"name":"wp","href":"https:\/\/api.w.org\/{rel}","templated":true}]}}