{"id":100536,"date":"2025-05-15T07:45:00","date_gmt":"2025-05-15T07:45:00","guid":{"rendered":"https:\/\/simracergear.com\/products\/fanatec-clubsport-formula-v2-5-x\/"},"modified":"2025-11-28T04:43:31","modified_gmt":"2025-11-28T04:43:31","slug":"fanatec-clubsport-formula-v2-5-x","status":"publish","type":"product","link":"https:\/\/simracergear.com\/it\/products\/fanatec-clubsport-formula-v2-5-x\/","title":{"rendered":"Fanatec ClubSport Formula V2.5 X"},"content":{"rendered":"<h2>Fanatec ClubSport Formula V2.5 X: il volante di F1 che fa tutto<\/h2>\n<p>Il Fanatec ClubSport Formula V2.5 X \u00e8 chiaramente un volante \"serio\" per i piloti di simulazione che sono gi\u00e0 sulla buona strada. Si colloca nel segmento di fascia alta dei volanti di tipo F1\/singolo, progettato per le basi Fanatec di fascia media e alta, compresa la trasmissione diretta. Promette un alto livello di controllo, molti pulsanti sotto le dita e una sensazione vicina a quella che ci si aspetta da un moderno volante da corsa.<\/p>\n<p>Ci\u00f2 che salta subito all'occhio \u00e8 la combinazione: formato compatto del volante monoposto, struttura in metallo, paddle magnetici, schermi e LED. \u00c8 chiaro che l'obiettivo \u00e8 offrire un'interfaccia di guida completa, in grado di gestire una moderna GT3 cos\u00ec come un'auto di F1 o un prototipo, pur rimanendo utilizzabile su una console.<\/p>\n<p>Il mio angolo di analisi \u00e8 piuttosto semplice: precisione dei comandi, comfort nella mano, qualit\u00e0 delle palette e degli input, oltre al modo in cui questo volante si inserisce in un ecosistema Fanatec gi\u00e0 ricco di opzioni. Soprattutto, ho esaminato quali cambiamenti concreti apporta il Formula V2.5 X rispetto a un volante rotondo pi\u00f9 semplice, sia in termini di sensazione che di efficienza in pista.<\/p>\n<h2>Progettazione e produzione<\/h2>\n<p>In mano, la ClubSport Formula V2.5 X d\u00e0 subito una sensazione di grande seriet\u00e0. Il telaio \u00e8 in metallo, la parte anteriore d\u00e0 un vero senso di rigidit\u00e0 e il tutto trasuda densit\u00e0. Quando la si prende in mano, non si ha la sensazione di maneggiare un giocattolo, ma uno strumento. Non c'\u00e8 nessun gioco percettibile, nessuna flessione preoccupante, anche se lo si piega deliberatamente.<\/p>\n<p>Le impugnature sono in Alcantara o finta pelle, a seconda della versione, e sono piacevolmente spesse. Le mani sono ben riempite. La presa \u00e8 salda, ma non stancante. Si ha la sensazione di essere pronti per un lungo periodo di lavoro. Le cuciture sono pulite, senza fastidiosi spessori aggiuntivi. \u00c8 possibile passare da un giro all'altro senza preoccuparsi dell'ergonomia.<\/p>\n<p>I pulsanti e gli encoder sono numerosi, ben distribuiti e fanno clic in modo chiaro e pulito. Le rotelle sono probabilmente la cosa pi\u00f9 utile delle corse: \u00e8 possibile regolare la polarizzazione dei freni, il TC o la miscela del motore senza distogliere lo sguardo dalla pista. I piccoli joystick multidirezionali hanno una sensazione decente, anche se li trovo un po' meno rassicuranti dei grandi pulsanti tradizionali.<\/p>\n<p>Le palette magnetiche sul retro sono un vero punto di forza. Il clic \u00e8 secco e preciso, con una corsa breve. Si sente esattamente quando lo si attiva. Non c'\u00e8 bisogno di schiacciare il paddle, basta premere con forza. \u00c8 il tipo di dettaglio che d\u00e0 immediatamente fiducia quando si frena e si cambia marcia a pieno carico.<\/p>\n<p>Ci\u00f2 che pu\u00f2 deludere \u00e8 la quantit\u00e0 di plastica che circonda alcuni componenti. \u00c8 ben assemblato, nulla si muove, ma provenendo da un volante completamente in metallo o in carbonio, \u00e8 chiaro che Fanatec si \u00e8 attenuta a un equilibrio tra costi e finiture. Rispetto ad alcuni dei volanti in carbonio pi\u00f9 costosi, il V2.5 X \u00e8 un po' meno esclusivo dal punto di vista estetico, ma regge molto bene in termini di solidit\u00e0 complessiva.<\/p>\n<h2>Impostazioni, personalizzazione e compatibilit\u00e0<\/h2>\n<p>La Formula V2.5 X beneficia chiaramente dell'ecosistema Fanatec. Tutto avviene tramite la base: menu integrati, preselezioni FFB, sensibilit\u00e0 del volante, impostazioni delle vibrazioni, impostazioni dei LED e dello schermo. In pratica, si trova rapidamente un profilo che funziona bene. La curva di apprendimento non \u00e8 ripida, ma bisogna essere pronti a dedicare un minimo di tempo all'ottimizzazione.<\/p>\n<p>Gli encoder sono assegnabili nei giochi compatibili e i joystick possono essere utilizzati per navigare nei menu o gestire l'MFD in alcuni titoli. Il punto di forza \u00e8 la gestione delle modalit\u00e0: \u00e8 possibile creare diversi profili di controllo e adattarli all'auto o al gioco. Per le normali corse simulate, questo \u00e8 un vero vantaggio.<\/p>\n<p>La personalizzazione pi\u00f9 \"sensoriale\" rimane la regolazione della tensione delle palette (a seconda del modulo) e la regolazione del FFB tramite i parametri Fanatec. \u00c8 possibile adattare la forza e la reattivit\u00e0 al proprio stile: pi\u00f9 morbida per le lunghe sessioni di endurance, pi\u00f9 reattiva per gli hotlap. Ci si rende subito conto che questo volante \u00e8 stato progettato per essere abbinato a una base che pu\u00f2 essere messa a punto, piuttosto che essere un dispositivo plug-and-play di base.<\/p>\n<p>In termini di compatibilit\u00e0, V2.5 X funziona con PC e console, a seconda della base Fanatec utilizzata. Questo \u00e8 importante: non \u00e8 il volante a definire la compatibilit\u00e0, ma la base. Su un PC, nessun problema, si ottiene tutto. Su una console, si ottiene la maggior parte delle funzioni, anche se alcuni giochi non utilizzano tutti i LED o i display.<\/p>\n<p>Questa ruota si inserisce molto bene nell'ecosistema Fanatec: pedali, comandi, freno a mano, tutto pu\u00f2 essere montato intorno ad essa. In termini di possibilit\u00e0 di aggiornamento, non \u00e8 solo un punto di ingresso: \u00e8 una ruota che si pu\u00f2 tenere a lungo, anche quando si passa a basi pi\u00f9 potenti. \u00c8 un ottimo accompagnamento per progredire verso un setup avanzato, senza dare l'impressione di essere superata troppo rapidamente.<\/p>\n<h2>Sensazioni in gioco<\/h2>\n<p>In pista, il ClubSport Formula V2.5 X mostra davvero perch\u00e9 il formato F1 \u00e8 apprezzato. Il diametro ridotto e la forma piatta offrono un controllo molto diretto. Si ha la sensazione di essere collegati all'asse di base. Ogni piccolo angolo di sterzata \u00e8 misurato con precisione. Per le moderne auto da corsa, \u00e8 una delizia.<\/p>\n<p>In termini di feedback, questo volante non crea il FFB, ma lo trasmette molto bene. Con una base Fanatec sufficientemente potente, la rigidit\u00e0 della struttura e la qualit\u00e0 delle impugnature consentono di leggere chiaramente ci\u00f2 che accade. \u00c8 possibile percepire il carico sull'avantreno all'ingresso in curva, la graduale perdita di aderenza e le microcorrezioni da apportare per mantenere la vettura in pista. Si capisce immediatamente cosa sta facendo la macchina.<\/p>\n<p>Nelle curve veloci, il controllo \u00e8 molto rassicurante. Le mani rimangono ben salde e il volante non scivola, anche quando le mani sono leggermente umide. Si pu\u00f2 giocare con qualche grado di rotazione per mantenere una scivolata o correggere un sovrasterzo senza lottare con il volante. I rapidi cambi di assetto sono facili da seguire, soprattutto con una base diretta o potente: il volante segue, senza fastidiose inerzie.<\/p>\n<p>La lettura dell'impugnatura \u00e8 davvero convincente. La minima vibrazione della base viene percepita dalle manopole, ma senza diventare aggressiva. Su una pista sconnessa, si percepiscono le imperfezioni senza che ci\u00f2 risulti sgradevole. Sul bagnato, la perdita di aderenza si manifesta prima con una leggera \"leggerezza\" del volante, poi con un'oscillazione pi\u00f9 marcata. Si ha il tempo di reagire.<\/p>\n<p>I vibratori sono un altro buon indicatore. Con questo volante si pu\u00f2 distinguere tra un vibratore piatto che si pu\u00f2 attaccare e un vibratore aggressivo che si preferisce evitare. La struttura rigida invia un segnale chiaro: si capisce subito se si \u00e8 andati un po' troppo oltre. A questo punto l'immersione sale di livello. Non si sente il gioco, ma si \"sente\" il circuito.<\/p>\n<p>Per lunghe sessioni, il comfort rimane buono, ma dipende molto dalla forza della base e dall'impostazione del FFB. Con un FFB molto alto, il diametro ridotto mette un po' pi\u00f9 in tensione gli avambracci rispetto a una ruota rotonda pi\u00f9 grande. D'altra parte, la forma delle impugnature evita la tensione. Il giusto equilibrio consiste nel mantenere il dettaglio nel FFB riducendo un po' la forza di picco.<\/p>\n<p>Le correzioni rapide, soprattutto nelle monoposto o nei proto, fanno risaltare il volante. Le palette si adattano perfettamente alle dita e si pu\u00f2 scalare con forza la marcia in entrata di curva mentre si corregge una derapata posteriore. Il fatto che i pulsanti pi\u00f9 importanti siano accessibili senza lasciare l'impugnatura d\u00e0 una reale sensazione di controllo. Si pu\u00f2 giocare con il bilanciamento dell'auto in tempo reale.<\/p>\n<p>Rispetto a un volante pi\u00f9 semplice, pi\u00f9 economico e spesso pi\u00f9 plasticoso, la differenza sta nella precisione e nella sicurezza. Si osa frenare pi\u00f9 tardi perch\u00e9 si ha una migliore percezione di ci\u00f2 che fa l'avantreno. Si osa applicare l'acceleratore prima perch\u00e9 il feedback di aderenza \u00e8 pi\u00f9 chiaro. D'altra parte, di fronte a volanti in carbonio ancora pi\u00f9 esclusivi con paddle personalizzati, la Formula V2.5 X perde un po' del suo \"lusso\" percepito, ma mantiene un livello di prestazioni pi\u00f9 che all'altezza del compito.<\/p>\n<p>L'impressione generale \u00e8 quella di un volante che fa venire voglia di attaccare, soprattutto con le auto moderne. L'immersivit\u00e0, il comfort e il controllo sono tutti presenti, a patto di avere una base che li segua. \u00c8 qui che la base cambia davvero l'esperienza, ma il V2.5 X non \u00e8 in grado di frenare una buona base Fanatec.<\/p>\n<h2>Per chi \u00e8? Cosa ci piace \/ Cosa non ci piace<\/h2>\n<p>Il ClubSport Formula V2.5 X \u00e8 chiaramente rivolto ai piloti di simulazione di livello intermedio o avanzato. \u00c8 adatto ai piloti motivati che hanno gi\u00e0 una base Fanatec, una pedaliera decente e passano molto tempo su F1, GT3 moderne o proto. Su una console, pu\u00f2 essere utilizzato come un aggiornamento importante per un giocatore serio, ma si rivela davvero perfetto su un PC con simulazioni complete e impostazioni avanzate.<\/p>\n<p>Ci\u00f2 che apprezzo di pi\u00f9 \u00e8 la sensazione di solidit\u00e0 e precisione generale. Si ha davvero la sensazione di avere in mano un volante progettato per resistere a ore e ore di guida senza vacillare. In secondo luogo, la disposizione dei comandi \u00e8 molto ben studiata: quasi tutto ci\u00f2 che serve durante una gara \u00e8 a portata di pollice. Infine, i paddle magnetici danno una soddisfazione immediata. Ogni cambio di marcia \u00e8 pulito, controllato e senza incertezze. \u00c8 il tipo di dettaglio che cambia la fiducia nell'attrezzatura.<\/p>\n<p>In termini di limitazioni, il formato F1 non \u00e8 universale. Per il rally, il drifting o semplicemente per l'uso \"misto strada + gara\", un volante rotondo o GT sar\u00e0 pi\u00f9 comodo. In secondo luogo, sebbene la qualit\u00e0 sia buona, ci sono ancora alcuni componenti in plastica o compositi che ci ricordano che non si tratta di un prodotto ultra-boutique. Questo non \u00e8 un problema in termini di prestazioni, ma potrebbe frustrare coloro che desiderano il carbonio integrale. Un ultimo punto: l'enorme numero di pulsanti e impostazioni pu\u00f2 intimorire i principianti. Ci si abituer\u00e0, ma si dovr\u00e0 accettare una certa curva di apprendimento.<\/p>\n<p>In termini di investimento, non si tratta chiaramente di un prodotto entry-level. Il prezzo \u00e8 destinato ai piloti di simulazione che considerano la loro configurazione come un progetto a lungo termine. Il valore percepito \u00e8 buono, perch\u00e9 si guadagna in controllo, comfort di guida e immersione, ma bisogna essere sicuri di dedicare alle gare di simulazione un tempo sufficiente a far s\u00ec che ne valga la pena. Per un giocatore occasionale, probabilmente \u00e8 troppo ambizioso. Per chi guida pi\u00f9 volte alla settimana, la differenza si sente subito.<\/p>\n<h2>Il verdetto<\/h2>\n<p>Il Fanatec ClubSport Formula V2.5 X rappresenta un vero e proprio salto di qualit\u00e0 in una moderna configurazione orientata alle corse. Trasforma un pacchetto decente in un'interfaccia di guida molto pi\u00f9 precisa, con accesso diretto alle impostazioni di gara e una sensazione molto pi\u00f9 chiara dell'auto. Si ha la sensazione di aver \"svoltato\" nel modo di guidare.<\/p>\n<p>Sul mercato, \u00e8 chiaramente posizionata nella fascia alta della gamma media, o addirittura nel segmento premium accessibile. Non \u00e8 n\u00e9 la pi\u00f9 costosa n\u00e9 la pi\u00f9 esclusiva, ma soddisfa la maggior parte delle esigenze di chi vuole una ruota seria e resistente, ben integrata nell'ecosistema Fanatec.<\/p>\n<p>Lo consiglio ai piloti di simulazione che gareggiano principalmente in F1, GT e endurance e che vogliono ottimizzare il controllo pi\u00f9 di ogni altra cosa. Per un giocatore molto versatile che pratica anche il rally o le corse su strada, sarebbe pi\u00f9 appropriato un volante rotondo. Per un principiante assoluto, probabilmente \u00e8 troppo, sia dal punto di vista finanziario che in termini di complessit\u00e0.<\/p>\n<p>Se siete alla ricerca di un volante in stile F1 solido e preciso, ricco di comandi e in grado di seguire una potente base Fanatec, il ClubSport Formula V2.5 X pu\u00f2 chiaramente fare la differenza per la vostra configurazione.<\/p>","protected":false},"excerpt":{"rendered":"<p>Questo volante d\u00e0 l'impressione di essere uno strumento serio: si guadagna in precisione, fiducia e leggibilit\u00e0 dell'auto, soprattutto su auto di F1, GT e prototipi. Ha senso per i piloti di simulazione che hanno gi\u00e0 investito nell'ecosistema Fanatec, che guidano spesso e che vogliono passare al livello successivo senza puntare alla boutique. Il valore complessivo \u00e8 coerente con il suo posizionamento.<\/p>","protected":false},"featured_media":100537,"comment_status":"open","ping_status":"closed","template":"","meta":{"_acf_changed":false,"_et_pb_use_builder":"","_et_pb_old_content":"","_et_gb_content_width":""},"product_brand":[158],"product_cat":[156],"product_tag":[149,160],"class_list":{"0":"post-100536","1":"product","2":"type-product","3":"status-publish","4":"has-post-thumbnail","6":"product_brand-fanatec","7":"product_cat-roue-de-volant","8":"product_tag-pc","9":"product_tag-xbox","11":"first","12":"instock","13":"shipping-taxable","14":"product-type-external"},"acf":[],"_links":{"self":[{"href":"https:\/\/simracergear.com\/it\/wp-json\/wp\/v2\/product\/100536","targetHints":{"allow":["GET"]}}],"collection":[{"href":"https:\/\/simracergear.com\/it\/wp-json\/wp\/v2\/product"}],"about":[{"href":"https:\/\/simracergear.com\/it\/wp-json\/wp\/v2\/types\/product"}],"replies":[{"embeddable":true,"href":"https:\/\/simracergear.com\/it\/wp-json\/wp\/v2\/comments?post=100536"}],"wp:featuredmedia":[{"embeddable":true,"href":"https:\/\/simracergear.com\/it\/wp-json\/wp\/v2\/media\/100537"}],"wp:attachment":[{"href":"https:\/\/simracergear.com\/it\/wp-json\/wp\/v2\/media?parent=100536"}],"wp:term":[{"taxonomy":"product_brand","embeddable":true,"href":"https:\/\/simracergear.com\/it\/wp-json\/wp\/v2\/product_brand?post=100536"},{"taxonomy":"product_cat","embeddable":true,"href":"https:\/\/simracergear.com\/it\/wp-json\/wp\/v2\/product_cat?post=100536"},{"taxonomy":"product_tag","embeddable":true,"href":"https:\/\/simracergear.com\/it\/wp-json\/wp\/v2\/product_tag?post=100536"}],"curies":[{"name":"wp","href":"https:\/\/api.w.org\/{rel}","templated":true}]}}