{"id":100553,"date":"2025-05-15T07:46:00","date_gmt":"2025-05-15T07:46:00","guid":{"rendered":"https:\/\/simracergear.com\/products\/fanatec-clubsport-pedals-v3\/"},"modified":"2025-11-28T04:44:27","modified_gmt":"2025-11-28T04:44:27","slug":"fanatec-clubsport-pedals-v3","status":"publish","type":"product","link":"https:\/\/simracergear.com\/it\/products\/fanatec-clubsport-pedals-v3\/","title":{"rendered":"Pedali Fanatec ClubSport V3"},"content":{"rendered":"<h2>Pedali Fanatec ClubSport V3: un vero passo avanti nella configurazione delle corse simulate<\/h2>\n<p>La Fanatec ClubSport Pedals V3 \u00e8 chiaramente posizionata come guarnitura di fascia media\/alta, progettata per i corridori di simulazione che desiderano passare dall'\"equipaggiamento di base\" a qualcosa di serio senza cadere nella categoria dei prodotti su misura di fascia alta. Sulla carta, promette una frenata precisa grazie alla cella di carico, una robusta struttura in metallo e un'ampia possibilit\u00e0 di regolazione per adattarsi a diversi stili di guida.<\/p>\n<p>Questa guarnitura \u00e8 molto interessante perch\u00e9 viene spesso presentata come il punto di ingresso \"serio\" nella frenata a pressione piuttosto che nella frenata da corsa. L'idea \u00e8 quella di avvicinarsi alle sensazioni di una vera auto sportiva: si frena con la gamba, non con la caviglia. \u00c8 su questo punto che mi sono particolarmente concentrato, concentrandomi sulla precisione della frenata, sulla progressivit\u00e0 dell'acceleratore, sulla facilit\u00e0 della frizione e sul comportamento nelle lunghe sessioni.<\/p>\n<p>Il mio punto di vista \u00e8 semplice: queste ClubSport V3 giustificano l'investimento rispetto a una guarnitura di base e sono all'altezza delle guarniture da corsa sim pi\u00f9 recenti, alcune delle quali di fascia pi\u00f9 alta o idrauliche? E soprattutto, aiutano davvero a pedalare in modo pi\u00f9 pulito e costante, con meno errori di frenata?  <\/p>\n<h2>Progettazione e produzione<\/h2>\n<p>Tirando fuori i pedali ClubSport V3 dalla loro confezione, l'impressione generale \u00e8 subito quella di un prodotto serio. Tutto \u00e8 praticamente in metallo: il telaio, i bracci dei pedali e gli ingranaggi. Visivamente, trasuda rigidit\u00e0 e coerenza del design. La finitura \u00e8 pulita, con parti ben lavorate, bordi ben controllati e un aspetto generale che fa molto \"sim racing\" senza esagerare.<\/p>\n<p>I pedali sono davvero densi al tatto. Quando li si tocca, non si sente nulla di vuoto, i movimenti sono decisi e non c'\u00e8 gioco. Si ha subito l'impressione di un'unit\u00e0 compatta, in grado di resistere a frenate molto brusche senza vacillare. Questo \u00e8 un punto importante: si ha la sensazione che la cella di carico sia l\u00ec per spingere con forza, e il telaio la segue senza torsioni. Montato su un cockpit rigido, l'intero pacchetto sembra davvero un equipaggiamento serio.<\/p>\n<p>Ci\u00f2 che sorprende \u00e8 il livello di finitura per un prodotto di questo segmento di prezzo. Non stiamo parlando di guarniture artigianali o di idraulica completa, ma ci avviciniamo in termini di presenza fisica. Piccoli dettagli come i fermi, la gestione delle molle e l'integrazione delle vibrazioni su freno e acceleratore danno l'impressione di un prodotto ben pensato per un uso intensivo.<\/p>\n<p>Tuttavia, ci sono alcuni punti meno lusinghieri. I sensori dell'acceleratore e della frizione sono precisi, ma la loro sensazione meccanica \u00e8 pi\u00f9 semplice rispetto a quella delle guarniture progettate per le competizioni. Alcune parti secondarie in plastica e i cavi visibili possono sminuire un po' la sensazione di \"serbatoio indistruttibile\". Rispetto a guarniture pi\u00f9 recenti, con un numero ancora maggiore di opzioni di montaggio o pedali completamente modulari, la V3 sembra un po' pi\u00f9 classica nella sua architettura.<\/p>\n<p>Nel complesso, rispetto a una guarnitura entry-level in plastica o metallo leggero, siamo in un altro mondo. Rispetto alle guarniture a cella di carico della concorrenza, la ClubSport V3 rimane molto credibile in termini di rigidit\u00e0 e finitura. Si ha la sensazione che si tratti di un prodotto progettato per durare nel tempo.  <\/p>\n<h2>Impostazioni, personalizzazione e compatibilit\u00e0<\/h2>\n<p>I pedali ClubSport V3 offrono un buon livello di regolazione meccanica. \u00c8 possibile regolare la posizione laterale dei pedali, la loro altezza, l'angolazione e la durezza, soprattutto sul freno. La cella di carico pu\u00f2 essere regolata per la sensibilit\u00e0 e gli elementi in elastomero in dotazione possono essere utilizzati per regolare la progressivit\u00e0: una frenata pi\u00f9 dura, pi\u00f9 corta o, al contrario, un po' pi\u00f9 progressiva. \u00c8 qui che la guarnitura si fa notare, perch\u00e9 si pu\u00f2 adattare la resistenza alla propria posizione di guida e alla forza delle gambe.<\/p>\n<p>L'acceleratore \u00e8 fluido, abbastanza progressivo e regolabile in tensione. \u00c8 possibile ottenere una sensazione di leggerezza per un uso pi\u00f9 \"confortevole\", o un po' pi\u00f9 decisa per una riaccelerazione pi\u00f9 precisa. La frizione ha una marcata sensazione di slittamento, che aiuta nelle partenze e nelle scalate sulle auto manuali. Non \u00e8 la frizione pi\u00f9 realistica del mercato, ma svolge il suo compito con una sensazione coerente.<\/p>\n<p>Dal punto di vista software, tramite il driver Fanatec sul PC, \u00e8 possibile calibrare i pedali in modo abbastanza dettagliato: zone morte, curve di risposta, inversione se necessario. L'interfaccia \u00e8 chiara, a volte un po' austera, ma ci si orienta presto. La curva di apprendimento richiede un po' di tempo, soprattutto per regolare la pressione ottimale dei freni. Spesso sono necessarie alcune sessioni per trovare la regolazione ideale tra durezza fisica e sensibilit\u00e0 del sensore.<\/p>\n<p>In termini di compatibilit\u00e0, i pedali ClubSport V3 funzionano molto bene su PC, direttamente via USB o tramite una base Fanatec. Su una console, il modo pi\u00f9 semplice \u00e8 utilizzarli collegati a una base Fanatec compatibile, integrata nell'ecosistema. \u00c8 qui che i pedali si fanno valere: basi, volanti, cambi, tutto comunica correttamente e la gestione delle vibrazioni (ABS, slittamento, bloccaggio) viene sfruttata al meglio.<\/p>\n<p>In termini di possibilit\u00e0 di aggiornamento, questa \u00e8 chiaramente una guarnitura che pu\u00f2 rimanere a lungo in una configurazione. Pu\u00f2 essere utilizzata come prima \"vera\" guarnitura seria e non sar\u00e0 l'anello debole nemmeno se si aggiorna la base o il cockpit. \u00c8 una soluzione in grado di resistere a un uso intensivo, senza dover passare immediatamente a una guarnitura full-hydraulic molto pi\u00f9 costosa.  <\/p>\n<h2>Sensazioni in gioco<\/h2>\n<p>Il nocciolo della questione \u00e8 la sensazione che si prova in pista, e qui i pedali ClubSport V3 fanno un vero e proprio balzo in avanti rispetto a una guarnitura originale. Ci\u00f2 che cambia tutto, naturalmente, \u00e8 il freno a cella di carico. Si frena in base alla pressione, non alla corsa. In termini concreti, il cervello si adatta rapidamente: si fissa il tallone, si spinge con la gamba e la dose di frenata diventa molto pi\u00f9 facile da ripetere da un giro all'altro.<\/p>\n<p>Quando si entra in curva, si sente subito la differenza. Si pu\u00f2 puntare a una percentuale di pressione dei freni molto costante, che migliora la stabilit\u00e0 della frenata, soprattutto sulle auto senza ABS o molto sensibili al trasferimento di massa. Le ruote si bloccano meno, o meglio, si bloccano in modo pi\u00f9 controllato. Si sa a quale livello di forza si va in stallo e ci si pu\u00f2 regolare. Si capisce molto meglio cosa sta facendo l'auto in frenata.<\/p>\n<p>Durante la fase di frenata del trail, quando si rilascia gradualmente il freno all'ingresso della curva, i pedali sono davvero utili. Il feedback del gioco, unito alla stabilit\u00e0 del pedale, consente di regolare con precisione la transizione tra la frenata e l'inizio dell'appoggio. Si perde meno l'avantreno ed \u00e8 pi\u00f9 facile evitare il sottosterzo causato da una frenata troppo lunga o troppo brusca.<\/p>\n<p>Le vibrazioni integrate sul pedale del freno sono utili se configurate correttamente nel software. \u00c8 possibile percepire pi\u00f9 chiaramente i segnali di bloccaggio delle ruote o dell'ABS. Non \u00e8 necessariamente essenziale, ma in alcune simulazioni aggiunge un ulteriore livello di informazioni senza essere un espediente. Aiuta a reagire un po' prima alle frenate al limite.<\/p>\n<p>L'acceleratore \u00e8 piacevolmente progressivo. Il pedale fornisce una precisa dose di riaccelerazione, soprattutto in uscita dalle curve lente. Laddove un pedale di base pu\u00f2 dare una sensazione di \"tutto o niente\", i V3 offrono un controllo di trazione pi\u00f9 fine. Sulle auto potenti, questo \u00e8 apprezzabile: si riesce a compensare meglio la perdita di aderenza e si modula l'acceleratore invece di rispondere in modo troppo brusco. Su superfici vibranti, si mantiene una buona stabilit\u00e0 quando si riaccelera, a patto che l'abitacolo stesso non si muova.<\/p>\n<p>Per quanto riguarda la frizione, va bene per le partenze in griglia o per le auto d'epoca. Il punto di presa \u00e8 facile da individuare, il che facilita la partenza senza slittamenti eccessivi. Non \u00e8 l'elemento che cambia di pi\u00f9 l'esperienza, ma non rovina nulla.<\/p>\n<p>Per le lunghe sessioni, \u00e8 il comfort fisico che spicca. La durezza dei freni pu\u00f2 essere impostata su livelli piuttosto elevati, ma anche in questo caso la ripetibilit\u00e0 \u00e8 garantita. Non si passa il tempo a cercare il punto di frenata \"in corsa\". La memoria muscolare fa il suo lavoro e si stabilisce una forza di pressione. La costanza aumenta di giro in giro. Le gambe si affaticano un po' di pi\u00f9 rispetto a una guarnitura morbida, ma in compenso si fatica meno a causa della mancanza di precisione.<\/p>\n<p>Rispetto a una guarnitura entry-level o di fascia media senza cella di carico, si nota una netta differenza in termini di controllo e sicurezza. Si osa frenare pi\u00f9 tardi perch\u00e9 si sa di poter modulare senza perdere tutto. Rispetto alle guarniture di fascia pi\u00f9 alta, soprattutto quelle idrauliche, le V3 sono ancora un po' indietro in termini di realismo della sensazione meccanica, soprattutto per quanto riguarda la finezza delle microvariazioni di pressione. Tuttavia, nella loro categoria, offrono un ottimo compromesso tra precisione, comfort e facilit\u00e0 d'uso.<\/p>\n<p>Nelle correzioni rapide, quando \u00e8 necessario reagire a un sovrasterzo o a un arresto improvviso, i pedali seguono senza preoccuparsi. \u00c8 possibile sollevare il piede dal freno o ridurre leggermente l'acceleratore in modo preciso, quasi istintivo. \u00c8 qui che il V3 cambia davvero l'esperienza: l'auto diventa pi\u00f9 leggibile, pi\u00f9 prevedibile e ci si concentra pi\u00f9 sulla traiettoria che sulla lotta con il materiale.  <\/p>\n<h2>Per chi \u00e8? Cosa ci piace \/ Cosa non ci piace<\/h2>\n<p>I pedali Fanatec ClubSport V3 si rivolgono principalmente ai piloti di simulazione di livello intermedio o avanzato, su PC o console, che desiderano fare un serio passo avanti senza passare alla gamma di prodotti artigianali di fascia molto alta. Si tratta di una buona scelta per chi ha gi\u00e0 un abitacolo ragionevolmente rigido, una base decente (come quella che si trova nei modelli a trazione diretta di fascia media o accessibili) e che ritiene che i pedali attuali limitino le proprie prestazioni, soprattutto in frenata.<\/p>\n<p>Ci\u00f2 che apprezzo di pi\u00f9 \u00e8 la consistenza complessiva del prodotto. Il freno a cella di carico offre un grande guadagno in termini di controllo e consistenza. La struttura in metallo d\u00e0 un vero senso di fiducia: si pu\u00f2 osare di pi\u00f9 senza temere di rompere nulla. La gamma di impostazioni meccaniche e software consente di regolare la guarnitura in base al proprio stile di guida, sia che si tratti di una GT, di una monoposto o di un pilota di rally. Si ha la sensazione di investire in un elemento centrale della configurazione, non in un semplice accessorio.<\/p>\n<p>Tuttavia, ci sono dei limiti. In primo luogo, il prezzo colloca chiaramente le V3 nella categoria \"investimento\" per un simracer. Siamo diversi gradini sopra una guarnitura entry-level e il costo pu\u00f2 sembrare elevato se il resto della configurazione non \u00e8 ancora omogeneo. In secondo luogo, sebbene la sensazione dei freni sia molto buona, \u00e8 ancora un gradino sotto le guarniture idrauliche di alta gamma per chi cerca il realismo assoluto in termini di corsa del pedale e di sensazione interna. Infine, un'installazione ottimale richiede un cockpit rigido e un minimo di tempo per le regolazioni: su un semplice volante\/supporto per pedali, si perde parte dell'interesse del prodotto.<\/p>\n<p>Per un principiante assoluto, non \u00e8 necessariamente il primo acquisto da fare. Ma per un principiante motivato o per un giocatore gi\u00e0 impegnato, \u00e8 un upgrade molto importante. In termini di valore percepito, il rapporto prestazioni\/durata di vita\/aggiornamento \u00e8 solido: si paga molto, ma lo si tiene per molto tempo. Si ha la sensazione che si tratti di un investimento strutturante per la configurazione, soprattutto se l'obiettivo \u00e8 quello di fare veri progressi nella guida.  <\/p>\n<h2>Il verdetto<\/h2>\n<p>I pedali Fanatec ClubSport V3 sono chiaramente uno di quegli elementi che trasformano una configurazione di simulazione di gara. Si passa da una sensazione leggermente \"confusa\" sul pedale del freno a una frenata strutturata e riproducibile, molto pi\u00f9 vicina a quella consentita da un sistema di pressione reale. Spesso \u00e8 qui che si ottengono i maggiori guadagni in termini di costanza e sicurezza in gara.<\/p>\n<p>Nel mercato odierno, collocherei la V3 nella fascia alta della gamma media, o addirittura nel livello iniziale del segmento premium. Non \u00e8 la guarnitura definitiva per i puristi che desiderano un'idraulica completa e un realismo assoluto, ma \u00e8 una base molto solida e di alto livello che soddisfer\u00e0 la maggior parte dei simulatori esigenti. Il suo grande vantaggio \u00e8 che \u00e8 abbastanza potente da supportare un graduale spostamento verso l'alto del resto dell'attrezzatura.<\/p>\n<p>Lo consiglio soprattutto ai giocatori che corrono regolarmente, partecipano a campionati o cercano di guadagnare qualche decimo al giro stabilizzando la frenata. Per un setup pi\u00f9 casual e orientato al relax, potrebbe essere un po' sovradimensionato, soprattutto se il resto dell'equipaggiamento \u00e8 di base.<\/p>\n<p>Se state cercando di portare la frenata a un livello superiore e di migliorare la consistenza e il controllo senza dover ricorrere ad attrezzature ultra-esotiche, questo prodotto potrebbe fare la differenza per la vostra configurazione.<\/p>","protected":false},"excerpt":{"rendered":"<p>Questa pedaliera mi ha dato la sensazione di passare a uno stile di guida pi\u00f9 strutturato, soprattutto in frenata, con punti di riferimento molto pi\u00f9 coerenti e un'auto pi\u00f9 prevedibile. Ha senso per i simulatori motivati che hanno gi\u00e0 un po' di attrezzatura e vogliono progredire senza andare nella fascia alta del mercato. L'investimento rimane coerente in termini di precisione e durata di utilizzo.<\/p>","protected":false},"featured_media":100554,"comment_status":"open","ping_status":"closed","template":"","meta":{"_acf_changed":false,"_et_pb_use_builder":"","_et_pb_old_content":"","_et_gb_content_width":""},"product_brand":[158],"product_cat":[162],"product_tag":[149,159,160],"class_list":{"0":"post-100553","1":"product","2":"type-product","3":"status-publish","4":"has-post-thumbnail","6":"product_brand-fanatec","7":"product_cat-pedalier","8":"product_tag-pc","9":"product_tag-playstation","10":"product_tag-xbox","12":"first","13":"instock","14":"shipping-taxable","15":"product-type-external"},"acf":[],"_links":{"self":[{"href":"https:\/\/simracergear.com\/it\/wp-json\/wp\/v2\/product\/100553","targetHints":{"allow":["GET"]}}],"collection":[{"href":"https:\/\/simracergear.com\/it\/wp-json\/wp\/v2\/product"}],"about":[{"href":"https:\/\/simracergear.com\/it\/wp-json\/wp\/v2\/types\/product"}],"replies":[{"embeddable":true,"href":"https:\/\/simracergear.com\/it\/wp-json\/wp\/v2\/comments?post=100553"}],"wp:featuredmedia":[{"embeddable":true,"href":"https:\/\/simracergear.com\/it\/wp-json\/wp\/v2\/media\/100554"}],"wp:attachment":[{"href":"https:\/\/simracergear.com\/it\/wp-json\/wp\/v2\/media?parent=100553"}],"wp:term":[{"taxonomy":"product_brand","embeddable":true,"href":"https:\/\/simracergear.com\/it\/wp-json\/wp\/v2\/product_brand?post=100553"},{"taxonomy":"product_cat","embeddable":true,"href":"https:\/\/simracergear.com\/it\/wp-json\/wp\/v2\/product_cat?post=100553"},{"taxonomy":"product_tag","embeddable":true,"href":"https:\/\/simracergear.com\/it\/wp-json\/wp\/v2\/product_tag?post=100553"}],"curies":[{"name":"wp","href":"https:\/\/api.w.org\/{rel}","templated":true}]}}