{"id":100566,"date":"2025-05-15T07:46:00","date_gmt":"2025-05-15T07:46:00","guid":{"rendered":"https:\/\/simracergear.com\/products\/fanatec-clubsport-pedals-v3-inverted\/"},"modified":"2025-11-28T04:45:04","modified_gmt":"2025-11-28T04:45:04","slug":"fanatec-clubsport-pedals-v3-inverted","status":"publish","type":"product","link":"https:\/\/simracergear.com\/it\/products\/fanatec-clubsport-pedals-v3-inverted\/","title":{"rendered":"Pedali Fanatec ClubSport V3 invertiti"},"content":{"rendered":"<p>Nella categoria delle pedaliere top di gamma per le corse simulate, la Fanatec ClubSport Pedals V3 Inverted occupa un posto molto speciale. Stiamo ancora parlando di una pedaliera \"prosumer\" (al di sopra delle gamme entry e mid-range, al di sotto delle soluzioni full pro), ma con una vera e propria ambizione: avvicinarsi alla cinematica di un'auto da corsa, soprattutto per il freno e la frizione. Questo modello invertito \u00e8 interessante perch\u00e9 promette una sensazione pi\u00f9 naturale, pi\u00f9 vicina a un vero cockpit, pur rimanendo compatibile con l'ampio ecosistema Fanatec.<\/p>\n<p>Da parte mia, affronto la questione da un punto di vista molto concreto: sensazione di frenata, risposta progressiva dell'acceleratore, comfort nelle lunghe sessioni e capacit\u00e0 di ripetere gli stessi punti di frenata giro dopo giro. A questo livello di prezzo, \u00e8 lecito aspettarsi un netto salto di qualit\u00e0 rispetto a una guarnitura entry-level o di fascia media con potenziometri. Il cuore della questione \u00e8 la cella di carico sul freno e la meccanica invertita che dovrebbe garantire un controllo pi\u00f9 intuitivo.<\/p>\n<p>Questa guarnitura si rivolge ai ciclisti che vogliono fare un vero passo avanti senza cadere nella trappola delle guarniture idrauliche ultra-sofisticate. L'idea \u00e8 semplice: sentire sotto il piede ci\u00f2 che si vede sullo schermo. Si preme, la macchina reagisce e non ci si pone pi\u00f9 domande.<\/p>\n<h2>Progettazione e produzione<\/h2>\n<p>Il Fanatec ClubSport V3 Inverted trasmette immediatamente un senso di seriet\u00e0. Con il suo telaio in metallo, i bracci dei pedali invertiti e la massiccia piastra di base, sembra un'unit\u00e0 progettata per resistere ad anni di frenate violente. Il metallo \u00e8 onnipresente, con una finitura abbastanza pulita e senza spigoli vivi o parti fragili. Una volta montato su un cockpit rigido, non si muove mai. Non si percepisce alcuna flessione durante l'uso, il che \u00e8 essenziale per una guarnitura a cella di carico.<\/p>\n<p>Ci\u00f2 che sorprende immediatamente \u00e8 la cinematica inversa del freno e della frizione. Visivamente, \u00e8 pi\u00f9 simile a una pedaliera da auto da corsa. Durante l'uso, si percepisce che l'angolo del piede e della caviglia \u00e8 diverso da quello di una guarnitura convenzionale \"da terra\". Nel corso di lunghe sessioni, la posizione pu\u00f2 risultare pi\u00f9 naturale per alcuni e meno per altri, a seconda dell'abitacolo e della postura generale. Ma l'impressione di una \"vera auto\" \u00e8 chiaramente migliorata.<\/p>\n<p>I pedali stessi trasudano solidit\u00e0. Gli ingranaggi sono regolabili e saldamente avvitati, e la densit\u00e0 dei componenti infonde sicurezza. Non c'\u00e8 l'effetto \"giocattolo\" delle guarniture entry-level in plastica o metallo leggero. Anche la finitura non \u00e8 ultra-lussuosa: \u00e8 pi\u00f9 un look industriale funzionale che un oggetto da esposizione. Ci sono alcuni cavi visibili e alcuni punti di rotazione sono un po' ruvidi, ma niente di preoccupante durante l'uso.<\/p>\n<p>Rispetto ad altre guarniture con cella di carico dello stesso segmento, la V3 Inverted \u00e8 ben posizionata. Ha un aspetto pi\u00f9 serio rispetto ai modelli pi\u00f9 semplici con potenziometri, ma \u00e8 comunque meno estrema di una guarnitura idraulica full-metal della categoria \"pro\". \u00c8 un ottimo compromesso tra robustezza e compattezza per una configurazione orientata all'immersione.<\/p>\n<h2>Impostazioni, personalizzazione e compatibilit\u00e0<\/h2>\n<p>In termini di regolazioni fisiche, Fanatec ha previsto una serie di opzioni. Posizione della corona regolabile, corsa del pedale regolabile, durezza del freno regolabile con molle ed elastomeri: c'\u00e8 molto da fare per adattare la guarnitura al proprio stile. La differenza l'ho sentita nella progressione del freno: \u00e8 possibile renderlo relativamente morbido all'inizio e poi molto deciso alla fine della corsa, il che aiuta a controllare l'attacco e a bloccare la pressione prima dell'ABS virtuale. Non siamo ancora al livello di una guarnitura full custom da simracing purista, ma la gamma di regolazioni \u00e8 gi\u00e0 molto utilizzabile.<\/p>\n<p>In termini di software, la pedaliera \u00e8 integrata nell'ecosistema Fanatec. Sul PC, la regolazione fine \u00e8 disponibile tramite il software del marchio: calibrazione, zone morte, linearit\u00e0, vibrazione integrata, ecc. La curva di apprendimento \u00e8 ragionevole: occorre un po' di tempo per capire come ogni parametro influisce sul comportamento nel gioco, ma non ci si perde in menu oscuri. Qualche tentativo, qualche giro di pista e si trover\u00e0 rapidamente una configurazione adatta alle proprie abitudini.<\/p>\n<p>Su una console, la logica cambia leggermente. La pedaliera \u00e8 progettata per essere utilizzata con una base Fanatec compatibile, il che significa che \u00e8 possibile sfruttare la maggior parte dei vantaggi, anche se la flessibilit\u00e0 del software rimane pi\u00f9 limitata rispetto a un PC. In ogni caso, l'ecosistema Fanatec gioca a suo favore: foderi a trasmissione diretta o a cinghia, volanti vari, comandi, freno a mano, tutto pu\u00f2 essere inserito in modo abbastanza ordinato, soprattutto in un cockpit fisso.<\/p>\n<p>In termini di aggiornabilit\u00e0, la V3 Inverted non \u00e8 solo un punto di ingresso. \u00c8 una pedaliera che pu\u00f2 chiaramente accompagnare un simracer per diversi anni, anche quando si passa a basi pi\u00f9 potenti o a cockpit pi\u00f9 rigidi. Inoltre, pu\u00f2 essere aggiornata con le opzioni (molle, kit di messa a punto, modifiche), rendendola una base di lunga durata, non un acquisto usa e getta.<\/p>\n<h2>Sensazioni in gioco<\/h2>\n<p>Sulla pista virtuale, il freno \u00e8 il protagonista del ClubSport V3 Inverted. La cella di carico consente di lavorare sotto pressione anzich\u00e9 in corsa e questo cambia davvero il modo di guidare. Si mette il piede a terra, si applica una certa forza e l'auto risponde in modo molto prevedibile. Per quanto riguarda l'impostazione dei punti di frenata, si tratta di un grande passo avanti rispetto a un freno a potenziometro morbido o spugnoso. Si capisce subito cosa sta facendo l'auto.<\/p>\n<p>In caso di frenata pesante, la guarnitura rimane perfettamente stabile. Si pu\u00f2 piantare il piede con fiducia, il telaio non si muove e la modulazione a fine frenata diventa molto pi\u00f9 fine. Il bloccaggio delle ruote (o l'attivazione dell'ABS) \u00e8 pi\u00f9 facile da leggere nel feedback visivo e sonoro del gioco, perch\u00e9 la base di lavoro sotto il piede \u00e8 coerente. Si trova rapidamente una \"memoria muscolare\" molto affidabile. Giro dopo giro, la ripetibilit\u00e0 del gesto \u00e8 il suo vero punto di forza.<\/p>\n<p>Quando si entra in curva, questa precisione \u00e8 evidente. \u00c8 possibile rilasciare gradualmente la pressione, mantenere una leggera frenata posteriore per stabilizzare il retrotreno e regolarsi entro pochi punti percentuali. \u00c8 qui che questa guarnitura cambia l'esperienza rispetto a una configurazione pi\u00f9 semplice. Su una guarnitura entry-level o di fascia media, a volte si cerca il limite. Qui lo si avverte prima. Si percepisce meglio la perdita di aderenza in frenata, soprattutto nelle simulazioni pi\u00f9 impegnative.<\/p>\n<p>Sui vibratori, la combinazione freno\/acceleratore \u00e8 facile da gestire. Le vibrazioni incorporate nei pedali (se attivate e impostate correttamente) aggiungono un po' di informazioni in pi\u00f9, anche se non sono quelle che trasformano maggiormente l'esperienza. Ci\u00f2 che conta \u00e8 la stabilit\u00e0 meccanica e la costanza della risposta: non c'\u00e8 la sensazione di un gioco che si sta creando, n\u00e9 una deriva della taratura con il progredire della sessione.<\/p>\n<p>In caso di sessioni prolungate, la posizione invertita si rivela davvero utile. Il piede viene tenuto in un modo diverso, pi\u00f9 \"pendente\", che pu\u00f2 alleviare la tensione di alcuni muscoli, soprattutto se il cockpit \u00e8 impostato correttamente in termini di angolo e distanza. L'affaticamento dipender\u00e0 molto dalla postura generale, ma la guarnitura stessa rimane costante dal primo all'ultimo giro. La corsa non cambia, la durezza rimane la stessa e la fiducia aumenta.<\/p>\n<p>Per quanto riguarda l'acceleratore, \u00e8 pulito e abbastanza lineare. Non abbiamo necessariamente il pedale pi\u00f9 sofisticato del mercato, ma abbiamo una buona progressivit\u00e0 e una corsa che pu\u00f2 essere utilizzata per controllare la riaccelerazione in uscita dalle curve. Le correzioni rapide, soprattutto con una potente trazione posteriore o GT, sono gestibili senza pensarci. Si gioca con il battistrada, si spinge e l'auto risponde in modo logico. Nessuna sorpresa, nessuna zona \"morta\" imprevedibile.<\/p>\n<p>Rispetto a una guarnitura meno avanzata, il guadagno in termini di controllo \u00e8 evidente. Rispetto a soluzioni ancora pi\u00f9 estreme (idrauliche, di livello superiore), la V3 Inverted sar\u00e0 un po' meno \"grezza\" in termini di sensazione meccanica pura, ma \u00e8 comunque pi\u00f9 che sufficiente per la stragrande maggioranza dei simulatori, anche i pi\u00f9 esigenti. Il livello di confidenza che offre, soprattutto in frenata, consente di guidare con forza, in modo pulito e costante.<\/p>\n<h2>Per chi \u00e8? Cosa ci piace \/ Cosa non ci piace<\/h2>\n<p>Vedo la Fanatec ClubSport V3 Inverted come una pedaliera destinata ai piloti di simulazione che hanno gi\u00e0 fatto un investimento minimo. Non \u00e8 la prima pedaliera per chi \u00e8 totalmente nuovo alle gare di simulazione su console con un semplice supporto per il volante. Si rivolge piuttosto agli utenti di livello intermedio o avanzato, gi\u00e0 dotati di un cockpit rigido o pronti ad acquistarne uno, che vogliono fare un vero passo avanti nel realismo senza passare immediatamente a una pedaliera professionale completa.<\/p>\n<p>Ci\u00f2 che apprezzo di pi\u00f9 \u00e8 la costanza della frenata. Si preme e la risposta \u00e8 sempre la stessa, giro dopo giro. In secondo luogo, la solidit\u00e0 percepita \u00e8 rassicurante: si ha la sensazione di poter colpire forte senza ripensamenti. Infine, la posizione invertita contribuisce chiaramente all'immersione. Ci si sente pi\u00f9 a bordo di una vera auto da corsa che di un giocattolo sul pavimento. Quando tutto \u00e8 regolato correttamente, cambia la sensazione generale dell'abitacolo.<\/p>\n<p>Ma ci sono dei limiti. L'installazione e l'integrazione richiedono un cockpit serio: su un cavalletto del volante pieghevole o su una scrivania, si perde l'interesse della pedaliera, o addirittura si aggiungono vibrazioni indesiderate. La regolazione ottimale richiede un po' di tempo e di curiosit\u00e0, soprattutto per sfruttare al meglio le opzioni della cella di carico e della durezza. Infine, si tratta comunque di un investimento significativo, soprattutto se si deve contemporaneamente rinforzare il telaio o passare a un ecosistema Fanatec completo.<\/p>\n<p>In termini di valore percepito, \u00e8 ancora coerente: state pagando per un vero e proprio salto di qualit\u00e0, non solo per un restyling. La differenza nel controllo della frenata \u00e8 reale. Non si guadagna solo in comfort, ma anche in prestazioni potenziali. Per un simulatore che trascorre molte ore sulla pista virtuale, la domanda non \u00e8 tanto \"quanto costa\" quanto \"per quanto tempo lo user\u00f2\". E qui la risposta \u00e8 chiaramente a favore.<\/p>\n<h2>Il verdetto<\/h2>\n<p>I pedali Fanatec ClubSport V3 Inverted apportano qualcosa di molto tangibile alla configurazione: una frenata seria, stabile e ripetibile, con una meccanica che si avvicina molto alla sensazione di una vera auto da corsa. Non si tratta solo di un aggiornamento estetico, ma di una vera e propria leva per migliorare la consistenza e la fiducia, soprattutto se si guida in simulazioni impegnative e si cerca di mettere a punto i punti di frenata.<\/p>\n<p>Sul mercato, si posiziona come una soluzione premium \"accessibile\": al di sopra delle guarniture compatte e classiche a cella di carico, al di sotto dei mostri idraulici di fascia altissima. Il suo posizionamento \u00e8 chiaro: per chi vuole una guarnitura definitiva o quasi definitiva senza esagerare, \u00e8 una scelta molto solida.<\/p>\n<p>La consiglierei a chi ha gi\u00e0 un minimo di preparazione (cockpit rigido, ore di guida regolari) e sente che la guarnitura attuale lo limita in frenata. Se cercate una prima guarnitura economica per divertirvi occasionalmente, questa non \u00e8 la scelta giusta. Se invece volete bloccare la vostra frenata, ottenere una maggiore immersione e costruire una configurazione che sia bella e rispondente, questo prodotto pu\u00f2 chiaramente fare la differenza nella vostra configurazione.<\/p>","protected":false},"excerpt":{"rendered":"<p>Ci\u00f2 che mi ha davvero colpito di questa guarnitura \u00e8 la sicurezza che offre in frenata: tutto diventa pi\u00f9 prevedibile, pi\u00f9 ripetibile e ci si pu\u00f2 finalmente concentrare sulla guida anzich\u00e9 sul pedale. Ha senso per i simulatori gi\u00e0 dotati di un cockpit rigido, che pedalano spesso e sentono che la guarnitura attuale li frena. Nel complesso, ritengo che l'equilibrio tra investimento, realismo e longevit\u00e0 sia buono.<\/p>","protected":false},"featured_media":100567,"comment_status":"open","ping_status":"closed","template":"","meta":{"_acf_changed":false,"_et_pb_use_builder":"","_et_pb_old_content":"","_et_gb_content_width":""},"product_brand":[158],"product_cat":[162],"product_tag":[149,159,160],"class_list":{"0":"post-100566","1":"product","2":"type-product","3":"status-publish","4":"has-post-thumbnail","6":"product_brand-fanatec","7":"product_cat-pedalier","8":"product_tag-pc","9":"product_tag-playstation","10":"product_tag-xbox","12":"first","13":"instock","14":"shipping-taxable","15":"product-type-external"},"acf":[],"_links":{"self":[{"href":"https:\/\/simracergear.com\/it\/wp-json\/wp\/v2\/product\/100566","targetHints":{"allow":["GET"]}}],"collection":[{"href":"https:\/\/simracergear.com\/it\/wp-json\/wp\/v2\/product"}],"about":[{"href":"https:\/\/simracergear.com\/it\/wp-json\/wp\/v2\/types\/product"}],"replies":[{"embeddable":true,"href":"https:\/\/simracergear.com\/it\/wp-json\/wp\/v2\/comments?post=100566"}],"wp:featuredmedia":[{"embeddable":true,"href":"https:\/\/simracergear.com\/it\/wp-json\/wp\/v2\/media\/100567"}],"wp:attachment":[{"href":"https:\/\/simracergear.com\/it\/wp-json\/wp\/v2\/media?parent=100566"}],"wp:term":[{"taxonomy":"product_brand","embeddable":true,"href":"https:\/\/simracergear.com\/it\/wp-json\/wp\/v2\/product_brand?post=100566"},{"taxonomy":"product_cat","embeddable":true,"href":"https:\/\/simracergear.com\/it\/wp-json\/wp\/v2\/product_cat?post=100566"},{"taxonomy":"product_tag","embeddable":true,"href":"https:\/\/simracergear.com\/it\/wp-json\/wp\/v2\/product_tag?post=100566"}],"curies":[{"name":"wp","href":"https:\/\/api.w.org\/{rel}","templated":true}]}}