{"id":100610,"date":"2025-05-15T07:47:00","date_gmt":"2025-05-15T07:47:00","guid":{"rendered":"https:\/\/simracergear.com\/products\/fanatec-clubsport-steering-wheel-320-for-xbox\/"},"modified":"2025-11-28T04:45:15","modified_gmt":"2025-11-28T04:45:15","slug":"fanatec-clubsport-steering-wheel-320-for-xbox","status":"publish","type":"product","link":"https:\/\/simracergear.com\/it\/products\/fanatec-clubsport-steering-wheel-320-for-xbox\/","title":{"rendered":"Volante Fanatec ClubSport 320 Xbox"},"content":{"rendered":"<h2>Volante Fanatec ClubSport 320 per Xbox - Test e recensione completa<\/h2>\n<p>Il volante ClubSport 320 per Xbox \u00e8 chiaramente posizionato come un \"tuttofare top di gamma\" nell'ecosistema Fanatec. Non si tratta di un GT grande e pieno di pulsanti, n\u00e9 di un volante piccolo e formulaico. \u00c8 un volante rotondo da 320 mm, progettato per coprire il maggior numero possibile di discipline, con la compatibilit\u00e0 con Xbox come bonus grazie al modulo di controllo integrato.<\/p>\n<p>Sulla carta, promette tre cose: un'eccellente qualit\u00e0 costruttiva, una presa naturale sia per la guida pulita che per le derapate leggere e una perfetta integrazione nelle basi ClubSport \/ CSL \/ DD del marchio. Non vuole essere il pi\u00f9 spettacolare, ma il pi\u00f9 \"ovvio\" da usare quotidianamente.<\/p>\n<p>Il mio punto di vista \u00e8 semplice: sensazione in mano, ergonomia in modalit\u00e0 gara e coerenza con il prezzo. Guadagniamo davvero in controllo, comfort nel tempo e precisione degli input? E soprattutto: vale il prezzo rispetto a un volante P1 V2 o a un volante pi\u00f9 orientato alla GT della gamma?<\/p>\n<p>Fin dalle prime sessioni, ci\u00f2 che spicca \u00e8 un volante che non cerca di mettersi in mostra, ma piuttosto scompare per lasciarvi concentrare sulla guida. Ci si rende subito conto se questo \u00e8 un bene... o se ci si aspettava pi\u00f9 carattere.<\/p>\n<p>&nbsp;<\/p>\n<h2>Progettazione e produzione<\/h2>\n<p>In mano, il volante ClubSport 320 d\u00e0 subito un'impressione di seriet\u00e0. La corona \u00e8 in alluminio, con uno spessore ben bilanciato: si percepisce una certa densit\u00e0 senza che sembri un mattone. Il diametro di 320 mm d\u00e0 una sensazione molto automobilistica, pi\u00f9 vicina a quella di una vera auto sportiva da strada o di una GT che a quella di un volante monoposto.<\/p>\n<p>Le impugnature sono in pelle liscia o in Alcantara, a seconda della versione scelta. La versione in Alcantara ha una sensazione piacevole e abbastanza morbida, con un buon grip una volta indossati i guanti. Senza guanti, si avverte subito l'usura che potrebbe verificarsi se si guida molto, ma questa \u00e8 la classica controparte di questo materiale. La pelle, invece, \u00e8 pi\u00f9 \"resistente\" e pi\u00f9 facile da pulire, con una sensazione meno pregiata al primo contatto ma pi\u00f9 rassicurante a lungo termine.<\/p>\n<p>Il gioco della piastra centrale, dei pulsanti e della struttura complessiva \u00e8 minimo. Nulla scricchiola, nulla si muove. I paddle magnetici in alluminio (se montati tramite un modulo ClubSport) aggiungono un senso di meccanica precisa e robusta. Ogni pressione dei paddle ha un clic netto e pulito, che ispira fiducia. Si ha la sensazione di poter passare da una curva all'altra e da un cambio di marcia all'altro senza pensarci.<\/p>\n<p>Ci\u00f2 che sorprende \u00e8 la rigidit\u00e0 complessiva: il volante non si flette, anche con una base Direct Drive a coppia pi\u00f9 elevata. Non si ha quella sensazione di \"torsione\" che a volte si pu\u00f2 avere con cerchi pi\u00f9 leggeri o in plastica rinforzata.<\/p>\n<p>Ci\u00f2 che delude un po' \u00e8 il design sobrio. Niente inserti in carbonio, niente fronzoli visivi, pulsanti relativamente semplici. Rispetto ad alcuni dei pi\u00f9 spettacolari volanti Fanatec, sembra quasi saggio. Rispetto a un volante CSL pi\u00f9 economico, si percepisce chiaramente il salto di qualit\u00e0 dei materiali e delle finiture, ma rispetto alla gamma Podium, la sensazione di lusso puro \u00e8 ancora un gradino sotto.<\/p>\n<p>&nbsp;<\/p>\n<h2>Impostazioni, personalizzazione e compatibilit\u00e0<\/h2>\n<p>Il volante ClubSport 320 si integra nell'ecosistema Fanatec come qualsiasi altro cerchio moderno del marchio. Il modulo di controllo Xbox \u00e8 integrato, consentendo il riconoscimento automatico sulle basi compatibili e il supporto nativo sulle console. Si collega alla base Fanatec, si accende e si pu\u00f2 navigare nei menu della console direttamente con il volante.<\/p>\n<p>In termini di impostazioni, tutto avviene essenzialmente tramite la base e il software Fanatec: forza complessiva, filtraggio, interpolazione, linearit\u00e0. Il volante stesso non aggiunge un livello software complesso. Questo \u00e8 un aspetto positivo, perch\u00e9 evita di perdersi in menu ridondanti. I pulsanti e il mini-stick sono facili da mappare per i giochi, sia su PC che su Xbox.<\/p>\n<p>Il vero interesse risiede nella personalizzazione fisica: la possibilit\u00e0 di cambiare i paddle, di aggiungere un modulo paddle avanzato o addirittura di modificare i pulsanti o le calotte per adattare la leggibilit\u00e0. Il formato rotondo da 320 mm si presta molto bene a diversi stili di guida: GT, touring, rally, drift leggero. \u00c8 un volante \"generalista\" che pu\u00f2 essere utilizzato in una grande variet\u00e0 di modi.<\/p>\n<p>La curva di apprendimento \u00e8 molto dolce. Se provenite da un volante Fanatec pi\u00f9 semplice (come il P1 o il CSL), non vi perderete. Ergonomia familiare, nessun espediente. Si passa pi\u00f9 tempo a regolare le impostazioni FFB di base che a capire il volante stesso.<\/p>\n<p>In termini di compatibilit\u00e0, PC e Xbox sono coperti e, a seconda del fodero utilizzato, \u00e8 possibile pedalare anche su altre piattaforme tramite il fodero. L'ecosistema Fanatec circostante - pedali CSL\/ClubSport, comandi, freno a mano, cockpit di terze parti - si integra perfettamente. Si ha l'impressione che questo volante sia pi\u00f9 un mattone duraturo nell'assetto che un semplice accessorio: pu\u00f2 accompagnare una base di alto livello, dalla CSL a una base pi\u00f9 torcente, senza diventare obsoleto.<\/p>\n<p>&nbsp;<\/p>\n<h2>Sensazioni in gioco<\/h2>\n<p>In pista, il diametro di 320 mm cambia immediatamente il ritmo degli input. Rispetto a un volante pi\u00f9 piccolo di tipo F1 o GT compatto, i movimenti sono un po' pi\u00f9 pieni e progressivi. Le correzioni sono pi\u00f9 fluide, in particolare durante le leggere scivolate o l'ingresso in curva in frenata. Il braccio si muove un po' di pi\u00f9, ma con maggiore controllo. Questo \u00e8 molto apprezzato nelle gare di durata o nelle discipline in cui l'auto si muove molto.<\/p>\n<p>La precisione del ritorno di forza dipende ovviamente dal fodero, ma il cerchio gioca un ruolo importante nel modo in cui i dettagli vengono percepiti. La rigidit\u00e0 del volante aiuta a trasmettere il FFB senza smorzamenti parassiti. Si sentono i piccoli trasferimenti di carico, le microperdite di aderenza all'anteriore, le variazioni di aderenza su superfici vibranti o su superfici mutevoli. Si capisce subito cosa sta facendo l'auto.<\/p>\n<p>Nelle curve veloci, la stabilit\u00e0 \u00e8 molto rassicurante. Il diametro maggiore consente di abbassare le mani alle 9.15 o alle 10.10 e di lasciare che la macchina faccia il suo lavoro. Le piccole regolazioni dell'angolo sono facili e non si va in \"over-drive\". Mentre un volante pi\u00f9 piccolo potrebbe incoraggiare movimenti pi\u00f9 nervosi, il 320 favorisce una guida pi\u00f9 pulita e fluida.<\/p>\n<p>Sui vibratori, il volante fornisce un feedback chiaro senza diventare brutale. Il metallo e la densit\u00e0 del cerchio forniscono un feedback abbastanza secco, ma non aggressivo. Su una base ad alta coppia, si sente che il volante sopporta lo sforzo senza vacillare, quindi non si ha la sensazione che possa scivolare dalle mani durante i grandi salti su certi circuiti.<\/p>\n<p>Le correzioni rapide sono un punto di forza. In uscita da una curva o sotto la pioggia, quando il posteriore inizia ad andare, la forma rotonda e il diametro facilitano la controfrenata. \u00c8 possibile lasciare che il volante scivoli leggermente tra le mani e poi riprenderlo, senza alcun blocco insolito. Per i giocatori che amano un po' di RWD giocoso, \u00e8 molto divertente.<\/p>\n<p>Per le lunghe sessioni, l'affaticamento dipender\u00e0 dalla superficie scelta. In Alcantara, con i guanti, la vestibilit\u00e0 \u00e8 eccellente e si pu\u00f2 pedalare a lungo senza eccessiva tensione alle mani. Il diametro leggermente maggiore distribuisce lo sforzo in modo uniforme su braccia e spalle. In pelle, la leggera scorrevolezza sotto la mano nuda pu\u00f2 talvolta richiedere un po' pi\u00f9 di pressione per mantenere la stessa precisione, ma \u00e8 anche pi\u00f9 facile conviverci se si va avanti sessione dopo sessione senza guanti.<\/p>\n<p>Rispetto a una ruota pi\u00f9 leggera e entry-level, la differenza principale \u00e8 la consistenza: la FFB \u00e8 pi\u00f9 pulita e meglio strutturata. Meno vibrazioni vaganti, un blocco pi\u00f9 solido tra l'utente e la base. Rispetto a volanti di fascia ancora pi\u00f9 alta, non si ha quella sensazione di \"gioiello\" con materiali esotici, ma in termini di pura sensazione di guida, il 320 regge perfettamente il confronto.<\/p>\n<p>Si ha la sensazione che questo volante sia stato progettato per scomparire dietro la fisica del gioco. Non grida \"guardatemi\", ma si limita a dirvi cosa sta facendo l'auto, giro dopo giro. \u00c8 qui che la base cambia davvero l'esperienza: si ottiene il massimo beneficio da ci\u00f2 che la base pu\u00f2 fare, senza che il cerchio sia il punto debole.<\/p>\n<p>&nbsp;<\/p>\n<h2>Per chi \u00e8? Cosa ci piace \/ Cosa non ci piace<\/h2>\n<p>Il volante ClubSport 320 per Xbox si rivolge principalmente ai piloti di simulazione di livello intermedio e avanzato che desiderano un volante che faccia tutto, senza dover seguire la strada dell'entry-level. Se siete appassionati di GT, touring, rally e un po' di drifting, il suo formato rotondo da 320 mm ha molto senso. Su Xbox, diventa rapidamente il \"volante principale\" ideale per chi vuole una configurazione pulita e coerente.<\/p>\n<p>Per un principiante molto motivato, si tratta di un buon investimento iniziale in quanto non sar\u00e0 limitato dai progressi. La qualit\u00e0 costruttiva, la rigidit\u00e0, la compatibilit\u00e0 con Xbox\/PC e l'integrazione nell'ecosistema Fanatec ne fanno un prodotto che si ripagher\u00e0 a lungo termine. Si ha la sensazione che sia stato progettato per essere una parte duratura della vostra configurazione, non un gadget da sostituire dopo pochi mesi.<\/p>\n<p>Ci\u00f2 che mi piace particolarmente \u00e8 la sensazione di solidit\u00e0 generale: nessuna flessione, nessun gioco, una vera sicurezza meccanica. Poi c'\u00e8 il diametro molto versatile e la forma rotonda, che rende il volante adatto a quasi tutti i giochi. Infine, la compatibilit\u00e0 integrata con la Xbox evita di dover ricorrere a diversi cerchi per cambiare piattaforma. Basta collegarlo e giocare.<\/p>\n<p>Ma ci sono anche dei limiti. Il design \u00e8 abbastanza sobrio, quasi troppo, soprattutto se vi piacciono i volanti molto \"racing\", con carbonio a vista e grandi rotori. Il numero di pulsanti disponibili rimane ragionevole, sufficiente per la maggior parte dei titoli, ma potrebbe sembrare un po' corto per i simus che richiedono un controllo molto diretto. In termini di prezzo, si tratta ancora di un prodotto che deve essere ponderato: non \u00e8 un acquisto d'impulso, ma un investimento che deve essere valutato in base al tempo di gioco effettivo e alle proprie ambizioni nelle corse simulate.<\/p>\n<p>Se siete alla ricerca del miglior rapporto \"prezzo minimo\/funzionalit\u00e0 di base\", non \u00e8 questo il caso. Se siete alla ricerca di un volante versatile e robusto, pronto a dare una marcia in pi\u00f9 alla vostra configurazione, questo \u00e8 quello che fa per voi.<\/p>\n<p>&nbsp;<\/p>\n<h2>Il verdetto<\/h2>\n<p>Il volante Fanatec ClubSport 320 per Xbox apporta qualcosa di molto semplice alla configurazione: la coerenza. Un volante rotondo, di dimensioni realistiche, solido e compatibile con Xbox, in grado di tenere il passo con una base che cresce in potenza senza diventare l'anello debole. Non trasforma l'esperienza di gioco attraverso un effetto estetico \"wow\", ma grazie al comfort di utilizzo e alla leggibilit\u00e0 delle informazioni di gioco.<\/p>\n<p>Sul mercato, \u00e8 chiaramente posizionato come prodotto di fascia media\/alta, un \"perno\" della gamma, tra i volanti di tipo CSL, pi\u00f9 accessibili, e i volanti Podium, molto premium. Non cerca di competere con i modelli ultra-specialistici; piuttosto, offre un equilibrio molto sano tra versatilit\u00e0, qualit\u00e0 costruttiva e sensazione al tatto.<\/p>\n<p>Lo consiglierei ai simulatori che guidano regolarmente, che vogliono un volante serio per fare tutto e che sono gi\u00e0 o hanno intenzione di rimanere nell'ecosistema Fanatec per un po'. Per i giocatori occasionali o per chi punta a uno stile ultra-specifico (monoposto pura, drift hardcore), ci sono opzioni pi\u00f9 mirate.<\/p>\n<p>Se siete alla ricerca di un volante rotondo, robusto, versatile e compatibile con Xbox, che migliori la vostra base senza intralciare la guida, questo prodotto pu\u00f2 chiaramente fare la differenza nella vostra configurazione.<\/p>","protected":false},"excerpt":{"rendered":"<p>Questo volante mi ha dato un vero senso di coerenza: quasi scompare per lasciare spazio alle sensazioni di guida, con un controllo pulito e prevedibile nel tempo. Soprattutto, ha senso per i piloti di simulazione abituali, su Xbox o PC, che vogliono un volante serio per fare quasi tutto. Data la sua solidit\u00e0 e versatilit\u00e0, l'investimento ha senso a lungo termine.<\/p>","protected":false},"featured_media":100611,"comment_status":"open","ping_status":"closed","template":"","meta":{"_acf_changed":false,"_et_pb_use_builder":"","_et_pb_old_content":"","_et_gb_content_width":""},"product_brand":[158],"product_cat":[156],"product_tag":[149,159,160],"class_list":{"0":"post-100610","1":"product","2":"type-product","3":"status-publish","4":"has-post-thumbnail","6":"product_brand-fanatec","7":"product_cat-roue-de-volant","8":"product_tag-pc","9":"product_tag-playstation","10":"product_tag-xbox","12":"first","13":"instock","14":"shipping-taxable","15":"product-type-external"},"acf":[],"_links":{"self":[{"href":"https:\/\/simracergear.com\/it\/wp-json\/wp\/v2\/product\/100610","targetHints":{"allow":["GET"]}}],"collection":[{"href":"https:\/\/simracergear.com\/it\/wp-json\/wp\/v2\/product"}],"about":[{"href":"https:\/\/simracergear.com\/it\/wp-json\/wp\/v2\/types\/product"}],"replies":[{"embeddable":true,"href":"https:\/\/simracergear.com\/it\/wp-json\/wp\/v2\/comments?post=100610"}],"wp:featuredmedia":[{"embeddable":true,"href":"https:\/\/simracergear.com\/it\/wp-json\/wp\/v2\/media\/100611"}],"wp:attachment":[{"href":"https:\/\/simracergear.com\/it\/wp-json\/wp\/v2\/media?parent=100610"}],"wp:term":[{"taxonomy":"product_brand","embeddable":true,"href":"https:\/\/simracergear.com\/it\/wp-json\/wp\/v2\/product_brand?post=100610"},{"taxonomy":"product_cat","embeddable":true,"href":"https:\/\/simracergear.com\/it\/wp-json\/wp\/v2\/product_cat?post=100610"},{"taxonomy":"product_tag","embeddable":true,"href":"https:\/\/simracergear.com\/it\/wp-json\/wp\/v2\/product_tag?post=100610"}],"curies":[{"name":"wp","href":"https:\/\/api.w.org\/{rel}","templated":true}]}}