{"id":100891,"date":"2025-05-15T07:55:00","date_gmt":"2025-05-15T07:55:00","guid":{"rendered":"https:\/\/simracergear.com\/products\/fanatec-csl-dd-racing-wheel-wrc-for-xbox-pc-8-nm\/"},"modified":"2025-11-28T04:43:56","modified_gmt":"2025-11-28T04:43:56","slug":"fanatec-csl-dd-racing-wheel-wrc-for-xbox-pc-8-nm","status":"publish","type":"product","link":"https:\/\/simracergear.com\/it\/products\/fanatec-csl-dd-racing-wheel-wrc-for-xbox-pc-8-nm\/","title":{"rendered":"Fanatec CSL DD WRC per Xbox e PC (8 Nm)"},"content":{"rendered":"<p>Nel segmento delle basi Direct Drive 'accessibili', il Fanatec CSL DD Racing Wheel WRC per Xbox e PC (8 Nm) occupa una posizione molto speciale. Questo bundle porta al grande pubblico una tecnologia finora riservata alla fascia alta del mercato, con una potenza ragionevole ma soprattutto un reale guadagno in termini di finezza e pulizia del ritorno di forza. Sulla carta, promette un mix piuttosto raro: un Direct Drive compatto, compatibile con Xbox e PC, fornito con un volante WRC piuttosto versatile.<\/p>\n<p>Da parte mia, affronto la questione soprattutto dal punto di vista della sensazione e della coerenza complessiva del prodotto. Non \u00e8 solo una questione di \"quanto funziona?\", ma se l'aderenza \u00e8 buona, se rimane confortevole nel tempo, se la costruzione segue l'esempio e se l'ecosistema circostante vale la pena a medio termine. Questo \u00e8 tipicamente il tipo di base che molti considerano il primo grande investimento nelle corse simulate, quindi la domanda chiave rimane semplice: questo pacchetto regge davvero e per chi ha pi\u00f9 senso in una configurazione moderna?<\/p>\n<h2>Progettazione e produzione<\/h2>\n<p>La base del CSL DD d\u00e0 subito un'impressione di seriet\u00e0. Il blocco \u00e8 compatto e denso, con un involucro di metallo che funge da dissipatore di calore. In mano, si percepisce che non si \u00e8 pi\u00f9 nell'estetica \"giocattolo\" dei vecchi volani di massa. \u00c8 sobrio, angolare, un po' industriale. Ispira fiducia piuttosto che ostentare. Posizionata su un solido pozzetto, la base non si muove n\u00e9 scricchiola: la rigidit\u00e0 percepita \u00e8 molto buona per questa gamma.<\/p>\n<p>Il volante WRC offre un buon compromesso. \u00c8 delle dimensioni giuste sia per il rally che per la guida in circuito, il rivestimento in similpelle testurizzato si impugna bene senza essere troppo abrasivo e il logo WRC aggiunge un tocco di classe per gli appassionati. In mano, il cerchio non d\u00e0 l'impressione di un prodotto ultra-premium, ma \u00e8 comunque molto convincente per un bundle di questo livello di prezzo. I pulsanti sono numerosi e facilmente accessibili, con un clic chiaro e preciso. Ce n'\u00e8 abbastanza per mappare tutte le funzioni di base per un uso GT, rally o anche prototipo.<\/p>\n<p>I paddle sono efficaci ma piuttosto \"semplici\" al tatto, con un clic un po' secco, e alcune plastiche sulla parte anteriore del volante ricordano che non siamo nella gamma ClubSport. Rispetto al modello base a trasmissione diretta, molto pi\u00f9 costoso, tutto sembra un po' pi\u00f9 leggero e meno lussuoso. Rispetto ai volanti a cinghia della concorrenza, tuttavia, il CSL DD WRC ha un aspetto molto serio, sia sulla base che sul bordo.<\/p>\n<h2>Impostazioni, personalizzazione e compatibilit\u00e0<\/h2>\n<p>Fanatec ha prestato grande attenzione alle impostazioni. \u00c8 possibile regolare tutto direttamente dalla ruota tramite il piccolo schermo sulla base: forza generale, filtraggio, interpolazione, forza minima, smorzamento, ecc. Per chi proviene da una ruota entry-level, tutto ci\u00f2 pu\u00f2 apparire denso, ma la logica rimane chiara. Si pu\u00f2 iniziare con le preimpostazioni fornite, per poi affinarle gradualmente.<\/p>\n<p>Sui PC, il driver del pannello di controllo Fanatec consente di andare oltre e di salvare diversi profili. Questo \u00e8 utile quando si alterna un simulatore piuttosto \"grezzo\", come un grande motore fisico orientato alla simulazione hardcore, a qualcosa di pi\u00f9 arcade\/misto. Il punto interessante \u00e8 che ogni piccola regolazione ha un impatto reale: \u00e8 possibile percepire immediatamente la differenza di rigidit\u00e0 intorno al punto centrale, nel modo in cui le asperit\u00e0 si sollevano nelle mani o nella velocit\u00e0 di reazione della base.<\/p>\n<p>La curva di apprendimento \u00e8 ragionevole. Si pu\u00f2 pedalare e divertirsi quasi subito con le impostazioni predefinite, per poi perfezionarle nel corso delle ore, man mano che si capisce come cambia realmente ogni parametro. Da parte mia, trovo che questa base perdoni gli errori di impostazione: anche con una regolazione non ottimale, il ritorno di forza \u00e8 ancora utilizzabile.<\/p>\n<p>In termini di compatibilit\u00e0, questo pacchetto funziona sia con Xbox che con PC, il che apre gi\u00e0 una vasta gamma di utilizzi. Su Xbox, la filosofia \u00e8 \"lo inserisci e funziona\", anche se il controllo sulla messa a punto \u00e8 minore rispetto al PC. L'ecosistema Fanatec, invece, \u00e8 un vero e proprio punto di forza: pedali, cambi, freni a mano, volanti di ogni forma e dimensione... \u00c8 tutto molto semplice da concatenare. In pratica, si pu\u00f2 iniziare con questo pacchetto, poi aggiungere una pedaliera pi\u00f9 robusta, un volante GT o F1, quindi aggiornare gradualmente la configurazione senza dover cambiare la base. A mio parere, \u00e8 chiaramente pi\u00f9 una base durevole che un semplice punto di ingresso usa e getta.<\/p>\n<h2>Sensazioni in gioco<\/h2>\n<p>\u00c8 qui che la CSL DD WRC dimostra davvero cosa \u00e8 in grado di fare. Gli 8 Nm non sono una cifra spaventosa sulla carta, ma in pratica la coppia \u00e8 pi\u00f9 che sufficiente per trasmettere un flusso di informazioni molto pulito senza sfuggire di mano. Rispetto a un cambio di media cilindrata o a una trasmissione a cinghia, ogni microvariazione del volano \u00e8 molto pi\u00f9 nitida. Si capisce subito cosa sta facendo la macchina.<\/p>\n<p>In curva, ci\u00f2 che colpisce \u00e8 la precisione intorno al punto medio e il modo in cui la coppia aumenta gradualmente in funzione dell'angolo e del carico. Non si lotta con la base, ma la si guida. Su un circuito veloce, le transizioni tra l'appoggio a destra e a sinistra sono dirette ma non secche. Lo sterzo si ricentra con naturale fluidit\u00e0, senza la sensazione di \"mollezza\" che spesso si riscontra nei volanti a cinghia meno ben calibrati.<\/p>\n<p>La lettura dell'aderenza \u00e8 uno dei punti di forza. \u00c8 possibile percepire chiaramente quando l'avantreno inizia a slittare, quando il retrotreno si allenta o quando si supera leggermente il limite. Il Direct Drive aiuta molto in questo senso: piccole perdite di aderenza, inizio di sovrasterzo, urti che spostano leggermente l'auto, tutto torna in mano con pi\u00f9 sfumature. Non \u00e8 solo pi\u00f9 forte, \u00e8 pi\u00f9 pulito. \u00c8 qui che la base cambia davvero l'esperienza.<\/p>\n<p>I vibratori sono ben riprodotti. \u00c8 possibile percepire la consistenza, la frequenza e la relativa brutalit\u00e0, senza che diventi un martello pneumatico. Riducendo un po' l'aspetto \"ruvido\" nelle impostazioni, si pu\u00f2 ottenere qualcosa di molto realistico e piacevole: abbastanza dettagliato da posizionare le ruote con precisione, ma non cos\u00ec aggressivo da stancare gli avambracci dopo pochi giri.<\/p>\n<p>Per lunghe sessioni, la consistenza \u00e8 convincente. La base non si surriscalda e la sensazione rimane stabile. La cosa pi\u00f9 faticosa non \u00e8 il fodero in s\u00e9, ma l'intensit\u00e0 del ritorno di forza che si sceglie. Con 8 Nm utilizzati correttamente, si pu\u00f2 pedalare a lungo con un buon cockpit senza distruggere le spalle. Per le gare di campionato o per gli eventi di endurance a squadre, questo \u00e8 un vero vantaggio.<\/p>\n<p>Quando si tratta di correzioni rapide, la CSL DD risponde rapidamente, molto rapidamente. Controsterzi ad alta velocit\u00e0, recupero di un posteriore in stallo, movimenti del volante per riportare l'auto su un dosso: tutto avviene con una precisione rassicurante. L'assetto segue senza alcuna latenza percepibile, il che \u00e8 un'enorme iniezione di fiducia. \u00c8 pi\u00f9 facile osare al limite, perch\u00e9 si ha la sensazione di avere i mezzi per raggiungere la vettura.<\/p>\n<p>Rispetto a una base meno potente, tutto sembra pi\u00f9 chiaro e coerente. Non \u00e8 solo \"pi\u00f9 forte\", \u00e8 \"meglio strutturato\". Rispetto a una base pi\u00f9 potente, come un top di gamma da 10-15 Nm, perdiamo un po' in termini di brutalit\u00e0 massima e riserva di coppia per FFB molto pesanti, ma la maggior parte degli utenti non ne sentir\u00e0 la mancanza. Per una guida seria ma non estrema, gli 8 Nm sono perfettamente utilizzabili e sufficientemente coinvolgenti. La sensazione generale \u00e8 quella di una guida pi\u00f9 pulita e composta, con un livello di immersione di gran lunga superiore a quello di qualsiasi volante entry-level.<\/p>\n<h2>Per chi + Cosa ci piace \/ Cosa non ci piace<\/h2>\n<p>Questo bundle \u00e8 chiaramente rivolto ai piloti intermedi o motivati, sia su PC che su Xbox. Se si proviene da un volante a cinghia o da un modello entry-level con ingranaggi, si tratta di un passo avanti importante ma gestibile. Per un principiante completo ma serio, pu\u00f2 anche essere un primo acquisto ambizioso che non sar\u00e0 superato dopo pochi mesi. Per un simulatore gi\u00e0 ben equipaggiato su un PC con una base Direct Drive pi\u00f9 potente, \u00e8 pi\u00f9 che altro un'opzione 'ragionevole' per una seconda workstation o per un uso misto console\/PC.<\/p>\n<p>Ci\u00f2 che mi piace di pi\u00f9 \u00e8 il rapporto sensazione\/praticit\u00e0. La base \u00e8 compatta, non troppo impegnativa per l'abitacolo, ma offre un vero Direct Drive pulito e preciso. In secondo luogo, il pacchetto WRC \u00e8 coerente: il volante \u00e8 abbastanza versatile da coprire rally, GT, turismo e persino un po' di corse in monoposto senza dare l'impressione di essere irrilevante. Infine, l'integrazione nell'ecosistema Fanatec \u00e8 un vero punto di forza: si investe in una piattaforma che si pu\u00f2 migliorare nel tempo, senza cambiare tutto in una volta.<\/p>\n<p>Tuttavia, ci sono dei limiti. Il volante WRC, anche se si comporta bene, manca della sensazione di \"lusso\" e della ricchezza di funzionalit\u00e0 di una corona di fascia pi\u00f9 alta: il rivestimento, i paddle e alcune plastiche ricordano che si tratta comunque di un bundle progettato per il prezzo. Per la maggior parte degli utenti, gli 8 Nm di potenza sono pi\u00f9 che sufficienti, ma per chi punta alla massima immersione con FFB molto pesanti e all'uso esclusivo di simulatori hardcore, una base pi\u00f9 potente finir\u00e0 per sembrare pi\u00f9 appropriata. Infine, l'ecosistema Fanatec ha un prezzo: ogni aggiornamento (nuovo volante, guarnitura di fascia pi\u00f9 alta, cambio) rappresenta un investimento significativo, anche se la base stessa \u00e8 un buon punto di ingresso.<\/p>\n<p>In termini di valore percepito, si tratta chiaramente di un prodotto che si colloca a cavallo tra la fascia media e il \"finto top di gamma\": il prezzo d'ingresso non \u00e8 irrilevante, ma la qualit\u00e0 delle sensazioni e l'apparente durata giustificano l'investimento per chi vuole davvero dedicarsi alle corse simulate.<\/p>\n<h2>Il verdetto<\/h2>\n<p>Il volante Fanatec CSL DD Racing Wheel WRC per Xbox e PC (8 Nm) \u00e8 una vera e propria svolta rispetto ai volanti tradizionali. In un'unica configurazione, offre precisione, un feedback di forza pulito e un'immersivit\u00e0 che fa da traino a tutto il resto. Anche con una pedaliera media e un cockpit semplice, questa base rivela la fisica dei giochi in modo molto pi\u00f9 raffinato.<\/p>\n<p>Sul mercato, si posiziona chiaramente come soluzione \"+\" di fascia media: al di sopra di qualsiasi cosa con una cinghia convenzionale, ma al di sotto dei grandi mostri a trasmissione diretta della concorrenza pura. \u00c8 un equilibrio molto interessante per un uso regolare e serio, senza esagerare.<\/p>\n<p>Lo consiglio ai giocatori Xbox e PC che vogliono portare il loro gioco a un livello superiore, senza sacrificare la compatibilit\u00e0 con le console e senza spendere subito il loro budget per una configurazione estrema. Per un principiante occasionale o per chi cerca un semplice volante \"divertente\", probabilmente sar\u00e0 troppo costoso e troppo ambizioso. Per un pilota gi\u00e0 dotato di una base DD pi\u00f9 muscolosa solo per PC, questo bundle sar\u00e0 pi\u00f9 un'opzione secondaria che un aggiornamento.<\/p>\n<p>Se state cercando di entrare seriamente nel mondo del Direct Drive con un pacchetto coerente, aggiornabile e compatibile con Xbox\/PC, questo prodotto potrebbe chiaramente fare la differenza nella vostra configurazione.<\/p>","protected":false},"excerpt":{"rendered":"<p>Questo bundle mi ha dato la sensazione di un vero salto di qualit\u00e0 nel force feedback, con una guida pi\u00f9 leggibile e composta rispetto ai volanti \"tradizionali\". \u00c8 rivolto soprattutto ai giocatori Xbox\/PC motivati che vogliono fare il loro primo vero investimento duraturo nel Direct Drive, senza puntare alla competizione estrema. L'intero pacchetto rimane coerente e rilevante per una configurazione in evoluzione.<\/p>","protected":false},"featured_media":100892,"comment_status":"open","ping_status":"closed","template":"","meta":{"_acf_changed":false,"_et_pb_use_builder":"","_et_pb_old_content":"","_et_gb_content_width":""},"product_brand":[158],"product_cat":[161,173,170,169],"product_tag":[149,160],"class_list":{"0":"post-100891","1":"product","2":"type-product","3":"status-publish","4":"has-post-thumbnail","6":"product_brand-fanatec","7":"product_cat-volant","8":"product_cat-volants-fanatec","9":"product_cat-volants-xbox-one","10":"product_cat-volants-xbox-series-x-s","11":"product_tag-pc","12":"product_tag-xbox","14":"first","15":"instock","16":"shipping-taxable","17":"product-type-external"},"acf":[],"_links":{"self":[{"href":"https:\/\/simracergear.com\/it\/wp-json\/wp\/v2\/product\/100891","targetHints":{"allow":["GET"]}}],"collection":[{"href":"https:\/\/simracergear.com\/it\/wp-json\/wp\/v2\/product"}],"about":[{"href":"https:\/\/simracergear.com\/it\/wp-json\/wp\/v2\/types\/product"}],"replies":[{"embeddable":true,"href":"https:\/\/simracergear.com\/it\/wp-json\/wp\/v2\/comments?post=100891"}],"wp:featuredmedia":[{"embeddable":true,"href":"https:\/\/simracergear.com\/it\/wp-json\/wp\/v2\/media\/100892"}],"wp:attachment":[{"href":"https:\/\/simracergear.com\/it\/wp-json\/wp\/v2\/media?parent=100891"}],"wp:term":[{"taxonomy":"product_brand","embeddable":true,"href":"https:\/\/simracergear.com\/it\/wp-json\/wp\/v2\/product_brand?post=100891"},{"taxonomy":"product_cat","embeddable":true,"href":"https:\/\/simracergear.com\/it\/wp-json\/wp\/v2\/product_cat?post=100891"},{"taxonomy":"product_tag","embeddable":true,"href":"https:\/\/simracergear.com\/it\/wp-json\/wp\/v2\/product_tag?post=100891"}],"curies":[{"name":"wp","href":"https:\/\/api.w.org\/{rel}","templated":true}]}}