{"id":100899,"date":"2025-05-15T07:55:00","date_gmt":"2025-05-15T07:55:00","guid":{"rendered":"https:\/\/simracergear.com\/products\/fanatec-csl-dd-ready2race-bmw-bundle-for-pc-5-nm\/"},"modified":"2025-11-28T04:45:49","modified_gmt":"2025-11-28T04:45:49","slug":"fanatec-csl-dd-ready2race-bmw-bundle-for-pc-5-nm","status":"publish","type":"product","link":"https:\/\/simracergear.com\/it\/products\/fanatec-csl-dd-ready2race-bmw-bundle-for-pc-5-nm\/","title":{"rendered":"Fanatec CSL DD Ready2Race BMW per PC (5 Nm)"},"content":{"rendered":"<h2>Pacchetto Fanatec CSL DD Ready2Race BMW: un vero e proprio punto d'ingresso nell'azionamento diretto<\/h2>\n<p>Il bundle Fanatec CSL DD Ready2Race BMW per PC (5 Nm) si rivolge a una nicchia molto specifica: offrire un'esperienza di guida diretta completa, pronta all'uso, senza far esplodere il budget o affogare il giocatore nella tecnologia. \u00c8 un pacchetto pensato per chi proviene da un volante a cinghia o a ingranaggi e vuole passare a qualcosa di pi\u00f9 serio, senza passare direttamente alla fascia alta del mercato.<\/p>\n<p>Sulla carta, questo pacchetto promette un accesso \"chiavi in mano\" al Direct Drive: 5Nm CSL DD di base, volante BMW visivamente molto pulito, pedali entry-level coerenti, solida compatibilit\u00e0 con il PC e soprattutto l'ecosistema Fanatec alle spalle. L'idea \u00e8 semplice: si collega, si impostano alcuni parametri e si parte. Non c'\u00e8 bisogno di assemblare la configurazione pezzo per pezzo.<\/p>\n<p>Il mio obiettivo nel testare questo bundle: vedere se regge davvero come prima configurazione di sim racing seria, valutare la qualit\u00e0 delle sensazioni di force feedback rispetto a soluzioni pi\u00f9 basilari e giudicare fino a che punto questo pacchetto pu\u00f2 supportare un giocatore che sta progredendo, senza limitarlo dopo poche settimane. L'obiettivo non \u00e8 solo l'effetto \"wow\" del Direct Drive, ma la capacit\u00e0 di guidare a lungo, in modo pulito, con la certezza di ci\u00f2 che si prova al volante.<\/p>\n<h2>Design e fabbricazione: un serio mix di metallo e plastica<\/h2>\n<p>Nonostante le dimensioni compatte, la base CSL DD \u00e8 visivamente impressionante. Il corpo in alluminio con le sue alette di raffreddamento d\u00e0 immediatamente un'impressione di densit\u00e0 e rigidit\u00e0. Si ha davvero l'impressione di avere in mano una vera unit\u00e0 tecnica, non un semplice giocattolo. Posto su un pozzetto o su un supporto solido, nulla si muove, nulla si incrina. Il Direct Drive \u00e8 logicamente accompagnato da una costruzione pi\u00f9 seria, e si sente.<\/p>\n<p>Il volante BMW in bundle \u00e8 pi\u00f9 sobrio rispetto ad alcuni modelli top di gamma del marchio, ma \u00e8 comunque molto piacevole da impugnare. Il rivestimento \u00e8 corretto, l'impugnatura confortevole e il diametro adatto a un uso universale (pista, GT, rally occasionale). I pulsanti sono facili da usare e il posizionamento generale \u00e8 intuitivo. Non ci si perde a cercare una funzione, nemmeno nel bel mezzo di un'azione.<\/p>\n<p>La qualit\u00e0 percepita \u00e8 buona per questo segmento. Non \u00e8 un volante Clubsport o Podium, ma \u00e8 ben al di sopra di quello che si trova generalmente nei pacchetti \"mainstream\". La plastica \u00e8 ben assemblata, i rotori scattano in modo pulito e non si avverte alcuna sensazione di vuoto quando lo si impugna per la prima volta. Si ha la sensazione che il pacchetto sia stato progettato per durare pi\u00f9 di qualche mese.<\/p>\n<p>La guarnitura \u00e8 la parte che mostra maggiormente i suoi limiti visivi e tattili. \u00c8 una struttura semplice, essenzialmente in metallo e plastica pressata, senza cella di carico per il freno in questa configurazione di base. Fa il suo lavoro, ma \u00e8 chiaramente la parte meno pregiata del gruppo. Quando si frena, funziona, ma si ha l'immediata sensazione che si tratti di un'area che deve essere migliorata se si diventa davvero esigenti in fatto di frenata.<\/p>\n<p>Rispetto a un set di volani a cinghia o a ingranaggi entry-level, questo pacchetto rappresenta un passo avanti in termini di seriet\u00e0 complessiva. \u00c8 un prodotto che ispira fiducia a lungo termine, purch\u00e9 sia montato su una base rigida. Montato su una scrivania leggera, la base \u00e8 cos\u00ec rigida che \u00e8 il supporto a diventare il limite.<\/p>\n<h2>Impostazioni, personalizzazione e compatibilit\u00e0: accessibile ma completo<\/h2>\n<p>Fanatec ha fatto un buon lavoro nell'inquadrare l'esperienza in termini di impostazioni. Sulla base, lo schermo e i pulsanti consentono di regolare rapidamente alcuni parametri chiave: forza complessiva, filtraggio, linearit\u00e0 del ritorno di forza, ecc. Le preimpostazioni integrate per alcuni giochi aiutano a iniziare senza impantanarsi. Le preimpostazioni integrate per alcuni giochi aiutano a iniziare senza impantanarsi. Le impostazioni di base sono giuste e si pu\u00f2 pedalare molto rapidamente.<\/p>\n<p>Il software Fanatec per PC consente di effettuare impostazioni pi\u00f9 precise: intensit\u00e0 del FFB, rigidit\u00e0 dello sterzo intorno al centro, effetti aggiuntivi, smussamento del segnale. Sono opzioni che permettono di adattare il comportamento al proprio stile: pi\u00f9 grezzo per chi vuole sentire tutto, pi\u00f9 filtrato per chi preferisce il comfort e meno vibrazioni parassite. La curva di apprendimento \u00e8 ragionevole: basta qualche sessione di prova per capire come funziona, anche se non si \u00e8 ingegneri.<\/p>\n<p>La personalizzazione dei pulsanti sul volante dipende molto dal gioco, ma il layout rimane sufficientemente standard per coprire tutte le funzioni abituali: limitatore dei box, radio, miscela di carburante, controllo della trazione, cambio di pagina dell'HUD e cos\u00ec via. Non stiamo parlando di un volante superaccessoriato come i modelli molto orientati alla GT3, ma per un bundle multiuso il bilanciamento \u00e8 buono.<\/p>\n<p>In termini di compatibilit\u00e0, questo bundle \u00e8 chiaramente orientato al PC. I principali giochi di simulazione di corse sono gestiti bene, il riconoscimento \u00e8 pulito e la maggior parte delle volte l'hardware viene rilevato e mappato senza problemi. Per le console, \u00e8 necessario verificare la compatibilit\u00e0 della base e del modello esatto, ma questo pacchetto in particolare si concentra sull'uso del PC.<\/p>\n<p>L'ecosistema Fanatec svolge un ruolo importante. Volanti aggiuntivi, cambi, freni a mano, guarniture pi\u00f9 avanzate: tutto pu\u00f2 essere aggiunto intorno a questa base. \u00c8 qui che iniziamo a vedere l'aspetto del \"punto di ingresso sostenibile\". Si pu\u00f2 iniziare con questo pacchetto, poi aggiornare gradualmente la guarnitura, aggiungere un cambio, cambiare il volante per un uso pi\u00f9 specifico, mantenendo la stessa base CSL DD. Da questo punto di vista, il fodero da 5Nm pu\u00f2 rimanere a lungo al centro di una configurazione di livello intermedio.<\/p>\n<h2>Sensazioni in gioco: Direct Drive \u00e8 accessibile, ma \u00e8 gi\u00e0 una cosa seria.<\/h2>\n<p>La credibilit\u00e0 di questo pacchetto risiede nell'esperienza di guida. Passare alla trasmissione diretta, anche \"solo\" con 5 Nm, cambia chiaramente la percezione dell'auto. Ci\u00f2 che colpisce immediatamente \u00e8 la pulizia del segnale. Il volante non fa \"chattering\", non vibra senza motivo e non sembra un elastico, come spesso accade con le trasmissioni a cinghia.<\/p>\n<p>La precisione intorno al punto centrale \u00e8 particolarmente piacevole. \u00c8 possibile percepire chiaramente le piccole correzioni della traiettoria, gli effetti del rilievo della pista e le micro variazioni di aderenza. In una curva veloce, \u00e8 facile capire se l'auto galleggia leggermente, se il retrotreno inizia a perdere peso o se l'avantreno cerca aderenza. Si capisce subito cosa sta facendo la macchina. \u00c8 qui che la base cambia davvero l'esperienza.<\/p>\n<p>Nei vibratori, la sensazione \u00e8 nitida e pulita, ma non dura. Si sente il rilievo, la consistenza, senza che i polsi si rompano. Con 5 Nm, non stiamo parlando di violenza fisica, ma di un'intensit\u00e0 sufficiente per ottenere un vero ritorno sportivo. Giro dopo giro su un circuito molto accidentato, il volante rimane di facile lettura: si possono distinguere le asperit\u00e0 della pista, le vibrazioni, la perdita di aderenza, senza che tutto si confonda in un'unica grande confusione.<\/p>\n<p>Il feedback sull'aderenza \u00e8 un punto di forza di questo livello della gamma. Si percepisce bene quando l'auto inizia a perdere aderenza, sia all'anteriore in frenata che in accelerazione in uscita da una curva. Le correzioni rapide avvengono in modo del tutto naturale, poich\u00e9 la base invia immediatamente informazioni sul movimento del retrotreno. Il controsterzo \u00e8 pi\u00f9 preciso e controllato. Si ha meno la sensazione di \"correggere troppo\" senza sapere dove si sta andando.<\/p>\n<p>Per lunghe sessioni, la costanza \u00e8 all'ordine del giorno. Nessun surriscaldamento evidente, nessun cambiamento di comportamento dopo un po'. I 5 Nm rimangono presenti e stabili. La fatica deriva pi\u00f9 dall'intensit\u00e0 della sessione che dall'apparecchiatura stessa. Per un uso regolare, questo \u00e8 un aspetto positivo: \u00e8 possibile mettere insieme diversi giri senza che il volante diventi scomodo.<\/p>\n<p>Rispetto a una base meno potente, come una trasmissione a cinghia o a ingranaggi entry-level, il salto qualitativo \u00e8 tanto nella finezza quanto nella forza bruta. Non \u00e8 solo pi\u00f9 forte, \u00e8 anche pi\u00f9 pulito e chiaro. Il volante restituisce esattamente ci\u00f2 che il gioco invia, senza l'intermediazione di una cinghia che smussa tutto. Ci si sente pi\u00f9 connessi all'auto.<\/p>\n<p>Rispetto a una base pi\u00f9 potente (8 Nm, 10 Nm o pi\u00f9), si avverte ovviamente il limite di 5 Nm quando si inizia a voler guidare in modo molto pesante nell'endurance o in simulazioni molto impegnative. Il margine di coppia massima \u00e8 pi\u00f9 limitato, soprattutto se vi piace guidare con forze elevate. Ma per la maggior parte dei giocatori di PC che guidano GT, touring o monoposto leggere, la potenza \u00e8 comunque pi\u00f9 che sufficiente. \u00c8 possibile guidare in modo impegnato senza avere la sensazione che l'hardware limiti l'esperienza, a patto che non si cerchi di simulare un volante GT3 ultrapesante.<\/p>\n<p>Nel complesso, il pacchetto funziona molto bene. Il volante trasmette sicurezza e si ha il coraggio di frenare pi\u00f9 tardi e di avvicinarsi ai limiti, perch\u00e9 si possono leggere meglio le reazioni del telaio. C'\u00e8 anche la sensazione soddisfacente di avere tra le mani un equipaggiamento \"serio\", anche se siamo ancora in un segmento economico del mondo della trazione diretta.<\/p>\n<h2>Per chi \u00e8? Cosa ci piace e cosa non ci piace<\/h2>\n<p>Questo bundle \u00e8 chiaramente rivolto ai giocatori PC che vogliono fare un netto passo avanti rispetto a un volante entry-level, senza fare un investimento spropositato. Che si tratti di un principiante motivato, di un intermediario gi\u00e0 appassionato di simulazioni GT\/F1\/endurance o di un pilota occasionale che desidera una configurazione credibile per la guida serale: il profilo ideale \u00e8 quello di chi prende sul serio le corse simulate, ma non ha bisogno di una base di oltre 10 Nm per essere felice.<\/p>\n<p>Ci\u00f2 che mi piace particolarmente di questo pacchetto \u00e8 la sua coerenza complessiva. In primo luogo, il Direct Drive 5 Nm offre un ottimo compromesso tra intensit\u00e0 e controllo: abbastanza potente da dare una sensazione di sportivit\u00e0, ma non cos\u00ec tanto da diventare estenuante o da richiedere un abitacolo rivestito in acciaio. In secondo luogo, la precisione del feedback \u00e8 davvero soddisfacente per questa fascia di prezzo: la lettura dell'aderenza, la chiarezza intorno al punto medio e la fedelt\u00e0 dei vibratori rendono la guida pi\u00f9 pulita. Infine, l'ecosistema Fanatec offre una reale prospettiva di sviluppo: \u00e8 possibile mantenere questa base e sviluppare gradualmente il resto della configurazione (pedali, volante, cambio) senza partire da zero.<\/p>\n<p>Tuttavia, ci sono dei limiti da tenere in considerazione. La guarnitura fornita in questo pacchetto \u00e8 decente, ma non all'altezza delle altre. La mancanza di una cella di carico sul freno riduce la finezza del dosaggio, soprattutto se si vuole lavorare sul controllo della frenata. \u00c8 utilizzabile, ma si ha la sensazione che prima o poi sar\u00e0 necessario un aggiornamento. Anche la potenza di 5 Nm pu\u00f2 sembrare un po' bassa per chi ama le forze molto elevate o per chi punta a un livello molto avanzato, soprattutto nell'endurance o nelle simulazioni molto avanzate. Non \u00e8 una base che soddisfer\u00e0 a lungo i motociclisti ultra esigenti in fatto di potenza pura. Un ultimo punto: l'aspetto esclusivamente PC limita in qualche modo la versatilit\u00e0 per chi cerca una configurazione ibrida PC + console. Per un uso strettamente PC, questo non \u00e8 un problema; altrimenti, \u00e8 necessario verificare la compatibilit\u00e0 prima dell'acquisto.<\/p>\n<p>In termini di valore percepito, si tratta di un investimento solido per un giocatore che vuole dedicarsi seriamente alle corse simulate. Il prezzo \u00e8 ancora elevato rispetto ai pacchetti di massa, ma i vantaggi in termini di sensazioni, precisione e possibilit\u00e0 di aggiornamento giustificano chiaramente la differenza per chi ha intenzione di utilizzare regolarmente la propria configurazione.<\/p>\n<h2>Verdetto: un eccellente trampolino di lancio verso le corse simulate serie<\/h2>\n<p>Il bundle Fanatec CSL DD Ready2Race BMW per PC (5 Nm) cambia qualcosa di fondamentale in una configurazione: sostituisce il \"giocattolo migliorato\" con un vero e proprio strumento di guida, senza spingersi in territori hardware estremi. La base Direct Drive 5 Nm funge da spina dorsale credibile per una configurazione di livello intermedio, mentre il resto del bundle consente di guidare immediatamente con un pacchetto coerente.<\/p>\n<p>Sul mercato, questo pacco si colloca chiaramente nella fascia media: pi\u00f9 serio e pulito delle soluzioni a cinghia entry-level, meno radicale e meno costoso dei grandi Direct Drive premium. \u00c8 un punto di equilibrio interessante per chi vuole andare oltre il semplice hobby occasionale.<\/p>\n<p>La consiglierei ai giocatori di PC che desiderano la loro prima vera configurazione Direct Drive, con l'idea di progredire ed eventualmente aggiornare alcune parti (soprattutto la guarnitura) in seguito. Se siete gi\u00e0 molto esperti e sapete di volere molta coppia e una guarnitura al top della gamma, farete meglio a scegliere una base pi\u00f9 potente e una guarnitura pi\u00f9 avanzata.<\/p>\n<p>Se state cercando di fare sul serio con Direct Drive, con un pacchetto coerente, scalabile e divertente da usare quotidianamente, questo prodotto pu\u00f2 chiaramente fare la differenza nella vostra configurazione.&lt;\/final<\/p>","protected":false},"excerpt":{"rendered":"<p>Questo bundle mi ha dato la sensazione di passare da un \"buon volante\" a un vero strumento di guida, con un feedback molto pi\u00f9 chiaro e utilizzabile. \u00c8 pi\u00f9 adatto ai giocatori di PC che vogliono fare un serio passo avanti nelle corse simulate senza puntare immediatamente alla fascia alta del mercato. L'intero pacchetto offre una base solida e aggiornabile, nonostante una pedaliera migliorabile.<\/p>","protected":false},"featured_media":100900,"comment_status":"open","ping_status":"closed","template":"","meta":{"_acf_changed":false,"_et_pb_use_builder":"","_et_pb_old_content":"","_et_gb_content_width":""},"product_brand":[158],"product_cat":[161,173],"product_tag":[149],"class_list":{"0":"post-100899","1":"product","2":"type-product","3":"status-publish","4":"has-post-thumbnail","6":"product_brand-fanatec","7":"product_cat-volant","8":"product_cat-volants-fanatec","9":"product_tag-pc","11":"first","12":"instock","13":"shipping-taxable","14":"product-type-external"},"acf":[],"_links":{"self":[{"href":"https:\/\/simracergear.com\/it\/wp-json\/wp\/v2\/product\/100899","targetHints":{"allow":["GET"]}}],"collection":[{"href":"https:\/\/simracergear.com\/it\/wp-json\/wp\/v2\/product"}],"about":[{"href":"https:\/\/simracergear.com\/it\/wp-json\/wp\/v2\/types\/product"}],"replies":[{"embeddable":true,"href":"https:\/\/simracergear.com\/it\/wp-json\/wp\/v2\/comments?post=100899"}],"wp:featuredmedia":[{"embeddable":true,"href":"https:\/\/simracergear.com\/it\/wp-json\/wp\/v2\/media\/100900"}],"wp:attachment":[{"href":"https:\/\/simracergear.com\/it\/wp-json\/wp\/v2\/media?parent=100899"}],"wp:term":[{"taxonomy":"product_brand","embeddable":true,"href":"https:\/\/simracergear.com\/it\/wp-json\/wp\/v2\/product_brand?post=100899"},{"taxonomy":"product_cat","embeddable":true,"href":"https:\/\/simracergear.com\/it\/wp-json\/wp\/v2\/product_cat?post=100899"},{"taxonomy":"product_tag","embeddable":true,"href":"https:\/\/simracergear.com\/it\/wp-json\/wp\/v2\/product_tag?post=100899"}],"curies":[{"name":"wp","href":"https:\/\/api.w.org\/{rel}","templated":true}]}}