{"id":100919,"date":"2025-05-15T07:55:00","date_gmt":"2025-05-15T07:55:00","guid":{"rendered":"https:\/\/simracergear.com\/products\/fanatec-csl-dd-ready2race-bundle-for-pc-5-nm\/"},"modified":"2025-11-28T08:51:28","modified_gmt":"2025-11-28T08:51:28","slug":"fanatec-csl-dd-ready2race-bundle-for-pc-5-nm","status":"publish","type":"product","link":"https:\/\/simracergear.com\/it\/products\/fanatec-csl-dd-ready2race-bundle-for-pc-5-nm\/","title":{"rendered":"Pacchetto Ready2Race Fanatec CSL DD per PC (5 Nm)"},"content":{"rendered":"<h2>Fanatec CSL DD Ready2Race Bundle per PC (5 Nm): recensione completa dopo l'uso<\/h2>\n<p>Il Fanatec CSL DD Ready2Race Bundle per PC (5 Nm) si propone come punto di ingresso \"serio\" nel mondo della trasmissione diretta. Si tratta chiaramente di un pacchetto progettato per coloro che desiderano fare un passo importante rispetto ai volani a cinghia o a ingranaggi, senza dover spendere un patrimonio o immergersi in una fabbrica di gas di configurazione.<\/p>\n<p>Questo bundle promette soprattutto una cosa: offrire le tipiche sensazioni del Direct Drive (precisione, reattivit\u00e0, dettagli) in un formato compatto e relativamente accessibile, pronto per essere utilizzato su un PC. Si tratta di una base CSL DD 5 Nm, di un volante della gamma CSL e di una pedaliera, tutti progettati per funzionare insieme senza problemi.<\/p>\n<p>Il mio punto di vista \u00e8 semplice: questo pacchetto fa davvero una netta differenza in termini di sensazioni, controllo e piacere di guida rispetto a un setup entry-level? \u00c8 in grado di reggere bene per un giocatore con un po' di esperienza che vuole salire di livello, o \u00e8 pi\u00f9 un prodotto di transizione che si supera troppo in fretta? Mi sto concentrando sulla sensazione, sulla coerenza del pacchetto e sul valore reale che apporta a una configurazione del PC orientata alle corse simulate serie, ma non estreme.<\/p>\n<h2>Design, produzione e stampa di qualit\u00e0<\/h2>\n<p>Visivamente, la base del CSL DD ha un aspetto compatto da \"blocco di alluminio\". Il telaio interamente in metallo, con le sue alette di raffreddamento, d\u00e0 immediatamente una sensazione di rigidit\u00e0 e seriet\u00e0. In mano, la densit\u00e0 \u00e8 evidente: si ha la sensazione di un prodotto progettato per durare nel tempo, senza parti vuote o dal suono dozzinale sulla base stessa. \u00c8 pulito, sobrio e funzionale.<\/p>\n<p>Il volante fornito in bundle (generalmente un modello CSL, con licenza a seconda della versione) \u00e8 un po' meno pregiato in confronto. La costruzione \u00e8 pi\u00f9 leggera, con una miscela di plastica di buona qualit\u00e0 e talvolta gomma o finta pelle. La presa \u00e8 discreta e i pulsanti sono facili da usare, ma non \u00e8 all'altezza di un volante ClubSport pi\u00f9 costoso. Per un pacchetto \"pronto per la guida\" \u00e8 comunque ragionevole, soprattutto per una prima configurazione Direct Drive.<\/p>\n<p>La guarnitura CSL \u00e8 semplice, metallica e piuttosto rigida per la sua gamma. Il pedale del freno a cella di carico non \u00e8 sempre incluso di serie, a seconda della configurazione esatta, ma anche nella versione standard la base \u00e8 solida: nessuna flessione preoccupante, montaggio solido del pedale, sensazione meccanica pulita. \u00c8 ben lontano dai pedali giocattolo che si piegano in caso di frenate brusche.<\/p>\n<p>La cosa pi\u00f9 sorprendente \u00e8 il contrasto tra la base, che \u00e8 molto \"seria\" nella sua costruzione, e il resto del pacchetto, che \u00e8 pi\u00f9 conveniente. Non c'\u00e8 nulla di sconvolgente nel prezzo, ma si pu\u00f2 dire che la star del pacchetto \u00e8 il motore Direct Drive. Rispetto alle soluzioni con trasmissione a cinghia di pari fascia, la CSL DD d\u00e0 chiaramente l'impressione di un equipaggiamento di fascia pi\u00f9 alta sul lato base, anche se il volante e la pedaliera rimangono in una logica entry\/midrange ben ottimizzata.<\/p>\n<h2>Impostazioni, personalizzazione e compatibilit\u00e0<\/h2>\n<p>Sul PC, il cuore dell'esperienza di messa a punto \u00e8 il software Fanatec (Fanalab + driver). L'interfaccia \u00e8 abbastanza chiara, con schede per la base, il volante e i pedali. Le preimpostazioni di base funzionano gi\u00e0 bene per i giochi principali, quindi si pu\u00f2 procedere molto rapidamente senza perdersi nei menu. Per chi non conosce Logitech o Thrustmaster, la curva di apprendimento \u00e8 ragionevole.<\/p>\n<p>Le impostazioni veramente utili nel quotidiano: la forza complessiva del FFB, il filtro, la linearit\u00e0, lo smorzatore, la forza di effetti come vibratori e impatti e, naturalmente, l'assegnazione dei pulsanti. Sulla base stessa, lo schermo e i pulsanti consentono di modificare alcuni parametri al volo, senza dover tornare al desktop. Questo \u00e8 utile quando si vuole regolare l'intensit\u00e0 del feedback dal vivo dopo alcuni round.<\/p>\n<p>La personalizzazione dei pedali rimane pi\u00f9 limitata in magazzino, soprattutto se il bundle include la versione senza cella di carico. \u00c8 possibile regolare la posizione e l'angolazione dei pedali, nonch\u00e9 la durezza degli elastomeri, ma non si tratta di una guarnitura altamente configurabile dal punto di vista meccanico. D'altra parte, con l'upgrade del freno a cella di carico (se aggiunto alla configurazione), si guadagna in finezza e regolazione della pressione, il che cambia chiaramente il modo di frenare.<\/p>\n<p>In termini di compatibilit\u00e0, questo bundle \u00e8 destinato ai PC. Su questa piattaforma, l'ecosistema Fanatec \u00e8 un grande vantaggio: si pu\u00f2 cambiare il volante (F1, GT, rally...), aggiungere un cambio, un freno a mano, una nuova pedaliera di fascia pi\u00f9 alta, senza cambiare la base. La CSL DD diventa quindi il fulcro di un allestimento aggiornabile. Per me, questo \u00e8 chiaramente un punto di forza: si pu\u00f2 iniziare con questo pacchetto e poi aggiornare pezzo per pezzo nel tempo.<\/p>\n<p>In termini di durata dell'assetto, vedo questa base di 5 Nm come un punto di ingresso davvero solido nel Direct Drive. Si pu\u00f2 mantenere per molto tempo, soprattutto se si pedala senza un attacco ultra-rigido o con un cockpit leggero. Il giorno in cui vorrete pi\u00f9 coppia, il resto dell'ecosistema potr\u00e0 seguirvi, ma non vi sentirete obbligati a cambiare tutto immediatamente.<\/p>\n<h2>Sensazioni di gioco: cosa cambia davvero con il CSL DD 5 Nm<\/h2>\n<p>Una volta in pista, la differenza con un volano a cinghia o a ingranaggi di portata equivalente \u00e8 immediatamente evidente. La prima cosa che salta all'occhio \u00e8 la pulizia del segnale. Il ritorno di forza \u00e8 chiaro, preciso, senza alcuna latenza percepibile. L'auto \"parla\" pi\u00f9 chiaramente. Si ha una migliore percezione di ci\u00f2 che accade sotto i pneumatici, anche con una forza di 5 Nm, che \u00e8 ancora moderata per la trasmissione diretta.<\/p>\n<p>In curva, la base trasmette molto bene nel momento in cui l'anteriore inizia a saturarsi. Lo sterzo diventa progressivamente pi\u00f9 leggero e la perdita di aderenza diventa evidente. Non \u00e8 solo una questione di forza bruta, ma di variazione della forza. \u00c8 qui che il Direct Drive si fa notare: piccole variazioni di carico, trasferimenti sottili, tutto diventa pi\u00f9 facile da interpretare.<\/p>\n<p>Quando si parla di vibratori, il CSL DD fa un grande balzo in avanti rispetto ai volanti entry-level. \u00c8 possibile percepire distintamente la consistenza, il rilievo e la frequenza delle oscillazioni. I vibratori aggressivi scuotono il volante in modo realistico, senza alcuna vibrazione \"sporca\" o artificiale. Non si ha la sensazione di un motore che si forza meccanicamente e batte alla fine di una gara. \u00c8 controllata, pulita e piacevole, anche quando colpisce un po' forte.<\/p>\n<p>Quando si tratta di leggere l'aderenza, soprattutto su auto a trazione posteriore o nervose, la base d\u00e0 vera fiducia. Quando il posteriore inizia a stallare, le microcorrezioni sul volante diventano pi\u00f9 efficaci, perch\u00e9 la base segue immediatamente senza inerzia. \u00c8 possibile afferrare una scivolata, tenerla, correggerla, senza avere la sensazione di lottare contro l'hardware. Non \u00e8 solo pi\u00f9 realistico, \u00e8 anche pi\u00f9 rilassante dal punto di vista mentale.<\/p>\n<p>Nelle lunghe sessioni, questa coppia di 5 Nm ha un vantaggio: \u00e8 meno faticosa rispetto ai foderi pi\u00f9 potenti che tendono a essere impostati troppo in alto all'inizio. \u00c8 possibile pedalare a lungo e mantenere una buona precisione senza bruciarsi gli avambracci. La consistenza \u00e8 buona e non ho avvertito alcun calo di prestazioni o un fastidioso riscaldamento della base. Si ha l'impressione che il sistema sia stato progettato per funzionare per diverse ore senza problemi.<\/p>\n<p>In termini di correzioni rapide, il CSL DD segue perfettamente gli input. Quando si deve controsterzare bruscamente in uscita da una curva o recuperare un'auto che esce sul bagnato, la base risponde immediatamente, senza ritardi. La sensazione di controllo \u00e8 molto chiara. \u00c8 qui che la differenza con un volante a cinghia di fascia media \u00e8 pi\u00f9 evidente: c'\u00e8 meno confusione tra ci\u00f2 che volete fare e ci\u00f2 che la base vi rimanda.<\/p>\n<p>Rispetto a una base pi\u00f9 potente (8 Nm, 10 Nm e oltre), il CSL DD 5 Nm \u00e8 inevitabilmente meno impressionante in termini di forza bruta. Non si avverte cos\u00ec tanto la violenza dei grandi colpi o degli impatti. Ma per un uso tipico da \"simracer a casa\" con un cockpit medio, \u00e8 anche pi\u00f9 facile operare a 100 %. Si perde meno tempo ad abbassare le impostazioni per evitare che la scrivania o l'abitacolo si spostino. Si guadagna in accessibilit\u00e0 senza sacrificare la finezza del segnale.<\/p>\n<p>Alla fine, la sensazione di guida \u00e8 chiara: si guadagna in immersione, fiducia e leggibilit\u00e0 del comportamento dell'auto, soprattutto se si proviene da un volante pi\u00f9 semplice. Si capisce subito cosa sta facendo l'auto. \u00c8 qui che la base cambia davvero l'esperienza.<\/p>\n<h2>A chi \u00e8 rivolto? Punti di forza e limiti del pacchetto<\/h2>\n<p>Questo pacchetto si rivolge principalmente a due profili: il principiante motivato che vuole passare direttamente al Direct Drive piuttosto che a un volante entry-level, e il simulatore di PC intermedio che guida gi\u00e0 regolarmente e vuole fare un passo avanti in termini di sensazioni senza arrivare alla fascia molto alta. Se il vostro obiettivo \u00e8 quello di guidare principalmente su PC, con una configurazione in evoluzione e coerente, questo pacchetto ha senso.<\/p>\n<p>Ci\u00f2 che apprezzo di pi\u00f9 \u00e8 innanzitutto la qualit\u00e0 della base stessa: per 5Nm, il ritorno di forza \u00e8 straordinariamente pulito, con una finezza di dettagli che cambia chiaramente la comprensione della presa. Poi c'\u00e8 la consistenza della confezione: si disimballa, si assembla, si installano i driver e si ottiene una configurazione giocabile e ad alte prestazioni senza dover passare ore a cercarla. Infine, la compatibilit\u00e0 con l'ecosistema Fanatec lo rende un vero e proprio investimento a lungo termine: si pu\u00f2 tenere la base e aggiornare in seguito volante, pedali e accessori.<\/p>\n<p>Ci sono tuttavia alcune limitazioni da tenere presenti. Il primo \u00e8 che il volante e i pedali in dotazione hanno ancora un buon rapporto qualit\u00e0-prezzo: decenti, funzionali, ma non all'altezza del livello di realismo che la base pu\u00f2 gestire. \u00c8 chiaro che in queste due aree c'\u00e8 margine di miglioramento. In secondo luogo, la coppia di 5Nm, anche se usata molto bene, non dar\u00e0 la stessa \"violenza\" o autorit\u00e0 di una base da 8-10Nm per chi cerca una sensazione davvero potente. Infine, per sfruttare appieno il potenziale del Direct Drive, \u00e8 necessario un cockpit solido: su una semplice scrivania o su un supporto leggero, si perde parte del vantaggio e il prodotto pu\u00f2 vibrare un po'.<\/p>\n<p>In termini di valore percepito, vedo questo pacchetto come un investimento intelligente per entrare nel mondo del Direct Drive senza spendere troppo. Si paga di pi\u00f9 rispetto a un volante entry-level, ma si acquista anche una base che pu\u00f2 rimanere al centro della propria configurazione per molto tempo. Per chi ama le corse simulate, il rapporto qualit\u00e0\/prezzo\/aggiornamento \u00e8 molto interessante.<\/p>\n<h2>Verdetto: come si inserisce questo bundle in una configurazione di sim racing?<\/h2>\n<p>Il Fanatec CSL DD Ready2Race Bundle per PC (5 Nm) trasforma chiaramente la base di una configurazione di simulazione di gara. Si passa da un volante che \"simula\" il comportamento dell'auto a una base che lo traduce in modo molto pi\u00f9 diretto e sfumato. Anche con soli 5 Nm, l'esperienza di guida guadagna in precisione, controllo e piacere puro.<\/p>\n<p>Sul mercato, questo pacchetto si posiziona nella fascia media avanzata: pi\u00f9 ambizioso di una classica combinazione entry-level, ma ancora accessibile, soprattutto in considerazione della tecnologia Direct Drive. Il fodero, da solo, \u00e8 di un altro livello rispetto alle soluzioni a cinghia di prezzo comparabile, mentre il volante e i pedali rimangono in una logica di equilibrio, pensata per tenere sotto controllo il budget.<\/p>\n<p>Lo consiglio senza riserve ai conducenti di PC che desiderano passare seriamente al Direct Drive e apprezzano l'idea di un ecosistema scalabile. Per gli utenti gi\u00e0 dotati di una base Direct Drive pi\u00f9 potente o di hardware di fascia molto alta, il guadagno sar\u00e0 ovviamente limitato. E se giocate principalmente su console, ci sono pacchetti pi\u00f9 adatti e meglio integrati.<\/p>\n<p>Se state cercando il vostro primo vero volante Direct Drive per PC, in grado di darvi un'idea dell'auto senza spendere troppo e senza perdervi nelle impostazioni, questo prodotto potrebbe fare la differenza per la vostra configurazione.<\/p>","protected":false},"excerpt":{"rendered":"<p>Questo pacchetto mi ha dato la sensazione di \"capire\" meglio l'auto, con un force feedback pulito e leggibile che cambia il piacere e la fiducia al volante. Soprattutto, ha senso per i piloti di simulazione su PC motivati, sia principianti che intermedi, che vogliono passare seriamente al Direct Drive senza andare nella fascia alta del mercato. Per il prezzo, la coerenza e la scalabilit\u00e0 dell'intero pacchetto sono convincenti.<\/p>","protected":false},"featured_media":100920,"comment_status":"open","ping_status":"closed","template":"","meta":{"_acf_changed":false,"_et_pb_use_builder":"","_et_pb_old_content":"","_et_gb_content_width":""},"product_brand":[158],"product_cat":[161,173],"product_tag":[149],"class_list":{"0":"post-100919","1":"product","2":"type-product","3":"status-publish","4":"has-post-thumbnail","6":"product_brand-fanatec","7":"product_cat-volant","8":"product_cat-volants-fanatec","9":"product_tag-pc","11":"first","12":"instock","13":"shipping-taxable","14":"product-type-external"},"acf":[],"_links":{"self":[{"href":"https:\/\/simracergear.com\/it\/wp-json\/wp\/v2\/product\/100919","targetHints":{"allow":["GET"]}}],"collection":[{"href":"https:\/\/simracergear.com\/it\/wp-json\/wp\/v2\/product"}],"about":[{"href":"https:\/\/simracergear.com\/it\/wp-json\/wp\/v2\/types\/product"}],"replies":[{"embeddable":true,"href":"https:\/\/simracergear.com\/it\/wp-json\/wp\/v2\/comments?post=100919"}],"wp:featuredmedia":[{"embeddable":true,"href":"https:\/\/simracergear.com\/it\/wp-json\/wp\/v2\/media\/100920"}],"wp:attachment":[{"href":"https:\/\/simracergear.com\/it\/wp-json\/wp\/v2\/media?parent=100919"}],"wp:term":[{"taxonomy":"product_brand","embeddable":true,"href":"https:\/\/simracergear.com\/it\/wp-json\/wp\/v2\/product_brand?post=100919"},{"taxonomy":"product_cat","embeddable":true,"href":"https:\/\/simracergear.com\/it\/wp-json\/wp\/v2\/product_cat?post=100919"},{"taxonomy":"product_tag","embeddable":true,"href":"https:\/\/simracergear.com\/it\/wp-json\/wp\/v2\/product_tag?post=100919"}],"curies":[{"name":"wp","href":"https:\/\/api.w.org\/{rel}","templated":true}]}}