{"id":101001,"date":"2025-05-15T07:57:00","date_gmt":"2025-05-15T07:57:00","guid":{"rendered":"https:\/\/simracergear.com\/products\/fanatec-csl-elite-pedals-v2\/"},"modified":"2026-03-02T15:25:27","modified_gmt":"2026-03-02T15:25:27","slug":"fanatec-csl-elite-pedals-v2","status":"publish","type":"product","link":"https:\/\/simracergear.com\/it\/products\/fanatec-csl-elite-pedals-v2\/","title":{"rendered":"Pedali Fanatec CSL Elite V2"},"content":{"rendered":"<h2>Test e opinioni Pedali Fanatec CSL Elite V2: il nuovo standard di fascia media?<\/h2>\n<p>In una configurazione di simulazione di gara, i pedali hanno spesso un impatto maggiore sui tempi sul giro rispetto a un nuovo volante. Il Fanatec CSL Elite Pedals V2 \u00e8 proprio questo: pi\u00f9 serio di una pedaliera entry-level, ma senza cadere nella follia delle pedaliere di fascia alta con cella di carico 100 % o idrauliche.<\/p>\n<p>Fanatec promette una pedaliera completa, plug and play, con freno a cella di carico, regolabile, pensata sia per i giocatori di console che per i piloti di simulazione su PC che hanno gi\u00e0 investito nell'ecosistema. L'idea \u00e8 semplice: offrire un vero e proprio salto di qualit\u00e0 in termini di precisione e sensazioni, senza richiedere un cockpit sovradimensionato o ore di oscure impostazioni.<\/p>\n<p>Da parte mia, ho affrontato la questione da un punto di vista molto pratico: qualit\u00e0 costruttiva, facilit\u00e0 di regolazione, sensazione di frenata, consistenza su lunghe sessioni e, soprattutto, il rapporto piacere\/prestazioni rispetto a guarniture pi\u00f9 semplici con potenziometri o a modelli pi\u00f9 costosi.<\/p>\n<p>Ci\u00f2 che mi interessa veramente del CSL Elite Pedals V2 \u00e8 se Fanatec offre finalmente una pedaliera \"pivot\": una pedaliera che si acquista per diversi anni, senza sentire la necessit\u00e0 di un aggiornamento troppo rapido.<\/p>\n<h2>Progettazione e produzione: un vero salto di qualit\u00e0<\/h2>\n<p>Dal punto di vista visivo, i CSL Elite Pedals V2 sono immediatamente una scelta \"seria\". Tutto \u00e8 in metallo, con una costruzione che trasuda rigidit\u00e0. I pedali emanano un senso di densit\u00e0 e di solidit\u00e0 che non si trova nelle guarniture di plastica entry-level. Si ha la sensazione di poterli utilizzare senza esitazioni.<\/p>\n<p>I bracci del pedale e la piastra di base danno una sensazione di coerenza: nulla sembra fluttuare, non c'\u00e8 gioco visibile. Quando si preme forte sul freno, la struttura non si piega in modo preoccupante. Su un cockpit decente o anche su un telaio interno ben fissato, la pedaliera mantiene la sua linea e non d\u00e0 quella sensazione di \"giocattolo\" che a volte si ha con i kit pi\u00f9 economici.<\/p>\n<p>Le superfici sono pulite al tatto, con una finitura piuttosto sobria. I pedali non tagliano le mani e i bordi sono ben lavorati, anche se non sono finemente lavorati come i pedali premium. Si tratta chiaramente di un solido prodotto di fascia media, non di un pezzo da esposizione.<\/p>\n<p>Ci\u00f2 che sorprende immediatamente \u00e8 il contrasto con le vecchie pedaliere CSL entry-level: siamo passati da un prodotto \"decente\" a qualcosa che sembra un vero strumento di guida. Per goderselo, bisogna configurarlo correttamente.<\/p>\n<p>Per quanto riguarda le piccole delusioni, alcune parti hanno ancora una finitura leggermente \"industriale\" e le viti a vista e il passaggio dei cavi sono ancora molto funzionali, piuttosto che ultra curati. Rispetto a pedaliere di fascia pi\u00f9 alta o autocostruite e ben realizzate, \u00e8 facile capire perch\u00e9. Ma a questo prezzo, la base \u00e8 davvero rassicurante.<\/p>\n<h2>Impostazioni, personalizzazione e compatibilit\u00e0<\/h2>\n<p>Con una guarnitura, la domanda non \u00e8 solo \"come \u00e8 costruita\", ma \"posso realizzarla a mio piacimento senza perdermi nelle impostazioni\". Il CSL Elite Pedals V2 fa proprio questo.<\/p>\n<p>Le regolazioni meccaniche coprono l'essenziale: posizione, distanza, altezza e angolo del pedale. \u00c8 possibile regolare la durezza del pedale del freno tramite gli elementi in elastomero e la cella di carico e regolare la sensazione in base al proprio stile di guida. Nulla di assurdo, ma pi\u00f9 che sufficiente per passare da un freno piuttosto progressivo a qualcosa di pi\u00f9 fermo e diretto. \u00c8 a questo punto che si inizia a sentire la differenza con un semplice freno a potenziometro.<\/p>\n<p>La corsa dell'acceleratore e della frizione rimane classica, con una resistenza abbastanza lineare. \u00c8 possibile regolare la posizione per evitare di storcere la caviglia o accavallare le gambe nelle sessioni pi\u00f9 lunghe. Non \u00e8 una guarnitura da \"ingegnere di F1\", ma non ci si sente bloccati in un'unica configurazione.<\/p>\n<p>Sul PC \u00e8 possibile utilizzare il software Fanatec per regolare le curve, le zone morte e la sensibilit\u00e0 dei freni. La curva di apprendimento \u00e8 ragionevole: si pu\u00f2 guidare quasi subito dopo il cambio, per poi perfezionare la regolazione man mano che si procede. I piloti pi\u00f9 esigenti apprezzeranno la possibilit\u00e0 di impostare la forza massima dei freni in base all'abitacolo e al peso.<\/p>\n<p>Per quanto riguarda la console, la pedaliera si comporta come un elemento dell'ecosistema Fanatec, purch\u00e9 sia collegata a una base compatibile. Quindi ci atteniamo alla solita logica: ideale se si possiede gi\u00e0 una base Fanatec, meno ovvio se si \u00e8 in un altro ecosistema.<\/p>\n<p>In termini di aggiornabilit\u00e0, \u00e8 un punto di ingresso serio. \u00c8 possibile iniziare con questa pedaliera in una configurazione semi-casuale e mantenerla man mano che si sale di gamma sulla base e sul volante. Non sembra un acquisto da buttare.<\/p>\n<h2>Pedali Fanatec CSL Elite V2: sensazioni in gioco<\/h2>\n<p>\u00c8 in pista che il CSL Elite Pedals V2 si fa valere. Il cuore della questione \u00e8 chiaramente la frenata. Il passaggio a un freno a cella di carico cambia il modo di pedalare. Si smette di cercare la posizione del pedale e si inizia a frenare con forza.<\/p>\n<p>In pratica, il freno offre una buona resistenza. Si sente la pressione che aumenta e il punto in cui il pneumatico inizia a saturarsi diventa pi\u00f9 chiaro. Si capisce molto meglio cosa sta facendo l'auto in frenata. La modulazione all'inizio di una curva diventa pi\u00f9 naturale e la pressione viene dosata con la gamba anzich\u00e9 con la memoria della corsa del pedale.<\/p>\n<p>In caso di frenata brusca, la stabilit\u00e0 \u00e8 molto buona. La guarnitura non si sposta in avanti se l'abitacolo \u00e8 ben fissato e, soprattutto, la sensazione di coerenza \u00e8 buona. Da un giro all'altro, la forza necessaria per raggiungere lo stesso livello di frenata rimane costante. Nelle lunghe sessioni, questo \u00e8 ci\u00f2 che fa risparmiare tempo e fiducia.<\/p>\n<p>Nelle curve, il passaggio dal freno all'acceleratore \u00e8 fluido. L'acceleratore ha una resistenza moderata, \u00e8 facile da controllare e ha un chiaro punto di riposo. Non stiamo parlando di un pedale ultraelaborato, ma la precisione \u00e8 pi\u00f9 che sufficiente per gestire la trazione in uscita di curva. Per quanto riguarda la gestione fine dello slittamento, si nota un chiaro senso di progresso rispetto alle guarniture entry-level.<\/p>\n<p>Sui vibratori, il contributo non viene dalla guarnitura in s\u00e9, ma dalla stabilit\u00e0 generale della guida che essa consente. Il fatto di poter mantenere la frenata ben impostata quando si passa su un vibratore senza frenare eccessivamente per errore \u00e8 un vero vantaggio. Si pu\u00f2 tenere la macchina sotto controllo invece di subirla. \u00c8 qui che la cella di carico fa davvero la differenza.<\/p>\n<p>Per le correzioni veloci, soprattutto nelle GT o nelle monoposto nervose, i pedali seguono senza che dobbiate lottare. \u00c8 possibile rilasciare o riprendere rapidamente il freno con buona precisione, senza chiedersi \"a quanti % sono arrivato? Il collegamento cervello\/gamba diventa pi\u00f9 diretto, meno inquinato dalla meccanica.<\/p>\n<p>Rispetto a una guarnitura a potenziometro di base, il guadagno in termini di fiducia \u00e8 evidente. Si bloccano meno spesso le ruote al momento sbagliato, si osa frenare pi\u00f9 tardi e, soprattutto, si \u00e8 pi\u00f9 costanti. Rispetto a una guarnitura di fascia alta, si perde un po' in termini di finezza, progressivit\u00e0 finale e impostazioni avanzate, ma la base \u00e8 solida. Siamo in quel punto in cui il piacere e le prestazioni aumentano senza entrare nel territorio del \"purista assoluto\".<\/p>\n<p>In termini di comfort, la guarnitura non \u00e8 eccessivamente faticosa. La forza frenante massima \u00e8 regolabile, in modo da poterla adattare alle gambe e all'abitacolo. Nelle gare pi\u00f9 lunghe, la costanza del punto di frenata aiuta molto: sono necessarie meno energie mentali per \"ricalibrare\" il piede a ogni giro. L'immersione acquista credibilit\u00e0. Si ha l'impressione di essere a bordo di un'auto che risponde come ci si aspetta, non in un gioco che cambia le regole a ogni curva.<\/p>\n<h2>A chi si rivolge? Punti di forza e limiti<\/h2>\n<p>La pedaliera Fanatec CSL Elite Pedals V2 \u00e8 chiaramente indirizzata ai simulatori motivati, sia su PC che su console, che hanno gi\u00e0 un minimo di configurazione e vogliono fare un serio passo avanti senza arrivare alla fascia pi\u00f9 alta. Se si proviene da una pedaliera di plastica entry-level con un freno a corsa lunga, la differenza si far\u00e0 sentire.<\/p>\n<p>Per i principianti motivati che sanno gi\u00e0 di voler progredire seriamente, \u00e8 un ottimo punto di partenza, a patto di accettare un po' di tempo per familiarizzare con il freno a cella di carico. Per i giocatori di livello intermedio, \u00e8 probabilmente uno degli aggiornamenti pi\u00f9 convenienti disponibili. Per un ciclista gi\u00e0 dotato di una guarnitura top di gamma, \u00e8 ovviamente meno interessante.<\/p>\n<p>Una delle cose che mi piace di pi\u00f9 \u00e8 la coerenza generale della guarnitura: costruzione solida, freno a cella di carico utilizzabile, regolazione sufficiente senza impantanarsi nella complessit\u00e0. Il rapporto prestazioni\/dimensioni \u00e8 buono e l'integrazione nell'ecosistema Fanatec semplifica la vita, soprattutto sulla console. L'esperienza di frenata \u00e8 un vero e proprio balzo in avanti e i tempi sul giro seguono spesso l'esempio.<\/p>\n<p>Per quanto riguarda le limitazioni, Fanatec ha mantenuto le distanze dalle guarniture pi\u00f9 pregiate. La finitura rimane un po' al di sotto delle referenze top di gamma e alcuni simulatori esigenti potrebbero trovare la regolazione meccanica dei freni un po' limitata rispetto ai sistemi pi\u00f9 sofisticati. La frizione e l'acceleratore rimangono piuttosto convenzionali, senza tecnologie avanzate. E per gli utenti che non fanno parte dell'ecosistema Fanatec, la compatibilit\u00e0 pu\u00f2 comportare compromessi o acquisti aggiuntivi.<\/p>\n<p>In termini di investimento, stiamo parlando di un prodotto che costa pi\u00f9 di una semplice pedaliera entry-level, ma che \u00e8 pi\u00f9 che giustificato se si prendono sul serio le gare di simulazione. L'aumento del controllo e della consistenza durante le gare d\u00e0 davvero la sensazione di pagare per qualcosa di tangibile, non solo per un gadget.<\/p>\n<h2>Verdetto: la guarnitura \"pivot\" per svoltare l'angolo<\/h2>\n<p>La pedaliera Fanatec CSL Elite Pedals V2 apporta un cambiamento netto alla configurazione di una simulazione di gara, soprattutto se si proviene da una pedaliera a singolo potenziometro. Il freno a cella di carico, la rigida struttura in metallo e le impostazioni di base ben studiate trasformano il modo di gestire l'ingresso in curva e la consistenza della gara. \u00c8 possibile sentire la guarnitura che vi segue quando iniziate ad aumentare il ritmo.<\/p>\n<p>Sul mercato, si posiziona chiaramente nella fascia media seria, con una posizione centrale tra la \"prima vera pedaliera\" e l'attrezzatura dell'appassionato hardcore. Non si tratta di un prodotto di nicchia, ma di un prodotto che pu\u00f2 rimanere in una configurazione per diversi anni senza dare l'impressione di limitare le prestazioni.<\/p>\n<p>La consiglio vivamente ai simulatori intermedi e ai principianti ambiziosi, sia su PC che su console, soprattutto se siete gi\u00e0 nell'ecosistema Fanatec o avete intenzione di restarci. Per i puristi disposti a investire molto di pi\u00f9, esistono pedaliere pi\u00f9 estreme, ma il prezzo non \u00e8 lo stesso.<\/p>\n<p>Se siete alla ricerca di una guarnitura solida e precisa, con un vero freno a cella di carico e un rapporto prestazioni\/prezzo coerente, questa CSL Elite Pedals V2 pu\u00f2 chiaramente fare la differenza nella vostra configurazione.<\/p>","protected":false},"excerpt":{"rendered":"<p>Questa pedaliera mi ha dato la sensazione di bloccare davvero la frenata e di rendere l'ingresso in curva pi\u00f9 naturale e regolare, senza i problemi di testa. Ha senso per i simulatori motivati, su PC o console, che vogliono fare un vero passo avanti rispetto a una guarnitura di base. L'intero pacchetto rimane coerente e rilevante come investimento a medio termine.<\/p>","protected":false},"featured_media":101002,"comment_status":"open","ping_status":"closed","template":"","meta":{"_acf_changed":false,"_et_pb_use_builder":"","_et_pb_old_content":"","_et_gb_content_width":""},"product_brand":[158],"product_cat":[162],"product_tag":[149,159,160],"class_list":{"0":"post-101001","1":"product","2":"type-product","3":"status-publish","4":"has-post-thumbnail","6":"product_brand-fanatec","7":"product_cat-pedalier","8":"product_tag-pc","9":"product_tag-playstation","10":"product_tag-xbox","12":"first","13":"instock","14":"shipping-taxable","15":"product-type-external"},"acf":[],"_links":{"self":[{"href":"https:\/\/simracergear.com\/it\/wp-json\/wp\/v2\/product\/101001","targetHints":{"allow":["GET"]}}],"collection":[{"href":"https:\/\/simracergear.com\/it\/wp-json\/wp\/v2\/product"}],"about":[{"href":"https:\/\/simracergear.com\/it\/wp-json\/wp\/v2\/types\/product"}],"replies":[{"embeddable":true,"href":"https:\/\/simracergear.com\/it\/wp-json\/wp\/v2\/comments?post=101001"}],"wp:featuredmedia":[{"embeddable":true,"href":"https:\/\/simracergear.com\/it\/wp-json\/wp\/v2\/media\/101002"}],"wp:attachment":[{"href":"https:\/\/simracergear.com\/it\/wp-json\/wp\/v2\/media?parent=101001"}],"wp:term":[{"taxonomy":"product_brand","embeddable":true,"href":"https:\/\/simracergear.com\/it\/wp-json\/wp\/v2\/product_brand?post=101001"},{"taxonomy":"product_cat","embeddable":true,"href":"https:\/\/simracergear.com\/it\/wp-json\/wp\/v2\/product_cat?post=101001"},{"taxonomy":"product_tag","embeddable":true,"href":"https:\/\/simracergear.com\/it\/wp-json\/wp\/v2\/product_tag?post=101001"}],"curies":[{"name":"wp","href":"https:\/\/api.w.org\/{rel}","templated":true}]}}