{"id":101029,"date":"2025-05-15T07:58:00","date_gmt":"2025-05-15T07:58:00","guid":{"rendered":"https:\/\/simracergear.com\/products\/fanatec-csl-pedals\/"},"modified":"2025-11-28T04:57:42","modified_gmt":"2025-11-28T04:57:42","slug":"fanatec-csl-pedals","status":"publish","type":"product","link":"https:\/\/simracergear.com\/it\/products\/fanatec-csl-pedals\/","title":{"rendered":"Pedali Fanatec CSL"},"content":{"rendered":"<h2>Pedali Fanatec CSL: pedali entry-level\/di fascia media che stanno gi\u00e0 facendo la differenza<\/h2>\n<p>In una configurazione di simulazione di gara, una pedaliera spesso contribuisce ai tempi sul giro pi\u00f9 di un volante pi\u00f9 costoso. La pedaliera CSL Fanatec \u00e8 il punto di ingresso perfetto nell'ecosistema Fanatec: una pedaliera in metallo dal prezzo accessibile, progettata per essere aggiornata con una cella di carico in un secondo momento.<\/p>\n<p>Sulla carta, promette una frenata pi\u00f9 controllabile rispetto a una pedaliera con potenziometro di base, una costruzione molto pi\u00f9 seria rispetto ai pedali di plastica entry-level e un'ampia compatibilit\u00e0 con PC e console grazie alle basi Fanatec.<\/p>\n<p>Il mio punto di vista \u00e8 semplice: quanto questi pedali migliorano la consistenza, la sicurezza in frenata e la precisione complessiva, soprattutto per chi proviene da una guarnitura di base? Vale davvero la pena investire in questo piuttosto che in un nuovo volano o in una base pi\u00f9 potente? E, soprattutto, questa guarnitura regge nel tempo e rimane piacevole da usare quando si inizia a pedalare seriamente, per diverse ore alla volta?<\/p>\n<h2>Design e produzione: finalmente il metallo<\/h2>\n<p>La prima cosa che si nota dei pedali Fanatec CSL \u00e8 la loro solidit\u00e0. Con la sua struttura in metallo, la base rigida e i pedali densi, \u00e8 ben lontana da una pedaliera in plastica leggera. Sembra un prodotto serio, anche se \u00e8 chiaramente posizionato nel segmento entry\/midrange.<\/p>\n<p>I bracci dei pedali sono solidi e non presentano giochi particolari. Una volta a terra o attaccato all'abitacolo, non d\u00e0 l'impressione di volersi muovere alla minima frenata brusca. Il peso rimane ragionevole, ma la base \u00e8 abbastanza ampia da ispirare fiducia. Si ha la sensazione che sia stato progettato per essere avvitato a un telaio, ma a terra, con un tappetino o un paraurti, \u00e8 ancora utilizzabile.<\/p>\n<p>La finitura \u00e8 discreta: non lussuosa, ma pulita. Si nota che il design \u00e8 stato ottimizzato per contenere i costi, con forme piuttosto semplici e un look leggermente \"industriale\". Non si tratta di un oggetto premium che fa brillare una configurazione come alcune pedaliere di alta gamma, ma non \u00e8 nemmeno questo l'obiettivo. \u00c8 funzionale, pulita e senza fronzoli.<\/p>\n<p>Ci\u00f2 che sorprende \u00e8 la rigidit\u00e0 complessiva per questo livello di prezzo. Il fodero non si torce quasi per niente, anche quando si preme forte sul freno. I pedali non hanno quella sensazione di morbidezza o spugnosit\u00e0 che si trova su alcuni modelli entry-level della concorrenza. La sensazione sotto i piedi \u00e8 nitida e diretta.<\/p>\n<p>La piccola delusione deriva dalle regolazioni fisiche limitate e dal design piuttosto semplice dei pedali. Le piastre non sono molto larghe e la regolazione dell'altezza e dell'angolo rimane elementare. Rispetto alle guarniture di fascia pi\u00f9 alta, perdiamo la possibilit\u00e0 di personalizzazione \"meccanica\" e il comfort del posizionamento fine. Ma se li si confronta con una guarnitura di base in plastica, i pedali CSL danno chiaramente l'impressione di essere saliti di categoria.<\/p>\n<h2>Impostazioni, personalizzazione e compatibilit\u00e0<\/h2>\n<p>In termini di regolazioni fisiche, i pedali Fanatec CSL offrono l'essenziale senza andare molto lontano. \u00c8 possibile regolare la distanza tra i pedali e la posizione laterale e giocare un po' con la corsa tramite i fermi meccanici. Tuttavia, la resistenza del pedale del freno, nella versione base (senza cella di carico), si basa pi\u00f9 sulla corsa del pedale che sulla pressione. \u00c8 sufficiente per migliorare la scorrevolezza, ma non sostituisce una vera cella di carico.<\/p>\n<p>Con il modulo opzionale della cella di carico, la filosofia cambia chiaramente: il freno diventa controllato dalla forza esercitata, con una resistenza molto pi\u00f9 forte e un fine corsa pi\u00f9 deciso. \u00c8 qui che la guarnitura si rivela davvero utile per chi vuole lavorare sui propri punti di frenata, sul dosaggio e sulla costanza giro dopo giro. Si passa da un freno \"OK\" a un freno che pu\u00f2 essere usato davvero per spingere il ritmo.<\/p>\n<p>Per le impostazioni del software si utilizza il driver Fanatec e, a seconda della base utilizzata, i menu della ruota o della base. \u00c8 possibile calibrare la corsa, impostare i punti morti e adattare la soglia massima di frenata. L'interfaccia \u00e8 abbastanza chiara, con opzioni utili senza essere sommersa da parametri oscuri. La curva di apprendimento \u00e8 ragionevole: pochi tentativi, due o tre regolazioni e troverete rapidamente la regolazione che fa per voi.<\/p>\n<p>La compatibilit\u00e0 \u00e8 uno dei grandi vantaggi. Su un PC, abbiamo la massima flessibilit\u00e0. Sulle console, la pedaliera deve essere collegata a una base Fanatec compatibile, ed \u00e8 la base a parlare con la console. In pratica, per i giocatori di console che fanno gi\u00e0 parte dell'ecosistema Fanatec, i pedali CSL si integrano perfettamente. Per i giocatori di PC, c'\u00e8 l'ulteriore vantaggio della flessibilit\u00e0 di calibri e giochi.<\/p>\n<p>In termini di ecosistema, questa guarnitura si abbina naturalmente ai volanti, ai foderi, ai cambi e ai freni a mano del marchio. \u00c8 ideale come punto di partenza: si inizia con il kit di base, si aggiunge la cella di carico ed eventualmente si passa a una guarnitura di fascia pi\u00f9 alta mantenendo il resto della configurazione.<\/p>\n<p>In pratica, la vedo pi\u00f9 come un \"antipasto serio\" che come un prodotto definitivo per i puristi pi\u00f9 esigenti. Ma per un pilota in crescita o per un giocatore di console che vuole fare un vero passo avanti, l'aggiornabilit\u00e0 \u00e8 un vero argomento.<\/p>\n<h2>Pedali CSL Fanatec: sensazioni in gioco<\/h2>\n<p>Una volta in pista, \u00e8 chiaramente la frenata ad avere la meglio in termini di feeling. Rispetto a una guarnitura entry-level convenzionale, la differenza \u00e8 immediatamente evidente nel modo in cui \u00e8 possibile ripetere lo stesso punto di frenata giro dopo giro.<\/p>\n<p>Con la versione standard (senza cella di carico), il freno \u00e8 ancora controllato principalmente dalla corsa, ma la resistenza \u00e8 pi\u00f9 progressiva e lineare rispetto a un freno con movimento centrale in plastica. Si percepisce meglio la fine della corsa, si sa dove ci si trova nel tempo e si dosa in modo pi\u00f9 naturale. Il vantaggio principale \u00e8 la costanza. Il bloccaggio della ruota \u00e8 meno sorprendente e vi troverete a frenare pi\u00f9 tardi e a mantenere il controllo.<\/p>\n<p>Con il modulo della cella di carico, la guarnitura cambia dimensione. Il freno diventa molto pi\u00f9 solido e si frena pi\u00f9 con la gamba che con la caviglia. Il cervello si concentra sulla forza piuttosto che sulla posizione. Di conseguenza, i punti di riferimento diventano molto pi\u00f9 facili da mantenere, soprattutto nelle frenate brusche dopo lunghi rettilinei. \u00c8 qui che la guarnitura fa risparmiare tempo. Si capisce subito cosa sta facendo la macchina.<\/p>\n<p>In curva, il lavoro di trasferimento di massa \u00e8 gestito meglio. \u00c8 possibile rilasciare il freno in modo pi\u00f9 graduale per mantenere l'auto stabile all'ingresso in curva, senza passare bruscamente da una \"forte frenata\" a una \"nulla\". Sulle auto GT o prototipo, questo controllo preciso sulla fase di frenata in scia cambia la fiducia che si ha quando si attacca. L'auto diventa pi\u00f9 prevedibile, soprattutto in entrata di curva.<\/p>\n<p>Il pedale dell'acceleratore \u00e8 semplice ma efficace. L'escursione \u00e8 sufficiente per erogare una dose di potenza pulita, senza punti difficili o zone morte marcate. La differenza rispetto a una guarnitura troppo morbida o troppo corta si sente in gara, quando si prende il comando in uscita dalle curve strette o in condizioni di aderenza precaria. Avete pi\u00f9 spazio per regolare l'acceleratore ed evitare di andare in testacoda.<\/p>\n<p>Su superfici vibranti, i pedali non forniscono un feedback diretto come un volante pu\u00f2 fare con il FFB, ma la precisione del pedale dell'acceleratore aiuta a prendere una macchina che salta in modo un po' pi\u00f9 pulito. \u00c8 possibile correggere un leggero sovrasterzo modulando molto finemente l'acceleratore. Piccole e rapide correzioni diventano pi\u00f9 naturali, meno \"tutto o niente\". \u00c8 discreto, ma nelle lunghe sessioni la fatica mentale si riduce un po' perch\u00e9 si ha fiducia nella risposta dei pedali.<\/p>\n<p>Dopo diverse ore di guida, il comfort rimane discreto. L'escursione del pedale non grava eccessivamente sulle caviglie e la resistenza, anche con la cella di carico, rimane entro valori ragionevoli per l'uso domestico. Non stiamo parlando di un freno ultra-duro come una guarnitura da competizione, ma piuttosto di un buon compromesso tra realismo e comfort.<\/p>\n<p>Rispetto a una cella di carico o a una guarnitura idraulica di alta gamma, i pedali CSL sono ovviamente meno raffinati in termini di microvariazioni e meno personalizzabili in termini di sensazione. Il feedback del piede \u00e8 un po' pi\u00f9 \"semplice\", meno sfumato. Ma rispetto a una pedaliera di base, il salto qualitativo \u00e8 enorme. Laddove una pedaliera di fascia bassa tende a rendere l'auto nervosa e imprevedibile in frenata, i pedali CSL restituiscono calma, leggibilit\u00e0 e quella famosa sensazione di controllo.<\/p>\n<p>Per riassumere le sensazioni: questa guarnitura \u00e8 soprattutto un'iniezione di fiducia. Si sa cosa si sta facendo, si sa cosa far\u00e0 la macchina. E questo \u00e8 esattamente ci\u00f2 che si desidera da una buona guarnitura da simulazione.<\/p>\n<h2>Per chi \u00e8? E cosa ci piace\/non ci piace<\/h2>\n<p>I pedali Fanatec CSL sono rivolti principalmente ai giocatori che desiderano abbandonare il mondo delle pedaliere \"giocattolo\" senza spendere troppo. Un principiante motivato che proviene da un bundle console\/PC di base trover\u00e0 un enorme salto di qualit\u00e0. Un simulatore intermedio, che inizia a concentrarsi sui punti di frenata e sui tempi sul giro, la trover\u00e0 uno strumento coerente per progredire, soprattutto grazie alla cella di carico. Per un pilota gi\u00e0 molto avanzato, con un abitacolo rigido e un gran numero di ore di guida, sar\u00e0 pi\u00f9 che altro una scelta di transizione o una configurazione secondaria.<\/p>\n<p>Ci\u00f2 che apprezzo di pi\u00f9 \u00e8 la qualit\u00e0 costruttiva per il prezzo. La struttura interamente in metallo, priva di giochi, cambia immediatamente la fiducia che si prova quando si preme con forza il freno. In secondo luogo, la possibilit\u00e0 di aggiungere il modulo della cella di carico in un secondo momento la rende un ottimo punto di partenza per l'aggiornamento, senza dover cambiare tutto man mano che si procede. Infine, la sensazione generale della bicicletta, in particolare la consistenza della frenata, offre un miglioramento tangibile delle prestazioni e del piacere, soprattutto se si proviene da una guarnitura in plastica.<\/p>\n<p>Ma ci sono dei limiti. Le opzioni di regolazione fisica rimangono piuttosto limitate: angolo, altezza, forma del pedale, tutto \u00e8 un po' fisso rispetto ai modelli di fascia pi\u00f9 alta. Chi ama regolare ogni dettaglio della propria posizione potrebbe trovarlo un po' limitato. La versione senza cella di carico, pur essendo corretta, non d\u00e0 quella sensazione di \"forza piuttosto che di corsa\" che fa davvero la differenza quando si lavora a un decimo. Si \u00e8 chiaramente incoraggiati a investire nel modulo aggiuntivo. Infine, l'estetica e la sensazione generale rimangono quelle di un prodotto ottimizzato per il prezzo, non di una guarnitura premium: questo non ostacola le prestazioni, ma alcuni utenti che si concentrano molto sul \"piacere degli oggetti\" rimarranno delusi.<\/p>\n<p>In termini di investimento, il rapporto valore\/prestazioni \u00e8 molto buono. Per un budget contenuto, rappresenta un vero passo avanti nella gerarchia delle guarniture. Il fatto che si possa aggiornare con una cella di carico significa che non \u00e8 necessario vendere tutto per salire di gamma. \u00c8 un acquisto che ha senso per molte configurazioni, soprattutto se si vuole progredire a medio termine.<\/p>\n<h2>Verdetto: un ottimo punto di partenza<\/h2>\n<p>I pedali Fanatec CSL non pretendono di competere con le pedaliere della concorrenza che costano diverse centinaia di euro in pi\u00f9. Non \u00e8 questo il punto. La sua forza sta nel trasformare un setup medio in una base gi\u00e0 molto solida, soprattutto per quanto riguarda la frenata. Per chi pedala con un volante decente ma con una guarnitura di base, spesso \u00e8 l'upgrade che ha l'impatto pi\u00f9 immediato sui tempi sul giro e sulla costanza.<\/p>\n<p>Sul mercato, si posiziona chiaramente nella fascia medio-alta: sopra le pedaliere bundle, sotto i mostri premium con celle di carico ad alta capacit\u00e0 o idrauliche. In questo segmento, si posiziona molto bene, soprattutto grazie alla scalabilit\u00e0 offerta dal modulo della cella di carico e alla naturale integrazione nell'ecosistema Fanatec.<\/p>\n<p>Lo consiglio senza esitazione ai giocatori di PC o console gi\u00e0 dotati di una base Fanatec, che vogliono dare un vero e proprio impulso al controllo dell'auto senza dover ricorrere a una guarnitura molto complessa. Per i simracer gi\u00e0 dotati di una buona cella di carico o di una guarnitura idraulica, questo non sar\u00e0 un upgrade, ma piuttosto un prodotto secondario o una scelta economica.<\/p>\n<p>Se siete alla ricerca di una pedaliera solida, aggiornabile e davvero pi\u00f9 precisa di un modello entry-level, questo prodotto potrebbe fare la differenza per la vostra configurazione.<\/p>","protected":false},"excerpt":{"rendered":"<p>Questa pedaliera mi ha dato un vero senso di controllo extra, soprattutto in frenata, con una consistenza che cambia chiaramente i tempi sul giro e la fiducia in pista. Ha senso per i giocatori che vogliono allontanarsi dalla pedaliera \"giocattolo\" senza puntare al top di gamma, in particolare su PC o console con base Fanatec. L'intero pacchetto rimane coerente e rilevante come punto di ingresso aggiornabile.<\/p>","protected":false},"featured_media":101030,"comment_status":"open","ping_status":"closed","template":"","meta":{"_acf_changed":false,"_et_pb_use_builder":"","_et_pb_old_content":"","_et_gb_content_width":""},"product_brand":[158],"product_cat":[162],"product_tag":[149,159,160],"class_list":{"0":"post-101029","1":"product","2":"type-product","3":"status-publish","4":"has-post-thumbnail","6":"product_brand-fanatec","7":"product_cat-pedalier","8":"product_tag-pc","9":"product_tag-playstation","10":"product_tag-xbox","12":"first","13":"instock","14":"shipping-taxable","15":"product-type-external"},"acf":[],"_links":{"self":[{"href":"https:\/\/simracergear.com\/it\/wp-json\/wp\/v2\/product\/101029","targetHints":{"allow":["GET"]}}],"collection":[{"href":"https:\/\/simracergear.com\/it\/wp-json\/wp\/v2\/product"}],"about":[{"href":"https:\/\/simracergear.com\/it\/wp-json\/wp\/v2\/types\/product"}],"replies":[{"embeddable":true,"href":"https:\/\/simracergear.com\/it\/wp-json\/wp\/v2\/comments?post=101029"}],"wp:featuredmedia":[{"embeddable":true,"href":"https:\/\/simracergear.com\/it\/wp-json\/wp\/v2\/media\/101030"}],"wp:attachment":[{"href":"https:\/\/simracergear.com\/it\/wp-json\/wp\/v2\/media?parent=101029"}],"wp:term":[{"taxonomy":"product_brand","embeddable":true,"href":"https:\/\/simracergear.com\/it\/wp-json\/wp\/v2\/product_brand?post=101029"},{"taxonomy":"product_cat","embeddable":true,"href":"https:\/\/simracergear.com\/it\/wp-json\/wp\/v2\/product_cat?post=101029"},{"taxonomy":"product_tag","embeddable":true,"href":"https:\/\/simracergear.com\/it\/wp-json\/wp\/v2\/product_tag?post=101029"}],"curies":[{"name":"wp","href":"https:\/\/api.w.org\/{rel}","templated":true}]}}