{"id":101110,"date":"2025-05-15T08:01:00","date_gmt":"2025-05-15T08:01:00","guid":{"rendered":"https:\/\/simracergear.com\/products\/fanatec-csl-universal-hub-v2\/"},"modified":"2025-11-28T05:02:24","modified_gmt":"2025-11-28T05:02:24","slug":"fanatec-csl-universal-hub-v2","status":"publish","type":"product","link":"https:\/\/simracergear.com\/it\/products\/fanatec-csl-universal-hub-v2\/","title":{"rendered":"Hub universale CSL V2 di Fanatec"},"content":{"rendered":"<h2>Fanatec CSL Universal Hub V2: la mia opinione dopo l'uso<\/h2>\n<p>Il Fanatec CSL Universal Hub V2 si posiziona come il fulcro per tutti coloro che desiderano utilizzare volanti \"veri\" (stile GT, drift, rally, F1) pur rimanendo nella gamma CSL, e quindi pi\u00f9 conveniente rispetto ai mozzi top di gamma del marchio. Soprattutto, promette di trasformare qualsiasi cerchio compatibile in un volante utilizzabile su una base Fanatec, senza rinunciare a pulsanti, paddle o compatibilit\u00e0 con la console.<\/p>\n<p>Ci\u00f2 che lo rende cos\u00ec interessante \u00e8 la combinazione di modularit\u00e0 e la promessa di qualit\u00e0 di Fanatec. Lo si pu\u00f2 considerare come un Lego da corsa: si sceglie il cerchio, si sceglie la base, si aggancia e si parte. Sulla carta, \u00e8 il prodotto perfetto per chi non vuole acquistare un volante completamente nuovo per ogni disciplina.<\/p>\n<p>Il mio angolo di analisi \u00e8 semplice: ergonomia, sensazioni in gioco e reale valore aggiunto rispetto ai pacchetti Fanatec di base. Sto valutando cosa cambia effettivamente al volante, in che modo il mozzo vi fa dimenticare (o meno) nel bel mezzo di una gara e se vale l'investimento per una configurazione che vuole evolversi senza far esplodere il budget.<\/p>\n<h2>Design e fabbricazione: seriet\u00e0, con qualche compromesso<\/h2>\n<p>Visivamente, il CSL Universal Hub V2 \u00e8 un vero e proprio \"strumento di lavoro\". Non si tratta di un volante da vetrina, ma di un'attrezzatura funzionale. Il mix metallo\/plastica \u00e8 evidente: la struttura principale e la piastra di montaggio trasudano rigidit\u00e0, mentre alcuni gusci ed elementi esterni tradiscono la gamma CSL, pi\u00f9 accessibile rispetto alla linea ClubSport.<\/p>\n<p>Le prime impressioni sono positive. Il mozzo ha una buona densit\u00e0, senza essere un mattone. Ispira fiducia e si ha la sensazione che sia in grado di gestire migliaia di giri del volante in modalit\u00e0 Direct Drive senza alcuno scossone. I pulsanti si sentono subito sotto le dita, gli encoder hanno un \"clic\" chiaro e le palette danno una sensazione meccanica abbastanza diretta, senza giochi eccessivi.<\/p>\n<p>Il punto debole \u00e8 rappresentato da alcuni dettagli di finitura. Alcune plastiche sembrano un po' vuote e mancano della sensazione di qualit\u00e0 dei mozzi pi\u00f9 costosi del marchio. Niente di drammatico, ma se si proviene da un volante ClubSport o da un prodotto di fascia pi\u00f9 alta, si nota subito la differenza di materiali.<\/p>\n<p>In termini di rigidit\u00e0, una volta montato il cerchio, il tutto rimane solido. Nessuna flessione preoccupante, anche sui cerchi pi\u00f9 grandi. Su un Direct Drive moderato, regge molto bene. Rispetto ai volanti in plastica entry-level, stiamo chiaramente salendo di livello in termini di affidabilit\u00e0 e durata percepite. Rispetto ai mozzi di fascia pi\u00f9 alta, si ha la sensazione che sia stata data priorit\u00e0 alla funzionalit\u00e0 piuttosto che al lusso.<\/p>\n<p>Alla fine, il design del CSL Universal Hub V2 fa esattamente quello che vogliamo: robusto, modulare, non appariscente. Lo si guarda una volta e poi lo si usa.<\/p>\n<h2>Impostazioni, personalizzazione e compatibilit\u00e0<\/h2>\n<p>Il cuore di questo prodotto \u00e8 la personalizzazione. Il mozzo consente di montare un cerchio standard a 6 fori e di riposizionare i moduli dei pulsanti in base al proprio stile di guida. Non \u00e8 cos\u00ec libero come alcuni kit personalizzati 100 %, ma c'\u00e8 abbastanza spazio per tutti per trovare una configurazione confortevole.<\/p>\n<p>I menu e le modalit\u00e0 operative sono facili da capire se si ha gi\u00e0 familiarit\u00e0 con l'ecosistema Fanatec. I pulsanti possono essere mappati nei giochi come su qualsiasi altro volante e i comandi principali sono facili da usare sulla maggior parte dei cerchi. La curva di apprendimento ha pi\u00f9 a che fare con il cerchio che con il mozzo stesso: una volta conosciuti i pulsanti, non ci si pensa pi\u00f9.<\/p>\n<p>In termini di impostazioni utili, l'interesse principale risiede nella configurazione fisica: distanza tra le palette, posizione dei blocchi dei pulsanti, orientamento generale. C'\u00e8 tutto quello che serve per adattare il mozzo a un volante GT, da rally o da drift. Su una base Direct Drive, \u00e8 possibile sfruttare appieno la rigidit\u00e0 dell'assemblaggio, senza dover sacrificare la modularit\u00e0.<\/p>\n<p>Per quanto riguarda la compatibilit\u00e0, l'hub rimane fedele alla logica Fanatec: PC senza preoccupazioni, console a seconda della base a cui \u00e8 collegato. La cosa importante da ricordare \u00e8 che non \u00e8 l'hub a rendere la configurazione compatibile con le console, ma la base. Se la base \u00e8 compatibile, l'hub la segue.<\/p>\n<p>L'ecosistema circostante \u00e8 naturalmente molto ricco: pedali, cambio, freno a mano, tutto pu\u00f2 essere integrato in una configurazione gi\u00e0 Fanatec. Il CSL Universal Hub V2 svolge chiaramente un ruolo fondamentale in una configurazione aggiornabile. Si pu\u00f2 iniziare con un cerchio semplice e successivamente aggiungere un cerchio pi\u00f9 GT o da drift, senza cambiare tutto il resto.<\/p>\n<p>Non \u00e8 solo un punto di ingresso. \u00c8 un elemento che si pu\u00f2 mantenere a lungo in una configurazione di fascia alta, purch\u00e9 si rimanga all'interno dell'ecosistema Fanatec.<\/p>\n<h2>Sensazioni in gioco: l'hub che sa come essere dimenticato<\/h2>\n<p>Il CSL Universal Hub V2 si rivela davvero perfetto quando lo si abbina a una buona base Direct Drive e a un cerchio adatto alla propria disciplina. Il mozzo in s\u00e9 non genera sensazioni, ma condiziona il modo in cui le ricevete e le sfruttate.<\/p>\n<p>La rigidit\u00e0 del gruppo \u00e8 essenziale per la precisione del feedback. Con questo mozzo, la forza e le vibrazioni trasmesse dalla base arrivano in modo ordinato e pulito. Non ci sono flessioni parassite che offuscano il feedback della forza. I micromovimenti, i trasferimenti di carico e i piccoli stalli sono chiaramente visibili. Si capisce immediatamente cosa sta facendo la macchina.<\/p>\n<p>In curva, soprattutto sulle simulazioni pi\u00f9 brusche, questa sensazione di \"solidit\u00e0\" aumenta la fiducia. Le piccole correzioni di traiettoria avvengono in modo naturale, il cerchio non si muove nel mozzo, le palette rimangono in posizione sotto le dita anche quando si effettua un controsterzo. Non si lotta contro il materiale, ma si lavora con esso.<\/p>\n<p>Per quanto riguarda la lettura dell'aderenza, la differenza \u00e8 particolarmente evidente se si proviene da una ruota entry-level con maggiore gioco o flessione. In questo caso, ogni variazione di carico sul volante viene percepita in modo pi\u00f9 diretto. Quando si inizia ad andare in overdrive, si \u00e8 pi\u00f9 consapevoli del momento in cui l'anteriore inizia a scaricarsi o il posteriore a sollevarsi. Non aumenta la potenza dell'FFB, ma affina il modo in cui la si riceve.<\/p>\n<p>Su vibratori e cordoli, la sensazione \u00e8 asciutta e pulita, senza strane risonanze dal mozzo. Il rumore \u00e8 coerente con la base. \u00c8 soprattutto il cerchio a colorare la sensazione (pi\u00f9 o meno massa, diametro, materiale), ma il mozzo non aggiunge il suo \"rumore\". Questo \u00e8 un bene: si mantiene la firma della base, non quella del mozzo.<\/p>\n<p>Nelle lunghe sessioni, il comfort dipende molto dal cerchio utilizzato, ma il mozzo non stanca. Le palette cadono bene e la posizione dei pulsanti \u00e8 abbastanza adattabile da evitare contorsioni scomode. I materiali non scricchiolano e non si avverte alcun gioco dopo qualche ora. \u00c8 questo tipo di dettagli che cambia davvero il rapporto con l'hardware.<\/p>\n<p>Nelle correzioni veloci, nelle derapate o nelle situazioni di emergenza in pista, il montaggio rimane stabile. I cambi di direzione violenti non influiscono sulla tenuta del cerchio. Si pu\u00f2 lasciare il volante, lasciarlo tornare indietro, recuperarlo: il mozzo lo segue senza battere ciglio. \u00c8 esattamente ci\u00f2 che ci si aspetta da un componente come questo.<\/p>\n<p>Rispetto a un volante all-in-one entry-level, si nota un netto miglioramento nel collegamento tra le mani e la base. C'\u00e8 meno oscillazione e pi\u00f9 precisione. Rispetto a un mozzo Fanatec di fascia pi\u00f9 alta, la differenza \u00e8 pi\u00f9 nella finitura e nel comfort che nella rigidit\u00e0 pura nell'uso \"normale\".<\/p>\n<p>In termini di immersione complessiva, questo mozzo ha una qualit\u00e0 che apprezzo molto: sa come scomparire. Una volta impostato correttamente con il cerchio giusto, non ci si pensa pi\u00f9. Si pensa ai vibratori, all'impugnatura, alla traiettoria. E questo \u00e8 spesso un segno che il prodotto sta facendo il suo lavoro.<\/p>\n<h2>Per chi \u00e8? Cosa ci piace e cosa non ci piace<\/h2>\n<p>Il CSL Universal Hub V2 si rivolge soprattutto ai piloti di simulazione gi\u00e0 impegnati o motivati a diventarlo, che vogliono fare un ulteriore passo avanti in termini di personalizzazione senza esagerare. Anche un principiante potr\u00e0 utilizzarlo, ma ne trarr\u00e0 maggior valore se ha gi\u00e0 fatto qualche ora di guida e ha un'idea chiara del tipo di cerchio che desidera.<\/p>\n<p>Per un utente PC intermedio con una base Fanatec che desidera un cerchio pi\u00f9 realistico o pi\u00f9 adatto alla sua disciplina (GT, touring, rally, drift), questa \u00e8 un'opzione molto coerente. Su console, \u00e8 ancora rilevante, a patto di essere sicuri della compatibilit\u00e0 della base.<\/p>\n<p>Ci\u00f2 che apprezzo davvero \u00e8 la sensazione di solidit\u00e0 funzionale. Si ha la sensazione di aggiungere un anello serio nella catena tra il fodero e le mani. La modularit\u00e0 dei pulsanti e delle palette \u00e8 abbastanza flessibile da poter adattare il mozzo a diversi cerchi nel tempo. Il rapporto tra valore e versatilit\u00e0 \u00e8 ottimo per chi vuole investire una volta in un mozzo e poi cambiare solo i cerchi.<\/p>\n<p>Per quanto riguarda i limiti, il primo \u00e8 la totale dipendenza dall'ecosistema Fanatec. Se non siete gi\u00e0 clienti Fanatec o se pensate di cambiare marchio in un secondo momento, questo hub perde di interesse. Se cercate metallo pieno, materiali ultra-premium e un look da vetrina, questo non \u00e8 l'hub che fa per voi. Infine, il prezzo, sommato al costo di un cerchio decente, pu\u00f2 salire abbastanza rapidamente. Stiamo parlando di un investimento ponderato, non di un piccolo accessorio.<\/p>\n<p>In termini di valore percepito, tutto dipende dall'uso che ne farete. Se si prevede di utilizzare pi\u00f9 cerchi sulla stessa base, il mozzo diventa un vero e proprio perno che giustifica il suo posto nel budget. Se si pedala sempre con un solo volante e non si prevede di cambiarlo, un volante completo gi\u00e0 ottimizzato pu\u00f2 essere pi\u00f9 semplice.<\/p>\n<h2>Verdetto: un perno serio per una configurazione aggiornabile<\/h2>\n<p>Il Fanatec CSL Universal Hub V2 non trasforma la vostra base, ma trasforma ci\u00f2 che potete fare con essa. Apre le porte a cerchi pi\u00f9 realistici, configurazioni multiple e un grado di personalizzazione che i volanti \"all-in-one\" non offrono. In pratica, sostituisce l'idea di un singolo volante fisso con quella di una base in evoluzione.<\/p>\n<p>Sul mercato, si posiziona chiaramente nella fascia media intelligente: pi\u00f9 serio e pi\u00f9 versatile delle soluzioni entry-level, meno lussuoso e meno costoso dei mozzi molto premium. \u00c8 un pezzo fondamentale per chi vuole una configurazione pulita e modulare, senza ricorrere a personalizzazioni estreme.<\/p>\n<p>Lo consiglierei ai piloti di simulazione che gi\u00e0 lavorano con Fanatec, che desiderano maggiore realismo e flessibilit\u00e0, soprattutto su PC, e che prevedono di utilizzare almeno due cerchi diversi nel medio termine. Per chi \u00e8 agli inizi, per chi non guida molto o per chi vuole un prodotto pronto all'uso senza fare domande, una ruota completa sar\u00e0 spesso pi\u00f9 rilevante.<\/p>\n<p>Se state cercando di aggiornare la vostra configurazione Fanatec con qualcosa di pi\u00f9 modulare, con un collegamento pi\u00f9 serio tra base e cerchio, il CSL Universal Hub V2 pu\u00f2 chiaramente fare la differenza per la vostra configurazione.<\/p>","protected":false},"excerpt":{"rendered":"<p>Questo mozzo mi ha dato la sensazione di aggiungere un collegamento solido e discreto tra la base e le lancette: una volta impostato, viene dimenticato e lascia che siano il cerchio e il FFB a parlare. Soprattutto, ha senso per i piloti di simulazione gi\u00e0 in possesso di Fanatec che vogliono alternare diversi cerchi realistici. Per questo profilo, il valore \u00e8 consistente e duraturo.<\/p>","protected":false},"featured_media":101111,"comment_status":"open","ping_status":"closed","template":"","meta":{"_acf_changed":false,"_et_pb_use_builder":"","_et_pb_old_content":"","_et_gb_content_width":""},"product_brand":[158],"product_cat":[153],"product_tag":[149,159,160],"class_list":{"0":"post-101110","1":"product","2":"type-product","3":"status-publish","4":"has-post-thumbnail","6":"product_brand-fanatec","7":"product_cat-accessoires","8":"product_tag-pc","9":"product_tag-playstation","10":"product_tag-xbox","12":"first","13":"instock","14":"shipping-taxable","15":"product-type-external"},"acf":[],"_links":{"self":[{"href":"https:\/\/simracergear.com\/it\/wp-json\/wp\/v2\/product\/101110","targetHints":{"allow":["GET"]}}],"collection":[{"href":"https:\/\/simracergear.com\/it\/wp-json\/wp\/v2\/product"}],"about":[{"href":"https:\/\/simracergear.com\/it\/wp-json\/wp\/v2\/types\/product"}],"replies":[{"embeddable":true,"href":"https:\/\/simracergear.com\/it\/wp-json\/wp\/v2\/comments?post=101110"}],"wp:featuredmedia":[{"embeddable":true,"href":"https:\/\/simracergear.com\/it\/wp-json\/wp\/v2\/media\/101111"}],"wp:attachment":[{"href":"https:\/\/simracergear.com\/it\/wp-json\/wp\/v2\/media?parent=101110"}],"wp:term":[{"taxonomy":"product_brand","embeddable":true,"href":"https:\/\/simracergear.com\/it\/wp-json\/wp\/v2\/product_brand?post=101110"},{"taxonomy":"product_cat","embeddable":true,"href":"https:\/\/simracergear.com\/it\/wp-json\/wp\/v2\/product_cat?post=101110"},{"taxonomy":"product_tag","embeddable":true,"href":"https:\/\/simracergear.com\/it\/wp-json\/wp\/v2\/product_tag?post=101110"}],"curies":[{"name":"wp","href":"https:\/\/api.w.org\/{rel}","templated":true}]}}