{"id":101346,"date":"2025-05-15T08:08:00","date_gmt":"2025-05-15T08:08:00","guid":{"rendered":"https:\/\/simracergear.com\/products\/moza-12-inch-round-wheel-mod-for-es\/"},"modified":"2025-11-28T05:15:29","modified_gmt":"2025-11-28T05:15:29","slug":"moza-12-inch-round-wheel-mod-for-es","status":"publish","type":"product","link":"https:\/\/simracergear.com\/it\/products\/moza-12-inch-round-wheel-mod-for-es\/","title":{"rendered":"MOZA Mod ruota rotonda da 12 pollici per ES"},"content":{"rendered":"<h2>MOZA 12 pollici Round Wheel Mod per ES: recensione completa dopo il test<\/h2>\n<p>Il MOZA 12-inch Round Wheel Mod for ES si rivolge a una categoria molto specifica di simracers: coloro che hanno una base ES (o un volante ES) che vogliono un vero e proprio volante rotondo pi\u00f9 versatile, senza far saltare il loro budget. Si tratta di una modifica, non di un volante completamente nuovo, ma in una configurazione questo tipo di cambiamento pu\u00f2 trasformare l'esperienza di guida.<\/p>\n<p>Sulla carta, questo 12 pollici promette un maggiore comfort per le discipline che si guidano meglio con un volante rotondo: rally, drifting, cruising, auto stradali GT o semplicemente sessioni di chill. \u00c8 la naturale evoluzione dell'ES originale, a volte considerato un po' troppo \"piccolo GT\" e non abbastanza versatile.<\/p>\n<p>Da parte mia, ho esaminato tre aspetti in particolare: la qualit\u00e0 percepita in rapporto al prezzo, la sensazione in mano durante le lunghe sessioni e il reale valore aggiunto in gioco rispetto al cerchio ES originale. In breve, questo mod vale l'investimento o \u00e8 solo un accessorio piacevole ma superfluo?<\/p>\n<p>Tanto vale dirlo subito: si tratta di un prodotto semplice e mirato, ma che svolge un ruolo molto concreto in un setup. Nessuna rivoluzione tecnologica, ma un cambiamento nella sensazione che pu\u00f2 fare la differenza se si guida spesso con un volante rotondo.<\/p>\n<h2>Progettazione e produzione<\/h2>\n<p>Dal punto di vista visivo, il MOZA 12 pollici Round Wheel Mod rimane sobrio. Il cerchio adotta un classico design rotondo, con un diametro di circa 30 cm, molto simile al volante di un'auto sportiva. \u00c8 proprio questa la sensazione che ho provato nelle mie mani: un formato familiare a cui \u00e8 facile abituarsi, che non sorprende ma rassicura immediatamente.<\/p>\n<p>La struttura emana seriet\u00e0. Il cerchio \u00e8 rigido, senza torsioni percepibili, anche se si spinge leggermente verso il basso. Si sente la base metallica sotto il rivestimento, che d\u00e0 l'impressione di densit\u00e0 che ci si aspetta da un volante degno di questo nome. Non \u00e8 all'altezza dei volanti di alta gamma che costano diverse centinaia di euro, ma \u00e8 pulito nella sua categoria.<\/p>\n<p>La superficie offre un buon compromesso tra presa e comfort. Non \u00e8 troppo abrasiva, ma nemmeno morbida. \u00c8 possibile guidare senza guanti senza rovinarsi le mani, il che \u00e8 importante per le lunghe sessioni. La sensazione \u00e8 pi\u00f9 vicina a quella di un volante da simulazione per \"consumatori seri\" che a quella di un volante da competizione hardcore, ma per il pubblico di riferimento \u00e8 coerente.<\/p>\n<p>Ci\u00f2 che mi ha colpito \u00e8 la coerenza con il mozzo\/volante ES esistente. Una volta montato il cerchio, l'insieme mantiene un'estetica omogenea e non si ha l'impressione che si tratti di un lavoro fai-da-te o di un componente aggiuntivo inserito per caso. L'assemblaggio rimane pulito, senza giochi e senza rumori sospetti quando si maneggia la ruota.<\/p>\n<p>Il fattore \"wow\" dei materiali \u00e8 quello che lo delude leggermente. Chi proviene da un volante in pelle premium di fascia molto alta o da una corona pi\u00f9 costosa, si render\u00e0 subito conto che il Round Mod da 12 pollici rimane nella fascia media. La finitura \u00e8 decente, ma non lussuosa. A questo prezzo \u00e8 difficile chiedere di pi\u00f9, ma \u00e8 bene saperlo se si cerca qualcosa di veramente top di gamma.<\/p>\n<p>Rispetto agli altri cerchi rotondi di fascia medio-alta presenti sul mercato, MOZA compete bene. La rigidit\u00e0 \u00e8 all'altezza, cos\u00ec come il comfort. Non \u00e8 una vetrina, \u00e8 uno strumento di simulazione progettato per essere usato spesso, senza stress.<\/p>\n<h2>Impostazioni, personalizzazione e compatibilit\u00e0<\/h2>\n<p>Trattandosi di un mod, la parte \"impostazioni\" del gioco si svolge principalmente attraverso il software MOZA Pit House e le possibilit\u00e0 offerte dal volante ES a cui \u00e8 collegato. Il Round Wheel Mod da 12 pollici non aggiunge pulsanti, schermi o funzioni elettroniche: modifica la forma, il diametro e quindi il modo in cui si utilizza la base.<\/p>\n<p>L'installazione \u00e8 semplice per chi ha gi\u00e0 familiarit\u00e0 con l'ecosistema MOZA. Si smonta il cerchio ES originale, si installa la mod rotonda e si trovano subito i profili in Pit House. La curva di apprendimento \u00e8 quindi pi\u00f9 fisica che software: sono necessarie alcune sessioni per regolare la posizione del sedile, l'altezza del volante e, a volte, l'intensit\u00e0 del FFB per adattarlo alla nuova leva.<\/p>\n<p>Le impostazioni veramente utili da regolare riguardano principalmente la forza complessiva e la velocit\u00e0 di rotazione. Con un diametro maggiore, lo sforzo percepito dalle braccia cambia leggermente, soprattutto su una base ES. Ho trovato una buona idea abbassare un po' la forza bruta per mantenere lo stesso affaticamento muscolare sulle corse lunghe, beneficiando al contempo di una migliore finezza di controllo.<\/p>\n<p>In termini di personalizzazione, la mod stessa \u00e8 piuttosto limitata. \u00c8 possibile regolare la posizione del volante nell'abitacolo, l'angolo e la distanza e aggiungere uno sgancio rapido, se non lo si \u00e8 gi\u00e0 fatto, ma il cerchio non \u00e8 stato progettato per accettare componenti aggiuntivi o pulsanti supplementari. \u00c8 una decisione consapevole: ci atteniamo a un quadro accessibile.<\/p>\n<p>Per quanto riguarda la compatibilit\u00e0, siamo ancora pienamente all'interno dell'ecosistema MOZA. La mod \u00e8 progettata per funzionare con il volante ES e quindi con le basi MOZA che lo supportano, essenzialmente su PC e, a seconda della configurazione, su alcune console tramite le soluzioni fornite dal marchio. Non trasforma magicamente la vostra configurazione in un sistema universale, ma si integra bene con quanto gi\u00e0 offerto da MOZA.<\/p>\n<p>In termini di possibilit\u00e0 di aggiornamento, la vedo come un intelligente trampolino di lancio: si pu\u00f2 iniziare con un ES standard, quindi aggiungere questa modifica per aprire la gamma di utilizzo (rally, strada, drift), senza passare immediatamente a una ruota top di gamma pi\u00f9 costosa. Se un giorno si dovesse salire di gamma, la logica imporr\u00e0 probabilmente di passare a un altro cerchio pi\u00f9 costoso, ma nel frattempo questa modifica potrebbe benissimo durare diverse stagioni.<\/p>\n<h2>Sensazioni in gioco<\/h2>\n<p>\u00c8 in pista che la mod ruota rotonda da 12 pollici MOZA si fa notare. Il semplice fatto di passare a un diametro pi\u00f9 vicino a quello di una ruota di un'auto vera cambia chiaramente il rapporto con il FFB, soprattutto su base ES.<\/p>\n<p>In curva, lo sterzo \u00e8 pi\u00f9 progressivo. La corsa della mano \u00e8 pi\u00f9 naturale, soprattutto sui tornanti e sulle curve lunghe a raggio costante. Non si ha l'impressione di \"rompere\" lo sterzo come con un cerchio piccolo, e le correzioni vengono effettuate con maggiore finezza. Per una guida pulita, questo \u00e8 davvero apprezzabile. Si ha una migliore percezione della posizione dell'auto nell'angolo di sterzata.<\/p>\n<p>Per quanto riguarda la lettura della presa, il cerchio non crea ovviamente il FFB, ma influenza il modo in cui lo si interpreta. Il diametro maggiore agisce come un leggero filtro meccanico: le piccole oscillazioni sono un po' meno secche, ma pi\u00f9 leggibili. Mi \u00e8 sembrato pi\u00f9 facile percepire il momento in cui l'anteriore inizia a stallare, soprattutto su vetture GT o stradali ad alte prestazioni.<\/p>\n<p>Per quanto riguarda i vibratori, il comportamento dipende molto dalle impostazioni di base, ma una cosa salta all'occhio: i colpi sono meno violenti, meno \"sbattuti\" sui polsi, pur essendo chiaramente percepibili. \u00c8 pi\u00f9 confortevole, ma sempre istruttivo. Dal punto di vista fisico, \u00e8 possibile affrontare lunghe sessioni senza avere la sensazione di lottare contro la base.<\/p>\n<p>Nel drifting e nei rally, il volante rotondo si rivela davvero perfetto. I movimenti di controsterzo diventano pi\u00f9 fluidi e la mano trova il suo posto in modo naturale. Anche su una ES, che non \u00e8 l'auto pi\u00f9 potente del mercato, la sensazione di lasciare il volante indietro e di recuperare \u00e8 pi\u00f9 vicina a quella di un'auto vera. Si capisce subito cosa sta facendo l'auto quando si perde aderenza.<\/p>\n<p>La consistenza \u00e8 buona anche nelle sessioni pi\u00f9 lunghe. Non ci sono punti caldi nell'impugnatura, n\u00e9 zone che affaticano maggiormente le mani. Il cerchio rimane stabile, non c'\u00e8 gioco e non ci sono rumori strani. Si ha l'impressione di uno strumento affidabile che pu\u00f2 essere maltrattato senza problemi in un rally o in una gara di endurance.<\/p>\n<p>Rispetto a un cerchio pi\u00f9 piccolo montato sulla stessa base, perdiamo un po' in sensazione di vivacit\u00e0 grezza, ma guadagniamo chiaramente in precisione nelle piccole regolazioni. Su una base meno potente, questa modifica aiuta quasi a sfruttare al meglio la coppia disponibile, smussando un po' le reazioni per renderle pi\u00f9 controllabili.<\/p>\n<p>Rispetto a una configurazione pi\u00f9 potente con una grande base a trazione diretta top di gamma e un cerchio premium, dobbiamo essere chiari: non stiamo giocando nella stessa lega in termini di dettagli FFB e realismo assoluto. Ma nella sua categoria, il MOZA 12 pollici Round Wheel Mod offre un valore aggiunto davvero percepibile per la maggior parte delle discipline, soprattutto quando si abbandona il puro circuito di F1\/singolo.<\/p>\n<p>L'impressione generale \u00e8 di immersione, comfort e sicurezza. Ci si sente pi\u00f9 \"in macchina\" e meno \"su un giocattolo\". Per molti simulatori, questo \u00e8 esattamente ci\u00f2 che cercano quando passano da un cerchio di base a un cerchio rotondo pi\u00f9 realistico.<\/p>\n<h2>Per chi \u00e8? Cosa ci piace \/ Cosa non ci piace<\/h2>\n<p>Questa mod \u00e8 chiaramente rivolta agli utenti dell'ecosistema MOZA che sono gi\u00e0 dotati di una base ES e di un volante ES standard. Il profilo ideale \u00e8 quello di un simulatore motivato, principiante o intermedio, che sta iniziando a familiarizzare con diverse discipline, non solo con la F1 o con le GT iper-racing. Se vi alternate tra gare su circuito, rally, drifting e guida su strada e guidate regolarmente, siete nel cuore del target.<\/p>\n<p>Ci\u00f2 che apprezzo di pi\u00f9 \u00e8 la maggiore versatilit\u00e0. Siamo passati da una ruota da simulazione piuttosto \"compatta\" a un cerchio che funziona bene in quasi tutti i contesti. Poi c'\u00e8 il comfort: il diametro e la forma rotonda fanno davvero la differenza per quanto riguarda l'affaticamento e la sensazione naturale dei movimenti. Infine, il rapporto qualit\u00e0\/prezzo \u00e8 interessante: senza investire in un volante completamente nuovo, si cambia davvero l'esperienza di guida.<\/p>\n<p>Ma ci sono dei limiti da tenere a mente. Il primo \u00e8 che si tratta solo di una modifica: se sperate di avere pi\u00f9 pulsanti, pi\u00f9 rotori, uno schermo pi\u00f9 grande o un aggiornamento spettacolare, probabilmente rimarrete delusi. Si cambia il cerchio, non l'intera ruota. In secondo luogo, i materiali e le finiture rimangono nella fascia media. Per un simulatore esigente che ha appena acquistato un volante premium molto costoso, la sensazione e l'aspetto possono sembrare un passo indietro. In terzo luogo, il valore reale del prodotto dipende interamente dalla vostra base attuale: se non siete su ES o se state pensando di cambiare base a breve termine, questo potrebbe non essere l'investimento pi\u00f9 appropriato.<\/p>\n<p>In termini di valore percepito, lo considero un investimento intelligente piuttosto che un acquisto passionale irragionevole. Non stiamo parlando di un accessorio estetico, ma di qualcosa che cambia il controllo e il comfort. Per una configurazione MOZA incentrata sulla base ES, il denaro viene speso per qualcosa che si percepisce in ogni momento.<\/p>\n<h2>Il verdetto<\/h2>\n<p>Il MOZA 12 pollici Round Wheel Mod per ES non rivoluziona un setup, ma ne cambia chiaramente il DNA. Passiamo da una ruota compatta un po' \"versatile per difetto\" a una vera ruota rotonda, pi\u00f9 vicina a una vera auto, pi\u00f9 comoda e pi\u00f9 adatta a un'ampia gamma di utilizzi. \u00c8 il tipo di piccolo cambiamento che, in pratica, rende le sessioni pi\u00f9 piacevoli e pi\u00f9 costanti.<\/p>\n<p>Sul mercato, si posiziona come prodotto di fascia media, progettato per rafforzare l'ecosistema MOZA attorno alla base ES piuttosto che per rivolgersi al mercato ultra-premium. Il suo ruolo \u00e8 semplice: offrire un'evoluzione logica per chi vuole portare le proprie sensazioni a un livello superiore senza tornare a un volante completo molto pi\u00f9 costoso.<\/p>\n<p>La consiglio soprattutto ai simulatori di PC che hanno gi\u00e0 installato una MOZA, che guidano regolarmente e che amano variare le discipline. Per chi punta a breve termine a una base pi\u00f9 potente con un volante di alta gamma, questa modifica sar\u00e0 pi\u00f9 una fase di transizione che una soluzione definitiva. Per un giocatore occasionale, il guadagno potrebbe essere meno evidente del costo.<\/p>\n<p>Se volete rendere il vostro volante ES pi\u00f9 realistico, pi\u00f9 confortevole e pi\u00f9 adatto ai rally, alle derapate e alla guida \"su strada\", questo prodotto pu\u00f2 chiaramente fare la differenza per la vostra configurazione.<\/p>","protected":false},"excerpt":{"rendered":"<p>Questa modifica offre un volante rotondo pi\u00f9 naturale, comodo e versatile, che cambia davvero la sensazione di guida quotidiana senza stravolgere il resto della configurazione. Ha senso per i simracers che hanno gi\u00e0 una base ES, che guidano spesso e sono impegnati in diverse discipline. Il valore \u00e8 consistente: un investimento misurato per un miglioramento che si avverte a ogni sessione.<\/p>","protected":false},"featured_media":101347,"comment_status":"open","ping_status":"closed","template":"","meta":{"_acf_changed":false,"_et_pb_use_builder":"","_et_pb_old_content":"","_et_gb_content_width":""},"product_brand":[165],"product_cat":[153],"product_tag":[149],"class_list":{"0":"post-101346","1":"product","2":"type-product","3":"status-publish","4":"has-post-thumbnail","6":"product_brand-moza-racing","7":"product_cat-accessoires","8":"product_tag-pc","10":"first","11":"instock","12":"shipping-taxable","13":"product-type-external"},"acf":[],"_links":{"self":[{"href":"https:\/\/simracergear.com\/it\/wp-json\/wp\/v2\/product\/101346","targetHints":{"allow":["GET"]}}],"collection":[{"href":"https:\/\/simracergear.com\/it\/wp-json\/wp\/v2\/product"}],"about":[{"href":"https:\/\/simracergear.com\/it\/wp-json\/wp\/v2\/types\/product"}],"replies":[{"embeddable":true,"href":"https:\/\/simracergear.com\/it\/wp-json\/wp\/v2\/comments?post=101346"}],"wp:featuredmedia":[{"embeddable":true,"href":"https:\/\/simracergear.com\/it\/wp-json\/wp\/v2\/media\/101347"}],"wp:attachment":[{"href":"https:\/\/simracergear.com\/it\/wp-json\/wp\/v2\/media?parent=101346"}],"wp:term":[{"taxonomy":"product_brand","embeddable":true,"href":"https:\/\/simracergear.com\/it\/wp-json\/wp\/v2\/product_brand?post=101346"},{"taxonomy":"product_cat","embeddable":true,"href":"https:\/\/simracergear.com\/it\/wp-json\/wp\/v2\/product_cat?post=101346"},{"taxonomy":"product_tag","embeddable":true,"href":"https:\/\/simracergear.com\/it\/wp-json\/wp\/v2\/product_tag?post=101346"}],"curies":[{"name":"wp","href":"https:\/\/api.w.org\/{rel}","templated":true}]}}