{"id":101379,"date":"2025-05-15T08:09:00","date_gmt":"2025-05-15T08:09:00","guid":{"rendered":"https:\/\/simracergear.com\/products\/moza-es-formula-wheel-mod\/"},"modified":"2025-11-28T05:20:05","modified_gmt":"2025-11-28T05:20:05","slug":"moza-es-formula-wheel-mod","status":"publish","type":"product","link":"https:\/\/simracergear.com\/it\/products\/moza-es-formula-wheel-mod\/","title":{"rendered":"MOZA ES Formula Wheel Mod"},"content":{"rendered":"<h2>MOZA ES Formula Wheel Mod: la mia opinione dopo l'uso<\/h2>\n<p>Il MOZA ES Formula Wheel Mod \u00e8 il tipo di accessorio che viene sottovalutato a prima vista. \u00c8 \"solo\" una modifica per trasformare il volante ES di base in un volante monoposto, ma in una configurazione cambia molto di pi\u00f9 di quanto suggerisca il suo prezzo. \u00c8 chiaramente rivolto agli utenti dell'ecosistema MOZA che gi\u00e0 guidano con un volante ES rotondo e che desiderano qualcosa di pi\u00f9 adatto alla F1, alle moderne GT o alle gare di durata.<\/p>\n<p>Il suo ruolo \u00e8 semplice: offrire una presa pi\u00f9 logica per le auto da corsa, un migliore supporto per la mano e un maggiore controllo nei passaggi veloci, senza dover investire in un volante full formula molto pi\u00f9 costoso. \u00c8 interessante perch\u00e9 promette una transizione graduale da un volante \"entry-level\" a un volante pi\u00f9 serio, senza dover rifare l'intera configurazione.<\/p>\n<p>Per quanto mi riguarda, ho affrontato la questione da due punti di vista: la qualit\u00e0 costruttiva rispetto al prezzo e l'impatto reale in pista in termini di controllo, fatica e consistenza del feeling rispetto alle ruote formula di fascia superiore. L'idea \u00e8 quella di capire se questo Mod \u00e8 un upgrade davvero utile o solo un bell'aspetto estetico.<\/p>\n<h2>Progettazione e produzione: un vero passo avanti rispetto alla ruota ES nuda e cruda<\/h2>\n<p>Visivamente, il Mod trasforma completamente il volante ES. Si passa da un volante rotondo piuttosto convenzionale a un formato pi\u00f9 compatto, tipo monoposto\/GT, con fondo piatto e impugnature pi\u00f9 pronunciate. In mano, la differenza \u00e8 immediata: si sente che la presa \u00e8 pi\u00f9 seria, pi\u00f9 sicura.<\/p>\n<p>Le piastre che compongono il Mod sono in metallo, con un taglio netto e una discreta impressione di rigidit\u00e0. Nulla si muove, nulla scricchiola. Una volta assemblati, non si ha la sensazione di aver aggiunto un pezzo fragile o assemblato alla rinfusa: l'insieme ES + Formula Mod diventa un insieme coerente. Questo \u00e8 un aspetto positivo in termini di sicurezza, soprattutto se si utilizza una base Direct Drive un po' tesa.<\/p>\n<p>Le impugnature, in finta gomma o in gomma testurizzata a seconda della versione, offrono una presa decente. La texture aderisce bene alle mani, anche senza guanti. La densit\u00e0 non \u00e8 paragonabile a quella dei volanti in alcantara o in vera pelle, ma per il prezzo a cui puntiamo \u00e8 ancora perfettamente accettabile. \u00c8 subito chiaro che l'obiettivo \u00e8 quello di fornire forma e sostegno, non di giocare alla pari con volanti che costano tre volte tanto.<\/p>\n<p>Il lato leggermente deludente \u00e8 la sensazione di leggerezza che si prova quando si proviene da una ruota di formula pi\u00f9 massiccia. La struttura non \u00e8 fragile, ma si ha la sensazione che la ruota originale non sia un telaio top di gamma, quindi anche se la Mod migliora l'insieme, non si trasforma magicamente in una ruota full carbon. Rispetto ad altre ruote di fascia medio-alta presenti sul mercato, \u00e8 un passo avanti rispetto a una semplice ruota in plastica, ma un passo indietro rispetto ai modelli in metallo con impugnature spesse e materiali pregiati.<\/p>\n<p>Nel complesso, in termini di qualit\u00e0 percepita\/prezzo, il Mod fa il suo dovere: d\u00e0 davvero l'impressione di aggiornare il volante ES, non solo di applicare un'estensione estetica.<\/p>\n<h2>Impostazioni, personalizzazione e compatibilit\u00e0: un aggiornamento molto plug &amp; play<\/h2>\n<p>Il MOZA ES Formula Wheel Mod \u00e8 stato progettato per essere facile da usare. La personalizzazione avviene principalmente nella fase di montaggio: si fissano le piastre, si controlla l'allineamento e, una volta serrate correttamente, non si toccano pi\u00f9. Non ci sono regolazioni meccaniche complesse: tutto sta nella forma e nella sensazione.<\/p>\n<p>Dal punto di vista del software, tutto passa attraverso l'ecosistema MOZA Pit House. Non stiamo parlando di opzioni specifiche per i Mod, ma l'ergonomia del volante ES rimane la stessa: i pulsanti sono sempre accessibili, cos\u00ec come i joystick e gli encoder. La nuova forma potrebbe modificare leggermente le abitudini per raggiungere alcuni pulsanti alle estremit\u00e0, ma la maggior parte dei ciclisti ci prender\u00e0 la mano in poche sessioni. La curva di apprendimento \u00e8 breve: il cambiamento pi\u00f9 importante \u00e8 la posizione della mano, non la logica di controllo.<\/p>\n<p>In termini di compatibilit\u00e0, rimaniamo nell'ambito di MOZA: si rivolge a chi possiede gi\u00e0 una base MOZA e un volante ES. Per quanto riguarda il PC, non c'\u00e8 da preoccuparsi: tutto viene riconosciuto come il volante originale, poich\u00e9 la mod non aggiunge alcun componente elettronico. Per le console vale la stessa regola di MOZA: la compatibilit\u00e0 dipende dalla base e dai gateway previsti, non dalla Mod in s\u00e9.<\/p>\n<p>Per quanto riguarda l'ecosistema complessivo, \u00e8 piuttosto intelligente: questa mod consente di aggiornare una configurazione entry\/midrange senza investire in una nuova formula di volante completa. Potete concentrare il vostro budget su una base, una pedaliera o un cockpit migliori e tenere questa mod come \"ponte\" tra le fasi della vostra configurazione. Chiaramente, si tratta pi\u00f9 di un punto di ingresso verso un feeling pi\u00f9 racing che di una soluzione definitiva per i puristi che alla fine punteranno a un volante formula top di gamma. Ma come tappa intermedia \u00e8 molto coerente.<\/p>\n<h2>MOZA ES Formula Wheel Mod in gioco: cosa cambia realmente?<\/h2>\n<p>In pista, il Mod non crea alcuna forza aggiuntiva, ma cambia il modo in cui si sfruttano la coppia e il feedback della base. \u00c8 qui che la cosa si fa interessante.<\/p>\n<p>Il primo impatto \u00e8 la precisione in curva. Con la forma della formula, le mani si posizionano naturalmente alle 9:15. La leva del braccio \u00e8 pi\u00f9 corta e la corsa utile di rotazione sembra pi\u00f9 controllabile, soprattutto nei passaggi veloci come le chicane, le S veloci o le grandi curve con leggere regolazioni. Si percepisce meglio il punto in cui la macchina inizia a muoversi, senza dover fare gesti angolari troppo ampi. Su una base meno potente, d\u00e0 una sensazione di maggiore controllo. Su una base pi\u00f9 ricca di coppia, permette di domare la forza senza doversi sforzare fisicamente come su un volante grande e rotondo.<\/p>\n<p>Quando si tratta di leggere l'aderenza, il cambiamento deriva principalmente dalla fermezza dell'appoggio. Piccole perdite di aderenza, microcorrezioni ad alta velocit\u00e0 e fine della frenata in appoggio sono pi\u00f9 facili da gestire perch\u00e9 le mani sono pi\u00f9 bloccate sulle impugnature. Le braccia si muovono meno, i polsi e le dita di pi\u00f9. Le informazioni del FFB sembrano pi\u00f9 chiare, anche se non sono cambiate: \u00e8 il modo in cui le filtrate con il vostro corpo che cambia. \u00c8 pi\u00f9 facile capire cosa sta facendo il retro della macchina.<\/p>\n<p>Anche i vibratori si comportano in modo diverso. Su una ruota rotonda, si tende ad assorbire parte delle scosse nelle spalle e nelle braccia. Con questa formula Mod, la sensazione si concentra maggiormente nei polsi e negli avambracci, il che rende i vibratori e i bordi pi\u00f9 \"affilati\" senza necessariamente renderli pi\u00f9 violenti. Si ha una buona sensazione quando si \u00e8 a cavallo del vibratore, quando si taglia un po' troppo vicino o quando si torna in pista. \u00c8 molto utile per attaccare i punti di corda.<\/p>\n<p>In caso di sessioni prolungate, il grande vantaggio \u00e8 l'affaticamento controllato. La forma della formula incoraggia a pedalare con le braccia leggermente pi\u00f9 vicine, pi\u00f9 in basso e meno tese. Dopo un po', le spalle e la parte superiore della schiena vi ringrazieranno. Soprattutto su una base Direct Drive di fascia media, dove la coppia \u00e8 gi\u00e0 notevole: si perde meno energia nel tenere il volante e si conserva di pi\u00f9 per essere precisi. Su una base pi\u00f9 modesta, la differenza \u00e8 minore per quanto riguarda l'affaticamento legato alla forza, ma rende comunque la postura pi\u00f9 naturale per le discipline di tipo F1 o LMP.<\/p>\n<p>Nelle correzioni veloci, si nota chiaramente la differenza rispetto a un volante grande e rotondo. In uscita da una curva con un leggero sovrasterzo o in una scivolata imprevista, il controsterzo \u00e8 pi\u00f9 breve e pi\u00f9 netto. Non \u00e8 necessario riprendere il volante girando molto. Si gioca da un angolo pi\u00f9 stretto, con movimenti pi\u00f9 brevi. Risultato: maggiore sicurezza quando si guida al limite. Si osa di pi\u00f9 avvicinarsi al punto di rottura dell'aderenza, perch\u00e9 si sa di poterlo correggere senza lottare con il volante.<\/p>\n<p>Rispetto a una ruota formula dedicata di fascia alta, la MOZA ES Formula Wheel Mod non trasformer\u00e0 magicamente la vostra esperienza di guida in un'esperienza di \"livello professionale\". La massa, i materiali e la rigidit\u00e0 complessiva di una ruota premium le conferiscono ancora un vantaggio in termini di finezza. Tuttavia, rispetto alla ruota ES standard, il salto \u00e8 evidente: stiamo passando da una ruota \"consumer\" di uso generale a una forma veramente orientata alle corse. \u00c8 in questi piccoli dettagli che l'esperienza cambia: il posizionamento della mano, l'ampiezza percepita della rotazione, il modo in cui il FFB viene assorbito. Si governa pi\u00f9 con le dita e i polsi che con le spalle e questo ha un impatto immediato sulla precisione.<\/p>\n<h2>Per chi \u00e8? E cosa ci piace\/non ci piace<\/h2>\n<p>Il MOZA ES Formula Wheel Mod \u00e8 chiaramente rivolto ai simulatori che gi\u00e0 fanno parte dell'ecosistema MOZA, in particolare a coloro che guidano su PC con una base Direct Drive entry-level o di fascia media e che utilizzano ancora il volante ES originale. Per un principiante motivato che sta iniziando a dedicarsi seriamente alla F1, alla GT3 o alle gare di endurance, questo \u00e8 un modo eccellente per soddisfare le esigenze di queste categorie senza far saltare il budget. Per un utente intermedio, \u00e8 il logico upgrade prima di passare a un vero volante da formula specializzato. Per un pilota molto esperto con una base top di gamma, pu\u00f2 essere un volante secondario, ma non sar\u00e0 il volante principale.<\/p>\n<p>Ci\u00f2 che apprezzo di pi\u00f9 \u00e8 l'immediato miglioramento della maneggevolezza: la posizione delle mani \u00e8 pi\u00f9 naturale per le corse, il controllo \u00e8 pi\u00f9 intuitivo e si ha la sensazione di guadagnare in finezza senza dover \"reimparare\" a guidare. C'\u00e8 poi la sensazione di coerenza nell'ecosistema MOZA: il Mod si inserisce perfettamente, non aggiunge complessit\u00e0 e consente di ottenere un valore maggiore dalla ruota ES, che molti considerano solo una ruota di partenza. Infine, il rapporto prezzo\/utilit\u00e0 \u00e8 molto buono: a fronte di un investimento relativamente contenuto, si ottiene un cambiamento tangibile nel modo di pedalare, non solo un look pi\u00f9 racing.<\/p>\n<p>Ma ci sono dei limiti. Il primo \u00e8 che la base rimane il volante ES: se cercate materiali pregiati, pelle spessa o alcantara e una sensazione ultra-massiccia, raggiungerete rapidamente i limiti di ci\u00f2 che questo Mod pu\u00f2 sublimare. In secondo luogo, il Mod non modifica nessuno dei pulsanti, dei paddle o dell'elettronica: se siete gi\u00e0 frustrati da questi aspetti, non \u00e8 una soluzione miracolosa. Il terzo \u00e8 che si rivolge solo agli utenti MOZA: \u00e8 impossibile utilizzarlo al di fuori di questo ecosistema, quindi in termini di rivendita o longevit\u00e0 multipiattaforma \u00e8 pi\u00f9 limitato di un volante indipendente.<\/p>\n<p>In termini di valore percepito, si tratta di un accessorio intelligente: non sostituisce la necessit\u00e0 di acquistare un vero volante di formula top di gamma, ma ritarda tale necessit\u00e0 e d\u00e0 al volante ES una seconda vita. Per molti allestimenti in cui ogni euro conta, \u00e8 un investimento intelligente piuttosto che un capriccio.<\/p>\n<h2>Verdetto: una semplice modifica che cambia davvero il modo in cui si pedala<\/h2>\n<p>Il MOZA ES Formula Wheel Mod pu\u00f2 non essere un sogno quando si tratta di specifiche tecniche, ma quando si tratta del volante, \u00e8 un vero passo avanti. Trasforma il volante ES dal \"volante predefinito fornito con la base\" in uno strumento pi\u00f9 adatto alle moderne auto da corsa. I principali vantaggi riguardano il controllo, la precisione dei movimenti e il comfort nel tempo. Su una configurazione di fascia media, l'impatto \u00e8 maggiore di quanto il prezzo possa far pensare.<\/p>\n<p>Sul mercato, questa mod \u00e8 un accessorio di fascia media ben posizionato: non \u00e8 premium, ma non \u00e8 nemmeno un semplice gadget estetico. Si tratta di un ragionevole punto di intersezione tra una configurazione iniziale e una configurazione pi\u00f9 seria, ideale per coloro che desiderano passare al livello superiore in modo graduale, senza spendere tutto il loro budget in una volta sola.<\/p>\n<p>Lo consiglio chiaramente agli utenti MOZA che utilizzano ancora i volanti ES e che amano le gare di F1, GT e prototipi. Per un purista gi\u00e0 dotato di una base molto potente e di volanti di alta gamma, l'interesse sar\u00e0 pi\u00f9 limitato, se non come ruota di scorta. Per chi non fa parte dell'ecosistema MOZA, semplicemente non ha senso.<\/p>\n<p>Se state cercando di rendere il vostro volante ES pi\u00f9 preciso, pi\u00f9 coerente con le moderne auto da corsa e di ottenere un maggiore controllo senza spendere troppo, questo MOZA ES Formula Wheel Mod pu\u00f2 chiaramente fare la differenza per la vostra configurazione.<\/br><\/p>","protected":false},"excerpt":{"rendered":"<p>Questa mod mi ha dato la sensazione di trasformare un semplice volante \"di default\" in uno strumento molto pi\u00f9 coerente per le gare moderne, con pi\u00f9 controllo e meno fatica. Ha davvero senso per gli utenti MOZA con ruote ES che gareggiano in F1\/GT\/endurance e vogliono passare a una marcia superiore senza cambiare un volante completo. Il rapporto qualit\u00e0-prezzo \u00e8 molto solido.<\/p>","protected":false},"featured_media":101380,"comment_status":"open","ping_status":"closed","template":"","meta":{"_acf_changed":false,"_et_pb_use_builder":"","_et_pb_old_content":"","_et_gb_content_width":""},"product_brand":[165],"product_cat":[153],"product_tag":[149],"class_list":{"0":"post-101379","1":"product","2":"type-product","3":"status-publish","4":"has-post-thumbnail","6":"product_brand-moza-racing","7":"product_cat-accessoires","8":"product_tag-pc","10":"first","11":"instock","12":"shipping-taxable","13":"product-type-external"},"acf":[],"_links":{"self":[{"href":"https:\/\/simracergear.com\/it\/wp-json\/wp\/v2\/product\/101379","targetHints":{"allow":["GET"]}}],"collection":[{"href":"https:\/\/simracergear.com\/it\/wp-json\/wp\/v2\/product"}],"about":[{"href":"https:\/\/simracergear.com\/it\/wp-json\/wp\/v2\/types\/product"}],"replies":[{"embeddable":true,"href":"https:\/\/simracergear.com\/it\/wp-json\/wp\/v2\/comments?post=101379"}],"wp:featuredmedia":[{"embeddable":true,"href":"https:\/\/simracergear.com\/it\/wp-json\/wp\/v2\/media\/101380"}],"wp:attachment":[{"href":"https:\/\/simracergear.com\/it\/wp-json\/wp\/v2\/media?parent=101379"}],"wp:term":[{"taxonomy":"product_brand","embeddable":true,"href":"https:\/\/simracergear.com\/it\/wp-json\/wp\/v2\/product_brand?post=101379"},{"taxonomy":"product_cat","embeddable":true,"href":"https:\/\/simracergear.com\/it\/wp-json\/wp\/v2\/product_cat?post=101379"},{"taxonomy":"product_tag","embeddable":true,"href":"https:\/\/simracergear.com\/it\/wp-json\/wp\/v2\/product_tag?post=101379"}],"curies":[{"name":"wp","href":"https:\/\/api.w.org\/{rel}","templated":true}]}}