{"id":101401,"date":"2025-05-15T08:09:00","date_gmt":"2025-05-15T08:09:00","guid":{"rendered":"https:\/\/simracergear.com\/products\/moza-gs-v2p-gt-wheel\/"},"modified":"2025-11-28T05:23:38","modified_gmt":"2025-11-28T05:23:38","slug":"moza-gs-v2p-gt-wheel","status":"publish","type":"product","link":"https:\/\/simracergear.com\/it\/products\/moza-gs-v2p-gt-wheel\/","title":{"rendered":"Ruota MOZA GS V2P GT"},"content":{"rendered":"<h2>MOZA GS V2P GT Wheel: una ruota GT che vuole giocare in serie A<\/h2>\n<p>Il volante MOZA GS V2P GT \u00e8 chiaramente posizionato come un volante GT top di gamma per i piloti di simulazione pi\u00f9 esigenti, progettato soprattutto per la guida diretta su PC. Si rivolge a coloro che desiderano un'aderenza seria, un'ergonomia reale e il massimo controllo senza esagerare con l'ultra-prezzo. In breve: un volante di tipo GT3\/GT4 moderno e orientato alle prestazioni, con un rapporto qualit\u00e0-prezzo aggressivo.<\/p>\n<p>Cosa promette: un telaio rigido, numerosi controlli con le dita, efficaci paddle magnetici e un display di bordo che consente di non dover fare affidamento solo sull'HUD durante il gioco. Il tutto in un formato relativamente compatto che durer\u00e0 a lungo senza stancare.<\/p>\n<p>Il mio punto di vista: sensazione in mano, qualit\u00e0 percepita, ergonomia di gara e consistenza complessiva in una configurazione di simulazione di gara. La GS V2P offre un vantaggio reale rispetto a una ruota entry-level o di fascia media? \u00c8 in grado di tenere il passo in sessioni lunghe e multi-stage, con frequenti cambi di impostazione? E soprattutto, giustifica l'investimento quando si gareggia gi\u00e0 con un volante pi\u00f9 semplice?<\/p>\n<p>Andiamo al sodo: costruzione, comfort, personalizzazione e sensazioni in pista.<\/p>\n<h2>Design e produzione: un volante GT veramente moderno<\/h2>\n<p>In mano, il MOZA GS V2P d\u00e0 subito l'impressione di un prodotto serio. Il telaio \u00e8 in metallo, le finiture sono pulite e la rigidit\u00e0 vi fa sentire a vostro agio su una base a trasmissione diretta con molta coppia. Nulla si muove, nulla si rompe, anche quando si forzano le correzioni. La struttura \u00e8 progettata per sopportare le sollecitazioni.<\/p>\n<p>Le impugnature sono in Alcantara o in simil-scamosciato, a seconda della versione, con una discreta densit\u00e0 di schiuma. La forma \u00e8 tipicamente GT: piatta, con bordi ben marcati e leggere impronte digitali. In mano, la presa \u00e8 naturale, si trova rapidamente la propria posizione e il volante rimane comodo anche quando si inizia ad aumentare il ritmo. Per le lunghe sessioni, questo \u00e8 un vero punto di forza. Non si lotta con la presa, ma si guida.<\/p>\n<p>I tasti scattano in modo pulito, n\u00e9 troppo forti n\u00e9 troppo morbidi, e la disposizione \u00e8 abbastanza logica da non costringere l'utente a cercare a lungo. Le manopole rotanti hanno un clic pulito, non giocattoloso, e gli interruttori a levetta ispirano fiducia. Il pannello frontale \u00e8 un mix di metallo e inserti colorati, con un'estetica chiaramente da GT moderna. Visivamente, sembra un vero apparecchio da corsa, non un accessorio da salotto.<\/p>\n<p>Le pale magnetiche sequenziali sono solide, con un feedback secco e preciso. Si ha una buona sensazione del punto di contatto, senza corse morbide o fluttuazioni. Il rumore \u00e8 presente ma non indecente, tipico delle palette magnetiche in metallo: fa rumore, ma \u00e8 questo che gli conferisce una sensazione meccanica molto diretta. \u00c8 soprattutto nei cambi ripetuti a pieno carico che si apprezza questa nitidezza.<\/p>\n<p>Rispetto ad altri volanti del segmento, siamo ben al di sopra di quanto si trova sui volanti in plastica pi\u00f9 comuni e non molto lontani da modelli molto pi\u00f9 costosi in termini di rigidit\u00e0 e sensazione di blocco solido. L'unica riserva riguarda la tenuta dell'Alcantara nel tempo se si guida senza guanti: come per la maggior parte delle ruote di questo tipo, \u00e8 probabile che si segni. Per un uso intensivo, si consigliano i guanti.<\/p>\n<p>Nel complesso, la costruzione ispira fiducia. \u00c8 possibile montarlo su una robusta trasmissione diretta senza chiedersi se il volante lo seguir\u00e0.<\/p>\n<h2>Impostazioni, personalizzazione e compatibilit\u00e0<\/h2>\n<p>Per quanto riguarda le impostazioni, il GS V2P beneficia chiaramente dell'ecosistema MOZA. Il software consente di mappare ogni pulsante, assegnare i rotary, gestire il display di bordo e regolare alcuni elementi senza perdersi in infiniti sottomenu. L'interfaccia \u00e8 abbastanza facile da capire per chiunque abbia un minimo di esperienza nelle corse simulate, anche se all'inizio richiede un po' di tempo per abituarsi.<\/p>\n<p>I comandi rotanti sono particolarmente utili per gestire direttamente il TC, l'ABS, i freni o la distribuzione del motore, a seconda del gioco. Il punto interessante \u00e8 che \u00e8 possibile adattare la distribuzione delle funzioni in base al proprio stile: alcuni preferiscono avere tutto sotto il pollice destro, altri \"separano le zone\" tra la mano destra e quella sinistra. Una volta stabilito il modo in cui volete organizzarvi, risparmierete tempo e sarete pi\u00f9 tranquilli durante le gare.<\/p>\n<p>C'\u00e8 una curva di apprendimento, soprattutto se si proviene da un volante pi\u00f9 semplice con pochi comandi. Bisogna memorizzare dove si trovano le funzioni critiche (limitatore dei box, radio, miscela del motore, ecc.) e accettare di passare qualche sessione a regolarle. Ma poi tutto diventa automatico. Non ci si pensa, lo si fa.<\/p>\n<p>In termini di compatibilit\u00e0, il GS V2P \u00e8 stato progettato principalmente per l'uso su PC con l'ecosistema MOZA: foderi, cruscotti, guarniture, cambi e freni a mano a trasmissione diretta del marchio. \u00c8 qui che si rivela davvero utile. Sulle console \u00e8 molto pi\u00f9 limitato, o addirittura inesistente, a seconda della configurazione. Se il vostro obiettivo \u00e8 giocare principalmente su console, questo volante non \u00e8 chiaramente la scelta pi\u00f9 logica.<\/p>\n<p>In termini di aggiornabilit\u00e0, \u00e8 una ruota che si adatta bene a un setup che pu\u00f2 crescere: si pu\u00f2 iniziare con una base MOZA di fascia media, per poi passare a una base pi\u00f9 potente mantenendo la GS V2P. La rigidit\u00e0 e il design sono sufficienti per seguire l'evoluzione del setup. Non si tratta solo di un punto di ingresso usa e getta, ma piuttosto di un pezzo di kit che pu\u00f2 rimanere al centro dell'abitacolo per molto tempo.<\/p>\n<h2>Sensazioni di gioco: precisione, aderenza e controllo<\/h2>\n<p>Dove il MOZA GS V2P si fa notare \u00e8 in pista, con una base di trazione diretta ben messa a punto. Grazie alla forma del volante, al suo diametro e alla sua rigidit\u00e0, la lettura del FFB diventa molto chiara. Si ha una buona percezione di ci\u00f2 che sta facendo l'avantreno: il carico sull'asse, le variazioni di aderenza, il momento in cui lo sterzo inizia ad allentarsi. Si capisce subito dove si trova il limite.<\/p>\n<p>Nelle curve veloci, la stabilit\u00e0 del telaio e l'aderenza aiutano molto. \u00c8 possibile mantenere un angolo preciso senza microcorrezioni parassite. Su una base pi\u00f9 debole o con un volante pi\u00f9 morbido, a volte si ha quella sensazione di galleggiamento al centro. In questo caso, il centro \u00e8 ben definito e si percepiscono le leggere variazioni di coppia, che permettono di seguire l'aderenza con finezza. Si ha davvero la sensazione di guidare l'auto, non di essere sotto di essa.<\/p>\n<p>Nelle curve lente, dove gli angoli sono pi\u00f9 pronunciati, la forma piatta del GT offre una buona leva, senza richiedere grandi movimenti circolari come su un volante pi\u00f9 rotondo. Quando si tratta di manovre di controsterzo, lo si sente subito: le correzioni rapide sono facili da fare, il volante torna nella mano del guidatore e non si perde il filo. \u00c8 un vero vantaggio quando si tratta di scivolate controllate o di perdere il posteriore.<\/p>\n<p>Sui vibratori, il feedback \u00e8 chiaro, dettagliato ma non eccessivamente aggressivo, se la base \u00e8 impostata in modo ragionevole. \u00c8 possibile vedere chiaramente la consistenza dei bordi, i cambiamenti di superficie e i salti delle ruote. Non \u00e8 una sensazione confusa. Si sa se si sta mordendo il vibratore nel modo giusto o se si sta spingendo troppo fino a destabilizzare l'auto. In questo caso, la combinazione di un volante rigido e di una buona trasmissione FFB fa il suo dovere.<\/p>\n<p>Nelle lunghe sessioni, ci\u00f2 che risalta \u00e8 la consistenza. La presa rimane piacevole, i materiali non affaticano le mani se si utilizzano guanti adatti e l'ergonomia generale non affatica i polsi. Le palette rimangono affilate anche dopo centinaia di cambi di marcia. Non si avverte alcuna sensazione di gioco o di aumento del rumore.<\/p>\n<p>Rispetto a una ruota pi\u00f9 semplice, con plastica e meno rigidit\u00e0, il principale vantaggio \u00e8 la precisione di lettura. Le piccole sfumature della FFB non vengono pi\u00f9 \"mangiate\" dalla flessibilit\u00e0 della ruota. Si beneficia davvero della coppia della base. Rispetto a una ruota molto pi\u00f9 costosa e di alta gamma, perdiamo un po' in termini di raffinatezza dei materiali e di dettaglio delle finiture, ma il cuore dell'esperienza - controllo, fiducia, immersione - \u00e8 gi\u00e0 l\u00ec.<\/p>\n<p>Nelle correzioni veloci, come le chicane aggressive o la sopravvivenza in un pacchetto di linee, si sente che la GS V2P \u00e8 a suo agio. La sequenza dei movimenti del volante \u00e8 pulita e prevedibile. Non si esita ad andare al limite, semplicemente perch\u00e9 il volante ci dice chiaramente cosa sta succedendo. Si capisce subito cosa sta facendo l'auto.<\/p>\n<p>Nel complesso, l'immersivit\u00e0 \u00e8 buona. Il display di bordo, a seconda dei giochi compatibili, consente di tenere lo sguardo pi\u00f9 sulla pista che sugli HUD esterni. I comandi sono facili da usare. Rimaniamo nella zona in cui l'hardware scompare un po' a vantaggio della guida, che \u00e8 esattamente ci\u00f2 che ci aspettiamo da un buon volante GT.<\/p>\n<h2>Per chi \u00e8? Cosa ci piace \/ Cosa non ci piace<\/h2>\n<p>Il MOZA GS V2P si rivolge soprattutto ai piloti di simulazione per PC che dispongono gi\u00e0 di un equipaggiamento minimo e che desiderano salire di livello in termini di \"volante GT\" senza necessariamente passare al top della gamma ultraeconomica. Profilo tipico: utente di base della guida diretta (o in procinto di diventarlo), che guida regolarmente, ama le auto GT, i prototipi e le monoposto moderne, e attribuisce importanza all'ergonomia e alle sensazioni piuttosto che all'estetica puramente decorativa.<\/p>\n<p>Mi \u00e8 piaciuta soprattutto la rigidit\u00e0 e la solidit\u00e0 generale. Sembra una ruota che pu\u00f2 sopportare un po' di maltrattamenti senza vacillare. Poi c'\u00e8 la presa molto naturale: la forma, le dimensioni e l'impugnatura funzionano bene insieme e ci si sente subito a casa. Infine, l'ergonomia dei comandi, con un numero di pulsanti e manopole sufficiente a gestire un'auto moderna completa senza dover scendere a frustranti compromessi. Si guida, si regola, si gestisce la gara, tutto dal volante.<\/p>\n<p>In termini di limitazioni, la prima \u00e8 chiara: l'ecosistema. Se non siete su MOZA, o se avete intenzione di rimanere su una console, l'interesse cala drasticamente. Questo volante si rivela davvero perfetto in un abitacolo PC con base MOZA. In secondo luogo, l'Alcantara o materiale simile: piacevole, ma sensibile all'usura se si guida a mani nude, soprattutto in caso di uso intensivo. In terzo luogo, la sensazione molto GT: per il rally, il drifting o la guida su strada aperta, alcuni preferiscono un volante pi\u00f9 rotondo con una sensazione pi\u00f9 versatile.<\/p>\n<p>In termini di investimento, questo \u00e8 un prodotto che raggiunge un buon equilibrio tra valore percepito e prezzo richiesto. Non \u00e8 un acquisto immediato per un principiante, ma per chi ha gi\u00e0 una configurazione seria \u00e8 un aggiornamento coerente. Si ha la sensazione di pagare per la funzionalit\u00e0 e la sensazione, non per un vuoto marketing.<\/p>\n<h2>Verdetto: un solido volante GT per portare la vostra configurazione a un livello superiore<\/h2>\n<p>Il volante MOZA GS V2P GT cambia una cosa su tutte in un assetto: la chiarezza con cui si capisce cosa sta facendo l'auto. Tra la rigidit\u00e0, la forma GT controllata e la qualit\u00e0 dei comandi, si guadagna in precisione, sicurezza e comfort di guida, soprattutto con una base a trazione diretta recente. Questo \u00e8 il tipo di volante che trasforma un buon assetto in un abitacolo realmente orientato alle prestazioni.<\/p>\n<p>Sul mercato, \u00e8 chiaramente un prodotto di fascia media\/alta, pi\u00f9 serio dei volanti in plastica entry-level, ma pi\u00f9 accessibile dei volanti ultra-premium che costano una fortuna. Ha un ruolo fondamentale nell'ecosistema MOZA: non \u00e8 un gadget n\u00e9 un accessorio \"di lusso\", ma un vero e proprio strumento di guida.<\/p>\n<p>Non esiterei a consigliarlo a un simulatore di PC motivato, gi\u00e0 equipaggiato o in fase di aggiornamento, che pratica molte gare GT, proto o monoposto moderne e vuole un volante dedicato a questo stile. D'altra parte, se giocate principalmente su console, se preferite i volanti rotondi multiuso o se siete agli inizi con un budget limitato, ci sono opzioni pi\u00f9 logiche.<\/p>\n<p>Se siete alla ricerca di una ruota GT veramente moderna, precisa e ben costruita, che sfrutti finalmente il potenziale della vostra trasmissione diretta di base, la ruota MOZA GS V2P GT pu\u00f2 chiaramente fare la differenza nel vostro setup.Analisi<\/p>","protected":false},"excerpt":{"rendered":"<p>Questo volante mi ha dato una sensazione di controllo pi\u00f9 chiara e serena, soprattutto nelle fasi limite e nelle lunghe sessioni. Ha senso per un simulatore di PC gi\u00e0 un po' attrezzato, che guida principalmente GT\/proto\/singolo e vuole passare a una marcia superiore senza puntare all'ultra-lusso. L'intero pacchetto rimane coerente e rilevante in un ecosistema MOZA.<\/p>","protected":false},"featured_media":101402,"comment_status":"open","ping_status":"closed","template":"","meta":{"_acf_changed":false,"_et_pb_use_builder":"","_et_pb_old_content":"","_et_gb_content_width":""},"product_brand":[165],"product_cat":[156],"product_tag":[149],"class_list":{"0":"post-101401","1":"product","2":"type-product","3":"status-publish","4":"has-post-thumbnail","6":"product_brand-moza-racing","7":"product_cat-roue-de-volant","8":"product_tag-pc","10":"first","11":"instock","12":"shipping-taxable","13":"product-type-external"},"acf":[],"_links":{"self":[{"href":"https:\/\/simracergear.com\/it\/wp-json\/wp\/v2\/product\/101401","targetHints":{"allow":["GET"]}}],"collection":[{"href":"https:\/\/simracergear.com\/it\/wp-json\/wp\/v2\/product"}],"about":[{"href":"https:\/\/simracergear.com\/it\/wp-json\/wp\/v2\/types\/product"}],"replies":[{"embeddable":true,"href":"https:\/\/simracergear.com\/it\/wp-json\/wp\/v2\/comments?post=101401"}],"wp:featuredmedia":[{"embeddable":true,"href":"https:\/\/simracergear.com\/it\/wp-json\/wp\/v2\/media\/101402"}],"wp:attachment":[{"href":"https:\/\/simracergear.com\/it\/wp-json\/wp\/v2\/media?parent=101401"}],"wp:term":[{"taxonomy":"product_brand","embeddable":true,"href":"https:\/\/simracergear.com\/it\/wp-json\/wp\/v2\/product_brand?post=101401"},{"taxonomy":"product_cat","embeddable":true,"href":"https:\/\/simracergear.com\/it\/wp-json\/wp\/v2\/product_cat?post=101401"},{"taxonomy":"product_tag","embeddable":true,"href":"https:\/\/simracergear.com\/it\/wp-json\/wp\/v2\/product_tag?post=101401"}],"curies":[{"name":"wp","href":"https:\/\/api.w.org\/{rel}","templated":true}]}}