{"id":101430,"date":"2025-05-15T08:10:00","date_gmt":"2025-05-15T08:10:00","guid":{"rendered":"https:\/\/simracergear.com\/products\/moza-performance-kit-for-sr-p-lite\/"},"modified":"2025-11-28T05:27:24","modified_gmt":"2025-11-28T05:27:24","slug":"moza-performance-kit-for-sr-p-lite","status":"publish","type":"product","link":"https:\/\/simracergear.com\/it\/products\/moza-performance-kit-for-sr-p-lite\/","title":{"rendered":"Kit di prestazioni MOZA per SR-P Lite"},"content":{"rendered":"<h2>MOZA Performance Kit per SR-P Lite: aggiornamento essenziale o gadget cool?<\/h2>\n<p>Il MOZA Performance Kit per SR-P Lite ha un obiettivo ben preciso: trasformare la guarnitura entry-level SR-P Lite in qualcosa di pi\u00f9 serio per le gare di simulazione. Non si tratta di una nuova guarnitura, ma di un kit di aggiornamento meccanico per migliorare le sensazioni, la progressivit\u00e0 e il controllo, soprattutto sul pedale del freno.<\/p>\n<p>Il motivo per cui questo kit \u00e8 cos\u00ec interessante \u00e8 semplice: l'SR-P Lite \u00e8 spesso la prima guarnitura acquistata con un volano MOZA e, non appena si inizia a pedalare seriamente, se ne avvertono subito i limiti. Il Performance Kit promette di porre rimedio a questa situazione senza costringere l'utente a cambiare l'intera guarnitura. In breve, l'idea \u00e8 quella di avvicinarsi alle sensazioni di una guarnitura pi\u00f9 avanzata, a un costo contenuto.<\/p>\n<p>Per quanto mi riguarda, ho affrontato la questione da tre punti di vista: la qualit\u00e0 costruttiva (se regge nel tempo), la precisione di frenata e la coerenza complessiva con la guarnitura di base. Ci\u00f2 che mi interessa maggiormente \u00e8 il reale valore aggiunto: il freno diventa finalmente affidabile giro dopo giro, il pedale trasmette meglio la presa e giustifica l'investimento rispetto a un cambio completo della guarnitura.<\/p>\n<p>Si tratta di un prodotto altamente mirato, rivolto a chi vuole portare il proprio SR-P Lite al livello successivo senza spendere una fortuna. Resta da vedere se fa davvero la differenza nella vita di tutti i giorni.<\/p>\n<h2>Progettazione e realizzazione: un kit che consolida l'SR-P Lite<\/h2>\n<p>Alla vista e alla mano, il kit MOZA Performance d\u00e0 subito l'impressione di un aggiornamento serio. La maggior parte dei componenti \u00e8 in metallo, con molle pi\u00f9 rigide e un modulo in elastomero per il pedale del freno. Si tratta di un materiale ben diverso dalla plastica leggera utilizzata per alcune parti dell'SR-P Lite: la sensazione generale, una volta montato, \u00e8 pi\u00f9 densa e \"meccanica\".<\/p>\n<p>Ci\u00f2 che colpisce immediatamente \u00e8 la maggiore rigidit\u00e0, soprattutto sul pedale del freno. Il gioco parassita si riduce e la corsa diventa pi\u00f9 netta e controllabile. Il pedale non d\u00e0 pi\u00f9 quell'impressione di flessione un po' \"giocattolosa\" che il Lite pu\u00f2 avere in configurazione stock. Si percepisce che la guarnitura \u00e8 in grado di sopportare meglio i carichi pesanti, senza temere di piegarsi.<\/p>\n<p>I pezzi sembrano lavorati correttamente, le tolleranze sono pulite e le regolazioni vengono effettuate senza forzature. Non siamo ai livelli di una guarnitura full-metal di alta gamma, ma per un kit di aggiornamento il rapporto qualit\u00e0-prezzo \u00e8 convincente. Non c'\u00e8 nulla di scadente al primo contatto e non ci sono rumori anomali una volta montata correttamente.<\/p>\n<p>L'aspetto un po' deludente \u00e8 che non si tratta di una trasformazione radicale dell'intera guarnitura. La base rimane quella dell'SR-P Lite, quindi la costruzione complessiva non diventa magica. I freni sono stati notevolmente migliorati e l'intera unit\u00e0 \u00e8 pi\u00f9 solida, ma non \u00e8 improvvisamente l'equivalente di una guarnitura a celle di carico premium.<\/p>\n<p>Rispetto ad altri kit di aggiornamento di questo tipo, quello di MOZA \u00e8 ben posizionato: pi\u00f9 serio di una semplice molla pi\u00f9 dura, ma meno estremo di un kit di conversione completo con una cella di carico separata. \u00c8 una via di mezzo voluta, che mira a migliorare le sensazioni piuttosto che a rivoluzionare.<\/p>\n<h2>Impostazioni, personalizzazione e compatibilit\u00e0<\/h2>\n<p>Il MOZA Performance Kit per SR-P Lite rimane un kit puramente meccanico. Le regolazioni riguardano quindi principalmente il montaggio, la scelta dei componenti e la configurazione nel software MOZA Pit House con la guarnitura collegata.<\/p>\n<p>Sul pedale del freno c'\u00e8 pi\u00f9 spazio di manovra: una corsa pi\u00f9 progressiva, la possibilit\u00e0 di regolare la durezza tramite la molla e l'elastomero e soprattutto un punto di pressione pi\u00f9 chiaro a fine corsa. La regolazione pi\u00f9 importante, a mio avviso, si effettua nel software: regolare la curva e la sensibilit\u00e0 del freno per ottenere il meglio dalla nuova sensazione. Una volta installato il kit, \u00e8 quasi obbligatorio ricalibrare i punti di riferimento.<\/p>\n<p>La curva di apprendimento \u00e8 ragionevole. Ci vuole un po' di tempo per abituarsi alla nuova resistenza dei freni, soprattutto se si proviene dalla SR-P Lite di base. Si frena pi\u00f9 \"con il piede\" e meno \"in corsa\". I primi giri possono sembrare sconcertanti, ma presto ci si abitua, soprattutto se si gioca regolarmente.<\/p>\n<p>In termini di compatibilit\u00e0, il kit \u00e8 ovviamente progettato per la guarnitura MOZA SR-P Lite, e solo per essa. Questo \u00e8 un punto importante: non si tratta di un kit universale, non pu\u00f2 essere adattato ad altre guarniture. D'altra parte, una volta collegata la pedaliera a un PC tramite l'ecosistema MOZA, tutto si integra perfettamente: impostazioni in Pit House, profili per gioco, semplice calibrazione.<\/p>\n<p>Su una console, la situazione dipende dalla configurazione complessiva (base MOZA, modalit\u00e0 utilizzata, compatibilit\u00e0 della pedaliera tramite la base). Il kit in s\u00e9 non cambia nulla in termini di compatibilit\u00e0 elettronica, poich\u00e9 non influisce sull'elettronica dell'SR-P Lite. Migliora il feeling, non le connessioni.<\/p>\n<p>In termini di possibilit\u00e0 di upgrade, questo kit \u00e8 pi\u00f9 che altro un passo intermedio. \u00c8 chiaramente pi\u00f9 serio dell'SR-P Lite di serie e pu\u00f2 essere sufficiente per un giocatore intermedio per molto tempo. Per un simulatore molto esigente, rimane un punto di ingresso verso una pedaliera di fascia pi\u00f9 alta a lungo termine.<\/p>\n<h2>Sensazioni in gioco: una frenata finalmente controllabile<\/h2>\n<p>Dove il kit MOZA Performance fa davvero la differenza \u00e8 sul pedale del freno. In pista, si avverte immediatamente che la corsa \u00e8 pi\u00f9 progressiva, con un accumulo di resistenza pi\u00f9 naturale. Si passa da un pedale abbastanza lineare e leggermente morbido a qualcosa che ricorda pi\u00f9 un freno \"a pressione\" che un freno \"a distanza\".<\/p>\n<p>Quando si frena bruscamente, ci si sente molto pi\u00f9 sicuri. Si pu\u00f2 caricare il pedale pi\u00f9 forte senza temere di schiacciare tutto o di rilasciare il freno troppo bruscamente. La zona di frenata utile diventa pi\u00f9 ampia: c'\u00e8 pi\u00f9 dettaglio in ci\u00f2 che il piede sente, pi\u00f9 sfumature tra la frenata a 60 % e quella a 90 %. \u00c8 pi\u00f9 facile capire cosa sta facendo l'auto quando si entra in curva.<\/p>\n<p>Per quanto riguarda la lettura della presa, la differenza \u00e8 principalmente psicologica e meccanica. La guarnitura originale non trasmette informazioni sulla forza come un sistema avanzato di celle di carico, ma il fatto che abbia una corsa pi\u00f9 dura e un punto di resistenza pi\u00f9 pronunciato aiuta enormemente a stabilizzare il punto di frenata. \u00c8 pi\u00f9 facile trovare una forza di pedalata ripetibile, che fa la differenza per la costanza, giro dopo giro.<\/p>\n<p>In curva, quando si rilascia il freno, la transizione diventa pi\u00f9 controllabile. \u00c8 possibile rilasciare il freno in modo pi\u00f9 graduale, giocando con il trasferimento del carico senza \"saltare\" da 30 a 0 % tutto in una volta. L'auto rimane pi\u00f9 prevedibile. Ci\u00f2 \u00e8 particolarmente evidente sulle auto senza ABS o nei simulatori pi\u00f9 impegnativi.<\/p>\n<p>Sui vibratori, ovviamente, i pedali non trasmettono le vibrazioni come un volante a trazione diretta, ma si percepisce meglio l'impatto della propria frenata sul comportamento dell'auto quando si sale su un cordolo aggressivo. Si capisce pi\u00f9 rapidamente se si \u00e8 lasciato troppo freno o se si pu\u00f2 riaprire leggermente. Non sono i pedali a \"parlare\", ma \u00e8 la regolarit\u00e0 della nostra pressione a darci un'idea pi\u00f9 precisa di come reagisce il telaio.<\/p>\n<p>Nelle lunghe sessioni, la costanza \u00e8 migliore. Il vecchio freno del Lite tendeva a incoraggiare una frenata troppo profonda o a compensare per abitudine piuttosto che per sensazione. Con il kit, il muscolo memorizza una forza di pressione pi\u00f9 chiara. Ci si stanca un po' di pi\u00f9 fisicamente, soprattutto se si imposta il freno con forza, ma si guadagna in ripetibilit\u00e0. I tempi sul giro diventano pi\u00f9 stabili e gli stupidi errori di frenata si riducono.<\/p>\n<p>Durante le correzioni rapide, quando si deve mollare il freno molto velocemente per evitare l'inizio di un inceppamento, avere una corsa pi\u00f9 decisa significa essere pi\u00f9 onesti. Non si \"rilascia troppo\", ma si pu\u00f2 gestire la modulazione in modo pi\u00f9 fine. \u00c8 una cosa sottile, ma quando si pedala si sente che ci si riprende meglio dalle situazioni limite.<\/p>\n<p>Rispetto a una guarnitura entry-level priva di questo tipo di kit, il divario \u00e8 evidente: la frenata diventa uno strumento preciso piuttosto che un interruttore migliorato. Rispetto a una guarnitura di fascia pi\u00f9 alta con un vero sensore di pressione dedicato, siamo ancora lontani in termini di finezza del segnale e di realismo finale. Ma \u00e8 chiaro che ci stiamo avvicinando alla filosofia della frenata a pressione, a una frazione del prezzo.<\/p>\n<p>In termini di coinvolgimento generale, questo kit offre esattamente ci\u00f2 che ci si aspetta da un buon aggiornamento: pi\u00f9 controllo, pi\u00f9 sicurezza e meno momenti in cui si d\u00e0 la colpa all'hardware quando si sbaglia. Si ha l'impressione che l'auto obbedisca pi\u00f9 direttamente ai vostri piedi destro e sinistro, soprattutto al limite. \u00c8 qui che l'esperienza di gioco cambia davvero.<\/p>\n<h2>Per chi \u00e8? Cosa ci piace e cosa non ci piace<\/h2>\n<p>Il MOZA Performance Kit per SR-P Lite si rivolge principalmente a un profilo molto specifico: utenti motivati della guarnitura SR-P Lite che iniziano a cercare la costanza nelle gare o nei campionati online. Non necessariamente un pilota di simulazione professionista, ma qualcuno che si sente chiaramente limitato dal freno originale. Tipicamente un giocatore di PC, ma comunque interessato a una configurazione per console, purch\u00e9 si utilizzi l'SR-P Lite.<\/p>\n<p>Ci\u00f2 che si apprezza immediatamente \u00e8 il maggiore controllo sulla frenata. \u00c8 possibile utilizzare il pedale al millimetro, soprattutto una volta trovate le impostazioni nel software. Ci piace anche la sensazione di robustezza della guarnitura: non si osa pi\u00f9 appoggiarsi e si smette di frenare dolcemente per paura di rompersi. Infine, il rapporto qualit\u00e0-prezzo \u00e8 interessante: per un investimento ragionevole, ci si avvicina alla sensazione di una guarnitura molto pi\u00f9 costosa, soprattutto per un utente che non vuole ancora cambiare tutta la sua attrezzatura.<\/p>\n<p>D'altra parte, ci sono chiare limitazioni. Il primo \u00e8 che continuiamo a dipendere dalla base SR-P Lite. \u00c8 un miglioramento, ma non cambia la natura fondamentale della guarnitura. Chi sperava in un \"miracolo\" sotto forma di guarnitura top di gamma rimarr\u00e0 probabilmente un po' deluso. Il secondo \u00e8 l'aspetto puramente meccanico del kit: nessuna modifica all'elettronica, nessuna sensazione reale di un sensore di pressione dedicato, quindi un tetto di prestazioni che esiste ancora. Infine, si tratta di un prodotto molto specifico: se non si possiede gi\u00e0 una SR-P Lite, questo kit non \u00e8 di alcun interesse, e si pone subito la questione dell'upgrade o della scelta di una guarnitura migliore.<\/p>\n<p>In termini di investimento, il Performance Kit \u00e8 chiaramente un acquisto intelligente per prolungare la vita della vostra guarnitura attuale. \u00c8 un modo per ritardare la necessit\u00e0 di passare a un modello pi\u00f9 costoso, ottenendo un reale guadagno in termini di prestazioni e piacere. Per chi vuole ottimizzare il proprio budget senza sacrificare le sensazioni, il compromesso ha senso.<\/p>\n<h2>Verdetto: un aggiornamento che ha senso... per il profilo giusto<\/h2>\n<p>Il kit MOZA Performance per SR-P Lite non trasformer\u00e0 la vostra configurazione da cima a fondo, ma cambier\u00e0 una cosa essenziale: la qualit\u00e0 della vostra frenata. E nelle gare di simulazione, spesso \u00e8 proprio questo il punto cruciale. La guarnitura diventa pi\u00f9 consistente, pi\u00f9 solida e pi\u00f9 precisa, al punto che non si ha pi\u00f9 l'impressione di essere \"l'anello debole\" di una configurazione MOZA entry-level o di fascia media.<\/p>\n<p>Sul mercato, questo kit \u00e8 un prodotto intelligente di fascia media: pi\u00f9 serio di una semplice messa a punto della molla, meno radicale di un cambio completo della guarnitura. \u00c8 un punto di riferimento interessante per chi non vuole ancora passare a una guarnitura di qualit\u00e0 superiore, ma inizia a sentire i limiti dell'equipaggiamento di serie.<\/p>\n<p>Lo consiglio chiaramente agli utenti di SR-P Lite che pedalano regolarmente, che vogliono migliorare i loro tempi e che vogliono stabilizzare la loro frenata senza dover rifare l'intero setup. Se invece state gi\u00e0 pensando di passare a una guarnitura di fascia pi\u00f9 alta, o se non avete ancora un SR-P Lite, il calcolo sar\u00e0 diverso.<\/p>\n<p>Se volete rendere il vostro freno MOZA SR-P Lite pi\u00f9 preciso, solido e affidabile giro dopo giro, questo Performance Kit potrebbe fare la differenza per la vostra configurazione.<\/p>","protected":false},"excerpt":{"rendered":"<p>Questo kit mi ha dato la sensazione di trasformare il freno della SR-P Lite in uno strumento affidabile e consistente, con un reale guadagno in termini di controllo e consistenza. Si rivolge soprattutto ai simulatori gi\u00e0 equipaggiati con un SR-P Lite, che pedalano regolarmente e sentono che il freno originale li limita. Per questo profilo, il rapporto costi\/benefici \u00e8 chiaramente rilevante.<\/p>","protected":false},"featured_media":101431,"comment_status":"open","ping_status":"closed","template":"","meta":{"_acf_changed":false,"_et_pb_use_builder":"","_et_pb_old_content":"","_et_gb_content_width":""},"product_brand":[165],"product_cat":[153],"product_tag":[149],"class_list":{"0":"post-101430","1":"product","2":"type-product","3":"status-publish","4":"has-post-thumbnail","6":"product_brand-moza-racing","7":"product_cat-accessoires","8":"product_tag-pc","10":"first","11":"instock","12":"shipping-taxable","13":"product-type-external"},"acf":[],"_links":{"self":[{"href":"https:\/\/simracergear.com\/it\/wp-json\/wp\/v2\/product\/101430","targetHints":{"allow":["GET"]}}],"collection":[{"href":"https:\/\/simracergear.com\/it\/wp-json\/wp\/v2\/product"}],"about":[{"href":"https:\/\/simracergear.com\/it\/wp-json\/wp\/v2\/types\/product"}],"replies":[{"embeddable":true,"href":"https:\/\/simracergear.com\/it\/wp-json\/wp\/v2\/comments?post=101430"}],"wp:featuredmedia":[{"embeddable":true,"href":"https:\/\/simracergear.com\/it\/wp-json\/wp\/v2\/media\/101431"}],"wp:attachment":[{"href":"https:\/\/simracergear.com\/it\/wp-json\/wp\/v2\/media?parent=101430"}],"wp:term":[{"taxonomy":"product_brand","embeddable":true,"href":"https:\/\/simracergear.com\/it\/wp-json\/wp\/v2\/product_brand?post=101430"},{"taxonomy":"product_cat","embeddable":true,"href":"https:\/\/simracergear.com\/it\/wp-json\/wp\/v2\/product_cat?post=101430"},{"taxonomy":"product_tag","embeddable":true,"href":"https:\/\/simracergear.com\/it\/wp-json\/wp\/v2\/product_tag?post=101430"}],"curies":[{"name":"wp","href":"https:\/\/api.w.org\/{rel}","templated":true}]}}