{"id":101445,"date":"2025-05-15T08:10:00","date_gmt":"2025-05-15T08:10:00","guid":{"rendered":"https:\/\/simracergear.com\/products\/moza-r12-gs-v2p-gt-wheel-bundle\/"},"modified":"2025-11-28T05:29:52","modified_gmt":"2025-11-28T05:29:52","slug":"moza-r12-gs-v2p-gt-wheel-bundle","status":"publish","type":"product","link":"https:\/\/simracergear.com\/it\/products\/moza-r12-gs-v2p-gt-wheel-bundle\/","title":{"rendered":"Pacchetto ruote MOZA R12 e GS V2P GT"},"content":{"rendered":"<h2>MOZA R12 &amp; GS V2P GT Wheel Bundle: cosa cambia realmente in una configurazione<\/h2>\n<p>Il bundle MOZA R12 &amp; GS V2P GT Wheel si colloca chiaramente nella categoria \"middle-premium\" dei PC Direct Drive. Non siamo pi\u00f9 nella categoria entry-level, ma non siamo ancora nella follia delle basi ultrapotenti. Si rivolge a coloro che desiderano un vero e proprio salto di qualit\u00e0 in termini di realismo, senza dover rinunciare al proprio budget o al proprio abitacolo.<\/p>\n<p>Sulla carta, la promessa \u00e8 semplice: una base Direct Drive con una coppia sufficiente per sentire tutto, un volante GT con una sensazione di corsa moderna, materiali seri e un ecosistema gi\u00e0 ben consolidato. In pratica, questa combinazione cerca di trovare un equilibrio tra prestazioni pure, facilit\u00e0 d'uso e compatibilit\u00e0 con il maggior numero possibile di simulatori.<\/p>\n<p>Il mio angolo di analisi \u00e8 duplice: la qualit\u00e0 della sensazione di guida (precisione del FFB, lettura dell'aderenza, controllo al limite) e il comfort complessivo (ergonomia, impostazioni, utilizzo per lunghe sessioni). Inoltre, mi soffermo su ci\u00f2 che questo gruppo ha da offrire rispetto a una base a cinghia pi\u00f9 modesta o a un Direct Drive entry-level, e se \u00e8 in grado di reggere come elemento centrale di una configurazione che pu\u00f2 essere aggiornata nel corso degli anni.<\/p>\n<h2>Progettazione e fabbricazione: seriet\u00e0, coerenza e piccoli inconvenienti<\/h2>\n<p>La base dell'R12 d\u00e0 immediatamente l'impressione di un blocco compatto e denso. Telaio in metallo, assemblaggio pulito, nessun gioco parassita, niente che suoni vuoto quando lo si maneggia. Si ha l'impressione di un prodotto progettato per rimanere fissato all'abitacolo senza vacillare. La rigidit\u00e0 percepita \u00e8 molto buona per questa fascia, anche su un supporto decente ma non di fascia altissima.<\/p>\n<p>Il volante GS V2P GT \u00e8 chiaramente rivolto al moderno mondo delle GT\/LMP. Con la sua struttura in metallo, i rivestimenti in fibra di carbonio e le impugnature in Alcantara o in un materiale simile, a seconda della versione, d\u00e0 una sensazione di seriet\u00e0 nella mano e trasmette un'idea di simulazione \"entusiasta\" piuttosto che un giocattolo. I paddle magnetici hanno un clic netto e pulito, con una sensazione precisa sotto le dita. \u00c8 possibile percepire ogni cambio di marcia, senza alcuna morbidezza.<\/p>\n<p>La prima cosa che sorprende \u00e8 la densit\u00e0 dell'insieme. La base non sembra avere bisogno di essere risparmiata e il volante non ha quella sensazione di leggerezza e di plastica che a volte si trova nei prodotti pi\u00f9 tradizionali. Si ha voglia di andare avanti, senza fare domande.<\/p>\n<p>Le delusioni sono pi\u00f9 che altro nei dettagli. Alcune plastiche secondarie intorno ai connettori e su alcune parti del volante non sono cos\u00ec pregiate come il resto. Non \u00e8 economico, ma \u00e8 un gradino sotto alcuni dei pi\u00f9 costosi volanti top di gamma. I pulsanti, pur essendo decenti, avrebbero bisogno di una maggiore sensazione tattile per essere all'altezza dei migliori sul mercato.<\/p>\n<p>Rispetto ad altre soluzioni dello stesso segmento, il pacchetto R12 + GS V2P regge bene il confronto: pi\u00f9 qualit\u00e0 di un kit destinato ai principianti, meno lusso di una combinazione molto premium, ma con un vero senso di seriet\u00e0 e coerenza complessiva.<\/p>\n<h2>Impostazioni, personalizzazione e compatibilit\u00e0: flessibile ma orientato al PC<\/h2>\n<p>Dal punto di vista del software, MOZA offre un ecosistema di impostazioni abbastanza completo. L'interfaccia \u00e8 chiara, con schede per le preimpostazioni per set, la forza complessiva, i filtri, l'attrito, l'inerzia e i parametri del volante (illuminazione, assegnazioni, ecc.). \u00c8 possibile trovare rapidamente le opzioni essenziali senza essere sommersi da menu incomprensibili.<\/p>\n<p>Le preimpostazioni fornite per i principali simulatori sono una buona base. Non sono perfette per tutti, ma permettono di guidare velocemente senza perdersi. Poi, regolare la resistenza, la morbidezza intorno al punto medio, il modo in cui la base filtra le vibrazioni o riflette le asperit\u00e0 richiede un po' di tempo, ma rimane accessibile. La curva di apprendimento non \u00e8 istantanea, ma non \u00e8 punitiva: dopo alcune sessioni, si capisce cosa influisce davvero sul modo in cui ci si sente.<\/p>\n<p>Per me, le impostazioni pi\u00f9 utili sono il guadagno complessivo, la linearit\u00e0 e la gestione degli effetti parassiti. Sull'R12, la gamma utilizzabile \u00e8 ampia: si pu\u00f2 ottenere un FFB abbastanza morbido da guidare a lungo o un feedback pi\u00f9 fisico che ricorda ogni vibratore leggermente aggressivo. Il volante stesso offre un numero sufficiente di pulsanti, encoder e interruttori per mappare tutto ci\u00f2 che serve ai moderni simulatori, senza dover tornare alla tastiera.<\/p>\n<p>In termini di compatibilit\u00e0, si tratta chiaramente di una piattaforma progettata principalmente per il PC. L'integrazione con i principali simulatori \u00e8 buona e l'ecosistema MOZA (pedali, cambi, cruscotti, ecc.) consente di costruire una configurazione completa. Si ha la sensazione che questa base possa diventare il cuore di un'installazione aggiornabile: si pu\u00f2 iniziare con questo pacchetto, aggiungere in seguito una guarnitura pi\u00f9 potente o cambiare il volante rimanendo sulla stessa base.<\/p>\n<p>Come punto di ingresso serio nell'ecosistema Direct Drive, l'R12 non sembra un acquisto \"usa e getta\". Al contrario, \u00e8 posizionato come un modello base da tenere per diversi anni, a meno che non si voglia puntare al top di gamma.<\/p>\n<h2>Sensazioni in gioco: dove il fagotto giustifica la sua esistenza<\/h2>\n<p>Una volta in pista, \u00e8 facile capire cosa ha da offrire la R12 con la GS V2P. Il feedback di potenza \u00e8 nitido e pulito, con un buon equilibrio tra dettaglio e forza bruta. Non abbiamo l'esplosione di coppia di una base ultrapotente, ma siamo ben al di sopra di un sistema a cinghia o di una modesta trasmissione diretta.<\/p>\n<p>Nelle curve veloci, lo sterzo si carica progressivamente. \u00c8 possibile percepire le sollecitazioni sul volante, il che significa che si pu\u00f2 anticipare il limite senza essere sorpresi. Nei tornanti e nei tratti pi\u00f9 lenti, la messa a fuoco \u00e8 immediata senza essere violenta. \u00c8 possibile regolare il volante al millimetro, soprattutto con la forma GT, che incoraggia a mantenere una posizione molto stabile.<\/p>\n<p>La lettura dell'aderenza \u00e8 uno dei punti di forza di questa gamma. \u00c8 possibile vedere chiaramente quando l'anteriore inizia a scivolare, il leggero galleggiamento quando la macchina si scarica e poi il ritorno del carico quando si blocca. Su una base meno potente, queste transizioni sono pi\u00f9 confuse o annegate da un FFB troppo arrotondato. Qui la sensazione \u00e8 pi\u00f9 pulita e pi\u00f9 facile da leggere.<\/p>\n<p>Per quanto riguarda i vibratori, il pacchetto fa un buon lavoro. Le vibrazioni sono presenti, strutturate, ma non diventano un ronzio permanente. \u00c8 possibile percepire la differenza tra un vibratore piatto e un modello pi\u00f9 aggressivo, nonch\u00e9 il bordo della carreggiata quando lo si morde a met\u00e0. I cordoli pi\u00f9 alti si traducono in bruschi scossoni al volante, abbastanza realistici da indurci a rispettarli.<\/p>\n<p>Quando si tratta di correzioni rapide, in caso di sovrasterzo, perdita di trazione o atterraggio stretto, l'R12 rimane abbastanza reattivo. Non c'\u00e8 la latenza dei vecchi sistemi a cinghia. \u00c8 possibile recuperare il ritardo della vettura in modo istintivo, il che aumenta la fiducia. Spesso \u00e8 proprio qui che si nota la differenza con un modello base meno potente: il volante segue meglio le vostre mani, senza sbattere.<\/p>\n<p>Per lunghe sessioni, la consistenza del FFB \u00e8 buona. La base non inizia a perdere forza o finezza a ogni giro, purch\u00e9 si rimanga in una gamma ragionevole di impostazioni. La fatica dipende principalmente dalla forza che si sceglie di applicare. Con una configurazione bilanciata, si pu\u00f2 pedalare a lungo senza sentirsi \"rotti\", pur conservando informazioni sufficienti per ottenere buone prestazioni.<\/p>\n<p>Rispetto a una base molto pi\u00f9 potente, l'R12 sar\u00e0 ovviamente meno brutale e meno impegnativo dal punto di vista fisico. Si perde un po' di margine quando si tratta di forze estreme, ma si guadagna in comfort e controllabilit\u00e0 per la maggior parte degli utenti. La GS V2P si sposa bene con questo approccio: formato GT, buona aderenza, comandi ben posizionati, tutto \u00e8 pensato per mantenere l'attenzione sulla guida.<\/p>\n<p>L'immersione complessiva \u00e8 solida. Si ha la sensazione di guidare un'auto da corsa moderna, non solo un videogioco. I rumori non sono sufficienti: le mani capiscono davvero cosa sta facendo l'auto. \u00c8 qui che la base cambia l'esperienza.<\/p>\n<h2>Per chi \u00e8? Cosa ci piace e cosa non ci piace<\/h2>\n<p>Questo pacchetto si rivolge principalmente agli utenti di livello intermedio e avanzato, principalmente su PC, che desiderano fare un netto passo avanti rispetto a un volante entry-level o a una base convenzionale a cinghia. Anche i principianti pi\u00f9 motivati possono trovare qualcosa da apprezzare in questo bundle, a patto che accettino la curva di progressione e il budget. Per un giocatore occasionale o orientato alla console, non \u00e8 la scelta pi\u00f9 logica.<\/p>\n<p>Ci\u00f2 che mi piace particolarmente \u00e8 l'equilibrio generale. La potenza dell'R12 \u00e8 pi\u00f9 che sufficiente per una guida coinvolgente, con un buon margine prima di diventare eccessiva. La qualit\u00e0 costruttiva generale ispira fiducia e sembra un prodotto pronto ad affrontare ore di guida. Il volante GS V2P, con il suo formato GT, i paddle magnetici e i comandi ben studiati, offre un vero comfort in pista: avete tutto a portata di mano, senza doverlo cercare.<\/p>\n<p>Un altro punto di forza \u00e8 l'ecosistema. Avere una base che pu\u00f2 ospitare altri volanti dello stesso marchio, guarniture pi\u00f9 avanzate, un cambio e un freno a mano \u00e8 un vero vantaggio. Non si rimane bloccati in una configurazione senza uscita. L'investimento ha quindi pi\u00f9 senso, soprattutto se si considera il sim racing come una passione a lungo termine.<\/p>\n<p>Per quanto riguarda i suoi limiti, non \u00e8 la combinazione pi\u00f9 versatile se si fanno molti rally o drifting: il volante GT \u00e8 ancora orientato alla pista e alcuni preferiscono un bordo pi\u00f9 rotondo. L'aspetto orientato al PC pu\u00f2 anche essere frustrante per coloro che sperano in una semplice integrazione ufficiale con la console. Infine, anche se il rapporto qualit\u00e0-prezzo \u00e8 coerente, non stiamo parlando di un budget \"da scoperta\": bisogna accettare l'idea di un investimento serio nel proprio hobby.<\/p>\n<p>Tuttavia, il valore percepito rimane buono. Si sta pagando per un vero e proprio salto di qualit\u00e0, non per qualche LED in pi\u00f9. Per chi trascorre molto tempo sui simulatori, i guadagni in termini di precisione, comfort di guida e sensazioni compensano rapidamente l'esborso iniziale.<\/p>\n<h2>Verdetto: un vero e proprio passo avanti verso le corse simulate \"serie\".<\/h2>\n<p>Il pacchetto di ruote GT MOZA R12 &amp; GS V2P trasforma chiaramente un set-up. Si passa da un volante che \"fa il suo dovere\" a una base Direct Drive in grado di trasmettere le sfumature del comportamento dell'auto, con un volante GT coerente e divertente. \u00c8 il tipo di combinazione che vi porta da un \"gioco di corse\" a un'esperienza molto pi\u00f9 vicina alla guida.<\/p>\n<p>Sul mercato, si posiziona nella fascia media superiore, in quella zona cruciale in cui si cerca un'apparecchiatura abbastanza potente da non essere limitata, ma senza arrivare agli estremi dei prodotti ultra-premium. Non \u00e8 il pi\u00f9 estremo, ma \u00e8 proprio questo che lo rende interessante per la maggior parte dei giocatori seri.<\/p>\n<p>Lo consiglio a chi guida principalmente su PC, a chi ama le GT, i prototipi e le monoposto, e a chi vuole una base in grado di seguire i suoi progressi per diversi anni. Per un profilo molto casual, orientato alle console, o per chi cambia spesso piattaforma, non sar\u00e0 la scelta pi\u00f9 razionale.<\/p>\n<p>Se siete alla ricerca di un solido bundle Direct Drive che sia coinvolgente, scalabile e chiaramente orientato alle prestazioni senza esagerare, questo prodotto potrebbe fare la differenza per la vostra configurazione.<\/p>","protected":false},"excerpt":{"rendered":"<p>Questo pacchetto mi ha dato la sensazione di passare da un \"semplice volante\" a uno strumento di guida serio, con un evidente guadagno in termini di precisione, lettura dell'aderenza e immersione. Soprattutto, ha senso per i simulatori per PC di livello intermedio o avanzato che guidano molto GT\/proto e vogliono una configurazione aggiornabile. L'intero pacchetto offre un valore complessivo e una consistenza molto solidi per questo segmento.<\/p>","protected":false},"featured_media":101446,"comment_status":"open","ping_status":"closed","template":"","meta":{"_acf_changed":false,"_et_pb_use_builder":"","_et_pb_old_content":"","_et_gb_content_width":""},"product_brand":[165],"product_cat":[161],"product_tag":[149],"class_list":{"0":"post-101445","1":"product","2":"type-product","3":"status-publish","4":"has-post-thumbnail","6":"product_brand-moza-racing","7":"product_cat-volant","8":"product_tag-pc","10":"first","11":"instock","12":"shipping-taxable","13":"product-type-external"},"acf":[],"_links":{"self":[{"href":"https:\/\/simracergear.com\/it\/wp-json\/wp\/v2\/product\/101445","targetHints":{"allow":["GET"]}}],"collection":[{"href":"https:\/\/simracergear.com\/it\/wp-json\/wp\/v2\/product"}],"about":[{"href":"https:\/\/simracergear.com\/it\/wp-json\/wp\/v2\/types\/product"}],"replies":[{"embeddable":true,"href":"https:\/\/simracergear.com\/it\/wp-json\/wp\/v2\/comments?post=101445"}],"wp:featuredmedia":[{"embeddable":true,"href":"https:\/\/simracergear.com\/it\/wp-json\/wp\/v2\/media\/101446"}],"wp:attachment":[{"href":"https:\/\/simracergear.com\/it\/wp-json\/wp\/v2\/media?parent=101445"}],"wp:term":[{"taxonomy":"product_brand","embeddable":true,"href":"https:\/\/simracergear.com\/it\/wp-json\/wp\/v2\/product_brand?post=101445"},{"taxonomy":"product_cat","embeddable":true,"href":"https:\/\/simracergear.com\/it\/wp-json\/wp\/v2\/product_cat?post=101445"},{"taxonomy":"product_tag","embeddable":true,"href":"https:\/\/simracergear.com\/it\/wp-json\/wp\/v2\/product_tag?post=101445"}],"curies":[{"name":"wp","href":"https:\/\/api.w.org\/{rel}","templated":true}]}}