{"id":101453,"date":"2025-05-15T08:10:00","date_gmt":"2025-05-15T08:10:00","guid":{"rendered":"https:\/\/simracergear.com\/products\/moza-r12-rs-v2-steering-wheel-bundle\/"},"modified":"2025-11-28T05:31:06","modified_gmt":"2025-11-28T05:31:06","slug":"moza-r12-rs-v2-steering-wheel-bundle","status":"publish","type":"product","link":"https:\/\/simracergear.com\/it\/products\/moza-r12-rs-v2-steering-wheel-bundle\/","title":{"rendered":"Pacchetto di volanti MOZA R12 e RS V2"},"content":{"rendered":"<p>Nella gamma di basi Direct Drive \"ragionevoli\" in termini di potenza e budget, la MOZA R12 \u00e8 chiaramente un'opzione media\/top di gamma molto seria. Con i suoi 12 Nm e il volano RS V2 in questo pacchetto, ci rivolgiamo a un pubblico che vuole fare un vero passo avanti rispetto a una base con trasmissione a cinghia o a un piccolo DD entry-level, senza esagerare con una potenza difficile da sfruttare.<\/p>\n<p>Sulla carta, questa combinazione promette un FFB preciso e pulito che pu\u00f2 essere utilizzato sia in campionato che nel tempo libero. Il volante RS V2 offre una sensazione da GT \/ tuttofare, con un numero sufficiente di pulsanti e un look moderno senza esagerare. Il tutto \u00e8 stato progettato come una configurazione di base seria, attorno alla quale \u00e8 possibile costruire un cockpit completo.<\/p>\n<p>Da parte mia, ho affrontato questo test pensando a tre cose: la pura e semplice precisione delle informazioni (letture dell'aderenza, transizioni di carico), il comfort nel tempo e la versatilit\u00e0 tra diversi tipi di auto e simulazioni. L'idea non \u00e8 solo quella di avere una grande coppia che ti strappi le braccia, ma una combinazione coerente che ti faccia venire voglia di guidare a lungo, spesso e su tutto.<\/p>\n<h2>Progettazione e produzione<\/h2>\n<p>La base dell'R12 d\u00e0 immediatamente l'impressione di un'unit\u00e0 compatta e seria. Il telaio in metallo ispira fiducia, senza giochi o scricchiolii parassiti. Il design \u00e8 piuttosto sobrio e spigoloso, con una qualit\u00e0 costruttiva che si colloca chiaramente al di sopra di molte basi a cinghia e nella stessa categoria dei convertitori diretti di fascia media della concorrenza.<\/p>\n<p>Visivamente, emana densit\u00e0 e rigidit\u00e0. In mano, quando si maneggiano la base e il volante, nulla sembra vuoto. Le tolleranze di assemblaggio sono strette, lo sgancio rapido in stile motorsport \u00e8 netto e diretto, e non c'\u00e8 alcuna oscillazione percettibile una volta che tutto \u00e8 bloccato in posizione. Si ha l'impressione che possa resistere ad anni di sessioni di gioco senza vacillare, a condizione, ovviamente, che sia saldamente collegato a un abitacolo sufficientemente rigido.<\/p>\n<p>L'RS V2, invece, \u00e8 chiaramente orientato verso i GT \/ all-rounders. Il bordo \u00e8 arrotondato e leggermente spesso, e il rivestimento offre una buona presa senza essere aggressivo. I paddle magnetici hanno un clic pulito e molto meccanico, con una sensazione pi\u00f9 qualitativa rispetto a molti dei volanti in plastica pi\u00f9 diffusi. I pulsanti sono corretti, ben posizionati, con una corsa che non \u00e8 n\u00e9 troppo dura n\u00e9 troppo morbida. Un prodotto tutt'altro che giocattolo.<\/p>\n<p>La cosa pi\u00f9 sorprendente \u00e8 la coerenza complessiva del pacchetto: base compatta, volante ben bilanciato, nessuna vibrazione, nessun gioco nel QR. Ci\u00f2 che \u00e8 un po' deludente, tuttavia, \u00e8 che l'RS V2 \u00e8 ancora un po' un \"prodotto sim racing\" dal punto di vista visivo, e non \u00e8 all'altezza di un volante ultra-premium in pelle pieno fiore o in carbonio di alta gamma. Lo stesso vale per alcuni dettagli in plastica, che ci ricordano che siamo nella fascia media\/alta della gamma e non nel segmento ultra-lusso.<\/p>\n<p>Rispetto alle vecchie soluzioni con trasmissione a cinghia, la differenza di qualit\u00e0 percepita \u00e8 evidente. Rispetto ai kit DD della concorrenza di pari potenza, siamo messi piuttosto bene, con un leggero vantaggio in termini di rigidit\u00e0 complessiva e di sgancio rapido, ma con uno stile forse un po' meno \"puramente racing\" rispetto ad alcuni volanti tipici.<\/p>\n<h2>Impostazioni, personalizzazione e compatibilit\u00e0<\/h2>\n<p>Per quanto riguarda il software, MOZA ha creato un ecosistema abbastanza moderno. L'interfaccia delle impostazioni \u00e8 chiara e visiva, con cursori per intensit\u00e0, durezza, filtraggio, attrito, inerzia e cos\u00ec via. \u00c8 possibile iniziare con le preimpostazioni per i giochi principali e poi regolare in base alle proprie preferenze. \u00c8 chiaro che lo strumento \u00e8 stato progettato in modo da non perdere un utente intermedio.<\/p>\n<p>Le impostazioni veramente utili ruotano attorno ad alcuni assi: intensit\u00e0 complessiva del FFB, filtraggio delle alte frequenze, durezza del centro ed eventualmente un po' di smorzamento per smussare alcune delle simulazioni pi\u00f9 nervose. Il vantaggio dei 12 Nm \u00e8 che si pu\u00f2 ridurre la potenza mantenendo la consistenza. Non \u00e8 necessario spingere tutto al limite, il che rende la combinazione molto pi\u00f9 utilizzabile nel tempo.<\/p>\n<p>La curva di apprendimento non \u00e8 ripida, ma richiede un po' di tempo per la messa a punto. Le preimpostazioni di base consentono di guidare rapidamente senza farsi prendere la mano e poi, con una piccola modifica di alcuni cursori, \u00e8 facile trovare il proprio equilibrio personale. Non si \u00e8 sommersi da decine di impostazioni opache, il che \u00e8 un tocco di classe.<\/p>\n<p>In termini di compatibilit\u00e0, si tratta chiaramente di una soluzione orientata al PC. L'integrazione con vari simulatori per PC \u00e8 buona, i giochi riconoscono bene l'hardware e il software MOZA gestisce tutto in background. Per quanto riguarda le console, bisogna tenere presente che questo non \u00e8 il campo di gioco naturale del bundle. Stiamo parlando di utenti che stanno realizzando una configurazione PC seria, magari con schermo triplo o VR.<\/p>\n<p>L'ecosistema MOZA comprende diversi volanti, pedali, cambi e freni a mano. Il pacchetto R12 + RS V2 \u00e8 quindi una buona base da cui partire per aggiornare il resto: passare a un volante pi\u00f9 stile F1, aggiungere una guarnitura a cella di carico pi\u00f9 avanzata, ecc. Dal punto di vista della scalabilit\u00e0, \u00e8 chiaramente una base che pu\u00f2 durare diversi anni senza diventare obsoleta. Siamo su una piattaforma che pu\u00f2 essere utilizzata come punto di ingresso ambizioso o come base duratura per un ciclista gi\u00e0 esperto che non vuole necessariamente spingersi oltre in termini di coppia.<\/p>\n<h2>Sensazioni in gioco<\/h2>\n<p>In pista, la R12 ha mostrato subito i suoi veri colori. La prima cosa che colpisce \u00e8 la pulizia del feedback di potenza. I 12 Nm sono pi\u00f9 che sufficienti per trasmettere le variazioni di carico al volante senza dare l'impressione di tirare le braccia. Si percepisce che la coppia disponibile permette di avere un centro fermo e preciso, senza che diventi una battaglia continua.<\/p>\n<p>La precisione dell'FFB \u00e8 particolarmente evidente nelle transizioni: ingresso in curva, trasferimento di massa e leggero sottosterzo che inizia a manifestarsi. La lettura dello sterzo dell'auto \u00e8 molto chiara. Si capisce subito cosa sta facendo l'asse anteriore, se si sovraccarica uno pneumatico, se l'auto inizia a scivolare. Rispetto a una base a cinghia o a un piccolo DD, il guadagno \u00e8 in nitidezza e velocit\u00e0 di reazione. C'\u00e8 meno filtro \"meccanico\" tra il gioco e le mani.<\/p>\n<p>Nelle curve veloci, la base mantiene una buona stabilit\u00e0 del centro, senza fastidiose oscillazioni, purch\u00e9 non si spingano le regolazioni all'estremo. L'RS V2, con la sua forma GT, offre un buon controllo con le lunghe pieghe, sia che ci si trovi a 9,15 o leggermente decentrati. \u00c8 possibile controllare davvero l'angolo di sterzata e sentire quando \u00e8 necessario mollare la presa per far girare l'auto.<\/p>\n<p>Il feedback di aderenza \u00e8 uno dei punti di forza del combo. Le piccole perdite di aderenza all'anteriore sono ben riprodotte e si possono percepire i micro-slittamenti senza che l'FFB si blocchi o si sovraccarichi. Al posteriore, l'inizio del sovrasterzo viene segnalato con sufficiente anticipo per poterlo correggere, anche con auto un po' nervose. \u00c8 qui che la base cambia davvero l'esperienza: si acquista fiducia per attaccare.<\/p>\n<p>Per quanto riguarda i vibratori, il feedback era piuttosto secco e dettagliato. Si ha una buona sensazione dell'altezza del vibratore, della sua struttura, se lo si sta solo prendendo con una gomma o se lo si sta cavalcando pi\u00f9 ampiamente. Rispetto a una base meno potente, l'ampiezza \u00e8 pi\u00f9 pronunciata, ma soprattutto il segnale \u00e8 pi\u00f9 pulito. Si pu\u00f2 decidere deliberatamente di attaccare un vibratore aggressivo sapendo cosa aspettarsi dal volante. Questo contribuisce enormemente all'immersione.<\/p>\n<p>Per lunghe sessioni, l'R12 rimane utilizzabile. Alla massima potenza, pu\u00f2 diventare stancante, ma basta ridurre leggermente l'intensit\u00e0 per mantenere la massima potenza.<br \/>\nsenza ritrovarsi con avambracci distrutti. Il motore rimane stabile, non si avverte la sensazione di surriscaldamento che degrada il FFB e non si notano perdite o variazioni nel tempo. Questa consistenza \u00e8 davvero rassicurante per le gare lunghe.<\/p>\n<p>Quando si tratta di correzioni rapide, il vantaggio del Direct Drive \u00e8 immediatamente evidente. La base risponde rapidamente, la ruota torna al centro in modo controllabile, senza rimbalzi eccessivi se le impostazioni sono corrette. Su auto leggere o con sistemi di propulsione bruschi, c'\u00e8 abbastanza coppia da sentire lo stallo, ma non cos\u00ec tanta da essere sopraffatti. Rispetto a un modello base ancora pi\u00f9 potente, si perde un po' di brutalit\u00e0 e grinta, ma si guadagna spesso in comfort e facilit\u00e0 d'uso.<\/p>\n<p>Nel complesso, l'immersione \u00e8 a un livello pi\u00f9 che sufficiente per farvi dimenticare l'hardware e concentrarvi esclusivamente sulla guida. La combinazione base + volante ispira fiducia. Si ha il coraggio di frenare pi\u00f9 tardi, di entrare pi\u00f9 forte e di lavorare sul feeling a met\u00e0 curva. Per me, il pi\u00f9 grande complimento possibile per questo tipo di prodotto \u00e8 che dopo qualche giro si smette di pensare alla base. Si pensa alla macchina, al tempo e alla traiettoria. Ed \u00e8 esattamente quello che succede qui.<\/p>\n<h2>Per chi + Cosa ci piace \/ Cosa non ci piace<\/h2>\n<p>Il bundle MOZA R12 &amp; RS V2 \u00e8 chiaramente rivolto a un profilo che va dai principianti altamente motivati ai piloti intermedi\/confermati che desiderano una solida configurazione del PC a lungo termine. Per un pilota alle prime armi pu\u00f2 sembrare ambizioso, ma chi sa gi\u00e0 che investir\u00e0 un po' di tempo nelle corse simulate trover\u00e0 una base che non sar\u00e0 superata dopo pochi mesi. Per un utente che proviene da una base a cinghia o da un piccolo DD, il salto di qualit\u00e0 \u00e8 evidente.<\/p>\n<p>Mi piace molto l'equilibrio tra potenza e controllo. I 12 Nm offrono un FFB davvero robusto, sufficientemente ricco, ma sempre in un range con cui \u00e8 facile convivere quotidianamente. In secondo luogo, la qualit\u00e0 costruttiva complessiva ispira fiducia: nulla si muove, nulla scricchiola, sembra davvero uno strumento serio. Infine, la versatilit\u00e0 del volante RS V2 consente di passare da una GT a un proto o a un'auto stradale sportiva senza sentirsi limitati. \u00c8 un volante \"quotidiano\" molto coerente.<\/p>\n<p>Tuttavia, ci sono alcune limitazioni da tenere a mente. Il primo riguarda la compatibilit\u00e0 con le console, che chiaramente non \u00e8 l'area prioritaria per questo bundle. Se il vostro ecosistema \u00e8 incentrato sulle console, questa non \u00e8 la soluzione pi\u00f9 naturale. In secondo luogo, l'RS V2, pur essendo solido e piacevole, non pu\u00f2 competere con la sensazione di lusso di volanti di fascia alta realizzati con materiali pi\u00f9 nobili o con un design pi\u00f9 radicale. Infine, il passaggio a un modello base di questo livello richiede un abitacolo rigido e una pedaliera all'altezza di sfruttarne appieno il potenziale. L'investimento non si limita alla base e al volante.<\/p>\n<p>In termini di valore percepito, si tratta di un prodotto che rappresenta un investimento serio, ma coerente con ci\u00f2 che offre: un vero e proprio salto di qualit\u00e0 in termini di sensazioni, precisione e consistenza. Per chi pedala spesso, in un campionato o con una carriera solista avanzata, il rapporto qualit\u00e0-prezzo rimane interessante. Non si tratta di un acquisto d'impulso, ma di una scelta ponderata per costruire una configurazione attorno a una base solida.<\/p>\n<h2>Il verdetto<\/h2>\n<p>Il bundle MOZA R12 &amp; RS V2 cambia una cosa su tutte in una configurazione: trasforma un'installazione \"decente\" in una piattaforma seria per il progresso. Si passa da un hardware che accompagna il gioco a un hardware che permette di sfruttare davvero ci\u00f2 che ogni simulazione ha da offrire, senza dover lottare contro i limiti dell'hardware.<\/p>\n<p>Sul mercato, l'R12 si posiziona come base Direct Drive di fascia media\/alta, abbastanza potente da soddisfare la maggior parte dei simulatori, senza cadere nel delirio di coppie estreme difficili da controllare. L'RS V2 completa questo equilibrio con un volante versatile che fa tutto bene, anche se non cerca di essere il pi\u00f9 esclusivo del mercato.<\/p>\n<p>Lo consiglio chiaramente a coloro che utilizzano principalmente il PC, che desiderano una configurazione evolutiva e coerente e che sono alla ricerca di un solido punto di ancoraggio per costruire o aggiornare la propria installazione. Per i giocatori occasionali, o per un uso incentrato sulle console, ci sono opzioni pi\u00f9 semplici e pi\u00f9 adatte.<\/p>\n<p>Se siete alla ricerca di una base Direct Drive seria, precisa e utilizzabile quotidianamente, con un volante GT versatile e un reale potenziale di progressione, questo prodotto pu\u00f2 chiaramente fare la differenza nella vostra configurazione.<\/p>","protected":false},"excerpt":{"rendered":"<p>Questo pacchetto mi ha dato la sensazione di passare da una configurazione \"decente\" a una base davvero seria, con un ritorno di forza pulito e leggibile che d\u00e0 fiducia e voglia di pedalare a lungo. Ha senso per i simulatori di PC motivati, dai principianti ambiziosi ai corridori intermedi, che vogliono una base durevole e aggiornabile. Il rapporto investimento\/feel gain rimane coerente.<\/p>","protected":false},"featured_media":101454,"comment_status":"open","ping_status":"closed","template":"","meta":{"_acf_changed":false,"_et_pb_use_builder":"","_et_pb_old_content":"","_et_gb_content_width":""},"product_brand":[165],"product_cat":[161],"product_tag":[149],"class_list":{"0":"post-101453","1":"product","2":"type-product","3":"status-publish","4":"has-post-thumbnail","6":"product_brand-moza-racing","7":"product_cat-volant","8":"product_tag-pc","10":"first","11":"instock","12":"shipping-taxable","13":"product-type-external"},"acf":[],"_links":{"self":[{"href":"https:\/\/simracergear.com\/it\/wp-json\/wp\/v2\/product\/101453","targetHints":{"allow":["GET"]}}],"collection":[{"href":"https:\/\/simracergear.com\/it\/wp-json\/wp\/v2\/product"}],"about":[{"href":"https:\/\/simracergear.com\/it\/wp-json\/wp\/v2\/types\/product"}],"replies":[{"embeddable":true,"href":"https:\/\/simracergear.com\/it\/wp-json\/wp\/v2\/comments?post=101453"}],"wp:featuredmedia":[{"embeddable":true,"href":"https:\/\/simracergear.com\/it\/wp-json\/wp\/v2\/media\/101454"}],"wp:attachment":[{"href":"https:\/\/simracergear.com\/it\/wp-json\/wp\/v2\/media?parent=101453"}],"wp:term":[{"taxonomy":"product_brand","embeddable":true,"href":"https:\/\/simracergear.com\/it\/wp-json\/wp\/v2\/product_brand?post=101453"},{"taxonomy":"product_cat","embeddable":true,"href":"https:\/\/simracergear.com\/it\/wp-json\/wp\/v2\/product_cat?post=101453"},{"taxonomy":"product_tag","embeddable":true,"href":"https:\/\/simracergear.com\/it\/wp-json\/wp\/v2\/product_tag?post=101453"}],"curies":[{"name":"wp","href":"https:\/\/api.w.org\/{rel}","templated":true}]}}