{"id":101486,"date":"2025-05-15T08:11:00","date_gmt":"2025-05-15T08:11:00","guid":{"rendered":"https:\/\/simracergear.com\/products\/moza-r5-bundle\/"},"modified":"2025-11-28T05:33:48","modified_gmt":"2025-11-28T05:33:48","slug":"moza-r5-bundle","status":"publish","type":"product","link":"https:\/\/simracergear.com\/it\/products\/moza-r5-bundle\/","title":{"rendered":"Pacchetto MOZA R5"},"content":{"rendered":"<h2>MOZA R5 Bundle: un vero pacchetto Direct Drive a portata di mano? La mia recensione completa<\/h2>\n<p>Il MOZA R5 Bundle si rivolge a un segmento molto specifico: coloro che desiderano passare al Direct Drive senza dover scialacquare il proprio budget o perdersi in una configurazione troppo complessa. Si tratta di un kit chiavi in mano: base Direct Drive compatta, volante in stile GT e pedali entry-level. L'idea \u00e8 chiara: offrire le sensazioni di un volante Direct Drive in un formato plug &amp; play per il PC.<\/p>\n<p>Questo pacchetto \u00e8 altrettanto interessante perch\u00e9 si pone di fronte ai kit entry\/midrange dei marchi affermati, ma con una filosofia leggermente diversa: un ecosistema 100 % Direct Drive fin dall'inizio, un design moderno e una suite software interna abbastanza completa.<\/p>\n<p>Da parte mia, sto affrontando la questione da un punto di vista molto concreto: precisione del ritorno di forza, qualit\u00e0 della sensazione, facilit\u00e0 di regolazione e adeguatezza dell'investimento per un simulatore che vuole progredire. La cosa che mi interessa di pi\u00f9 \u00e8 vedere se questo pacchetto \u00e8 in grado di reggere il confronto con basi di cinghie ben consolidate e se pu\u00f2 servire come vera e propria base per un setup destinato a evolversi.<\/p>\n<p>Si tratta di un prodotto che promette immersione, controllo e un salto di qualit\u00e0 rispetto alle ruote entry-level tradizionali. Resta da vedere fino a che punto si spinge e quali sono i suoi limiti.<\/p>\n<h2>Progettazione e produzione del bundle MOZA R5<\/h2>\n<p>La base dell'R5 d\u00e0 immediatamente un'impressione di compattezza e densit\u00e0. Lo chassis in metallo ispira fiducia, con una finitura sobria, disadorna ma pulita. In mano, l'apparecchio sembra pesante per le sue dimensioni, il che \u00e8 un buon segno in termini di rigidit\u00e0. Non c'\u00e8 quella sensazione di \"scatola vuota\" che a volte si riscontra nei prodotti di fascia bassa.<\/p>\n<p>Il volante fornito in dotazione \u00e8 chiaramente orientato alla GT \/ all-round. La struttura \u00e8 rigida e la presa \u00e8 discreta, con un rivestimento che si mantiene bene in mano. Non si tratta di pelle pregiata, ma la sensazione \u00e8 buona e i pulsanti si sentono bene sotto le dita. I paddle sono nitidi, con un clic chiaro, anche se si ha la sensazione di non essere allo stesso livello di raffinatezza di un volante di alta gamma. \u00c8 pi\u00f9 un compromesso serio che un elemento di \"lusso\".<\/p>\n<p>La guarnitura \u00e8 la parte pi\u00f9 entry-level del pacchetto. Costruita correttamente, \u00e8 abbastanza leggera, prevalentemente in metallo ma senza effetto \"carro armato\". Il pedale del freno manca un po' di progressivit\u00e0 per difetto, sembrando pi\u00f9 una molla che un vero lavoro sulla sensazione di pressione. Per una prima configurazione, fa il suo dovere, ma un pilota gi\u00e0 esigente trover\u00e0 rapidamente i suoi limiti.<\/p>\n<p>Tuttavia, l'assemblaggio complessivo ispira fiducia. Una volta montato su un cavalletto rigido o su un cockpit, il gruppo non si muove quasi per niente. Rispetto a un volante a cinghia di fascia media, l'R5 d\u00e0 spesso la sensazione di essere pi\u00f9 compatto e denso, anche se la guarnitura rimane al di sotto di quanto offerto da alcuni gruppi concorrenti pi\u00f9 focalizzati su questo punto.<\/p>\n<p>Ci\u00f2 che sorprende immediatamente sono le dimensioni: per essere una base Direct Drive, \u00e8 ancora molto contenuta. Sono un po' pi\u00f9 riservato per quanto riguarda la \"sensazione premium\" del volante e dei pedali, che rimangono a un livello coerente con il prezzo, ma non oltre.<\/p>\n<h2>Impostazioni, personalizzazione e compatibilit\u00e0<\/h2>\n<p>La forza del MOZA R5 risiede anche nel suo software. Il software MOZA (Pit House) offre impostazioni piuttosto chiare, con preimpostazioni per diversi tipi di gioco e opzioni avanzate per chi ama la regolazione fine. La navigazione \u00e8 complessivamente intuitiva ed \u00e8 possibile trovare i parametri chiave del FFB senza perdersi in oscuri menu.<\/p>\n<p>Le impostazioni veramente utili per adattare il prodotto ruotano intorno alla forza complessiva, al filtraggio delle vibrazioni e alla gestione dei dettagli della superficie. \u00c8 facile rendere il volante pi\u00f9 morbido e indulgente per un principiante o, al contrario, pi\u00f9 ruvido e diretto per un utente abituato alle basi del Direct Drive. C'\u00e8 una curva di apprendimento, ma \u00e8 ragionevole. \u00c8 possibile acquisire una buona sensibilit\u00e0 abbastanza rapidamente, per poi perfezionarla poco a poco.<\/p>\n<p>In termini di compatibilit\u00e0, il bundle \u00e8 orientato al PC. Non c'\u00e8 una connessione nativa con le console principali e questo \u00e8 un aspetto da tenere in considerazione prima dell'acquisto. Per i giocatori di sole console, questa non \u00e8 chiaramente la scelta giusta. Per gli utenti del PC, invece, l'integrazione con la maggior parte dei simulatori moderni \u00e8 buona e il volante viene riconosciuto senza grosse difficolt\u00e0.<\/p>\n<p>L'ecosistema MOZA inizia a essere ben fornito, con altri volanti, guarniture pi\u00f9 avanzate, cambi, un freno a mano, ecc. L'R5 pu\u00f2 quindi essere utilizzato come punto di ingresso in una gamma che consente di effettuare un upgrade progressivo. \u00c8 possibile iniziare con il gruppo, quindi aggiornare la guarnitura o il volano in un secondo momento, senza cambiare la base.<\/p>\n<p>In termini di possibilit\u00e0 di aggiornamento, la vedo come una base duratura per un simulatore da principiante a intermedio. Non \u00e8 un mostro di coppia costruito per i massimi livelli, con un grande cockpit in acciaio e tutto l'ecosistema dei professionisti che lo circonda, ma \u00e8 pi\u00f9 che sufficiente per un uso serio e regolare e per progredire a lungo prima di sentire un vero limite.<\/p>\n<h2>Pacchetto MOZA R5: sensazioni in gioco<\/h2>\n<p>\u00c8 qui che l'R5 si fa notare. Il passaggio alla trasmissione diretta \u00e8 immediatamente percepibile se si proviene da un volante a cinghia o a ingranaggi. Il feedback \u00e8 pi\u00f9 diretto, pi\u00f9 pulito, con meno latenza e meno \"sfocatura\" tra ci\u00f2 che l'auto sta facendo e ci\u00f2 che sentite nelle vostre mani.<\/p>\n<p>In termini di precisione del FFB, la R5 si difende molto bene per la sua categoria di coppia. \u00c8 possibile percepire chiaramente le variazioni di carico sull'avantreno, il leggero allentamento dello sterzo in frenata, l'alleggerimento dell'auto su un vibratore o quando si sale su un cordolo. Si capisce subito cosa sta facendo l'auto. Le forze non sono mostruose, ma le informazioni sono leggibili, il che \u00e8 spesso pi\u00f9 importante della potenza pura.<\/p>\n<p>Nelle curve, la base d\u00e0 una buona sensazione di consistenza. Il centro della pista \u00e8 pulito, senza zone morte marcate, e le transizioni tra aderenza e sottosterzo sono facili da percepire. Il punto interessante \u00e8 nelle fasi di leggero slittamento o al limite dell'aderenza: si percepisce quando l'avantreno inizia a fluttuare e quando il retrotreno si muove, senza andare in tutte le direzioni. Si ha la sensazione di poter lavorare finemente sul volante.<\/p>\n<p>La lettura della presa \u00e8 uno dei principali punti di forza di un prodotto di questo segmento. Rispetto a un'unit\u00e0 di base meno potente e meno precisa, il vantaggio principale \u00e8 in termini di sfumature. Non vengono rilevati solo i grandi colpi di racchetta, ma anche le piccole vibrazioni che indicano uno pneumatico che si sta affaticando, un vibratore pi\u00f9 aggressivo o un'auto che sta iniziando a surriscaldare l'asse posteriore.<\/p>\n<p>I vibratori funzionano bene. \u00c8 possibile percepire la differenza tra un vibratore piatto, un vibratore a sega e un vibratore davvero aggressivo. L'R5 non li trasforma in tremori da cartone animato, ma in texture. \u00c8 pi\u00f9 simile alla lettura di una superficie che a quella di un martello pneumatico, e questo si apprezza nelle sessioni pi\u00f9 lunghe.<\/p>\n<p>Per sessioni prolungate, la FFB rimane stabile. La base non mostra segni evidenti di perdita di potenza a caldo, in condizioni di utilizzo normali. \u00c8 possibile organizzare gare senza dover lottare contro uno sterzo che diventa lento o irregolare. I livelli di rumorosit\u00e0 rimangono bassi, il che \u00e8 un vero vantaggio se si gioca in un ambiente condiviso.<\/p>\n<p>Per le correzioni rapide, la base risponde bene. Il volante si ricentra rapidamente, senza eccessiva inerzia, e segue gli input senza alcun ritardo percepibile. Per i rally, le derapate o semplicemente per prendere una scivolata su un circuito, c'\u00e8 la necessaria reattivit\u00e0. Non si tratta di una base ultrapotente, per cui non ci si strappa le braccia, ma c'\u00e8 abbastanza potenza per sentire i trasferimenti e lavorare in modo pulito.<\/p>\n<p>Rispetto a una base pi\u00f9 potente, si perde ovviamente in termini di forza bruta, violenza d'impatto e margine per chi ama guidare con un FFB molto alto. Ma per molti piloti questo livello di coppia \u00e8 gi\u00e0 pi\u00f9 che sufficiente, soprattutto se l'abitacolo non \u00e8 ultra-rigido. Rispetto ai volanti entry-level a cinghia o a ingranaggi, il salto in termini di immersione e fiducia \u00e8 evidente.<\/p>\n<p>Nel complesso, la R5 ha una sensazione di seriet\u00e0 e credibilit\u00e0 che fa sentire sicuri. Si sente che l'auto prende vita sotto le mani, senza dover lottare contro l'hardware. \u00c8 qui che la base cambia davvero l'esperienza: la guida \u00e8 pi\u00f9 naturale, pi\u00f9 fluida e ci si concentra pi\u00f9 sulla traiettoria che sui limiti del volante.<\/p>\n<h2>Per chi \u00e8? Cosa ci piace e cosa non ci piace<\/h2>\n<p>Il MOZA R5 Bundle si rivolge soprattutto ai simulatori motivati che vogliono fare un vero passo avanti rispetto a un volante tradizionale. Principianti seri del PC, giocatori intermedi che guidano regolarmente, piloti che vogliono il loro primo Direct Drive senza iniziare con un mostro di coppia: \u00e8 questo il pubblico che ne trarr\u00e0 il massimo valore. Per gli utenti di console, invece, il prodotto perde immediatamente di significato a causa della mancanza di compatibilit\u00e0 nativa.<\/p>\n<p>Tra i punti di forza, il primo \u00e8 il rapporto sensazione\/compattezza. Si tratta di un vero Direct Drive, facile da leggere e preciso, in una base piccola e facile da integrare in un setup casalingo o in un piccolo cockpit. Il secondo punto positivo \u00e8 l'ecosistema: l'R5 pu\u00f2 essere utilizzato come punto di ingresso ad altri volani MOZA, guarniture pi\u00f9 serie, ecc. senza dover acquistare nuovamente il tutto. Infine, la qualit\u00e0 del FFB per la categoria \u00e8 davvero interessante: pulito, informativo e utile per migliorare la guida. Si pu\u00f2 sentire dove vanno i pneumatici, e questo cambia tutto.<\/p>\n<p>In termini di limitazioni, la pedaliera originale \u00e8 chiaramente l'anello pi\u00f9 debole del pacchetto. Funziona, ma non sfrutta appieno il potenziale di un Direct Drive in termini di sensazione complessiva. Un simracer appassionato di R5 prima o poi vorr\u00e0 sostituirla con un modello pi\u00f9 progressivo, possibilmente dotato di sensore di pressione. Un altro limite \u00e8 che la mancanza di compatibilit\u00e0 con le console chiude la porta a una certa fascia di pubblico, soprattutto a coloro che condividono la propria configurazione tra PC e console. Infine, la potenza moderata della base pu\u00f2 sembrare un po' inadeguata per chi sogna un FFB molto forte o per chi monta un grande cockpit in acciaio ultra-rigido con aspettative di fascia molto alta.<\/p>\n<p>In termini di investimento, il bundle R5 \u00e8 ben posizionato. Si paga un vero e proprio salto di qualit\u00e0 rispetto alla gamma entry-level, con una base che rimarr\u00e0 utilizzabile per molto tempo. Il prezzo include anche la semplicit\u00e0 del pacchetto completo. Non \u00e8 la scelta pi\u00f9 conveniente per chi vuole subito una pedaliera di alto livello, ma per una prima configurazione Direct Drive coerente e aggiornabile, il valore percepito \u00e8 solido.<\/p>\n<h2>Verdetto: il MOZA R5 Bundle in una configurazione di simulazione di gara<\/h2>\n<p>Il MOZA R5 Bundle cambia soprattutto una cosa in una configurazione: la qualit\u00e0 e la finezza del ritorno di forza, rispetto a un volano a cinghia o a ingranaggi. Stiamo entrando nel mondo dell'azionamento diretto con attrezzature compatte, utilizzabili e in generale ben studiate. Si tratta di un vero e proprio punto di svolta nel passaggio dalle corse simulate \"serie\" a qualcosa di pi\u00f9 preciso e coinvolgente.<\/p>\n<p>Sul mercato, la colloco chiaramente nella fascia media dei Direct Drive. Non al livello delle basi molto potenti destinate alle configurazioni professionali, ma ben al di sopra delle classiche soluzioni entry-level. Non \u00e8 un gadget, \u00e8 una base seria, con un pacchetto coerente per iniziare.<\/p>\n<p>La consiglierei senza esitazione a un utente di PC che pedala regolarmente, vuole una configurazione pulita, compatta e aggiornabile, ed \u00e8 pronto ad aggiornare la guarnitura a medio termine. Per un ciclista gi\u00e0 dotato di una guarnitura eccellente o che punta a un cockpit di fascia alta, sar\u00e0 necessario valutare la potenza della base rispetto ai propri obiettivi di prestazione.<\/p>\n<p>Se siete alla ricerca di un primo Direct Drive convincente, compatto e orientato al PC, in grado di aiutarvi a progredire senza spendere una fortuna, questo prodotto potrebbe fare la differenza per la vostra configurazione.<\/p>","protected":false},"excerpt":{"rendered":"<p>Questo pacchetto mi ha dato la sensazione di aver fatto un passo avanti in termini di sensazioni, soprattutto per quanto riguarda la lettura della presa e la precisione del force feedback. Ha senso per un simulatore di PC motivato, principiante serio o intermedio, che vuole entrare nel Direct Drive con un pacchetto compatto e aggiornabile. Il valore complessivo \u00e8 coerente, a patto che si consideri la possibilit\u00e0 di aggiornare la guarnitura in futuro.<\/p>","protected":false},"featured_media":101487,"comment_status":"open","ping_status":"closed","template":"","meta":{"_acf_changed":false,"_et_pb_use_builder":"","_et_pb_old_content":"","_et_gb_content_width":""},"product_brand":[165],"product_cat":[161],"product_tag":[149],"class_list":{"0":"post-101486","1":"product","2":"type-product","3":"status-publish","4":"has-post-thumbnail","6":"product_brand-moza-racing","7":"product_cat-volant","8":"product_tag-pc","10":"first","11":"instock","12":"shipping-taxable","13":"product-type-external"},"acf":[],"_links":{"self":[{"href":"https:\/\/simracergear.com\/it\/wp-json\/wp\/v2\/product\/101486","targetHints":{"allow":["GET"]}}],"collection":[{"href":"https:\/\/simracergear.com\/it\/wp-json\/wp\/v2\/product"}],"about":[{"href":"https:\/\/simracergear.com\/it\/wp-json\/wp\/v2\/types\/product"}],"replies":[{"embeddable":true,"href":"https:\/\/simracergear.com\/it\/wp-json\/wp\/v2\/comments?post=101486"}],"wp:featuredmedia":[{"embeddable":true,"href":"https:\/\/simracergear.com\/it\/wp-json\/wp\/v2\/media\/101487"}],"wp:attachment":[{"href":"https:\/\/simracergear.com\/it\/wp-json\/wp\/v2\/media?parent=101486"}],"wp:term":[{"taxonomy":"product_brand","embeddable":true,"href":"https:\/\/simracergear.com\/it\/wp-json\/wp\/v2\/product_brand?post=101486"},{"taxonomy":"product_cat","embeddable":true,"href":"https:\/\/simracergear.com\/it\/wp-json\/wp\/v2\/product_cat?post=101486"},{"taxonomy":"product_tag","embeddable":true,"href":"https:\/\/simracergear.com\/it\/wp-json\/wp\/v2\/product_tag?post=101486"}],"curies":[{"name":"wp","href":"https:\/\/api.w.org\/{rel}","templated":true}]}}