{"id":101511,"date":"2025-05-15T08:12:00","date_gmt":"2025-05-15T08:12:00","guid":{"rendered":"https:\/\/simracergear.com\/products\/moza-r9-v2-ks-steering-wheel-bundle\/"},"modified":"2025-11-28T04:38:53","modified_gmt":"2025-11-28T04:38:53","slug":"moza-r9-v2-ks-steering-wheel-bundle","status":"publish","type":"product","link":"https:\/\/simracergear.com\/it\/products\/moza-r9-v2-ks-steering-wheel-bundle\/","title":{"rendered":"Pacchetto ruote MOZA R9 V2 e KS"},"content":{"rendered":"<p>Nel segmento dei telai Direct Drive \"compatti\", il pacchetto MOZA R9 V2 + Volante KS si posiziona chiaramente come una soluzione ambiziosa di fascia media. Non \u00e8 pi\u00f9 un entry-level, ma non \u00e8 ancora uno di quei mostri di coppia riservati ai fanatici dei prototipi LMP. Il suo obiettivo \u00e8 quello di raggiungere l'agognato punto di equilibrio: potenza e finezza sufficienti per essere credibili nei simulatori seri, senza diventare intimidatorie o ingestibili per i giocatori che si spostano verso l'alto.<\/p>\n<p>Soprattutto, questa combinazione promette tre cose: un force feedback pulito e dettagliato, un volante moderno e ben equipaggiato per le corse GT e le simulazioni \"generaliste\" e un ecosistema in evoluzione. Ci\u00f2 che lo rende interessante \u00e8 l'impressione di un pacchetto coerente: si collega, si modifica un po' e si ottiene una configurazione gi\u00e0 molto solida per iRacing, ACC, rFactor 2 o anche per giochi pi\u00f9 mainstream.<\/p>\n<p>Il mio punto di vista \u00e8 semplice: quanto questo R9 V2 + KS cambia effettivamente la sensazione di guida rispetto a una base a cinghia o a un piccolo Direct Drive entry-level? E questo pacchetto regge nel tempo, in termini di comfort, precisione e versatilit\u00e0, o si rischia di sentirlo limitato troppo rapidamente?<\/p>\n<h2>Progettazione e produzione<\/h2>\n<p>La base dell'R9 V2 d\u00e0 immediatamente l'impressione di un blocco compatto e denso. Il telaio in metallo trasuda rigidit\u00e0, con una finitura pulita e senza bordi ruvidi o parti mobili. In mano \u00e8 pesante e compatto e si percepisce chiaramente che non \u00e8 un giocattolo. Su un abitacolo adeguatamente irrigidito, non si muove, anche quando si \u00e8 costretti a fare correzioni rapide.<\/p>\n<p>Il volante KS \u00e8 molto simile a quello di un moderno sim racer. La forma \u00e8 quella di un GT, pi\u00f9 vicina a un volante da auto da corsa che a un classico volante rotondo. La costruzione ispira fiducia: struttura in metallo, parzialmente rivestita in alcantara\/simili o in un materiale sintetico ben scelto, pulsanti solidi, encoder che scattano in modo pulito. Quando lo si prende in mano, la densit\u00e0 \u00e8 buona, n\u00e9 troppo leggera n\u00e9 troppo pesante. Si ha la sensazione di avere in mano un vero strumento di pilotaggio, non un gadget.<\/p>\n<p>Ci\u00f2 che mi ha colpito \u00e8 il livello generale di finitura per questo segmento di prezzo. Le marcature sono pulite, le palette sono facili da usare per le dita, il collegamento QR \u00e8 pulito e il tutto trasuda solidit\u00e0. Il gioco parassita \u00e8 minimo e non si avvertono scricchiolii preoccupanti, anche quando si attacca con forza.<\/p>\n<p>Ci\u00f2 che pu\u00f2 risultare un po' deludente \u00e8 il fatto che non sia \"lussuoso\" come alcuni dei volanti di fascia pi\u00f9 alta: alcune plastiche sono ancora un gradino al di sotto dei riferimenti veramente premium e la sensazione sotto le dita non ha il fattore \"wow\" di un volante che costa diverse centinaia di euro in pi\u00f9. Per quanto mi riguarda, lo collocherei ben al di sopra dei volanti entry-level dei grandi marchi storici, ma leggermente al di sotto dei prodotti artigianali o in metallo\/pelle di fascia molto alta.<\/p>\n<h2>Impostazioni, personalizzazione e compatibilit\u00e0<\/h2>\n<p>MOZA si basa su un pacchetto software interno piuttosto ben congegnato. L'interfaccia \u00e8 di facile lettura, con schede chiare per la base, il volante, i pulsanti e le curve di forza. Sono presenti preimpostazioni per i giochi principali, in modo da poter iniziare rapidamente con qualcosa di coerente e poi regolare in base alle proprie esigenze. Per chi proviene da una base a cinghia, la curva di apprendimento rimane ragionevole: sono sufficienti alcune sessioni per capire quali cursori hanno un impatto reale sul comportamento del FFB.<\/p>\n<p>Le impostazioni veramente utili sono presenti: intensit\u00e0 generale, filtraggio, smorzamento, attrito, forza minima, gestione degli effetti stradali. \u00c8 possibile rendere la base molto vivace ed estremamente reattiva o, al contrario, smussare un po' i picchi per ottenere qualcosa di pi\u00f9 morbido e progressivo. \u00c8 qui che l'R9 V2 dimostra la sua versatilit\u00e0: accetta una gestione un po' brusca delle regolazioni, senza diventare incoerente o sgradevole.<\/p>\n<p>Dal punto di vista della compatibilit\u00e0, questo bundle \u00e8 chiaramente orientato al PC. Alcuni ambienti per console sono possibili tramite soluzioni indirette o prodotti specifici, ma questo bundle ha perfettamente senso su un PC con simulazioni serie. Se si guida principalmente su console, \u00e8 necessario controllare il proprio ecosistema prima di investire, perch\u00e9 non \u00e8 il terreno di gioco pi\u00f9 naturale per questa combinazione.<\/p>\n<p>Per quanto riguarda l'ecosistema, MOZA ha ora una gamma completa, che comprende altri volanti, pedali, comandi, freni a mano, cruscotti e altro ancora. L'R9 V2 si inserisce bene in tutto questo. Si percepisce che \u00e8 stato progettato come base centrale da mantenere mentre si sale gradualmente di gamma con le periferiche. Per quanto mi riguarda, \u00e8 un eccellente punto di ingresso nell'ecosistema MOZA, ma non solo un punto di ingresso: \u00e8 una base che pu\u00f2 facilmente seguire un pilota di simulazione intermedio o avanzato per molto tempo senza essere dimenticata.<\/p>\n<h2>Sensazioni in gioco<\/h2>\n<p>Una volta in pista, la prima cosa che si nota \u00e8 la pulizia del ritorno di forza. Il motore Direct Drive dell'R9 V2 non fa parte della categoria delle basi mostruose, ma eroga una forza sufficiente per essere fisici quando lo si desidera, rimanendo utilizzabile a lungo senza affaticarsi eccessivamente. Siamo in quel punto in cui la potenza non ostacola il comfort.<\/p>\n<p>La precisione dell'FFB \u00e8 davvero soddisfacente. Le micro-variazioni del volante, soprattutto su circuiti ben tracciati, sono chiaramente visibili: variazioni di superficie, piccole asperit\u00e0, lievi trasferimenti di carico. Rispetto a un sistema a cinghia, l'esperienza \u00e8 molto pi\u00f9 diretta e chiara. Si capisce subito cosa sta facendo la macchina.<\/p>\n<p>L'inserimento in curva \u00e8 progressivo. In ingresso si avverte il peso dell'avantreno che si carica, poi il punto in cui l'aderenza inizia a peggiorare. La base non si limita a tirare forte, ma \"parla\": l'aumento della resistenza, le leggere vibrazioni del pneumatico sul punto di scivolamento, le correzioni per mantenere il punto di corda, tutto \u00e8 leggibile. Credo che l'R9 V2 abbia una marcia in pi\u00f9 nella zona grigia tra l'aderenza e l'inizio del sottosterzo o del sovrasterzo. Quel momento critico in cui si deve decidere se osare o meno premere l'acceleratore.<\/p>\n<p>Le letture dell'aderenza sono precise, soprattutto nelle simulazioni pi\u00f9 impegnative. \u00c8 possibile percepire chiaramente quando l'asse posteriore inizia a perdere peso, quando l'auto galleggia leggermente sui freni o quando il pneumatico si blocca perch\u00e9 si \u00e8 troppo avidi con l'acceleratore. Non \u00e8 al livello di un'ultra-coppia di base spinta al limite con impostazioni molto aggressive, ma per una guida seria \u00e8 pi\u00f9 che sufficiente per essere coerenti e sicuri.<\/p>\n<p>Per quanto riguarda i vibratori, l'R9 V2 + KS fa un buon lavoro. \u00c8 possibile sentire la struttura del vibratore, non solo un generico \"bzz\". I vibratori piatti e lunghi si distinguono da quelli pi\u00f9 aggressivi e spezzettati. \u00c8 possibile leggere letteralmente attraverso il volante se si sta mordendo in modo pulito o se si sta andando troppo in alto, cosa che nelle gare aiuta molto a rimanere coerenti senza interrompere la traiettoria.<\/p>\n<p>Nelle correzioni rapide, la combinazione si dimostra vivace. Quando il posteriore si blocca, la base reagisce senza alcuna latenza percepibile e il volante segue immediatamente i movimenti della vettura. Si pu\u00f2 lavorare davvero sul controsterzo, sulle piccole correzioni di traiettoria e sulle correzioni sui dossi. Ecco dove sta la differenza con una base meno potente o pi\u00f9 filtrata: non si reagisce pi\u00f9, si anticipa. L'auto si muove, il volante parla, voi correggete. Semplice, diretto, efficace.<\/p>\n<p>Nelle lunghe sessioni, la costanza \u00e8 buona. Il motore non \u00e8 cos\u00ec caldo da alterare la sensazione, e la coppia rimane stabile. La fatica proviene pi\u00f9 dai muscoli che dall'attrezzatura, il che \u00e8 un buon segno. Con impostazioni ragionevoli, \u00e8 possibile effettuare stint completi senza avere la sensazione di lottare contro la base, pur mantenendo un feedback ricco che aiuta a rimanere concentrati.<\/p>\n<p>Rispetto a un modello base meno potente, l'auto \u00e8 chiaramente pi\u00f9 precisa, pi\u00f9 dinamica e pi\u00f9 facile da leggere. Rispetto a un modello base molto pi\u00f9 potente, si perde ovviamente in termini di brutalit\u00e0 pura e di margine di coppia massima, ma si guadagna in termini di maneggevolezza. La R9 V2 non cerca di strapparvi le braccia. Cerca di farvi capire cosa succede sotto i pneumatici. Per molti piloti di simulazione, questo \u00e8 esattamente ci\u00f2 che serve.<\/p>\n<h2>Per chi \u00e8? Cosa ci piace \/ Cosa non ci piace<\/h2>\n<p>Questo bundle MOZA R9 V2 + KS \u00e8 chiaramente rivolto a piloti di simulazione motivati che vogliono fare un serio passo avanti senza esagerare. Un principiante che sa di voler investire nelle gare di simulazione, un giocatore intermedio che ha guidato su una base a cinghia e vuole finalmente assaggiare la Direct Drive, o un pilota esperto che vuole una configurazione coerente, compatta e moderna per le gare GT, monoposto ed endurance trover\u00e0 qui un ottimo compromesso. Per quanto riguarda le console, \u00e8 meno naturale; per un giocatore di console puro, spesso hanno pi\u00f9 senso altre soluzioni pi\u00f9 direttamente compatibili.<\/p>\n<p>Ci\u00f2 che mi piace particolarmente \u00e8 l'equilibrio complessivo del pacchetto. La base ha una coppia sufficiente a rendere credibili le sensazioni, il volante KS si adatta perfettamente alle discipline pi\u00f9 diffuse (GT3, GT4, monoposto moderne, persino rally moderni in vista dell'asfalto) e il software consente di effettuare una messa a punto senza perdersi. Il rapporto sensazioni\/dimensioni\/prezzo \u00e8 ben posizionato. Si ha la sensazione di fare un vero salto di qualit\u00e0 rispetto a una configurazione pi\u00f9 semplice, senza dover reimparare tutto o sovradimensionare l'abitacolo.<\/p>\n<p>Quando si parla di limiti, dobbiamo essere chiari. La potenza dell'R9 V2, pur essendo pi\u00f9 che sufficiente per la maggior parte dei giocatori, non soddisfer\u00e0 coloro che vogliono assolutamente guidare con una coppia estrema e con effetti ultra-crudi. Il volante KS, molto orientato alla GT, non sar\u00e0 la scelta ideale per i puristi del rally o del drift, che potrebbero preferire un volante rotondo pi\u00f9 tradizionale. E nonostante alcune soluzioni, la natura incentrata sul PC del gioco significa che non sar\u00e0 di grande interesse per i giocatori di sole console.<\/p>\n<p>In termini di investimento, non si tratta di un prodotto insignificante, ma \u00e8 comunque competitivo per quello che offre. Il valore percepito \u00e8 buono: si ha la sensazione di acquistare una base da tenere per diversi anni, con un volante versatile e un ecosistema che lascia spazio allo sviluppo del resto della configurazione (pedali, cambio, secondo volante con pi\u00f9 carattere, ecc.). Per chi considera le corse simulate un vero e proprio hobby, questo pacchetto ha senso.<\/p>\n<h2>Il verdetto<\/h2>\n<p>Il bundle MOZA R9 V2 + KS Steering Wheel cambia soprattutto una cosa: fa entrare una configurazione \"bella\" nella categoria delle configurazioni serie, capaci di un uso regolare, impegnativo e orientato alla progressione. Ci siamo lasciati alle spalle il mondo di compromessi tipico delle basi a cinghia e siamo entrati in un Direct Drive pulito, nitido e preciso, senza la violenza a volte inutile dei modelli grandi e ultra potenti.<\/p>\n<p>Sul mercato, questa combinazione \u00e8 chiaramente un solido prodotto di fascia media, con una sensazione e una finitura premium. Non \u00e8 un prodotto da scoprire, n\u00e9 un'illusione dell'ultra-appassionato pronto a tutto per qualche percentuale di realismo in pi\u00f9. \u00c8 un punto di riferimento: una base che potrete scegliere come cuore della vostra configurazione per gli anni a venire, e attorno alla quale sviluppare il resto.<\/p>\n<p>Lo consiglio a coloro che guidano principalmente su PC, che fanno regolarmente gare di simulazione e che vogliono un hardware costante, moderno e aggiornabile. Per i giocatori occasionali di console o per i fanatici della potenza pura, potrebbe non essere la scelta migliore.<\/p>\n<p>Se siete alla ricerca di un Direct Drive compatto, preciso, facile da gestire e in grado di migliorare nettamente le vostre sensazioni e la vostra sicurezza in pista, questo prodotto potrebbe fare la differenza per la vostra configurazione.<\/p>","protected":false},"excerpt":{"rendered":"<p>Questo pacchetto d\u00e0 davvero l'impressione di passare a una configurazione di sim racing \"seria\": la sensazione \u00e8 pulita, leggibile e sufficientemente fisica senza diventare stancante o intimidatoria. Ha senso per i normali piloti di simulazione su PC che provengono da una base a cinghia o da un piccolo Direct Drive e vogliono un pacchetto coerente, aggiornabile e durevole, senza esagerare.<\/p>","protected":false},"featured_media":101512,"comment_status":"open","ping_status":"closed","template":"","meta":{"_acf_changed":false,"_et_pb_use_builder":"","_et_pb_old_content":"","_et_gb_content_width":""},"product_brand":[165],"product_cat":[161],"product_tag":[149],"class_list":{"0":"post-101511","1":"product","2":"type-product","3":"status-publish","4":"has-post-thumbnail","6":"product_brand-moza-racing","7":"product_cat-volant","8":"product_tag-pc","10":"first","11":"instock","12":"shipping-taxable","13":"product-type-external"},"acf":[],"_links":{"self":[{"href":"https:\/\/simracergear.com\/it\/wp-json\/wp\/v2\/product\/101511","targetHints":{"allow":["GET"]}}],"collection":[{"href":"https:\/\/simracergear.com\/it\/wp-json\/wp\/v2\/product"}],"about":[{"href":"https:\/\/simracergear.com\/it\/wp-json\/wp\/v2\/types\/product"}],"replies":[{"embeddable":true,"href":"https:\/\/simracergear.com\/it\/wp-json\/wp\/v2\/comments?post=101511"}],"wp:featuredmedia":[{"embeddable":true,"href":"https:\/\/simracergear.com\/it\/wp-json\/wp\/v2\/media\/101512"}],"wp:attachment":[{"href":"https:\/\/simracergear.com\/it\/wp-json\/wp\/v2\/media?parent=101511"}],"wp:term":[{"taxonomy":"product_brand","embeddable":true,"href":"https:\/\/simracergear.com\/it\/wp-json\/wp\/v2\/product_brand?post=101511"},{"taxonomy":"product_cat","embeddable":true,"href":"https:\/\/simracergear.com\/it\/wp-json\/wp\/v2\/product_cat?post=101511"},{"taxonomy":"product_tag","embeddable":true,"href":"https:\/\/simracergear.com\/it\/wp-json\/wp\/v2\/product_tag?post=101511"}],"curies":[{"name":"wp","href":"https:\/\/api.w.org\/{rel}","templated":true}]}}