{"id":101515,"date":"2025-05-15T08:12:00","date_gmt":"2025-05-15T08:12:00","guid":{"rendered":"https:\/\/simracergear.com\/products\/moza-r9-v2-rs-v2-bundle\/"},"modified":"2025-11-28T04:39:02","modified_gmt":"2025-11-28T04:39:02","slug":"moza-r9-v2-rs-v2-bundle","status":"publish","type":"product","link":"https:\/\/simracergear.com\/it\/products\/moza-r9-v2-rs-v2-bundle\/","title":{"rendered":"Pacchetto MOZA R9 V2 e RS V2"},"content":{"rendered":"<h2>MOZA R9 V2 &amp; RS V2 Bundle: un punto di ingresso serio nell'azionamento diretto<\/h2>\n<p>Il bundle MOZA R9 V2 &amp; RS V2 si rivolge chiaramente al cuore del mercato delle corse simulate su PC: coloro che vogliono passare al Direct Drive senza esagerare con la coppia e senza sforare il budget. Stiamo parlando di una base di circa 9 Nm, con un volante di tipo GT di buon diametro, orientato pi\u00f9 alla versatilit\u00e0 che alle corse monoposto hardcore.<\/p>\n<p>Soprattutto, questa combinazione promette tre cose: un feedback di forza pulito e preciso, un pacchetto compatto che non richiede un cockpit in acciaio navale e un ecosistema coerente per ulteriori sviluppi. \u00c8 interessante perch\u00e9 si posiziona proprio tra i vecchi set a cinghia e i grandi Direct Drive, che sono molto esigenti in termini di rigidit\u00e0.<\/p>\n<p>Per quanto mi riguarda, sto affrontando la questione da un semplice punto di vista: questo bundle cambia davvero il modo di volare rispetto a un modello entry-level, e regge il confronto con gli altri DD di fascia media presenti sul mercato? Sto valutando la qualit\u00e0 percepita, la finezza del FFB, il comfort durante le lunghe sessioni, ma anche la facilit\u00e0 di installazione e di regolazione.<\/p>\n<p>Si tratta di un prodotto progettato per l'uso frequente e su lunghe distanze, senza il fastidio di dover lanciare ogni gioco. La promessa \u00e8 chiara: un Direct Drive compatto e serio che sia ancora utilizzabile e godibile su base quotidiana. Resta da vedere se le sensazioni corrispondono davvero alle specifiche tecniche.<\/p>\n<h2>Design e produzione: compatto, pulito e rassicurante.<\/h2>\n<p>In mano, la base R9 V2 d\u00e0 un'immediata impressione di solidit\u00e0. Il telaio in metallo ispira fiducia, con una finitura sobria, disadorna ma pulita. \u00c8 compatto e denso, e si sente il motore al suo interno, senza alcun vuoto o suono \"economico\" quando lo si maneggia. Per una configurazione da tavolo o un cockpit leggero, questa compattezza \u00e8 chiaramente un grande vantaggio.<\/p>\n<p>Il volante RS V2 gioca la carta del GT versatile. La corona \u00e8 ben dimensionata, n\u00e9 troppo sottile n\u00e9 troppo spessa, con una presa che si sente bene in mano. L'involucro \u00e8 un mix di metallo e materiali sintetici, con l'impressione generale di un prodotto ben assemblato. I pulsanti si sentono bene sotto le dita e le palette sono pulite e sufficientemente solide da garantire un clic chiaro senza essere troppo rumorose.<\/p>\n<p>L'aspetto sorprendente \u00e8 la rigidit\u00e0 dell'interfaccia tra la base e il volante. Il sistema QR (sistema di sgancio rapido) si blocca bene, senza alcun gioco percepibile in condizioni di guida normali. Su questo punto, siamo molto vicini a quanto offerto da altri marchi affermati in questa fascia.<\/p>\n<p>Il punto un po' deludente \u00e8 rappresentato da alcuni dettagli della finitura visiva del volante. Non siamo al livello di un volante di fascia alta in termini di materiali o di raffinatezza del rivestimento. Nulla di preoccupante nell'uso, ma i pi\u00f9 esigenti noteranno la differenza.<\/p>\n<p>Rispetto a un'unit\u00e0 entry-level con trasmissione a cinghia o a ingranaggi, la qualit\u00e0 percepita dell'R9 V2 \u00e8 chiaramente migliore: sembra pi\u00f9 uno \"strumento di guida\" che un giocattolo migliorato. Rispetto alle basi Direct Drive pi\u00f9 costose, l'R9 V2 regge il confronto in termini di costruzione, pur rimanendo pi\u00f9 compatto e facile da inserire in uno spazio ridotto.<\/p>\n<h2>Impostazioni, personalizzazione e compatibilit\u00e0: accessibile ma completo<\/h2>\n<p>Dal punto di vista del software, MOZA offre un'interfaccia abbastanza chiara, con cursori per la coppia, la durezza, i filtri e la sensibilit\u00e0 generale del FFB. Sono presenti le impostazioni classiche (forza complessiva, smorzamento, attrito, inerzia, effetti stradali) con un layout di facile lettura per chi non \u00e8 abituato a smanettare con i profili per ore e ore.<\/p>\n<p>Le preimpostazioni per ogni gioco sono molto utili. \u00c8 possibile iniziare con un profilo tipico per un simulatore specifico, quindi perfezionarlo in base al proprio stile. Le impostazioni veramente utili, dal mio punto di vista, sono la forza complessiva, lo smorzamento e il modo in cui vengono filtrate le frequenze molto alte. \u00c8 qui che si adatta la base a ci\u00f2 che l'abitacolo e le braccia possono gestire. Si pu\u00f2 ottenere una guida molto diretta e piuttosto ruvida o, al contrario, una guida pi\u00f9 morbida e progressiva.<\/p>\n<p>La curva di apprendimento rimane ragionevole. C'\u00e8 molto da mettere a punto per gli appassionati, ma non si annega in termini oscuri. In poche sessioni, troverete un profilo \"giornaliero\" adatto alla maggior parte dei giochi di corse seri.<\/p>\n<p>In termini di compatibilit\u00e0, questo bundle \u00e8 chiaramente rivolto al PC. \u00c8 qui che si fa notare, con la gestione completa delle impostazioni, degli aggiornamenti del firmware e dell'ecosistema MOZA. Su console, la situazione dipende molto dal supporto e dalla presenza di una modalit\u00e0 dedicata tramite altro hardware: al momento in cui scriviamo, va considerato innanzitutto come un prodotto orientato al PC.<\/p>\n<p>L'ecosistema MOZA \u00e8 gi\u00e0 ben sviluppato, con altri volanti (GT, F1-like, rally), pedali, comandi, freni a mano e cruscotti. \u00c8 un punto di ingresso coerente per la creazione di un setup completo o per l'aggiornamento graduale. La R9 V2 \u00e8 una base durevole per la maggior parte dei motociclisti: abbastanza potente da non essere limitata troppo rapidamente, senza esagerare con 15 Nm o pi\u00f9, il che richiederebbe un cockpit molto robusto. Per molti sar\u00e0 uno \"sweet spot\" a lungo termine piuttosto che un semplice trampolino di lancio.<\/p>\n<h2>Sensazioni di gioco: un'unit\u00e0 diretta che parla chiaramente, senza brutalit\u00e0.<\/h2>\n<p>In pista, la prima cosa che salta all'occhio \u00e8 la chiarezza del feedback. Si percepisce che si tratta di una trasmissione diretta: l'FFB va direttamente dal motore al volante, senza cinghie intermedie che arrotondano o cancellano alcuni dettagli. Le micro-variazioni di carico in curva arrivano in modo pulito, con una continuit\u00e0 rassicurante. Si capisce subito cosa sta facendo la macchina.<\/p>\n<p>La precisione delle transizioni tra aderenza e slittamento \u00e8 davvero interessante per questa gamma. Quando l'anteriore inizia ad allargare, la leggera perdita di peso sul volante si avverte chiaramente, senza alcuna latenza percepibile. Al contrario, quando l'anteriore si blocca, la coppia ritorna in modo del tutto naturale. Non \u00e8 ultra brutale, ma \u00e8 chiaro. Si acquista fiducia perch\u00e9 si sa esattamente cosa sta succedendo sotto i pneumatici.<\/p>\n<p>I vibratori sono convincenti. \u00c8 possibile distinguere tra i vibratori grandi e aggressivi, da evitare, e quelli pi\u00f9 piatti, da mordere senza troppi rischi. Su alcune tracce, i bordi altamente strutturati risaltano bene, con una sensazione leggermente granulosa che ricorda un contatto meccanico, non solo una vibrazione artificiale. In questo caso, la base fa chiaramente un salto di qualit\u00e0 rispetto a un volano a ingranaggi o a cinghia piccola.<\/p>\n<p>Nelle correzioni veloci, l'R9 V2 segue bene il movimento. Quando il posteriore si blocca e bisogna recuperare, la base risponde rapidamente, senza eccessiva inerzia. \u00c8 possibile rilasciare un po' della coppia massima per mantenere la maneggevolezza senza perdere informazioni. Il motore ha abbastanza grinta per dare vita al volante, ma non al punto da rendere ogni controsterzo fisico o doloroso.<\/p>\n<p>Per lunghe sessioni, la costanza \u00e8 all'ordine del giorno. Non si notano cambiamenti di comportamento a caldo, n\u00e9 cali di forza evidenti dopo un po' di tempo. Il fattore limitante deriva pi\u00f9 dall'utente (affaticamento delle braccia, comfort dell'abitacolo) che dalla base stessa. Adattando la forza alle dimensioni del corpo, \u00e8 possibile pedalare per diverse ore senza sentirsi \"rotti\".<\/p>\n<p>Rispetto a una base meno potente o a cinghia, il guadagno consiste principalmente nella finezza delle informazioni e nella linearit\u00e0 delle forze. Non c'\u00e8 pi\u00f9 la sensazione di una \"zona morta\" intorno al centro, n\u00e9 la visione sfocata di piccoli trasferimenti di carico. La guida diventa pi\u00f9 precisa, soprattutto in entrata di curva e durante i giri, dove l'aderenza cambia rapidamente.<\/p>\n<p>A fronte di una base pi\u00f9 potente, la R9 V2 \u00e8 logicamente meno impressionante quando si tratta di coppia massima pura. Si pu\u00f2 spingere, ma rimane in una zona \"controllabile\" per la maggior parte dei piloti. Alcuni che sono abituati a moto DD molto grandi potrebbero rimpiangere la mancanza di forza bruta in certe situazioni estreme, ma per un uso polivalente in GT, touring e proto, questo \u00e8 spesso un vantaggio: si rimane in un range confortevole e utilizzabile, senza trasformare ogni errore in una lotta fisica.<\/p>\n<p>Nel complesso, le sensazioni rimangono chiare, prevedibili e sufficientemente dettagliate da permettere di progredire. Non si tratta di un FFB da baraccone che vi schiaffeggia per il gusto di dimostrarlo. \u00c8 invece uno strumento che fornisce informazioni utili in una chiara gerarchia. La base cambia davvero l'esperienza, soprattutto se si proviene da un volante entry-level.<\/p>\n<h2>Per chi \u00e8? Cosa ci piace e cosa non ci piace<\/h2>\n<p>Il bundle MOZA R9 V2 &amp; RS V2 si rivolge principalmente ai simulatori per PC intermedi o motivati che vogliono passare seriamente al Direct Drive. \u00c8 l'ideale se avete gi\u00e0 trascorso qualche ora sui giochi di simulazione di corse e desiderate un hardware pi\u00f9 preciso e affidabile a lungo termine, senza arrivare agli estremi. Per un principiante motivato con un budget limitato, pu\u00f2 anche essere un ottimo primo acquisto, a patto di accettare la curva di apprendimento FFB pi\u00f9 impegnativa rispetto a un volante arcade.<\/p>\n<p>Mi piace molto l'equilibrio tra potenza e controllo. C'\u00e8 abbastanza coppia per sentire l'auto con intensit\u00e0, senza dover ridurre drasticamente la potenza per rimanere a proprio agio. Inoltre, la qualit\u00e0 complessiva del feedback \u00e8 molto convincente: i dettagli sono presenti, ma non sono affogati da rumori estranei. Infine, l'ecosistema MOZA rende il tutto coerente: \u00e8 possibile aggiungere un pedale, un cambio o un altro volante senza dover ripartire da zero.<\/p>\n<p>Per quanto riguarda le limitazioni, la prima deriva dall'orientamento al PC. Se state cercando una configurazione principalmente da console, questo non \u00e8 il bundle pi\u00f9 plug and play o meglio integrato attualmente sul mercato. In secondo luogo, il volante RS V2, pur svolgendo bene il suo compito, non d\u00e0 quella sensazione di \"lusso\" che si trova nei modelli di fascia alta: \u00e8 solido e serio, ma non ultra-raffinato. In terzo luogo, se si \u00e8 gi\u00e0 abituati a motori molto potenti, si potrebbe trovare la coppia massima un po' troppo bassa su alcune combinazioni auto\/pista molto fisiche.<\/p>\n<p>In termini di investimento, si tratta chiaramente di un buon rapporto qualit\u00e0-prezzo. Il bundle non gioca la carta del basso costo: si tratta di un acquisto ponderato, con un budget sostanzioso per un'attivit\u00e0 di svago. Ma in termini di sensazioni, di possibile evoluzione dell'ecosistema e di durata percepita, il valore \u00e8 presente per chi va in moto regolarmente. Per un simulatore che vuole una configurazione seria senza diventare un professionista, l'equazione \u00e8 piuttosto solida.<\/p>\n<h2>Verdetto: uno \"sweet spot\" molto serio per il passaggio alla trasmissione diretta.<\/h2>\n<p>Il MOZA R9 V2 &amp; RS V2 Bundle fa la differenza in un setup, fornendo un FFB pi\u00f9 pulito, chiaro e soprattutto pi\u00f9 coerente rispetto alle soluzioni entry-level. La base diventa il centro dell'esperienza di guida, con una resistenza sufficiente per tutti i tipi di disciplina senza richiedere un setup mostruosamente rigido.<\/p>\n<p>Nel mercato odierno, si posiziona chiaramente come un solido prodotto di fascia media, ma con un orientamento di configurazione \"pivot\": qualit\u00e0 sufficientemente elevata da non farvi desiderare di cambiare rapidamente, pur rimanendo accessibile in termini di potenza, dimensioni e integrazione. Non \u00e8 la combinazione pi\u00f9 spettacolare in circolazione, ma \u00e8 proprio questo che la rende un'opzione credibile per le uscite frequenti.<\/p>\n<p>Lo consiglio in particolare ai simulatori per PC che desiderano passare dal livello di volante con cinghia e ingranaggi a un sistema Direct Drive serio, senza puntare all'eccesso. Per i principianti occasionali o per gli utenti di console, esistono alternative pi\u00f9 semplici. Per i fanatici della coppia elevata che puntano al top della gamma, dovrete cercare oltre.<\/p>\n<p>Se siete alla ricerca di un azionamento diretto compatto, preciso, scalabile e in grado di diventare il fulcro della vostra configurazione per molti anni a venire, questo prodotto potrebbe fare la differenza per la vostra configurazione.<\/p>","protected":false},"excerpt":{"rendered":"<p>Questo bundle mi ha dato la sensazione di un volante che chiarisce davvero cosa sta facendo l'auto, senza essere brutale o scuotere la testa a ogni sessione. Ha senso per i piloti di simulazione su PC che vogliono passare seriamente al Direct Drive, guidare spesso e progredire senza puntare alla fascia alta del mercato. L'equilibrio prestazioni\/prezzo e l'ecosistema ne fanno una base coerente per il lungo termine.<\/p>","protected":false},"featured_media":101516,"comment_status":"open","ping_status":"closed","template":"","meta":{"_acf_changed":false,"_et_pb_use_builder":"","_et_pb_old_content":"","_et_gb_content_width":""},"product_brand":[165],"product_cat":[161],"product_tag":[149],"class_list":{"0":"post-101515","1":"product","2":"type-product","3":"status-publish","4":"has-post-thumbnail","6":"product_brand-moza-racing","7":"product_cat-volant","8":"product_tag-pc","10":"first","11":"instock","12":"shipping-taxable","13":"product-type-external"},"acf":[],"_links":{"self":[{"href":"https:\/\/simracergear.com\/it\/wp-json\/wp\/v2\/product\/101515","targetHints":{"allow":["GET"]}}],"collection":[{"href":"https:\/\/simracergear.com\/it\/wp-json\/wp\/v2\/product"}],"about":[{"href":"https:\/\/simracergear.com\/it\/wp-json\/wp\/v2\/types\/product"}],"replies":[{"embeddable":true,"href":"https:\/\/simracergear.com\/it\/wp-json\/wp\/v2\/comments?post=101515"}],"wp:featuredmedia":[{"embeddable":true,"href":"https:\/\/simracergear.com\/it\/wp-json\/wp\/v2\/media\/101516"}],"wp:attachment":[{"href":"https:\/\/simracergear.com\/it\/wp-json\/wp\/v2\/media?parent=101515"}],"wp:term":[{"taxonomy":"product_brand","embeddable":true,"href":"https:\/\/simracergear.com\/it\/wp-json\/wp\/v2\/product_brand?post=101515"},{"taxonomy":"product_cat","embeddable":true,"href":"https:\/\/simracergear.com\/it\/wp-json\/wp\/v2\/product_cat?post=101515"},{"taxonomy":"product_tag","embeddable":true,"href":"https:\/\/simracergear.com\/it\/wp-json\/wp\/v2\/product_tag?post=101515"}],"curies":[{"name":"wp","href":"https:\/\/api.w.org\/{rel}","templated":true}]}}