{"id":101563,"date":"2025-05-15T08:13:00","date_gmt":"2025-05-15T08:13:00","guid":{"rendered":"https:\/\/simracergear.com\/products\/moza-sr-p-pedal\/"},"modified":"2025-11-28T05:55:41","modified_gmt":"2025-11-28T05:55:41","slug":"moza-sr-p-pedal","status":"publish","type":"product","link":"https:\/\/simracergear.com\/it\/products\/moza-sr-p-pedal\/","title":{"rendered":"Pedale MOZA SR-P"},"content":{"rendered":"<p>Nel mondo delle guarniture \"economiche\" per le gare di simulazione, la MOZA SR-P si \u00e8 rapidamente affermata come un'opzione di grande visibilit\u00e0. Si tratta chiaramente di una guarnitura progettata per accompagnare le basi entry-level e di fascia media, con un obiettivo semplice: passare alla frenata a cella di carico senza far saltare il budget. Si rivolge ai simracers che vogliono fare un vero passo avanti in termini di precisione, senza ancora buttarsi su guarniture interamente in metallo di alta gamma a prezzi stratosferici.<\/p>\n<p>Sulla carta, l'SR-P promette una frenata pi\u00f9 consistente, una sensazione pi\u00f9 realistica rispetto ai semplici sensori di posizione e una regolazione sufficiente per soddisfare sia il giocatore occasionale serio che il pilota virtuale che registra ore e ore nel campionato. Il mio punto di vista \u00e8 semplice: offre davvero un migliore controllo dell'auto, frenando pi\u00f9 tardi e con maggiore regolarit\u00e0, rimanendo al contempo divertente e sufficientemente modulare per una configurazione domestica o per un cockpit pi\u00f9 serio?<\/p>\n<p>Un altro punto chiave: MOZA sta portando avanti il suo ecosistema completo (volanti, foderi, pedali, software). L'SR-P \u00e8 il punto di ingresso \"serio\" del marchio per i pedali. Quindi deve essere sufficientemente credibile per un uso intensivo, pur rimanendo accessibile in termini di montaggio, impostazioni e compatibilit\u00e0. Questo \u00e8 esattamente ci\u00f2 che mi sono prefissato di valutare: sensazione sotto i piedi, consistenza complessiva e valore reale in una configurazione moderna.<\/p>\n<h2>Progettazione e produzione<\/h2>\n<p>Il MOZA SR-P ha un aspetto serio. \u00c8 interamente in metallo, con una struttura in lamiera d'acciaio piuttosto spessa, tagliata e piegata, che d\u00e0 la giusta impressione di rigidit\u00e0 per la gamma. La base \u00e8 ampia, i pedali sono montati su una struttura a \"piastra\" con rinforzi e sembra che sia stato progettato per essere imbullonato a un abitacolo o almeno posizionato su una piastra antiscivolo. In mano, i componenti ispirano pi\u00f9 fiducia rispetto alla maggior parte delle guarniture in plastica entry-level.<\/p>\n<p>I pedali stessi hanno un design abbastanza industriale. Non si tratta di una billetta di alluminio lavorato di alto livello, ma la finitura \u00e8 pulita e uniforme, senza fastidiose sbavature. Le superfici sono leggermente strutturate, la vernice sembra resistente e il tutto non ha quella sensazione di \"giocattolo\" che si trova in alcuni dei set pi\u00f9 economici della concorrenza. Quando si preme con forza, non si piega in tutte le direzioni. C'\u00e8 un senso di densit\u00e0 e un minimo di affidabilit\u00e0 meccanica.<\/p>\n<p>Ci\u00f2 che sorprende \u00e8 la sensazione di robustezza complessiva per il prezzo. Non si ha paura di frenare con una brusca frenata. La guarnitura non sembra destinata a piegarsi in caso di frenata brusca. A questo livello di prezzo, questo \u00e8 un vero vantaggio. La durata a lungo termine \u00e8 ancora da vedere, ma la scelta dei materiali e il tipo di assemblaggio ispirano maggiore fiducia rispetto alle soluzioni interamente in plastica.<\/p>\n<p>Ci\u00f2 che delude un po' \u00e8 l'aspetto leggermente \"metallico\", molto spigoloso, meno pregiato rispetto alle guarniture in alluminio fuso o lavorato che si trovano nella fascia media\/alta. C'\u00e8 una chiara mancanza di \"lusso\" e raffinatezza rispetto a pedali pi\u00f9 costosi, sia in termini di finezza delle regolazioni meccaniche che di aspetto visivo. Anche la sensazione di base della corsa e della progressivit\u00e0 pu\u00f2 sembrare un po' rozza rispetto ai modelli di fascia pi\u00f9 alta, ma siamo in una fascia di prezzo diversa, il che mette le cose in prospettiva.<\/p>\n<h2>Impostazioni, personalizzazione e compatibilit\u00e0<\/h2>\n<p>La MOZA SR-P si posiziona come una guarnitura economica degna di un simracer che vuole davvero mettere a punto le sue sensazioni. Le regolazioni meccaniche sono elementari ma utili: posizione, angolo e durezza del pedale tramite molle ed elastomeri (a seconda della versione e del montaggio). Non stiamo parlando della personalizzazione estrema di una guarnitura da competizione, ma c'\u00e8 abbastanza per adattare l'ergonomia a un cockpit GT o a una posizione un po' pi\u00f9 da F1, e soprattutto per regolare la durezza dei freni.<\/p>\n<p>Per quanto riguarda il software, \u00e8 tutto nel software MOZA Pit House. L'interfaccia \u00e8 piuttosto semplice e consente di calibrare i tre pedali e di regolare le curve di risposta e le zone morte. \u00c8 qui che l'SR-P si fa notare. \u00c8 possibile, ad esempio, rendere l'acceleratore pi\u00f9 progressivo nella prima parte della corsa per una migliore dosatura in uscita, oppure indurire virtualmente l'inizio della frenata. La curva di apprendimento \u00e8 ragionevole: si impara abbastanza rapidamente, anche se non si \u00e8 esperti, purch\u00e9 ci si prenda il tempo necessario per testarlo e metterlo a punto.<\/p>\n<p>La compatibilit\u00e0 \u00e8 essenzialmente orientata al PC, con una perfetta integrazione nell'ecosistema MOZA. Collegata a un PC, la pedaliera viene riconosciuta facilmente e i giochi di simulazione pi\u00f9 diffusi la rilevano correttamente. Su una console, la situazione dipende molto dal resto dell'hardware: utilizzato da solo in USB diretta, pu\u00f2 essere limitato o complicato, e spesso \u00e8 necessario passare attraverso la base MOZA compatibile o un altro intermediario. L'SR-P \u00e8 stato progettato prima di tutto come un sistema di configurazione per PC.<\/p>\n<p>In termini di ecosistema, si integra bene con le basi e i volanti MOZA, ma pu\u00f2 essere adattato anche a una configurazione mista con altre marche, purch\u00e9 il PC riconosca la periferica e l'abitacolo abbia i fori appropriati o una piastra universale. Come punto di ingresso, \u00e8 coerente: si pu\u00f2 iniziare con una configurazione di fascia media e mantenerla a lungo, anche se si aggiornano la base e il volante. Non \u00e8 un prodotto puramente temporaneo o usa e getta.<\/p>\n<h2>Sensazioni in gioco<\/h2>\n<p>Il cuore della questione con il MOZA SR-P \u00e8 ovviamente la sensazione in pista, soprattutto in frenata. Il passaggio a una cella di carico cambia chiaramente il modo di pedalare rispetto a una semplice guarnitura con sensore di posizione. Qui si frena davvero in base alla forza applicata al pedale, non alla distanza percorsa. Il risultato immediato \u00e8 che i punti di frenata diventano pi\u00f9 ripetibili, il dosaggio in entrata di curva \u00e8 pi\u00f9 preciso e i bloccaggi delle ruote sono pi\u00f9 facili da anticipare.<\/p>\n<p>In pista, il punto in cui i pedali si distinguono davvero \u00e8 la fase di frenata brusca e di rilascio graduale. \u00c8 possibile piantare l'auto in linea retta, quindi rilasciare la pressione seguendo ci\u00f2 che si sente nel volante e ci\u00f2 che si vede sullo schermo, senza l'impressione di una \"zona morta\" sfocata nel mezzo della corsa. Si inizia a \"giocare\" davvero con la pressione del piede piuttosto che con la posizione della caviglia. Improvvisamente si capisce dove ci si trova nell'intervallo di frenata.<\/p>\n<p>Le letture dell'aderenza traggono grande beneficio da questo approccio. Quando i pneumatici iniziano a saturarsi, \u00e8 pi\u00f9 facile percepire quando \u00e8 il momento di allentare un po' la presa. In combinazione con uno sterzo corretto, \u00e8 possibile leggere meglio il limite. La guarnitura di per s\u00e9 non genera ovviamente un feedback di forza, ma la sua linearit\u00e0 e il rapporto tra forza applicata e potenza frenante rendono queste fasi molto pi\u00f9 naturali. La sensazione di \"tutto o niente\" \u00e8 minore rispetto ad alcune guarniture entry-level.<\/p>\n<p>Sulle vibrazioni, l'impatto \u00e8 indiretto ma reale. Una frenata ben ponderata permette di entrare nelle corde aggressive in modo pi\u00f9 pulito, senza far rimbalzare troppo l'auto. Potete permettervi di frenare un po' pi\u00f9 tardi e avere ancora un certo margine di modulazione alla fine. \u00c8 qui che l'SR-P d\u00e0 la sensazione di risparmiare tempo sul giro. Si pu\u00f2 osare di pi\u00f9, perch\u00e9 si ha il pedale per recuperare se l'auto inizia a destabilizzarsi.<\/p>\n<p>Nelle correzioni rapide, il beneficio principale si nota quando si riprende l'acceleratore. L'acceleratore dell'SR-P \u00e8 ragionevolmente progressivo, ma non perfetto. \u00c8 possibile regolare con precisione l'acceleratore in uscita da una curva, soprattutto dopo aver regolato la curva nel software. Non trasforma l'esperienza di guida come la frenata, ma si avverte un guadagno di finezza rispetto a una guarnitura di base. Le correzioni su piste bagnate o con una potente trazione posteriore diventano pi\u00f9 gestibili.<\/p>\n<p>Nelle lunghe sessioni, la costanza \u00e8 generalmente buona. Il freno non cambia il suo comportamento, la forza richiesta rimane costante e l'affaticamento deriva principalmente dal ciclista, non dall'attrezzatura. Se si imposta il freno molto forte, la gamba pu\u00f2 affaticarsi, ma questo \u00e8 il principio del freno a cella di carico: si lavora di pi\u00f9 con i quadricipiti. Con una regolazione leggermente pi\u00f9 moderata, si trova un buon equilibrio tra realismo e comfort. Anche la stabilit\u00e0 meccanica della guarnitura contribuisce a questa coerenza, purch\u00e9 sia fissata correttamente.<\/p>\n<p>Rispetto a una guarnitura entry-level senza cella di carico, sui freni \u00e8 notte e giorno. Si frena pi\u00f9 tardi, in modo pi\u00f9 preciso, e si guadagna molta fiducia. Rispetto a una guarnitura di fascia pi\u00f9 alta, l'SR-P \u00e8 un po' meno raffinato in termini di sensazioni pure: la transizione tra le diverse fasi di frenata \u00e8 un po' meno \"burrosa\", meno progressiva, e la meccanica a volte manca di quei microdettagli che si trovano nei set premium. Ma per il suo segmento, il salto qualitativo resta evidente. \u00c8 un mondo a parte rispetto ai pedali di base che accompagnano molti volanti.<\/p>\n<p>In termini di immersione complessiva, i pedali svolgono bene il loro compito: si ha la sensazione di guidare con i piedi e non solo di \"giocare\" premendo i pulsanti. Si sa cosa si sta facendo all'auto. E questo, per un simulatore che vuole progredire, \u00e8 probabilmente l'argomento pi\u00f9 forte.<\/p>\n<h2>A chi si rivolge? Punti di forza e limiti<\/h2>\n<p>La MOZA SR-P si rivolge chiaramente ai corridori di PC sim che hanno gi\u00e0 un minimo di motivazione a progredire e che vogliono investire in una guarnitura pi\u00f9 seria, senza necessariamente passare direttamente al top di gamma. Si adatta bene al profilo \"intermedio\": coloro che hanno gi\u00e0 un cockpit o un cavalletto rigido, qualche centinaio di ore di esperienza di guida e che sentono che la loro guarnitura originale li blocca, sia letteralmente che figurativamente. Per un principiante ambizioso \u00e8 anche una buona base, a patto di accettare un po' di tempo per adattarsi al freno di forza.<\/p>\n<p>Ci\u00f2 che mi piace particolarmente \u00e8 l'equilibrio tra prezzo, costruzione e miglioramento della maneggevolezza. La cella di carico dei freni cambia davvero il modo di guidare. La rigidit\u00e0 complessiva \u00e8 sufficiente per frenare forte senza tremare e le impostazioni del software consentono di adattarsi a diversi stili di guida e auto. Integrato nell'ecosistema MOZA, l'SR-P ha ancora pi\u00f9 senso, con una calibrazione centralizzata e un'esperienza abbastanza coerente. Si ha la sensazione che la pedaliera sia stata progettata per essere utilizzata seriamente, non solo come accessorio.<\/p>\n<p>Ma ci sono dei limiti. Innanzitutto, non si tratta di una pedaliera \"plug and forget\" per un salotto tappezzato di moquette: ha bisogno di essere fissata correttamente per rivelare tutto il suo potenziale. Senza un pozzetto o un supporto rigido, l'esperienza si deteriora rapidamente. In secondo luogo, rispetto alle guarniture di fascia pi\u00f9 alta, la sensazione pura sotto i piedi \u00e8 un po' meno raffinata, soprattutto quando si tratta di frenate progressive. \u00c8 facile capire come siano state fatte delle concessioni progettuali per mantenere il prezzo basso. Infine, la compatibilit\u00e0 con le console \u00e8 limitata e dipende dal resto della configurazione, il che riduce il suo fascino per i giocatori di console.<\/p>\n<p>In termini di investimento, l'SR-P \u00e8 un \"game changer\" a basso costo per chi proviene da una guarnitura tradizionale. Il valore percepito \u00e8 buono: si paga per un reale guadagno in termini di prestazioni e consistenza, non per un design superfluo. Per una configurazione del PC orientata alla simulazione, \u00e8 un investimento che ha molto pi\u00f9 senso che cambiare semplicemente il volante e mantenere i pedali di base.<\/p>\n<h2>Il verdetto<\/h2>\n<p>La MOZA SR-P occupa una posizione strategica in una moderna configurazione da simracing: spesso \u00e8 la prima vera guarnitura con cella di carico che si acquista, quella che sposta la frenata verso un approccio pi\u00f9 serio. Ci\u00f2 che cambia concretamente \u00e8 la capacit\u00e0 di frenare pi\u00f9 tardi, pi\u00f9 forte e, soprattutto, pi\u00f9 volte. Si guadagna in fiducia, costanza e comprensione del comportamento dell'auto. Per un'auto di fascia media, l'impatto sui tempi sul giro e sul piacere di guida \u00e8 molto tangibile.<\/p>\n<p>Sul mercato, si posiziona chiaramente come una pedaliera di fascia media dal prezzo accessibile, al di sopra dei bundle con molte ruote, ma al di sotto dei mostri premium in alluminio massiccio. \u00c8 un punto di riferimento ideale per la costruzione di una configurazione PC orientata alle prestazioni, soprattutto se si sta pensando o si possiede gi\u00e0 una base MOZA. Per i giocatori occasionali di console o per chi non pu\u00f2 montare in modo sicuro la propria pedaliera, altre opzioni pi\u00f9 semplici possono essere pi\u00f9 adatte.<\/p>\n<p>Se siete alla ricerca di una guarnitura solida e precisa, con un vero freno a cella di carico, per portare la vostra guida a un livello superiore senza spendere troppo, la MOZA SR-P potrebbe fare la differenza per la vostra configurazione.<\/p>","protected":false},"excerpt":{"rendered":"<p>Questa pedaliera comporta un vero e proprio salto di qualit\u00e0 nel controllo della frenata: si frena pi\u00f9 tardi, pi\u00f9 forte e, soprattutto, pi\u00f9 regolarmente, il che cambia chiaramente il modo di guidare. Ha senso per i piloti di simulazione per PC motivati che dispongono gi\u00e0 di un certo equipaggiamento (cockpit o supporto rigido) e che vogliono passare a una marcia superiore senza puntare al top della gamma. Il rapporto guadagni di pilotaggio\/prezzo \u00e8 coerente.<\/p>","protected":false},"featured_media":101564,"comment_status":"open","ping_status":"closed","template":"","meta":{"_acf_changed":false,"_et_pb_use_builder":"","_et_pb_old_content":"","_et_gb_content_width":""},"product_brand":[165],"product_cat":[162],"product_tag":[149],"class_list":{"0":"post-101563","1":"product","2":"type-product","3":"status-publish","4":"has-post-thumbnail","6":"product_brand-moza-racing","7":"product_cat-pedalier","8":"product_tag-pc","10":"first","11":"instock","12":"shipping-taxable","13":"product-type-external"},"acf":[],"_links":{"self":[{"href":"https:\/\/simracergear.com\/it\/wp-json\/wp\/v2\/product\/101563","targetHints":{"allow":["GET"]}}],"collection":[{"href":"https:\/\/simracergear.com\/it\/wp-json\/wp\/v2\/product"}],"about":[{"href":"https:\/\/simracergear.com\/it\/wp-json\/wp\/v2\/types\/product"}],"replies":[{"embeddable":true,"href":"https:\/\/simracergear.com\/it\/wp-json\/wp\/v2\/comments?post=101563"}],"wp:featuredmedia":[{"embeddable":true,"href":"https:\/\/simracergear.com\/it\/wp-json\/wp\/v2\/media\/101564"}],"wp:attachment":[{"href":"https:\/\/simracergear.com\/it\/wp-json\/wp\/v2\/media?parent=101563"}],"wp:term":[{"taxonomy":"product_brand","embeddable":true,"href":"https:\/\/simracergear.com\/it\/wp-json\/wp\/v2\/product_brand?post=101563"},{"taxonomy":"product_cat","embeddable":true,"href":"https:\/\/simracergear.com\/it\/wp-json\/wp\/v2\/product_cat?post=101563"},{"taxonomy":"product_tag","embeddable":true,"href":"https:\/\/simracergear.com\/it\/wp-json\/wp\/v2\/product_tag?post=101563"}],"curies":[{"name":"wp","href":"https:\/\/api.w.org\/{rel}","templated":true}]}}