{"id":101581,"date":"2025-05-15T08:14:00","date_gmt":"2025-05-15T08:14:00","guid":{"rendered":"https:\/\/simracergear.com\/products\/moza-universal-hub-kit\/"},"modified":"2025-11-28T05:58:38","modified_gmt":"2025-11-28T05:58:38","slug":"moza-universal-hub-kit","status":"publish","type":"product","link":"https:\/\/simracergear.com\/it\/products\/moza-universal-hub-kit\/","title":{"rendered":"Kit mozzo universale MOZA"},"content":{"rendered":"<h2>Kit hub universale MOZA: la mia opinione dopo un test reale<\/h2>\n<p>Nell'ecosistema MOZA, il kit hub universale occupa un posto speciale. Non si tratta n\u00e9 di un volante n\u00e9 di una base, ma della parte che consente di collegare quasi tutti i volanti \"reali\" a una base MOZA Direct Drive, mantenendo le funzioni essenziali: pulsanti, palette ed eventualmente un modulo display, a seconda di come viene montato. <\/p>\n<p>\u00c8 interessante perch\u00e9 promette due cose molto ricercate nelle corse simulate: la totale libert\u00e0 di scegliere il proprio volante e la perfetta integrazione nell'ecosistema MOZA, senza bisogno di dubbie manipolazioni o esotici adattatori elettrici. In sostanza, l'idea \u00e8 semplice: si mantengono la potenza e la finezza di una base Direct Drive, ma si ottiene la sensazione di un volante da auto \"IRL\".<\/p>\n<p>Il mio punto di vista su questo test \u00e8 quindi chiaro: questo kit regge davvero bene in termini di qualit\u00e0 costruttiva, rigidit\u00e0 e affidabilit\u00e0 del segnale e, soprattutto, merita il suo posto in una configurazione gi\u00e0 ben equipaggiata? Oppure \u00e8 ancora un accessorio piacevole, ma superfluo se si utilizzano gi\u00e0 i volanti ufficiali MOZA?<\/p>\n<h2>Progettazione e produzione del kit di mozzi universali MOZA<\/h2>\n<p>Prima impressione: trasuda metallo. La maggior parte del mozzo \u00e8 in alluminio lavorato, dando l'impressione di un blocco solido, senza parti che si sentano vuote o che si muovano nella mano. In mano, la densit\u00e0 \u00e8 un po' sorprendente per un mozzo \"semplice\", ma \u00e8 immediatamente rassicurante in termini di rigidit\u00e0 se si considerano i vincoli di un Direct Drive a coppia elevata.<\/p>\n<p>La finitura complessiva \u00e8 pulita: bordi arrotondati, anodizzazione uniforme, incisioni pulite. Le viti sono ben incastrate e non sporgono, dando l'impressione di essere un prodotto progettato per durare. Una volta montato sulla base, non c'\u00e8 alcun gioco percepibile. Quando si forza deliberatamente il volante, il collegamento rimane stabile, senza alcuna flessione parassita percepibile. In una configurazione robusta, questo \u00e8 esattamente ci\u00f2 che si desidera: nessuna perdita tra la base e le mani.<\/p>\n<p>Ci\u00f2 che colpisce subito \u00e8 l'accurata integrazione con lo sgancio rapido MOZA. L'innesto \u00e8 semplice e il bloccaggio fa un chiaro \"clic\", senza esitazioni. \u00c8 chiaro che si tratta di un prodotto Direct Drive standard, non di un adattamento improvvisato di un volante di massa.<\/p>\n<p>Sono un po' pi\u00f9 cauto su alcuni dettagli ergonomici. A seconda del volante che si monta, il cablaggio e la gestione dei pulsanti possono rapidamente diventare visivamente opprimenti. L'hub fa quello che pu\u00f2, ma non \u00e8 magicamente \"pulito\" con qualsiasi hardware di terze parti: bisogna almeno pensare alla propria configurazione. Trovo inoltre che, rispetto ad alcuni hub modulari di alta gamma, l'insieme sembri un po' meno un \"gioiello\" e pi\u00f9 uno \"strumento serio\". Non \u00e8 un difetto, ma non \u00e8 molto lussuoso.<\/p>\n<p>Rispetto ad altri mozzi di categoria simile, il kit MOZA Universal Hub si colloca chiaramente nella fascia medio-alta: pi\u00f9 robusto e meglio integrato di un adattatore generico, un po' meno premium di alcuni kit ultra personalizzati che costano molto di pi\u00f9. \u00c8 un buon compromesso tra solidit\u00e0, finitura e prezzo.<\/p>\n<h2>Impostazioni, personalizzazione e compatibilit\u00e0<\/h2>\n<p>Per quanto riguarda le impostazioni, tutto passa attraverso il software MOZA Pit House. L'Universal Hub Kit \u00e8 riconosciuto come parte dell'ecosistema, il che rende la vita molto pi\u00f9 semplice. Non c'\u00e8 bisogno di driver oscuri o mappature contorte. Gli ingressi dei pulsanti sono trattati come ingressi MOZA classici, il che rende molto semplice l'assegnazione nel gioco.<\/p>\n<p>La personalizzazione pi\u00f9 importante riguarda la mappatura dei comandi. Con un volante \"IRL\", si ha a disposizione un numero inferiore di pulsanti rispetto ad alcuni cruscotti MOZA molto completi, quindi bisogna pensare a ci\u00f2 che \u00e8 veramente essenziale: fari, radio, modifica della mappa del motore, limitatore dei box, ecc. Uno degli aspetti positivi dell'hub \u00e8 che la latenza \u00e8 impercettibile e l'affidabilit\u00e0 della pressione \u00e8 buona. Si preme il pulsante e la risposta \u00e8 immediata, senza doppi clic fantasma o zone morte.<\/p>\n<p>La curva di apprendimento dipende dalla vostra esperienza con le corse simulate. Se si ha gi\u00e0 familiarit\u00e0 con il software MOZA e le mappature, l'integrazione \u00e8 molto semplice. Se non si conosce la base Direct Drive e questo hub, c'\u00e8 un po' di tempo per imparare a configurare tutto correttamente, ma non c'\u00e8 nulla da fare. A dire il vero, la parte che richiede pi\u00f9 tempo \u00e8 spesso la scelta di come distribuire le funzioni su un minor numero di pulsanti.<\/p>\n<p>Per quanto riguarda la compatibilit\u00e0, siamo ancora nel classico territorio di MOZA: \u00e8 stato progettato principalmente per il PC. Le console sono pi\u00f9 difficili, perch\u00e9 il riconoscimento hardware degli hub e delle ruote personalizzate dipende molto dai giochi e dalle limitazioni dei produttori. Se si utilizza principalmente una console con un ecosistema proprietario, questo kit perde gran parte del suo fascino.<\/p>\n<p>Per quanto riguarda l'ecosistema, il mozzo funziona molto bene con foderi, guarniture e cambi MOZA Direct Drive. \u00c8 facile immaginare una configurazione MOZA completa in cui solo il volante \u00e8 un modello \"reale\" o di un altro marchio di sim racing. \u00c8 chiaramente un prodotto di apertura: trasforma la base MOZA in una piattaforma pi\u00f9 universale. Per me non \u00e8 solo un punto di ingresso, ma un vero e proprio blocco di costruzione: una volta ottenuto, \u00e8 possibile sviluppare i volanti come si desidera, senza modificare il resto della configurazione.<\/p>\n<h2>Kit mozzo universale MOZA: sensazioni in gioco<\/h2>\n<p>In pista, il ruolo del mozzo \u00e8 molto semplice: non deve danneggiare nulla. Non deve filtrare il ritorno di forza, aggiungere flessione o generare giochi parassiti. E in questo senso, il kit mozzo universale MOZA si comporta molto bene.<\/p>\n<p>Su una base MOZA Direct Drive, il flusso di informazioni rimane molto pulito. Micro-variazioni di coppia, piccole deviazioni di aderenza, leggeri trasferimenti di carico in frenata: tutto passa senza l'impressione di un \"cuscinetto\" meccanico. Quando si passa da un volante originale di un marchio a uno montato tramite questo mozzo, la cosa pi\u00f9 sorprendente \u00e8 che le sensazioni rimangono paragonabili in termini di precisione, a condizione che il volante scelto sia a sua volta rigido. Si ha subito la sensazione che la base continui a \"parlare\" altrettanto.<\/p>\n<p>In curva, soprattutto nelle GT3 e nei prototipi, la lettura dell'aderenza \u00e8 ancora molto precisa. Si pu\u00f2 sentire quando l'avantreno comincia a saturarsi. L'angolo del volante, la resistenza che aumenta gradualmente, le piccole vibrazioni della superficie: \u00e8 tutto l\u00ec. Non \u00e8 il mozzo a limitare la capacit\u00e0 di controllare l'ingresso in curva. Se c'\u00e8 una flessione, quasi sempre proviene dal volante stesso o dall'abitacolo, raramente dal kit.<\/p>\n<p>Per quanto riguarda i vibratori, il comportamento \u00e8 interessante. Con una buona impostazione del FFB, \u00e8 possibile percepire realmente l'andamento dei vibratori, le variazioni di frequenza da una traccia all'altra, e il mozzo non sembra filtrare questi dettagli. Gli ammortizzatori a secco rimangono chiari, ma senza il rumore parassita delle parti in movimento nel sistema. Quando l'auto si fa prendere un po' troppo la mano da un vibratore aggressivo, si sente la scossa nelle mani, ed \u00e8 proprio qui che si vede il vantaggio di un leveraggio rigido: si sa esattamente quando sollevare il piede dall'acceleratore o rilasciare leggermente il volante per lasciare che l'auto si assesti.<\/p>\n<p>Nel corso di lunghe sessioni, il kit mozzo universale si fa dimenticare, il che \u00e8 un buon segno. Non ci sono allentamenti evidenti, n\u00e9 rumori che compaiono a caldo, n\u00e9 la sensazione che il collegamento diventi meno solido dopo diverse ore di guida. La consistenza \u00e8 davvero buona. Per un uso regolare, anche quotidiano, questo \u00e8 rassicurante.<\/p>\n<p>Quando si effettuano correzioni veloci, soprattutto con auto nervose o nei rally\/cross, si cerca la reattivit\u00e0. Quando l'auto si blocca, si controsterza e si riporta il volante al centro, il mozzo lo segue senza ritardi o smorzamenti inutili. La base d\u00e0 tutto, le mani ricevono tutto, immediatamente. \u00c8 qui che si nota la differenza con alcuni adattatori pi\u00f9 morbidi o con le configurazioni fai-da-te, dove si perde il collegamento diretto. Qui le piccole oscillazioni, i colpi di racchetta e le prese violente restano sotto controllo.<\/p>\n<p>Rispetto a un volante MOZA \"nativo\" montato direttamente senza l'utilizzo di un mozzo universale, non ho avvertito alcuna perdita di precisione, a patto che l'assemblaggio sia corretto e che il volante scelto sia serio. D'altra parte, rispetto a una base meno potente con un volante pi\u00f9 leggero, il montaggio \u00e8 ovviamente pi\u00f9 fisico. A seconda del diametro e del peso del volante \"IRL\" installato, potrebbe sembrare un po' pi\u00f9 pesante da manovrare ad alta intensit\u00e0. Non \u00e8 un difetto del mozzo, ma \u00e8 da tenere presente: pi\u00f9 grande \u00e8 il volante, pi\u00f9 il braccio di leva lavora sulla base.<\/p>\n<p>Alla fine, l'esperienza complessiva \u00e8 molto coinvolgente: si ottengono tutti i vantaggi di un moderno Direct Drive, con il piacere di un volante personalizzato. Si capisce subito cosa sta facendo l'auto, esattamente quello che ci si aspetta da un hub di questo tipo.<\/p>\n<h2>Per chi \u00e8? E cosa ci piace\/non ci piace<\/h2>\n<p>Questo kit \u00e8 chiaramente la soluzione ideale per i piloti di simulazione di livello intermedio o avanzato che hanno gi\u00e0 una base MOZA o che stanno seriamente considerando di entrare nell'ecosistema. Se si proviene da un volante all-in-one mainstream e si vuole fare un salto di qualit\u00e0, questo hub pu\u00f2 essere parte di questo salto di qualit\u00e0, ma ha perfettamente senso per chi sa gi\u00e0 cosa vuole in termini di tipo di volante: GT, monoposto, rally, \"auto vera\" o volante replica.<\/p>\n<p>Ci\u00f2 che apprezzo di pi\u00f9 \u00e8 la rigidit\u00e0 dell'insieme. Si percepisce una connessione diretta, senza alcuna morbidezza, anche quando si esercita una forte pressione sulla base. In secondo luogo, l'integrazione nell'ecosistema MOZA \u00e8 molto pulita: riconoscimento affidabile, mappatura semplificata, nessuna complicazione software inutile. Infine, la libert\u00e0 che offre \u00e8 un vero vantaggio: poter cambiare il volante senza dover cambiare tutta l'elettronica \u00e8 un vero piacere. Si investe una volta nel mozzo e poi si pu\u00f2 giocare con le ruote come si vuole.<\/p>\n<p>Ma ci sono dei limiti. Il primo \u00e8 che non si tratta di un prodotto pensato per i principianti che vogliono un kit \"plug and play\" senza pensarci: \u00e8 necessario un minimo di comprensione della propria configurazione, dello spazio disponibile, dei pulsanti di cui si ha realmente bisogno, ecc. Il secondo \u00e8 la dipendenza dall'ecosistema MOZA e dal PC: su una console o con altre basi, l'utilit\u00e0 cala drasticamente. Infine, bisogna tenere conto del budget complessivo: l'hub da solo non \u00e8 irragionevole, ma pu\u00f2 essere utilizzato al massimo delle sue potenzialit\u00e0 solo con una base Direct Drive e un volante di qualit\u00e0, quindi l'investimento finale pu\u00f2 salire rapidamente.<\/p>\n<p>In termini di valore percepito, penso che il rapporto prezzo\/utilit\u00e0 sia buono se si intende davvero sfruttare la modularit\u00e0 che offre. Se si pedala sempre con un solo volante e non si ha alcun desiderio di personalizzazione, l'interesse diventa pi\u00f9 relativo. Per chi cambia regolarmente disciplina o ama mettere a punto le proprie sensazioni con volanti diversi, il kit si rivela davvero interessante.<\/p>\n<h2>Il verdetto: dovreste includere il kit MOZA Universal Hub nella vostra configurazione?<\/h2>\n<p>Questo kit non trasforma una base in qualcosa di pi\u00f9 potente, ma cambia chiaramente il modo in cui potete evolvere la vostra configurazione. Permette di scegliere il volante mantenendo un collegamento meccanico solido e pulito con la base MOZA Direct Drive. In un ambiente in cui molti accessori si limitano ad aggiungere gadget, questo \u00e8 un mattone funzionale, serio e utile.<\/p>\n<p>Sul mercato, lo posiziono come un prodotto pivot di fascia media\/alta: sufficientemente ben costruito per soddisfare i sim racers pi\u00f9 esigenti, senza raggiungere i prezzi a volte irragionevoli di certe soluzioni ultra-custom. Non \u00e8 il prodotto che fa sognare nelle foto, ma \u00e8 tipicamente quello che si \u00e8 felici di avere quando si vuole una configurazione evolutiva e coerente.<\/p>\n<p>Lo consiglio soprattutto agli utenti di PC che sono gi\u00e0 coinvolti o pronti a partecipare all'ecosistema MOZA e che vogliono costruire una o pi\u00f9 ruote \"vere\" o specializzate. Per i giocatori che utilizzano solo console o per coloro che vogliono solo un kit pronto all'uso, senza alcuna domanda, non \u00e8 la scelta migliore.<\/p>\n<p>Se state cercando di mantenere la potenza e la finezza della vostra base MOZA aprendovi al mondo delle ruote personalizzate, questo prodotto pu\u00f2 chiaramente fare la differenza nella vostra configurazione.<\/p>","protected":false},"excerpt":{"rendered":"<p>Questo hub mi ha dato la sensazione di un collegamento molto solido e trasparente tra la base MOZA e un volante \"reale\", senza alcuna perdita di precisione o di sensibilit\u00e0. Soprattutto, ha senso per i piloti di simulazione su PC gi\u00e0 impegnati nell'ecosistema MOZA, che vogliono cambiare facilmente il proprio volante a seconda della disciplina. Per questo profilo, il valore \u00e8 consistente e duraturo.<\/p>","protected":false},"featured_media":101582,"comment_status":"open","ping_status":"closed","template":"","meta":{"_acf_changed":false,"_et_pb_use_builder":"","_et_pb_old_content":"","_et_gb_content_width":""},"product_brand":[165],"product_cat":[153],"product_tag":[149],"class_list":{"0":"post-101581","1":"product","2":"type-product","3":"status-publish","4":"has-post-thumbnail","6":"product_brand-moza-racing","7":"product_cat-accessoires","8":"product_tag-pc","10":"first","11":"instock","12":"shipping-taxable","13":"product-type-external"},"acf":[],"_links":{"self":[{"href":"https:\/\/simracergear.com\/it\/wp-json\/wp\/v2\/product\/101581","targetHints":{"allow":["GET"]}}],"collection":[{"href":"https:\/\/simracergear.com\/it\/wp-json\/wp\/v2\/product"}],"about":[{"href":"https:\/\/simracergear.com\/it\/wp-json\/wp\/v2\/types\/product"}],"replies":[{"embeddable":true,"href":"https:\/\/simracergear.com\/it\/wp-json\/wp\/v2\/comments?post=101581"}],"wp:featuredmedia":[{"embeddable":true,"href":"https:\/\/simracergear.com\/it\/wp-json\/wp\/v2\/media\/101582"}],"wp:attachment":[{"href":"https:\/\/simracergear.com\/it\/wp-json\/wp\/v2\/media?parent=101581"}],"wp:term":[{"taxonomy":"product_brand","embeddable":true,"href":"https:\/\/simracergear.com\/it\/wp-json\/wp\/v2\/product_brand?post=101581"},{"taxonomy":"product_cat","embeddable":true,"href":"https:\/\/simracergear.com\/it\/wp-json\/wp\/v2\/product_cat?post=101581"},{"taxonomy":"product_tag","embeddable":true,"href":"https:\/\/simracergear.com\/it\/wp-json\/wp\/v2\/product_tag?post=101581"}],"curies":[{"name":"wp","href":"https:\/\/api.w.org\/{rel}","templated":true}]}}