{"id":101826,"date":"2025-05-22T09:44:00","date_gmt":"2025-05-22T09:44:00","guid":{"rendered":"https:\/\/simracergear.com\/?post_type=product&#038;p=101826"},"modified":"2025-11-28T06:07:52","modified_gmt":"2025-11-28T06:07:52","slug":"asetek-la-prima-wheelbase-12nm","status":"publish","type":"product","link":"https:\/\/simracergear.com\/it\/products\/asetek-la-prima-wheelbase-12nm\/","title":{"rendered":"Asetek La Prima Passo (12Nm)"},"content":{"rendered":"<h2>Asetek La Prima Wheelbase (12 Nm): test e recensione completa<\/h2>\n<p>La Prima Wheelbase di Asetek entra in un segmento molto conteso: quello dei motori diretti \"accessibili\", intorno ai 10-12 Nm, pensati per i piloti di simulazione che vogliono fare un vero passo avanti senza arrivare alla fascia alta del mercato. Sulla carta, questa base promette una coppia sufficiente per essere esigente, una finitura seria e un ecosistema che Asetek sta costruendo.<\/p>\n<p>Ci\u00f2 che attira le persone \u00e8 questo posizionamento centrale: abbastanza potente da far correre auto GT, monoposto e da rally in modo credibile, ma ancora \"maneggevole\" per una prima guida diretta. Asetek punta anche sulla sua immagine di marchio puramente orientato alle prestazioni, con un'enfasi sulle sensazioni, la rigidit\u00e0 e la coerenza della gamma.<\/p>\n<p>Il mio angolo di analisi ruota attorno a tre punti: la qualit\u00e0 del force feedback (finezza + potenza), la facilit\u00e0 di gestione per chi proviene da un volante con cinghia e ingranaggi e la rilevanza di questa base come fondamento di un setup in evoluzione. L'obiettivo \u00e8 semplice: vedere se questo La Prima offre un reale vantaggio in pista, o se \u00e8 solo un'altra alternativa in una gamma gi\u00e0 densa.<\/p>\n<h2>Progettazione e produzione<\/h2>\n<p>Visivamente, La Prima Wheelbase emana seriet\u00e0. Il telaio in metallo, dall'aspetto angolare e compatto, d\u00e0 l'impressione di un blocco monolitico. In mano, la base ha una densit\u00e0 rassicurante: nulla sembra vuoto, nulla si muove quando la si maneggia. Si ha immediatamente l'impressione di un prodotto progettato per sopportare le sollecitazioni, non di un case riconfezionato.<\/p>\n<p>La finitura \u00e8 pulita, con bordi ben lavorati e assemblaggio preciso. Le superfici ispirano fiducia, senza cercare di essere appariscenti. Il design \u00e8 funzionale, quasi industriale, ma si adatta bene a un abitacolo. Una volta fissata in posizione, la base non si flette, nemmeno a coppie elevate: la rigidit\u00e0 \u00e8 chiaramente un punto di forza. \u00c8 qui che entra in gioco la filosofia Asetek: \u00e8 meglio avere un'unit\u00e0 compatta e molto rigida che una grande e fragile.<\/p>\n<p>Ci\u00f2 che sorprende \u00e8 l'impressione di un prodotto \"serio\" fin dal momento in cui lo si disimballa. Il motore a trasmissione diretta sembra essere correttamente dimensionato per 12 Nm, senza esagerare, e il tutto sembra pi\u00f9 uno strumento che un gadget. \u00c8 ben lontano dalle basi in plastica o semi-plastica di primo livello.<\/p>\n<p>D'altra parte, alcuni dettagli potrebbero essere un po' deludenti, a seconda delle aspettative. Il design rimane piuttosto sobrio, persino freddo, per chi ama gli effetti di luce o uno stile pi\u00f9 \"gaming\". \u00c8 anche chiaro che non ci troviamo di fronte al livello di raffinatezza visiva di un prodotto di fascia molto alta: le finiture sono pulite, ma non lussuose. Rispetto ad altre basi di pari potenza, la qualit\u00e0 percepita \u00e8 al top della gamma in termini di solidit\u00e0, ma un po' pi\u00f9 neutra in termini di \"effetto wow\" estetico.<\/p>\n<h2>Impostazioni, personalizzazione e compatibilit\u00e0<\/h2>\n<p>Per quanto riguarda il software, Asetek ha optato per un'interfaccia chiara con impostazioni ben organizzate. Ci sono i classici: forza complessiva, filtro, attrito, smorzatore, inerzia e alcune opzioni per regolare con precisione le sensazioni in base ai diversi tipi di auto. I menu sono abbastanza chiari da consentire agli utenti intermedi di orientarsi rapidamente, senza dover ricorrere a un manuale tecnico.<\/p>\n<p>Le preimpostazioni fornite per alcuni tipi di auto o di simulazione costituiscono un buon punto di partenza. Non sono perfetti, ma permettono di capire abbastanza rapidamente cosa modifica ogni parametro. Per quanto mi riguarda, ho trovato la curva di apprendimento ragionevole: un paio di sessioni sono sufficienti per ottenere una sensazione coerente, soprattutto se si sa vagamente cosa si sta cercando (pi\u00f9 dettagli nelle asperit\u00e0, meno filtro, ecc.). Se siete dei principianti della trazione diretta, ci sar\u00e0 sicuramente una fase di adattamento, ma non c'\u00e8 nulla di cui impantanarsi.<\/p>\n<p>Le impostazioni veramente utili sono quelle che riguardano la chiarezza del feedback e la gestione dei picchi di coppia. La Prima vi permette di ammorbidire il comportamento senza eliminare le informazioni, o al contrario di renderlo pi\u00f9 crudo e diretto. \u00c8 possibile renderlo molto docile per un uso pi\u00f9 informale, o pi\u00f9 vivace per i piloti di simulazione che amano sentire ogni perdita di aderenza.<\/p>\n<p>La base \u00e8 orientata al PC, come la maggior parte dei prodotti di questo segmento. La compatibilit\u00e0 con le console dipender\u00e0 dalle ruote e dall'ecosistema scelto, e questo non \u00e8 chiaramente il suo punto di forza principale. Sembra che il target principale siano gli utenti di PC con un cockpit solido.<\/p>\n<p>Per quanto riguarda l'ecosistema, Asetek offre ovviamente i propri volani, pedali e accessori, con una logica di gamma abbastanza chiara. La base si adatta bene a questi componenti e il sistema di fissaggio\/sgancio rapido \u00e8 progettato per essere rigido e facile da usare. La compatibilit\u00e0 con altri componenti (guarniture, cambi) via USB \u00e8 ancora possibile tramite PC, ma questo \u00e8 un mondo progettato principalmente per rimanere \"in famiglia\". In termini di aggiornabilit\u00e0, La Prima funge chiaramente da punto di ingresso nell'ecosistema Asetek, ma \u00e8 anche una base che pu\u00f2 accompagnare un sim racer a lungo termine senza essere superata in pochi mesi.<\/p>\n<h2>Sensazioni in gioco<\/h2>\n<p>\u00c8 sulla pista virtuale che il Passo La Prima mostra ci\u00f2 che pu\u00f2 fare. Con 12 Nm, ci troviamo in una zona di potenza molto piacevole: abbastanza muscolosa da offrire un reale impegno fisico, ma senza diventare stancante dopo pochi giri, se le impostazioni sono ben regolate. La coppia disponibile consente effetti nitidi, variazioni di pressione pronunciate e reazioni chiare in caso di perdita di controllo.<\/p>\n<p>La precisione della FFB \u00e8 una delle caratteristiche pi\u00f9 evidenti. Il basamento trasmette le variazioni di carico all'assale anteriore in modo chiaro, con un centro ben mantenuto. Lo sterzo \u00e8 solido e reattivo e le microcorrezioni avvengono in modo naturale. Si capisce subito cosa sta facendo l'auto. Ci\u00f2 \u00e8 particolarmente apprezzato sulle monoposto molto rigide o sulle vetture GT, dove ogni minimo trasferimento di massa \u00e8 importante.<\/p>\n<p>Nelle curve, la maneggevolezza \u00e8 buona. Si percepisce chiaramente l'aumento dello sforzo all'aumentare dell'aderenza, poi il leggero allentamento quando si inizia a superare il limite. La transizione tra aderenza e scivolamento \u00e8 abbastanza graduale, il che aiuta enormemente ad anticipare qualsiasi perdita di controllo. Rispetto a un sistema basato sulla cintura, guadagniamo in immediatezza: le variazioni di sforzo sono pi\u00f9 dirette, meno \"arrotondate\".<\/p>\n<p>I valori di aderenza sono generalmente molto buoni per questa categoria. \u00c8 possibile percepire gli inizi del sottosterzo, le piccole perdite di aderenza posteriore e le correzioni al bilanciamento del telaio. Su una pista sconnessa o con pneumatici usurati, si percepisce il peggioramento della maneggevolezza, che aumenta la fiducia. \u00c8 qui che la base cambia davvero l'esperienza, soprattutto se si proviene da un sistema pi\u00f9 elementare.<\/p>\n<p>I vibratori sono ben resi, con una sensazione asciutta ma non sgradevole se i filtri sono impostati correttamente. \u00c8 possibile percepire la differenza tra un vibratore piatto che si pu\u00f2 \"mangiare\" e un vibratore aggressivo che disturba la macchina. La base ha abbastanza potenza per trasmettere le informazioni, senza saturare. Sulle grandi vibrazioni dei circuiti urbani o su alcuni tracciati aggressivi, si pu\u00f2 scegliere di smussare leggermente le cose per evitare che la sessione diventi troppo fisica.<\/p>\n<p>Nelle lunghe sessioni, la consistenza \u00e8 buona. La coppia non si affievolisce, il fodero non si surriscalda tanto da alterare la sensazione, e il feedback rimane stabile. L'affaticamento dipender\u00e0 soprattutto dalle impostazioni scelte: alla massima potenza, su un cockpit molto rigido, pu\u00f2 diventare sportivo, ma se si rimane in un range di 60-80 % di forza massima, si trover\u00e0 un buon compromesso tra immersione e comfort.<\/p>\n<p>Nelle correzioni veloci, la reattivit\u00e0 del motore fa la differenza. Il controsterzo, il recupero del sovrasterzo e i rapidi cambi di direzione sono pi\u00f9 controllabili che con una base meno potente o pi\u00f9 filtrata. La ruota torna in posizione in modo pulito, senza alcuna latenza percepibile, e si pu\u00f2 davvero \"lavorare\" l'auto al limite. Nei rally e con auto molto nervose, questo aspetto porta un reale guadagno in termini di controllo.<\/p>\n<p>Rispetto a una base meno potente (in genere intorno ai 5-8 Nm), la sensazione principale \u00e8 la riserva. C'\u00e8 pi\u00f9 spazio prima della saturazione. Le grandi pressioni, le compressioni e gli impatti sono pi\u00f9 distinti, non si sente solo un \"muro\" di forza. Rispetto a una base pi\u00f9 potente (20 Nm o pi\u00f9), si perde un po' in brutalit\u00e0 pura e margine finale, ma spesso si guadagna in comfort di impostazione. La Prima si posiziona come punto di forza per molti piloti di simulazione: potenza sufficiente per affrontare seriamente le corse dirette, senza sconfinare in richieste fisiche estreme.<\/p>\n<p>Nel complesso, l'immersione \u00e8 solida: ci si sente connessi alla pista, le informazioni arrivano chiaramente e si acquisisce rapidamente la fiducia necessaria per attaccare pi\u00f9 duramente. Il volante diventa un vero e proprio strumento di guida, non solo un dispositivo di gioco.<\/p>\n<h2>Per chi \u00e8? Cosa ci piace \/ Cosa non ci piace<\/h2>\n<p>La Prima Wheelbase si rivolge chiaramente ai piloti di simulazione motivati, di livello intermedio o avanzato, che vogliono superare o hanno gi\u00e0 superato il volante entry-level. \u00c8 un'ottima base per un giocatore di PC con un abitacolo rigido e il desiderio di guidare regolarmente, che si tratti di GT, monoposto o rally. Anche un principiante molto motivato pu\u00f2 trovarla un ottimo punto di partenza, a patto che accetti una breve curva di apprendimento e investa in una configurazione stabile.<\/p>\n<p>Ci\u00f2 che mi piace particolarmente \u00e8 la rigidit\u00e0 complessiva del sistema, la qualit\u00e0 del ritorno di forza e la chiarezza delle informazioni trasmesse. La base offre una sensazione pulita e prevedibile, senza eccessivi rumori parassiti. Riesce anche a fornire una buona potenza utilizzabile senza imporre impostazioni ultra complesse: \u00e8 possibile ottenere un ottimo risultato con poche e semplici regolazioni. In termini di qualit\u00e0 percepita, abbiamo anche l'impressione di un prodotto progettato per durare nel tempo e per inserirsi in un ecosistema coerente.<\/p>\n<p>Per quanto riguarda le limitazioni, il posizionamento di Asetek, molto orientato al PC e all'ecosistema, riduce in qualche modo la flessibilit\u00e0 per coloro che cercano una semplice soluzione multipiattaforma o che amano mescolare i marchi. Alcuni potrebbero trovare l'estetica un po' priva di personalit\u00e0, soprattutto se vi piacciono le basi molto \"appariscenti\". Infine, con 12 Nm, non \u00e8 un mostro di coppia: i puristi che vogliono assolutamente 20 Nm e oltre potrebbero trovare la base un po' \"saggia\", anche se, in pratica, la maggior parte dei piloti di simulazione non andr\u00e0 mai a cercare pi\u00f9 potenza.<\/p>\n<p>In termini di investimento, La Prima \u00e8 chiaramente un prodotto da considerare a lungo termine. Non si tratta di un acquisto d'impulso, ma di un componente centrale della vostra configurazione. Il valore percepito dipender\u00e0 molto dal vostro livello di impegno nelle corse simulate: per chi va spesso in bici, la differenza di sensazione rispetto a una ruota entry-level giustifica ampiamente il salto. Per un giocatore occasionale, l'investimento potrebbe sembrare pi\u00f9 difficile da recuperare.<\/p>\n<h2>Il verdetto<\/h2>\n<p>L'Asetek La Prima Wheelbase (12 Nm) apporta un vero cambiamento a un assetto destinato alle gare di simulazione serie. Trasforma un assetto \"decente\" in uno strumento di guida credibile, con un feedback di forza sufficientemente potente e preciso per portare l'auto al limite. Ci stiamo chiaramente avvicinando alle sensazioni di un equipaggiamento avanzato di fascia media, o addirittura al top della gamma per quanto riguarda alcuni aspetti della sensazione e della rigidit\u00e0.<\/p>\n<p>Sul mercato, \u00e8 una soluzione cardine: pi\u00f9 ambiziosa di un'unit\u00e0 diretta entry-level, ma meno estrema e meno costosa di basi molto potenti. La sua forza sta nell'equilibrio tra prestazioni, facilit\u00e0 d'uso e qualit\u00e0 costruttiva. Non \u00e8 la scelta ideale se si desidera assolutamente una semplice compatibilit\u00e0 con le console o se si cerca soprattutto la potenza grezza. D'altro canto, per i piloti di simulazione su PC che desiderano una base solida e aggiornabile, compatibile con un ecosistema strutturato, \u00e8 la scelta ideale.<\/p>\n<p>Se siete alla ricerca di una base a trazione diretta seria, in grado di fornire un notevole aumento delle sensazioni senza diventare ingestibile su base giornaliera, questo prodotto pu\u00f2 chiaramente fare la differenza nella vostra configurazione.<\/p>","protected":false},"excerpt":{"rendered":"<p>Questo La Prima mi ha dato la sensazione di passare da un semplice volante da gioco a un vero e proprio strumento di guida, con un feedback chiaro e coerente che aumenta la fiducia in pista. Si rivolge principalmente ai piloti di simulazione per PC motivati che hanno gi\u00e0 un cockpit rigido o che sono pronti ad aggiornarlo. Nel complesso, offre una base solida e durevole, ideale per essere utilizzata come configurazione di base a lungo termine.<\/p>","protected":false},"featured_media":101834,"comment_status":"open","ping_status":"closed","template":"","meta":{"_acf_changed":false,"_et_pb_use_builder":"","_et_pb_old_content":"","_et_gb_content_width":""},"product_brand":[175],"product_cat":[155],"product_tag":[149],"class_list":{"0":"post-101826","1":"product","2":"type-product","3":"status-publish","4":"has-post-thumbnail","6":"product_brand-asetek-simsports","7":"product_cat-base","8":"product_tag-pc","10":"first","11":"instock","12":"shipping-taxable","13":"product-type-external"},"acf":[],"_links":{"self":[{"href":"https:\/\/simracergear.com\/it\/wp-json\/wp\/v2\/product\/101826","targetHints":{"allow":["GET"]}}],"collection":[{"href":"https:\/\/simracergear.com\/it\/wp-json\/wp\/v2\/product"}],"about":[{"href":"https:\/\/simracergear.com\/it\/wp-json\/wp\/v2\/types\/product"}],"replies":[{"embeddable":true,"href":"https:\/\/simracergear.com\/it\/wp-json\/wp\/v2\/comments?post=101826"}],"wp:featuredmedia":[{"embeddable":true,"href":"https:\/\/simracergear.com\/it\/wp-json\/wp\/v2\/media\/101834"}],"wp:attachment":[{"href":"https:\/\/simracergear.com\/it\/wp-json\/wp\/v2\/media?parent=101826"}],"wp:term":[{"taxonomy":"product_brand","embeddable":true,"href":"https:\/\/simracergear.com\/it\/wp-json\/wp\/v2\/product_brand?post=101826"},{"taxonomy":"product_cat","embeddable":true,"href":"https:\/\/simracergear.com\/it\/wp-json\/wp\/v2\/product_cat?post=101826"},{"taxonomy":"product_tag","embeddable":true,"href":"https:\/\/simracergear.com\/it\/wp-json\/wp\/v2\/product_tag?post=101826"}],"curies":[{"name":"wp","href":"https:\/\/api.w.org\/{rel}","templated":true}]}}