{"id":100491,"date":"2025-05-15T07:44:00","date_gmt":"2025-05-15T07:44:00","guid":{"rendered":"https:\/\/simracergear.com\/products\/fanatec\/"},"modified":"2025-11-28T04:42:17","modified_gmt":"2025-11-28T04:42:17","slug":"fanatec","status":"publish","type":"product","link":"https:\/\/simracergear.com\/pl\/products\/fanatec\/","title":{"rendered":"Uchwyty monta\u017cowe Fanatec Podium"},"content":{"rendered":"<h2>Uchwyty monta\u017cowe Fanatec Podium: moja opinia jako wymagaj\u0105cego u\u017cytkownika<\/h2>\n<p>Na papierze wsporniki monta\u017cowe Fanatec Podium s\u0105 wy\u0142\u0105cznie \"akcesorium\". W rzeczywisto\u015bci, w konfiguracji Direct Drive, s\u0105 one elementem konstrukcyjnym. Wsporniki te zosta\u0142y zaprojektowane w celu bezpiecznego zamocowania najwy\u017cszej klasy podp\u00f3r \u0142a\u0144cuchowych Fanatec (Podium, ale tak\u017ce CSL DD \/ DD1 \/ DD2 w zale\u017cno\u015bci od konfiguracji) do podwozia lub p\u0142yty typu biurkowego, z prostym celem: zero ugi\u0119cia, zero luzu, nawet przy du\u017cym momencie obrotowym.<\/p>\n<p>To, co czyni je tak atrakcyjnymi, to po\u0142\u0105czenie obietnicy \"profesjonalnej\" sztywno\u015bci i czystej integracji z op\u0142ywowym metalowym lub aluminiowym kokpitem. Chodzi o to, aby przej\u015b\u0107 od majsterkowania lub przeci\u0119tnego monta\u017cu do prawdziwego monta\u017cu zaprojektowanego dla nap\u0119du bezpo\u015bredniego. Nie zyskujesz Nm, ale zyskujesz kontrol\u0119. I mo\u017cna to natychmiast poczu\u0107 w wy\u015bcigach symulacyjnych.<\/p>\n<p>M\u00f3j punkt widzenia jest tutaj jasny: stabilno\u015b\u0107, odczucia w grze i rzeczywiste zainteresowanie w por\u00f3wnaniu z uniwersalnymi rozwi\u0105zaniami lub systemami monta\u017cowymi dostarczanymi z podstawkami. Czy te uchwyty uzasadniaj\u0105 swoj\u0105 cen\u0119 w i tak ju\u017c drogiej konfiguracji, czy te\u017c og\u00f3lne uchwyty ostatecznie robi\u0105 to samo? Tak w\u0142a\u015bnie je oceniam: na podstawie tego, co naprawd\u0119 zmieniaj\u0105 przed ekranem.<\/p>\n<h2>Projektowanie i produkcja<\/h2>\n<p>Trzymane w d\u0142oni uchwyty monta\u017cowe Podium sprawiaj\u0105 natychmiastowe wra\u017cenie powagi. Jest to gruba stal lub aluminium, czysto obrobione, z czarnym wyko\u0144czeniem, kt\u00f3re idealnie komponuje si\u0119 ze stylem podstawek Fanatec. Kraw\u0119dzie s\u0105 czyste, otwory precyzyjne, a g\u0119sto\u015b\u0107 metalu od razu daje pewno\u015b\u0107, \u017ce nie wygnie si\u0119 przy pierwszym agresywnym dotkni\u0119ciu kierownicy.<\/p>\n<p>Zestaw wygl\u0105da jak wysokiej klasy produkt OEM: nic wymy\u015blnego, tylko dwa du\u017ce wsporniki boczne, zaprojektowane tak, aby pasowa\u0142y do kszta\u0142tu podstawy. Po wzi\u0119ciu ich w d\u0142onie mo\u017cna zrozumie\u0107 ich cel: zablokowanie podstawy, zaci\u015bni\u0119cie jej na kokpicie i zapobieganie jej skr\u0119caniu. To bardzo \"obrabiarka\", w najlepszym tego s\u0142owa znaczeniu.<\/p>\n<p>Monta\u017c z podstaw\u0105 odbywa si\u0119 za pomoc\u0105 \u015brub, kt\u00f3re pasuj\u0105 do punkt\u00f3w mocowania dostarczonych przez Fanatec. Nie ma wyczuwalnego luzu, gdy wszystko zostanie odpowiednio dokr\u0119cone. Ma si\u0119 wra\u017cenie, \u017ce wszystko zosta\u0142o zaprojektowane razem, a tej sp\u00f3jno\u015bci cz\u0119sto brakuje w uniwersalnych mocowaniach, gdzie trzeba \u017conglowa\u0107 podk\u0142adkami, przek\u0142adkami i niewielkimi przesuni\u0119ciami.<\/p>\n<p>Zaskakuj\u0105ca jest jego kompaktowo\u015b\u0107. Czasami oczekuje si\u0119 masywnych, niepor\u0119cznych wspornik\u00f3w. Tutaj jest on stosunkowo dyskretny, ale wyra\u017anie mocny. Na aluminiowym kokpicie 8020 bardzo dobrze si\u0119 komponuje, zar\u00f3wno wizualnie, jak i mechanicznie.<\/p>\n<p>To, co mo\u017ce by\u0107 nieco rozczarowuj\u0105ce, to brak \"dodatk\u00f3w\": brak zintegrowanej zaawansowanej regulacji, brak podzia\u0142ek, brak systemu szybkiego ustawiania. Trzymamy si\u0119 tej samej filozofii: zamocuj, dokr\u0119\u0107 i nie b\u0119dzie si\u0119 rusza\u0107. W por\u00f3wnaniu z niekt\u00f3rymi uniwersalnymi wspornikami, kt\u00f3re mo\u017cna przechyla\u0107 w niesko\u0144czono\u015b\u0107 lub kt\u00f3re s\u0105 wyposa\u017cone w otwory regulacyjne, wsporniki Podium mog\u0105 wydawa\u0107 si\u0119 nieco proste. Ale pod wzgl\u0119dem postrzeganej jako\u015bci s\u0105 zdecydowanie lepsze ni\u017c tanie rozwi\u0105zania wykonane z cienkiej blachy, kt\u00f3re mog\u0105 si\u0119 skr\u0119ca\u0107 z pot\u0119\u017cnymi podstawami.<\/p>\n<h2>Ustawienia, personalizacja i kompatybilno\u015b\u0107<\/h2>\n<p>Je\u015bli chodzi o regulacj\u0119, m\u00f3wimy o czym\u015b bardzo mechanicznym i konkretnym. Wsporniki oferuj\u0105 g\u0142\u00f3wnie zakres pochyle\u0144 podstawy, poprzez r\u00f3\u017cne boczne punkty monta\u017cowe i mo\u017cliwo\u015bci wiercenia otwor\u00f3w w kokpicie. Nie jest to akcesorium \"menu\", wszystko odbywa si\u0119 za pomoc\u0105 klucza imbusowego i p\u0142askiego klucza.<\/p>\n<p>Naprawd\u0119 przydatne regulacje: k\u0105t kierownicy w stosunku do siedzenia i wysoko\u015b\u0107 podstawy za pomoc\u0105 punkt\u00f3w monta\u017cowych na podwoziu. Dla kogo\u015b, kto szuka pozycji bardzo zbli\u017conej do tej z GT lub proto, jest to znacz\u0105ce. Podstaw\u0119 mo\u017cna obni\u017cy\u0107 i przesun\u0105\u0107 nieco do ty\u0142u w por\u00f3wnaniu do monta\u017cu przedniego lub kraw\u0119dziowego. Ostateczna ergonomia b\u0119dzie w du\u017cej mierze zale\u017ce\u0107 od posiadanego kokpitu, ale wsporniki daj\u0105 naprawd\u0119 du\u017ce pole manewru.<\/p>\n<p>Krzywa uczenia si\u0119 jest prosta: przetestuj, poluzuj, przesu\u0144 o jeden otw\u00f3r w g\u00f3r\u0119, ponownie dokr\u0119\u0107. Na pocz\u0105tku znalezienie \"swojego\" k\u0105ta zajmuje troch\u0119 czasu, ale nie ma w tym nic skomplikowanego. Wa\u017cne jest, aby przewidzie\u0107 wyr\u00f3wnanie z siode\u0142kiem i mechanizmem korbowym, aby nie trzeba by\u0142o demontowa\u0107 wszystkiego trzy razy.<\/p>\n<p>Kompatybilno\u015b\u0107: zestaw jest przeznaczony do baz Fanatec z serii Direct Drive. Tak d\u0142ugo, jak jeste\u015b w ekosystemie Fanatec, jeste\u015b czysty. PC lub konsola, to nie ma znaczenia: s\u0105 to mocowania mechaniczne, wi\u0119c nie ma ogranicze\u0144 platformy. Trudniej robi si\u0119 po stronie kokpitu. Uchwyty doskonale sprawdzaj\u0105 si\u0119 na profilowanych aluminiowych lub sztywnych stalowych konstrukcjach, nieco gorzej na biurkach lub p\u0142ytach MDF, kt\u00f3rym brakuje wzmocnienia.<\/p>\n<p>Pod wzgl\u0119dem skalowalno\u015bci jest to zdecydowanie zr\u00f3wnowa\u017cone rozwi\u0105zanie. W ramach ekosystemu Fanatec mo\u017cna przej\u015b\u0107 do wy\u017cszego zakresu podstawowego bez zmiany zasady mocowania. Dla u\u017cytkownika, kt\u00f3ry planuje pozosta\u0107 z nap\u0119dem bezpo\u015brednim Fanatec przez kilka lat, jest to zazwyczaj jednorazowy zakup. Jest to bardziej \"podstawowe\" akcesorium ni\u017c opcjonalny gad\u017cet.<\/p>\n<h2>Sensacje w grze: co to naprawd\u0119 zmienia<\/h2>\n<p>Wra\u017cenia s\u0105 paradoksalne do opisania, poniewa\u017c wsporniki nie generuj\u0105 \u017cadnej si\u0142y jako takiej. Ujawniaj\u0105 to, co twoja baza ju\u017c wie, jak zrobi\u0107, usuwaj\u0105c s\u0142abe ogniwo: szorstki monta\u017c.<\/p>\n<p>Pierwsz\u0105 rzecz\u0105, kt\u00f3ra rzuca si\u0119 w oczy, a raczej w oczy d\u0142oni, jest precyzja si\u0142owego sprz\u0119\u017cenia zwrotnego. Gdy podstawa jest po prostu zaci\u015bni\u0119ta na desce lub wsporniku, kt\u00f3ry troch\u0119 dzia\u0142a, niekt\u00f3re drobne szczeg\u00f3\u0142y s\u0105 tracone: mikro-wibracje, pocz\u0105tek utraty przyczepno\u015bci, tekstura toru. Dzi\u0119ki uchwytom monta\u017cowym Podium przykr\u0119conym do sztywnego podwozia sygna\u0142y te staj\u0105 si\u0119 wyra\u017aniejsze. Lepiej wyczuwasz, kiedy opona zaczyna si\u0119 \u015blizga\u0107, a nie tylko kiedy si\u0119 zatrzymuje. Przek\u0142ada si\u0119 to na lepszy margines reakcji na torze.<\/p>\n<p>W szybkich zakr\u0119tach r\u00f3\u017cnica jest jeszcze wyra\u017aniejsza. Zamiast wra\u017cenia kolumny poruszaj\u0105cej si\u0119 o milimetr lub dwa na boki, wszystko staje si\u0119 idealnie solidne. Kierownica obraca si\u0119 wok\u00f3\u0142 sta\u0142ego punktu. W rezultacie przenoszenie obci\u0105\u017cenia postrzegane w FFB jest bardziej sp\u00f3jne i mo\u017cna precyzyjnie dostroi\u0107 k\u0105t. Przestajesz nie\u015bwiadomie kompensowa\u0107 ugi\u0119cie podparcia i koncentrujesz si\u0119 wy\u0142\u0105cznie na samochodzie. Natychmiast rozumiesz, co robi prz\u00f3d.<\/p>\n<p>W przypadku wibrator\u00f3w ta zwi\u0119kszona sztywno\u015b\u0107 jest r\u00f3wnie\u017c interesuj\u0105ca. Wstrz\u0105sy s\u0105 czystsze i bardziej bezpo\u015brednie. Tam, gdzie lekko elastyczne podparcie t\u0142umi niezauwa\u017calnie, wsporniki przenosz\u0105 profil wibratora bezpo\u015brednio na podstaw\u0119. Nie oznacza to, \u017ce jest to brutalne, ale jest bardziej \"czytelne\". Wiesz, czy gryziesz go troch\u0119, gryziesz go du\u017co, czy unosisz si\u0119 nad nim.<\/p>\n<p>Podczas d\u0142ugich sesji, sp\u00f3jno\u015b\u0107 robi prawdziw\u0105 r\u00f3\u017cnic\u0119. Nie ma zacisk\u00f3w, kt\u00f3re lekko si\u0119 poluzowuj\u0105, nie ma wspornik\u00f3w, kt\u00f3re si\u0119 poluzowuj\u0105, nie ma zb\u0142\u0105kanych wibracji, kt\u00f3re pojawiaj\u0105 si\u0119 po godzinie jazdy. Pozycja pozostaje dok\u0142adnie taka sama, kierownica utrzymuje swoj\u0105 o\u015b, a m\u00f3zg osadza si\u0119 na tych stabilnych punktach odniesienia. Mniej mikroregulacji, a wi\u0119c mniejsze zm\u0119czenie.<\/p>\n<p>W przypadku szybkich korekt, szczeg\u00f3lnie podczas po\u015blizgu lub driftu, brak elastyczno\u015bci jest odczuwalny jako wzrost responsywno\u015bci. Podstawa natychmiast zwraca przeciwn\u0105 si\u0142\u0119, bez op\u00f3\u017anienia spowodowanego przez odkszta\u0142caj\u0105c\u0105 si\u0119 struktur\u0119. Nie zmieni to CSL DD w super mocn\u0105 baz\u0119, ale w por\u00f3wnaniu do mniej powa\u017cnych konfiguracji, naprawd\u0119 mo\u017cna odnie\u015b\u0107 wra\u017cenie wykorzystania 100 % tego, co mo\u017ce da\u0107 baza. To w\u0142a\u015bnie w tym miejscu solidne mocowanie zmienia wra\u017cenia: odwa\u017cysz si\u0119 bardziej, poniewa\u017c czujesz si\u0119 lepiej.<\/p>\n<p>W por\u00f3wnaniu do mniej wydajnej podstawy zamontowanej prawid\u0142owo, jeste\u015b oczywi\u015bcie ograniczony momentem obrotowym. Ale w por\u00f3wnaniu do tej samej podstawy zamontowanej szybko na biurku lub standardowym zacisku, poczucie kontroli i zanurzenia idzie w g\u00f3r\u0119. Samoch\u00f3d jest z tob\u0105 bardziej po\u0142\u0105czony. Ka\u017cdy ruch kierownic\u0105 ma wyra\u017ane sprz\u0119\u017cenie zwrotne, bez zak\u0142\u00f3ce\u0144. To jak kolumna kierownicy prawdziwego samochodu, a nie kierownica na meblu.<\/p>\n<h2>Dla kogo to jest? Co lubimy, czego nie lubimy<\/h2>\n<p>Uchwyty monta\u017cowe Fanatec Podium s\u0105 przeznaczone przede wszystkim dla \u015brednio zaawansowanych i zaawansowanych symulator\u00f3w, kt\u00f3rzy s\u0105 ju\u017c wyposa\u017ceni w nap\u0119dy bezpo\u015brednie Fanatec lub planuj\u0105 wkr\u00f3tce przej\u015b\u0107 na nie. Dla pocz\u0105tkuj\u0105cego z podstawowym ko\u0142em zamachowym nap\u0119dzanym paskiem lub przek\u0142adni\u0105 by\u0142yby one zdecydowanie za du\u017ce. Z drugiej strony, dla kogo\u015b z powa\u017cnym kokpitem lub chc\u0105cego uczyni\u0107 konfiguracj\u0119 z najwy\u017cszej p\u00f3\u0142ki bardziej niezawodn\u0105, akcesorium zaczyna mie\u0107 sens.<\/p>\n<p>To, co szczeg\u00f3lnie mi si\u0119 podoba, to sztywno\u015b\u0107: po zamontowaniu na powa\u017cnym podwoziu wsporniki naprawd\u0119 sprawiaj\u0105 wra\u017cenie, \u017ce podstawa i kokpit stanowi\u0105 jedn\u0105 ca\u0142o\u015b\u0107. Po drugie, integracja z podstaw\u0105 Fanatec jest nienaganna: dostosowane \u015bruby, idealne wyr\u00f3wnanie, kszta\u0142t zaprojektowany dla ekosystemu. Wizualnie jest czysto, a to si\u0119 liczy w konfiguracji, na kt\u00f3r\u0105 patrzymy ka\u017cdego dnia. Wreszcie, stabilno\u015b\u0107 w czasie jest prawdziwym plusem: nie musisz sp\u0119dza\u0107 czasu na dokr\u0119caniu, dostosowywaniu i kompensowaniu wsparcia, kt\u00f3re dzia\u0142a. Wystarczy raz wyregulowa\u0107 i gotowe.<\/p>\n<p>Z drugiej strony, warto zwr\u00f3ci\u0107 uwag\u0119 na kilka ogranicze\u0144. Akcesorium jest wyra\u017anie zale\u017cne od solidnego kokpitu: na prostym biurku zainteresowanie jest bardzo ograniczone. Jest to produkt, kt\u00f3ry naprawd\u0119 sprawdza si\u0119 na profilowanym aluminium lub dobrze zaprojektowanej konstrukcji stalowej. Po drugie, poziom regulacji jest do\u015b\u0107 podstawowy. Mo\u017cna go przechyla\u0107 i pozycjonowa\u0107, ale nie co do milimetra lub z elastyczno\u015bci\u0105 niekt\u00f3rych wysoce modu\u0142owych uniwersalnych podp\u00f3r. Wreszcie, w gr\u0119 wchodzi cena: jest to produkt pozycjonowany jako \"premium za to, czym jest\". Dla wielu os\u00f3b to wci\u0105\u017c \"dwa drogie kawa\u0142ki metalu\". Powinien by\u0107 zatem postrzegany jako inwestycja w podstaw\u0119 konfiguracji, a nie jako zabawny dodatek.<\/p>\n<p>Je\u015bli chodzi o postrzegan\u0105 warto\u015b\u0107, wszystko zale\u017cy od tego, jak bardzo jeste\u015b wymagaj\u0105cy. Je\u015bli chcesz zabezpieczy\u0107 konfiguracj\u0119 kosztuj\u0105c\u0105 setki lub tysi\u0105ce euro, w pe\u0142ni wykorzysta\u0107 baz\u0119 Direct Drive i cz\u0119sto je\u017adzi\u0107, zakup b\u0119dzie uzasadniony do\u015b\u0107 szybko. Je\u015bli grasz okazjonalnie na komputerze stacjonarnym, warto\u015b\u0107 dodana b\u0119dzie znacznie mniejsza.<\/p>\n<h2>Werdykt<\/h2>\n<p>Fanatec Podium Mounting Brackets mo\u017ce nie brzmi\u0105 jak nowa podstawa lub nowa kierownica, ale odgrywaj\u0105 kluczow\u0105 rol\u0119: przekszta\u0142caj\u0105 zestaw podstawa + kokpit w sztywn\u0105, stabiln\u0105 jednostk\u0119, kt\u00f3ra mo\u017ce by\u0107 u\u017cywana przy 100 %. W konfiguracji z nap\u0119dem bezpo\u015brednim to w\u0142a\u015bnie takie detale cz\u0119sto podnosz\u0105 poprzeczk\u0119 w zakresie wyczucia i pewno\u015bci.<\/p>\n<p>Na rynku jeste\u015bmy wyra\u017anie w segmencie premium podstawowych no\u015bnik\u00f3w: nie jest najta\u0144szy, nie jest najbardziej wszechstronny ze wszystkich marek, ale jest prawdopodobnie jednym z najbardziej sp\u00f3jnych rozwi\u0105za\u0144, je\u015bli jeste\u015b w pe\u0142ni Fanatec i masz mocn\u0105 obudow\u0119. To produkt konsolidacyjny, a nie przej\u015bciowy.<\/p>\n<p>Poleci\u0142bym go przede wszystkim simracerom ju\u017c zaanga\u017cowanym w ekosystem Fanatec, z baz\u0105 Direct Drive i sztywnym kokpitem, kt\u00f3rzy chc\u0105 uczyni\u0107 swoj\u0105 konfiguracj\u0119 bardziej niezawodn\u0105 i poprawi\u0107 czytelno\u015b\u0107 FFB. Dla okazjonalnych u\u017cytkownik\u00f3w komputer\u00f3w stacjonarnych lub pocz\u0105tkuj\u0105cych bez dedykowanego kokpitu nie b\u0119dzie to najlepszy wyb\u00f3r - pieni\u0105dze lepiej zainwestowa\u0107 gdzie indziej.<\/p>\n<p>Je\u015bli chcesz, aby twoja baza Fanatec by\u0142a naprawd\u0119 solidna, stabilna i precyzyjna w powa\u017cnym kokpicie, ten produkt mo\u017ce wyra\u017anie zmieni\u0107 twoj\u0105 konfiguracj\u0119.<\/p>","protected":false},"excerpt":{"rendered":"<p>To wsparcie da\u0142o mi poczucie prawdziwego uwolnienia potencja\u0142u Direct Drive: bardziej czytelne si\u0142owe sprz\u0119\u017cenie zwrotne, doskonale stabilna kierownica, konfiguracja, kt\u00f3ra \"czuje si\u0119 jak klocek\". Przede wszystkim ma to sens dla simracer\u00f3w, kt\u00f3rzy s\u0105 ju\u017c wyposa\u017ceni w sztywny kokpit i podstaw\u0119 Fanatec i kt\u00f3rzy du\u017co je\u017cd\u017c\u0105. Cena jest nadal wysoka, ale ma sens, je\u015bli postrzegasz j\u0105 jako inwestycj\u0119 strukturaln\u0105.<\/p>","protected":false},"featured_media":100492,"comment_status":"open","ping_status":"closed","template":"","meta":{"_acf_changed":false,"_et_pb_use_builder":"","_et_pb_old_content":"","_et_gb_content_width":""},"product_brand":[158],"product_cat":[153],"product_tag":[149,159,160],"class_list":{"0":"post-100491","1":"product","2":"type-product","3":"status-publish","4":"has-post-thumbnail","6":"product_brand-fanatec","7":"product_cat-accessoires","8":"product_tag-pc","9":"product_tag-playstation","10":"product_tag-xbox","12":"first","13":"instock","14":"shipping-taxable","15":"product-type-external"},"acf":[],"_links":{"self":[{"href":"https:\/\/simracergear.com\/pl\/wp-json\/wp\/v2\/product\/100491","targetHints":{"allow":["GET"]}}],"collection":[{"href":"https:\/\/simracergear.com\/pl\/wp-json\/wp\/v2\/product"}],"about":[{"href":"https:\/\/simracergear.com\/pl\/wp-json\/wp\/v2\/types\/product"}],"replies":[{"embeddable":true,"href":"https:\/\/simracergear.com\/pl\/wp-json\/wp\/v2\/comments?post=100491"}],"wp:featuredmedia":[{"embeddable":true,"href":"https:\/\/simracergear.com\/pl\/wp-json\/wp\/v2\/media\/100492"}],"wp:attachment":[{"href":"https:\/\/simracergear.com\/pl\/wp-json\/wp\/v2\/media?parent=100491"}],"wp:term":[{"taxonomy":"product_brand","embeddable":true,"href":"https:\/\/simracergear.com\/pl\/wp-json\/wp\/v2\/product_brand?post=100491"},{"taxonomy":"product_cat","embeddable":true,"href":"https:\/\/simracergear.com\/pl\/wp-json\/wp\/v2\/product_cat?post=100491"},{"taxonomy":"product_tag","embeddable":true,"href":"https:\/\/simracergear.com\/pl\/wp-json\/wp\/v2\/product_tag?post=100491"}],"curies":[{"name":"wp","href":"https:\/\/api.w.org\/{rel}","templated":true}]}}