{"id":100566,"date":"2025-05-15T07:46:00","date_gmt":"2025-05-15T07:46:00","guid":{"rendered":"https:\/\/simracergear.com\/products\/fanatec-clubsport-pedals-v3-inverted\/"},"modified":"2025-11-28T04:45:04","modified_gmt":"2025-11-28T04:45:04","slug":"fanatec-clubsport-pedals-v3-inverted","status":"publish","type":"product","link":"https:\/\/simracergear.com\/pl\/products\/fanatec-clubsport-pedals-v3-inverted\/","title":{"rendered":"Peda\u0142y Fanatec ClubSport V3 odwr\u00f3cone"},"content":{"rendered":"<p>W kategorii najwy\u017cszej klasy pedalboard\u00f3w do symulator\u00f3w wy\u015bcigowych, Fanatec ClubSport Pedals V3 Inverted zajmuje bardzo szczeg\u00f3lne miejsce. Wci\u0105\u017c m\u00f3wimy o pedalboardzie \"prosumenckim\" (powy\u017cej klasy podstawowej i \u015bredniej, poni\u017cej rozwi\u0105za\u0144 w pe\u0142ni profesjonalnych), ale z prawdziw\u0105 ambicj\u0105: zbli\u017cy\u0107 si\u0119 do kinematyki samochodu wy\u015bcigowego, szczeg\u00f3lnie w przypadku hamulca i sprz\u0119g\u0142a. Ten odwr\u00f3cony model jest atrakcyjny, poniewa\u017c obiecuje bardziej naturalne odczucia, bli\u017csze prawdziwemu kokpitowi, pozostaj\u0105c jednocze\u015bnie kompatybilnym z szerokim ekosystemem Fanatec.<\/p>\n<p>Ze swojej strony podchodz\u0119 do tego z bardzo konkretnego punktu widzenia: wyczucie hamowania, progresywna reakcja przepustnicy, komfort podczas d\u0142ugich sesji i mo\u017cliwo\u015b\u0107 powtarzania tych samych punkt\u00f3w hamowania okr\u0105\u017cenie po okr\u0105\u017ceniu. Na tym poziomie cenowym mamy prawo oczekiwa\u0107 wyra\u017anego skoku naprz\u00f3d w por\u00f3wnaniu z podstawowym lub \u015bredniej klasy mechanizmem korbowym z potencjometrami. W tym przypadku sednem sprawy jest ogniwo obci\u0105\u017cnikowe na hamulcu i odwr\u00f3cona mechanika, kt\u00f3ra powinna zapewni\u0107 bardziej intuicyjn\u0105 kontrol\u0119.<\/p>\n<p>Ten mechanizm korbowy jest przeznaczony dla rowerzyst\u00f3w, kt\u00f3rzy chc\u0105 zrobi\u0107 prawdziwy krok naprz\u00f3d bez wpadania w pu\u0142apk\u0119 ultra-wyrafinowanych hydraulicznych mechanizm\u00f3w korbowych. Idea jest prosta: czu\u0107 pod stop\u0105 to, co wida\u0107 na ekranie. Naciskasz, samoch\u00f3d reaguje, a w Twojej g\u0142owie nie ma ju\u017c \u017cadnych pyta\u0144.<\/p>\n<h2>Projektowanie i produkcja<\/h2>\n<p>Fanatec ClubSport V3 Inverted natychmiast daje poczucie powagi. Dzi\u0119ki metalowej ramie, odwr\u00f3conym ramionom peda\u0142\u00f3w i masywnej p\u0142ycie podstawy wygl\u0105da jak jednostka zaprojektowana, aby wytrzyma\u0107 lata intensywnego hamowania. Metal jest wszechobecny, z do\u015b\u0107 czystym wyko\u0144czeniem i bez ostrych kraw\u0119dzi lub delikatnych cz\u0119\u015bci. Po zamontowaniu na sztywnym kokpicie nigdy si\u0119 nie porusza. Brak wyczuwalnego ugi\u0119cia podczas u\u017cytkowania, co jest niezb\u0119dne w przypadku mechanizmu korbowego z ogniwem obci\u0105\u017cnikowym.<\/p>\n<p>To, co od razu zaskakuje, to odwrotna kinematyka hamulca i sprz\u0119g\u0142a. Wizualnie jest ona bli\u017csza peda\u0142om samochod\u00f3w wy\u015bcigowych. Podczas u\u017cytkowania naprawd\u0119 czu\u0107, \u017ce k\u0105t stopy i kostki jest inny ni\u017c w przypadku konwencjonalnego \"pod\u0142ogowego\" mechanizmu korbowego. Podczas d\u0142ugich sesji pozycja mo\u017ce by\u0107 bardziej naturalna dla niekt\u00f3rych, a mniej dla innych, w zale\u017cno\u015bci od kokpitu i og\u00f3lnej postawy. Ale wra\u017cenie \"prawdziwego samochodu\" jest wyra\u017anie lepsze.<\/p>\n<p>Same peda\u0142y emanuj\u0105 solidno\u015bci\u0105. Tarcze s\u0105 regulowane i mocno przykr\u0119cone, a g\u0119sto\u015b\u0107 cz\u0119\u015bci daje pewno\u015b\u0107. Nie ma efektu \"zabawki\", kt\u00f3ry wyst\u0119puje w przypadku podstawowych mechanizm\u00f3w korbowych wykonanych z tworzywa sztucznego lub lekkiego metalu. Wyko\u0144czenie r\u00f3wnie\u017c nie jest ultraluksusowe: to bardziej funkcjonalny wygl\u0105d przemys\u0142owy ni\u017c eksponat. Jest kilka widocznych kabli, a niekt\u00f3re punkty obrotu s\u0105 nieco szorstkie na kraw\u0119dziach, ale nie ma si\u0119 czym martwi\u0107 podczas u\u017cytkowania.<\/p>\n<p>W por\u00f3wnaniu do innych mechanizm\u00f3w korbowych z ogniwami obci\u0105\u017ceniowymi w tym samym segmencie, V3 Inverted wypada dobrze. Wygl\u0105da powa\u017cniej ni\u017c prostsze modele z potencjometrami, ale nadal jest mniej ekstremalny ni\u017c w pe\u0142ni metalowy hydrauliczny mechanizm korbowy w kategorii \"pro\". To bardzo dobry kompromis mi\u0119dzy solidno\u015bci\u0105 i kompaktowo\u015bci\u0105 dla konfiguracji zorientowanej na zanurzenie.<\/p>\n<h2>Ustawienia, personalizacja i kompatybilno\u015b\u0107<\/h2>\n<p>Je\u015bli chodzi o fizyczn\u0105 regulacj\u0119, Fanatec zapewni\u0142 szereg opcji. Regulowana pozycja tarczy, regulowany skok peda\u0142\u00f3w, regulowana twardo\u015b\u0107 hamulca za pomoc\u0105 spr\u0119\u017cyn i elastomer\u00f3w: jest wiele mo\u017cliwo\u015bci dostosowania mechanizmu korbowego do w\u0142asnego stylu. Tam, gdzie naprawd\u0119 poczu\u0142em r\u00f3\u017cnic\u0119, by\u0142a progresja hamulca: mo\u017cna go ustawi\u0107 stosunkowo mi\u0119kko na pocz\u0105tku, a nast\u0119pnie bardzo mocno pod koniec skoku, co pomaga kontrolowa\u0107 atak i blokowa\u0107 ci\u015bnienie przed wirtualnym ABS. Nie jeste\u015bmy jeszcze na poziomie purystycznego, simracingowego, w pe\u0142ni customowego mechanizmu korbowego, ale zakres regulacji jest ju\u017c bardzo u\u017cyteczny.<\/p>\n<p>Po stronie oprogramowania pedalboard jest zintegrowany z ekosystemem Fanatec. Na komputerze PC precyzyjne dostrajanie jest dost\u0119pne za po\u015brednictwem oprogramowania marki: kalibracja, martwe strefy, liniowo\u015b\u0107, zintegrowane wibracje itp. Krzywa uczenia si\u0119 jest rozs\u0105dna: musisz po\u015bwi\u0119ci\u0107 troch\u0119 czasu, aby zrozumie\u0107, jak ka\u017cdy parametr wp\u0142ywa na zachowanie w grze, ale nie zgubisz si\u0119 w niejasnych menu. Kilka pr\u00f3b, kilka okr\u0105\u017ce\u0144 wok\u00f3\u0142 toru i szybko znajdziesz konfiguracj\u0119, kt\u00f3ra pasuje do twoich nawyk\u00f3w.<\/p>\n<p>Na konsoli logika zmienia si\u0119 nieznacznie. Pedalboard zosta\u0142 zaprojektowany do u\u017cytku z kompatybiln\u0105 baz\u0105 Fanatec, co oznacza, \u017ce mo\u017cna wykorzysta\u0107 wi\u0119kszo\u015b\u0107 zalet, nawet je\u015bli elastyczno\u015b\u0107 oprogramowania pozostaje bardziej ograniczona ni\u017c na komputerze. W ka\u017cdym razie ekosystem Fanatec dzia\u0142a na jego korzy\u015b\u0107: podpory \u0142a\u0144cucha z nap\u0119dem bezpo\u015brednim lub pasowym, r\u00f3\u017cne kierownice, manetki, hamulec r\u0119czny, wszystko mo\u017cna ca\u0142kiem zgrabnie pod\u0142\u0105czy\u0107, zw\u0142aszcza w sta\u0142ym kokpicie.<\/p>\n<p>Pod wzgl\u0119dem mo\u017cliwo\u015bci rozbudowy, V3 Inverted to nie tylko punkt wej\u015bcia. Jest to pedalboard, kt\u00f3ry mo\u017ce towarzyszy\u0107 simracerowi przez kilka lat, nawet przy aktualizacji do mocniejszych podstaw lub sztywniejszych kokpit\u00f3w. Mo\u017cna go r\u00f3wnie\u017c ulepszy\u0107 za pomoc\u0105 opcji (spr\u0119\u017cyny, zestaw tuningowy, modyfikacje), dzi\u0119ki czemu jest to d\u0142ugotrwa\u0142a podstawa, a nie jednorazowy zakup.<\/p>\n<h2>Stawk\u0105 s\u0105 doznania<\/h2>\n<p>Na wirtualnym torze hamulec jest gwiazd\u0105 ClubSport V3 Inverted. Czujnik si\u0142y pozwala na prac\u0119 pod ci\u015bnieniem, a nie na biegu, co naprawd\u0119 zmienia spos\u00f3b jazdy. Naciskasz stop\u0119, przyk\u0142adasz okre\u015blon\u0105 si\u0142\u0119, a samoch\u00f3d reaguje w bardzo przewidywalny spos\u00f3b. Je\u015bli chodzi o ustawianie punkt\u00f3w hamowania, jest to du\u017cy krok naprz\u00f3d w por\u00f3wnaniu do hamulc\u00f3w z mi\u0119kkim lub g\u0105bczastym potencjometrem. Natychmiast rozumiesz, co robi samoch\u00f3d.<\/p>\n<p>Przy silnym hamowaniu mechanizm korbowy pozostaje idealnie stabilny. Mo\u017cesz pewnie postawi\u0107 stop\u0119, podwozie nie drgnie, a modulacja pod koniec hamowania staje si\u0119 znacznie bardziej precyzyjna. Blokowanie k\u00f3\u0142 (lub uruchamianie ABS) jest \u0142atwiejsze do odczytania w wizualnych i d\u017awi\u0119kowych informacjach zwrotnych z gry, poniewa\u017c podstawa pracy pod stopami jest sp\u00f3jna. Szybko wyrabia si\u0119 niezawodna \"pami\u0119\u0107 mi\u0119\u015bniowa\". Obr\u00f3t za obrotem, powtarzalno\u015b\u0107 gestu jest jego prawdziw\u0105 si\u0142\u0105.<\/p>\n<p>Gdy wchodzisz w zakr\u0119t, ta precyzja jest bezpo\u015brednio widoczna. Mo\u017cesz stopniowo zwalnia\u0107 nacisk, lekko hamowa\u0107, aby ustabilizowa\u0107 ty\u0142 i dostosowa\u0107 si\u0119 do kilku procent. W tym miejscu ten mechanizm korbowy zmienia wra\u017cenia w por\u00f3wnaniu z bardziej podstawow\u0105 konfiguracj\u0105. W przypadku podstawowego lub \u015bredniej klasy mechanizmu korbowego czasami szukasz limitu. Tutaj odczuwa si\u0119 to wcze\u015bniej. Lepiej wyczuwa si\u0119 utrat\u0119 przyczepno\u015bci podczas hamowania, zw\u0142aszcza w bardziej wymagaj\u0105cych symulacjach.<\/p>\n<p>Na wibratorach kombinacja hamulca i przepustnicy jest \u0142atwa do opanowania. Wibracje wbudowane w peda\u0142y (po aktywacji i prawid\u0142owym ustawieniu) dodaj\u0105 troch\u0119 dodatkowych informacji, nawet je\u015bli nie jest to to, co najbardziej zmienia do\u015bwiadczenie. Wa\u017cna jest mechaniczna stabilno\u015b\u0107 i sp\u00f3jno\u015b\u0107 reakcji: nie ma uczucia luzu, nie ma dryftu w kalibracji w miar\u0119 post\u0119pu sesji.<\/p>\n<p>Podczas d\u0142ugich sesji pozycja odwr\u00f3cona naprawd\u0119 si\u0119 sprawdza. Stopa jest trzymana w inny, bardziej \"zwisaj\u0105cy\" spos\u00f3b, co mo\u017ce odci\u0105\u017cy\u0107 niekt\u00f3re mi\u0119\u015bnie, zw\u0142aszcza je\u015bli kokpit jest ustawiony prawid\u0142owo pod wzgl\u0119dem k\u0105ta i odleg\u0142o\u015bci. Zm\u0119czenie b\u0119dzie w du\u017cej mierze zale\u017ce\u0107 od og\u00f3lnej postawy, ale sam mechanizm korbowy pozostaje sp\u00f3jny od pierwszego do ostatniego okr\u0105\u017cenia. Skok si\u0119 nie zmienia, twardo\u015b\u0107 pozostaje taka sama, a pewno\u015b\u0107 siebie ro\u015bnie.<\/p>\n<p>Je\u015bli chodzi o przepustnic\u0119, to jest ona czysta i do\u015b\u0107 liniowa. Niekoniecznie mamy najbardziej wyrafinowany peda\u0142 na rynku, ale mamy dobr\u0105 progresywno\u015b\u0107 i skok, kt\u00f3ry mo\u017cna wykorzysta\u0107 do kontrolowania ponownego przyspieszenia na zakr\u0119tach. Szybkie korekty, zw\u0142aszcza z mocnym nap\u0119dem na tylne ko\u0142a lub GT, s\u0105 mo\u017cliwe do opanowania bez zastanowienia. Bawisz si\u0119 bie\u017cnikiem, naciskasz, a samoch\u00f3d reaguje logicznie. \u017badnych niespodzianek, \u017cadnych nieprzewidywalnych \"martwych\" stref.<\/p>\n<p>W por\u00f3wnaniu z mniej zaawansowanym mechanizmem korbowym, wzrost kontroli jest wyra\u017any. W por\u00f3wnaniu z jeszcze bardziej ekstremalnymi rozwi\u0105zaniami (hydraulika, najwy\u017cszy poziom), V3 Inverted b\u0119dzie nieco mniej \"szorstki na kraw\u0119dziach\" pod wzgl\u0119dem czystego wyczucia mechanicznego, ale nadal jest wi\u0119cej ni\u017c wystarczaj\u0105cy dla zdecydowanej wi\u0119kszo\u015bci symulator\u00f3w, nawet tych najbardziej wymagaj\u0105cych. Poziom pewno\u015bci, jaki daje, zw\u0142aszcza podczas hamowania, oznacza, \u017ce mo\u017cesz je\u017adzi\u0107 ostro, czysto i konsekwentnie.<\/p>\n<h2>Dla kogo to jest? Co nam si\u0119 podoba \/ Co nam si\u0119 nie podoba<\/h2>\n<p>Postrzegam Fanatec ClubSport V3 Inverted jako pedalboard skierowany do sympatyk\u00f3w wy\u015bcig\u00f3w, kt\u00f3rzy dokonali ju\u017c minimalnej inwestycji. Nie jest to pierwszy pedalboard dla kogo\u015b zupe\u0142nie nowego w konsolowych wy\u015bcigach symulacyjnych z prostym wsparciem kierownicy. Jest on skierowany raczej do \u015brednio-zaawansowanych i zaawansowanych u\u017cytkownik\u00f3w, kt\u00f3rzy posiadaj\u0105 ju\u017c sztywny kokpit lub s\u0105 gotowi do jego zakupu i kt\u00f3rzy chc\u0105 zrobi\u0107 prawdziwy krok naprz\u00f3d w zakresie realizmu bez konieczno\u015bci natychmiastowej aktualizacji do pe\u0142nego profesjonalnego pedalboardu.<\/p>\n<p>Najbardziej doceniam sp\u00f3jno\u015b\u0107 hamowania. Naciskasz i reaguje w ten sam spos\u00f3b okr\u0105\u017cenie po okr\u0105\u017ceniu. Po drugie, postrzegana solidno\u015b\u0107 jest uspokajaj\u0105ca: czujesz, \u017ce mo\u017cesz uderzy\u0107 mocno bez zastanowienia. Wreszcie, odwr\u00f3cona pozycja wyra\u017anie przyczynia si\u0119 do zanurzenia. Czujesz si\u0119 bardziej jak w prawdziwym samochodzie wy\u015bcigowym ni\u017c zabawce na pod\u0142odze. Gdy wszystko jest odpowiednio wyregulowane, zmienia to og\u00f3lne wra\u017cenie kokpitu.<\/p>\n<p>Istniej\u0105 jednak pewne ograniczenia. Instalacja i integracja wymagaj\u0105 powa\u017cnego kokpitu: na sk\u0142adanym stojaku na kierownic\u0119 lub biurku tracisz zainteresowanie pedalboardem, a nawet dodajesz niepo\u017c\u0105dane wibracje. Optymalna regulacja wymaga nieco czasu i ciekawo\u015bci, zw\u0142aszcza w celu maksymalnego wykorzystania czujnika obci\u0105\u017cenia i opcji twardo\u015bci. Wreszcie, jest to nadal znacz\u0105ca inwestycja, zw\u0142aszcza je\u015bli trzeba jednocze\u015bnie wzmocni\u0107 podwozie lub uaktualni\u0107 do kompletnego ekosystemu Fanatec.<\/p>\n<p>Je\u015bli chodzi o postrzegan\u0105 warto\u015b\u0107, jest ona nadal sp\u00f3jna: p\u0142acisz za prawdziwy krok w g\u00f3r\u0119, a nie tylko metamorfoz\u0119. R\u00f3\u017cnica w kontroli hamowania jest realna. Zyskujesz nie tylko na komforcie, ale tak\u017ce na potencjalnych osi\u0105gach. Dla symulatora, kt\u00f3ry sp\u0119dza wiele godzin na wirtualnym torze, pytanie brzmi mniej \"ile to kosztuje\" ni\u017c \"jak d\u0142ugo b\u0119d\u0119 go u\u017cywa\u0107\". W tym przypadku odpowied\u017a jest jednoznaczna.<\/p>\n<h2>Werdykt<\/h2>\n<p>Peda\u0142y Fanatec ClubSport V3 Inverted wnosz\u0105 co\u015b bardzo namacalnego do konfiguracji: powa\u017cne, stabilne i powtarzalne hamowanie, z mechanik\u0105 bardzo zbli\u017con\u0105 do prawdziwego samochodu wy\u015bcigowego. To nie tylko kosmetyczne ulepszenie, to prawdziwa d\u017awignia poprawiaj\u0105ca sp\u00f3jno\u015b\u0107 i pewno\u015b\u0107 siebie, zw\u0142aszcza je\u015bli je\u017adzisz w wymagaj\u0105cych symulatorach i chcesz dostroi\u0107 swoje punkty hamowania.<\/p>\n<p>Na rynku jest pozycjonowany jako \"dost\u0119pne\" rozwi\u0105zanie premium: powy\u017cej kompaktowych i klasycznych mechanizm\u00f3w korbowych z ogniwami obci\u0105\u017ceniowymi, poni\u017cej ultra-high-endowych hydraulicznych potwor\u00f3w. Jego pozycja jest jasna: dla kogo\u015b, kto chce definitywnego lub quasi-definitywnego mechanizmu korbowego bez przesadzania, jest to bardzo solidny wyb\u00f3r.<\/p>\n<p>Poleci\u0142bym go tym, kt\u00f3rzy maj\u0105 ju\u017c minimaln\u0105 konfiguracj\u0119 (sztywny kokpit, regularne godziny jazdy) i kt\u00f3rzy czuj\u0105, \u017ce ich obecny mechanizm korbowy ogranicza ich podczas hamowania. Je\u015bli szukasz taniego pierwszego mechanizmu korbowego do okazjonalnej zabawy, nie jest to w\u0142a\u015bciwy cel. Je\u015bli chcesz zablokowa\u0107 hamowanie, uzyska\u0107 wi\u0119ksze zanurzenie i zbudowa\u0107 konfiguracj\u0119, kt\u00f3ra wygl\u0105da dobrze i reaguje, ten produkt mo\u017ce wyra\u017anie zmieni\u0107 Twoj\u0105 konfiguracj\u0119.<\/p>","protected":false},"excerpt":{"rendered":"<p>To, co naprawd\u0119 zrobi\u0142o na mnie wra\u017cenie w tym mechanizmie korbowym, to pewno\u015b\u0107, jak\u0105 daje podczas hamowania: wszystko staje si\u0119 bardziej przewidywalne, bardziej powtarzalne i wreszcie mo\u017cna skoncentrowa\u0107 si\u0119 na je\u017adzie, a nie na pedale. Ma to sens dla simracer\u00f3w ju\u017c wyposa\u017conych w sztywny kokpit, kt\u00f3rzy cz\u0119sto je\u017cd\u017c\u0105 i czuj\u0105, \u017ce ich obecny mechanizm korbowy ich hamuje. Podsumowuj\u0105c, my\u015bl\u0119, \u017ce r\u00f3wnowaga mi\u0119dzy inwestycj\u0105, realizmem i d\u0142ugowieczno\u015bci\u0105 jest dobra.<\/p>","protected":false},"featured_media":100567,"comment_status":"open","ping_status":"closed","template":"","meta":{"_acf_changed":false,"_et_pb_use_builder":"","_et_pb_old_content":"","_et_gb_content_width":""},"product_brand":[158],"product_cat":[162],"product_tag":[149,159,160],"class_list":{"0":"post-100566","1":"product","2":"type-product","3":"status-publish","4":"has-post-thumbnail","6":"product_brand-fanatec","7":"product_cat-pedalier","8":"product_tag-pc","9":"product_tag-playstation","10":"product_tag-xbox","12":"first","13":"instock","14":"shipping-taxable","15":"product-type-external"},"acf":[],"_links":{"self":[{"href":"https:\/\/simracergear.com\/pl\/wp-json\/wp\/v2\/product\/100566","targetHints":{"allow":["GET"]}}],"collection":[{"href":"https:\/\/simracergear.com\/pl\/wp-json\/wp\/v2\/product"}],"about":[{"href":"https:\/\/simracergear.com\/pl\/wp-json\/wp\/v2\/types\/product"}],"replies":[{"embeddable":true,"href":"https:\/\/simracergear.com\/pl\/wp-json\/wp\/v2\/comments?post=100566"}],"wp:featuredmedia":[{"embeddable":true,"href":"https:\/\/simracergear.com\/pl\/wp-json\/wp\/v2\/media\/100567"}],"wp:attachment":[{"href":"https:\/\/simracergear.com\/pl\/wp-json\/wp\/v2\/media?parent=100566"}],"wp:term":[{"taxonomy":"product_brand","embeddable":true,"href":"https:\/\/simracergear.com\/pl\/wp-json\/wp\/v2\/product_brand?post=100566"},{"taxonomy":"product_cat","embeddable":true,"href":"https:\/\/simracergear.com\/pl\/wp-json\/wp\/v2\/product_cat?post=100566"},{"taxonomy":"product_tag","embeddable":true,"href":"https:\/\/simracergear.com\/pl\/wp-json\/wp\/v2\/product_tag?post=100566"}],"curies":[{"name":"wp","href":"https:\/\/api.w.org\/{rel}","templated":true}]}}