{"id":100592,"date":"2025-05-15T07:47:00","date_gmt":"2025-05-15T07:47:00","guid":{"rendered":"https:\/\/simracergear.com\/products\/fanatec-clubsport-shifter-sq-v-1-5\/"},"modified":"2025-11-28T04:45:10","modified_gmt":"2025-11-28T04:45:10","slug":"fanatec-clubsport-shifter-sq-v-1-5","status":"publish","type":"product","link":"https:\/\/simracergear.com\/pl\/products\/fanatec-clubsport-shifter-sq-v-1-5\/","title":{"rendered":"Fanatec ClubSport Shifter SQ V1.5"},"content":{"rendered":"<h2>Fanatec ClubSport Shifter SQ V 1.5: d\u017awignia, kt\u00f3ra chce poczu\u0107 si\u0119 jak prawdziwa<\/h2>\n<p>Fanatec ClubSport Shifter SQ V 1.5 to wyra\u017anie \"powa\u017cny\" shifter dla wymagaj\u0105cych kierowc\u00f3w symulator\u00f3w. Jest o klas\u0119 lepszy od ma\u0142ych, podstawowych manetek, bez popadania w szale\u0144stwo ultra-specyficznych manetek kosztuj\u0105cych ponad 500 euro. Fanatec obiecuje solidny, realistyczny produkt, zdolny zar\u00f3wno do zmiany bieg\u00f3w w trybie H-box, jak i sekwencyjnym, jednocze\u015bnie dobrze wpasowuj\u0105c si\u0119 w ju\u017c ugruntowany ekosystem.<\/p>\n<p>To, co czyni go tak atrakcyjnym, to jego podw\u00f3jna rola: mo\u017cliwo\u015b\u0107 prowadzenia nowoczesnego GT w trybie sekwencyjnym, a nast\u0119pnie prze\u0142\u0105czenia si\u0119 na stary samoch\u00f3d turystyczny w trybie H, bez zmiany wyposa\u017cenia. Wszystko to z mechanicznym wyczuciem, kt\u00f3re ma by\u0107 bli\u017csze prawdziwemu samochodowi, z dala od plastikowych klikni\u0119\u0107.<\/p>\n<p>M\u00f3j punkt widzenia jest prosty: wyczucie mechaniczne, precyzja zmian, przyjemno\u015b\u0107 z codziennego u\u017cytkowania i sp\u00f3jno\u015b\u0107 z nowoczesn\u0105 konfiguracj\u0105. Poniewa\u017c manetka mo\u017ce \u015bwietnie wygl\u0105da\u0107 na stole... i rozczarowywa\u0107 na wirtualnym torze. W tym przypadku jestem tak samo zainteresowany tym, jak si\u0119 czuje, jak praktyczny jest, a kluczowe pytanie: czy uzasadnia swoj\u0105 pozycj\u0119 \"ClubSport\" w gamie Fanatec?<\/p>\n<p>&nbsp;<\/p>\n<h2>Projektowanie i produkcja<\/h2>\n<p>Po wyj\u0119ciu ClubSport Shifter SQ V 1.5 z pude\u0142ka, g\u0142\u00f3wnym wra\u017ceniem jest g\u0119sto\u015b\u0107. Korpus wykonany jest w ca\u0142o\u015bci z metalu, a masywne podwozie emanuje sztywno\u015bci\u0105. \u017badnych mi\u0119kkich plastik\u00f3w ani pustych w \u015brodku cz\u0119\u015bci: od razu wida\u0107, \u017ce jest to produkt, kt\u00f3ry zosta\u0142 zaprojektowany tak, aby wytrzyma\u0107 lata ostrej jazdy.<\/p>\n<p>W d\u0142oni d\u017awignia jest kr\u00f3tka i mocna, a pokr\u0119t\u0142o bardziej przypomina samoch\u00f3d sportowy ni\u017c miejski. Wewn\u0119trzny mechanizm daje proste mechaniczne odczucia: zatrzaskuje si\u0119 i przesuwa po dobrze zdefiniowanym torze. Nie trzeba walczy\u0107 z paso\u017cytniczymi luzami. Szybko zdajesz sobie spraw\u0119, \u017ce celem jest stworzenie wra\u017cenia obs\u0142ugi prawdziwej mechanicznej skrzyni bieg\u00f3w, a nie tylko prze\u0142\u0105cznika przebranego za d\u017awigni\u0119 zmiany bieg\u00f3w.<\/p>\n<p>Og\u00f3lne wyko\u0144czenie jest czyste, z odpowiednimi \u015brubami i wkr\u0119tami, powa\u017cnymi regulacjami i lakierem lub anodowaniem, kt\u00f3re nie wygl\u0105da tanio. Wyra\u017anie przewy\u017csza plastikowe manetki przypominaj\u0105ce zabawki. Na aluminiowym lub stalowym kokpicie pasuje wizualnie bez fa\u0142szywej nuty.<\/p>\n<p>Zaskakuj\u0105ce jest to, jak kompaktowa jest ca\u0142o\u015b\u0107 w stosunku do jej solidno\u015bci. Jest to do\u015b\u0107 kompaktowy pakiet, ale taki, kt\u00f3ry daje pewno\u015b\u0107 siebie. Z drugiej strony, niekt\u00f3re szczeg\u00f3\u0142y mog\u0105 by\u0107 nieco rozczarowuj\u0105ce: oryginalne pokr\u0119t\u0142o jest funkcjonalne, ale nie jest szczeg\u00f3lnie wysokiej jako\u015bci, a p\u0142ytkom kratki brakuje wyrafinowania niekt\u00f3rych bardziej ekskluzywnych manetek, szczeg\u00f3lnie pod wzgl\u0119dem wyczucia metalu.<\/p>\n<p>W por\u00f3wnaniu do innych prze\u0142\u0105cznik\u00f3w w tej kategorii, jeste\u015bmy bardzo konkurencyjni, je\u015bli chodzi o og\u00f3ln\u0105 wytrzyma\u0142o\u015b\u0107, a nieco mniej, je\u015bli chodzi o aspekt \"drobnego zegarmistrzostwa\". Wa\u017cne jest to, \u017ce \u017cadna cz\u0119\u015b\u0107 nie jest krucha, a tego mo\u017cna oczekiwa\u0107 od produktu, kt\u00f3ry b\u0119dzie poddawany obr\u00f3bce podczas ka\u017cdej sesji.<\/p>\n<p>&nbsp;<\/p>\n<h2>Ustawienia, personalizacja i kompatybilno\u015b\u0107<\/h2>\n<p>ClubSport Shifter SQ V 1.5 oferuje prost\u0105, ale przydatn\u0105 regulacj\u0119 mechaniczn\u0105. Twardo\u015b\u0107 zmiany bieg\u00f3w mo\u017cna regulowa\u0107 za pomoc\u0105 \u015brub napinaj\u0105cych, co naprawd\u0119 zmienia odczucia z jazdy. Mo\u017cna przej\u015b\u0107 od do\u015b\u0107 p\u0142ynnej zmiany bieg\u00f3w do czego\u015b bardziej m\u0119skiego, wymagaj\u0105cego prawdziwego zaanga\u017cowania przy ka\u017cdym biegu. Dla tych, kt\u00f3rzy lubi\u0105 czu\u0107, \u017ce musz\u0105 \"wej\u015b\u0107\" w bieg, jest to bardzo wa\u017cne.<\/p>\n<p>Tryb H\/sekwencyjny jest zmieniany za pomoc\u0105 mechanicznej d\u017awigni z boku. Jest ona natychmiastowa, nie wymaga demonta\u017cu i zapewnia prawdziw\u0105 elastyczno\u015b\u0107 w codziennym u\u017cytkowaniu. W trybie sekwencyjnym d\u017awignia staje si\u0119 prostym przyciskiem \"+\/-\", z kr\u00f3tszym skokiem i do\u015b\u0107 wyra\u017anym mechanicznym mechanizmem zapadkowym.<\/p>\n<p>Pod wzgl\u0119dem ergonomii nie ma skomplikowanych menu: cz\u0119\u015b\u0107 \"ustawie\u0144\" odbywa si\u0119 bezpo\u015brednio na manetce. Na komputerze, za po\u015brednictwem ekosystemu Fanatec, mo\u017cna dostroi\u0107 rozpoznawanie i upewni\u0107 si\u0119, \u017ce ka\u017cdy bieg jest prawid\u0142owo wykrywany. Krzywa uczenia si\u0119 jest kr\u00f3tka: wystarczy pod\u0142\u0105czy\u0107, skalibrowa\u0107 i je\u017adzi\u0107. Dla kogo\u015b, kto nigdy nie konfigurowa\u0142 manetki, na pocz\u0105tku b\u0119dzie to wymaga\u0142o troch\u0119 pr\u00f3b i b\u0142\u0119d\u00f3w, zw\u0142aszcza aby zrozumie\u0107, jak dostosowa\u0107 sztywno\u015b\u0107 do monta\u017cu w kokpicie.<\/p>\n<p>Je\u015bli chodzi o kompatybilno\u015b\u0107, shifter zosta\u0142 zaprojektowany tak, aby najlepiej wsp\u00f3\u0142pracowa\u0107 z bazami Fanatec, pod\u0142\u0105czaj\u0105c si\u0119 do nich bezpo\u015brednio. Na komputerach PC mo\u017cna r\u00f3wnie\u017c w razie potrzeby u\u017cy\u0107 adaptera USB. W przypadku konsoli, u\u017cycie zale\u017cy w du\u017cej mierze od u\u017cywanej bazy Fanatec: w wielu przypadkach konsola \"widzi\" shifter tylko poprzez baz\u0119, wi\u0119c musisz pozosta\u0107 w ekosystemie, aby wszystko zosta\u0142o poprawnie rozpoznane.<\/p>\n<p>Je\u015bli chodzi o reszt\u0119 konfiguracji, dobrze pasuje do pedalboardu Fanatec i sztywnego kokpitu. W przypadku l\u017cejszego podwozia lub stojaka biurkowego potrzebne b\u0119dzie powa\u017cne mocowanie, poniewa\u017c moment obrotowy wywierany podczas zmiany bieg\u00f3w mo\u017ce szybko spowodowa\u0107 ruch ca\u0142o\u015bci. Je\u015bli chodzi o mo\u017cliwo\u015b\u0107 modernizacji, nie jest to produkt jednorazowego u\u017cytku: jest to shifter, kt\u00f3ry mo\u017ce pozosta\u0107 na swoim miejscu, nawet je\u015bli ulepszysz swoj\u0105 baz\u0119 do mocniejszego nap\u0119du bezpo\u015bredniego.<\/p>\n<p>&nbsp;<\/p>\n<h2>Stawk\u0105 s\u0105 doznania<\/h2>\n<p>W tym miejscu ClubSport Shifter SQ V 1.5 musi uzasadni\u0107 swoje istnienie. To, co naprawd\u0119 mnie wyr\u00f3\u017cnia\u0142o, to og\u00f3lna sp\u00f3jno\u015b\u0107 wyczucia H. Neutralny jest dobrze zdefiniowany, pasy bieg\u00f3w s\u0105 wyra\u017ane i mo\u017cna wyczu\u0107 ka\u017cde wyci\u0119cie podczas zmiany biegu. Istnieje prawdziwa mechaniczna \u015bcie\u017cka, kt\u00f3r\u0105 mo\u017cna pod\u0105\u017ca\u0107, co pozwala unikn\u0105\u0107 wra\u017cenia \"joysticka w przebraniu\".<\/p>\n<p>Podczas jazdy, szczeg\u00f3lnie w starszych jednostkach nap\u0119dowych lub GT z manualn\u0105 skrzyni\u0105 bieg\u00f3w, ca\u0142kowicie zmienia to spos\u00f3b prowadzenia. Mo\u017cesz naprawd\u0119 kontrolowa\u0107 zmiany biegu na wy\u017cszy, przewidywa\u0107 ruch pi\u0119ty i palc\u00f3w oraz wyczu\u0107, kiedy jeste\u015b na w\u0142a\u015bciwym biegu. Gdy tempo przyspiesza, d\u017awignia pod\u0105\u017ca za nim: nie ma irytuj\u0105cych b\u0142\u0119d\u00f3w wykrywania, o ile kalibracja jest dobrze wykonana, a monta\u017c jest sztywny.<\/p>\n<p>Op\u00f3r d\u017awigni w ogromnym stopniu przyczynia si\u0119 do poczucia realizmu. Podczas d\u0142ugich sesji spr\u0119\u017cyna nie mi\u0119knie, a odczucia pozostaj\u0105 sta\u0142e. Najwa\u017cniejsze jest to, \u017ce mo\u017cesz wrzuca\u0107 biegi bez obawy o sw\u00f3j sprz\u0119t. Odwa\u017cysz si\u0119 mocno zredukowa\u0107 bieg, wbi\u0107 tr\u00f3jk\u0119 wychodz\u0105c z ciasnego zakr\u0119tu, a manetka to zniesie. Dla immersji to du\u017cy plus. Naprawd\u0119 czujesz, \u017ce \"pracujesz\" nad samochodem.<\/p>\n<p>Je\u015bli chodzi o odczytywanie \"przyczepno\u015bci\", d\u017awignia zmiany bieg\u00f3w oczywi\u015bcie nie dzia\u0142a jak kierownica z nap\u0119dem bezpo\u015brednim, ale wp\u0142ywa na spos\u00f3b, w jaki odczuwasz samoch\u00f3d podczas hamowania i przyspieszania. Kiedy zarz\u0105dzasz skrzyni\u0105 bieg\u00f3w typu H, w\u0142a\u015bciwy bieg we w\u0142a\u015bciwym czasie bezpo\u015brednio wp\u0142ywa na stabilno\u015b\u0107 samochodu. W tym ClubSport precyzja siatki oznacza, \u017ce dok\u0142adnie wiesz, na kt\u00f3rym biegu jeste\u015b. Nie ma w\u0105tpliwo\u015bci, nie ma \"my\u015bl\u0119, \u017ce jestem na 4... o nie\". To daje pewno\u015b\u0107.<\/p>\n<p>W przypadku wibrator\u00f3w nie jest to element bezpo\u015brednio przekazuj\u0105cy informacje, jak kierownica czy peda\u0142y. Z drugiej strony, mechaniczna solidno\u015b\u0107 pozwala atakowa\u0107 bez skr\u0119powania. Kiedy samoch\u00f3d troch\u0119 si\u0119 zatrzymuje, kiedy w po\u015bpiechu kontrujesz i redukujesz bieg, manetka jest na miejscu. Kontrola podczas szybkich korekt jest dobra: brak blokady, brak nieprzyjemnej mechanicznej czkawki.<\/p>\n<p>W trybie sekwencyjnym zachowanie ulega zmianie. Skok jest kr\u00f3tszy, a szarpni\u0119cia ostrzejsze. Odczucie \"clack-clack\" jest ca\u0142kiem przyjemne, nawet je\u015bli nadal jest to krok w d\u00f3\u0142 od ultra-agresywnych, czysto sekwencyjnych manetek zmiany bieg\u00f3w. W rajdach lub nowoczesnych GT sprawdza si\u0119 bardzo dobrze. Mo\u017cna zmienia\u0107 biegi w g\u00f3r\u0119 i w d\u00f3\u0142 bez zastanowienia, niemal w locie.<\/p>\n<p>W por\u00f3wnaniu z prost\u0105 plastikow\u0105 manetk\u0105 klasy podstawowej, poprawa polega g\u0142\u00f3wnie na sp\u00f3jno\u015bci zmiany bieg\u00f3w i poczuciu zaanga\u017cowania. Nie czujesz ju\u017c, \u017ce dotykasz prze\u0142\u0105cznika, ale raczej powa\u017cnej cz\u0119\u015bci mechanicznej. W por\u00f3wnaniu z niekt\u00f3rymi ultra-high-endowymi manetkami, kt\u00f3re s\u0105 jeszcze twardsze i g\u0142o\u015bniejsze, ClubSport jest nieco bardziej \"cywilizowany\". Zapewnia dobr\u0105 r\u00f3wnowag\u0119 mi\u0119dzy realizmem a codziennym komfortem, zw\u0142aszcza je\u015bli sp\u0119dzasz d\u0142ugie godziny w lidze.<\/p>\n<p>&nbsp;<\/p>\n<h2>Dla kogo to jest? Co nam si\u0119 podoba \/ Co nam si\u0119 nie podoba<\/h2>\n<p>Postrzegam ClubSport Shifter SQ V 1.5 jako produkt przeznaczony dla \u015brednio zaawansowanych i zaawansowanych kierowc\u00f3w symulator\u00f3w, kt\u00f3rzy regularnie je\u017cd\u017c\u0105 i chc\u0105 mie\u0107 kompletn\u0105 konfiguracj\u0119. Dla zmotywowanego pocz\u0105tkuj\u0105cego mo\u017ce to by\u0107 bardzo dobra inwestycja \u015brednioterminowa, zw\u0142aszcza je\u015bli ju\u017c wiesz, \u017ce lubisz samochody z manualn\u0105 skrzyni\u0105 bieg\u00f3w. Na konsolach jest on skierowany przede wszystkim do tych, kt\u00f3rzy s\u0105 ju\u017c cz\u0119\u015bci\u0105 ekosystemu Fanatec. Na PC ma wi\u0119cej swobody, ale pozostaje idealnie zintegrowany z baz\u0105 marki.<\/p>\n<p>To, co szczeg\u00f3lnie mi si\u0119 w nim podoba, to jego postrzegana solidno\u015b\u0107. Odnosi si\u0119 wra\u017cenie, \u017ce jest zbudowany tak, aby wytrzyma\u0107 uderzenia, co sprawia, \u017ce chcesz naprawd\u0119 \"wej\u015b\u0107\" w biegi. Po drugie, podw\u00f3jna funkcja H + sekwencyjna zapewnia prawdziw\u0105 wszechstronno\u015b\u0107 bez potrzeby stosowania wielu urz\u0105dze\u0144 peryferyjnych. Wreszcie, og\u00f3lne wyczucie mechaniczne jest zadowalaj\u0105ce: d\u017awignia ma charakter, blokady bieg\u00f3w s\u0105 wyra\u017ane, a zmiana bieg\u00f3w sprawia przyjemno\u015b\u0107. Znowu jest to uczucie \"jedziesz, a nie tylko klikasz\".<\/p>\n<p>Nale\u017cy jednak pami\u0119ta\u0107 o kilku ograniczeniach. Pierwszym z nich jest to, \u017ce pomimo swojej jako\u015bci, nie konkuruje ona w pe\u0142ni z niekt\u00f3rymi ultra-high-endowymi manetkami pod wzgl\u0119dem ostatecznego wyko\u0144czenia lub wyczucia bardzo twardego, ultra-metalicznego pude\u0142ka wy\u015bcigowego. Jest solidna, ale nie ekstremalna. Po drugie, pokr\u0119t\u0142o i kilka estetycznych detali pozostaj\u0105 do\u015b\u0107 standardowe. To dzia\u0142a, ale fani dobrze obrobionych cz\u0119\u015bci mog\u0105 chcie\u0107 ulepszy\u0107 pokr\u0119t\u0142o lub nieco dostosowa\u0107 wygl\u0105d. Wreszcie, zale\u017cno\u015b\u0107 od ekosystemu Fanatec mo\u017ce by\u0107 hamulcem dla tych, kt\u00f3rzy chc\u0105 oderwa\u0107 si\u0119 od tej marki lub swobodniej miesza\u0107 sprz\u0119t, zw\u0142aszcza na konsolach.<\/p>\n<p>Je\u015bli chodzi o inwestycj\u0119, wyra\u017anie m\u00f3wimy o produkcie, kt\u00f3ry kosztuje, ale kt\u00f3ry dobrze broni si\u0119 pod wzgl\u0119dem postrzeganej warto\u015bci. Je\u015bli du\u017co je\u017adzisz w trybie H i sekwencyjnym, wzrost przyjemno\u015bci i realizmu szybko staje si\u0119 oczywisty. Dla kogo\u015b, kto sp\u0119dza 90 % swojego czasu na paletach, korzy\u015bci s\u0105 bardziej w\u0105tpliwe.<\/p>\n<p>&nbsp;<\/p>\n<h2>Werdykt<\/h2>\n<p>Fanatec ClubSport Shifter SQ V 1.5 wnosi do konfiguracji co\u015b bardzo namacalnego: uczucie prawdziwej \"pracy\" nad samochodem praw\u0105 (lub lew\u0105, w zale\u017cno\u015bci od konfiguracji) r\u0119k\u0105. Jest to idealne uzupe\u0142nienie bazy Direct Drive i dobrego pedalboardu, dodaj\u0105c t\u0119 mechaniczn\u0105 warstw\u0119, kt\u00f3rej brakuje, gdy je\u017adzisz tylko za pomoc\u0105 \u0142opatek.<\/p>\n<p>Na rynku jest wyra\u017anie pozycjonowany jako przyst\u0119pny model ze \u015bredniej\/wy\u017cszej p\u00f3\u0142ki. Bardziej powa\u017cny i wytrzyma\u0142y ni\u017c podstawowe manetki, mniej ekstremalny ni\u017c niekt\u00f3re hiper-specjalistyczne modele. To dobry punkt podparcia: wystarczaj\u0105co wysokiej jako\u015bci, aby zadowoli\u0107 wymagaj\u0105cego kierowc\u0119 symulatora, bez przekraczania bud\u017cetu lub ogranicze\u0144.<\/p>\n<p>Poleci\u0142bym go zwyk\u0142ym kierowcom, kt\u00f3rzy lubi\u0105 manualne skrzynie bieg\u00f3w i chc\u0105 shiftera, kt\u00f3ry mo\u017ce zrobi\u0107 wszystko poprawnie, od H do sekwencyjnej. Dla okazjonalnego gracza, kt\u00f3ry przysi\u0119ga na \u0142opatki, nie b\u0119dzie to najlepszy wyb\u00f3r inwestycyjny. Z drugiej strony dla fan\u00f3w mechanicznych wy\u015bcig\u00f3w symulacyjnych ma to sens.<\/p>\n<p>Je\u015bli szukasz solidnego, wszechstronnego shiftera z przekonuj\u0105cym wyczuciem, kt\u00f3ry jest dobrze zintegrowany z konfiguracj\u0105 Fanatec, ten produkt mo\u017ce zrobi\u0107 r\u00f3\u017cnic\u0119 w Twojej konfiguracji.<\/p>","protected":false},"excerpt":{"rendered":"<p>Ta d\u017awignia zmiany bieg\u00f3w daje prawdziwe mechaniczne odczucie i robi prawdziw\u0105 r\u00f3\u017cnic\u0119 w sposobie prowadzenia samochodu, szczeg\u00f3lnie w przypadku skrzyni bieg\u00f3w H. Jest ona skierowana przede wszystkim do zwyk\u0142ych kierowc\u00f3w symulator\u00f3w, kt\u00f3rzy s\u0105 ju\u017c wyposa\u017ceni lub gotowi, aby sta\u0107 si\u0119 cz\u0119\u015bci\u0105 ekosystemu Fanatec i kt\u00f3rzy naprawd\u0119 lubi\u0105 \"pracowa\u0107\" z samochodem, a nie je\u017adzi\u0107 na \u0142opatkach. Ca\u0142y pakiet oferuje sp\u00f3jn\u0105 warto\u015b\u0107 dla powa\u017cnej, d\u0142ugotrwa\u0142ej konfiguracji.<\/p>","protected":false},"featured_media":100593,"comment_status":"open","ping_status":"closed","template":"","meta":{"_acf_changed":false,"_et_pb_use_builder":"","_et_pb_old_content":"","_et_gb_content_width":""},"product_brand":[158],"product_cat":[152],"product_tag":[149,160],"class_list":{"0":"post-100592","1":"product","2":"type-product","3":"status-publish","4":"has-post-thumbnail","6":"product_brand-fanatec","7":"product_cat-levier-de-vitesse","8":"product_tag-pc","9":"product_tag-xbox","11":"first","12":"instock","13":"shipping-taxable","14":"product-type-external"},"acf":[],"_links":{"self":[{"href":"https:\/\/simracergear.com\/pl\/wp-json\/wp\/v2\/product\/100592","targetHints":{"allow":["GET"]}}],"collection":[{"href":"https:\/\/simracergear.com\/pl\/wp-json\/wp\/v2\/product"}],"about":[{"href":"https:\/\/simracergear.com\/pl\/wp-json\/wp\/v2\/types\/product"}],"replies":[{"embeddable":true,"href":"https:\/\/simracergear.com\/pl\/wp-json\/wp\/v2\/comments?post=100592"}],"wp:featuredmedia":[{"embeddable":true,"href":"https:\/\/simracergear.com\/pl\/wp-json\/wp\/v2\/media\/100593"}],"wp:attachment":[{"href":"https:\/\/simracergear.com\/pl\/wp-json\/wp\/v2\/media?parent=100592"}],"wp:term":[{"taxonomy":"product_brand","embeddable":true,"href":"https:\/\/simracergear.com\/pl\/wp-json\/wp\/v2\/product_brand?post=100592"},{"taxonomy":"product_cat","embeddable":true,"href":"https:\/\/simracergear.com\/pl\/wp-json\/wp\/v2\/product_cat?post=100592"},{"taxonomy":"product_tag","embeddable":true,"href":"https:\/\/simracergear.com\/pl\/wp-json\/wp\/v2\/product_tag?post=100592"}],"curies":[{"name":"wp","href":"https:\/\/api.w.org\/{rel}","templated":true}]}}