{"id":100604,"date":"2025-05-15T07:47:00","date_gmt":"2025-05-15T07:47:00","guid":{"rendered":"https:\/\/simracergear.com\/products\/fanatec-clubsport-shifter-table-clamp\/"},"modified":"2025-11-28T04:45:12","modified_gmt":"2025-11-28T04:45:12","slug":"fanatec-clubsport-shifter-table-clamp","status":"publish","type":"product","link":"https:\/\/simracergear.com\/pl\/products\/fanatec-clubsport-shifter-table-clamp\/","title":{"rendered":"Fanatec ClubSport Shifter Table Clamp"},"content":{"rendered":"<h2>Fanatec ClubSport Shifter Table Clamp: test i opinia o naprawd\u0119 solidnym zacisku?<\/h2>\n<p>W \u015bwiecie wy\u015bcig\u00f3w symulacyjnych r\u0119czne i sekwencyjne manetki zmiany bieg\u00f3w naprawd\u0119 sprawdzaj\u0105 si\u0119 tylko wtedy, gdy s\u0105 prawid\u0142owo zamontowane. Fanatec ClubSport Shifter Table Clamp zosta\u0142 zaprojektowany w\u0142a\u015bnie w tym celu: zapewnia powa\u017cne rozwi\u0105zanie monta\u017cowe dla ClubSport Shifter, bez konieczno\u015bci przechodzenia bezpo\u015brednio do kokpitu lub majsterkowania.<\/p>\n<p>Na papierze obiecuje sztywne, czyste, regulowane mocowanie do biurka lub sto\u0142u. W praktyce jest to akcesorium, kt\u00f3re cz\u0119sto jest niedoceniane... a\u017c do dnia, w kt\u00f3rym d\u017awignia porusza si\u0119, wibruje lub ci\u0105gnie w niew\u0142a\u015bciwym miejscu. Dobry zacisk nie zaoszcz\u0119dzi dziesi\u0105tych cz\u0119\u015bci sekundy, ale mo\u017ce wyra\u017anie uratowa\u0107 do\u015bwiadczenie.<\/p>\n<p>M\u00f3j punkt widzenia jest prosty: czy ten zacisk naprawd\u0119 trzyma d\u017awigni\u0119 tak, jak powinien, czy ergonomia za tym pod\u0105\u017ca i czy jest to odpowiednia inwestycja w konfiguracj\u0119 ClubSport? Skupiam si\u0119 na sztywno\u015bci, postrzeganej jako\u015bci, \u0142atwo\u015bci instalacji i mo\u017cliwo\u015bci dostosowania do r\u00f3\u017cnych biurek i pozycji jazdy.<\/p>\n<h2>Projektowanie i produkcja<\/h2>\n<p>Trzymany w d\u0142oni zacisk ClubSport Shifter Table Clamp od razu sprawia powa\u017cne wra\u017cenie. Jest to blok metalu o bardzo fanatycznym designie: kanciaste linie, czarne wyko\u0144czenie, brak ozdobnik\u00f3w. Wyra\u017anie wida\u0107, \u017ce priorytetem jest sztywno\u015b\u0107 i wytrzyma\u0142o\u015b\u0107 mechaniczna, a nie \"gamingowy\" wygl\u0105d.<\/p>\n<p>G\u0142\u00f3wne cz\u0119\u015bci s\u0105 wykonane z metalu o uspokajaj\u0105cej grubo\u015bci. G\u0119sto\u015b\u0107 jest obecna, nic nie brzmi pusto, a ramiona no\u015bne nie sprawiaj\u0105 wra\u017cenia \u0142atwego zginania. Po dokr\u0119ceniu \u015brub ca\u0142o\u015b\u0107 budzi zaufanie. Czujesz, \u017ce mo\u017cesz naprawd\u0119 nadu\u017cywa\u0107 d\u017awigni bez obawy o jej uszkodzenie.<\/p>\n<p>Pokr\u0119t\u0142a dokr\u0119cania i \u015bruby regulacyjne s\u0105 r\u00f3wnie\u017c zgodne z tematem: wystarczaj\u0105co du\u017ce, aby mo\u017cna je by\u0142o obs\u0142ugiwa\u0107 r\u0119cznie, z gwintami, kt\u00f3re nie piszcz\u0105. Nie krzyczy \"luksus\", ale jest to bardzo \"narz\u0119dzie\": funkcjonalne, przejrzyste i solidne. \u0141atwo jest zobaczy\u0107, w kt\u00f3r\u0105 stron\u0119 wszystko jest dokr\u0119cone, wi\u0119c nie ma potrzeby drapania si\u0119 po g\u0142owie.<\/p>\n<p>Zaskakuj\u0105ca jest jego og\u00f3lna kompaktowo\u015b\u0107. Jak na tak du\u017c\u0105 podstawk\u0119, zajmuje stosunkowo niewiele miejsca wok\u00f3\u0142 kraw\u0119dzi sto\u0142u. Na konwencjonalnym biurku nie zajmuje zbyt wiele miejsca. Gdy jest ju\u017c na miejscu, prawie nie trzeba o nim my\u015ble\u0107.<\/p>\n<p>Z drugiej strony, waga zacisku w po\u0142\u0105czeniu z wystaj\u0105c\u0105 cz\u0119\u015bci\u0105 mo\u017ce dawa\u0107 lekkie wra\u017cenie d\u017awigni, je\u015bli biurko jest cienkie lub nieco elastyczne. Sam zacisk jest sztywny, ale czasami mo\u017ce ujawni\u0107 s\u0142abo\u015bci mebla, do kt\u00f3rego jest przymocowany. Na solidnym blacie jest idealny; na biurku klasy podstawowej mo\u017ce troch\u0119 wibrowa\u0107.<\/p>\n<p>W por\u00f3wnaniu z og\u00f3lnymi rozwi\u0105zaniami, takimi jak uniwersalne zaciski lub wsporniki drukowane w 3D, jeste\u015bmy naprawd\u0119 o krok wy\u017cej pod wzgl\u0119dem wytrzyma\u0142o\u015bci i niezawodno\u015bci. W por\u00f3wnaniu z niestandardowymi wspornikami wykonanymi z grubej stali (takimi jak spawane wsporniki kokpitu), nadal jeste\u015bmy logicznie poni\u017cej nich, ale w\u0142a\u015bnie o to chodzi: bardzo solidny kompromis do u\u017cytku \"biurowego\".<\/p>\n<h2>Ustawienia, personalizacja i kompatybilno\u015b\u0107<\/h2>\n<p>Je\u015bli chodzi o ustawienia, ClubSport Shifter Table Clamp jest prosty i to dobrze. Mo\u017cna regulowa\u0107 wysoko\u015b\u0107 d\u017awigni zmiany bieg\u00f3w w stosunku do kraw\u0119dzi sto\u0142u, a tak\u017ce jej odleg\u0142o\u015b\u0107 od u\u017cytkownika. Dzi\u0119ki temu pozycja d\u017awigni jest bli\u017csza tej w samochodzie drogowym lub GT, w zale\u017cno\u015bci od wysoko\u015bci siedzenia.<\/p>\n<p>Przegub podstawy zapewnia wystarczaj\u0105cy zakres dla wi\u0119kszo\u015bci konfiguracji stacjonarnych. W praktyce rzadko kiedy osi\u0105ga si\u0119 limit ustawie\u0144. D\u017awigni\u0119 mo\u017cna podnie\u015b\u0107 wy\u017cej ni\u017c kierownic\u0119, ustawi\u0107 niemal na r\u00f3wni z blatem lub przesun\u0105\u0107 w bok wzgl\u0119dem osi fotela, je\u015bli zajdzie taka potrzeba. Dost\u0119pne k\u0105ty bez problemu pokrywaj\u0105 klasyczne pozycje.<\/p>\n<p>Obs\u0142uga zajmuje kilka minut, ale nie jest skomplikowana. Szybko mo\u017cna zrozumie\u0107, kt\u00f3ra \u015bruba co kontroluje. Najbardziej czasoch\u0142onn\u0105 cz\u0119\u015bci\u0105 jest cz\u0119sto regulacja, testowanie, dokr\u0119canie, a nast\u0119pnie dostrajanie pozycji, a\u017c b\u0119dzie idealnie dopasowana. Wymaga to troch\u0119 cierpliwo\u015bci, ale po ustawieniu nie trzeba ju\u017c tego rusza\u0107.<\/p>\n<p>Kompatybilno\u015b\u0107 zosta\u0142a oczywi\u015bcie zaprojektowana dla Fanatec ClubSport Shifter (w szczeg\u00f3lno\u015bci SQ). Punkty mocowania odpowiadaj\u0105 bezpo\u015brednio, bez adaptacji. Jeste\u015bmy w zamkni\u0119tym, sp\u00f3jnym ekosystemie: podstawa Fanatec, manetka Fanatec, zacisk Fanatec. Dla kogo\u015b, kto jest ju\u017c wyposa\u017cony w Fanatec, jest to wygodne.<\/p>\n<p>W przypadku platform zacisk nie zale\u017cy od komputera lub konsoli, ale od mebla. Wystarczy kraw\u0119d\u017a sto\u0142u o odpowiedniej grubo\u015bci. Dop\u00f3ki biurko nie jest ani zbyt grube, ani zbyt kruche, zacisk b\u0119dzie si\u0119 trzyma\u0142. Na niekt\u00f3rych sto\u0142ach z zaokr\u0105glonymi lub bardzo pochy\u0142ymi kraw\u0119dziami zacisk mo\u017ce by\u0107 nieco mniej optymalny, ale na klasycznym prostym biurku dzia\u0142a bardzo dobrze.<\/p>\n<p>Je\u015bli chodzi o skalowalno\u015b\u0107, nie jest to \"podstawowy\" produkt, kt\u00f3ry nale\u017cy wymieni\u0107 po kilku miesi\u0105cach. Je\u015bli trzymasz si\u0119 instalacji stacjonarnej, ten zacisk b\u0119dzie doskonale spe\u0142nia\u0142 swoje zadanie przez d\u0142ugi czas. Jedynym prawdziwym scenariuszem, w kt\u00f3rym staje si\u0119 on przestarza\u0142y, jest przej\u015bcie na kokpit rurowy lub aluminiowy, w kt\u00f3rym zdecydujesz si\u0119 na dedykowany wspornik.<\/p>\n<h2>Wra\u017cenia w grze: sztywno\u015b\u0107 i stabilno\u015b\u0107 w rzeczywistych warunkach<\/h2>\n<p>Zacisk ten nie generuje bezpo\u015brednio wra\u017ce\u0144 w grze, takich jak chainstay czy pedalboard, ale je przekazuje. Kluczowe pytanie brzmi: czy d\u017awignia pozostaje idealnie stabilna pod wp\u0142ywem dzia\u0142aj\u0105cych na ni\u0105 si\u0142, zw\u0142aszcza w trybie H z wyra\u017an\u0105 blokad\u0105 i sekwencyjnym z szarpni\u0119ciami?<\/p>\n<p>Na twardym biurku odpowied\u017a jest bardzo jasna: tak, prowadzenie jest doskona\u0142e. Po w\u0142\u0105czeniu biegu H i przy\u0142o\u017ceniu niewielkiej si\u0142y, d\u017awignia zmiany bieg\u00f3w porusza si\u0119 bardzo nieznacznie, je\u015bli w og\u00f3le. Czu\u0107 wewn\u0119trzny ruch mechaniczny d\u017awigni, a nie zginanie wspornika. To zmienia wszystko. Mo\u017cna swobodnie zmienia\u0107 biegi, bez \u017cadnych ogranicze\u0144.<\/p>\n<p>W szybkich sekwencjach, takich jak wirtualny heel-toe z agresywnymi zmianami, wyczucie pozostaje czyste. Nie ma lekkiego chybotania, kt\u00f3re cz\u0119sto wyst\u0119puje w przypadku generycznych zacisk\u00f3w lub improwizowanych konfiguracji. Powr\u00f3t do pozycji neutralnej jest wyra\u017any, a blokady s\u0105 precyzyjne. Skupiamy si\u0119 na samochodzie, a nie na meblach.<\/p>\n<p>W trybie sekwencyjnym dobrym testem s\u0105 uj\u0119cia do przodu lub do ty\u0142u. R\u00f3wnie\u017c w tym przypadku zacisk radzi sobie bardzo dobrze. Przy mocnym wbijaniu bieg\u00f3w nie ma si\u0119 wra\u017cenia, \u017ce wspomaganie \"pompuje\". Reakcja jest natychmiastowa. R\u0119ka wysy\u0142a polecenie, d\u017awignia pod\u0105\u017ca za nim, a wspornik pozostaje jak nieruchoma podstawa.<\/p>\n<p>To, co naprawd\u0119 poczu\u0142em, to konsekwencja podczas d\u0142ugich sesji. Kiedy zaczynasz rozlu\u017ania\u0107 mi\u0119\u015bnie, czasami stajesz si\u0119 bardziej brutalny na d\u017awigni, szczeg\u00f3lnie w \u015brodku ruchu lub podczas serii manewr\u00f3w wyprzedzania. Zacisk wytrzymuje wstrz\u0105sy i zachowuje t\u0119 sam\u0105 sztywno\u015b\u0107, nie luzuj\u0105c si\u0119 przez wiele godzin, je\u015bli wszystko zosta\u0142o prawid\u0142owo dokr\u0119cone od samego pocz\u0105tku.<\/p>\n<p>Na wibruj\u0105cych i wyboistych odcinkach wp\u0142yw zacisku jest odczuwalny w wizualnej i dotykowej stabilno\u015bci zespo\u0142u. D\u017awignia nie wygina si\u0119 do przodu, gdy st\u00f3\u0142 wibruje. To biurko przenosi wstrz\u0105sy, a nie podpora, kt\u00f3ra dodaje luzu. Og\u00f3lne wra\u017cenie jest bardziej \"masywne\", bli\u017csze prawdziwemu blokowi mechanicznemu samochodu.<\/p>\n<p>W por\u00f3wnaniu z mniej powa\u017cn\u0105 konfiguracj\u0105, g\u0142\u00f3wnym zyskiem jest pewno\u015b\u0107 siebie. Odwa\u017cysz si\u0119 bardziej wymusi\u0107 zmian\u0119 bieg\u00f3w, odwa\u017cysz si\u0119 po\u0142o\u017cy\u0107 r\u0119k\u0119 na d\u017awigni bez obawy, \u017ce wszystko zepsujesz. Nie zyskujesz na mocy, ale zyskujesz na czysto\u015bci gest\u00f3w. W por\u00f3wnaniu ze spawanym wspornikiem na stalowym lub aluminiowym kokpicie, nadal jeste\u015bmy nieco w tyle w kategoriach bezwzgl\u0119dnych, ale w \u015bwiecie \"biurowym\" jeste\u015bmy wyra\u017anie na szczycie zakresu.<\/p>\n<p>Z czasem komfort pozostaje na dobrym poziomie. Pocz\u0105tkowa regulacja wysoko\u015bci i odrzutu robi r\u00f3\u017cnic\u0119: je\u015bli umie\u015bcisz manetk\u0119 dok\u0142adnie tam, gdzie naturalnie opada rami\u0119, zm\u0119czenie jest mniejsze, a b\u0142\u0119dy zmiany bieg\u00f3w staj\u0105 si\u0119 rzadsze. Sztywno\u015b\u0107 zacisku oznacza, \u017ce ta dok\u0142adna regulacja mo\u017ce by\u0107 utrzymywana bez dryftu.<\/p>\n<h2>Dla kogo jest przeznaczony? Mocne strony i ograniczenia<\/h2>\n<p>ClubSport Shifter Table Clamp jest skierowany przede wszystkim do dw\u00f3ch typ\u00f3w kierowc\u00f3w: symulator\u00f3w wyposa\u017conych w manetk\u0119 Fanatec, ale je\u017cd\u017c\u0105cych na pulpicie, oraz kierowc\u00f3w, kt\u00f3rzy chc\u0105 mie\u0107 czyst\u0105 konfiguracj\u0119 bez konieczno\u015bci budowania kompletnego kokpitu. Je\u015bli jeste\u015b na poziomie \u015brednio zaawansowanym lub zaawansowanym, je\u015bli lubisz je\u017adzi\u0107 w uk\u0142adzie H na zabytkowych GT, samochodach drogowych, rajdowych lub zabytkowych prototypach, ten rodzaj stojaka wyra\u017anie zmienia komfort u\u017cytkowania.<\/p>\n<p>Jedn\u0105 z najwi\u0119kszych zalet jest og\u00f3lna sztywno\u015b\u0107 w stosunku do kompaktowo\u015bci. Zacisk bardzo pewnie trzyma d\u017awigni\u0119, pozostaj\u0105c jednocze\u015bnie stosunkowo dyskretnym wok\u00f3\u0142 kraw\u0119dzi sto\u0142u. Kolejnym wa\u017cnym punktem jest doskona\u0142a integracja z ClubSport Shifter i ekosystemem Fanatec, bez potrzeby majsterkowania lub dodatkowych p\u0142ytek. Wreszcie, elastyczno\u015b\u0107 regulacji wysoko\u015bci i odchylenia oznacza, \u017ce mo\u017cesz naprawd\u0119 dostosowa\u0107 pozycj\u0119 do swojego siedzenia i kszta\u0142tu cia\u0142a, co jest niezb\u0119dne w przypadku d\u017awigni H.<\/p>\n<p>Z drugiej strony, nale\u017cy pami\u0119ta\u0107 o kilku ograniczeniach. Pierwszym z nich jest ca\u0142kowita zale\u017cno\u015b\u0107 od jako\u015bci biurka. Je\u015bli blat jest cienki, nieco chybotliwy lub zamontowany na lekkich nogach, s\u0142abo\u015bci mebla b\u0119d\u0105 odczuwalne przed s\u0142abo\u015bciami zacisku. Druga kwestia: jest to nadal produkt zastrze\u017cony, zaprojektowany z my\u015bl\u0105 o prze\u0142\u0105czniku Fanatec. W przypadku innych d\u017awigni nie jest to idealne rozwi\u0105zanie. Wreszcie, jest to dodatkowa inwestycja w i tak ju\u017c kosztown\u0105 konfiguracj\u0119: przerzutka + chainstay + kierownica + korba + zacisk, rachunek szybko ro\u015bnie.<\/p>\n<p>Pod wzgl\u0119dem postrzeganej warto\u015bci ma to sens, je\u015bli sp\u0119dzasz du\u017co czasu u\u017cywaj\u0105c d\u017awigni. Je\u015bli shifter jest sercem twojego do\u015bwiadczenia w wy\u015bcigach symulacyjnych, warto zabezpieczy\u0107 jego mocowanie. Z drugiej strony, je\u015bli ca\u0142y czas je\u017adzisz na 90 paletach %, zakup staje si\u0119 bardziej w\u0105tpliwy i mniej priorytetowy ni\u017c inne ulepszenia.<\/p>\n<h2>Werdykt<\/h2>\n<p>Fanatec ClubSport Shifter Table Clamp nie przekszta\u0142ca konfiguracji, ale j\u0105 strukturyzuje. Przekszta\u0142ca d\u017awigni\u0119 umieszczon\u0105 na biurku w zintegrowany, stabilny i wiarygodny element. Na rynku, na kt\u00f3rym wiele os\u00f3b improwizuje z og\u00f3lnymi wspornikami, ten zacisk jest wyra\u017anie rozwi\u0105zaniem klasy \u015bredniej premium: powa\u017cnym, dedykowanym, dobrze przemy\u015blanym, bez przesadzania.<\/p>\n<p>Postrzegam go przede wszystkim jako kluczowe ogniwo dla tych, kt\u00f3rzy chc\u0105 pozosta\u0107 na pulpicie, a jednocze\u015bnie mie\u0107 naprawd\u0119 solidny wz\u00f3r H lub sekwencyjne do\u015bwiadczenie. Dla u\u017cytkownika ju\u017c zamkni\u0119tego w ekosystemie Fanatec, logicznie pasuje do konfiguracji. Dla kogo\u015b, kto d\u0105\u017cy w kr\u00f3tkim okresie do kokpitu o profilu aluminiowym, jest on mniej istotny i mo\u017ce sta\u0107 si\u0119 zb\u0119dnym zakupem po\u015brednim.<\/p>\n<p>Je\u015bli grasz na biurku, tw\u00f3j shifter Fanatec porusza si\u0119 troch\u0119 za bardzo i chcesz mie\u0107 czyste, sztywne i trwa\u0142e wi\u0105zanie, ten zacisk ma wiele sensu. Je\u015bli chcesz ustabilizowa\u0107 sw\u00f3j ClubSport Shifter na biurku, nie decyduj\u0105c si\u0119 na pe\u0142ny kokpit, ten produkt mo\u017ce wyra\u017anie zmieni\u0107 twoj\u0105 konfiguracj\u0119.<\/p>","protected":false},"excerpt":{"rendered":"<p>Ten zacisk daje wra\u017cenie d\u017awigni, kt\u00f3ra jest w ko\u0144cu \"osadzona\" i niezawodna, dzi\u0119ki czemu korzystanie z shiftera na biurku jest znacznie bardziej naturalne i pewne. Jest skierowany przede wszystkim do symulator\u00f3w na stacjonarnych zestawach typu biurkowego, ju\u017c wyposa\u017conych w Fanatec, kt\u00f3rzy cz\u0119sto u\u017cywaj\u0105 wzoru H lub sekwencyjnego. Inwestycja jest nadal op\u0142acalna, je\u015bli shifter jest w centrum twojego do\u015bwiadczenia.<\/p>","protected":false},"featured_media":100605,"comment_status":"open","ping_status":"closed","template":"","meta":{"_acf_changed":false,"_et_pb_use_builder":"","_et_pb_old_content":"","_et_gb_content_width":""},"product_brand":[158],"product_cat":[153],"product_tag":[149,159,160],"class_list":{"0":"post-100604","1":"product","2":"type-product","3":"status-publish","4":"has-post-thumbnail","6":"product_brand-fanatec","7":"product_cat-accessoires","8":"product_tag-pc","9":"product_tag-playstation","10":"product_tag-xbox","12":"first","13":"instock","14":"shipping-taxable","15":"product-type-external"},"acf":[],"_links":{"self":[{"href":"https:\/\/simracergear.com\/pl\/wp-json\/wp\/v2\/product\/100604","targetHints":{"allow":["GET"]}}],"collection":[{"href":"https:\/\/simracergear.com\/pl\/wp-json\/wp\/v2\/product"}],"about":[{"href":"https:\/\/simracergear.com\/pl\/wp-json\/wp\/v2\/types\/product"}],"replies":[{"embeddable":true,"href":"https:\/\/simracergear.com\/pl\/wp-json\/wp\/v2\/comments?post=100604"}],"wp:featuredmedia":[{"embeddable":true,"href":"https:\/\/simracergear.com\/pl\/wp-json\/wp\/v2\/media\/100605"}],"wp:attachment":[{"href":"https:\/\/simracergear.com\/pl\/wp-json\/wp\/v2\/media?parent=100604"}],"wp:term":[{"taxonomy":"product_brand","embeddable":true,"href":"https:\/\/simracergear.com\/pl\/wp-json\/wp\/v2\/product_brand?post=100604"},{"taxonomy":"product_cat","embeddable":true,"href":"https:\/\/simracergear.com\/pl\/wp-json\/wp\/v2\/product_cat?post=100604"},{"taxonomy":"product_tag","embeddable":true,"href":"https:\/\/simracergear.com\/pl\/wp-json\/wp\/v2\/product_tag?post=100604"}],"curies":[{"name":"wp","href":"https:\/\/api.w.org\/{rel}","templated":true}]}}