{"id":100610,"date":"2025-05-15T07:47:00","date_gmt":"2025-05-15T07:47:00","guid":{"rendered":"https:\/\/simracergear.com\/products\/fanatec-clubsport-steering-wheel-320-for-xbox\/"},"modified":"2025-11-28T04:45:15","modified_gmt":"2025-11-28T04:45:15","slug":"fanatec-clubsport-steering-wheel-320-for-xbox","status":"publish","type":"product","link":"https:\/\/simracergear.com\/pl\/products\/fanatec-clubsport-steering-wheel-320-for-xbox\/","title":{"rendered":"Kierownica Fanatec ClubSport 320 Xbox"},"content":{"rendered":"<h2>Kierownica Fanatec ClubSport 320 do konsoli Xbox - test i pe\u0142na recenzja<\/h2>\n<p>Kierownica ClubSport 320 do konsoli Xbox jest wyra\u017anie pozycjonowana jako \"wszechstronny produkt z najwy\u017cszej p\u00f3\u0142ki\" w ekosystemie Fanatec. Nie jest to du\u017ca, naszpikowana przyciskami kierownica GT, ani te\u017c ma\u0142a, formalna kierownica. To okr\u0105g\u0142a kierownica o \u015brednicy 320 mm, zaprojektowana z my\u015bl\u0105 o jak najwi\u0119kszej liczbie dyscyplin, z kompatybilno\u015bci\u0105 z konsol\u0105 Xbox jako bonusem dzi\u0119ki zintegrowanemu modu\u0142owi sterowania.<\/p>\n<p>Na papierze obiecuje trzy rzeczy: doskona\u0142\u0105 jako\u015b\u0107 wykonania, naturaln\u0105 przyczepno\u015b\u0107 zar\u00f3wno do czystej jazdy, jak i lekkiego driftu oraz p\u0142ynn\u0105 integracj\u0119 z bazami ClubSport \/ CSL \/ DD marki. Nie chce by\u0107 najbardziej spektakularny, ale najbardziej \"oczywisty\" w codziennym u\u017cytkowaniu.<\/p>\n<p>M\u00f3j punkt widzenia jest prosty: czucie w d\u0142oni, ergonomia w pe\u0142nym trybie wy\u015bcigowym i sp\u00f3jno\u015b\u0107 z cen\u0105. Czy naprawd\u0119 zyskujemy na kontroli, komforcie i precyzji? A przede wszystkim: czy jest to warte swojej ceny w por\u00f3wnaniu z kierownic\u0105 P1 V2 lub bardziej zorientowan\u0105 na GT kierownic\u0105 w ofercie?<\/p>\n<p>Od pierwszych sesji wyr\u00f3\u017cnia si\u0119 kierownica, kt\u00f3ra nie pr\u00f3buje si\u0119 popisywa\u0107, ale raczej znika, aby\u015b m\u00f3g\u0142 skoncentrowa\u0107 si\u0119 na je\u017adzie. Szybko zdajesz sobie spraw\u0119, czy to dobrze... czy te\u017c spodziewa\u0142e\u015b si\u0119 wi\u0119cej charakteru.<\/p>\n<p>&nbsp;<\/p>\n<h2>Projektowanie i produkcja<\/h2>\n<p>Trzymana w d\u0142oni kierownica ClubSport 320 od razu sprawia powa\u017cne wra\u017cenie. Sama obr\u0119cz wykonana jest z aluminium o dobrze wywa\u017conej grubo\u015bci: mo\u017cna poczu\u0107 pewn\u0105 g\u0119sto\u015b\u0107 bez wra\u017cenia, \u017ce jest to ceg\u0142a. \u015arednica 320 mm zapewnia bardzo motoryzacyjne wra\u017cenia, bli\u017csze prawdziwemu sportowemu samochodowi drogowemu lub GT ni\u017c kierownicy jednomiejscowej.<\/p>\n<p>Uchwyty s\u0105 wykonane z g\u0142adkiej sk\u00f3ry lub Alcantary, w zale\u017cno\u015bci od wybranej wersji. Wersja Alcantara jest przyjemna w dotyku, do\u015b\u0107 mi\u0119kka i zapewnia dobr\u0105 przyczepno\u015b\u0107 po za\u0142o\u017ceniu r\u0119kawic. Bez r\u0119kawiczek szybko poczujesz, \u017ce przy intensywnej je\u017adzie mo\u017ce doj\u015b\u0107 do zu\u017cycia, ale to klasyczny odpowiednik tego materia\u0142u. Z drugiej strony sk\u00f3ra jest trwalsza i \u0142atwiejsza w czyszczeniu, a w dotyku jest mniej premium, ale bardziej uspokajaj\u0105ca w d\u0142u\u017cszej perspektywie.<\/p>\n<p>P\u0142yta centralna, przyciski i ca\u0142a konstrukcja wykazuj\u0105 bardzo niewielki luz. Nic nie skrzypi, nic si\u0119 nie rusza. Aluminiowe \u0142opatki magnetyczne (je\u015bli s\u0105 zamontowane za pomoc\u0105 modu\u0142u ClubSport) dodaj\u0105 poczucie precyzyjnej, solidnej mechaniki. Ka\u017cde poci\u0105gni\u0119cie \u0142opatki ma czyste, wyra\u017ane klikni\u0119cie, kt\u00f3re wzbudza zaufanie. Czujesz si\u0119 tak, jakby\u015b m\u00f3g\u0142 przechodzi\u0107 od zakr\u0119tu do zakr\u0119tu i od zmiany biegu do zmiany biegu bez zastanowienia.<\/p>\n<p>Zaskakuj\u0105ca jest og\u00f3lna sztywno\u015b\u0107: kierownica nie ugina si\u0119, nawet z baz\u0105 Direct Drive o wy\u017cszym momencie obrotowym. Nie ma wra\u017cenia \"skr\u0119cania\", kt\u00f3re czasami mo\u017cna uzyska\u0107 w przypadku l\u017cejszych lub wzmocnionych plastikowych obr\u0119czy.<\/p>\n<p>Nieco rozczarowuj\u0105cy jest stonowany design. \u017badnych karbonowych wstawek, \u017cadnych wizualnych ozdobnik\u00f3w, stosunkowo proste przyciski. W por\u00f3wnaniu z niekt\u00f3rymi bardziej spektakularnymi kierownicami Fanatec, wygl\u0105da niemal rozs\u0105dnie. W por\u00f3wnaniu z bardziej przyst\u0119pn\u0105 cenowo kierownic\u0105 CSL, mo\u017cna wyra\u017anie odczu\u0107 skok w jako\u015bci materia\u0142\u00f3w i wyko\u0144czenia, ale w por\u00f3wnaniu z gam\u0105 Podium, wra\u017cenie czystego luksusu jest nadal o stopie\u0144 ni\u017csze.<\/p>\n<p>&nbsp;<\/p>\n<h2>Ustawienia, personalizacja i kompatybilno\u015b\u0107<\/h2>\n<p>Kierownica ClubSport 320 integruje si\u0119 z ekosystemem Fanatec jak ka\u017cda inna nowoczesna obr\u0119cz tej marki. Modu\u0142 sterowania Xbox jest zintegrowany, umo\u017cliwiaj\u0105c automatyczne rozpoznawanie w kompatybilnych bazach i natywn\u0105 obs\u0142ug\u0119 na konsolach. Wystarczy pod\u0142\u0105czy\u0107 j\u0105 do bazy Fanatec, w\u0142\u0105czy\u0107 i mo\u017cna porusza\u0107 si\u0119 po menu konsoli bezpo\u015brednio za pomoc\u0105 kierownicy.<\/p>\n<p>Je\u015bli chodzi o ustawienia, wszystko odbywa si\u0119 za po\u015brednictwem bazy i oprogramowania Fanatec: og\u00f3lna si\u0142a, filtrowanie, interpolacja, liniowo\u015b\u0107. Sama kierownica nie dodaje z\u0142o\u017conej warstwy oprogramowania. To dobra rzecz, poniewa\u017c pozwala unikn\u0105\u0107 zagubienia si\u0119 w zb\u0119dnych menu. Przyciski i mini-stick mo\u017cna \u0142atwo zmapowa\u0107 do gier, zar\u00f3wno na PC, jak i Xbox.<\/p>\n<p>Prawdziwe zainteresowanie le\u017cy w fizycznej personalizacji: mo\u017cliwo\u015bci zmiany \u0142opatek, dodania zaawansowanego modu\u0142u \u0142opatek, a nawet modyfikacji przycisk\u00f3w lub nak\u0142adek w celu dostosowania czytelno\u015bci. Okr\u0105g\u0142y format 320 mm bardzo dobrze nadaje si\u0119 do kilku styl\u00f3w jazdy: GT, touring, rajd, lekki drift. Jest to \"uniwersalna\" kierownica, kt\u00f3ra mo\u017ce by\u0107 u\u017cywana na wiele r\u00f3\u017cnych sposob\u00f3w.<\/p>\n<p>Krzywa uczenia si\u0119 jest bardzo \u0142agodna. Je\u015bli korzystasz z prostszej kierownicy Fanatec (takiej jak P1 lub CSL), nie b\u0119dziesz zagubiony. Znana ergonomia, \u017cadnych sztuczek. Sp\u0119dzasz wi\u0119cej czasu na dostosowywaniu podstawowych ustawie\u0144 FFB ni\u017c na zrozumieniu samej kierownicy.<\/p>\n<p>Pod wzgl\u0119dem kompatybilno\u015bci, PC i Xbox s\u0105 obj\u0119te, a w zale\u017cno\u015bci od zastosowanego chainstayu, mo\u017cna r\u00f3wnie\u017c je\u017adzi\u0107 na innych platformach za po\u015brednictwem chainstayu. Otaczaj\u0105cy ekosystem Fanatec - peda\u0142y CSL\/ClubSport, manetki, hamulec r\u0119czny, kokpity innych firm - pasuje p\u0142ynnie. Odnosi si\u0119 wra\u017cenie, \u017ce ta kierownica jest bardziej trwa\u0142\u0105 cegie\u0142k\u0105 w konfiguracji ni\u017c tylko przelotnym dodatkiem: mo\u017ce towarzyszy\u0107 ekskluzywnej bazie, od CSL po bardziej dynamiczn\u0105 baz\u0119, nie staj\u0105c si\u0119 przestarza\u0142\u0105.<\/p>\n<p>&nbsp;<\/p>\n<h2>Stawk\u0105 s\u0105 doznania<\/h2>\n<p>Na torze \u015brednica 320 mm natychmiast zmienia rytm wykonywanych ruch\u00f3w. W por\u00f3wnaniu z mniejsz\u0105 kierownic\u0105 F1 lub kompaktow\u0105 kierownic\u0105 typu GT, ruchy s\u0105 nieco pe\u0142niejsze i bardziej progresywne. Korekty s\u0105 p\u0142ynniejsze, szczeg\u00f3lnie podczas lekkiego po\u015blizgu lub wchodzenia w zakr\u0119ty podczas hamowania. Rami\u0119 porusza si\u0119 nieco bardziej, ale z wi\u0119ksz\u0105 kontrol\u0105. Jest to bardzo po\u017c\u0105dane w wy\u015bcigach wytrzyma\u0142o\u015bciowych lub w dyscyplinach, w kt\u00f3rych samoch\u00f3d du\u017co si\u0119 porusza.<\/p>\n<p>Precyzja si\u0142owego sprz\u0119\u017cenia zwrotnego zale\u017cy oczywi\u015bcie od podpory \u0142a\u0144cucha, ale obr\u0119cz odgrywa rol\u0119 w sposobie odczuwania szczeg\u00f3\u0142\u00f3w. Sztywno\u015b\u0107 kierownicy pomaga przekazywa\u0107 FFB bez paso\u017cytniczego t\u0142umienia. Mo\u017cna wyczu\u0107 niewielkie przeniesienia obci\u0105\u017cenia, mikro-utraty przyczepno\u015bci z przodu, zmiany przyczepno\u015bci na wibruj\u0105cych nawierzchniach lub na zmieniaj\u0105cych si\u0119 nawierzchniach. Natychmiast rozumiesz, co robi samoch\u00f3d.<\/p>\n<p>W szybkich zakr\u0119tach stabilno\u015b\u0107 jest bardzo uspokajaj\u0105ca. Wi\u0119ksza \u015brednica oznacza, \u017ce mo\u017cesz opu\u015bci\u0107 r\u0119ce na 9,15 lub 10,10 i pozwoli\u0107 samochodowi wykona\u0107 swoj\u0105 prac\u0119. Niewielkie korekty k\u0105ta s\u0105 \u0142atwe i nie ma mowy o \"przesadzeniu\". Tam, gdzie mniejsza kierownica mo\u017ce zach\u0119ca\u0107 do bardziej nerwowych ruch\u00f3w, 320 zach\u0119ca do czystszej, p\u0142ynniejszej jazdy.<\/p>\n<p>Na wibratorze kierownica zapewnia wyra\u017ane sprz\u0119\u017cenie zwrotne, nie staj\u0105c si\u0119 przy tym brutaln\u0105. Metal i g\u0119sto\u015b\u0107 obr\u0119czy zapewniaj\u0105 do\u015b\u0107 suche, ale nie agresywne sprz\u0119\u017cenie zwrotne. Na bazie o wysokim momencie obrotowym mo\u017cna poczu\u0107, \u017ce kierownica wytrzymuje obci\u0105\u017cenie bez wzdrygania si\u0119, wi\u0119c nie ma si\u0119 wra\u017cenia, \u017ce wy\u015blizgnie si\u0119 z r\u0105k podczas du\u017cych skok\u00f3w na niekt\u00f3rych torach.<\/p>\n<p>Mocn\u0105 stron\u0105 s\u0105 szybkie korekty. Wychodz\u0105c z zakr\u0119tu lub w deszczu, gdy ty\u0142 zaczyna jecha\u0107, okr\u0105g\u0142y kszta\u0142t i \u015brednica u\u0142atwiaj\u0105 kontrowanie. Mo\u017cesz pozwoli\u0107 kierownicy lekko \u015blizga\u0107 si\u0119 w d\u0142oniach, a nast\u0119pnie z\u0142apa\u0107 j\u0105, bez nietypowego blokowania. Dla graczy, kt\u00f3rzy lubi\u0105 troch\u0119 zabawy RWD, jest to bardzo przyjemne.<\/p>\n<p>Podczas d\u0142ugich sesji zm\u0119czenie b\u0119dzie zale\u017ce\u0107 od wybranej powierzchni. W Alcantarze, w r\u0119kawiczkach, dopasowanie jest doskona\u0142e i mo\u017cna je\u017adzi\u0107 przez d\u0142ugi czas bez nadmiernego napi\u0119cia w d\u0142oniach. Nieco wi\u0119ksza \u015brednica dobrze rozk\u0142ada wysi\u0142ek na ramiona i barki. W przypadku sk\u00f3ry, lekki po\u015blizg pod go\u0142\u0105 d\u0142oni\u0105 mo\u017ce czasami wymaga\u0107 nieco wi\u0119kszego nacisku, aby utrzyma\u0107 t\u0119 sam\u0105 precyzj\u0119, ale \u0142atwiej z tym \u017cy\u0107, je\u015bli je\u017adzisz sesj\u0119 po sesji bez r\u0119kawiczek.<\/p>\n<p>W por\u00f3wnaniu z l\u017cejsz\u0105, bardziej podstawow\u0105 kierownic\u0105, g\u0142\u00f3wn\u0105 r\u00f3\u017cnic\u0105 jest sp\u00f3jno\u015b\u0107: FFB jest czystsza i lepiej skonstruowana. Mniej rozproszonych wibracji, wi\u0119cej solidnego bloku mi\u0119dzy tob\u0105 a podstaw\u0105. W por\u00f3wnaniu z nawet bardziej high-endowymi kierownicami, nie ma tego wra\u017cenia \"klejnotu\" z egzotycznymi materia\u0142ami, ale pod wzgl\u0119dem czystego wyczucia jazdy, 320 doskonale sobie radzi.<\/p>\n<p>Mo\u017cna odnie\u015b\u0107 wra\u017cenie, \u017ce ta kierownica zosta\u0142a zaprojektowana tak, aby znikn\u0105\u0107 za fizyk\u0105 gry. Nie krzyczy \"sp\u00f3jrz na mnie\", po prostu m\u00f3wi ci, co robi samoch\u00f3d, okr\u0105\u017cenie po okr\u0105\u017ceniu. W tym miejscu baza naprawd\u0119 zmienia wra\u017cenia: otrzymujesz pe\u0142n\u0105 korzy\u015b\u0107 z tego, co potrafi twoja baza, bez felgi b\u0119d\u0105cej s\u0142abym punktem.<\/p>\n<p>&nbsp;<\/p>\n<h2>Dla kogo to jest? Co nam si\u0119 podoba \/ Co nam si\u0119 nie podoba<\/h2>\n<p>Kierownica ClubSport Steering Wheel 320 do konsoli Xbox jest przeznaczona przede wszystkim dla \u015brednio zaawansowanych i zaawansowanych symulator\u00f3w wy\u015bcig\u00f3w samochodowych, kt\u00f3rzy chc\u0105, aby jedna kierownica spe\u0142nia\u0142a wszystkie wymagania, bez konieczno\u015bci korzystania z kierownic klasy podstawowej. Je\u015bli lubisz GT, wy\u015bcigi turystyczne, rajdy i troch\u0119 driftu, jej okr\u0105g\u0142y format 320 mm ma wiele sensu. Na Xbox szybko staje si\u0119 idealn\u0105 \"g\u0142\u00f3wn\u0105 kierownic\u0105\" dla tych, kt\u00f3rzy chc\u0105 czystej, sp\u00f3jnej konfiguracji.<\/p>\n<p>Dla wysoce zmotywowanych pocz\u0105tkuj\u0105cych jest to dobra inwestycja pocz\u0105tkowa, poniewa\u017c nie b\u0119dzie ograniczona w miar\u0119 post\u0119p\u00f3w. Jako\u015b\u0107 wykonania, sztywno\u015b\u0107, kompatybilno\u015b\u0107 z Xbox\/PC i integracja z ekosystemem Fanatec sprawiaj\u0105, \u017ce jest to produkt, kt\u00f3ry zwr\u00f3ci si\u0119 w d\u0142u\u017cszej perspektywie. Mo\u017cna odnie\u015b\u0107 wra\u017cenie, \u017ce zosta\u0142 on zaprojektowany tak, aby by\u0107 trwa\u0142\u0105 cz\u0119\u015bci\u0105 konfiguracji, a nie gad\u017cetem, kt\u00f3ry nale\u017cy wymieni\u0107 po kilku miesi\u0105cach.<\/p>\n<p>To, co szczeg\u00f3lnie mi si\u0119 podoba, to og\u00f3lnie solidne wyczucie: brak elastyczno\u015bci, brak luz\u00f3w, prawdziwa mechaniczna pewno\u015b\u0107. Do tego dochodzi bardzo uniwersalna \u015brednica i okr\u0105g\u0142y kszta\u0142t, dzi\u0119ki czemu kierownica sprawdzi si\u0119 w praktycznie wszystkich grach. Wreszcie, wbudowana kompatybilno\u015b\u0107 z Xbox oznacza, \u017ce nie musisz \u017conglowa\u0107 kilkoma obr\u0119czami tylko po to, by zmieni\u0107 platform\u0119. Wystarczy pod\u0142\u0105czy\u0107 i gra\u0107.<\/p>\n<p>Ale s\u0105 te\u017c pewne ograniczenia. Projekt jest do\u015b\u0107 stonowany, prawie za bardzo, zw\u0142aszcza je\u015bli lubisz bardzo \"wy\u015bcigowe\" kierownice z widocznym karbonem i du\u017cymi wirnikami. Liczba dost\u0119pnych przycisk\u00f3w pozostaje rozs\u0105dna, co jest wystarczaj\u0105ce dla wi\u0119kszo\u015bci tytu\u0142\u00f3w, ale mo\u017ce by\u0107 troch\u0119 za ma\u0142o dla simus\u00f3w, kt\u00f3re wymagaj\u0105 du\u017cej bezpo\u015bredniej kontroli. Je\u015bli chodzi o cen\u0119, jest to nadal produkt, kt\u00f3ry nale\u017cy przemy\u015ble\u0107: nie jest to zakup pod wp\u0142ywem impulsu, to inwestycja, kt\u00f3r\u0105 nale\u017cy rozwa\u017cy\u0107 w stosunku do rzeczywistego czasu gry i ambicji w wy\u015bcigach symulacyjnych.<\/p>\n<p>Je\u015bli absolutnie szukasz najlepszego stosunku \"minimalna cena \/ podstawowa funkcjonalno\u015b\u0107\", to nie jest ten. Je\u015bli szukasz wszechstronnej, solidnej kierownicy, kt\u00f3ra jest gotowa podnie\u015b\u0107 Twoj\u0105 konfiguracj\u0119 na wy\u017cszy poziom, to jest to ta, kt\u00f3r\u0105 powiniene\u015b wybra\u0107.<\/p>\n<p>&nbsp;<\/p>\n<h2>Werdykt<\/h2>\n<p>Kierownica Fanatec ClubSport 320 do konsoli Xbox wnosi do konfiguracji co\u015b bardzo prostego: sp\u00f3jno\u015b\u0107. Okr\u0105g\u0142a, realistyczna, solidna, kompatybilna z konsol\u0105 Xbox kierownica jest w stanie nad\u0105\u017cy\u0107 za rosn\u0105c\u0105 w si\u0142\u0119 baz\u0105, nie staj\u0105c si\u0119 s\u0142abym ogniwem. Nie zmienia wra\u017ce\u0144 z gry poprzez estetyczny efekt \"wow\", ale poprzez wygod\u0119 u\u017cytkowania i czytelno\u015b\u0107 informacji w grze.<\/p>\n<p>Na rynku jest wyra\u017anie pozycjonowana jako produkt ze \u015bredniej \/ najwy\u017cszej p\u00f3\u0142ki, \"pivot\" w gamie, pomi\u0119dzy bardziej przyst\u0119pnymi cenowo kierownicami typu CSL i bardzo wysokiej klasy kierownicami Podium. Nie pr\u00f3buje konkurowa\u0107 z ultra-specjalistycznymi modelami; oferuje raczej bardzo zdrow\u0105 r\u00f3wnowag\u0119 mi\u0119dzy wszechstronno\u015bci\u0105, jako\u015bci\u0105 wykonania i wyczuciem.<\/p>\n<p>Poleci\u0142bym go sympatykom, kt\u00f3rzy je\u017cd\u017c\u0105 regularnie, kt\u00f3rzy chc\u0105 mie\u0107 jedn\u0105 powa\u017cn\u0105 kierownic\u0119 do wszystkiego i kt\u00f3rzy ju\u017c s\u0105 lub planuj\u0105 by\u0107 w ekosystemie Fanatec przez jaki\u015b czas. Dla bardzo okazjonalnego gracza lub kogo\u015b, kto d\u0105\u017cy do ultra-specyficznego stylu (czysty jednomiejscowy, hardkorowy drift), istniej\u0105 bardziej ukierunkowane opcje.<\/p>\n<p>Je\u015bli szukasz okr\u0105g\u0142ej, solidnej, wszechstronnej i kompatybilnej z konsol\u0105 Xbox kierownicy, kt\u00f3ra wzmocni twoj\u0105 baz\u0119, nie przeszkadzaj\u0105c ci w prowadzeniu, ten produkt mo\u017ce wyra\u017anie zmieni\u0107 twoj\u0105 konfiguracj\u0119.<\/p>","protected":false},"excerpt":{"rendered":"<p>Ta kierownica da\u0142a mi prawdziwe poczucie sp\u00f3jno\u015bci: prawie znika, by ust\u0105pi\u0107 miejsca wra\u017ceniom z jazdy, z czyst\u0105, przewidywaln\u0105 kontrol\u0105 w czasie. Przede wszystkim ma to sens dla regularnych symulator\u00f3w wy\u015bcig\u00f3w, na Xbox lub PC, kt\u00f3rzy chc\u0105 jednej powa\u017cnej kierownicy do prawie wszystkiego. Bior\u0105c pod uwag\u0119 jej solidno\u015b\u0107 i wszechstronno\u015b\u0107, inwestycja ma sens w d\u0142u\u017cszej perspektywie.<\/p>","protected":false},"featured_media":100611,"comment_status":"open","ping_status":"closed","template":"","meta":{"_acf_changed":false,"_et_pb_use_builder":"","_et_pb_old_content":"","_et_gb_content_width":""},"product_brand":[158],"product_cat":[156],"product_tag":[149,159,160],"class_list":{"0":"post-100610","1":"product","2":"type-product","3":"status-publish","4":"has-post-thumbnail","6":"product_brand-fanatec","7":"product_cat-roue-de-volant","8":"product_tag-pc","9":"product_tag-playstation","10":"product_tag-xbox","12":"first","13":"instock","14":"shipping-taxable","15":"product-type-external"},"acf":[],"_links":{"self":[{"href":"https:\/\/simracergear.com\/pl\/wp-json\/wp\/v2\/product\/100610","targetHints":{"allow":["GET"]}}],"collection":[{"href":"https:\/\/simracergear.com\/pl\/wp-json\/wp\/v2\/product"}],"about":[{"href":"https:\/\/simracergear.com\/pl\/wp-json\/wp\/v2\/types\/product"}],"replies":[{"embeddable":true,"href":"https:\/\/simracergear.com\/pl\/wp-json\/wp\/v2\/comments?post=100610"}],"wp:featuredmedia":[{"embeddable":true,"href":"https:\/\/simracergear.com\/pl\/wp-json\/wp\/v2\/media\/100611"}],"wp:attachment":[{"href":"https:\/\/simracergear.com\/pl\/wp-json\/wp\/v2\/media?parent=100610"}],"wp:term":[{"taxonomy":"product_brand","embeddable":true,"href":"https:\/\/simracergear.com\/pl\/wp-json\/wp\/v2\/product_brand?post=100610"},{"taxonomy":"product_cat","embeddable":true,"href":"https:\/\/simracergear.com\/pl\/wp-json\/wp\/v2\/product_cat?post=100610"},{"taxonomy":"product_tag","embeddable":true,"href":"https:\/\/simracergear.com\/pl\/wp-json\/wp\/v2\/product_tag?post=100610"}],"curies":[{"name":"wp","href":"https:\/\/api.w.org\/{rel}","templated":true}]}}