{"id":100679,"date":"2025-11-28T04:46:41","date_gmt":"2025-11-28T04:46:41","guid":{"rendered":"https:\/\/simracergear.com\/products\/fanatec-clubsport-steering-wheel-flat-1-v2-for-xbox\/"},"modified":"2025-11-28T04:46:41","modified_gmt":"2025-11-28T04:46:41","slug":"fanatec-clubsport-steering-wheel-flat-1-v2-for-xbox","status":"publish","type":"product","link":"https:\/\/simracergear.com\/pl\/products\/fanatec-clubsport-steering-wheel-flat-1-v2-for-xbox\/","title":{"rendered":"Kierownica Fanatec ClubSport Flat 1 V2 do konsoli Xbox"},"content":{"rendered":"<h2>Kierownica Fanatec ClubSport Flat 1 V2 dla Xbox: test i pe\u0142na recenzja<\/h2>\n<p>Na rynku kierownic do symulator\u00f3w wy\u015bcigowych, Fanatec ClubSport Steering Wheel Flat 1 V2 dla Xbox odgrywa bardzo precyzyjn\u0105 rol\u0119: p\u0142aska kierownica w stylu GT\/endurance zaprojektowana dla najwy\u017cszej klasy podstawek Fanatec, zachowuj\u0105c jednocze\u015bnie wbudowan\u0105 kompatybilno\u015b\u0107 z Xbox. Nie stara si\u0119 zaimponowa\u0107 ekstrawaganckim wygl\u0105dem, ale raczej zaoferowa\u0107 powa\u017cne, wydajne i wszechstronne narz\u0119dzie do jazdy.<\/p>\n<p>Model ten jest wyra\u017anie skierowany do graczy, kt\u00f3rzy chc\u0105 czystej, funkcjonalnej, zorientowanej na wydajno\u015b\u0107 kierownicy bez zb\u0119dnych dodatk\u00f3w w postaci nadmiernie wybajerzonych k\u00f3\u0142. Obiecuje dobr\u0105 ergonomi\u0119, du\u017c\u0105 sztywno\u015b\u0107 i p\u0142ynn\u0105 integracj\u0119 z ekosystemem Fanatec, z dodatkowym bonusem w postaci interfejsu Xbox za po\u015brednictwem centralnego koncentratora.<\/p>\n<p>M\u00f3j k\u0105t analizy jest prosty: czucie w d\u0142oni, jako\u015b\u0107 wykonania, ergonomia w grze oraz sp\u00f3jno\u015b\u0107 z cen\u0105 i kategori\u0105. Kr\u00f3tko m\u00f3wi\u0105c: czy jest to prawdziwe ulepszenie w konfiguracji Fanatec, czy tylko kolejna \"\u0142adna\" kierownica w katalogu? Poniewa\u017c w przypadku kierownicy chodzi o pierwsze 2-3 okr\u0105\u017cenia: je\u015bli nie z\u0142apiesz wprawy, nie wybaczysz tego. A je\u015bli wr\u0119cz przeciwnie, wszystko naturalnie spada na palce, natychmiast zyskujesz pewno\u015b\u0107 siebie.<\/p>\n<h2>Projektowanie i produkcja<\/h2>\n<p>Kierownica ClubSport Flat 1 V2 do konsoli Xbox opiera si\u0119 na filozofii Fanatec: po\u0142\u0105czeniu aluminium, materia\u0142\u00f3w syntetycznych i sk\u00f3ry lub imitacji sk\u00f3ry (w zale\u017cno\u015bci od wersji) z przejrzyst\u0105, uporz\u0105dkowan\u0105 struktur\u0105. Pierwsz\u0105 rzecz\u0105, kt\u00f3ra rzuca si\u0119 w oczy, jest jej p\u0142aski format: obr\u0119cz ma bardzo ma\u0142e pochylenie, co daje wra\u017cenie \"GT \/ prototypu\" i natychmiastowe wra\u017cenie bezpo\u015bredniej kontroli, bez zb\u0119dnej odleg\u0142o\u015bci mi\u0119dzy d\u0142o\u0144mi a kolumn\u0105.<\/p>\n<p>W d\u0142oni kierownica sprawia wra\u017cenie kontrolowanej g\u0119sto\u015bci. Nie jest lekka jak pi\u00f3rko, ale nie jest te\u017c kowad\u0142em. Sztywno\u015b\u0107 jest dobra: nie czu\u0107 \u017cadnego paso\u017cytniczego skr\u0119cania, gdy mocno naciskasz na solidn\u0105 podstaw\u0119 Direct Drive. Metalowe ramiona w po\u0142\u0105czeniu z centraln\u0105 piast\u0105 Xbox nadaj\u0105 jej powa\u017cnego charakteru. Czujesz si\u0119, jakby\u015b trzyma\u0142 prawdziwe narz\u0119dzie, a nie dekoracyjn\u0105 zabawk\u0119. Kiedy FFB zadaje du\u017ce ciosy na pot\u0119\u017cnej podstawie, nic si\u0119 nie porusza, nic nie skrzypi, wszystko pozostaje solidne.<\/p>\n<p>Og\u00f3lnie rzecz bior\u0105c, wyko\u0144czenie jest czyste, z prawid\u0142ow\u0105 regulacj\u0105, dobrze zintegrowanymi \u015brubami i stonowanymi logo. Przyczepno\u015b\u0107 chwyt\u00f3w jest przyzwoita, nawet podczas d\u0142ugich sesji. Nie jeste\u015bmy na poziomie najwy\u017cszej klasy r\u0119cznie szytej sk\u00f3rzanej kierownicy 100 %, ale jak na kierownic\u0119 wy\u015bcigow\u0105, ca\u0142o\u015b\u0107 jest sp\u00f3jna. To, co naprawd\u0119 si\u0119 wyr\u00f3\u017cnia, to r\u00f3wnowaga mi\u0119dzy komfortem a wsparciem: uchwyty nie s\u0105 ani zbyt grube, ani zbyt cienkie.<\/p>\n<p>Lekkie rozczarowanie, moim zdaniem, wynika mniej z jako\u015bci ni\u017c z \"nieco m\u0105drej\" strony projektu. Estetycznie wygl\u0105da bardzo powa\u017cnie, bardzo funkcjonalnie, ale brakuje jej czego\u015b wizualnie \"wow\". W por\u00f3wnaniu do niekt\u00f3rych bardziej rasowych kierownic Clubsport czy Podium, ta wygl\u0105da bardziej utylitarnie. Z drugiej strony, ten dyskretny wygl\u0105d przemawia do tych, kt\u00f3rzy nie lubi\u0105 krzykliwych wzor\u00f3w.<\/p>\n<p>W por\u00f3wnaniu z kierownicami plastikowymi lub podstawowymi, r\u00f3\u017cnica w sztywno\u015bci i powadze jest wyra\u017ana. W por\u00f3wnaniu z kierownicami Fanatec, kt\u00f3re s\u0105 jeszcze bardziej premium, czujemy, \u017ce brakuje nam tylko pewnych szczeg\u00f3\u0142\u00f3w, je\u015bli chodzi o materia\u0142 i dopracowanie, ale stosunek solidno\u015bci do ceny pozostaje wiarygodny.<\/p>\n<h2>Ustawienia, personalizacja i kompatybilno\u015b\u0107<\/h2>\n<p>Kierownica ClubSport Flat 1 V2 dla konsoli Xbox jest oparta na ekosystemie Fanatec. Cz\u0119\u015b\u0107 \"dostosowywania\" obejmuje zatem g\u0142\u00f3wnie u\u017cywan\u0105 baz\u0119 (Clubsport, CSL, DD...) i ustawienia w sterowniku Fanatec lub za po\u015brednictwem ekranu \/ OSD bazy.<\/p>\n<p>Przyciski i elementy steruj\u0105ce zintegrowane z koncentratorem Xbox s\u0105 dobrze rozmieszczone: klawisze Xbox, dr\u0105\u017cki i przyciski funkcyjne wygodnie mieszcz\u0105 si\u0119 pod palcami. Szczerze m\u00f3wi\u0105c, poruszanie si\u0119 po menu konsoli, konfigurowanie asyst i zarz\u0105dzanie remapami przycisk\u00f3w jest dziecinnie proste. Logika jest jasna: masz wszystko, czego potrzebujesz, aby kontrolowa\u0107 gr\u0119 na Xbox lub PC bez konieczno\u015bci wyci\u0105gania klawiatury lub kontrolera za ka\u017cdym razem.<\/p>\n<p>Prawdziw\u0105 personalizacj\u0119 uzyskuje si\u0119 poprzez przypisanie przycisk\u00f3w do funkcji w grze (DRS, ERS, reflektory, radio, pit limiter itp.). Dzi\u0119ki liczbie dost\u0119pnych przycisk\u00f3w mo\u017cna naprawd\u0119 stworzy\u0107 konfiguracj\u0119 dostosowan\u0105 do GT, nowoczesnej F1, wielu klas, a nawet rajd\u00f3w asfaltowych. P\u0142aski format dobrze nadaje si\u0119 do dyscyplin, w kt\u00f3rych trzymasz r\u0119ce w sta\u0142ej pozycji, z ma\u0142ymi, precyzyjnymi korektami.<\/p>\n<p>Krzywa uczenia si\u0119 jest rozs\u0105dna: je\u015bli jeste\u015b ju\u017c zaznajomiony z Fanatec, znajdziesz t\u0119 sam\u0105 logik\u0119. Je\u015bli jeste\u015b nowy w marce, zapami\u0119tanie, gdzie znajduj\u0105 si\u0119 wszystkie polecenia, zajmuje troch\u0119 czasu, szczeg\u00f3lnie w przypadku Xbox z funkcjami systemowymi. Ale kiedy ju\u017c to opanujesz, nie my\u015blisz, tylko dzia\u0142asz.<\/p>\n<p>Je\u015bli chodzi o kompatybilno\u015b\u0107, zintegrowany koncentrator Xbox oznacza, \u017ce mo\u017cna go u\u017cywa\u0107 na najnowszych konsolach Xbox, a tak\u017ce oczywi\u015bcie na komputerach PC za po\u015brednictwem bazy kompatybilnej z Fanatec. W przypadku PlayStation to nie kierownica decyduje o kompatybilno\u015bci, ale podstawa, wi\u0119c nale\u017cy o tym pami\u0119ta\u0107. W ekosystemie Fanatec ta kierownica integruje si\u0119 p\u0142ynnie: peda\u0142y Fanatec, manetki, hamulec r\u0119czny, sztywny kokpit, wszystko do siebie pasuje.<\/p>\n<p>Je\u015bli chodzi o mo\u017cliwo\u015bci rozbudowy, jest to produkt, kt\u00f3ry mo\u017ce wyra\u017anie towarzyszy\u0107 podstawowemu przej\u015bciu na wy\u017cszy poziom. Nie jest to tylko produkt klasy podstawowej: zamontowany na pot\u0119\u017cnej podstawie Direct Drive, mo\u017ce nad\u0105\u017cy\u0107 bez najmniejszego problemu. Nie jest to kierownica przej\u015bciowa, kt\u00f3r\u0105 wymienia si\u0119 przy najmniejszej podstawowej aktualizacji; mo\u017ce pozosta\u0107 w powa\u017cnej konfiguracji przez d\u0142ugi czas.<\/p>\n<h2>Stawk\u0105 s\u0105 doznania<\/h2>\n<p>Kierownica ta naprawd\u0119 sprawdza si\u0119 na torze. P\u0142aski format naprawd\u0119 zmienia spos\u00f3b odczuwania samochodu. Czujesz si\u0119 bardziej \"przyklejony\" do kierownicy, z mniejsz\u0105 odleg\u0142o\u015bci\u0105 mi\u0119dzy gestem a reakcj\u0105. Na torze typu GT lub prototypowym geometria ta zapewnia bardzo precyzyjn\u0105 kontrol\u0119 w szybkich sekwencjach.<\/p>\n<p>Je\u015bli chodzi o FFB, obr\u0119cz nie dodaje niepotrzebnego filtra. To, co wysy\u0142a baza, odbieramy do\u015b\u0107 bezpo\u015brednio. Na szybkich zakr\u0119tach wyra\u017anie wida\u0107 rosn\u0105ce obci\u0105\u017cenie kierownicy. Przej\u015bcia od przyczepno\u015bci do podsterowno\u015bci lub nadsterowno\u015bci s\u0105 wyra\u017ane. Mo\u017cna wyczu\u0107, kiedy prz\u00f3d zaczyna si\u0119 \u015blizga\u0107 i trzeba lekko unie\u015b\u0107 stop\u0119 lub wyregulowa\u0107 kierownic\u0119. \"Natychmiast rozumiesz, co robi samoch\u00f3d.<\/p>\n<p>Odczyty przyczepno\u015bci s\u0105 szczeg\u00f3lnie czyste na bazach Direct Drive: kierownica nie wibruje we wszystkich kierunkach bez powodu, ale dobrze przekazuje mikro-informacje: niewielkie straty przyczepno\u015bci przy przyspieszaniu, rozja\u015bnianie tylnego zawieszenia na wibratorze, r\u00f3\u017cnice przyczepno\u015bci mi\u0119dzy wewn\u0119trzn\u0105 i zewn\u0119trzn\u0105 cz\u0119\u015bci\u0105 trajektorii. Na mniej wydajnej bazie (typu pasowego) odczucia s\u0105 nadal dobre, ale nieuchronnie nieco \"mi\u0119ksze\". Kierownica nie przekszta\u0142ca subtelnie przeci\u0119tnego FFB, po prostu pod\u0105\u017ca za tym, co jej dajesz.<\/p>\n<p>Wibratory s\u0105 dobrze odwzorowane. \u0141atwo odr\u00f3\u017cni\u0107 p\u0142aski wibrator typu F1, du\u017cy agresywny wibrator lub lekko z\u0142aman\u0105 kraw\u0119d\u017a. Kierownica pozostaje sztywna: nie ma wra\u017cenia ugi\u0119cia ani skr\u0119cania, nawet podczas ostrej jazdy po kraw\u0119dziach. Czujesz uderzenie, ale nie ma paso\u017cytniczych wibracji spowodowanych samym materia\u0142em. To w\u0142a\u015bnie daje to czyste, kontrolowane odczucie. \"Czujesz tor, a nie plastik.<\/p>\n<p>P\u0142aski format bardzo pomaga w szybkich korektach. W przypadku po\u015blizgu, przeci\u0105gni\u0119cia ty\u0142u lub szykany zaatakowanej nieco zbyt mocno, odczuwalna jest zdolno\u015b\u0107 do szybkiej i precyzyjnej korekty. Kierownica nie jest zbyt g\u0142\u0119boka ani zbyt gruba. Uchwyty 9.15 s\u0105 ergonomicznie zaprojektowane, aby przeciwdzia\u0142a\u0107 nadsterowno\u015bci w u\u0142amku sekundy. Bezw\u0142adno\u015b\u0107 kierownicy pozostaje opanowana, a podczas szybkiego manewrowania nie odczuwa si\u0119 jej ci\u0119\u017cko\u015bci.<\/p>\n<p>Podczas d\u0142ugich sesji komfort jest bardzo wysoki. R\u0119ce nie m\u0119cz\u0105 si\u0119 nadmiernie, o ile odpowiednio dostosujesz FFB bazy. R\u0119kawiczki nie s\u0105 obowi\u0105zkowe, cho\u0107 w przypadku bardzo mocnych podstawek s\u0105 dodatkowym atutem, je\u015bli chodzi o przyczepno\u015b\u0107 i ochron\u0119 d\u0142oni. Powierzchnia nie staje si\u0119 \u015bliska, nawet przy niewielkim poceniu si\u0119. Mo\u017cna je\u017adzi\u0107 30 minut, potem godzin\u0119, nie odczuwaj\u0105c szczeg\u00f3lnego dyskomfortu zwi\u0105zanego z sam\u0105 kierownic\u0105.<\/p>\n<p>Pod wzgl\u0119dem og\u00f3lnej immersji kierownica dobrze spe\u0142nia swoje zadanie. P\u0142aski wygl\u0105d, \u0142atwo dost\u0119pne przyciski i bezpo\u015brednie wyczucie daj\u0105 poczucie bycia w nowoczesnym GT lub proto, zw\u0142aszcza z dobrym sztywnym kokpitem i du\u017cym lub potr\u00f3jnym ekranem. W por\u00f3wnaniu z bardziej zaokr\u0105glon\u0105, szosow\u0105 kierownic\u0105, zyskujesz na precyzji w strefach hamowania i podczas szybkiego wywierania nacisku. W por\u00f3wnaniu z jeszcze bardziej ekstremaln\u0105 kierownic\u0105 z najwy\u017cszej p\u00f3\u0142ki, tracisz troch\u0119 na \"luksusowym\" odczuciu, ale zachowujesz to, co najwa\u017cniejsze: kontrol\u0119 i precyzyjne czytanie samochodu.<\/p>\n<h2>Dla kogo to jest? Co nam si\u0119 podoba \/ Co nam si\u0119 nie podoba<\/h2>\n<p>Kierownica ClubSport Flat 1 V2 na konsol\u0119 Xbox jest przeznaczona przede wszystkim dla \u015brednio zaawansowanych i zaawansowanych symulator\u00f3w wy\u015bcigowych, kt\u00f3rzy maj\u0105 ju\u017c baz\u0119 Fanatec lub rozwa\u017caj\u0105 przej\u015bcie na ni\u0105 i kt\u00f3rzy je\u017cd\u017c\u0105 wieloma samochodami GT, LMP, nowoczesnymi lub wieloklasowymi. Nadal jest dost\u0119pna dla zmotywowanych pocz\u0105tkuj\u0105cych, kt\u00f3rzy wiedz\u0105, \u017ce chc\u0105 konfiguracji, kt\u00f3ra mo\u017ce ewoluowa\u0107 i trwa\u0107, ale mo\u017ce by\u0107 przesad\u0105 dla kogo\u015b, kto od czasu do czasu gra w trybie arcade.<\/p>\n<p>Najbardziej doceniam sztywno\u015b\u0107 i og\u00f3lne solidne wyczucie. Na bazie Direct Drive nie boisz si\u0119 za\u0142o\u017cy\u0107 FFB: ko\u0142o radzi sobie z tym bez wzdrygni\u0119cia. Do tego dochodzi p\u0142aski format, kt\u00f3ry jest bardzo skuteczny podczas powa\u017cnej jazdy: precyzja, szybkie korekty, bezpo\u015brednie wyczucie z przodu. Wreszcie, integracja z Xbox to prawdziwy plus, je\u015bli grasz na konsoli: nie musisz \u017conglowa\u0107 kontrolerem i kierownic\u0105, wszystko jest zarz\u0105dzane z centrum.<\/p>\n<p>Je\u015bli chodzi o ograniczenia, projekt mo\u017ce wydawa\u0107 si\u0119 nieco zbyt stonowany dla tych, kt\u00f3rzy lubi\u0105 swoje kierownice bardzo \"wy\u015bcigowe\" wizualnie, z mn\u00f3stwem wirnik\u00f3w, kolor\u00f3w i diod LED wsz\u0119dzie. Ergonomia przycisk\u00f3w, cho\u0107 og\u00f3lnie dobra, jest kompromisem: wszystko jest dost\u0119pne, ale niekt\u00f3rzy bardzo wybredni gracze b\u0119d\u0105 preferowa\u0107 uk\u0142ady bardziej specyficzne dla F1, rajd\u00f3w lub czystego GT. I oczywi\u015bcie jest to produkt, kt\u00f3ry stanowi znacz\u0105c\u0105 inwestycj\u0119: postrzegana warto\u015b\u0107 jest tam, ale czujesz, \u017ce p\u0142acisz za kompatybilno\u015b\u0107 z Xbox, jako\u015b\u0107 wykonania i ekosystem.<\/p>\n<p>Je\u015bli chodzi o stosunek jako\u015bci do ceny, postrzegam j\u0105 jako kierownic\u0119, kt\u00f3ra dobrze si\u0119 broni, je\u015bli zamierzasz pozosta\u0107 z Fanatec przez d\u0142ugi czas i wykorzysta\u0107 powa\u017cn\u0105 baz\u0119. W przypadku jednorazowej konfiguracji lub pierwszego zakupu bez d\u0142ugoterminowej wizji mo\u017ce wydawa\u0107 si\u0119 troch\u0119 droga. Dla symulatora z d\u0142ugoterminow\u0105 wizj\u0105 ma to o wiele wi\u0119cej sensu.<\/p>\n<h2>Werdykt<\/h2>\n<p>Kierownica Fanatec ClubSport Flat 1 V2 do konsoli Xbox sama w sobie nie rewolucjonizuje konfiguracji, ale wyra\u017anie j\u0105 wzmacnia. Przekszta\u0142ca przyzwoit\u0105 podstaw\u0119 w znacznie powa\u017cniejszy pakiet i pozwala wysokiej klasy podstawie wyrazi\u0107 sw\u00f3j pe\u0142ny potencja\u0142 bez ograniczania przez kierownic\u0119. Jest to element, kt\u00f3ry ci\u0105gnie twoj\u0105 konfiguracj\u0119 w g\u00f3r\u0119, zw\u0142aszcza je\u015bli cz\u0119sto \u015bcigasz si\u0119 w GT lub endurance.<\/p>\n<p>Na rynku umie\u015bci\u0142bym go w segmencie \"rozs\u0105dnego premium\": powa\u017cniejszy i solidniejszy ni\u017c ko\u0142a klasy podstawowej lub \u015bredniej, ale bez osi\u0105gania ultra-specjalistycznej ekstrawagancji k\u00f3\u0142 z bardzo wysokiej p\u00f3\u0142ki. Jej prawdziw\u0105 si\u0142\u0105 jest r\u00f3wnowaga: wystarczaj\u0105co solidna dla pot\u0119\u017cnych podstaw, wystarczaj\u0105co wszechstronna, aby obj\u0105\u0107 kilka dyscyplin, wystarczaj\u0105co ergonomiczna do u\u017cytku z konsol\u0105 i komputerem.<\/p>\n<p>Poleci\u0142bym j\u0105 graczom, kt\u00f3rzy chc\u0105 p\u0142askiej, sztywnej kierownicy kompatybilnej z konsol\u0105 Xbox i kt\u00f3rzy regularnie je\u017cd\u017c\u0105 z minimaln\u0105 powag\u0105. Dla kogo\u015b, kto od czasu do czasu gra na konsoli arcade, nie b\u0119dzie to najlepszy wyb\u00f3r - s\u0105 prostsze i ta\u0144sze opcje. Dla symulatora, kt\u00f3ry chce niezawodnej, czystej kierownicy, kt\u00f3ra mo\u017ce nad\u0105\u017cy\u0107 za progresj\u0105 poziomu i wyposa\u017cenia, jest to bardzo interesuj\u0105cy wyb\u00f3r.<\/p>\n<p>Je\u015bli szukasz p\u0142askiej, zorientowanej na wydajno\u015b\u0107 kierownicy, kt\u00f3ra idealnie pasuje do konfiguracji Fanatec na Xbox i PC, ten produkt mo\u017ce wyra\u017anie zmieni\u0107 Twoj\u0105 konfiguracj\u0119.<\/p>","protected":false},"excerpt":{"rendered":"<p>Ta kierownica daje bardzo bezpo\u015brednie i powa\u017cne poczucie kontroli, co wyra\u017anie zwi\u0119ksza precyzj\u0119 i pewno\u015b\u0107 na torze, szczeg\u00f3lnie w GT\/endurance. Ma to sens dla symulator\u00f3w wy\u015bcig\u00f3w, kt\u00f3rzy s\u0105 ju\u017c zaanga\u017cowani w ekosystem Fanatec, zar\u00f3wno na Xbox, jak i PC, kt\u00f3rzy je\u017cd\u017c\u0105 regularnie i chc\u0105 trwa\u0142ego sprz\u0119tu. Og\u00f3lnie rzecz bior\u0105c, stosunek sztywno\u015bci, komfortu i wszechstronno\u015bci jest zgodny z jego pozycjonowaniem.<\/p>","protected":false},"featured_media":100680,"comment_status":"open","ping_status":"closed","template":"","meta":{"_acf_changed":false,"_et_pb_use_builder":"","_et_pb_old_content":"","_et_gb_content_width":""},"product_brand":[158],"product_cat":[156],"product_tag":[149,159,160],"class_list":{"0":"post-100679","1":"product","2":"type-product","3":"status-publish","4":"has-post-thumbnail","6":"product_brand-fanatec","7":"product_cat-roue-de-volant","8":"product_tag-pc","9":"product_tag-playstation","10":"product_tag-xbox","12":"first","13":"instock","14":"shipping-taxable","15":"product-type-external"},"acf":[],"_links":{"self":[{"href":"https:\/\/simracergear.com\/pl\/wp-json\/wp\/v2\/product\/100679","targetHints":{"allow":["GET"]}}],"collection":[{"href":"https:\/\/simracergear.com\/pl\/wp-json\/wp\/v2\/product"}],"about":[{"href":"https:\/\/simracergear.com\/pl\/wp-json\/wp\/v2\/types\/product"}],"replies":[{"embeddable":true,"href":"https:\/\/simracergear.com\/pl\/wp-json\/wp\/v2\/comments?post=100679"}],"wp:featuredmedia":[{"embeddable":true,"href":"https:\/\/simracergear.com\/pl\/wp-json\/wp\/v2\/media\/100680"}],"wp:attachment":[{"href":"https:\/\/simracergear.com\/pl\/wp-json\/wp\/v2\/media?parent=100679"}],"wp:term":[{"taxonomy":"product_brand","embeddable":true,"href":"https:\/\/simracergear.com\/pl\/wp-json\/wp\/v2\/product_brand?post=100679"},{"taxonomy":"product_cat","embeddable":true,"href":"https:\/\/simracergear.com\/pl\/wp-json\/wp\/v2\/product_cat?post=100679"},{"taxonomy":"product_tag","embeddable":true,"href":"https:\/\/simracergear.com\/pl\/wp-json\/wp\/v2\/product_tag?post=100679"}],"curies":[{"name":"wp","href":"https:\/\/api.w.org\/{rel}","templated":true}]}}