{"id":100858,"date":"2025-11-28T04:46:45","date_gmt":"2025-11-28T04:46:45","guid":{"rendered":"https:\/\/simracergear.com\/products\/fanatec-csl-cockpit\/"},"modified":"2025-11-28T04:46:45","modified_gmt":"2025-11-28T04:46:45","slug":"fanatec-csl-cockpit","status":"publish","type":"product","link":"https:\/\/simracergear.com\/pl\/products\/fanatec-csl-cockpit\/","title":{"rendered":"Fanatec CSL Cockpit"},"content":{"rendered":"<p>W galaktyce kokpit\u00f3w wy\u015bcigowych Fanatec CSL Cockpit ma jasny cel: zaoferowa\u0107 powa\u017cn\u0105, sztywn\u0105 i mo\u017cliw\u0105 do rozbudowy obudow\u0119, bez szalonych cen du\u017cych, op\u0142ywowych aluminiowych konstrukcji. Jest wyra\u017anie skierowany do graczy, kt\u00f3rzy chc\u0105 odej\u015b\u0107 od chwiejnego biurka i zapasowego wspornika kierownicy i przej\u015b\u0107 do prawdziwego \"powa\u017cnego\" kokpitu kompatybilnego z Direct Drive, bez naruszania bud\u017cetu lub zajmowania ca\u0142ego salonu.<\/p>\n<p>Na papierze obiecuje trzy rzeczy: wi\u0119ksz\u0105 sztywno\u015b\u0107 ni\u017c konwencjonalna podstawka, rozs\u0105dne wymiary i natywn\u0105 kompatybilno\u015b\u0107 z ekosystemem Fanatec (w szczeg\u00f3lno\u015bci CSL i ClubSport). Obietnica jest prosta: w ko\u0144cu kokpit, kt\u00f3ry jest zgodny z podstawk\u0105 Direct Drive klasy podstawowej \/ \u015bredniej, bez konieczno\u015bci zostania in\u017cynierem budowlanym.<\/p>\n<p>M\u00f3j punkt widzenia jest wi\u0119c jasny: sztywno\u015b\u0107, ergonomia i mo\u017cliwo\u015b\u0107 rozbudowy. G\u0142\u00f3wne pytanie, kt\u00f3re zada\u0142em sobie podczas korzystania z niego, brzmia\u0142o: czy ten kokpit CSL naprawd\u0119 pozwala cieszy\u0107 si\u0119 nowoczesn\u0105 baz\u0105 Fanatec (tak\u0105 jak CSL DD lub DD +) bez paso\u017cytniczych wibracji, bez zginania peda\u0142\u00f3w i bez martwienia si\u0119 o dostosowanie pozycji do jazdy? Poniewa\u017c to w\u0142a\u015bnie w tym tkwi prawdziwa r\u00f3\u017cnica mi\u0119dzy przyzwoitym kokpitem... a kokpitem, kt\u00f3ry trzymasz przez lata.<\/p>\n<h2>Projektowanie i produkcja<\/h2>\n<p>Wizualnie, Fanatec CSL Cockpit jest umieszczony pomi\u0119dzy \"klasycznym\" rurowym podwoziem a aluminiowym profilem. Konstrukcja jest metalowa, g\u0142\u00f3wnie stalowa, z pomalowanymi na czarno powierzchniami. W r\u0119ku cz\u0119\u015bci budz\u0105 zaufanie: s\u0105 g\u0119ste, nie brzmi\u0105 pusto, a blacha jest wystarczaj\u0105co gruba, aby unikn\u0105\u0107 efektu \"zabawkowego Meccano\". Od razu mo\u017cna powiedzie\u0107, \u017ce Fanatec chcia\u0142 ci\u0119 uspokoi\u0107, szczeg\u00f3lnie w przypadku korzystania z Direct Drive.<\/p>\n<p>Monta\u017c zajmuje troch\u0119 czasu, ale jest logiczny. Po zmontowaniu og\u00f3lna sztywno\u015b\u0107 jest dobra dla tego zakresu: kolumna kierownicy prawie w og\u00f3le nie porusza si\u0119 przy szybkich ruchach kierownicy, a dolny wspornik pozostaje mocno na swoim miejscu, je\u015bli odpowiednio go dokr\u0119cisz. Nie jest to poziom du\u017cego podwozia o profilu przemys\u0142owym, ale dla kokpitu \"zaawansowanego konsumenta\" wynik jest przekonuj\u0105cy.<\/p>\n<p>To, co od razu rzuca si\u0119 w oczy, to jego kompaktowo\u015b\u0107 i do\u015b\u0107 czysty wygl\u0105d. Kokpit nie wygl\u0105da jak rusztowanie i dobrze komponuje si\u0119 z ka\u017cd\u0105 przestrzeni\u0105 mieszkaln\u0105. Obszar kierownicy jest wizualnie opanowany, z dobrze zaprojektowanym podparciem i pozycj\u0105 siedz\u0105c\u0105, kt\u00f3ra jest bli\u017csza nowoczesnemu GT ni\u017c brukowanemu krzes\u0142u biurowemu.<\/p>\n<p>Nieco bardziej pow\u015bci\u0105gliwy jestem w kwestii pewnych punkt\u00f3w regulacji i kompromis\u00f3w. Niekt\u00f3re p\u0142yty lub dodatkowe wsporniki mog\u0105 wykazywa\u0107 lekkie ugi\u0119cie, je\u015bli naciskasz je zbyt mocno, szczeg\u00f3lnie przy mocnych peda\u0142ach lub intensywnym hamowaniu. Nic dramatycznego, ale mo\u017cna odnie\u015b\u0107 wra\u017cenie, \u017ce Fanatec musia\u0142 znale\u017a\u0107 r\u00f3wnowag\u0119 mi\u0119dzy kosztami, wag\u0105 i wytrzyma\u0142o\u015bci\u0105.<\/p>\n<p>W por\u00f3wnaniu z du\u017cymi, aluminiowymi obudowami z najwy\u017cszej p\u00f3\u0142ki, tracimy nieco pod wzgl\u0119dem absolutnej sztywno\u015bci i swobody monta\u017cu, ale zyskujemy pod wzgl\u0119dem prostoty, estetyki \"pod klucz\" i sp\u00f3jno\u015bci z ekosystemem Fanatec. W por\u00f3wnaniu z bardziej podstawowymi kokpitami rurowymi, jeste\u015bmy wyra\u017anie o krok wy\u017cej pod wzgl\u0119dem og\u00f3lnej solidno\u015bci.<\/p>\n<h2>Ustawienia, personalizacja i kompatybilno\u015b\u0107<\/h2>\n<p>Je\u015bli chodzi o ustawienia, Fanatec CSL Cockpit jest ca\u0142kiem dobrze przemy\u015blany. Mo\u017cna regulowa\u0107 odleg\u0142o\u015b\u0107 i wysoko\u015b\u0107 kierownicy, k\u0105t i po\u0142o\u017cenie peda\u0142\u00f3w, a tak\u017ce odleg\u0142o\u015b\u0107 mi\u0119dzy fotelem a kierownic\u0105. Mo\u017cesz wi\u0119c znale\u017a\u0107 przekonuj\u0105c\u0105 pozycj\u0119 za kierownic\u0105, niezale\u017cnie od tego, czy wolisz styl GT lub turystyczny, czy te\u017c nieco bardziej wyprostowany do rajd\u00f3w.<\/p>\n<p>Krzywa uczenia si\u0119 jest rozs\u0105dna: musisz po\u015bwi\u0119ci\u0107 troch\u0119 czasu na opanowanie wszystkiego, przetestowa\u0107 kilka sesji, a nast\u0119pnie dostroi\u0107. To nie jest plug and play jak prosta podstawka, ale nie jest to te\u017c aluminiowa uk\u0142adanka, w kt\u00f3rej ka\u017cda dziura jest egzystencjaln\u0105 w\u0105tpliwo\u015bci\u0105. Jasne jest, \u017ce Fanatec chcia\u0142 zachowa\u0107 logik\u0119 tego produktu dla og\u00f3\u0142u spo\u0142ecze\u0144stwa, a nie tylko dla hardkorowych entuzjast\u00f3w majsterkowania.<\/p>\n<p>Pod wzgl\u0119dem kompatybilno\u015bci kokpit zosta\u0142 zaprojektowany dla ekosystemu Fanatec: CSL, ClubSport, wsporniki \u0142a\u0144cucha Direct Drive, markowe peda\u0142y, manetka, hamulec r\u0119czny. Wszystkie punkty monta\u017cowe s\u0105 zapewnione i mo\u017cna szybko z\u0142o\u017cy\u0107 kompletn\u0105 konfiguracj\u0119 Fanatec bez \u017cadnych egzotycznych adaptacji. W przypadku sprz\u0119tu innych marek jest to nadal wykonalne, ale schodzisz z utartych szlak\u00f3w i czasami b\u0119dziesz musia\u0142 dostosowa\u0107 lub wierci\u0107, w zale\u017cno\u015bci od modelu.<\/p>\n<p>W przypadku komputer\u00f3w PC lub konsol sam kokpit jest oczywi\u015bcie uniwersalny. To podstawa i urz\u0105dzenia peryferyjne decyduj\u0105 o kompatybilno\u015bci z platformami. Ale struktura kokpitu CSL z \u0142atwo\u015bci\u0105 radzi sobie z si\u0142ami nap\u0119du bezpo\u015bredniego \u015bredniej klasy. Czu\u0107, \u017ce zosta\u0142 do tego zaprojektowany.<\/p>\n<p>Je\u015bli chodzi o skalowalno\u015b\u0107, postrzegam go jako prawdziwy punkt zaczepienia w konfiguracji. To nie tylko tymczasowy krok, jak sk\u0142adana podstawka. Mo\u017cesz zacz\u0105\u0107 od skromniejszej podstawy, a nast\u0119pnie przej\u015b\u0107 na wi\u0119kszy nap\u0119d bezpo\u015bredni, doda\u0107 manetk\u0119, hamulec r\u0119czny, a nawet ekran lub potr\u00f3jny stojak obok niego. To nie jest ostateczny kokpit, kt\u00f3rego nigdy nie zmienisz, ale oferuje trwa\u0142\u0105, sp\u00f3jn\u0105 baz\u0119 na kilka lat rozs\u0105dnej ewolucji.<\/p>\n<h2>Stawk\u0105 s\u0105 doznania<\/h2>\n<p>Dopiero gdy jeste\u015b w grze, Fanatec CSL Cockpit ujawnia swoj\u0105 prawdziw\u0105 warto\u015b\u0107. Kluczowym elementem jest tutaj sztywno\u015b\u0107 odczuwalna na kierownicy i peda\u0142ach. Dzi\u0119ki podstawie Direct Drive, konstrukcja doskonale absorbuje przenoszenie si\u0142y. Kierownica nie sprawia wra\u017cenia, jakby \"ta\u0144czy\u0142a\" na kolumnie, nawet podczas wykonywania serii szybkich korekt lub agresywnych manewr\u00f3w podczas driftu lub rajd\u00f3w.<\/p>\n<p>Je\u015bli chodzi o dok\u0142adno\u015b\u0107 si\u0142owego sprz\u0119\u017cenia zwrotnego, kokpit odgrywa swoj\u0105 rol\u0119: im mniejsze ugi\u0119cie, tym wi\u0119cej informacji dociera bezpo\u015brednio do r\u0105k. Mo\u017cna wyczu\u0107 mikro-utraty przyczepno\u015bci, zmiany przyczepno\u015bci na wyj\u015bciach z zakr\u0119t\u00f3w i ma\u0142e oscylacje w samochodzie. W por\u00f3wnaniu z l\u017cejszym podparciem kierownicy lub chwiejnym biurkiem, r\u00f3\u017cnica jest wyra\u017ana: odczucia s\u0105 czystsze i bardziej czytelne, zw\u0142aszcza z baz\u0105 Fanatec o umiarkowanej mocy.<\/p>\n<p>W szybkich zakr\u0119tach stabilno\u015b\u0107 podwozia wyra\u017anie przyczynia si\u0119 do pewno\u015bci siebie. Mo\u017cesz doci\u0105\u017cy\u0107 kierownic\u0119 bez poczucia, \u017ce ca\u0142a konfiguracja chce si\u0119 skr\u0119ci\u0107. Odwa\u017casz si\u0119 hamowa\u0107 p\u00f3\u017aniej, trzymasz kierownic\u0119 na wsporniku i szybko korygujesz bez struktury zak\u0142\u00f3caj\u0105cej twoj\u0105 percepcj\u0119. Natychmiast rozumiesz, co robi samoch\u00f3d, co w wy\u015bcigach symulacyjnych zmienia spos\u00f3b, w jaki atakujesz okr\u0105\u017cenie.<\/p>\n<p>Je\u015bli chodzi o odczytywanie przyczepno\u015bci, g\u0142\u00f3wny wk\u0142ad wynika z faktu, \u017ce nic niepotrzebnie nie \"p\u0142ywa\". Gdy opony lekko si\u0119 zacinaj\u0105, to nie podwozie poch\u0142ania t\u0119 informacj\u0119, ale jest ona przekazywana bezpo\u015brednio do tylnego tr\u00f3jk\u0105ta, a nast\u0119pnie do r\u0105k. To samo dotyczy hamowania: z dobrze zamocowanym mechanizmem korbowym Fanatec zyskujesz na sp\u00f3jno\u015bci. Naciskasz mocno, nie rusza si\u0119, a proporcje staj\u0105 si\u0119 bardziej naturalne. Powtarzalno\u015b\u0107 okr\u0105\u017cenie po okr\u0105\u017ceniu jest lepsza.<\/p>\n<p>Wibratory s\u0105 dobrym testem. Na dobrze wymodelowanych torach kokpit wyra\u017anie przepuszcza zmiany, nie generuj\u0105c \u017cadnych paso\u017cytniczych ha\u0142as\u00f3w strukturalnych. Wibracje s\u0105 wyczuwalne przez kierownic\u0119, a czasem lekko w fotelu, ale podwozie nie trz\u0119sie si\u0119 we wszystkich kierunkach. Pod tym wzgl\u0119dem trzyma si\u0119 bardzo dobrze w swoim zakresie.<\/p>\n<p>Podczas d\u0142ugich sesji sp\u00f3jno\u015b\u0107 pozostaje dobra. Kokpit nie traci regulacji i nie staje si\u0119 zauwa\u017calnie lu\u017any po kilku godzinach d\u0142ugotrwa\u0142ego u\u017cytkowania, o ile zosta\u0142 prawid\u0142owo zamontowany i dokr\u0119cony od samego pocz\u0105tku. Komfort b\u0119dzie zale\u017ca\u0142 g\u0142\u00f3wnie od wybranego fotela, ale og\u00f3lna pozycja pomaga: mo\u017cesz zachowa\u0107 zaanga\u017cowan\u0105 postaw\u0119 bez konieczno\u015bci walki ze zbyt wysoko umieszczon\u0105 kierownic\u0105 lub \u017ale umieszczonymi peda\u0142ami.<\/p>\n<p>Przy szybkich korektach, szczeg\u00f3lnie w rajdach lub drifcie, podwozie pod\u0105\u017ca za rytmem. Kierownic\u0105 mo\u017cna ko\u0142ysa\u0107 na boki, a kolumna nie zachowuje si\u0119 jak trampolina. Tutaj wyra\u017anie czu\u0107 przewag\u0119 nad l\u017cejszym modelem lub prostym stojakiem: dzia\u0142ania s\u0105 lepiej przepisywane, a konfiguracja nie sprawia wra\u017cenia \"zabawki walcz\u0105cej z tob\u0105\".<\/p>\n<p>W obliczu ogromnego, wysokiej klasy profilu podwozia, Fanatec CSL Cockpit oczywi\u015bcie nie ma takiej samej bezw\u0142adno\u015bci ani absolutnej sztywno\u015bci. Dzi\u0119ki bardzo mocnym z\u0119batkom Direct Drive i ekstremalnym mechanizmom korbowym mo\u017cna szybciej osi\u0105gn\u0105\u0107 swoje limity. Ale w por\u00f3wnaniu z kokpitem klasy podstawowej lub rozwi\u0105zaniem DIY, skok jako\u015bciowy w doznaniach jest realny: w tym miejscu ten model naprawd\u0119 zmienia do\u015bwiadczenie dla post\u0119puj\u0105cego zawodnika simracingu.<\/p>\n<h2>Dla kogo to jest? Co nam si\u0119 podoba \/ Co nam si\u0119 nie podoba<\/h2>\n<p>Wyra\u017anie widz\u0119 Fanatec CSL Cockpit jako obudow\u0119 zaprojektowan\u0105 dla \u015brednio-zaawansowanych i zaawansowanych symulator\u00f3w wy\u015bcigowych, kt\u00f3rzy ju\u017c posmakowali kierownicy montowanej na biurku lub stojaku i chc\u0105 przej\u015b\u0107 na wy\u017cszy poziom. Idealnie, kto\u015b kto celuje w baz\u0119 Fanatec CSL lub ClubSport, lub nawet \u015bredniej klasy Direct Drive, i kto chce sp\u00f3jnego kokpitu bez konieczno\u015bci masowego monta\u017cu przemys\u0142owego. Zar\u00f3wno na konsolach, jak i komputerach PC, o ile pozostaniesz w ekosystemie Fanatec, og\u00f3lna sp\u00f3jno\u015b\u0107 jest doskona\u0142a.<\/p>\n<p>Najbardziej doceniam po\u0142\u0105czenie zadowalaj\u0105cej sztywno\u015bci, kompatybilno\u015bci plug and play z produktami Fanatec i rozs\u0105dnych rozmiar\u00f3w. Kokpit trzyma si\u0119 dobrze, naprawd\u0119 wykorzystuje potencja\u0142 nowoczesnej podstawy i nie wydaje si\u0119 przesadnie wyposa\u017cony w por\u00f3wnaniu do reszty konfiguracji. Uczucie solidno\u015bci pod d\u0142o\u0144mi i stopami, w po\u0142\u0105czeniu z wiarygodn\u0105 pozycj\u0105 za kierownic\u0105, daje prawdziwe poczucie \"powa\u017cnej konfiguracji\".<\/p>\n<p>Postrzegana warto\u015b\u0107 jest r\u00f3wnie\u017c interesuj\u0105ca: masz wra\u017cenie, \u017ce inwestujesz sw\u00f3j bud\u017cet w element strukturalny, kt\u00f3ry poprawia ca\u0142\u0105 reszt\u0119 sprz\u0119tu. Dobry kokpit to niewidoczna, ale fundamentalna inwestycja. W tym punkcie CSL Cockpit uzasadnia swoj\u0105 rol\u0119 jako filaru w konfiguracji Fanatec.<\/p>\n<p>S\u0105 jednak pewne ograniczenia. Po pierwsze, dla puryst\u00f3w aluminiowego profilu i fan\u00f3w precyzyjnego dostrajania w ka\u017cdym kierunku, CSL Cockpit jest mniej modu\u0142owy i nieco mniej sztywny w ekstremalnych warunkach. Po drugie, je\u015bli ca\u0142kowicie opu\u015bcisz ekosystem Fanatec, stracisz cz\u0119\u015b\u0107 prostoty monta\u017cu i naturalnej kompatybilno\u015bci, co nieco zmniejsza jego atrakcyjno\u015b\u0107. Wreszcie, dla u\u017cytkownik\u00f3w bardzo du\u017cych podstaw Direct Drive i ultra sztywnych pedalboard\u00f3w, granice konstrukcji mog\u0105 zosta\u0107 osi\u0105gni\u0119te szybciej ni\u017c w przypadku solidnej obudowy z najwy\u017cszej p\u00f3\u0142ki.<\/p>\n<p>Jest to wi\u0119c raczej m\u0105dra inwestycja ni\u017c przesadna. Dla symulatora wy\u015bcigowego szukaj\u0105cego prawdziwego skoku w immersji i kontroli, bez wchodzenia w \u015bwiat ultra-drogich \"profesjonalnych\" kokpit\u00f3w, ten model spe\u0142nia wiele wymaga\u0144.<\/p>\n<h2>Werdykt<\/h2>\n<p>Fanatec CSL Cockpit nie ma by\u0107 najlepszym podwoziem na rynku, ale wype\u0142ni\u0107 luk\u0119: zaoferowa\u0107 solidn\u0105, czyst\u0105 i u\u017cyteczn\u0105 podstaw\u0119 dla nowoczesnych kierownic, bez narzucania aluminiowego potwora do domu. To, co naprawd\u0119 zmienia w konfiguracji, to spos\u00f3b, w jaki postrzegasz sprz\u0119t, kt\u00f3ry ju\u017c posiadasz. Kierownica Direct Drive i dobry mechanizm korbowy nabieraj\u0105 zupe\u0142nie nowego wymiaru, gdy s\u0105 zamontowane na wytrzyma\u0142ej konstrukcji.<\/p>\n<p>Na rynku wyra\u017anie umieszczam go w solidnym \u015brednim przedziale, z bardzo wyra\u017an\u0105 orientacj\u0105 \"ekosystemu Fanatec\". Bardziej powa\u017cny i sztywny ni\u017c kokpit klasy podstawowej, mniej ekstremalny ni\u017c profil premium, jest skierowany do serca nowoczesnej spo\u0142eczno\u015bci symulator\u00f3w wy\u015bcig\u00f3w: tych, kt\u00f3rzy chc\u0105 czystej, wydajnej konfiguracji, kt\u00f3ra jest nadal \u0142atwa w zarz\u0105dzaniu pod wzgl\u0119dem przestrzeni i bud\u017cetu.<\/p>\n<p>Poleci\u0142bym j\u0105 wszystkim zmotywowanym graczom simracingowym, kt\u00f3rzy wyszli poza ma\u0142\u0105 kierownic\u0119 dla pocz\u0105tkuj\u0105cych i rozwa\u017caj\u0105 sp\u00f3jn\u0105 konfiguracj\u0119 Fanatec, PC lub konsol\u0119. Z drugiej strony, je\u015bli masz ju\u017c bardzo mocn\u0105 baz\u0119 Direct Drive z ultra wymagaj\u0105cym pedalboardem i szukasz absolutnej sztywno\u015bci, bardziej odpowiednia b\u0119dzie aluminiowa obudowa z najwy\u017cszej p\u00f3\u0142ki.<\/p>\n<p>Je\u015bli szukasz powa\u017cnego kokpitu, dobrze przemy\u015blanego dla ekosystemu Fanatec, zdolnego do przekszta\u0142cenia dobrej kierownicy w prawdziwy domowy symulator, ten produkt mo\u017ce wyra\u017anie zmieni\u0107 twoj\u0105 konfiguracj\u0119.<\/p>","protected":false},"excerpt":{"rendered":"<p>Ten kokpit ma naprawd\u0119 \"powa\u017cny\" charakter: sztywno\u015b\u0107 i pozycja za kierownic\u0105 wyra\u017anie zmieniaj\u0105 charakter nowoczesnej bazy Fanatec. Przede wszystkim ma to sens dla \u015brednio zaawansowanych i zaawansowanych zawodnik\u00f3w simracingu, kt\u00f3rzy chc\u0105 oderwa\u0107 si\u0119 od biura lub stoiska bez przechodzenia na solidny profil aluminiowy. Og\u00f3lnie rzecz bior\u0105c, jest to sp\u00f3jna i zr\u00f3wnowa\u017cona inwestycja w ekosystem Fanatec.<\/p>","protected":false},"featured_media":100859,"comment_status":"open","ping_status":"closed","template":"","meta":{"_acf_changed":false,"_et_pb_use_builder":"","_et_pb_old_content":"","_et_gb_content_width":""},"product_brand":[158],"product_cat":[163],"product_tag":[149,159,160],"class_list":{"0":"post-100858","1":"product","2":"type-product","3":"status-publish","4":"has-post-thumbnail","6":"product_brand-fanatec","7":"product_cat-cockpit","8":"product_tag-pc","9":"product_tag-playstation","10":"product_tag-xbox","12":"first","13":"instock","14":"shipping-taxable","15":"product-type-external"},"acf":[],"_links":{"self":[{"href":"https:\/\/simracergear.com\/pl\/wp-json\/wp\/v2\/product\/100858","targetHints":{"allow":["GET"]}}],"collection":[{"href":"https:\/\/simracergear.com\/pl\/wp-json\/wp\/v2\/product"}],"about":[{"href":"https:\/\/simracergear.com\/pl\/wp-json\/wp\/v2\/types\/product"}],"replies":[{"embeddable":true,"href":"https:\/\/simracergear.com\/pl\/wp-json\/wp\/v2\/comments?post=100858"}],"wp:featuredmedia":[{"embeddable":true,"href":"https:\/\/simracergear.com\/pl\/wp-json\/wp\/v2\/media\/100859"}],"wp:attachment":[{"href":"https:\/\/simracergear.com\/pl\/wp-json\/wp\/v2\/media?parent=100858"}],"wp:term":[{"taxonomy":"product_brand","embeddable":true,"href":"https:\/\/simracergear.com\/pl\/wp-json\/wp\/v2\/product_brand?post=100858"},{"taxonomy":"product_cat","embeddable":true,"href":"https:\/\/simracergear.com\/pl\/wp-json\/wp\/v2\/product_cat?post=100858"},{"taxonomy":"product_tag","embeddable":true,"href":"https:\/\/simracergear.com\/pl\/wp-json\/wp\/v2\/product_tag?post=100858"}],"curies":[{"name":"wp","href":"https:\/\/api.w.org\/{rel}","templated":true}]}}