{"id":100937,"date":"2025-05-15T07:56:00","date_gmt":"2025-05-15T07:56:00","guid":{"rendered":"https:\/\/simracergear.com\/products\/fanatec-csl-dd-ready2race-f1-esports-bundle-for-pc\/"},"modified":"2025-11-28T08:54:06","modified_gmt":"2025-11-28T08:54:06","slug":"fanatec-csl-dd-ready2race-f1-esports-bundle-for-pc","status":"publish","type":"product","link":"https:\/\/simracergear.com\/pl\/products\/fanatec-csl-dd-ready2race-f1-esports-bundle-for-pc\/","title":{"rendered":"Fanatec CSL DD Ready2Race F1 Esports Bundle na PC"},"content":{"rendered":"<h2>Fanatec CSL DD Ready2Race F1 Esports Bundle: gotowy pakiet nap\u0119du bezpo\u015bredniego F1 dla komputer\u00f3w PC<\/h2>\n<p>Zestaw Fanatec CSL DD Ready2Race F1 Esports Bundle dla komputer\u00f3w PC jest wyra\u017anie skierowany do konkretnej niszy: oferuje prawdziwy nap\u0119d bezpo\u015bredni, kierownic\u0119 w stylu F1 i funkcjonalny pedalboard, a wszystko to w sp\u00f3jnym pakiecie, aby rozpocz\u0105\u0107 prac\u0119 na komputerze bez konieczno\u015bci budowania konfiguracji kawa\u0142ek po kawa\u0142ku.<\/p>\n<p>Bazuje on na CSL DD, wi\u0119c jest to kompaktowy nap\u0119d bezpo\u015bredni, zaprojektowany jako przyst\u0119pne cenowo akcesorium premium do technologii DD. Zestaw jest skierowany do tych, kt\u00f3rzy chc\u0105 jednomiejscowego pakietu zorientowanego na F1, z eSportowym wygl\u0105dem, \u0142atwym do opanowania i pomys\u0142em na stworzenie solidnego fundamentu, na kt\u00f3rym mo\u017cna i\u015b\u0107 naprz\u00f3d w ekosystemie Fanatec.<\/p>\n<p>Produkt ten obiecuje du\u017cy wzrost finezji si\u0142owego sprz\u0119\u017cenia zwrotnego w por\u00f3wnaniu z kierownicami paskowymi lub z\u0119batymi, pozostaj\u0105c jednocze\u015bnie plug-and-race dla zmotywowanego, ale niekoniecznie do\u015bwiadczonego u\u017cytkownika komputera PC. M\u00f3j punkt widzenia jest prosty: wyczucie za kierownic\u0105, precyzja FFB, wszechstronno\u015b\u0107 pakietu poza F1, komfort u\u017cytkowania podczas d\u0142ugich sesji i prawdziwe zainteresowanie jako inwestycja w powa\u017cn\u0105 konfiguracj\u0119 wy\u015bcig\u00f3w symulacyjnych.<\/p>\n<p>Patrzymy na zestaw, kt\u00f3ry chce wprowadzi\u0107 \"powa\u017cnego, ale wci\u0105\u017c rozwijaj\u0105cego si\u0119\" gracza w \u015bwiat nap\u0119du bezpo\u015bredniego, z bardzo wyra\u017an\u0105 to\u017csamo\u015bci\u0105 F1. Pytanie brzmi: czy zapewnia to, co obiecuje w grze i czy naprawd\u0119 jest wart ceny wst\u0119pu do ekosystemu Fanatec?<\/p>\n<h2>Projekt i wykonanie: powa\u017cny, kompaktowy, wyra\u017anie zorientowany na F1<\/h2>\n<p>Podstawa CSL DD sprawia natychmiastowe wra\u017cenie g\u0119sto\u015bci. Urz\u0105dzenie jest kompaktowe i do\u015b\u0107 ci\u0119\u017ckie jak na sw\u00f3j rozmiar, z metalow\u0105 obudow\u0105, kt\u00f3ra dzia\u0142a zar\u00f3wno jako obudowa, jak i radiator. Sprawia wra\u017cenie produktu zaprojektowanego z my\u015bl\u0105 o wielogodzinnym u\u017cytkowaniu. Nic nie wydaje si\u0119 puste, nic si\u0119 nie porusza, gdy jest prawid\u0142owo przymocowane do sztywnego wspornika.<\/p>\n<p>Kierownica F1 Esports jest zdecydowanie wizualn\u0105 gwiazd\u0105 zestawu. Jest to kompaktowy format, inspirowany nowoczesnymi kierownicami jednomiejscowymi, z du\u017c\u0105 ilo\u015bci\u0105 przycisk\u00f3w, metalowymi \u0142opatkami i przednim panelem, kt\u00f3ry \u0142\u0105czy dobrej jako\u015bci plastik, metalowe wstawki i pow\u0142oki, kt\u00f3re nie wygl\u0105daj\u0105 jak zabawki. Nie jest to absolutny top marki, ale poziom wyko\u0144czenia jest ju\u017c bardzo zadowalaj\u0105cy w tym segmencie cenowym.<\/p>\n<p>Pokr\u0119t\u0142a s\u0105 stabilne, tarcze obrotowe maj\u0105 czyste zapadki, a \u0142opatki zatrzaskuj\u0105 si\u0119 z czystym powrotem. W d\u0142oni kierownica jest lekka, co u\u0142atwia wyczucie bezpo\u015bredniego nap\u0119du i dokonywanie szybkich korekt. Chwyt jest ca\u0142kiem naturalny, je\u015bli lubisz kierownice typu F1: trzymasz r\u0119ce w sta\u0142ej pozycji, kciuki opadaj\u0105 na wa\u017cne funkcje, a wszystko jest w zasi\u0119gu r\u0119ki.<\/p>\n<p>Do\u0142\u0105czony mechanizm korbowy jest wizualnie bardziej podstawowy, z funkcjonaln\u0105 metalowo-plastikow\u0105 konstrukcj\u0105. Sztywno\u015b\u0107 jest przyzwoita, zw\u0142aszcza je\u015bli bezpiecznie przymocujesz j\u0105 do deski lub kokpitu. Peda\u0142 hamulca pozostaje do\u015b\u0107 progresywny, ale brakuje mu troch\u0119 oryginalnego oporu dla puryst\u00f3w. Dzia\u0142a, ale mo\u017cna odnie\u015b\u0107 wra\u017cenie, \u017ce jest to najbardziej \"podstawowy\" element w zestawie.<\/p>\n<p>W por\u00f3wnaniu z innymi rozwi\u0105zaniami klasy \u015bredniej bez nap\u0119du bezpo\u015bredniego, ca\u0142y pakiet jest wyra\u017anie powa\u017cniejszy od strony podstawy i k\u00f3\u0142. Podstawa nie sprawia wra\u017cenia jednorazowego produktu przej\u015bciowego. Z drugiej strony, ci, kt\u00f3rzy przyzwyczaili si\u0119 do bardziej luksusowych kierownic, zauwa\u017c\u0105, \u017ce kierownica, cho\u0107 solidna, nadal nie dor\u00f3wnuje modelom klasy premium pod wzgl\u0119dem szlachetnych materia\u0142\u00f3w i \"luksusowego\" odczucia w d\u0142oni.<\/p>\n<h2>Ustawienia, personalizacja i kompatybilno\u015b\u0107: prawdziwy ekosystem za kulisami<\/h2>\n<p>Je\u015bli chodzi o ustawienia, Fanatec ma t\u0119 przewag\u0119, \u017ce oferuje do\u015b\u0107 dojrza\u0142y ekosystem oprogramowania dla komputer\u00f3w PC. Pakiet korzysta z bezpo\u015bredniej kompatybilno\u015bci ze sterownikiem Fanatec i dedykowanym oprogramowaniem konfiguracyjnym. Istniej\u0105 wst\u0119pnie zdefiniowane profile dla niekt\u00f3rych gier, dzi\u0119ki czemu mo\u017cna szybko rozpocz\u0105\u0107 prac\u0119 z ju\u017c sp\u00f3jnymi ustawieniami, a nast\u0119pnie dopracowa\u0107 je zgodnie z w\u0142asnymi upodobaniami.<\/p>\n<p>Najbardziej przydatne ustawienia s\u0105 \u0142atwo dost\u0119pne: intensywno\u015b\u0107 FFB, filtry, amortyzator, tarcie, maksymalna si\u0142a, interpolacja. Mo\u017cesz dostosowa\u0107 liniowo\u015b\u0107 si\u0142owego sprz\u0119\u017cenia zwrotnego i dostosowa\u0107 renderowanie w zale\u017cno\u015bci od tego, czy wolisz co\u015b bardziej szorstkiego, czy g\u0142adszego. Istnieje krzywa uczenia si\u0119, ale nadal jest przyst\u0119pna, je\u015bli trzymasz si\u0119 g\u0142\u00f3wnych parametr\u00f3w na pocz\u0105tku. Wystarczy kilka prostych ustawie\u0144, by uzyska\u0107 czyste si\u0142owe sprz\u0119\u017cenie zwrotne.<\/p>\n<p>Kierownica F1 Esports dodaje sporo opcji dostosowywania w grze, dzi\u0119ki wielu przyciskom i pokr\u0119t\u0142om. Przydaje si\u0119 to w bardziej z\u0142o\u017conych symulatorach, w kt\u00f3rych mo\u017cna regulowa\u0107 ERS, dyferencja\u0142y, mieszank\u0119 paliwow\u0105 i inne parametry w czasie rzeczywistym. Po prawid\u0142owym zmapowaniu element\u00f3w steruj\u0105cych mo\u017cna szybko stworzy\u0107 efektywn\u0105 ergonomi\u0119 \"wy\u015bcigow\u0105\".<\/p>\n<p>Pakiet jest reklamowany na PC i jest to wyra\u017anie platforma, na kt\u00f3rej si\u0119 sprawdza. Ekosystem Fanatec pozwala na pod\u0142\u0105czenie innych kierownic, peda\u0142\u00f3w, manetek lub hamulc\u00f3w r\u0119cznych tej marki bezpo\u015brednio do bazy. To naprawd\u0119 mocna strona: nie czujesz si\u0119 ograniczony i od razu widzisz mo\u017cliwo\u015bci rozwoju.<\/p>\n<p>Je\u015bli chodzi o skalowalno\u015b\u0107, ten pakiet dzia\u0142a przede wszystkim jako solidny punkt wej\u015bcia do \u015bwiata Fanatec. Podstawa CSL DD mo\u017ce nad\u0105\u017cy\u0107 za kierownic\u0105 symulatora przez d\u0142ugi czas, o ile trzymasz si\u0119 \"standardowego\" u\u017cytkowania i nie u\u017cywasz ekstremalnych si\u0142. Kierownic\u0119 F1 Esports mo\u017cna uzupe\u0142ni\u0107 o kierownic\u0119 GT lub rajdow\u0105 dla fan\u00f3w r\u00f3\u017cnych dyscyplin, a mechanizm korbowy jest logicznym kandydatem do przysz\u0142ej aktualizacji do czego\u015b twardszego i bardziej precyzyjnego. Ca\u0142y pakiet stanowi trwa\u0142\u0105 podstaw\u0119, o ile zaakceptujesz pomys\u0142 jego modernizacji w \u015brednim okresie, zgodnie z Twoimi potrzebami.<\/p>\n<h2>Wra\u017cenia w grze: gdzie nap\u0119d bezpo\u015bredni naprawd\u0119 zmienia wszystko<\/h2>\n<p>Na torze r\u00f3\u017cnica mi\u0119dzy nap\u0119dem bezpo\u015brednim a ko\u0142em zamachowym nap\u0119dzanym paskiem lub przek\u0142adni\u0105 z\u0119bat\u0105 jest natychmiast widoczna. Surowa moc nie jest osza\u0142amiaj\u0105ca, ale jest prawdziwy skok w finezji informacji. Wyra\u017aniej odczuwamy niewielkie utraty przyczepno\u015bci, mikrokorekty przodu, reakcje samochodu, gdy obci\u0105\u017camy opon\u0119 na wej\u015bciu w zakr\u0119t.<\/p>\n<p>Precyzja FFB jest mocn\u0105 stron\u0105 CSL DD w tym zestawie. Zmiany momentu obrotowego s\u0105 szybkie i czyste. Kiedy wchodzisz w zakr\u0119t, mo\u017cesz poczu\u0107, kiedy opona zaczyna si\u0119 \u015blizga\u0107, a nie tylko do\u015bwiadcza\u0107 \"bloku\" oporu. Po przekroczeniu limitu kierownica roz\u0142adowuje si\u0119 bardziej stopniowo, pozostawiaj\u0105c nieco wi\u0119cej miejsca na odzyskanie samochodu.<\/p>\n<p>Je\u015bli chodzi o odczytywanie przyczepno\u015bci, baza oferuje to, czego wiele os\u00f3b szuka po przej\u015bciu na nap\u0119d bezpo\u015bredni: poczucie, \u017ce opony m\u00f3wi\u0105 w spos\u00f3b ci\u0105g\u0142y. Zmiany nawierzchni, przej\u015bcie z czystej trajektorii do brudnej lub mokrej sekcji oraz utrata przyczepno\u015bci przy du\u017cej pr\u0119dko\u015bci s\u0105 \u0142atwiejsze do odczytania. Szybciej rozumiesz, dlaczego jedziesz szeroko, dlaczego tracisz przyczepno\u015b\u0107 i jak to skorygowa\u0107.<\/p>\n<p>Wibratory s\u0105 dobrze odwzorowane, bez nadmiernego sztucznego wyczucia, je\u015bli konfiguracja jest odpowiednia. Du\u017ce wibratory szykany daj\u0105 solidny zwrot w d\u0142oniach, ale przede wszystkim czujesz niuanse: p\u0142aski wibrator wydaje si\u0119 \"bardziej suchy\", podczas gdy bardziej agresywny wibrator nieco bardziej trz\u0119sie kierownic\u0105. Na niekt\u00f3rych symulatorach mo\u017cna nawet wyczu\u0107 drobne nier\u00f3wno\u015bci toru, co pot\u0119guje wra\u017cenie jazdy po czym\u015b \u017cywym.<\/p>\n<p>Przy szybkich korektach lekko\u015b\u0107 kierownicy F1 Esports wyra\u017anie sprzyja kontroli. Nap\u0119d bezpo\u015bredni bardzo szybko reaguje na zmiany kierunku, a kierownica nie sprawia wra\u017cenia, jakby si\u0119 ci\u0105gn\u0119\u0142a. W przypadku nag\u0142ego po\u015blizgu lub nadsterowno\u015bci mo\u017cna kontrowa\u0107 bez walki z bezw\u0142adno\u015bci\u0105 kierownicy, co dodaje pewno\u015bci siebie. Kierownica powraca naturalnie na \u015brodek, bez przesadnego spr\u0119\u017cynowania, je\u015bli FFB jest ustawiony prawid\u0142owo.<\/p>\n<p>Podczas d\u0142ugich sesji sp\u00f3jno\u015b\u0107 si\u0142owego sprz\u0119\u017cenia zwrotnego jest zauwa\u017calna. Podstawa zachowuje t\u0119 sam\u0105 responsywno\u015b\u0107, bez nieprzyjemnego uczucia ciep\u0142a podczas normalnego u\u017cytkowania. Odczuwane zm\u0119czenie b\u0119dzie zale\u017ce\u0107 g\u0142\u00f3wnie od wybranej si\u0142y, ale og\u00f3lnie mo\u017cna je\u017adzi\u0107 przez kilka godzin z dobr\u0105 precyzj\u0105. W ko\u0144cu stajesz si\u0119 jednym z kierownic\u0105, co jest dok\u0142adnie tym, czego chcesz w powa\u017cnych wy\u015bcigach symulacyjnych.<\/p>\n<p>W por\u00f3wnaniu z mniej wydajn\u0105 podstaw\u0105 nap\u0119dzan\u0105 paskiem, g\u0142\u00f3wn\u0105 zalet\u0105 jest klarowno\u015b\u0107 przekazu. Jest nie tylko \"mocniejszy\", ale i \"dok\u0142adniejszy\". Wykonujesz mniej przypadkowych korekt, a wi\u0119cej przewidywanych. I odwrotnie, w konfrontacji z mocniejszymi, wy\u017cszej klasy podstawkami z nap\u0119dem bezpo\u015brednim, CSL DD nie gra z tak\u0105 sam\u0105 intensywno\u015bci\u0105. Ci, kt\u00f3rzy lubi\u0105 bardzo du\u017ce si\u0142y lub bardzo brutalne efekty, b\u0119d\u0105 mieli tutaj ograniczone pole do poprawy. Jednak w realistycznym kontek\u015bcie F1 \/ GT dost\u0119pna moc jest nadal wi\u0119cej ni\u017c wystarczaj\u0105ca dla wi\u0119kszo\u015bci u\u017cytkownik\u00f3w.<\/p>\n<p>Og\u00f3lnie rzecz bior\u0105c, zanurzenie si\u0119 w jednomiejscowym samochodzie jest bardzo udane. Format kierownicy, w po\u0142\u0105czeniu z bezpo\u015brednim nap\u0119dem, naprawd\u0119 daje poczucie prowadzenia czego\u015b precyzyjnego, \u017cywego i nerwowego. Czujesz, jak samoch\u00f3d oddycha pod twoimi d\u0142o\u0144mi. Nie walczysz ju\u017c ze sprz\u0119tem, ale z czasem. To w\u0142a\u015bnie tutaj baza naprawd\u0119 zmienia doznania.<\/p>\n<h2>Dla kogo to jest? Co lubimy, czego nie lubimy<\/h2>\n<p>Ten zestaw jest wyra\u017anie skierowany do graczy PC, kt\u00f3rzy chc\u0105 zrobi\u0107 powa\u017cny krok naprz\u00f3d, z wyra\u017an\u0105 preferencj\u0105 dla F1 i bolid\u00f3w jednomiejscowych. Dobrze nadaje si\u0119 dla zmotywowanych pocz\u0105tkuj\u0105cych, kt\u00f3rzy je\u017adzili ju\u017c troch\u0119 na prostszej kierownicy, ale jest szczeg\u00f3lnie odpowiedni dla \u015brednio zaawansowanych symulator\u00f3w wy\u015bcig\u00f3w, kt\u00f3rzy wiedz\u0105, \u017ce chc\u0105 pozosta\u0107 w tym hobby i szukaj\u0105 wiarygodnej, mo\u017cliwej do ulepszenia konfiguracji. Dla zwyk\u0142ego gracza, kt\u00f3ry rzadko gra, inwestycja mo\u017ce wydawa\u0107 si\u0119 nadmierna, zw\u0142aszcza je\u015bli tak naprawd\u0119 nie wykorzystujesz potencja\u0142u nap\u0119du bezpo\u015bredniego.<\/p>\n<p>W\u015br\u00f3d pozytywnych punkt\u00f3w, pierwszym jest og\u00f3lna sp\u00f3jno\u015b\u0107 zestawu. Dzi\u0119ki bezpo\u015bredniemu nap\u0119dowi chainstay, ergonomicznemu ko\u0142u F1 i funkcjonalnemu mechanizmowi korbowemu, jest to gotowy do jazdy pakiet, kt\u00f3ry nie sprawia wra\u017cenia projektu DIY. Drugim jest jako\u015b\u0107 si\u0142owego sprz\u0119\u017cenia zwrotnego w tym zakresie: CSL DD oferuje ju\u017c bardzo ostre wyczucie, wystarczaj\u0105ce do powa\u017cnej jazdy na g\u0142\u00f3wnych symulatorach na rynku. Wreszcie, integracja z ekosystemem Fanatec jest prawdziwym plusem: kupujesz baz\u0119, kt\u00f3ra mo\u017ce pomie\u015bci\u0107 inne ko\u0142a, lepszy mechanizm korbowy, dodatkowe urz\u0105dzenia peryferyjne, bez konieczno\u015bci rozpoczynania od zera.<\/p>\n<p>Je\u015bli chodzi o ograniczenia, pierwsze dotyczy oryginalnego mechanizmu korbowego. Spe\u0142nia swoje zadanie, ale brakuje mu wyrafinowania dla tych, kt\u00f3rzy szukaj\u0105 hamowania bardzo zbli\u017conego do prawdziwego, z wysokim oporem i czujnikiem ci\u015bnienia. Jest to zdecydowanie element, kt\u00f3ry b\u0119dziesz chcia\u0142 poprawi\u0107 w pierwszej kolejno\u015bci. Drugi punkt: kierownica F1 Esports, cho\u0107 solidna i przyjemna, nie ma poziomu wyko\u0144czenia bardzo wysokiej klasy kierownic Fanatec, szczeg\u00f3lnie pod wzgl\u0119dem materia\u0142\u00f3w premium i \"profesjonalnego\" wyczucia. Wreszcie, zestaw jest przeznaczony tylko dla komputer\u00f3w PC: ci, kt\u00f3rzy maj\u0105 nadziej\u0119 na mieszane u\u017cycie konsoli \/ PC, b\u0119d\u0105 musieli zwr\u00f3ci\u0107 si\u0119 do innych konfiguracji w asortymencie.<\/p>\n<p>Je\u015bli chodzi o postrzegan\u0105 warto\u015b\u0107, czujemy, \u017ce p\u0142acimy tyle samo za wej\u015bcie do prawdziwego nap\u0119du bezpo\u015bredniego, co za dost\u0119p do ekosystemu Fanatec. Dla kogo\u015b, kto chce robi\u0107 post\u0119py, testowa\u0107 kilka dyscyplin i rozwija\u0107 swoj\u0105 konfiguracj\u0119 przez kilka lat, pakiet ma sens: to nie tylko zakup dla przyjemno\u015bci, to inwestycja w baz\u0119, kt\u00f3ra nie b\u0119dzie przestarza\u0142a po kilku miesi\u0105cach. Dla niezdecydowanego lub okazjonalnego gracza dodatkowy koszt w por\u00f3wnaniu z prostsz\u0105 kierownic\u0105 b\u0119dzie trudniejszy do uzasadnienia.<\/p>\n<h2>Werdykt: prawdziwy \"powa\u017cny bilet wst\u0119pu\" do \u015bwiata bezpo\u015bredniej jazdy F1 na PC.<\/h2>\n<p>Ten pakiet Fanatec CSL DD Ready2Race F1 Esports wyra\u017anie zmienia szkielet konfiguracji. Przechodzisz od kierownicy z rynku masowego do pakietu zaprojektowanego do powa\u017cnych wy\u015bcig\u00f3w symulacyjnych, z czyst\u0105 baz\u0105 nap\u0119du bezpo\u015bredniego, responsywn\u0105 kierownic\u0105 F1 i przyzwoitym mechanizmem korbowym. Jest to zestaw, kt\u00f3ry zmienia spos\u00f3b, w jaki czytasz samoch\u00f3d, szczeg\u00f3lnie w wy\u015bcigach jednomiejscowych i GT.<\/p>\n<p>Na rynku jest pozycjonowany jako solidny nap\u0119d bezpo\u015bredni \u015bredniej klasy, z wyra\u017anym naciskiem na eSport. Nie jest to ani zabawka, ani elitarny potw\u00f3r mocy: to punkt zwrotny. Jest idealny dla tych, kt\u00f3rzy chc\u0105 zadomowi\u0107 si\u0119 w niezawodnym sprz\u0119cie, a nast\u0119pnie stopniowo przechodzi\u0107 na wy\u017cszy poziom dzi\u0119ki urz\u0105dzeniom peryferyjnym.<\/p>\n<p>Poleci\u0142bym go graczowi, kt\u00f3ry naprawd\u0119 chce zanurzy\u0107 si\u0119 w F1 i pokrewnych dyscyplinach, kt\u00f3ry jest gotowy po\u015bwi\u0119ci\u0107 troch\u0119 czasu na skonfigurowanie swojego FFB i kt\u00f3ry postrzega wy\u015bcigi symulacyjne jako regularn\u0105 aktywno\u015b\u0107, a nie tylko ciekawostk\u0119. Dla kogo\u015b, kto je\u017adzi bardzo ma\u0142o lub nie chce przywi\u0105zywa\u0107 si\u0119 do konkretnego ekosystemu, nie jest to najlepszy wyb\u00f3r.<\/p>\n<p>Je\u015bli szukasz wiarygodnego pakietu z nap\u0119dem bezpo\u015brednim, kt\u00f3ry jest skoncentrowany na F1, skalowalny i ju\u017c gotowy do powa\u017cnego dzia\u0142ania na PC, ten produkt mo\u017ce wyra\u017anie zmieni\u0107 twoj\u0105 konfiguracj\u0119.<\/p>","protected":false},"excerpt":{"rendered":"<p>Ten zestaw da\u0142 mi poczucie prze\u0142\u0105czenia si\u0119 na bardziej czytelny i kontrolowany styl jazdy, z prawdziwym skokiem precyzji i immersji, szczeg\u00f3lnie w F1 i GT. Ma to sens dla zmotywowanych sympatyk\u00f3w wy\u015bcig\u00f3w na PC, kt\u00f3rzy maj\u0105 ju\u017c troch\u0119 sprz\u0119tu i chc\u0105 powa\u017cnej, mo\u017cliwej do ulepszenia bazy nap\u0119du bezpo\u015bredniego, a nie tylko kierownicy konsumenckiej. Je\u015bli chodzi o warto\u015b\u0107, ca\u0142y pakiet pozostaje sp\u00f3jny, je\u015bli spojrze\u0107 d\u0142ugoterminowo.<\/p>","protected":false},"featured_media":100938,"comment_status":"open","ping_status":"closed","template":"","meta":{"_acf_changed":false,"_et_pb_use_builder":"","_et_pb_old_content":"","_et_gb_content_width":""},"product_brand":[158],"product_cat":[161,173],"product_tag":[149],"class_list":{"0":"post-100937","1":"product","2":"type-product","3":"status-publish","4":"has-post-thumbnail","6":"product_brand-fanatec","7":"product_cat-volant","8":"product_cat-volants-fanatec","9":"product_tag-pc","11":"first","12":"instock","13":"shipping-taxable","14":"product-type-external"},"acf":[],"_links":{"self":[{"href":"https:\/\/simracergear.com\/pl\/wp-json\/wp\/v2\/product\/100937","targetHints":{"allow":["GET"]}}],"collection":[{"href":"https:\/\/simracergear.com\/pl\/wp-json\/wp\/v2\/product"}],"about":[{"href":"https:\/\/simracergear.com\/pl\/wp-json\/wp\/v2\/types\/product"}],"replies":[{"embeddable":true,"href":"https:\/\/simracergear.com\/pl\/wp-json\/wp\/v2\/comments?post=100937"}],"wp:featuredmedia":[{"embeddable":true,"href":"https:\/\/simracergear.com\/pl\/wp-json\/wp\/v2\/media\/100938"}],"wp:attachment":[{"href":"https:\/\/simracergear.com\/pl\/wp-json\/wp\/v2\/media?parent=100937"}],"wp:term":[{"taxonomy":"product_brand","embeddable":true,"href":"https:\/\/simracergear.com\/pl\/wp-json\/wp\/v2\/product_brand?post=100937"},{"taxonomy":"product_cat","embeddable":true,"href":"https:\/\/simracergear.com\/pl\/wp-json\/wp\/v2\/product_cat?post=100937"},{"taxonomy":"product_tag","embeddable":true,"href":"https:\/\/simracergear.com\/pl\/wp-json\/wp\/v2\/product_tag?post=100937"}],"curies":[{"name":"wp","href":"https:\/\/api.w.org\/{rel}","templated":true}]}}