{"id":100947,"date":"2025-05-15T07:56:00","date_gmt":"2025-05-15T07:56:00","guid":{"rendered":"https:\/\/simracergear.com\/products\/fanatec-csl-dd-ready2race-f1-esports-premium-bundle-for-pc\/"},"modified":"2025-11-28T04:48:13","modified_gmt":"2025-11-28T04:48:13","slug":"fanatec-csl-dd-ready2race-f1-esports-premium-bundle-for-pc","status":"publish","type":"product","link":"https:\/\/simracergear.com\/pl\/products\/fanatec-csl-dd-ready2race-f1-esports-premium-bundle-for-pc\/","title":{"rendered":"Fanatec CSL DD Ready2Race F1 Esports Premium Bundle na PC"},"content":{"rendered":"<p>W ma\u0142ym \u015bwiecie \"powa\u017cnych\" wy\u015bcig\u00f3w symulacyjnych, Fanatec CSL DD Ready2Race F1 Esports Premium Bundle na PC jest czym\u015b w rodzaju skr\u00f3tu. Podstawa Direct Drive, kierownica w stylu F1 Esports, peda\u0142y - wszystko jest zapakowane, aby przej\u015b\u0107 od podstawowej konfiguracji do pakietu wyra\u017anie zorientowanego na wydajno\u015b\u0107. Pomys\u0142 jest prosty: zaoferowa\u0107 wiarygodne wej\u015bcie do \u015bwiata Direct Drive, nie grz\u0119zn\u0105c w z\u0142o\u017cono\u015bci lub cenach naprawd\u0119 topowych serii.<\/p>\n<p>Na papierze ten zestaw obiecuje czyste, precyzyjne si\u0142owe sprz\u0119\u017cenie zwrotne z wystarczaj\u0105cym momentem obrotowym, aby nada\u0107 charakter nowoczesnym samochodom GT, F1 i jednomiejscowym, pozostaj\u0105c jednocze\u015bnie u\u017cytecznym w kokpicie stacjonarnym lub \u015bredniej klasy. Jest skierowany do tych, kt\u00f3rzy chc\u0105 \"pod\u0142\u0105czy\u0107, troch\u0119 podrasowa\u0107 i je\u017adzi\u0107\", ale z prawdziwymi emocjami z jazdy, a nie tylko ulepszon\u0105 zabawk\u0105.<\/p>\n<p>M\u00f3j punkt widzenia jest wi\u0119c jasny: precyzja si\u0142owego sprz\u0119\u017cenia zwrotnego, jako\u015b\u0107 wra\u017ce\u0144 w r\u00f3\u017cnych kategoriach samochod\u00f3w, komfort podczas d\u0142ugich sesji i zdolno\u015b\u0107 pakietu do \u015bledzenia post\u0119p\u00f3w kierowcy. Chodzi o to, aby dowiedzie\u0107 si\u0119, czy dla symulatora PC, kt\u00f3ry chce inteligentnie przej\u015b\u0107 na wy\u017cszy rynek, ten pakiet stanowi prawdziwy skok naprz\u00f3d pod wzgl\u0119dem jako\u015bci, czy tylko jedno praktyczne rozwi\u0105zanie spo\u015br\u00f3d wielu.<\/p>\n<h2>Projektowanie i produkcja<\/h2>\n<p>Wizualnie, podstawa CSL DD i kierownica F1 Esports od razu sprawiaj\u0105 powa\u017cne wra\u017cenie. Sama podstawa jest kompaktowa, z metalow\u0105 pow\u0142ok\u0105, kt\u00f3ra s\u0142u\u017cy r\u00f3wnie\u017c jako radiator. W d\u0142oni emanuje g\u0119sto\u015bci\u0105, bez luz\u00f3w i skrzypienia, a tylne z\u0142\u0105cza s\u0105 dobrze zintegrowane. Sprawia wra\u017cenie solidnego bloku, zaprojektowanego tak, by wytrzyma\u0107 wiele godzin intensywnego u\u017cytkowania.<\/p>\n<p>Kierownica w stylu F1 Esports jest wyra\u017anie wizualnym centrum zestawu. Panel przedni wykonany z materia\u0142u kompozytowego, uchwyt z imitacji sk\u00f3ry lub imitacji sk\u00f3ry z mocnym wyczuciem, szereg przycisk\u00f3w, kt\u00f3re mo\u017cna \u0142atwo zidentyfikowa\u0107 dotykiem, metalowe \u0142opatki zmiany bieg\u00f3w z wyra\u017anym, s\u0142yszalnym klikni\u0119ciem. Sprawia wra\u017cenie powa\u017cnego, e-sportowego produktu, o zmniejszonej \u015brednicy, kt\u00f3ra doskonale pasuje do nowoczesnych samochod\u00f3w jednomiejscowych i GT. \u0141atwo jest zrozumie\u0107, co robi samoch\u00f3d, poniewa\u017c wszystko jest na swoim miejscu.<\/p>\n<p>Mechanizm korbowy jest bardziej funkcjonalny ni\u017c premium. Ma stalow\u0105 konstrukcj\u0119, prosty, ale efektowny wygl\u0105d i wra\u017cenie solidno\u015bci, kt\u00f3re jest wystarczaj\u0105co dobre do intensywnego u\u017cytkowania. Hamulce nie s\u0105 na poziomie topowych mechanizm\u00f3w korbowych z ogniwami obci\u0105\u017ceniowymi, ale op\u00f3r jest przyzwoity, a skok umo\u017cliwia bezstresow\u0105 zmian\u0119 prze\u0142o\u017ce\u0144. To jasne: jest to dobrze zbudowany rower \u015bredniej klasy, a nie eksponat.<\/p>\n<p>Nieco rozczarowuj\u0105ce s\u0105 pewne detale wyko\u0144czeniowe typowe dla serii CSL: plastik niekt\u00f3rych cz\u0119\u015bci kierownicy jest nieco \"suchy\", pokr\u0119t\u0142o i niekt\u00f3re przyciski wydaj\u0105 si\u0119 mniej premium ni\u017c w wy\u017cszych zakresach, a peda\u0142om brakuje nieco wyrafinowania pod wzgl\u0119dem czystego wyczucia. W por\u00f3wnaniu z innymi pakietami Direct Drive klasy podstawowej\/\u015bredniej, sama podstawa robi bardzo dobre wra\u017cenie, ale reszta zestawu przypomina nam, \u017ce wci\u0105\u017c m\u00f3wimy o ofercie, kt\u00f3ra ma by\u0107 przyst\u0119pna cenowo.<\/p>\n<h2>Ustawienia i personalizacja + kompatybilno\u015b\u0107<\/h2>\n<p>Je\u015bli chodzi o ustawienia, Fanatec gra podw\u00f3jn\u0105 kart\u0105: masz szybkie ustawienia za pomoc\u0105 ekranu podstawowego i przycisk\u00f3w na kierownicy, a nast\u0119pnie zaawansowane ustawienia za pomoc\u0105 oprogramowania komputerowego. W menu podstawowym mo\u017cna dostosowa\u0107 og\u00f3ln\u0105 si\u0142\u0119, FFB, czu\u0142o\u015b\u0107, filtr, tarcie i naturalny amortyzator. Dla u\u017cytkownika komputera jest to wi\u0119cej ni\u017c wystarczaj\u0105ce, aby znale\u017a\u0107 wyczucie, kt\u00f3re pasuje do jego stylu.<\/p>\n<p>Wst\u0119pne ustawienia Fanatec dla g\u0142\u00f3wnych gier pomagaj\u0105 zacz\u0105\u0107. Ze swojej strony bawi\u0142em si\u0119 g\u0142\u00f3wnie og\u00f3ln\u0105 si\u0142\u0105, filtracj\u0105 i odrobin\u0105 t\u0142umika, aby uspokoi\u0107 oscylacje w niekt\u00f3rych nerwowych samochodach. Krzywa uczenia si\u0119 nie jest nie do pokonania: na pocz\u0105tku troch\u0119 si\u0119 gubisz, a nast\u0119pnie szybko znajdujesz dwa lub trzy profile, kt\u00f3re zachowujesz w zale\u017cno\u015bci od rodzaju gry (hard sim, bardziej przyst\u0119pny sim, arcade sim).<\/p>\n<p>Na PC, kompatybilno\u015b\u0107 tego zestawu jest jego prawdziw\u0105 si\u0142\u0105. Podstawa dzia\u0142a z wi\u0119kszo\u015bci\u0105 symulator\u00f3w i powa\u017cnych gier wy\u015bcigowych dost\u0119pnych na rynku, kierownica jest rozpoznawana bez wi\u0119kszych problem\u00f3w, a ekosystem Fanatec otwiera drzwi do ca\u0142ej masy rozszerze\u0144: inne kierownice (GT, rajdowe, okr\u0105g\u0142e), bardziej zaawansowane peda\u0142y z czujnikiem obci\u0105\u017cenia, sekwencyjna lub w kszta\u0142cie litery H d\u017awignia zmiany bieg\u00f3w, hamulec r\u0119czny itp. Zestaw jest wyra\u017anie zaprojektowany jako punkt wej\u015bcia do szerszego ekosystemu.<\/p>\n<p>Je\u015bli chodzi o mo\u017cliwo\u015bci rozbudowy, mamy podstaw\u0119, kt\u00f3ra mo\u017ce wspiera\u0107 symulatora przez kilka lat. Mo\u017cesz zacz\u0105\u0107 od tego kompletnego pakietu, a nast\u0119pnie ulepszy\u0107 peda\u0142y, aby poprawi\u0107 precyzj\u0119 hamowania, doda\u0107 kolejn\u0105 kierownic\u0119 do rajd\u00f3w lub wy\u015bcig\u00f3w wytrzyma\u0142o\u015bciowych, a ostatecznie zmieni\u0107 kokpit, aby jak najlepiej wykorzysta\u0107 Direct Drive. Na konsolach ten konkretny pakiet jest zorientowany na PC, wi\u0119c je\u015bli grasz wy\u0142\u0105cznie na konsolach, b\u0119dziesz musia\u0142 sprawdzi\u0107 kompatybilno\u015b\u0107 podstawy i wersji pakietu, ale w konfiguracji PC cel jest jasny i sp\u00f3jny.<\/p>\n<h2>Stawk\u0105 s\u0105 doznania<\/h2>\n<p>To w\u0142a\u015bnie tutaj CSL DD naprawd\u0119 wyr\u00f3\u017cnia si\u0119 na tle konwencjonalnych baz z nap\u0119dem paskowym. Pierwsz\u0105 rzecz\u0105, kt\u00f3ra si\u0119 wyr\u00f3\u017cnia, jest czysto\u015b\u0107 si\u0142owego sprz\u0119\u017cenia zwrotnego. Nie ma wra\u017cenia tarcia paska, nie ma odczuwalnego op\u00f3\u017anienia i jest bardzo bezpo\u015brednia reakcja na zmiany przyczepno\u015bci i przenoszenie obci\u0105\u017cenia. Kierownica reaguje szybko, bez nadmiernej bezw\u0142adno\u015bci. Mo\u017cna poczu\u0107, \u017ce samoch\u00f3d \"\u017cyje\" pod d\u0142o\u0144mi.<\/p>\n<p>Podczas pokonywania zakr\u0119t\u00f3w zachowanie FFB jest \u0142atwe do odczytania. Wyra\u017anie wida\u0107 punkt, w kt\u00f3rym prz\u00f3d zaczyna si\u0119 \u015blizga\u0107 lub gdy ty\u0142 traci mas\u0119 przy d\u0142u\u017cszym pochyleniu. Przej\u015bcie mi\u0119dzy przyczepno\u015bci\u0105 a po\u015blizgiem jest bardziej stopniowe ni\u017c w przypadku podstawowej bazy: nie otrzymujesz tylko du\u017cego ruchu kierownicy, kt\u00f3ry nagle staje si\u0119 lekki, ale otrzymujesz sygna\u0142y po\u015brednie. Jest to prawdziwy atut, je\u015bli chodzi o korygowanie driftu lub wychwytywanie pocz\u0105tku nadsterowno\u015bci. Jeste\u015b bardziej odwa\u017cny, poniewa\u017c lepiej rozumiesz, co si\u0119 dzieje.<\/p>\n<p>Sprz\u0119\u017cenie zwrotne przyczepno\u015bci jest szczeg\u00f3lnie przyjemne w nowoczesnych samochodach jednomiejscowych i GT. Na wej\u015bciu w zakr\u0119t mo\u017cna wyczu\u0107 mikrodrgania przyczepno\u015bci opony, utwardzanie uk\u0142adu kierowniczego na wierzcho\u0142ku, a nast\u0119pnie lekkie zwolnienie po zwolnieniu przepustnicy. Na s\u0142abszej i cie\u0144szej podstawie te niuanse s\u0105 cz\u0119sto zag\u0142uszane przez nieco rozmyte informacje zwrotne. Tutaj, nawet przy og\u00f3lnej mocy nie zwi\u0119kszonej do maksimum, informacje docieraj\u0105 wyra\u017anie. Natychmiast rozumiesz, co robi samoch\u00f3d.<\/p>\n<p>Je\u015bli chodzi o wibratory, CSL DD jest ostry, ale nie niszczy nadgarstk\u00f3w. P\u0142askie wibratory przechodz\u0105 z kr\u00f3tk\u0105, wyra\u017an\u0105 wibracj\u0105, podczas gdy bardziej agresywne wibratory wysy\u0142aj\u0105 bardzo wyra\u017ane impulsy. Nie ma si\u0119 wra\u017cenia sztucznych wibracji, ale bardziej uczciwego kontaktu mechanicznego. W por\u00f3wnaniu z mocniejsz\u0105 podstaw\u0105, tracisz troch\u0119 surowej przemocy, ale nadal masz wystarczaj\u0105co du\u017co szczeg\u00f3\u0142\u00f3w, aby wiedzie\u0107, co robisz.<\/p>\n<p>Podczas d\u0142ugich sesji sp\u00f3jno\u015b\u0107 podstawy jest uspokajaj\u0105ca. Nie ma niepokoj\u0105cego rozgrzewania i nie ma odczuwalnej stopniowej utraty mocy w normalnych warunkach. Dost\u0119pny moment obrotowy pozostaje stabilny, a wyczucie \u015brodka jest tak wyra\u017ane, jak zawsze. Je\u015bli chodzi o komfort, zalet\u0105 braku ultra-mocnej bazy jest to, \u017ce mo\u017cna je\u017adzi\u0107 przez d\u0142ugi czas bez wyczerpywania przedramion. \u0141atwo jest znale\u017a\u0107 r\u00f3wnowag\u0119 mi\u0119dzy immersj\u0105 a wytrzyma\u0142o\u015bci\u0105.<\/p>\n<p>Podczas szybkich korekt, takich jak wyj\u015bcie z zakr\u0119tu, baza pod\u0105\u017ca za ni\u0105 bez zatrzymywania si\u0119. Sprz\u0119\u017cenie zwrotne jest suche i precyzyjne, ale nie tak brutalne, by by\u0142o zaskakuj\u0105ce. Kierownica F1 Esports, kt\u00f3ra jest bardziej kompaktowa, bardzo tu pomaga: jest lekka, \u0142atwa w obs\u0142udze, a szybkie polecenia s\u0105 dobrze przekazywane. Po\u0142\u0105czenie bazy Direct Drive i kierownicy w stylu F1 daje bardzo bezpo\u015brednie poczucie kontroli. W tym miejscu podstawa naprawd\u0119 zmienia wra\u017cenia, zw\u0142aszcza je\u015bli korzystasz z bardziej \"elastycznej\" kierownicy z si\u0142owym sprz\u0119\u017ceniem zwrotnym.<\/p>\n<p>W por\u00f3wnaniu do mocniejszej bazy, takiej jak bardzo wysokiej klasy Direct Drive, CSL DD sprawia wra\u017cenie, jakby gra\u0142 w bardziej rozs\u0105dn\u0105 gr\u0119: mniejszy maksymalny moment obrotowy, mniejszy \"wstrz\u0105s\" przy du\u017cych uderzeniach. Ale do u\u017cytku domowego i kokpitu, kt\u00f3ry niekoniecznie jest bardzo sztywny, jest to prawie zaleta. Dostajesz wi\u0119cej z tego, co masz, bez konieczno\u015bci ograniczania mocy, aby wszystko nie wibrowa\u0142o.<\/p>\n<h2>Dla kogo + Co lubimy \/ Co lubimy mniej<\/h2>\n<p>Ten zestaw jest wyra\u017anie skierowany do symulator\u00f3w PC, kt\u00f3rzy chc\u0105 zrobi\u0107 powa\u017cny krok naprz\u00f3d bez rozpoczynania szalonej konfiguracji. Bardzo zmotywowany pocz\u0105tkuj\u0105cy, kt\u00f3ry wie, \u017ce b\u0119dzie musia\u0142 w\u0142o\u017cy\u0107 du\u017co pracy, \u015bredniozaawansowany, kt\u00f3ry ju\u017c swobodnie radzi sobie z klasycznymi symulatorami, a nawet do\u015bwiadczony entuzjasta symulator\u00f3w, kt\u00f3ry chce drugiej, bardziej kompaktowej konfiguracji, znajdzie co\u015b dla siebie. Jest on szczeg\u00f3lnie odpowiedni dla tych, kt\u00f3rzy je\u017cd\u017c\u0105 wieloma samochodami jednomiejscowymi, F1, LMP, nowoczesnymi GT i prototypami, z czystym, zorientowanym na czas stylem jazdy.<\/p>\n<p>Najbardziej doceniam stosunek sp\u00f3jno\u015bci do wydajno\u015bci tego zestawu. Podstawa Direct Drive zapewnia FFB prawdziwy wzrost precyzji i czysto\u015bci, nie staj\u0105c si\u0119 przy tym niemo\u017cliwym do opanowania. Kierownica F1 Esports jest doskonale dostosowana do wi\u0119kszo\u015bci nowoczesnych dyscyplin i daje prawdziwe poczucie kontroli, z dobrze rozmieszczonymi elementami steruj\u0105cymi do zarz\u0105dzania ERS, paliwem, mechanizmem r\u00f3\u017cnicowym itp. Wreszcie, ekosystem Fanatec oznacza, \u017ce ten zestaw nie jest celem samym w sobie, ale solidn\u0105 podstaw\u0105, kt\u00f3r\u0105 mo\u017cna rozwija\u0107 wed\u0142ug w\u0142asnego uznania.<\/p>\n<p>Z drugiej strony nale\u017cy pami\u0119ta\u0107 o pewnych ograniczeniach. Dostarczony zestaw korbowy, cho\u0107 poprawny, nie spe\u0142nia standard\u00f3w bardziej ambitnych zestaw\u00f3w korbowych z ogniwami obci\u0105\u017ceniowymi. Proporcjonowanie hamulc\u00f3w jest mniej naturalne i mniej powtarzalne ni\u017c w przypadku prawdziwego czujnika ci\u015bnienia, co mo\u017ce by\u0107 frustruj\u0105ce w bardzo wymagaj\u0105cych symulatorach. Kierownica, bardzo nowoczesna konstrukcja F1\/GT, nie jest idealna, je\u015bli du\u017co je\u017adzisz w rajdach, drifcie lub starych samochodach, gdzie szersza, okr\u0105g\u0142a kierownica jest bardziej odpowiednia. Wreszcie, og\u00f3lne wyko\u0144czenie, cho\u0107 dobre, nie osi\u0105ga poziomu premium wy\u017cszych serii: niekt\u00f3re tworzywa sztuczne s\u0105 nieco twarde, a samoch\u00f3d sprawia wra\u017cenie raczej \"serii przemys\u0142owej\" ni\u017c luksusu.<\/p>\n<p>Pod wzgl\u0119dem warto\u015bci jest to nadal znacz\u0105ca inwestycja, ale taka, kt\u00f3ra ma sens, je\u015bli chcesz mie\u0107 konfiguracj\u0119, kt\u00f3ra przetrwa kilka lat. Podstawa jest wystarczaj\u0105co mocna, aby nie ogranicza\u0107 ci\u0119 zbyt szybko, a fakt, \u017ce mo\u017cesz p\u00f3\u017aniej ulepszy\u0107 pedalboard lub doda\u0107 inne ko\u0142a, wzmacnia wra\u017cenie, \u017ce kupujesz co\u015b, co \"ewoluuje\", a nie jest jednorazowe.<\/p>\n<h2>Werdykt<\/h2>\n<p>Zestaw Fanatec CSL DD Ready2Race F1 Esports Premium Bundle dla komputer\u00f3w PC wyra\u017anie przekszta\u0142ca klasyczn\u0105 konfiguracj\u0119 wy\u015bcig\u00f3w symulacyjnych w co\u015b znacznie powa\u017cniejszego. Prze\u0142\u0105czenie na nap\u0119d bezpo\u015bredni, nawet przy tak rozs\u0105dnej mocy, zmienia finezj\u0119 otrzymywanych informacji i pewno\u015b\u0107, jak\u0105 mo\u017cna pok\u0142ada\u0107 w kierownicy. Odchodzimy od wra\u017cenia \"ulepszonej zabawki\" i zbli\u017camy si\u0119 do tego, czego oczekujemy od sprz\u0119tu zorientowanego na wydajno\u015b\u0107.<\/p>\n<p>Na rynku ten zestaw jest pozycjonowany jako \u015bredniej klasy pivot: znacznie powy\u017cej podstawowych k\u00f3\u0142 zamachowych z paskami lub przek\u0142adniami, ale bez przesady i koszt\u00f3w ekskluzywnych nap\u0119d\u00f3w bezpo\u015brednich z najwy\u017cszej p\u00f3\u0142ki. Jest to idealne rozwi\u0105zanie dla tych, kt\u00f3rzy je\u017cd\u017c\u0105 g\u0142\u00f3wnie na komputerach PC, chc\u0105 gotowego zestawu i oczekuj\u0105 powa\u017cnych post\u0119p\u00f3w bez konieczno\u015bci corocznej wymiany ca\u0142ego sprz\u0119tu.<\/p>\n<p>Je\u015bli szukasz pakietu plug &amp; play dla komputera PC, zdolnego do otwarcia \u015bwiata Direct Drive z typow\u0105 kierownic\u0105 F1\/GT i du\u017cym zakresem rozwoju, ten produkt mo\u017ce wyra\u017anie zmieni\u0107 twoj\u0105 konfiguracj\u0119.<\/p>","protected":false},"excerpt":{"rendered":"<p>Ten zestaw da\u0142 mi poczucie przej\u015bcia z \"przyzwoitej\" konfiguracji do naprawd\u0119 powa\u017cnego narz\u0119dzia do jazdy, z precyzyjn\u0105 kierownic\u0105 i czytelnym si\u0142owym sprz\u0119\u017ceniem zwrotnym, kt\u00f3re szybko wzbudzi\u0142o zaufanie. Przede wszystkim ma to sens dla zmotywowanych kierowc\u00f3w symulator\u00f3w PC z nowoczesn\u0105 orientacj\u0105 F1\/GT, kt\u00f3rzy chc\u0105 zrobi\u0107 prawdziwy krok naprz\u00f3d bez wchodzenia na najwy\u017cszy poziom rynku. Inwestycja pozostaje sp\u00f3jna dzi\u0119ki rozwijaj\u0105cemu si\u0119 ekosystemowi.<\/p>","protected":false},"featured_media":100948,"comment_status":"open","ping_status":"closed","template":"","meta":{"_acf_changed":false,"_et_pb_use_builder":"","_et_pb_old_content":"","_et_gb_content_width":""},"product_brand":[158],"product_cat":[161,173],"product_tag":[149],"class_list":{"0":"post-100947","1":"product","2":"type-product","3":"status-publish","4":"has-post-thumbnail","6":"product_brand-fanatec","7":"product_cat-volant","8":"product_cat-volants-fanatec","9":"product_tag-pc","11":"first","12":"instock","13":"shipping-taxable","14":"product-type-external"},"acf":[],"_links":{"self":[{"href":"https:\/\/simracergear.com\/pl\/wp-json\/wp\/v2\/product\/100947","targetHints":{"allow":["GET"]}}],"collection":[{"href":"https:\/\/simracergear.com\/pl\/wp-json\/wp\/v2\/product"}],"about":[{"href":"https:\/\/simracergear.com\/pl\/wp-json\/wp\/v2\/types\/product"}],"replies":[{"embeddable":true,"href":"https:\/\/simracergear.com\/pl\/wp-json\/wp\/v2\/comments?post=100947"}],"wp:featuredmedia":[{"embeddable":true,"href":"https:\/\/simracergear.com\/pl\/wp-json\/wp\/v2\/media\/100948"}],"wp:attachment":[{"href":"https:\/\/simracergear.com\/pl\/wp-json\/wp\/v2\/media?parent=100947"}],"wp:term":[{"taxonomy":"product_brand","embeddable":true,"href":"https:\/\/simracergear.com\/pl\/wp-json\/wp\/v2\/product_brand?post=100947"},{"taxonomy":"product_cat","embeddable":true,"href":"https:\/\/simracergear.com\/pl\/wp-json\/wp\/v2\/product_cat?post=100947"},{"taxonomy":"product_tag","embeddable":true,"href":"https:\/\/simracergear.com\/pl\/wp-json\/wp\/v2\/product_tag?post=100947"}],"curies":[{"name":"wp","href":"https:\/\/api.w.org\/{rel}","templated":true}]}}