{"id":100985,"date":"2025-05-15T07:57:00","date_gmt":"2025-05-15T07:57:00","guid":{"rendered":"https:\/\/simracergear.com\/products\/fanatec-csl-dd-ready2race-nascar-bundle-for-xbox-pc\/"},"modified":"2025-11-28T04:54:59","modified_gmt":"2025-11-28T04:54:59","slug":"fanatec-csl-dd-ready2race-nascar-bundle-for-xbox-pc","status":"publish","type":"product","link":"https:\/\/simracergear.com\/pl\/products\/fanatec-csl-dd-ready2race-nascar-bundle-for-xbox-pc\/","title":{"rendered":"Zestaw Fanatec CSL DD Ready2Race NASCAR na konsole Xbox i komputery PC"},"content":{"rendered":"<h2>Fanatec CSL DD Ready2Race NASCAR Bundle: prawdziwy skok w kierunku gotowego do u\u017cycia nap\u0119du bezpo\u015bredniego<\/h2>\n<p>Zestaw CSL DD Ready2Race NASCAR jest wyra\u017anie skierowany do konkretnej niszy: oferuj\u0105c prawdziwe wra\u017cenia z jazdy Direct Drive, gotowe do u\u017cycia, bez przekraczania bud\u017cetu lub monta\u017cu. Jest to zestaw przeznaczony dla konsol Xbox i komputer\u00f3w PC, z podstaw\u0105 CSL DD, kierownic\u0105 NASCAR i podstawowymi peda\u0142ami Fanatec. Innymi s\u0142owy: wszystko, czego potrzebujesz, aby przej\u015b\u0107 od klasycznej kierownicy z si\u0142owym sprz\u0119\u017ceniem zwrotnym do powa\u017cnej konfiguracji wy\u015bcigowej.<\/p>\n<p>Ten pakiet jest atrakcyjny, poniewa\u017c spe\u0142nia kilka wymaga\u0144 jednocze\u015bnie: kompaktowy nap\u0119d bezpo\u015bredni, kompatybilno\u015b\u0107 z konsolami, licencja NASCAR dla fan\u00f3w owalu i rozwijaj\u0105cy si\u0119 ekosystem. Idea jest prosta: pod\u0142\u0105czasz, dostosowujesz kilka ustawie\u0144 i odkrywasz, jak to jest naprawd\u0119 poczu\u0107, jak dzia\u0142a samoch\u00f3d.<\/p>\n<p>M\u00f3j punkt widzenia jest tutaj jasny: precyzja, wyczucie jazdy, codzienny komfort i og\u00f3lna sp\u00f3jno\u015b\u0107 zestawu. Czy ten pakiet naprawd\u0119 przenosi ci\u0119 do innego \u015bwiata w por\u00f3wnaniu z kierownic\u0105 nap\u0119dzan\u0105 paskiem? Czy kierownica NASCAR, kt\u00f3ra jest do\u015b\u0107 charakterystyczna w swoim kszta\u0142cie i stylu, nadal dobrze czuje si\u0119 poza owalem? A przede wszystkim, czy jest to warte inwestycji dla graczy konsolowych lub PC, kt\u00f3rzy chc\u0105 przenie\u015b\u0107 si\u0119 na wy\u017cszy poziom bez nadwyr\u0119\u017cania swojego bud\u017cetu?<\/p>\n<h2>Design i wykonanie: kompaktowy, powa\u017cny, z bardzo charakterystyczn\u0105 kierownic\u0105<\/h2>\n<p>Wizualnie, podstawa CSL DD wygl\u0105da bardzo \"simracerowo\", w dobrym tego s\u0142owa znaczeniu. Dzi\u0119ki kompaktowemu formatowi i metalowemu blokowi z du\u017cym radiatorem wok\u00f3\u0142 kraw\u0119dzi, emanuje solidno\u015bci\u0105 i powag\u0105. W r\u0119ku g\u0119sto\u015b\u0107 bloku jest uspokajaj\u0105ca: nic nie brzmi pusto, nic si\u0119 nie porusza, gdy jest prawid\u0142owo przymocowane do kokpitu lub solidnego sto\u0142u. Mo\u017cna odnie\u015b\u0107 wra\u017cenie, \u017ce wytrzyma on wiele godzin wy\u015bcig\u00f3w bez najmniejszego uszczerbku.<\/p>\n<p>Kierownica NASCAR zdecydowanie przyci\u0105ga wzrok. Klasyczny okr\u0105g\u0142y kszta\u0142t, du\u017ca \u015brednica, uchwyt pokryty materia\u0142em \u0142\u0105cz\u0105cym gum\u0119 i piank\u0119, o do\u015b\u0107 mocnym wyczuciu. Chwyt jest natychmiastowy: naprawd\u0119 czujesz si\u0119, jakby\u015b trzyma\u0142 kierownic\u0119 samochodu seryjnego, do\u015b\u0107 grub\u0105 i pe\u0142n\u0105 w d\u0142oniach. \u0141opatki z ty\u0142u kierownicy zapewniaj\u0105 przyzwoite wyczucie, cho\u0107 nie dor\u00f3wnuj\u0105 poziomem kierownicom z najwy\u017cszej p\u00f3\u0142ki, ale skok jest wyra\u017any i precyzyjny.<\/p>\n<p>Zaskakuj\u0105ca jest og\u00f3lna sp\u00f3jno\u015b\u0107: kompaktowa podstawa, imponuj\u0105ce ko\u0142o zamachowe, prosty, ale sztywny mechanizm korbowy. Mechanizm korbowy dostarczony w tym zestawie pozostaje podstawowy (brak oryginalnego ogniwa obci\u0105\u017cnikowego). Mimo to metalowa konstrukcja jest solidna, peda\u0142y nie chwiej\u0105 si\u0119, a op\u00f3r hamowania jest odpowiedni dla pocz\u0105tkuj\u0105cych, nawet je\u015bli brakuje mu troch\u0119 progresywno\u015bci dla tych, kt\u00f3rzy lubi\u0105 hamowa\u0107 \"wyczuciem prawej stopy\".<\/p>\n<p>W por\u00f3wnaniu do konkurent\u00f3w w tym samym zakresie, CSL DD pozostaje o krok wy\u017cej pod wzgl\u0119dem postrzeganej jako\u015bci samej podstawy. Kierownica jest bardziej \"fanem NASCAR\" ni\u017c \"wszechstronnym urz\u0105dzeniem premium\", ale jej solidna konstrukcja ani przez chwil\u0119 nie budzi w\u0105tpliwo\u015bci, jak d\u0142ugo wytrzyma. Jedynym prawdziwym minusem s\u0105 peda\u0142y, kt\u00f3re szybko staj\u0105 si\u0119 ograniczone, gdy zaczynasz wymaga\u0107 hamowania.<\/p>\n<h2>Ustawienia, personalizacja i kompatybilno\u015b\u0107: kompletny ekosystem, kt\u00f3ry wci\u0105\u017c wymaga okie\u0142znania<\/h2>\n<p>Po pod\u0142\u0105czeniu do komputera PC lub konsoli Xbox ca\u0142y system jest zintegrowany. Na komputerze PC oprogramowanie Fanatec Control Panel pozwala precyzyjnie dostroi\u0107 FFB, k\u0105t obrotu, filtry i og\u00f3ln\u0105 si\u0142\u0119. Na konsoli polegasz bardziej na wewn\u0119trznych ustawieniach gry i parametrach dost\u0119pnych bezpo\u015brednio z kierownicy i podstawy za po\u015brednictwem ekranu i przycisk\u00f3w. Nie jest to skomplikowane, ale trzeba si\u0119 troch\u0119 nauczy\u0107, by w pe\u0142ni wykorzysta\u0107 mo\u017cliwo\u015bci.<\/p>\n<p>Oryginalne ustawienia wst\u0119pne s\u0105 u\u017cyteczne, ale nieco og\u00f3lne. Ciekawie robi si\u0119, gdy zaczynamy regulowa\u0107 maksymaln\u0105 si\u0142\u0119, filtr FFB, liniowo\u015b\u0107 i amortyzator. Przy odrobinie luzu osi\u0105gasz punkt, w kt\u00f3rym samoch\u00f3d naprawd\u0119 m\u00f3wi, a kierownica nie staje si\u0119 gwa\u0142towna ani m\u0119cz\u0105ca. Wtedy zdajesz sobie spraw\u0119, \u017ce baza ma potencja\u0142 i \u017ce pakiet nie jest tylko zestawem \"pod\u0142\u0105cz i m\u00f3dl si\u0119\".<\/p>\n<p>Je\u015bli chodzi o kompatybilno\u015b\u0107, obietnica Xbox i PC zosta\u0142a dotrzymana, a wszystkie du\u017ce obecne tytu\u0142y wy\u015bcigowe i simcade s\u0105 obs\u0142ugiwane bez najmniejszego problemu. Du\u017c\u0105 zalet\u0105 Fanatec jest ekosystem: je\u015bli chcesz zmieni\u0107 kierownic\u0119 (GT, F1, rally), mo\u017cesz to zrobi\u0107. Je\u015bli chcesz prze\u0142\u0105czy\u0107 si\u0119 na peda\u0142 load cell lub H shifter, pozostajesz w tej samej rodzinie produkt\u00f3w. Pakiet wyra\u017anie dzia\u0142a jako brama do szerszego \u015brodowiska.<\/p>\n<p>Pod wzgl\u0119dem skalowalno\u015bci, baza CSL DD jest prawdziwym filarem. Z pewno\u015bci\u0105 wytrzyma kilka lat progresji. Kierownica NASCAR spodoba si\u0119 g\u0142\u00f3wnie fanom owalu, ale nadal jest wygodna na klasycznym torze. Tymczasem mechanizm korbowy b\u0119dzie prawdopodobnie pierwsz\u0105 cz\u0119\u015bci\u0105, kt\u00f3ra ewoluuje, je\u015bli powa\u017cnie traktujesz wy\u015bcigi symulacyjne.<\/p>\n<h2>Wra\u017cenia w grze: Direct Drive, kt\u00f3ry naprawd\u0119 robi r\u00f3\u017cnic\u0119<\/h2>\n<p>Na torze najwyra\u017aniejsz\u0105 zmian\u0105 w por\u00f3wnaniu z kierownic\u0105 nap\u0119dzan\u0105 paskiem lub przek\u0142adni\u0105 jest czysto\u015b\u0107 si\u0142owego sprz\u0119\u017cenia zwrotnego. FFB w CSL DD jest bardzo \u0142atwe do odczytania. Mo\u017cna wyczu\u0107 przenoszenie obci\u0105\u017cenia, pocz\u0105tki utraty przyczepno\u015bci, nier\u00f3wno\u015bci i wibracje bez zadzior\u00f3w i nadmiernej mi\u0119kko\u015bci. Sygna\u0142 jest czysty, szczeg\u00f3\u0142owy, a przede wszystkim bardzo czu\u0142y.<\/p>\n<p>W zakr\u0119tach spos\u00f3b, w jaki samoch\u00f3d \"obci\u0105\u017ca\" przedni\u0105 o\u015b, przek\u0142ada si\u0119 na progresywny moment obrotowy, nigdy brutalny. Czujesz, jak kierownica napina si\u0119 przy wej\u015bciu, a nast\u0119pnie lekko rozlu\u017ania, gdy przekroczysz limit przyczepno\u015bci. W przypadku konwencjonalnej kierownicy to przej\u015bcie jest cz\u0119sto rozmyte lub przesadzone. Tutaj granica jest wyra\u017aniejsza i lepiej rozumiesz, gdzie jest granica. Zaczynasz \"czyta\u0107\" tor, a nie tylko reagowa\u0107 na trz\u0119s\u0105c\u0105 si\u0119 kierownic\u0119.<\/p>\n<p>Odczytywanie przyczepno\u015bci jest jedn\u0105 z mocnych stron tego samochodu. Na owalu NASCAR jest to oczywiste: gdy samoch\u00f3d wspina si\u0119 nieco za wysoko, uderza w zakurzon\u0105 stref\u0119 lub gdy nieco wymuszasz nadsterowno\u015b\u0107 na wyj\u015bciu, kierownica ostrzega. Mo\u017cesz poczu\u0107 nadchodz\u0105cy po\u015blizg, zamiast by\u0107 na niego nara\u017conym. Na torach drogowych jest tak samo, gdy mocno naciskasz: Direct Drive daje wra\u017cenie ci\u0105g\u0142o\u015bci informacji, bez przerw i sztucznych wstrz\u0105s\u00f3w.<\/p>\n<p>Wibratory s\u0105 reprodukowane w czysty, ale nie kruchy spos\u00f3b. Mo\u017cna poczu\u0107 tekstur\u0119 i ziarnisto\u015b\u0107 utworu, bez brzmienia jak m\u0142ot pneumatyczny. Na mniej powa\u017cnych zestawach albo nie czujesz zbyt wiele, albo wszystko albo nic. W przypadku CSL DD wariacje s\u0105 w porz\u0105dku: ma\u0142y p\u0142aski wibrator, du\u017cy agresywny wibrator, lekko stopniowana kraw\u0119d\u017a toru, wszystko ma inn\u0105 sygnatur\u0119 na kierownicy.<\/p>\n<p>Podczas d\u0142ugich sesji sp\u00f3jno\u015b\u0107 jest bardzo odczuwalna. Wspornik \u0142a\u0144cucha nie nagrzewa si\u0119 do punktu, w kt\u00f3rym zauwa\u017calnie traci moment obrotowy w tej konfiguracji, a odczucia pozostaj\u0105 takie same od pocz\u0105tku do ko\u0144ca sztafety. Zm\u0119czenie ramion b\u0119dzie oczywi\u015bcie zale\u017ce\u0107 od ustawienia si\u0142y, ale przy zr\u00f3wnowa\u017conym ustawieniu mo\u017cna przej\u015b\u0107 od jednego biegu do drugiego bez wyczerpania. Jest mocny, ale nie niepotrzebnie brutalny.<\/p>\n<p>Szybkie korekty to kolejny obszar, w kt\u00f3rym Direct Drive zmienia sytuacj\u0119. Gdy ty\u0142 si\u0119 zatrzymuje, kierownica natychmiast wysy\u0142a informacj\u0119 zwrotn\u0105. Baza reaguje szybko, bez odczuwalnego op\u00f3\u017anienia, co pomaga wychwyci\u0107 nieoczekiwany drift lub nadsterowno\u015b\u0107. W przypadku mniej wydajnych i bardziej przefiltrowanych \u0142a\u0144cuch\u00f3w kierownica cz\u0119sto reaguje nieco za p\u00f3\u017ano, przez co odzyskiwanie jest bardziej niezdecydowane. W tym przypadku kierownica od razu wchodzi na swoje miejsce: ty skr\u0119casz, a samoch\u00f3d pod\u0105\u017ca za tob\u0105.<\/p>\n<p>W por\u00f3wnaniu do mocniejszej bazy z najwy\u017cszej p\u00f3\u0142ki, tracimy troch\u0119 pod wzgl\u0119dem maksymalnego surowego momentu obrotowego i mo\u017cliwej przemocy FFB, ale nie o to tutaj chodzi. Dla wi\u0119kszo\u015bci graczy moc CSL DD w tym zestawie jest ju\u017c wi\u0119cej ni\u017c wystarczaj\u0105ca. Liczy si\u0119 precyzja i szybko\u015b\u0107 powrotu, a tutaj jeste\u015bmy ju\u017c w innej kategorii ni\u017c klasyczne lotki \u015bredniej klasy. Odnosi si\u0119 bardzo przyjemne wra\u017cenie, \u017ce samoch\u00f3d jest \"po\u0142\u0105czony\" z twoimi r\u0119kami. Od razu rozumie si\u0119, co samoch\u00f3d robi.<\/p>\n<h2>Dla kogo jest przeznaczony? Mocne strony i ograniczenia pakietu<\/h2>\n<p>Ten zestaw jest wyra\u017anie skierowany do zmotywowanych graczy, zar\u00f3wno na Xbox, jak i PC, kt\u00f3rzy chc\u0105 przej\u015b\u0107 na Direct Drive bez konieczno\u015bci dokonywania wybor\u00f3w dotycz\u0105cych ka\u017cdego elementu. Jest on szczeg\u00f3lnie odpowiedni dla os\u00f3b \u015brednio zaawansowanych: tych, kt\u00f3rzy je\u017adzili ju\u017c na pasku lub kole z\u0119batym i chc\u0105 wreszcie zobaczy\u0107, co konkretnie zmienia Direct Drive, bez wchodzenia w skomplikowane konfiguracje.<\/p>\n<p>To, co najbardziej podoba mi si\u0119 w tym pakiecie, to przede wszystkim sama baza CSL DD: kompaktowa, powa\u017cna, z precyzyjnym FFB, kt\u00f3ry naprawd\u0119 zmienia odczucia na torze. Kierownica NASCAR dodaje prawdziwej to\u017csamo\u015bci, z wygodnym uchwytem i du\u017c\u0105 \u015brednic\u0105, idealn\u0105 do wy\u015bcig\u00f3w owalnych i bardzo poprawn\u0105 na torze drogowym. Integracja z konsol\u0105 i komputerem PC oraz dost\u0119p do ca\u0142ego ekosystemu Fanatec r\u00f3wnie\u017c stanowi\u0105 prawdziw\u0105 r\u00f3\u017cnic\u0119: wiesz, \u017ce mo\u017cesz ulepszy\u0107 swoj\u0105 konfiguracj\u0119 bez wyrzucania wszystkiego.<\/p>\n<p>S\u0105 pewne ograniczenia i trzeba o nich pami\u0119ta\u0107. Podstawowy mechanizm korbowy jest zdecydowanie najs\u0142abszym ogniwem w ca\u0142ym pakiecie: je\u015bli jeste\u015b zadowolony z jazdy dla zabawy lub odkrywania wy\u015bcig\u00f3w symulacyjnych, jest w porz\u0105dku, ale gdy tylko zaczniesz szuka\u0107 precyzji podczas hamowania, przej\u015bcie na mechanizm korbowy z ogniwem obci\u0105\u017ceniowym staje si\u0119 prawie obowi\u0105zkowe. Kierownica w stylu NASCAR nie spodoba si\u0119 ka\u017cdemu: niekt\u00f3rzy b\u0119d\u0105 woleli bardziej wszechstronn\u0105 kierownic\u0119 w stylu GT lub F1. Wreszcie, nawet je\u015bli ten zestaw jest atrakcyjny dla Direct Drive, nadal jest to znaczna inwestycja, zw\u0142aszcza je\u015bli dodasz kokpit godny tej nazwy.<\/p>\n<p>Pod wzgl\u0119dem postrzeganej warto\u015bci, je\u015bli planujesz je\u017adzi\u0107 regularnie, robi\u0107 post\u0119py i przewidujesz t\u0119 konfiguracj\u0119 przez kilka lat, pakiet ma sens. P\u0142acisz wi\u0119cej ni\u017c za standardowy zestaw podstawowy, ale unikasz te\u017c frustracji zwi\u0105zanej z konieczno\u015bci\u0105 szybkiej wymiany wszystkiego. Przede wszystkim, pieni\u0105dze w\u0142o\u017cone w baz\u0119 to solidna inwestycja. Mo\u017cna odnie\u015b\u0107 wra\u017cenie, \u017ce jest to serce konfiguracji, kt\u00f3ra jest w stanie nad\u0105\u017cy\u0107 za prawdziw\u0105 modernizacj\u0105.<\/p>\n<h2>Werdykt: doskona\u0142y i powa\u017cny punkt wej\u015bcia do Direct Drive<\/h2>\n<p>Zestaw Fanatec CSL DD Ready2Race NASCAR Bundle zmienia co\u015b fundamentalnego w konfiguracji: wprowadza prawdziwy Direct Drive, czysty i responsywny, w gotowym pakiecie kompatybilnym z Xbox i PC. Przechodzimy od gry do prawdziwego wra\u017cenia z jazdy, z kierownic\u0105, kt\u00f3ra informuje, a nie t\u0142umi.<\/p>\n<p>Na rynku ten zestaw jest pozycjonowany jako solidna \u015brednia p\u00f3\u0142ka, ale z podstaw\u0105, kt\u00f3ra wyra\u017anie gra powa\u017cn\u0105 kart\u0119. Nie jest to ultra-mocny top-of-the-range, ale nie jest to wcale entry-level. To w\u0142a\u015bnie na tym kluczowym poziomie r\u00f3\u017cnica w odczuciach staje si\u0119 oczywista, nawet dla nietechnicznych u\u017cytkownik\u00f3w.<\/p>\n<p>Poleci\u0142bym go tym, kt\u00f3rzy chc\u0105 zrobi\u0107 prawdziwy krok naprz\u00f3d w jako\u015bci bez wchodzenia w skomplikowane dostosowywanie: \u015brednio zaawansowani simracerzy, wysoce zmotywowani pocz\u0105tkuj\u0105cy gotowi do inwestowania, gracze konsolowi, kt\u00f3rzy chc\u0105 konfiguracji, kt\u00f3ra nie wygl\u0105da jak zabawka. Z drugiej strony, je\u015bli tw\u00f3j bud\u017cet jest bardzo ograniczony lub je\u015bli celujesz bezpo\u015brednio w najwy\u017cszej klasy pedalboard i ultra-specyficzn\u0105 kierownic\u0119, bardziej interesuj\u0105ce mo\u017ce by\u0107 z\u0142o\u017cenie konfiguracji kawa\u0142ek po kawa\u0142ku.<\/p>\n<p>Je\u015bli szukasz powa\u017cnego, skalowalnego zestawu Direct Drive, kt\u00f3ry jest ju\u017c bardzo wci\u0105gaj\u0105cy, ten produkt mo\u017ce wyra\u017anie zmieni\u0107 Twoj\u0105 konfiguracj\u0119.<\/p>","protected":false},"excerpt":{"rendered":"<p>Ten pakiet zapewnia prawdziw\u0105 luk\u0119 w doznaniach z jazdy: Direct Drive sprawia, \u017ce samoch\u00f3d jest bardziej czytelny, bardziej \"po\u0142\u0105czony\" z d\u0142o\u0144mi, bez gubienia si\u0119 w z\u0142o\u017cono\u015bci. Przede wszystkim ma to sens dla zmotywowanych graczy Xbox\/PC, kt\u00f3rzy s\u0105 ju\u017c zm\u0119czeni podstawowymi kierownicami i s\u0105 gotowi inwestowa\u0107 przez kilka lat. Podstawa CSL DD sprawia, \u017ce jest to sp\u00f3jny i trwa\u0142y wyb\u00f3r, pomimo doskona\u0142ego pedalboardu.<\/p>","protected":false},"featured_media":100986,"comment_status":"open","ping_status":"closed","template":"","meta":{"_acf_changed":false,"_et_pb_use_builder":"","_et_pb_old_content":"","_et_gb_content_width":""},"product_brand":[158],"product_cat":[161,173,170,169],"product_tag":[149,160],"class_list":{"0":"post-100985","1":"product","2":"type-product","3":"status-publish","4":"has-post-thumbnail","6":"product_brand-fanatec","7":"product_cat-volant","8":"product_cat-volants-fanatec","9":"product_cat-volants-xbox-one","10":"product_cat-volants-xbox-series-x-s","11":"product_tag-pc","12":"product_tag-xbox","14":"first","15":"instock","16":"shipping-taxable","17":"product-type-external"},"acf":[],"_links":{"self":[{"href":"https:\/\/simracergear.com\/pl\/wp-json\/wp\/v2\/product\/100985","targetHints":{"allow":["GET"]}}],"collection":[{"href":"https:\/\/simracergear.com\/pl\/wp-json\/wp\/v2\/product"}],"about":[{"href":"https:\/\/simracergear.com\/pl\/wp-json\/wp\/v2\/types\/product"}],"replies":[{"embeddable":true,"href":"https:\/\/simracergear.com\/pl\/wp-json\/wp\/v2\/comments?post=100985"}],"wp:featuredmedia":[{"embeddable":true,"href":"https:\/\/simracergear.com\/pl\/wp-json\/wp\/v2\/media\/100986"}],"wp:attachment":[{"href":"https:\/\/simracergear.com\/pl\/wp-json\/wp\/v2\/media?parent=100985"}],"wp:term":[{"taxonomy":"product_brand","embeddable":true,"href":"https:\/\/simracergear.com\/pl\/wp-json\/wp\/v2\/product_brand?post=100985"},{"taxonomy":"product_cat","embeddable":true,"href":"https:\/\/simracergear.com\/pl\/wp-json\/wp\/v2\/product_cat?post=100985"},{"taxonomy":"product_tag","embeddable":true,"href":"https:\/\/simracergear.com\/pl\/wp-json\/wp\/v2\/product_tag?post=100985"}],"curies":[{"name":"wp","href":"https:\/\/api.w.org\/{rel}","templated":true}]}}