{"id":101050,"date":"2025-05-15T07:59:00","date_gmt":"2025-05-15T07:59:00","guid":{"rendered":"https:\/\/simracergear.com\/products\/fanatec-csl-pedals-lc\/"},"modified":"2025-11-28T04:58:41","modified_gmt":"2025-11-28T04:58:41","slug":"fanatec-csl-pedals-lc","status":"publish","type":"product","link":"https:\/\/simracergear.com\/pl\/products\/fanatec-csl-pedals-lc\/","title":{"rendered":"Peda\u0142y Fanatec CSL LC"},"content":{"rendered":"<p>W ma\u0142ym \u015bwiecie korb wy\u015bcigowych Fanatec CSL Pedals LC zajmuje bardzo szczeg\u00f3lne miejsce: cz\u0119sto jest to pierwszy naprawd\u0119 \"powa\u017cny\" mechanizm korbowy z dost\u0119pnym ogniwem obci\u0105\u017cnikowym, kt\u00f3ry przenosi ci\u0119 z podstawowej konfiguracji do czego\u015b znacznie bardziej wiarygodnego. Przede wszystkim obiecuje jedno: zmieni\u0107 hamowanie, a tym samym czasy okr\u0105\u017ce\u0144, bez konieczno\u015bci posiadania kokpitu zawodniczego lub szalonego bud\u017cetu.<\/p>\n<p>Ze swojej strony podchodz\u0119 do tego z bardzo prostego punktu widzenia: czy ten pedalboard oferuje rzeczywisty wzrost sp\u00f3jno\u015bci, precyzji i pewno\u015bci siebie w por\u00f3wnaniu do podstawowych peda\u0142\u00f3w potencjometrycznych? Czy wytrzymuje up\u0142yw czasu, nie staj\u0105c si\u0119 gniazdem mechanicznych luz\u00f3w i dziwnych skrzypie\u0144? A przede wszystkim, czy zas\u0142uguje na to, by pozosta\u0107 w centrum ewoluuj\u0105cej konfiguracji, czy te\u017c jest to tylko przystanek przed osi\u0105gni\u0119ciem wy\u017cszego poziomu?<\/p>\n<p>Peda\u0142y CSL LC s\u0105 atrakcyjne, poniewa\u017c obiecuj\u0105 hamowanie ci\u015bnieniowe, tak jak w zawodach, w kompaktowym formacie, kt\u00f3ry jest kompatybilny z komputerami PC i konsolami oraz zintegrowany z ekosystemem Fanatec. Kr\u00f3tko m\u00f3wi\u0105c: znaczna poprawa odczu\u0107 przy rozs\u0105dnej barierze wej\u015bcia. Pytanie brzmi, czy rzeczywi\u015bcie zapewnia ten skok jako\u015bciowy, czy te\u017c przepa\u015b\u0107 w stosunku do wy\u017cszej klasy mechanizm\u00f3w korbowych pozostaje zbyt du\u017ca.<\/p>\n<h2>Projektowanie i produkcja<\/h2>\n<p>Po wyj\u0119ciu CSL Pedals LC z pude\u0142ka pierwsze wra\u017cenie jest uspokajaj\u0105ce: metalowa konstrukcja, matowe czarne wyko\u0144czenie, stonowany, ale nie tani wygl\u0105d. Ramiona peda\u0142\u00f3w wykonane s\u0105 ze stali, a podstawa wygl\u0105da na zwart\u0105, bez widocznego ugi\u0119cia. Mo\u017cna powiedzie\u0107, \u017ce produkt jest wyra\u017anie skierowany do powa\u017cnej \u015bredniej klasy, z dala od plastikowych zabawek, ale bez rozpusty obrabianego aluminium, kt\u00f3re mo\u017cna znale\u017a\u0107 w bardzo wysokiej klasy pedalboardach.<\/p>\n<p>To, co od razu rzuca si\u0119 w oczy, to prostota projektu. \u017badnych niepotrzebnych cz\u0119\u015bci, \u017cadnych zb\u0119dnych os\u0142on, wszystko jest uporz\u0105dkowane. W d\u0142oni peda\u0142y budz\u0105 zaufanie: nie skrzypi\u0105 ani nie brzmi\u0105 pusto, a mechanika emanuje solidno\u015bci\u0105. Nie ma si\u0119 wra\u017cenia, \u017ce spr\u0119\u017cyna p\u0119knie przy pierwszym du\u017cym, nieco agresywnym naci\u015bni\u0119ciu hamulca. Dzi\u0119ki przyzwoitemu kokpitowi ca\u0142o\u015b\u0107 trzyma si\u0119 pewnie, a og\u00f3lna sztywno\u015b\u0107 jest zadowalaj\u0105ca w tym segmencie cenowym.<\/p>\n<p>Jest jednak kilka zauwa\u017calnych kompromis\u00f3w. Peda\u0142y s\u0105 stosunkowo w\u0105skie, oryginalny skok jest do\u015b\u0107 kr\u00f3tki, a niekt\u00f3re cz\u0119\u015bci wt\u00f3rne wygl\u0105daj\u0105 bardziej jak zoptymalizowany kosztowo produkt przemys\u0142owy ni\u017c obrabiany klejnot. Nie jest brzydki, ale wyra\u017anie wida\u0107 r\u00f3\u017cnic\u0119 w por\u00f3wnaniu z solidnymi aluminiowymi mechanizmami korbowymi lub bardziej modu\u0142owymi konstrukcjami. Ale nadal jest to znacznie powy\u017cej tego, co mo\u017cna znale\u017a\u0107 w podstawowym zestawie z kierownic\u0105.<\/p>\n<p>W por\u00f3wnaniu do innych mechanizm\u00f3w korbowych klasy podstawowej\/\u015bredniej, og\u00f3lne wra\u017cenie jest bardziej powa\u017cne ni\u017c przeci\u0119tny produkt, bez naciskania na kopert\u0119 premium. Jest prawdziwy metalowy blok, dobrze zintegrowane ogniwo obci\u0105\u017cnikowe i geometria, kt\u00f3ra od razu sprawia wra\u017cenie bardziej \"symulatora wy\u015bcig\u00f3w\" ni\u017c \"akcesorium do konsoli\".<\/p>\n<h2>Ustawienia, personalizacja i kompatybilno\u015b\u0107<\/h2>\n<p>Je\u015bli chodzi o fizyczn\u0105 regulacj\u0119, peda\u0142y CSL LC s\u0105 stosunkowo proste, ale skuteczne. Mo\u017cesz regulowa\u0107 boczne po\u0142o\u017cenie peda\u0142\u00f3w, odleg\u0142o\u015b\u0107 mi\u0119dzy nimi i bawi\u0107 si\u0119 k\u0105tem, aby znale\u017a\u0107 wygodn\u0105 pozycj\u0119 stopy. Hamulec z ogniwem obci\u0105\u017cnikowym ma r\u00f3\u017cne mieszanki gumy i spr\u0119\u017cyn\u0119 do regulacji twardo\u015bci i progresywno\u015bci. Nie mo\u017cna go dostosowa\u0107 w niesko\u0144czono\u015b\u0107, ale jest wi\u0119cej ni\u017c wystarczaj\u0105cy dla wi\u0119kszo\u015bci u\u017cytkownik\u00f3w.<\/p>\n<p>Prawdziwym kluczem jest kalibracja i ustawienia w oprogramowaniu Fanatec. Na komputerze PC, za po\u015brednictwem Fanalab lub sterownika, mo\u017cna dostosowa\u0107 czu\u0142o\u015b\u0107 ogniwa obci\u0105\u017cnikowego, okre\u015bli\u0107, kt\u00f3ry poziom ci\u015bnienia odpowiada 100 % hamulca i dostosowa\u0107 krzyw\u0105 odpowiedzi. Pierwsza sesja zajmuje troch\u0119 czasu, aby znale\u017a\u0107 odpowiedni kompromis: wystarczaj\u0105cy op\u00f3r, aby m\u00f3c zmierzy\u0107, bez skurcz\u00f3w po kilku okr\u0105\u017ceniach. Kiedy ju\u017c si\u0119 to opanuje, trudno jest dotkn\u0105\u0107 czegokolwiek innego.<\/p>\n<p>Na konsoli tracisz cz\u0119\u015b\u0107 finezji ustawie\u0144 oprogramowania, ale pedalboard jest nadal w pe\u0142ni u\u017cyteczny po pod\u0142\u0105czeniu do kompatybilnej bazy Fanatec. Hamulec pozostaje regulowany za po\u015brednictwem menu bazy, a w praktyce szybko uzyskuje si\u0119 co\u015b sp\u00f3jnego w grze. Ekosystem Fanatec odgrywa tutaj prawdziw\u0105 rol\u0119: kierownica, mechanizm korbowy, manetka, wszystko komunikuje si\u0119 ze sob\u0105 bez majsterkowania.<\/p>\n<p>Pod wzgl\u0119dem kompatybilno\u015bci pedalboard jest skierowany przede wszystkim do tych, kt\u00f3rzy je\u017cd\u017c\u0105 z baz\u0105 Fanatec, ale mo\u017ce by\u0107 r\u00f3wnie\u017c u\u017cywany na komputerze PC przez bezpo\u015brednie USB, co otwiera drzwi dla innych baz innych marek. Z tego punktu widzenia mo\u017ce s\u0142u\u017cy\u0107 jako solidny punkt wej\u015bcia do \u015bwiata wy\u015bcig\u00f3w symulacyjnych, pozostaj\u0105c jednocze\u015bnie istotnym dla ewoluuj\u0105cej konfiguracji. Nie jest to ultramodu\u0142owy mechanizm korbowy, ale w swoim segmencie spe\u0142nia podstawowe wymagania, nie przyprawiaj\u0105c przy tym o b\u00f3l g\u0142owy.<\/p>\n<h2>Stawk\u0105 s\u0105 doznania<\/h2>\n<p>To w\u0142a\u015bnie na wirtualnym torze CSL Pedals LC naprawd\u0119 pokazuje, na co go sta\u0107. Hamulec z ogniwem obci\u0105\u017cnikowym zmienia spos\u00f3b jazdy. Nie my\u015blisz ju\u017c w kategoriach \"jak mocno naciskam na peda\u0142\", ale w kategoriach \"jak du\u017cy nacisk wywieram\". Ta mentalna zmiana sprawia, \u017ce jazda staje si\u0119 bardziej naturalna. Hamujesz tak, jak w prawdziwym samochodzie: naciskasz, czujesz op\u00f3r, modulujesz. M\u00f3zg natychmiast rozumie ten j\u0119zyk.<\/p>\n<p>Na wej\u015bciu w zakr\u0119t precyzja jest znacznie wi\u0119ksza ni\u017c w przypadku standardowego hamulca z potencjometrem. Mo\u017cna naprawd\u0119 ustabilizowa\u0107 po\u015brednie ci\u015bnienie w hamulcu, przytrzyma\u0107 lekkie hamowanie podczas hamowania na szlaku i stopniowo zwalnia\u0107 bez nag\u0142ego efektu progowego. Tam, gdzie podstawowy mechanizm korbowy cz\u0119sto daje wra\u017cenie hamowania \"w\u0142\u0105cz\/wy\u0142\u0105cz\", tutaj pojawiaj\u0105 si\u0119 niuanse. Masz lepsze wyczucie, gdzie znajduje si\u0119 granica blokady, szczeg\u00f3lnie w bardziej wymagaj\u0105cych symulacjach.<\/p>\n<p>Je\u015bli chodzi o przyczepno\u015b\u0107, kombinacja peda\u0142u hamulca i przyspieszenia spe\u0142nia swoje zadanie. Hamulec dobrze przekazuje zmiany przyczepno\u015bci poprzez niezb\u0119dne ci\u015bnienie. Wyra\u017anie wida\u0107, kiedy opony zaczynaj\u0105 si\u0119 nasyca\u0107: samoch\u00f3d staje si\u0119 l\u017cejszy, kierownica reaguje, a optymalne ci\u015bnienie staje si\u0119 \u0142atwiejsze do zidentyfikowania i powt\u00f3rzenia. Z okr\u0105\u017cenia na okr\u0105\u017cenie nabierasz pewno\u015bci siebie. Jest to typowy rodzaj peda\u0142u, kt\u00f3ry pomaga by\u0107 bardziej konsekwentnym, a nie tylko szybszym na idealnym okr\u0105\u017ceniu.<\/p>\n<p>W przypadku wibrator\u00f3w to nie peda\u0142y opowiadaj\u0105 ca\u0142\u0105 histori\u0119, ale interakcja z kierownic\u0105. Z drugiej strony, stabilno\u015b\u0107, jak\u0105 oferuje podczas hamowania, nawet gdy zbyt mocno uderzasz w kraw\u0119\u017cniki, zapobiega wielu powa\u017cnym b\u0142\u0119dom. Noga pozostaje na pedale hamulca, nacisk jest kontrolowany, a samoch\u00f3d pozostaje pod wi\u0119ksz\u0105 kontrol\u0105. W celu szybkiej korekty w przypadku zablokowania ko\u0142a lub nieco zbyt optymistycznego wej\u015bcia, czujnik obci\u0105\u017cenia umo\u017cliwia bardzo szybkie mikroregulacje. Ledwo zwi\u0119kszysz nacisk, samoch\u00f3d wraca do linii, naciskasz ponownie. Ten rodzaj finezji jest znacznie bardziej skomplikowany w przypadku konwencjonalnego potencjometru.<\/p>\n<p>Podczas d\u0142ugich sesji wra\u017cenia zale\u017c\u0105 od wybranego ustawienia twardo\u015bci. Przy bardzo twardym hamulcu uzyskuje si\u0119 bardziej \"wy\u015bcigowe\" odczucia, ale noga mo\u017ce si\u0119 m\u0119czy\u0107 podczas d\u0142ugich bieg\u00f3w. Przy nieco bardziej mi\u0119kkim ustawieniu zachowujesz precyzj\u0119 bez rujnowania \u0142ydki. Og\u00f3lnie rzecz bior\u0105c, po znalezieniu odpowiedniego kompromisu, mechanizm korbowy pozostaje wygodny podczas d\u0142ugich sesji, a sp\u00f3jno\u015b\u0107 ogniwa obci\u0105\u017cnikowego pomaga odtworzy\u0107 te same naciski okr\u0105\u017cenie po okr\u0105\u017ceniu. M\u00f3wimy tu o sp\u00f3jno\u015bci, kt\u00f3ra jest naprawd\u0119 zauwa\u017calna w czasach okr\u0105\u017ce\u0144.<\/p>\n<p>W por\u00f3wnaniu z jeszcze bardziej zaawansowanym mechanizmem korbowym (z bardziej zaawansowanym ogniwem obci\u0105\u017cnikowym lub systemem hydraulicznym), CSL Pedals LC jest oczywi\u015bcie zdeklasowany pod wzgl\u0119dem wyrafinowania, progresywno\u015bci i wyczucia \"bloku\" pod stopami. Ale w por\u00f3wnaniu ze standardowym mechanizmem korbowym, skok jest ogromny. Przechodzisz od przybli\u017conej kontroli do narz\u0119dzia, kt\u00f3re naprawd\u0119 pozwala ci pracowa\u0107 nad hamowaniem jako umiej\u0119tno\u015bci\u0105 sam\u0105 w sobie. W tym miejscu peda\u0142y zmieniaj\u0105 wra\u017cenia z gry.<\/p>\n<h2>Dla kogo to jest? Co nam si\u0119 podoba \/ Co nam si\u0119 nie podoba<\/h2>\n<p>Peda\u0142y CSL LC s\u0105 przeznaczone przede wszystkim dla zmotywowanych symulator\u00f3w wy\u015bcig\u00f3w, zar\u00f3wno zaawansowanych pocz\u0105tkuj\u0105cych, jak i \u015bredniozaawansowanych, kt\u00f3rzy chc\u0105 zrobi\u0107 wyra\u017any krok naprz\u00f3d w stosunku do oryginalnych peda\u0142\u00f3w. Na komputerach PC jest on przeznaczony zar\u00f3wno dla tych, kt\u00f3rzy \u015bcigaj\u0105 si\u0119 w najnowocze\u015bniejszych symulacjach, jak i dla bardziej zwyk\u0142ych graczy, kt\u00f3rzy chc\u0105 si\u0119 dobrze bawi\u0107 bez rozbijania banku. Na konsolach jest to bardzo dobra opcja, aby do\u0142\u0105czy\u0107 do bazy Fanatec i odej\u015b\u0107 od podstawowego zestawu all-in-one.<\/p>\n<p>Szczeg\u00f3lnie podoba mi si\u0119 stosunek ceny do jako\u015bci. Poprawa hamowania jest wyra\u017ana i namacalna oraz przek\u0142ada si\u0119 na czystsze okr\u0105\u017cenia. Po drugie, metalowa konstrukcja daje prawdziwe wra\u017cenie powa\u017cnego produktu, zdolnego wytrzyma\u0107 intensywne u\u017cytkowanie bez wzdrygania si\u0119. Wreszcie, kompatybilno\u015b\u0107 z ekosystemem Fanatec i mo\u017cliwo\u015b\u0107 korzystania z niego przez USB na komputerze sprawiaj\u0105, \u017ce jest on wystarczaj\u0105co wszechstronny, aby nad\u0105\u017cy\u0107 za zmieniaj\u0105c\u0105 si\u0119 konfiguracj\u0105. Masz wra\u017cenie, \u017ce inwestujesz w co\u015b, co ma sens w perspektywie \u015brednioterminowej.<\/p>\n<p>Istniej\u0105 jednak wyra\u017ane ograniczenia. Regulacja pozostaje bardziej ograniczona ni\u017c w przypadku wy\u017cszej klasy mechanizm\u00f3w korbowych: nie mo\u017cna ustawi\u0107 wszystkiego co do milimetra ani ca\u0142kowicie zmieni\u0107 wyczucia hamulca. Maksymalna twardo\u015b\u0107, nawet przy najtwardszych bie\u017cnikach, pozostaje ni\u017csza ni\u017c w przypadku peda\u0142\u00f3w konkurencji lub czysto eSportowych mechanizm\u00f3w korbowych, co mo\u017ce sprawi\u0107, \u017ce pury\u015bci szukaj\u0105cy ultra mocnych wra\u017ce\u0144 b\u0119d\u0105 chcieli wi\u0119cej. Wreszcie, peda\u0142 gazu i sprz\u0119g\u0142o s\u0105 przyzwoite, ale mniej uderzaj\u0105ce: wykonuj\u0105 swoj\u0105 prac\u0119, nie oferuj\u0105c takiego samego poczucia skoku jako\u015bciowego jak hamulec.<\/p>\n<p>Pod wzgl\u0119dem postrzeganej warto\u015bci, CSL Pedals LC to m\u0105dra inwestycja dla tych, kt\u00f3rzy chc\u0105 postawi\u0107 na swoim. W symulatorach wy\u015bcigowych hamulec jest cz\u0119sto elementem, kt\u00f3ry zapewnia najwi\u0119kszy post\u0119p. W tym przypadku stosunek mi\u0119dzy tym, co wydajesz, a tym, co zyskujesz na sp\u00f3jno\u015bci, jest wyra\u017anie na twoj\u0105 korzy\u015b\u0107, pod warunkiem, \u017ce zaakceptujesz, \u017ce nie jest to ostatnie s\u0142owo w absolutnym realizmie.<\/p>\n<h2>Werdykt<\/h2>\n<p>Peda\u0142y Fanatec CSL LC przynosz\u0105 bardzo konkretn\u0105 zmian\u0119 w konfiguracji: hamowanie staje si\u0119 precyzyjnym, powtarzalnym narz\u0119dziem i nie jest ju\u017c s\u0142abym punktem, z kt\u00f3rym trzeba si\u0119 pogodzi\u0107. Jest to pedalboard, kt\u00f3ry strukturyzuje reszt\u0119 konfiguracji, zw\u0142aszcza je\u015bli pochodzisz z zestawu podstawowego. Mo\u017cna go postrzega\u0107 jako kamie\u0144 w\u0119gielny powa\u017cnego zestawu do wy\u015bcig\u00f3w symulacyjnych, bez popadania w przesad\u0119.<\/p>\n<p>Na rynku jest wyra\u017anie pozycjonowany w \u015brednim zakresie, z bardzo sp\u00f3jn\u0105 orientacj\u0105 wydajno\u015bci \/ ceny. Nie twierdzi, \u017ce konkuruje z ultra-konfigurowalnymi w pe\u0142ni aluminiowymi mechanizmami korbowymi, ale oferuje naprawd\u0119 wydajne ogniwo obci\u0105\u017cnikowe, solidn\u0105 konstrukcj\u0119 i czyst\u0105 integracj\u0119 z ju\u017c ugruntowanym ekosystemem.<\/p>\n<p>Poleci\u0142bym go symulatorom wy\u015bcigowym, kt\u00f3rzy chc\u0105 dokona\u0107 prawdziwego skoku naprz\u00f3d w zakresie hamowania, bez reorganizacji ca\u0142ej przestrzeni lub nadwyr\u0119\u017cania bud\u017cetu. Dla hardkorowych puryst\u00f3w d\u0105\u017c\u0105cych do ultra mocnych wra\u017ce\u0144 i szerokiej personalizacji mechanicznej, istniej\u0105 bardziej ekstremalne opcje, ale tak\u017ce znacznie dro\u017csze i bardziej wymagaj\u0105ce pod wzgl\u0119dem kokpitu.<\/p>\n<p>Je\u015bli chcesz, aby Twoje hamowanie by\u0142o bardziej precyzyjne, sp\u00f3jne i naturalne bez nadwyr\u0119\u017cania bud\u017cetu, ta korba mo\u017ce wyra\u017anie zmieni\u0107 Twoj\u0105 konfiguracj\u0119.<\/p>","protected":false},"excerpt":{"rendered":"<p>Ten mechanizm korbowy naprawd\u0119 zmienia spos\u00f3b hamowania: zyskujesz na precyzji, sp\u00f3jno\u015bci i pewno\u015bci siebie okr\u0105\u017cenie po okr\u0105\u017ceniu, zw\u0142aszcza je\u015bli pochodzisz z oryginalnego zestawu. Ma to sens dla zmotywowanych symulator\u00f3w wy\u015bcig\u00f3w na PC lub konsoli, kt\u00f3rzy chc\u0105 zrobi\u0107 du\u017cy krok naprz\u00f3d bez przechodzenia na najwy\u017csz\u0105 p\u00f3\u0142k\u0119. Og\u00f3lnie rzecz bior\u0105c, stosunek ceny do wra\u017ce\u0144 jest bardzo sp\u00f3jny.<\/p>","protected":false},"featured_media":101051,"comment_status":"open","ping_status":"closed","template":"","meta":{"_acf_changed":false,"_et_pb_use_builder":"","_et_pb_old_content":"","_et_gb_content_width":""},"product_brand":[158],"product_cat":[162],"product_tag":[149,159,160],"class_list":{"0":"post-101050","1":"product","2":"type-product","3":"status-publish","4":"has-post-thumbnail","6":"product_brand-fanatec","7":"product_cat-pedalier","8":"product_tag-pc","9":"product_tag-playstation","10":"product_tag-xbox","12":"first","13":"instock","14":"shipping-taxable","15":"product-type-external"},"acf":[],"_links":{"self":[{"href":"https:\/\/simracergear.com\/pl\/wp-json\/wp\/v2\/product\/101050","targetHints":{"allow":["GET"]}}],"collection":[{"href":"https:\/\/simracergear.com\/pl\/wp-json\/wp\/v2\/product"}],"about":[{"href":"https:\/\/simracergear.com\/pl\/wp-json\/wp\/v2\/types\/product"}],"replies":[{"embeddable":true,"href":"https:\/\/simracergear.com\/pl\/wp-json\/wp\/v2\/comments?post=101050"}],"wp:featuredmedia":[{"embeddable":true,"href":"https:\/\/simracergear.com\/pl\/wp-json\/wp\/v2\/media\/101051"}],"wp:attachment":[{"href":"https:\/\/simracergear.com\/pl\/wp-json\/wp\/v2\/media?parent=101050"}],"wp:term":[{"taxonomy":"product_brand","embeddable":true,"href":"https:\/\/simracergear.com\/pl\/wp-json\/wp\/v2\/product_brand?post=101050"},{"taxonomy":"product_cat","embeddable":true,"href":"https:\/\/simracergear.com\/pl\/wp-json\/wp\/v2\/product_cat?post=101050"},{"taxonomy":"product_tag","embeddable":true,"href":"https:\/\/simracergear.com\/pl\/wp-json\/wp\/v2\/product_tag?post=101050"}],"curies":[{"name":"wp","href":"https:\/\/api.w.org\/{rel}","templated":true}]}}