{"id":101202,"date":"2025-11-28T04:46:46","date_gmt":"2025-11-28T04:46:46","guid":{"rendered":"https:\/\/simracergear.com\/products\/fanatec-podium-racing-wheel-f1\/"},"modified":"2025-11-28T04:46:47","modified_gmt":"2025-11-28T04:46:47","slug":"fanatec-podium-racing-wheel-f1","status":"publish","type":"product","link":"https:\/\/simracergear.com\/pl\/products\/fanatec-podium-racing-wheel-f1\/","title":{"rendered":"Fanatec Podium Racing Wheel F1"},"content":{"rendered":"<h2>Fanatec Podium Racing Wheel F1: prawdziwy krok naprz\u00f3d w konfiguracji wy\u015bcig\u00f3w symulacyjnych<\/h2>\n<p>Kierownica Fanatec Podium Racing Wheel F1 jest pozycjonowana jako najwy\u017cszej klasy zestaw z nap\u0119dem bezpo\u015brednim, przeznaczony zar\u00f3wno dla graczy konsolowych, jak i wymagaj\u0105cych symulator\u00f3w wy\u015bcig\u00f3w na PC. Jest to produkt, kt\u00f3ry obiecuje dwie bardzo jasne rzeczy: moc powa\u017cnego nap\u0119du bezpo\u015bredniego i akceptowaln\u0105 integracj\u0119 \"plug and play\" dla tak nowoczesnego zestawu.<\/p>\n<p>Ta kierownica jest atrakcyjna, poniewa\u017c spe\u0142nia kilka wymaga\u0144 jednocze\u015bnie: oficjalna licencja F1, mocna baza Direct Drive, szeroka kompatybilno\u015b\u0107 i wygl\u0105d, kt\u00f3ry jest wyra\u017anie ukierunkowany na nowoczesne samochody jednomiejscowe. Wyra\u017anie wida\u0107, \u017ce Fanatec jest skierowany do kierowc\u00f3w symulator\u00f3w, kt\u00f3rzy chc\u0105 wrzuci\u0107 wy\u017cszy bieg, bez pod\u0105\u017cania drog\u0105 ultra-specjalistycznych, z\u0142o\u017conych rozwi\u0105za\u0144 a la carte.<\/p>\n<p>Moje pytanie jest proste: czy ten zestaw oferuje rzeczywisty wzrost wyczucia i kontroli w por\u00f3wnaniu z baz\u0105 nap\u0119dzan\u0105 paskiem lub ma\u0142ym podstawowym nap\u0119dem bezpo\u015brednim, a jednocze\u015bnie jest u\u017cyteczny na co dzie\u0144? Czy moc jest u\u017cyteczna, czy tylko \"imponuj\u0105ca\" przez pierwsze 10 minut? A przede wszystkim, czy ca\u0142y pakiet wytrzymuje d\u0142ugie sesje, gdy pojawia si\u0119 zm\u0119czenie i upa\u0142?<\/p>\n<h2>Konstrukcja i wykonanie: premium, z kilkoma kompromisami<\/h2>\n<p>Podium Racing Wheel F1 od razu rzuca si\u0119 w oczy. Podstawa emanuje g\u0119sto\u015bci\u0105: metalowa obudowa, kanciaste linie, wra\u017cenie zwartej i bardzo sztywnej bry\u0142y. W d\u0142oni mo\u017cna odnie\u015b\u0107 wra\u017cenie, \u017ce ten produkt zosta\u0142 zaprojektowany tak, aby wytrzyma\u0107 znaczne obci\u0105\u017cenia, bez \u017cadnych paso\u017cytniczych wibracji konstrukcji.<\/p>\n<p>Kierownica F1 zdecydowanie przyci\u0105ga wzrok. Panel przedni z w\u0142\u00f3kna w\u0119glowego nadaje jej powa\u017cny wygl\u0105d, metalowe \u0142opatki wzbudzaj\u0105 zaufanie, a zesp\u00f3\u0142 pokr\u0119t\u0142a i wirnika jest dobrze rozmieszczony. Chwyt jest pewny i precyzyjny, o bardziej kompaktowej \u015brednicy ni\u017c w przypadku kierownic GT, idealnych do szybkich ruch\u00f3w. Chwyt jest pewny, ale nie jest zbyt agresywny dla sk\u00f3ry.<\/p>\n<p>To, co od razu zaskakuje, to og\u00f3lna g\u0119sto\u015b\u0107 opakowania. Czu\u0107, \u017ce nie jest to zabawka. Ka\u017cde klikni\u0119cie przycisku, ka\u017cda zapadka rotatora jest ostra. Pod tym wzgl\u0119dem jest to bardzo profesjonalne rozwi\u0105zanie. Magnetyczne \u0142opatki zapewniaj\u0105 suche sprz\u0119\u017cenie zwrotne, co jest bardzo satysfakcjonuj\u0105ce podczas wy\u015bcig\u00f3w.<\/p>\n<p>To, co nieco rozczarowuje, to niekt\u00f3re plastikowe detale wok\u00f3\u0142 przycisk\u00f3w i drugorz\u0119dnych obszar\u00f3w, kt\u00f3re nieco kontrastuj\u0105 z reszt\u0105 konstrukcji. Nie jest tani, ale nie jeste\u015bmy na poziomie ca\u0142kowicie r\u0119cznie montowanej metalowej \/ w\u0119glowej kierownicy butikowej. Zestaw nadal jest produktem przemys\u0142owym, aczkolwiek bardzo dobrze wykonanym.<\/p>\n<p>W por\u00f3wnaniu do \u015bredniej klasy nap\u0119d\u00f3w paskowych, wyra\u017anie przesun\u0119li\u015bmy si\u0119 w g\u00f3r\u0119 pod wzgl\u0119dem solidno\u015bci i sztywno\u015bci. W por\u00f3wnaniu z niekt\u00f3rymi nawet bardziej zaawansowanymi nap\u0119dami bezpo\u015brednimi, uwa\u017camy, \u017ce Fanatec osi\u0105gn\u0105\u0142 r\u00f3wnowag\u0119 mi\u0119dzy solidno\u015bci\u0105, wyrafinowan\u0105 konstrukcj\u0105 i kontrolowanymi kosztami, bez popadania w skrajno\u015bci.<\/p>\n<h2>Ustawienia, personalizacja i kompatybilno\u015b\u0107: kompleksowe, ale nie natychmiastowe<\/h2>\n<p>Je\u015bli chodzi o ustawienia, jest to klasyczny Fanatec: wiele parametr\u00f3w, prawdziwa g\u0142\u0119bia personalizacji, ale krzywa uczenia si\u0119, kt\u00f3ra wymaga minimum czasu. Menu dost\u0119pne bezpo\u015brednio z kierownicy pozwala na zmian\u0119 og\u00f3lnej si\u0142y, filtr\u00f3w, liniowo\u015bci i efekt\u00f3w, bez konieczno\u015bci powrotu do komputera. Jest to przydatne, gdy prze\u0142\u0105czasz si\u0119 mi\u0119dzy r\u00f3\u017cnymi grami lub typami samochod\u00f3w.<\/p>\n<p>Oferowane presety s\u0142u\u017c\u0105 jako dobra podstawa, ale aby naprawd\u0119 w pe\u0142ni wykorzysta\u0107 baz\u0119, nale\u017cy przyjrze\u0107 si\u0119 nieco bli\u017cej ustawieniom. Mo\u017cesz dostosowa\u0107 zachowanie do czego\u015b bardzo surowego, bardzo bezpo\u015bredniego lub wr\u0119cz przeciwnie, bardziej przefiltrowanego, bardziej mi\u0119kkiego, na d\u0142u\u017csze sesje. Ustawienia, kt\u00f3re s\u0105 naprawd\u0119 przydatne na co dzie\u0144: og\u00f3lna si\u0142a, amortyzator, tarcie, filtr FFB i interpolacja. Za pomoc\u0105 kilku dobrze znanych suwak\u00f3w mo\u017cna stworzy\u0107 zupe\u0142nie inn\u0105 osobowo\u015b\u0107 jazdy.<\/p>\n<p>Na PC integracja jest solidna, z oprogramowaniem, kt\u00f3re daje dost\u0119p do wszystkich zaawansowanych ustawie\u0144, aktualizacji oprogramowania uk\u0142adowego i zarz\u0105dzania ekosystemem. W przypadku konsol, atrakcyjno\u015b\u0107 tego modelu polega na jego szerokiej i oficjalnej kompatybilno\u015bci. Oczywiste jest, \u017ce produkt zosta\u0142 zaprojektowany dla tych, kt\u00f3rzy chc\u0105 prawdziwego nap\u0119du bezpo\u015bredniego, niekoniecznie porzucaj\u0105c PS i przechodz\u0105c w pe\u0142ni na PC.<\/p>\n<p>Ekosystem Fanatec odgrywa kluczow\u0105 rol\u0119. Podium Racing Wheel F1 \u0142atwo integruje si\u0119 z peda\u0142ami, manetkami, hamulcem r\u0119cznym, a przede wszystkim z innymi kierownicami Fanatec. Szybkoz\u0142\u0105czka umo\u017cliwia szybk\u0105 zmian\u0119 kierownicy z F1 na GT lub rajdow\u0105. Pod tym wzgl\u0119dem jest to wyra\u017anie podstawa, kt\u00f3ra mo\u017ce sta\u0107 si\u0119 sercem ewoluuj\u0105cej konfiguracji przez kilka lat.<\/p>\n<p>To nie jest prosty punkt wej\u015bcia. Og\u00f3lne wra\u017cenie robi podstawa zaprojektowana z my\u015bl\u0105 o trwa\u0142o\u015bci i wytrzymaniu kilku cykli aktualizacji urz\u0105dze\u0144 peryferyjnych.<\/p>\n<h2>Sensacje na szali: gdzie Podium naprawd\u0119 si\u0119 sprawdza<\/h2>\n<p>Na torze g\u0142\u00f3wn\u0105 r\u00f3\u017cnic\u0105 w por\u00f3wnaniu z baz\u0105 pasow\u0105 lub podstawowym nap\u0119dem bezpo\u015brednim jest precyzja sprz\u0119\u017cenia zwrotnego si\u0142y i spos\u00f3b, w jaki informacje docieraj\u0105 do r\u0105k. Dost\u0119pny moment obrotowy oznacza, \u017ce nadal istnieje du\u017cy margines, nawet przy obni\u017conym FFB dla wygody. Nigdy nie masz wra\u017cenia, \u017ce \"uderzasz\" w limit si\u0142y, nawet w bardzo ci\u0119\u017ckich samochodach lub grach, kt\u00f3re s\u0105 uwa\u017cane za wymagaj\u0105ce.<\/p>\n<p>W zakr\u0119tach wyr\u00f3\u017cnia si\u0119 finezja mikro-wariacji. Wyra\u017anie czu\u0107 przej\u015bcie od przyczepno\u015bci do pocz\u0105tku po\u015blizgu, bez zag\u0142uszania go sztucznymi efektami. Kierownica staje si\u0119 coraz twardsza w miar\u0119 obci\u0105\u017cania przedniego zawieszenia, a nast\u0119pnie staje si\u0119 l\u017cejsza, gdy przyczepno\u015b\u0107 zaczyna spada\u0107. Jest to uspokajaj\u0105ce uczucie \"czytania\" opony, a nie bycia uderzonym przez du\u017cy wstrz\u0105s na p\u00f3\u017anym etapie. Natychmiast rozumiesz, co robi samoch\u00f3d.<\/p>\n<p>W przypadku wibrator\u00f3w zachowanie zale\u017cy oczywi\u015bcie od wybranych ustawie\u0144, ale baza oferuje wystarczaj\u0105c\u0105 rozdzielczo\u015b\u0107, aby odr\u00f3\u017cni\u0107 prosty p\u0142aski wibrator od agresywnego lub przej\u015bcia po trawie lub \u017cwirze. Mo\u017cna j\u0105 nieco przefiltrowa\u0107, by unikn\u0105\u0107 zm\u0119czenia, zachowuj\u0105c przy tym tekstur\u0119 toru. Tutaj r\u00f3\u017cnica w stosunku do mniej wydajnej bazy jest wyra\u017ana: nie musisz przesuwa\u0107 efekt\u00f3w do granic mo\u017cliwo\u015bci, aby poczu\u0107 te szczeg\u00f3\u0142y. One po prostu tam s\u0105, naturalnie.<\/p>\n<p>Przy szybkich korektach natychmiastowy moment obrotowy robi prawdziw\u0105 r\u00f3\u017cnic\u0119. Kiedy ty\u0142 si\u0119 zatrzymuje, kierownica reaguje bardzo szybko, z szybkim, ale kontrolowanym powrotem. Nie jest po prostu \"mocny\", jest szybki i precyzyjny. Nadsterowno\u015b\u0107 mo\u017cna wychwyci\u0107 za pomoc\u0105 bardziej instynktownej kontry, bez konieczno\u015bci zmagania si\u0119 z du\u017c\u0105 bezw\u0142adno\u015bci\u0105 lub op\u00f3\u017anieniem reakcji. To w\u0142a\u015bnie tutaj baza naprawd\u0119 zmienia doznania.<\/p>\n<p>Podczas d\u0142ugich sesji konsystencja jest bardzo dobra. Nie ma uczucia rozgrzewania, kt\u00f3re zmi\u0119kcza FFB, ani martwych stref, kt\u00f3re pojawiaj\u0105 si\u0119 wraz z up\u0142ywem godzin. Czucie pozostaje stabilne, co pomaga utrzyma\u0107 wiarygodne punkty odniesienia. Zm\u0119czenie wynika bardziej z mocy ni\u017c z samej podstawy: je\u015bli zbyt mocno naciskasz ustawienia, ramiona naprawd\u0119 pracuj\u0105. Na szcz\u0119\u015bcie dost\u0119pny moment obrotowy pozwala zmniejszy\u0107 og\u00f3ln\u0105 si\u0142\u0119 przy zachowaniu maksymalnej szczeg\u00f3\u0142owo\u015bci.<\/p>\n<p>W por\u00f3wnaniu do mniej wydajnej bazy, oferuje lepsz\u0105 kontrol\u0119 i czytelno\u015b\u0107, nawet przy zmniejszonej mocy. W por\u00f3wnaniu z niekt\u00f3rymi bardziej ekstremalnymi kierownicami Direct Drives, Podium Racing Wheel F1 pozostaje bardziej \"oswojona\" na co dzie\u0144. Odnosi si\u0119 wra\u017cenie r\u00f3wnowagi mi\u0119dzy czyst\u0105 wydajno\u015bci\u0105 a grywalno\u015bci\u0105. Zanurzenie jest wyra\u017anie zwi\u0119kszone: przej\u015bcia przyczepno\u015bci, zmiany powierzchni i obci\u0105\u017cenia boczne s\u0105 dobrze odwzorowane, nie zamieniaj\u0105c si\u0119 w sesj\u0119 tortur.<\/p>\n<h2>Dla kogo jest przeznaczony? Codzienne mocne i s\u0142abe strony<\/h2>\n<p>Idealnym profilem dla tego zestawu jest symulator wy\u015bcigowy, kt\u00f3ry zainwestowa\u0142 ju\u017c minimum, kt\u00f3ry wie, \u017ce lubi t\u0119 dyscyplin\u0119 na tyle, by uzasadni\u0107 powa\u017cny bud\u017cet i kt\u00f3ry chce produktu zdolnego nad\u0105\u017cy\u0107 za jego post\u0119pami. Zmotywowani pocz\u0105tkuj\u0105cy mog\u0105 sobie z tym poradzi\u0107, ale b\u0119dziesz musia\u0142 zaakceptowa\u0107 kr\u00f3tk\u0105 faz\u0119 nauki i dostrajania, aby naprawd\u0119 co\u015b z tego wyci\u0105gn\u0105\u0107. Na konsolach jest to bardzo atrakcyjna opcja dla tych, kt\u00f3rzy chc\u0105 na nowo odkry\u0107 poziom wra\u017ce\u0144 zbli\u017cony do PC, bez konieczno\u015bci zmiany platformy.<\/p>\n<p>Szczeg\u00f3lnie podoba mi si\u0119 po\u0142\u0105czenie mocy i finezji. Kierownica jest nie tylko mocna, ale i u\u017cyteczna. Og\u00f3lna konstrukcja budzi zaufanie, z podstaw\u0105, kt\u00f3ra wydaje si\u0119 wytrzymywa\u0107 lata intensywnego u\u017cytkowania. Integracja z ekosystemem Fanatec stanowi prawdziw\u0105 warto\u015b\u0107 dodan\u0105: mo\u017cesz zmieni\u0107 kierownic\u0119, doda\u0107 ogniwo obci\u0105\u017cnikowe lub hydrauliczny mechanizm korbowy, pod\u0142\u0105czy\u0107 manetk\u0119 i hamulec r\u0119czny, a wszystko to zarz\u0105dzane przez jeden rdze\u0144. W praktyce naprawd\u0119 mo\u017cna poczu\u0107 sta\u0142y \"krok naprz\u00f3d\" w por\u00f3wnaniu z prostsz\u0105 konfiguracj\u0105.<\/p>\n<p>S\u0105 jednak pewne ograniczenia. Pierwszym z nich jest potencjalna z\u0142o\u017cono\u015b\u0107 dla kogo\u015b nowego w Direct Drive. Pomi\u0119dzy ustawieniami w sterowniku, tymi w grze i tymi dost\u0119pnymi z kierownicy, na pocz\u0105tku \u0142atwo si\u0119 zgubi\u0107. Drugim jest bardzo jednomiejscowy\/formularzowy charakter do\u0142\u0105czonej kierownicy, kt\u00f3ra nie jest idealna dla wszystkich typ\u00f3w samochod\u00f3w. Do rajd\u00f3w lub szosowych GT bardziej odpowiednia by\u0142aby kierownica okr\u0105g\u0142a lub GT. Wreszcie, cena wyra\u017anie plasuje ten produkt w kategorii inwestycyjnej. Mo\u017cna poczu\u0107 jako\u015b\u0107, ale trzeba by\u0107 przygotowanym na bud\u017cet, kt\u00f3ry znacznie wykracza poza konfiguracj\u0119 dla pocz\u0105tkuj\u0105cych.<\/p>\n<p>Je\u015bli chodzi o postrzegan\u0105 warto\u015b\u0107, wszystko zale\u017cy od punktu wyj\u015bcia. Dla kogo\u015b, kto zaczyna od podstawowej kierownicy z paskiem lub przek\u0142adni\u0105, skok jako\u015bciowy w du\u017cej mierze uzasadnia wydatek, pod warunkiem, \u017ce sprz\u0119t jest regularnie u\u017cywany. Dla okazjonalnego gracza stosunek ceny do u\u017cytkowania staje si\u0119 trudniejszy do obrony.<\/p>\n<h2>Werdykt: solidny \u015brodek ci\u0119\u017cko\u015bci dla konfiguracji z najwy\u017cszej p\u00f3\u0142ki<\/h2>\n<p>Kierownica Fanatec Podium Racing Wheel F1 wyra\u017anie zmienia charakter symulatora wy\u015bcigowego. Nie m\u00f3wimy ju\u017c tylko o \"zabawie z kierownic\u0105\", ale o narz\u0119dziu, kt\u00f3re pozwala pracowa\u0107 nad jazd\u0105 z poziomem sprz\u0119\u017cenia zwrotnego zbli\u017conym do tego, czego szukaj\u0105 powa\u017cni kierowcy symulator\u00f3w. Podstawa Direct Drive zapewnia moc, ale to precyzja i sp\u00f3jno\u015b\u0107 naprawd\u0119 robi\u0105 r\u00f3\u017cnic\u0119.<\/p>\n<p>Na rynku ten zestaw jednoznacznie nale\u017cy do kategorii premium, ale nie jest ultra-elitarny. Jest to swego rodzaju punkt zwrotny dla tych, kt\u00f3rzy chc\u0105 na dobre porzuci\u0107 \u015bredni\u0105 p\u00f3\u0142k\u0119, bez wchodzenia w hiper-specjalistyczne i czasami bardziej restrykcyjne rozwi\u0105zania. Odnosi si\u0119 wra\u017cenie, \u017ce zosta\u0142 zaprojektowany jako produkt \"docelowy\" dla wielu graczy: rodzaj bazy, kt\u00f3r\u0105 trzymasz przez d\u0142ugi czas, rozwijaj\u0105c reszt\u0119 wok\u00f3\u0142 niej.<\/p>\n<p>Poleci\u0142bym go regularnym kierowcom, kt\u00f3rzy lubi\u0105 dopracowywa\u0107 swoje ustawienia i kt\u00f3rzy chc\u0105 wszechstronnej bazy Direct Drive, kt\u00f3ra mo\u017ce by\u0107 u\u017cywana zar\u00f3wno do F1, jak i wy\u015bcig\u00f3w wytrzyma\u0142o\u015bciowych lub GT, o ile dodadz\u0105 inn\u0105 kierownic\u0119, kt\u00f3ra lepiej nadaje si\u0119 do tego zadania. Z drugiej strony, dla okazjonalnych graczy lub os\u00f3b z ograniczonym bud\u017cetem, inwestycja mo\u017ce by\u0107 trudna do uzasadnienia.<\/p>\n<p>Je\u015bli szukasz mocnego, dok\u0142adnego, kompatybilnego z komputerami PC i konsolami ko\u0142a Direct Drive, kt\u00f3re mo\u017ce stanowi\u0107 podstaw\u0119 trwa\u0142ej konfiguracji high-end, ten produkt mo\u017ce wyra\u017anie zmieni\u0107 Twoj\u0105 konfiguracj\u0119.<\/p>","protected":false},"excerpt":{"rendered":"<p>Ten zestaw da\u0142 mi poczucie prawdziwej \"zmiany kategorii\", z kierownic\u0105, kt\u00f3ra jest bardziej czytelna, precyzyjna i sp\u00f3jna ni\u017c konfiguracja \u015bredniej klasy. Ma to sens dla graczy, kt\u00f3rzy s\u0105 ju\u017c zaanga\u017cowani w wy\u015bcigi symulacyjne, czy to na PC, czy na konsoli, kt\u00f3rzy cz\u0119sto je\u017cd\u017c\u0105 i chc\u0105 mie\u0107 trwa\u0142\u0105 baz\u0119, z kt\u00f3rej mog\u0105 rozwija\u0107 sw\u00f3j sprz\u0119t. Inwestycja jest nadal op\u0142acalna, je\u015bli kierownica jest u\u017cywana regularnie.<\/p>","protected":false},"featured_media":101203,"comment_status":"open","ping_status":"closed","template":"","meta":{"_acf_changed":false,"_et_pb_use_builder":"","_et_pb_old_content":"","_et_gb_content_width":""},"product_brand":[158],"product_cat":[156],"product_tag":[149,159,160],"class_list":{"0":"post-101202","1":"product","2":"type-product","3":"status-publish","4":"has-post-thumbnail","6":"product_brand-fanatec","7":"product_cat-roue-de-volant","8":"product_tag-pc","9":"product_tag-playstation","10":"product_tag-xbox","12":"first","13":"instock","14":"shipping-taxable","15":"product-type-external"},"acf":[],"_links":{"self":[{"href":"https:\/\/simracergear.com\/pl\/wp-json\/wp\/v2\/product\/101202","targetHints":{"allow":["GET"]}}],"collection":[{"href":"https:\/\/simracergear.com\/pl\/wp-json\/wp\/v2\/product"}],"about":[{"href":"https:\/\/simracergear.com\/pl\/wp-json\/wp\/v2\/types\/product"}],"replies":[{"embeddable":true,"href":"https:\/\/simracergear.com\/pl\/wp-json\/wp\/v2\/comments?post=101202"}],"wp:featuredmedia":[{"embeddable":true,"href":"https:\/\/simracergear.com\/pl\/wp-json\/wp\/v2\/media\/101203"}],"wp:attachment":[{"href":"https:\/\/simracergear.com\/pl\/wp-json\/wp\/v2\/media?parent=101202"}],"wp:term":[{"taxonomy":"product_brand","embeddable":true,"href":"https:\/\/simracergear.com\/pl\/wp-json\/wp\/v2\/product_brand?post=101202"},{"taxonomy":"product_cat","embeddable":true,"href":"https:\/\/simracergear.com\/pl\/wp-json\/wp\/v2\/product_cat?post=101202"},{"taxonomy":"product_tag","embeddable":true,"href":"https:\/\/simracergear.com\/pl\/wp-json\/wp\/v2\/product_tag?post=101202"}],"curies":[{"name":"wp","href":"https:\/\/api.w.org\/{rel}","templated":true}]}}