{"id":101289,"date":"2025-05-15T08:06:00","date_gmt":"2025-05-15T08:06:00","guid":{"rendered":"https:\/\/simracergear.com\/products\/fanatec-podium-wheel-base-dd1-qr2\/"},"modified":"2025-11-28T05:10:50","modified_gmt":"2025-11-28T05:10:50","slug":"fanatec-podium-wheel-base-dd1-qr2","status":"publish","type":"product","link":"https:\/\/simracergear.com\/pl\/products\/fanatec-podium-wheel-base-dd1-qr2\/","title":{"rendered":"Fanatec Podium Wheel Base DD1 QR2"},"content":{"rendered":"<h2>Fanatec Podium DD1 QR2: topowa baza Direct Drive wci\u0105\u017c w grze?<\/h2>\n<p>Baza k\u00f3\u0142 Fanatec Podium DD1 QR2 jest wyra\u017anie pozycjonowana w kategorii premium baz z nap\u0119dem bezpo\u015brednim. Jest o klas\u0119 wy\u017csza od zestaw\u00f3w \"DD entry\" zaprojektowanych w celu demokratyzacji technologii, ale poni\u017cej absolutnego szale\u0144stwa pod wzgl\u0119dem momentu obrotowego i rozmiaru. Jest to podstawa zaprojektowana dla symulator\u00f3w, kt\u00f3rzy chc\u0105 czego\u015b powa\u017cnego i mocnego, niekoniecznie d\u0105\u017c\u0105c do \"ca\u0142kowitej\" wydajno\u015bci jeszcze bardziej ekstremalnego modelu.<\/p>\n<p>Na papierze DD1 QR2 obiecuje du\u017cy moment obrotowy, ultra-precyzyjn\u0105 reakcj\u0119 i szerok\u0105 kompatybilno\u015b\u0107 z ekosystemem Fanatec. Przede wszystkim przybywa z nowym QR2, kt\u00f3ry ma poprawi\u0107 drobne niedoci\u0105gni\u0119cia sztywno\u015bci i mikrogry, kt\u00f3re by\u0142y krytykowane w poprzednim szybkim systemie.<\/p>\n<p>M\u00f3j punkt widzenia na t\u0119 baz\u0119 jest prosty: czy oferuje ona rzeczywist\u0105 r\u00f3\u017cnic\u0119 w odczuciach w por\u00f3wnaniu z bardziej dost\u0119pnymi nap\u0119dami bezpo\u015brednimi, a jednocze\u015bnie jest u\u017cyteczna na co dzie\u0144? Czy naprawd\u0119 czerpiesz korzy\u015bci z tego poziomu mocy, czy te\u017c staje si\u0119 to bardziej \u0107wiczeniem w oswajaniu ni\u017c konkretnym zyskiem na torze?<\/p>\n<p>Celem jest sprawdzenie, czy DD1 QR2 nadal zas\u0142uguje na swoje miejsce jako \"ostoja\" powa\u017cnej konfiguracji, czy to podczas d\u0142ugich sesji wy\u015bcig\u00f3w liniowych, wytrzyma\u0142o\u015bciowych czy wymagaj\u0105cych hotlap\u00f3w.<\/p>\n<h2>Projektowanie i produkcja: powa\u017cna podstawa<\/h2>\n<p>Pod wzgl\u0119dem wizualnym Fanatec Podium DD1 QR2 od razu budzi respekt. Du\u017ca metalowa obudowa, kanciaste linie, brak zb\u0119dnych element\u00f3w. W d\u0142oni jest zwarta i sztywna, sprawia wra\u017cenie monolitycznego bloku. Odnosi si\u0119 wra\u017cenie, \u017ce nie jest to produkt \"zabawkowy\", ale sprz\u0119t zaprojektowany z my\u015bl\u0105 o wielogodzinnym \u0142adowaniu.<\/p>\n<p>Og\u00f3lnie rzecz bior\u0105c, wyko\u0144czenie jest bardzo czyste: aluminiowa obudowa, powa\u017cna pow\u0142oka, schludny monta\u017c. Kraw\u0119dzie s\u0105 dobrze obrobione, a widoczne \u015bruby wzbudzaj\u0105 zaufanie, a nie poczucie majsterkowania. Wida\u0107 tu prawdziw\u0105 przemys\u0142ow\u0105 staranno\u015b\u0107. Jest wiele otwor\u00f3w wentylacyjnych, a podstawa nigdy nie sprawia wra\u017cenia dusz\u0105cej.<\/p>\n<p>Nowy QR2 wyra\u017anie zmienia gr\u0119 pod wzgl\u0119dem postrzeganej solidno\u015bci. Po zablokowaniu kierownicy na miejscu, po\u0142\u0105czenie jest suche, czyste, bez chybotania. Uderzaj\u0105ce jest znikni\u0119cie lub znaczna redukcja tych ma\u0142ych mikro-wstrz\u0105s\u00f3w, kt\u00f3re czasami mog\u0105 by\u0107 odczuwalne w mniej sztywnych szybkich systemach. \u0141a\u0144cuch \"podstawa - QR - ko\u0142o zamachowe\" wydaje si\u0119 znacznie bardziej jednorodny, co nale\u017cy doceni\u0107 na torze.<\/p>\n<p>Jest jednak kilka mniej ekscytuj\u0105cych szczeg\u00f3\u0142\u00f3w. Konstrukcja pozostaje raczej niepor\u0119czna, z g\u0142\u0119boko\u015bci\u0105, kt\u00f3ra wymaga powa\u017cnego kokpitu. Nie jest to najbardziej kompaktowa obudowa na rynku, bynajmniej. Ha\u0142as wentylatora mo\u017ce by\u0107 r\u00f3wnie\u017c zaskoczeniem, je\u015bli pochodzisz z bardziej skromnego sprz\u0119tu: nie jest to my\u015bliwiec, ale mo\u017cna go us\u0142ysze\u0107 w cichym pomieszczeniu.<\/p>\n<p>W por\u00f3wnaniu z nowszymi i bardziej kompaktowymi nap\u0119dami bezpo\u015brednimi, DD1 zachowuje zalety bardzo solidnej konstrukcji i uspokajaj\u0105cego wizerunku \"czo\u0142gu\", nawet je\u015bli niekt\u00f3re konkurencyjne modele wydaj\u0105 si\u0119 teraz nieco bardziej nowoczesne pod wzgl\u0119dem integracji i zarz\u0105dzania termicznego.<\/p>\n<h2>Ustawienia, personalizacja i kompatybilno\u015b\u0107: pot\u0119\u017cne, ale nie ca\u0142kowicie plug &amp; play<\/h2>\n<p>Je\u015bli chodzi o ustawienia, jest to wyra\u017anie baza dla u\u017cytkownik\u00f3w gotowych pobrudzi\u0107 sobie r\u0119ce. Fanatec Podium DD1 QR2 oferuje szeroki zakres parametr\u00f3w za po\u015brednictwem menu podstawowego i dedykowanego oprogramowania komputerowego. Je\u015bli chodzi o finezj\u0119, jest ona bardzo wszechstronna: og\u00f3lna intensywno\u015b\u0107, filtr, interpolacja, tarcie, amortyzator, efekt wstrz\u0105su... Mo\u017cesz naprawd\u0119 wyrze\u017abi\u0107 si\u0142\u0119 sprz\u0119\u017cenia zwrotnego.<\/p>\n<p>Wewn\u0119trzne ustawienia wst\u0119pne i profile dostarczone przez Fanatec pomog\u0105 ci zacz\u0105\u0107, ale aby jak najlepiej wykorzysta\u0107 baz\u0119, musisz zaakceptowa\u0107 troch\u0119 krzywej uczenia si\u0119. Wkr\u00f3tce opanujesz kilka prostych ustawie\u0144, aby uzyska\u0107 czysty, czytelny FFB, ale znalezienie najlepszego miejsca zajmuje troch\u0119 czasu, zw\u0142aszcza je\u015bli na przemian korzystasz z r\u00f3\u017cnych symulator\u00f3w.<\/p>\n<p>Ergonomia menu na podstawie jest poprawna, ale nie idealna. Parametry mo\u017cna regulowa\u0107 w locie za pomoc\u0105 ekranu i przycisk\u00f3w, co jest praktyczne, ale nie tak intuicyjne, jak niekt\u00f3re nowsze ekosystemy z bardziej nowoczesnymi interfejsami. Na komputerze oprogramowanie spe\u0142nia swoje zadanie, cho\u0107 mog\u0142oby by\u0107 bardziej wizualne.<\/p>\n<p>Pod wzgl\u0119dem kompatybilno\u015bci DD1 QR2 pozostaje mocnym atutem w ekosystemie Fanatec. Mo\u017cna go oczywi\u015bcie u\u017cywa\u0107 na komputerze PC, ale tak\u017ce na konsoli, w zale\u017cno\u015bci od u\u017cywanej wersji bazy i kierownicy. G\u0142\u00f3wn\u0105 zalet\u0105 jest mo\u017cliwo\u015b\u0107 \u0142atwego pod\u0142\u0105czenia peda\u0142\u00f3w, manetek, hamulc\u00f3w r\u0119cznych i kierownic marki, wszystkie rozpoznawalne bez specjalnego majsterkowania.<\/p>\n<p>Jest to wyra\u017anie podstawa, kt\u00f3ra nadaje si\u0119 do ewoluuj\u0105cej konfiguracji. Dla kogo\u015b, kto ma ju\u017c sprz\u0119t Fanatec lub chce zbudowa\u0107 kompletny ekosystem w d\u0142u\u017cszej perspektywie, DD1 QR2 ma sens. To nie tylko punkt wej\u015bcia: to produkt d\u0142ugoterminowy, kt\u00f3ry zachowujesz i wok\u00f3\u0142 kt\u00f3rego rozwijasz reszt\u0119 swojego sprz\u0119tu.<\/p>\n<h2>Wra\u017cenia podczas gry: gdzie DD1 QR2 pr\u0119\u017cy musku\u0142y<\/h2>\n<p>Na torze Podium DD1 QR2 natychmiast zmienia relacj\u0119 z samochodem. Pierwsz\u0105 rzecz\u0105, kt\u00f3ra si\u0119 wyr\u00f3\u017cnia, jest precyzja si\u0142owego sprz\u0119\u017cenia zwrotnego. Ka\u017cdy ruch kierownicy wydaje si\u0119 by\u0107 bezpo\u015brednio powi\u0105zany z oponami. Bardzo \u0142atwo jest odczyta\u0107, co si\u0119 dzieje: blokada, lekki drift, stopniowa utrata przyczepno\u015bci, kompresja zawieszenia. O wiele \u0142atwiej jest to \"zobaczy\u0107\" r\u0119kami.<\/p>\n<p>Podczas pokonywania zakr\u0119t\u00f3w podstawa jest bardzo stabilna i wspieraj\u0105ca. Kiedy wchodzisz w pochylenie, dost\u0119pny moment obrotowy pozwala poczu\u0107 obci\u0105\u017cenie osiadaj\u0105ce na przedniej osi bez nag\u0142ego zderzenia lub nasycenia. Kierownic\u0105 mo\u017cna dozowa\u0107 moment obrotowy, co bardzo pomaga w utrzymaniu czystego, sta\u0142ego punktu ci\u0119ciwy. Na d\u0142ugich, szybkich zakr\u0119tach samoch\u00f3d czuje si\u0119 przyczepny do drogi, ale czu\u0107 to natychmiast, gdy tylko zaczyna si\u0119 \u015blizga\u0107.<\/p>\n<p>Odczyt przyczepno\u015bci jest szczeg\u00f3lnie skuteczny na zimnych oponach, na mokrej nawierzchni lub podczas zmiany przyczepno\u015bci. Baza nie tylko mocno naciska, ale te\u017c du\u017co niuansuje. Niewielkie wibracje zwi\u0105zane z przeci\u0105gni\u0119ciem, fazy, w kt\u00f3rych opona chwyta, a nast\u0119pnie lekko zwalnia, wszystko jest bardziej czytelne ni\u017c w przypadku bazy pasowej lub podstawowego nap\u0119du bezpo\u015bredniego z ograniczonym momentem obrotowym.<\/p>\n<p>Na wibratorach i kraw\u0119\u017cnikach DD1 QR2 pokazuje sw\u00f3j charakter. Najechanie na agresywny wibrator przypomina fizyczny wstrz\u0105s, ale mo\u017cna dostosowa\u0107 ustawienia, aby unikn\u0105\u0107 efektu \"m\u0142ota pneumatycznego\". Interesuj\u0105cy jest tutaj poziom szczeg\u00f3\u0142owo\u015bci: p\u0142askie wibratory, wibratory schodowe i po\u0142\u0105czenia asfaltowe nie wygl\u0105daj\u0105 ju\u017c tak samo. Naprawd\u0119 wida\u0107 tekstur\u0119 toru.<\/p>\n<p>Kolejn\u0105 mocn\u0105 stron\u0105 s\u0105 szybkie korekty. W przypadku nadsterowno\u015bci lub wyra\u017anego po\u015blizgu moment obrotowy silnika zapewnia ogromn\u0105 rezerw\u0119, aby odzyska\u0107 samoch\u00f3d. Mo\u017cesz gwa\u0142townie skr\u0119ci\u0107, a samoch\u00f3d bazowy pod\u0105\u017cy za tob\u0105 bez zga\u015bni\u0119cia, bez efektu \"p\u0142ywania\" lub op\u00f3\u017anienia. To w\u0142a\u015bnie tutaj odczuwa si\u0119 r\u00f3\u017cnic\u0119 w por\u00f3wnaniu z mniej mocn\u0105 baz\u0105: odwa\u017cysz si\u0119 p\u00f3j\u015b\u0107 dalej w ataku, poniewa\u017c wiesz, \u017ce masz margines na korekt\u0119.<\/p>\n<p>Podczas d\u0142ugich sesji sp\u00f3jno\u015b\u0107 by\u0142a dobra. Moment obrotowy pozostaje stabilny, rozgrzewanie jest dobrze zarz\u0105dzane i nie odczuwa si\u0119 stopniowej utraty mocy po kilku przeka\u017anikach. Jedynym potencjalnym minusem jest zm\u0119czenie fizyczne, je\u015bli pozostawisz baz\u0119 zbyt mocn\u0105. Jeste\u015b prawie zmuszony do nieznacznego obni\u017cenia og\u00f3lnej mocy, aby przetrwa\u0107 kilka godzin bez zu\u017cywania ramion.<\/p>\n<p>W por\u00f3wnaniu z bardziej skromnym Direct Drive, DD1 QR2 nie tylko \"naciska mocniej\". Prawdziw\u0105 r\u00f3\u017cnic\u0105 jest dost\u0119pny zakres dynamiki. Cz\u0119sto je\u017adzimy wykorzystuj\u0105c tylko cz\u0119\u015b\u0107 maksymalnego momentu obrotowego, ale ta rezerwa pozwala nam zar\u00f3wno na dopracowanie szczeg\u00f3\u0142\u00f3w przy niskich si\u0142ach, jak i na prawdziw\u0105 w\u0142adz\u0119, gdy samoch\u00f3d uderza w wibracje lub gwa\u0142townie ga\u015bnie. W por\u00f3wnaniu z jeszcze mocniejszym modelem bazowym, zyskujemy na kontroli i opanowaniu, poniewa\u017c mo\u017cemy \u0142atwiej wykorzysta\u0107 ca\u0142y zakres, nie b\u0119d\u0105c onie\u015bmielonym ka\u017cdym obrotem kierownicy.<\/p>\n<p>Pod wzgl\u0119dem og\u00f3lnego wyczucia, wra\u017cenia z jazdy s\u0105 bardziej instynktowne. Polegasz bardziej na kierownicy ni\u017c na oczach. Szybciej wyczuwasz, co si\u0119 wydarzy, zw\u0142aszcza w samochodach bez wspomagania lub zaawansowanych prototypach. Czujesz si\u0119, jakby\u015b prowadzi\u0142 samoch\u00f3d z dodatkow\u0105 warstw\u0105 informacji. W tym miejscu baza naprawd\u0119 zmienia do\u015bwiadczenie.<\/p>\n<h2>Dla kogo to jest? Co lubimy... i co lubimy mniej<\/h2>\n<p>Fanatec Podium DD1 QR2 jest wyra\u017anie skierowany do odbiorc\u00f3w ju\u017c zaanga\u017cowanych w wy\u015bcigi symulacyjne. Dla zupe\u0142nie pocz\u0105tkuj\u0105cych jest to troch\u0119 jak wskoczenie od razu do bardzo zaawansowanego samochodu wy\u015bcigowego: jest to mo\u017cliwe, ale nie wykorzystasz w pe\u0142ni jego potencja\u0142u, a bud\u017cet mo\u017ce wydawa\u0107 si\u0119 nieproporcjonalny do rzeczywistego wykorzystania. Z drugiej strony, dla zmotywowanego \u015brednio zaawansowanego symulatora lub do\u015bwiadczonego kierowcy wy\u015bcigowego, kt\u00f3ry sp\u0119dza wiele godzin w lidze, wytrzyma\u0142o\u015bci lub zawodach online, baza zaczyna mie\u0107 prawdziwy sens.<\/p>\n<p>W\u015br\u00f3d mocnych stron, pierwsz\u0105 jest jako\u015b\u0107 si\u0142owego sprz\u0119\u017cenia zwrotnego: precyzyjna, zniuansowana, pot\u0119\u017cna, z prawdziwym bogactwem informacji. Natychmiast rozumiesz, co robi samoch\u00f3d. Drug\u0105 jest og\u00f3lna solidno\u015b\u0107 pakietu: podwozie, QR2, wyczucie mechaniczne, wszystko emanuje trwa\u0142o\u015bci\u0105. Trzeci to integracja z ekosystemem Fanatec, z mo\u017cliwo\u015bci\u0105 pod\u0142\u0105czenia szerokiej gamy kierownic, peda\u0142\u00f3w i akcesori\u00f3w bez \u017cadnych szczeg\u00f3lnych komplikacji. Dla kogo\u015b, kto chce sp\u00f3jnej konfiguracji, to du\u017cy plus.<\/p>\n<p>Je\u015bli chodzi o ograniczenia, pierwsze jest oczywiste: cena. Jest to powa\u017cna inwestycja, wyra\u017anie pozycjonowana jako sprz\u0119t premium. Postrzegana warto\u015b\u0107 jest dobra, je\u015bli du\u017co je\u017adzisz i wykorzystujesz poziom osi\u0105g\u00f3w, ale w przypadku okazjonalnego u\u017cytkowania r\u00f3\u017cnica w stosunku do bardziej przyst\u0119pnych cenowo baz mo\u017ce wydawa\u0107 si\u0119 trudna do uzasadnienia. Po drugie, rozmiar i ograniczenia monta\u017cowe: potrzebujesz sztywnego, ci\u0119\u017ckiego, dobrze zamocowanego kokpitu, w przeciwnym razie moc podstawy podkre\u015bli ka\u017cd\u0105 s\u0142abo\u015b\u0107 podwozia. Po trzecie, z\u0142o\u017cono\u015b\u0107 ustawie\u0144: nawet je\u015bli istniej\u0105 ustawienia wst\u0119pne, ci, kt\u00f3rzy naprawd\u0119 chc\u0105 dostroi\u0107, b\u0119d\u0105 musieli po\u015bwi\u0119ci\u0107 czas na zrozumienie parametr\u00f3w, co mo\u017ce by\u0107 zniech\u0119caj\u0105ce dla bardziej przypadkowych u\u017cytkownik\u00f3w.<\/p>\n<p>Og\u00f3lnie rzecz bior\u0105c, jest to produkt, kt\u00f3ry wyra\u017anie ma by\u0107 d\u0142ugoterminow\u0105 inwestycj\u0105, a nie impulsywnym zakupem. Dla u\u017cytkownika, kt\u00f3ry postrzega wy\u015bcigi symulator\u00f3w jako powa\u017cne, a nawet quasi-konkurencyjne hobby, postrzegana warto\u015b\u0107 staje si\u0119 znacznie bardziej logiczna.<\/p>\n<h2>Werdykt: solidny filar nap\u0119du bezpo\u015bredniego klasy premium<\/h2>\n<p>Fanatec Podium Wheel Base DD1 QR2 to nadal podstawa, kt\u00f3ra naprawd\u0119 zmienia konfiguracj\u0119. Przechodzisz od \"powa\u017cnego simu\" do czego\u015b znacznie bli\u017cszego wra\u017ceniom, jakich mo\u017cna oczekiwa\u0107 od sprz\u0119tu z najwy\u017cszej p\u00f3\u0142ki. Kierownica staje si\u0119 prawdziwym narz\u0119dziem do odczytywania toru, a nie tylko urz\u0105dzeniem steruj\u0105cym.<\/p>\n<p>Na rynku DD1 QR2 jest wyra\u017anie pozycjonowany jako rozwi\u0105zanie premium, ale nie ekstremalne. Znacznie wykracza poza podstawy \u015bredniej klasy pod wzgl\u0119dem momentu obrotowego, finezji i sztywno\u015bci, pozostaj\u0105c jednocze\u015bnie nieco bardziej przyst\u0119pnym i \u0142atwym w zarz\u0105dzaniu ni\u017c najpot\u0119\u017cniejsze potwory. Jest to swego rodzaju \"s\u0142odki punkt\" dla tych, kt\u00f3rzy chc\u0105 najwy\u017cszej klasy bez przesadzania.<\/p>\n<p>Poleci\u0142bym go sympatykom wy\u015bcig\u00f3w, kt\u00f3rzy maj\u0105 ju\u017c solidny kokpit, sp\u0119dzaj\u0105 wiele godzin na PC lub konsoli i chc\u0105 sprz\u0119tu, kt\u00f3ry nad\u0105\u017cy za powa\u017cnymi post\u0119pami przez kilka lat. Dla okazjonalnego gracza lub kogo\u015b, kto dopiero odkrywa wy\u015bcigi symulacyjne, schody b\u0119d\u0105 prawdopodobnie zbyt wysokie, zar\u00f3wno pod wzgl\u0119dem bud\u017cetu, jak i potrzeby dostosowania.<\/p>\n<p>Je\u015bli szukasz podstawy z nap\u0119dem bezpo\u015brednim, kt\u00f3ra jest wydajna, precyzyjna, dobrze zintegrowana z kompletnym ekosystemem i zdolna do intensywnego u\u017cytkowania, ten produkt mo\u017ce wyra\u017anie zmieni\u0107 Twoj\u0105 konfiguracj\u0119.<\/p>","protected":false},"excerpt":{"rendered":"<p>DD1 QR2 da\u0142 mi poczucie, \u017ce osi\u0105gn\u0105\u0142em prawdziwy kamie\u0144 milowy pod wzgl\u0119dem czytelno\u015bci i stabilno\u015bci chwytu, z kierownic\u0105, kt\u00f3ra staje si\u0119 prawdziwym narz\u0119dziem do pilotowania, a nie prostym kontrolerem. Ma to sens dla sympatyk\u00f3w, kt\u00f3rzy ju\u017c w ni\u0105 zainwestowali (sztywny kokpit, wiele godzin jazdy) i szukaj\u0105 trwa\u0142ej, sp\u00f3jnej bazy dla topowej konfiguracji Fanatec.<\/p>","protected":false},"featured_media":101290,"comment_status":"open","ping_status":"closed","template":"","meta":{"_acf_changed":false,"_et_pb_use_builder":"","_et_pb_old_content":"","_et_gb_content_width":""},"product_brand":[158],"product_cat":[155],"product_tag":[149,160],"class_list":{"0":"post-101289","1":"product","2":"type-product","3":"status-publish","4":"has-post-thumbnail","6":"product_brand-fanatec","7":"product_cat-base","8":"product_tag-pc","9":"product_tag-xbox","11":"first","12":"instock","13":"shipping-taxable","14":"product-type-external"},"acf":[],"_links":{"self":[{"href":"https:\/\/simracergear.com\/pl\/wp-json\/wp\/v2\/product\/101289","targetHints":{"allow":["GET"]}}],"collection":[{"href":"https:\/\/simracergear.com\/pl\/wp-json\/wp\/v2\/product"}],"about":[{"href":"https:\/\/simracergear.com\/pl\/wp-json\/wp\/v2\/types\/product"}],"replies":[{"embeddable":true,"href":"https:\/\/simracergear.com\/pl\/wp-json\/wp\/v2\/comments?post=101289"}],"wp:featuredmedia":[{"embeddable":true,"href":"https:\/\/simracergear.com\/pl\/wp-json\/wp\/v2\/media\/101290"}],"wp:attachment":[{"href":"https:\/\/simracergear.com\/pl\/wp-json\/wp\/v2\/media?parent=101289"}],"wp:term":[{"taxonomy":"product_brand","embeddable":true,"href":"https:\/\/simracergear.com\/pl\/wp-json\/wp\/v2\/product_brand?post=101289"},{"taxonomy":"product_cat","embeddable":true,"href":"https:\/\/simracergear.com\/pl\/wp-json\/wp\/v2\/product_cat?post=101289"},{"taxonomy":"product_tag","embeddable":true,"href":"https:\/\/simracergear.com\/pl\/wp-json\/wp\/v2\/product_tag?post=101289"}],"curies":[{"name":"wp","href":"https:\/\/api.w.org\/{rel}","templated":true}]}}