{"id":101350,"date":"2025-05-15T08:08:00","date_gmt":"2025-05-15T08:08:00","guid":{"rendered":"https:\/\/simracergear.com\/products\/moza-clamp-for-truck-wheel\/"},"modified":"2025-11-28T05:16:11","modified_gmt":"2025-11-28T05:16:11","slug":"moza-clamp-for-truck-wheel","status":"publish","type":"product","link":"https:\/\/simracergear.com\/pl\/products\/moza-clamp-for-truck-wheel\/","title":{"rendered":"Zacisk MOZA do k\u00f3\u0142 samochod\u00f3w ci\u0119\u017carowych"},"content":{"rendered":"<h2>Test i recenzja MOZA Clamp for Truck Wheel: akcesorium, kt\u00f3re (naprawd\u0119) zmienia \u017cycie wirtualnych kierowc\u00f3w ci\u0119\u017car\u00f3wek?<\/h2>\n<p>MOZA Clamp for Truck Wheel jest skierowany do bardzo specyficznej niszy: kierowc\u00f3w ci\u0119\u017car\u00f3wek, autobus\u00f3w i ci\u0119\u017ckich pojazd\u00f3w zorientowanych na wy\u015bcigi symulacyjne, kt\u00f3rzy chc\u0105 bardziej realistycznej pozycji kierownicy ni\u017c zwyk\u0142e kierownice GT lub F1. Nie m\u00f3wimy o kierownicy, nie o podstawie, ale o cz\u0119sto niedocenianym elemencie: mocowaniu i pozycji kierownicy w przestrzeni.<\/p>\n<p>Ten wspornik obiecuje co\u015b prostego, ale kluczowego: umo\u017cliwienie zamontowania kierownicy ci\u0119\u017car\u00f3wki lub autobusu MOZA w stabilny, regulowany i przede wszystkim wiarygodny spos\u00f3b pod wzgl\u0119dem k\u0105ta i wysoko\u015bci, bez konieczno\u015bci stosowania dedykowanego kokpitu ci\u0119\u017car\u00f3wki 100 %. Pomys\u0142 polega na przej\u015bciu z konfiguracji \"wy\u015bcigowej\" do konfiguracji \"ci\u0119\u017car\u00f3wki\" bez demonta\u017cu wszystkiego.<\/p>\n<p>M\u00f3j k\u0105t analizy jest zatem jasny: sztywno\u015b\u0107, stabilno\u015b\u0107, \u0142atwo\u015b\u0107 regulacji, kompatybilno\u015b\u0107 z biurkiem lub obudow\u0105, a przede wszystkim realny wp\u0142yw na odczucia z gry. Czy ten zacisk uzasadnia swoje miejsce w i tak ju\u017c zaj\u0119tej konfiguracji, czy jest po prostu \u0142adnym, ale zb\u0119dnym dodatkiem zapewniaj\u0105cym komfort?<\/p>\n<p>Pytanie brzmi: czy przekszta\u0142ca to prost\u0105 sesj\u0119 Euro Truck lub ATS w znacznie bardziej wiarygodne do\u015bwiadczenie? A mo\u017ce zysk jest g\u0142\u00f3wnie ergonomiczny, bez wi\u0119kszego wp\u0142ywu na immersj\u0119?<\/p>\n<h2>Projektowanie i produkcja zacisku MOZA do k\u00f3\u0142 samochod\u00f3w ci\u0119\u017carowych<\/h2>\n<p>Wizualnie MOZA Clamp for Truck Wheel pozostaje w zgodzie z ekosystemem MOZA: stonowany design, kanciaste linie, powa\u017cne czarne wyko\u0144czenie. Pierwsze wra\u017cenie w d\u0142oni to wra\u017cenie g\u0119sto\u015bci. Zacisk wyra\u017anie sprawia wra\u017cenie, \u017ce jest w stanie poradzi\u0107 sobie z momentem obrotowym domowej roboty podstawy nap\u0119du bezpo\u015bredniego bez wahania, nawet podczas d\u0142ugich sesji.<\/p>\n<p>Wyb\u00f3r materia\u0142\u00f3w jest ukierunkowany na sztywno\u015b\u0107: metalowa konstrukcja, widoczna grubo\u015b\u0107, niewiele \"tanich\" cz\u0119\u015bci. Miejsca mocowania budz\u0105 zaufanie, sprawiaj\u0105c wra\u017cenie monolitycznego bloku po zaci\u015bni\u0119ciu wszystkich element\u00f3w. Mo\u017cna odnie\u015b\u0107 wra\u017cenie, \u017ce nie jest to zwyk\u0142y uniwersalny zacisk biurkowy, ale cz\u0119\u015b\u0107 zaprojektowana dla du\u017cej, ci\u0119\u017ckiej kierownicy ci\u0119\u017car\u00f3wki.<\/p>\n<p>Og\u00f3lnie rzecz bior\u0105c, regulacja mechaniczna jest czysta. Luz w przegubach jest niewielki, a pokr\u0119t\u0142a s\u0105 na tyle du\u017ce, \u017ce mo\u017cna nimi \u0142atwo manipulowa\u0107, nawet pochylaj\u0105c si\u0119 nad biurkiem lub kokpitem. Nie ma paso\u017cytniczego uczucia ugi\u0119cia, gdy tylko lekko naci\u015bniesz kierownic\u0119. Kiedy zaczynasz mocno skr\u0119ca\u0107, ca\u0142o\u015b\u0107 nie sprawia wra\u017cenia, jakby cierpia\u0142a.<\/p>\n<p>Mo\u017ce to by\u0107 nieco rozczarowuj\u0105ce dla u\u017cytkownik\u00f3w przyzwyczajonych do du\u017cych kokpit\u00f3w z profili aluminiowych. W por\u00f3wnaniu z w pe\u0142ni sztywnym profilem, nadal u\u017cywamy systemu zaciskowego: sztywno\u015b\u0107 boczna jest bardzo dobra, ale nie do ko\u0144ca na poziomie niestandardowej kolumny przykr\u0119conej bezpo\u015brednio do podwozia. R\u00f3\u017cnica jest najbardziej zauwa\u017calna podczas jazdy z bardzo wysokim bazowym momentem obrotowym i gwa\u0142townymi ruchami kierownicy.<\/p>\n<p>Z drugiej strony, w por\u00f3wnaniu z konwencjonalnymi \"biurkowymi\" mocowaniami kierownicy lub adapterami drukowanymi w 3D, jest to wyra\u017any krok naprz\u00f3d pod wzgl\u0119dem powagi. Jest to produkt, kt\u00f3ry znajduje si\u0119 gdzie\u015b pomi\u0119dzy \u015bwiatem casualowym a dedykowanym w pe\u0142ni metalowym kokpitem, z prawdziw\u0105 filozofi\u0105 wy\u015bcig\u00f3w symulacyjnych.<\/p>\n<h2>Ustawienia, personalizacja i kompatybilno\u015b\u0107<\/h2>\n<p>Pi\u0119kno zacisku MOZA do kierownicy ci\u0119\u017car\u00f3wki polega na zakresie regulacji, kt\u00f3re oferuje w celu dostosowania pozycji kierownicy ci\u0119\u017car\u00f3wki. Wysoko\u015b\u0107, nachylenie, zwis: wszystko zosta\u0142o zaprojektowane tak, aby zbli\u017cy\u0107 pozycj\u0119 kierowcy do pozycji ci\u0119\u017car\u00f3wki, bardziej wyprostowanej i wy\u017cszej ni\u017c pozycja GT lub jednomiejscowa.<\/p>\n<p>Regulacja odbywa si\u0119 za pomoc\u0105 fizycznych pokr\u0119te\u0142 i \u015brub, bez konieczno\u015bci stosowania skomplikowanych narz\u0119dzi. Mo\u017cesz przej\u015b\u0107 od stosunkowo niskiej pozycji (bli\u017cszej kierownicy samochodu) do bardzo wysokiej pozycji, pochylonej w kierunku kierowcy, typowej dla ci\u0119\u017car\u00f3wki lub autobusu. Krzywa uczenia si\u0119 jest kr\u00f3tka: wystarczy kilka pr\u00f3b, aby znale\u017a\u0107 wygodny kompromis. Dostosuj, dokr\u0119\u0107, przetestuj dwa wirtualne ronda i dopracuj.<\/p>\n<p>Co ciekawe, mo\u017cna go naprawd\u0119 zintegrowa\u0107 z istniej\u0105cym ekosystemem. Zacisk zosta\u0142 zaprojektowany do wsp\u00f3\u0142pracy z kompatybilnymi bazami MOZA i ich dedykowanymi kierownicami do ci\u0119\u017car\u00f3wek. Na PC integracja jest naturalnie bardziej elastyczna, z mo\u017cliwo\u015bci\u0105 bardzo \u0142atwej zmiany gier (truck sim, bus sim, a nawet free driving). Na konsolach wszystko zale\u017cy od og\u00f3lnej kompatybilno\u015bci u\u017cywanej bazy MOZA: zacisk niczego nie ogranicza, ale te\u017c nie \"odblokowuje\" \u017cadnej konkretnej kompatybilno\u015bci.<\/p>\n<p>Na biurku zacisk pozwala przekszta\u0142ci\u0107 prost\u0105 konfiguracj\u0119 robocz\u0105 w stanowisko kierowcy ci\u0119\u017car\u00f3wki, bez wiercenia lub inwestowania w podwozie. W kokpicie jest to bardziej element specjalizuj\u0105cy: mo\u017cna sobie wyobrazi\u0107 dwie pozycje jazdy, jedn\u0105 do wy\u015bcig\u00f3w, drug\u0105 do transportu, bawi\u0105c si\u0119 modu\u0142owo\u015bci\u0105.<\/p>\n<p>Je\u015bli chodzi o mo\u017cliwo\u015b\u0107 aktualizacji, jest to zdecydowanie trwa\u0142e akcesorium. Tak d\u0142ugo, jak pozostaniesz w ekosystemie MOZA i b\u0119dziesz u\u017cywa\u0107 kompatybilnej kierownicy ci\u0119\u017car\u00f3wki, zacisk pozostanie interesuj\u0105cy. Nie jest to \"rozrusznik\", kt\u00f3ry nale\u017cy wymieni\u0107, ale raczej cz\u0119\u015b\u0107 towarzysz\u0105ca aktualizacji reszty konfiguracji.<\/p>\n<h2>Wra\u017cenia podczas zabawy: co naprawd\u0119 zmienia zacisk do ko\u0142a ci\u0119\u017car\u00f3wki<\/h2>\n<p>Nawet je\u015bli zacisk sam w sobie nie generuje si\u0142y, ma bezpo\u015bredni wp\u0142yw na spos\u00f3b, w jaki postrzegamy si\u0142owe sprz\u0119\u017cenie zwrotne i informacje powracaj\u0105ce z bazy. R\u00f3\u017cnica polega na po\u0142o\u017ceniu kierownicy i og\u00f3lnej stabilno\u015bci zespo\u0142u.<\/p>\n<p>W konfiguracji ci\u0119\u017car\u00f3wki, z kierownic\u0105 uniesion\u0105 i lekko pochylon\u0105, odczytywanie FFB staje si\u0119 bardziej naturalne dla tego typu pojazdu. \u015arodek obrotu jest bli\u017cszy temu, czego mo\u017cna oczekiwa\u0107 w ci\u0119\u017car\u00f3wce lub autobusie: skr\u0119casz bardziej \"w g\u00f3r\u0119\" ni\u017c \"do przodu\", a m\u00f3zg bardzo szybko si\u0119 dostosowuje. \u0141atwiej jest zrozumie\u0107 powolne przenoszenie masy, pochylanie si\u0119 na d\u0142ugich zakr\u0119tach autostradowych i korekty przechy\u0142u.<\/p>\n<p>W ciasnych zakr\u0119tach w mie\u015bcie lub na skrzy\u017cowaniach efekt jest do\u015b\u0107 wyra\u017any. Bardziej wyprostowana pozycja kierownicy oznacza, \u017ce dozujesz ruchy kierownicy szerszymi ruchami, co jest bardziej zgodne z ci\u0119\u017ck\u0105 jazd\u0105. Mo\u017cesz wyra\u017aniej poczu\u0107 sprz\u0119\u017cenie zwrotne z podstawy w ramieniu, zw\u0142aszcza je\u015bli lubisz je\u017adzi\u0107 bez zbytniego filtrowania FFB. Mo\u017cna odnie\u015b\u0107 wra\u017cenie jazdy ci\u0119\u017cszym, mniej responsywnym pojazdem, bez konieczno\u015bci ekstremalnej ingerencji w ustawienia podstawowe.<\/p>\n<p>Je\u015bli chodzi o przyczepno\u015b\u0107, zacisk nie zmienia surowych informacji, ale spos\u00f3b, w jaki cia\u0142o je odbiera. Post\u0119puj\u0105ca utrata tylnej przyczepno\u015bci jest odczuwana bardziej \"delikatnie\", poniewa\u017c kierownica znajduje si\u0119 dalej od cia\u0142a i wy\u017cej. W przypadku symulacji ci\u0119\u017car\u00f3wki ma to sens: przewidujesz, towarzyszysz i stabilizujesz, zamiast kontrowa\u0107 bardzo szybko, jak w GT3.<\/p>\n<p>Wibracje i nier\u00f3wno\u015bci na drodze s\u0105 r\u00f3wnie\u017c odczytywane w inny spos\u00f3b. W pozycji ci\u0119\u017car\u00f3wki wibracje s\u0105 wychwytywane przez bardziej zrelaksowan\u0105 pozycj\u0119 ramion. Suche wstrz\u0105sy lub nieco twarde kraw\u0119\u017cniki pozostaj\u0105 wyra\u017ane, ale mniej agresywne ni\u017c w przypadku bardzo niskiej kierownicy GT. Rezultat: mo\u017cna je\u017adzi\u0107 przez d\u0142ugi czas bez nadmiernego zm\u0119czenia ramion. Podczas d\u0142ugich sesji, takich jak d\u0142ugodystansowe dostawy, zacisk naprawd\u0119 si\u0119 sprawdza. Zachowujesz wyczucie, ale Twoje cia\u0142o jest mniej zm\u0119czone.<\/p>\n<p>Podczas wykonywania szybkich korekt, na przyk\u0142ad w celu dogonienia lekko wystaj\u0105cej przyczepy lub omini\u0119cia przeszkody, stabilno\u015b\u0107 zacisku jest decyduj\u0105ca. Dop\u00f3ki utrzymujesz rozs\u0105dny zakres momentu obrotowego na podstawie, podpora nie chwieje si\u0119 i nie daje poczucia elastyczno\u015bci. Mo\u017cna naprawd\u0119 \"rzuci\u0107\" ko\u0142em w jedn\u0105 stron\u0119, a nast\u0119pnie przywr\u00f3ci\u0107 je z powrotem, bez zmiany k\u0105ta lub wysoko\u015bci.<\/p>\n<p>W por\u00f3wnaniu do mniej wydajnej podstawy zamontowanej na zwyk\u0142ym stojaku biurkowym, kombinacja MOZA base + Truck Wheel + Clamp zapewnia znacznie powa\u017cniejsze og\u00f3lne wra\u017cenia. Jest mniej paso\u017cytniczych ruch\u00f3w biurka, mniej niepotrzebnych wibracji, a przede wszystkim znacznie bardziej sp\u00f3jna pozycja za kierownic\u0105 dla tego typu gier. I odwrotnie, w por\u00f3wnaniu ze sztywn\u0105 kolumn\u0105 na w pe\u0142ni aluminiowym kokpicie, tracisz bardzo niewielki procent ostatecznej sztywno\u015bci, ale zyskujesz na wszechstronno\u015bci i \u0142atwo\u015bci zmiany pozycji.<\/p>\n<p>Pod wzgl\u0119dem immersji zacisk sam w sobie nie zachwyca, ale doskonale uzupe\u0142nia kierownic\u0119 ci\u0119\u017car\u00f3wki. To po\u0142\u0105czenie sprawia, \u017ce ca\u0142o\u015b\u0107 jest wiarygodna. Nie czujesz ju\u017c, \u017ce prowadzisz 40-tonow\u0105 ci\u0119\u017car\u00f3wk\u0119 w pozycji F1. Siadasz wygodnie, k\u0142adziesz r\u0119ce na kierownicy i mentalnie \u0142atwiej jest wczu\u0107 si\u0119 w rol\u0119 wirtualnego kierowcy ci\u0119\u017car\u00f3wki. Dla gracza zorientowanego na ci\u0119\u017car\u00f3wki, autobusy, a nawet autokary, to naprawd\u0119 zmienia og\u00f3lne postrzeganie konfiguracji.<\/p>\n<h2>Dla kogo jest przeznaczony? Co nam si\u0119 podoba, a co nie<\/h2>\n<p>MOZA Clamp for Truck Wheel jest wyra\u017anie skierowany do dobrze zdefiniowanego profilu: symulator\u00f3w wy\u015bcig\u00f3w, kt\u00f3rzy s\u0105 ju\u017c wra\u017cliwi na immersj\u0119, kt\u00f3rzy regularnie graj\u0105 w symulatory ci\u0119\u017car\u00f3wek lub autobus\u00f3w i kt\u00f3rzy albo maj\u0105 kompatybiln\u0105 baz\u0119 MOZA, albo planuj\u0105 migracj\u0119 do tego ekosystemu. Nie jest to akcesorium odkrywcze, to przemy\u015blany zakup, kt\u00f3ry pozwoli wyspecjalizowa\u0107 instalacj\u0119.<\/p>\n<p>Najbardziej doceniam og\u00f3ln\u0105 stabilno\u015b\u0107. Po dokr\u0119ceniu szybko czujesz, \u017ce mo\u017cesz zaufa\u0107 zaciskowi, nawet przy znacznym momencie obrotowym. Drugim mocnym punktem jest zakres regulacji wysoko\u015bci i nachylenia: mo\u017cesz naprawd\u0119 zbli\u017cy\u0107 si\u0119 do pozycji ci\u0119\u017car\u00f3wki lub pozosta\u0107 przy czym\u015b bardziej wszechstronnym, je\u015bli zmieniasz style gry. Wreszcie, postrzegana jako\u015b\u0107 i estetyczna sp\u00f3jno\u015b\u0107 z ekosystemem MOZA s\u0105 na miejscu. Wizualnie dobrze pasuje do ju\u017c najwy\u017cszej klasy konfiguracji, nie wygl\u0105daj\u0105c jak dodatek.<\/p>\n<p>Je\u015bli chodzi o ograniczenia, to pierwsze wynika z samej specjalizacji produktu. Je\u015bli grasz w kilka lub nie grasz w \u017cadne tytu\u0142y zorientowane na ci\u0119\u017car\u00f3wki lub autobusy, inwestycja traci sens. Sko\u0144czysz z bardzo dobrze zaprojektowan\u0105, ale niewykorzystan\u0105 cz\u0119\u015bci\u0105. Drug\u0105 kwesti\u0105 jest to, \u017ce maksymalna sztywno\u015b\u0107 jest nadal mniejsza ni\u017c w przypadku kolumny zamontowanej na podwoziu z twardego profilu aluminiowego. Pury\u015bci \"zerowego flexu\" odczuj\u0105 to szczeg\u00f3lnie przy bardzo du\u017cych si\u0142ach i ostrej je\u017adzie. Po trzecie, zale\u017cno\u015b\u0107 od ekosystemu MOZA: ten zacisk naprawd\u0119 sprawdza si\u0119 w przypadku kierownic MOZA. Je\u015bli korzystasz z innego ekosystemu, nie b\u0119dziesz w stanie naprawd\u0119 go wykorzysta\u0107.<\/p>\n<p>Pod wzgl\u0119dem postrzeganej warto\u015bci nie jest to gad\u017cet. To inwestycja dla tych, kt\u00f3rzy chc\u0105 podnie\u015b\u0107 konfiguracj\u0119 swojej ci\u0119\u017car\u00f3wki bez przebudowywania ca\u0142ego kokpitu. Je\u015bli cenisz sobie realistyczn\u0105 postaw\u0119 i komfort na d\u0142ugich dystansach, stosunek ceny do wra\u017ce\u0144 szybko staje si\u0119 interesuj\u0105cy.<\/p>\n<h2>Werdykt: czy zacisk MOZA Clamp for Truck Wheel jest wart miejsca w konfiguracji?<\/h2>\n<p>MOZA Clamp for Truck Wheel nie zmienia czystej wydajno\u015bci twojej bazy, ale zasadniczo zmienia spos\u00f3b, w jaki u\u017cywasz jej do prowadzenia ci\u0119\u017ckich pojazd\u00f3w. Dodaje warstw\u0119 ergonomii i realizmu postawy, kt\u00f3ra dla entuzjast\u00f3w symulator\u00f3w ci\u0119\u017car\u00f3wek wyra\u017anie przenosi do\u015bwiadczenie do innej kategorii.<\/p>\n<p>Na rynku jest pozycjonowany jako wyspecjalizowane akcesorium \u015bredniej \/ najwy\u017cszej klasy, zaprojektowane w celu uzupe\u0142nienia konfiguracji ju\u017c skonstruowanej wok\u00f3\u0142 bazy MOZA. Nie zast\u0119puje kokpitu ani kierownicy, ale dzia\u0142a jako punkt obrotu mi\u0119dzy komputerem stacjonarnym a powa\u017cn\u0105 symulacj\u0105 ci\u0119\u017car\u00f3wki. Dla tych, kt\u00f3rzy chc\u0105 utrzyma\u0107 swoj\u0105 konfiguracj\u0119 stosunkowo kompaktow\u0105, ale wiarygodn\u0105, jest to szczeg\u00f3lnie sp\u00f3jne rozwi\u0105zanie.<\/p>\n<p>Poleci\u0142bym go g\u0142\u00f3wnie graczom PC, kt\u00f3rzy s\u0105 ju\u017c zaanga\u017cowani w ekosystem MOZA, kt\u00f3rzy sp\u0119dzaj\u0105 znaczn\u0105 ilo\u015b\u0107 czasu na symulatorach Euro Truck, American Truck, autobus\u00f3w lub samochod\u00f3w i kt\u00f3rzy przywi\u0105zuj\u0105 wag\u0119 do pozycji za kierownic\u0105. Z drugiej strony, je\u015bli grasz g\u0142\u00f3wnie w klasyczne symulatory wy\u015bcigowe, nie masz dedykowanej kierownicy ci\u0119\u017car\u00f3wki lub korzystasz z innej podstawowej marki, nie b\u0119dzie to najlepsza inwestycja.<\/p>\n<p>Je\u015bli chcesz zapewni\u0107 kierownicy ci\u0119\u017car\u00f3wki MOZA wiarygodn\u0105, stabiln\u0105 i wygodn\u0105 pozycj\u0119, ten produkt mo\u017ce wyra\u017anie zmieni\u0107 Twoj\u0105 konfiguracj\u0119.<\/p>","protected":false},"excerpt":{"rendered":"<p>Przede wszystkim zacisk ten zapewnia znacznie bardziej wiarygodn\u0105 i wygodn\u0105 pozycj\u0119 za kierownic\u0105 ci\u0119\u017car\u00f3wki, z prawdziwym poczuciem stabilno\u015bci podczas d\u0142ugich sesji. Ma to sens dla symulator\u00f3w ju\u017c wyposa\u017conych w MOZA, kt\u00f3rzy cz\u0119sto sp\u0119dzaj\u0105 czas na grach z ci\u0119\u017car\u00f3wkami lub autobusami i chc\u0105 unikn\u0105\u0107 dedykowanego kokpitu. Dla tego profilu inwestycja pozostaje sp\u00f3jna i istotna.<\/p>","protected":false},"featured_media":101351,"comment_status":"open","ping_status":"closed","template":"","meta":{"_acf_changed":false,"_et_pb_use_builder":"","_et_pb_old_content":"","_et_gb_content_width":""},"product_brand":[165],"product_cat":[153],"product_tag":[149],"class_list":{"0":"post-101350","1":"product","2":"type-product","3":"status-publish","4":"has-post-thumbnail","6":"product_brand-moza-racing","7":"product_cat-accessoires","8":"product_tag-pc","10":"first","11":"instock","12":"shipping-taxable","13":"product-type-external"},"acf":[],"_links":{"self":[{"href":"https:\/\/simracergear.com\/pl\/wp-json\/wp\/v2\/product\/101350","targetHints":{"allow":["GET"]}}],"collection":[{"href":"https:\/\/simracergear.com\/pl\/wp-json\/wp\/v2\/product"}],"about":[{"href":"https:\/\/simracergear.com\/pl\/wp-json\/wp\/v2\/types\/product"}],"replies":[{"embeddable":true,"href":"https:\/\/simracergear.com\/pl\/wp-json\/wp\/v2\/comments?post=101350"}],"wp:featuredmedia":[{"embeddable":true,"href":"https:\/\/simracergear.com\/pl\/wp-json\/wp\/v2\/media\/101351"}],"wp:attachment":[{"href":"https:\/\/simracergear.com\/pl\/wp-json\/wp\/v2\/media?parent=101350"}],"wp:term":[{"taxonomy":"product_brand","embeddable":true,"href":"https:\/\/simracergear.com\/pl\/wp-json\/wp\/v2\/product_brand?post=101350"},{"taxonomy":"product_cat","embeddable":true,"href":"https:\/\/simracergear.com\/pl\/wp-json\/wp\/v2\/product_cat?post=101350"},{"taxonomy":"product_tag","embeddable":true,"href":"https:\/\/simracergear.com\/pl\/wp-json\/wp\/v2\/product_tag?post=101350"}],"curies":[{"name":"wp","href":"https:\/\/api.w.org\/{rel}","templated":true}]}}