{"id":101413,"date":"2025-05-15T08:10:00","date_gmt":"2025-05-15T08:10:00","guid":{"rendered":"https:\/\/simracergear.com\/products\/moza-hbp-handbrake\/"},"modified":"2025-11-28T05:25:07","modified_gmt":"2025-11-28T05:25:07","slug":"moza-hbp-handbrake","status":"publish","type":"product","link":"https:\/\/simracergear.com\/pl\/products\/moza-hbp-handbrake\/","title":{"rendered":"Hamulec r\u0119czny MOZA HBP"},"content":{"rendered":"<h2>Hamulec r\u0119czny MOZA HBP: naprawd\u0119 wiarygodny hamulec r\u0119czny do wy\u015bcig\u00f3w symulacyjnych<\/h2>\n<p>W symulatorach rajdowych, driftowych i rallycrossowych hamulec r\u0119czny jest cz\u0119sto s\u0142abym ogniwem. Zbyt zabawkowy, zbyt trudny w regulacji lub niewystarczaj\u0105co niezawodny. Hamulec r\u0119czny MOZA HBP rozwi\u0105zuje w\u0142a\u015bnie t\u0119 nisz\u0119: wirtualny metalowy hydrauliczny hamulec r\u0119czny zaprojektowany tak, aby idealnie pasowa\u0142 do nowoczesnego ekosystemu.<\/p>\n<p>Na papierze obiecuje precyzyjny punkt przerwania, dobr\u0105 progresywno\u015b\u0107 i prawdziwe mechaniczne wyczucie, nie b\u0119d\u0105c przy tym fabryk\u0105 gazu do skonfigurowania. Jest wyra\u017anie skierowany do powa\u017cnych, zorientowanych na PC symulator\u00f3w, kt\u00f3rzy chc\u0105 czego\u015b solidnego, zbli\u017conego do produktu \"p\u00f3\u0142profesjonalnego\", ale wci\u0105\u017c w przyst\u0119pnej cenie.<\/p>\n<p>M\u00f3j punkt widzenia na ten test jest prosty: jak bardzo MOZA HBP naprawd\u0119 zmienia spos\u00f3b hamowania i wyzwalania po\u015blizg\u00f3w? Czy wra\u017cenia i precyzja uzasadniaj\u0105 inwestycj\u0119, zw\u0142aszcza w por\u00f3wnaniu z prostszymi hamulcami r\u0119cznymi lub modelami z najwy\u017cszej p\u00f3\u0142ki, kt\u00f3re cz\u0119sto s\u0105 znacznie dro\u017csze? A przede wszystkim, czy zapewniaj\u0105 wi\u0119ksz\u0105 kontrol\u0119 w krytycznych fazach, kiedy wszystko zale\u017cy od kilku milimetr\u00f3w skoku?<\/p>\n<h2>Projekt, produkcja i wra\u017cenia dotykowe<\/h2>\n<p>Hamulec r\u0119czny MOZA HBP od razu robi powa\u017cne wra\u017cenie. Korpus jest solidny, wykonany w ca\u0142o\u015bci z metalu, z wra\u017ceniem g\u0119sto\u015bci i sztywno\u015bci niespotykanej w hamulcach r\u0119cznych klasy podstawowej. W d\u0142oni nie ma zauwa\u017calnego luzu na d\u017awigni, osie s\u0105 dobrze wyregulowane i mo\u017cna poczu\u0107, \u017ce konstrukcja mo\u017ce wytrzyma\u0107 wielokrotne intensywne u\u017cytkowanie bez wzdrygania si\u0119.<\/p>\n<p>Og\u00f3lnie rzecz bior\u0105c, wyko\u0144czenie jest czyste: dobrze obrobione powierzchnie, lakier zgodny z reszt\u0105 gamy MOZA, dost\u0119pne \u015bruby i wkr\u0119ty. Wyko\u0144czenie jest raczej p\u00f3\u0142przemys\u0142owe ni\u017c polerowane, ale w przypadku hamulca r\u0119cznego jest dok\u0142adnie tym, czego mo\u017cna si\u0119 spodziewa\u0107. Chce si\u0119 za niego poci\u0105gn\u0105\u0107, a nie kontemplowa\u0107.<\/p>\n<p>D\u017awigni\u0119 mo\u017cna regulowa\u0107 w pozycji pionowej lub poziomej, co naprawd\u0119 zmienia chwyt. W pozycji pionowej bardziej przypomina hamulec r\u0119czny do driftu. W pozycji quasi-poziomej otrzymujemy co\u015b bli\u017cszego rajdowemu hamulcowi r\u0119cznemu. Sam uchwyt jest przyzwoity, ale nie luksusowy: dobra d\u0142ugo\u015b\u0107, przyjemna \u015brednica, wystarczaj\u0105ca przyczepno\u015b\u0107. Czu\u0107, \u017ce zosta\u0142 zaprojektowany do u\u017cytku zar\u00f3wno w r\u0119kawiczkach, jak i go\u0142ymi r\u0119kami.<\/p>\n<p>Uderzaj\u0105ca jest sztywno\u015b\u0107 ca\u0142o\u015bci. Nie ma si\u0119 wra\u017cenia, \u017ce podstawa si\u0119 skr\u0119ca lub \u017ce cz\u0119\u015bci wyginaj\u0105 si\u0119 pod du\u017cym obci\u0105\u017ceniem. Skok jest prowadzony i liniowy, bez dziwnego tarcia. W por\u00f3wnaniu do podstawowych hamulc\u00f3w r\u0119cznych wykonanych z plastiku lub lekkiego metalu, r\u00f3\u017cnica w postrzeganej solidno\u015bci jest wyra\u017ana.<\/p>\n<p>To, co nieco rozczarowuje, dotyczy dw\u00f3ch kwestii. Po pierwsze, estetyka jest bardzo funkcjonalna i nie ma w niej nic wyszukanego: ci, kt\u00f3rzy lubi\u0105 produkty premium, takie jak dzie\u0142a z\u0142otnik\u00f3w, b\u0119d\u0105 nieco rozczarowani. Po drugie, w zale\u017cno\u015bci od kokpitu, rozmiar i system monta\u017cu mog\u0105 wymaga\u0107 niewielkiej regulacji, aby znale\u017a\u0107 w\u0142a\u015bciw\u0105 pozycj\u0119.<\/p>\n<p>W por\u00f3wnaniu do bardziej zaawansowanych i cz\u0119sto znacznie dro\u017cszych hamulc\u00f3w r\u0119cznych, MOZA HBP to powa\u017cny produkt, mocniejszy ni\u017c model bud\u017cetowy, ale mniej ekstremalny i mniej konfigurowalny ni\u017c w pe\u0142ni \"profesjonalny\" hamulec r\u0119czny z prawdziw\u0105 hydraulik\u0105. Bardzo dobry kompromis mi\u0119dzy wytrzyma\u0142o\u015bci\u0105, rozmiarem i cen\u0105.<\/p>\n<h2>Ustawienia, personalizacja i kompatybilno\u015b\u0107<\/h2>\n<p>Je\u015bli chodzi o regulacj\u0119 mechaniczn\u0105, MOZA HBP oferuje to, co najwa\u017cniejsze: k\u0105t d\u017awigni, orientacj\u0119 (pionow\u0105\/poziom\u0105), twardo\u015b\u0107 dzi\u0119ki systemowi spr\u0119\u017cyn\/t\u0142umienia i u\u017cyteczny skok. Mo\u017cesz naprawd\u0119 dostosowa\u0107 wyczucie do swojego stylu, bardziej \"on\/off\" do agresywnego driftu, bardziej progresywne do rajd\u00f3w lub rallycrossu.<\/p>\n<p>Na komputerze PC oprogramowanie MOZA Pit House pozwala precyzyjnie dostroi\u0107 krzyw\u0105 reakcji i martw\u0105 stref\u0119. Interfejs jest przejrzysty, suwaki reaguj\u0105 natychmiast, a u\u017cyteczny skok jest od razu widoczny. Mo\u017cna si\u0119 tego szybko nauczy\u0107: wykonujesz dwa lub trzy testy, uruchamiasz zestaw referencyjny i dostosowujesz czu\u0142o\u015b\u0107, a\u017c znajdziesz w\u0142a\u015bciwy punkt. Po ustawieniu profilu prawie si\u0119 go nie dotyka.<\/p>\n<p>Z mojej strony odkry\u0142em, \u017ce naprawd\u0119 przydatnymi ustawieniami s\u0105 liniowo\u015b\u0107 krzywej i aktywna kalibracja skoku. Mo\u017cliwo\u015b\u0107 zdefiniowania, kiedy samoch\u00f3d naprawd\u0119 zaczyna blokowa\u0107 tylne ko\u0142a, zmienia zasady gry. Mo\u017cesz mie\u0107 \"mi\u0119kki\" pocz\u0105tek skoku, aby go dozowa\u0107, a nast\u0119pnie szybsze wznoszenie, aby go zablokowa\u0107. Przy odpowiednim ustawieniu transfer masy jest znacznie bardziej naturalny.<\/p>\n<p>Pod wzgl\u0119dem kompatybilno\u015bci MOZA HBP jest wyra\u017anie zorientowana na komputery PC. Mo\u017ce dzia\u0142a\u0107 bezpo\u015brednio przez USB lub zintegrowany z ekosystemem MOZA. W trybie USB zachowuje si\u0119 jak standardowe urz\u0105dzenie peryferyjne rozpoznawane przez wi\u0119kszo\u015b\u0107 gier wy\u015bcigowych. W pe\u0142nej konfiguracji MOZA integracja jest czystsza, ale nie musisz by\u0107, aby j\u0105 wykorzysta\u0107.<\/p>\n<p>W przypadku kokpit\u00f3w wszystko zale\u017cy od monta\u017cu. Hamulec r\u0119czny dobrze dopasowuje si\u0119 do kokpit\u00f3w o profilu aluminiowym, a tak\u017ce do sporej liczby stalowych podwozi, ale czasami trzeba b\u0119dzie wykona\u0107 wspornik lub adapter w zale\u017cno\u015bci od konstrukcji. Nie jest to nic nie do pokonania, ale nie m\u00f3wimy o produkcie typu \"plug &amp; play\" dla konwencjonalnego biurka.<\/p>\n<p>Je\u015bli chodzi o skalowalno\u015b\u0107, jest to hamulec r\u0119czny, kt\u00f3ry mo\u017ce pozosta\u0107 w konfiguracji przez d\u0142ugi czas. Nie jest to tylko punkt startowy, kt\u00f3ry nale\u017cy wymieni\u0107, gdy tylko zrobisz post\u0119py. Ma to, czego potrzeba, aby przej\u015b\u0107 na wy\u017cszy poziom do mocniejszych wide\u0142ek \u0142a\u0144cuchowych, ogniw obci\u0105\u017cnikowych lub hydraulicznych mechanizm\u00f3w korbowych i najwy\u017cszej klasy przerzutek. Mo\u017cna na nim zbudowa\u0107 powa\u017cn\u0105 konfiguracj\u0119, nie czuj\u0105c si\u0119 zbyt szybko ograniczonym.<\/p>\n<h2>MOZA HBP w grze: wyczucie, kontrola i pewno\u015b\u0107 siebie<\/h2>\n<p>MOZA HBP naprawd\u0119 sprawdza si\u0119 na torze. Celem dobrego hamulca r\u0119cznego w wy\u015bcigach symulacyjnych jest nie tylko blokowanie tylnych k\u00f3\u0142, ale tak\u017ce kontrolowanie po\u015blizgu. Pojawia si\u0119 wi\u0119c pytanie: jak precyzyjny i powtarzalny jest ten hamulec r\u0119czny?<\/p>\n<p>Jazda oferuje do\u015b\u0107 wyra\u017any punkt krytyczny. Mo\u017cna wyczu\u0107 stopniowy wzrost oporu, a nast\u0119pnie stref\u0119, w kt\u00f3rej blokowanie staje si\u0119 bardziej wyra\u017ane. Nie jest to prawdziwa hydraulika, ale wra\u017cenie jest wyra\u017anie bli\u017csze bardziej zaawansowanemu systemowi ni\u017c prostemu mikroprze\u0142\u0105cznikowi. Przej\u015bcie mi\u0119dzy przyczepno\u015bci\u0105 a po\u015blizgiem jest \u0142atwiejsze do opanowania.<\/p>\n<p>W ciasnych zakr\u0119tach i spiralach mo\u017cesz wyzwoli\u0107 obr\u00f3t samochodu bez poczucia, \u017ce grasz na loterii. Po naci\u015bni\u0119ciu spustu samoch\u00f3d obraca si\u0119 i \u0142atwo jest znale\u017a\u0107 powtarzaln\u0105 pozycj\u0119. Od razu wiesz, co robi ty\u0142 samochodu. To w\u0142a\u015bnie zmienia pewno\u015b\u0107 siebie.<\/p>\n<p>Na odcinkach typu rajdowego wstrz\u0105s generowany przez hamulec r\u0119czny jest czysty, bez wyczuwalnego op\u00f3\u017anienia. Mo\u017cna mocno naciska\u0107 bez odczuwania mechanicznego zm\u0119czenia d\u017awigni. Odczytywanie tylnej przyczepno\u015bci staje si\u0119 bardziej subtelne ni\u017c w przypadku zwyk\u0142ego hamulca r\u0119cznego: masz lepsze wyczucie, kiedy ko\u0142a schodz\u0105 z linii i szybko uczysz si\u0119 regulowa\u0107 hamulec, aby uzyska\u0107 precyzyjny k\u0105t natarcia, a nie zwyk\u0142y obr\u00f3t.<\/p>\n<p>Na wibratorach lub wyboistych obszarach rola hamulca r\u0119cznego jest bardziej ograniczona, ale wyr\u00f3\u017cnia si\u0119 jedna rzecz: sp\u00f3jno\u015b\u0107. Skok pozostaje taki sam, a op\u00f3r nie zmienia si\u0119 podczas sesji, nawet gdy je\u017adzisz jeden po drugim. Pami\u0119\u0107 mi\u0119\u015bniowa dzia\u0142a szybko. Wiesz, gdzie znajduje si\u0119 punkt spustowy bez konieczno\u015bci my\u015blenia o nim. To uwalnia mentaln\u0105 przepustowo\u015b\u0107 dla reszty.<\/p>\n<p>W przypadku szybkich korekt, zw\u0142aszcza w drifcie lub rallycrossie, d\u017awignia szybko i czysto powraca do pozycji wyj\u015bciowej. D\u017awigni\u0119 mo\u017cna wielokrotnie poci\u0105ga\u0107 i puszcza\u0107 bez ryzyka jej zatarcia. Czu\u0107, \u017ce system spr\u0119\u017cyn jest dobrze zwymiarowany. Jest to szczeg\u00f3lnie przyjemne, gdy bawisz si\u0119 samochodem na limicie, naprzemiennie hamuj\u0105c hamulcem r\u0119cznym, peda\u0142em hamulca i przeciwskr\u0119tem.<\/p>\n<p>W por\u00f3wnaniu z bardzo podstawowym hamulcem r\u0119cznym, g\u0142\u00f3wny zysk polega na finezji sterowania. Tam, gdzie prosty model sprawia wra\u017cenie posiadania tylko dw\u00f3ch stan\u00f3w (nic \/ wszystko zablokowane), MOZA HBP oferuje prawdziw\u0105 stref\u0119 u\u017cytkow\u0105. Z drugiej strony, w por\u00f3wnaniu do niekt\u00f3rych modeli z najwy\u017cszej p\u00f3\u0142ki z pe\u0142nym obwodem hydraulicznym, tracimy troch\u0119 bogactwa czystych dozna\u0144, ale unikamy r\u00f3wnie\u017c z\u0142o\u017cono\u015bci, konserwacji i ogromnych dodatkowych koszt\u00f3w. R\u00f3wnowaga jest nadal bardzo dobra dla wi\u0119kszo\u015bci symulator\u00f3w.<\/p>\n<p>Je\u015bli chodzi o immersj\u0119, odczucia s\u0105 sp\u00f3jne z konfiguracj\u0105 ze \u015bredniej\/wy\u017cszej p\u00f3\u0142ki: baza Direct Drive, powa\u017cny mechanizm korbowy, mechaniczna manetka. Hamulec r\u0119czny nie wyr\u00f3\u017cnia si\u0119, jest naturaln\u0105 cz\u0119\u015bci\u0105 do\u015bwiadczenia. Naprawd\u0119 ma si\u0119 wra\u017cenie, \u017ce dodaje si\u0119 narz\u0119dzie do jazdy, a nie tylko gad\u017cet.<\/p>\n<p>Podczas d\u0142ugich sesji najbardziej wyr\u00f3\u017cnia si\u0119 sp\u00f3jno\u015b\u0107 i brak nadmiernego zm\u0119czenia. Op\u00f3r jest wystarczaj\u0105cy, by zapewni\u0107 precyzj\u0119, ale nie m\u0119czy. Mo\u017cesz sp\u0119dzi\u0107 ca\u0142y wiecz\u00f3r na rajdach lub drifcie bez p\u0142on\u0105cego przedramienia. To dobra r\u00f3wnowaga dla bardzo zaj\u0119tego urz\u0105dzenia.<\/p>\n<h2>Dla kogo to jest? Co lubimy, czego nie lubimy<\/h2>\n<p>MOZA HBP Handbrake jest wyra\u017anie skierowany do zmotywowanych symulator\u00f3w, kt\u00f3rzy graj\u0105 g\u0142\u00f3wnie na PC, z minimaln\u0105 struktur\u0105 (kokpit lub solidne wsparcie). Bardzo przypadkowy pocz\u0105tkuj\u0105cy, kt\u00f3ry je\u017adzi raz w miesi\u0105cu na komputerze stacjonarnym, nie wykorzysta pe\u0142nego potencja\u0142u tej gry. Z drugiej strony \"powa\u017cny \u015bredniozaawansowany\" lub \"potwierdzony\" profil rajdowy \/ driftowy szybko znajdzie to, czego szuka.<\/p>\n<p>Najbardziej doceniam og\u00f3lne poczucie solidno\u015bci. Wydaje si\u0119, \u017ce wytrzyma tysi\u0105ce uderze\u0144 bez uszkodzenia, co wzbudza zaufanie. Do tego dochodzi u\u017cyteczny skok i progresywno\u015b\u0107, kt\u00f3re daj\u0105 prawdziw\u0105 kontrol\u0119. Nie walczysz ju\u017c z prze\u0142\u0105cznikiem, ale naprawd\u0119 kontrolujesz ty\u0142 samochodu. Wreszcie, integracja z ekosystemem MOZA lub jako samodzielne urz\u0105dzenie USB jest czysta, z oprogramowaniem, kt\u00f3re jest wystarczaj\u0105co jasne, aby umo\u017cliwi\u0107 precyzyjne dostrojenie bez b\u00f3lu g\u0142owy.<\/p>\n<p>Je\u015bli chodzi o ograniczenia, pierwszym z nich jest kompatybilno\u015b\u0107 z konsolami, kt\u00f3ra nie jest idealnym miejscem do zabawy. Dla symulatora opartego g\u0142\u00f3wnie na konsolach nie jest to najlepszy wyb\u00f3r. Drug\u0105 wad\u0105 jest to, \u017ce monta\u017c wymaga minimum kokpitu lub sztywnej konstrukcji. Na zwyk\u0142ym biurku, nawet solidnym, wra\u017cenia trac\u0105 sporo na precyzji i komforcie. Po trzecie, odczucia nie do ko\u0144ca osi\u0105gaj\u0105 poziom realizmu najwy\u017cszej klasy w pe\u0142ni hydraulicznego systemu: ci, kt\u00f3rzy szukaj\u0105 absolutnego maksimum mechanicznego realizmu, nieuchronnie p\u00f3jd\u0105 dalej... i dro\u017cej.<\/p>\n<p>Pod wzgl\u0119dem inwestycyjnym MOZA HBP jest pozycjonowana jako produkt o wysokiej warto\u015bci postrzeganej w swoim segmencie. To nie jest gad\u017cet: to prawdziwe urz\u0105dzenie do jazdy, kt\u00f3re mo\u017ce zmieni\u0107 wra\u017cenia z rajd\u00f3w i driftu. Stosunek solidno\u015bci \/ wra\u017ce\u0144 \/ ceny jest sp\u00f3jny dla kogo\u015b, kto sp\u0119dza czas na wy\u015bcigach symulacyjnych i chce wiarygodnej konfiguracji bez wchodzenia na ekstremalny szczyt zakresu.<\/p>\n<h2>Werdykt: czy hamulec r\u0119czny MOZA HBP jest wart swojej ceny?<\/h2>\n<p>Hamulec r\u0119czny MOZA HBP wnosi co\u015b bardzo namacalnego do konfiguracji: mo\u017cliwo\u015b\u0107 zarz\u0105dzania hamulcem r\u0119cznym jako prawdziwym narz\u0119dziem do kierowania, a nie tylko gigantycznym przyciskiem. Korzy\u015bci w zakresie kontroli po\u015blizgu, precyzji na zakr\u0119tach i pewno\u015bci podczas zwalniania hamulca r\u0119cznego s\u0105 natychmiast widoczne podczas jazdy w dyscyplinach, w kt\u00f3rych ty\u0142 samochodu odgrywa kluczow\u0105 rol\u0119.<\/p>\n<p>Na rynku jest wyra\u017anie pozycjonowany w solidnym \u015brednim zakresie, z prawdziwym naciskiem na solidno\u015b\u0107 i wyczucie mechaniczne, bez przechodzenia do ekstremalnej z\u0142o\u017cono\u015bci lub szalonych cen pe\u0142nych system\u00f3w pro. Jest to interesuj\u0105cy punkt zwrotny dla tych, kt\u00f3rzy chc\u0105 przej\u015b\u0107 od \"zabawnej konfiguracji\" do \"powa\u017cnej konfiguracji\" nastawionej na rajdy i drifting.<\/p>\n<p>Poleci\u0142bym j\u0105 szczeg\u00f3lnie graczom PC ze sztywnym kokpitem, kt\u00f3rzy zainwestowali ju\u017c troch\u0119 w sw\u00f3j sprz\u0119t i chc\u0105 przenie\u015b\u0107 swoje umiej\u0119tno\u015bci szybowania i przenoszenia masy na wy\u017cszy poziom. Dla czystego symulatora toru GT bez hamulca r\u0119cznego lub dla okazjonalnego gracza konsolowego, atrakcyjno\u015b\u0107 jest jednak znacznie bardziej ograniczona.<\/p>\n<p>Je\u015bli szukasz solidnego, regulowanego hamulca r\u0119cznego, kt\u00f3ry naprawd\u0119 mo\u017ce by\u0107 u\u017cywany do rajd\u00f3w i driftu w wy\u015bcigach symulacyjnych, ten produkt mo\u017ce zrobi\u0107 r\u00f3\u017cnic\u0119 w Twojej konfiguracji.<\/p>","protected":false},"excerpt":{"rendered":"<p>Ten hamulec r\u0119czny da\u0142 mi prawdziwe poczucie dodatkowej kontroli nad po\u015blizgami, z konsekwencj\u0105, kt\u00f3ra szybko doda\u0142a mi pewno\u015bci siebie. Ma to sens dla symulator\u00f3w PC wyposa\u017conych w sztywny kokpit, kt\u00f3rzy ju\u017c troch\u0119 zainwestowali i cz\u0119sto \u015bcigaj\u0105 si\u0119 w rajdach lub drifcie. Og\u00f3lnie rzecz bior\u0105c, uwa\u017cam, \u017ce r\u00f3wnowaga mi\u0119dzy solidno\u015bci\u0105, wyczuciem i cen\u0105 jest dobra.<\/p>","protected":false},"featured_media":101414,"comment_status":"open","ping_status":"closed","template":"","meta":{"_acf_changed":false,"_et_pb_use_builder":"","_et_pb_old_content":"","_et_gb_content_width":""},"product_brand":[165],"product_cat":[150],"product_tag":[149],"class_list":{"0":"post-101413","1":"product","2":"type-product","3":"status-publish","4":"has-post-thumbnail","6":"product_brand-moza-racing","7":"product_cat-frein-a-main","8":"product_tag-pc","10":"first","11":"instock","12":"shipping-taxable","13":"product-type-external"},"acf":[],"_links":{"self":[{"href":"https:\/\/simracergear.com\/pl\/wp-json\/wp\/v2\/product\/101413","targetHints":{"allow":["GET"]}}],"collection":[{"href":"https:\/\/simracergear.com\/pl\/wp-json\/wp\/v2\/product"}],"about":[{"href":"https:\/\/simracergear.com\/pl\/wp-json\/wp\/v2\/types\/product"}],"replies":[{"embeddable":true,"href":"https:\/\/simracergear.com\/pl\/wp-json\/wp\/v2\/comments?post=101413"}],"wp:featuredmedia":[{"embeddable":true,"href":"https:\/\/simracergear.com\/pl\/wp-json\/wp\/v2\/media\/101414"}],"wp:attachment":[{"href":"https:\/\/simracergear.com\/pl\/wp-json\/wp\/v2\/media?parent=101413"}],"wp:term":[{"taxonomy":"product_brand","embeddable":true,"href":"https:\/\/simracergear.com\/pl\/wp-json\/wp\/v2\/product_brand?post=101413"},{"taxonomy":"product_cat","embeddable":true,"href":"https:\/\/simracergear.com\/pl\/wp-json\/wp\/v2\/product_cat?post=101413"},{"taxonomy":"product_tag","embeddable":true,"href":"https:\/\/simracergear.com\/pl\/wp-json\/wp\/v2\/product_tag?post=101413"}],"curies":[{"name":"wp","href":"https:\/\/api.w.org\/{rel}","templated":true}]}}