{"id":101445,"date":"2025-05-15T08:10:00","date_gmt":"2025-05-15T08:10:00","guid":{"rendered":"https:\/\/simracergear.com\/products\/moza-r12-gs-v2p-gt-wheel-bundle\/"},"modified":"2025-11-28T05:29:52","modified_gmt":"2025-11-28T05:29:52","slug":"moza-r12-gs-v2p-gt-wheel-bundle","status":"publish","type":"product","link":"https:\/\/simracergear.com\/pl\/products\/moza-r12-gs-v2p-gt-wheel-bundle\/","title":{"rendered":"Zestaw k\u00f3\u0142 MOZA R12 i GS V2P GT"},"content":{"rendered":"<h2>Zestaw k\u00f3\u0142 MOZA R12 i GS V2P GT: co naprawd\u0119 zmienia w konfiguracji?<\/h2>\n<p>Zestaw MOZA R12 i GS V2P GT Wheel wyra\u017anie nale\u017cy do kategorii \"middle-premium\" komputer\u00f3w z nap\u0119dem bezpo\u015brednim. Nie jeste\u015bmy ju\u017c w kategorii podstawowej, ale nie jeste\u015bmy jeszcze w szale\u0144stwie ultra-pot\u0119\u017cnych baz. Jest skierowany do os\u00f3b, kt\u00f3re chc\u0105 prawdziwego skoku realizmu bez nadwyr\u0119\u017cania bud\u017cetu lub kokpitu.<\/p>\n<p>Na papierze obietnica jest prosta: baza Direct Drive z wystarczaj\u0105cym momentem obrotowym, aby poczu\u0107 wszystko, kierownica GT z nowoczesnym wy\u015bcigowym wyczuciem, powa\u017cne materia\u0142y i ekosystem, kt\u00f3ry jest ju\u017c dobrze ugruntowany. W praktyce kombinacja ta stara si\u0119 znale\u017a\u0107 r\u00f3wnowag\u0119 mi\u0119dzy czyst\u0105 wydajno\u015bci\u0105, \u0142atwo\u015bci\u0105 u\u017cytkowania i kompatybilno\u015bci\u0105 z jak najwi\u0119ksz\u0105 liczb\u0105 symulator\u00f3w.<\/p>\n<p>M\u00f3j k\u0105t analizy jest dwojaki: jako\u015b\u0107 czucia jazdy (precyzja FFB, odczyt przyczepno\u015bci, kontrola na limitach) i og\u00f3lny komfort (ergonomia, ustawienia, u\u017cytkowanie podczas d\u0142ugich sesji). Przygl\u0105dam si\u0119 r\u00f3wnie\u017c temu, co ten zestaw ma do zaoferowania w por\u00f3wnaniu z bardziej skromn\u0105 baz\u0105 paskow\u0105 lub podstawowym nap\u0119dem bezpo\u015brednim i czy sprawdza si\u0119 jako centralny element konfiguracji, kt\u00f3r\u0105 mo\u017cna rozbudowywa\u0107 przez kilka lat.<\/p>\n<h2>Projekt i produkcja: powaga, sp\u00f3jno\u015b\u0107 i drobne wady<\/h2>\n<p>Podstawa R12 od razu sprawia wra\u017cenie zwartego, g\u0119stego bloku. Metalowa obudowa, czysty monta\u017c, brak paso\u017cytniczych luz\u00f3w, nic, co wydaje si\u0119 puste w \u015brodku. Odnosi si\u0119 wra\u017cenie, \u017ce produkt zosta\u0142 zaprojektowany tak, aby pozosta\u0107 przymocowanym do kokpitu bez wzdrygania si\u0119. Odczuwalna sztywno\u015b\u0107 jest bardzo dobra dla tego zakresu, nawet na przyzwoitym, ale nie ultra-high-endowym wsporniku.<\/p>\n<p>Kierownica GS V2P GT Wheel jest wyra\u017anie skierowana do nowoczesnego \u015bwiata GT\/LMP. Dzi\u0119ki metalowej konstrukcji, ok\u0142adzinom z w\u0142\u00f3kna w\u0119glowego i uchwytom wykonanym z Alcantary lub podobnego materia\u0142u, w zale\u017cno\u015bci od wersji, czuje si\u0119 j\u0105 powa\u017cnie w d\u0142oni i emanuje raczej \"entuzjastycznym\" symulatorem wy\u015bcig\u00f3w ni\u017c zabawk\u0105. \u0141opatki magnetyczne charakteryzuj\u0105 si\u0119 wyra\u017anym, czystym klikni\u0119ciem i precyzyjnym wyczuciem pod palcami. Mo\u017cna wyczu\u0107 ka\u017cd\u0105 zmian\u0119 biegu, bez \u017cadnej mi\u0119kko\u015bci.<\/p>\n<p>Pierwsz\u0105 rzecz\u0105, kt\u00f3ra zaskakuje, jest g\u0119sto\u015b\u0107 ca\u0142o\u015bci. Podstawa nie sprawia wra\u017cenia, jakby trzeba by\u0142o na niej oszcz\u0119dza\u0107, a kierownica nie ma tego lekkiego, plastikowego wra\u017cenia, kt\u00f3re czasami mo\u017cna znale\u017a\u0107 w bardziej mainstreamowych produktach. Po prostu chcesz to zrobi\u0107, bez zadawania pyta\u0144.<\/p>\n<p>Rozczarowania tkwi\u0105 bardziej w szczeg\u00f3\u0142ach. Niekt\u00f3re drugorz\u0119dne tworzywa sztuczne wok\u00f3\u0142 z\u0142\u0105czy i na niekt\u00f3rych cz\u0119\u015bciach kierownicy nie s\u0105 tak wysokiej jako\u015bci jak reszta. Nie jest to tani produkt, ale jest o poziom ni\u017cej od niekt\u00f3rych dro\u017cszych kierownic z najwy\u017cszej p\u00f3\u0142ki. Przyciski, cho\u0107 przyzwoite, mog\u0142yby by\u0107 nieco bardziej wyczuwalne, aby dor\u00f3wna\u0107 najlepszym na rynku.<\/p>\n<p>W por\u00f3wnaniu z innymi rozwi\u0105zaniami w tym samym segmencie, pakiet R12 + GS V2P wypada dobrze: wy\u017csza jako\u015b\u0107 ni\u017c w przypadku zestawu skierowanego do pocz\u0105tkuj\u0105cych, mniej luksusowy ni\u017c bardzo premium combo, ale z prawdziwym poczuciem powagi i og\u00f3lnej sp\u00f3jno\u015bci.<\/p>\n<h2>Ustawienia, personalizacja i kompatybilno\u015b\u0107: elastyczne, ale zorientowane na PC<\/h2>\n<p>Od strony oprogramowania MOZA oferuje do\u015b\u0107 wszechstronny ekosystem ustawie\u0144. Interfejs jest przejrzysty, z zak\u0142adkami dla ustawie\u0144 wst\u0119pnych na zestaw, og\u00f3lnej si\u0142y, filtr\u00f3w, tarcia, bezw\u0142adno\u015bci, a tak\u017ce parametr\u00f3w kierownicy (o\u015bwietlenie, przypisania itp.). Mo\u017cesz szybko znale\u017a\u0107 niezb\u0119dne opcje, nie b\u0119d\u0105c przyt\u0142oczonym przez niezrozumia\u0142e menu.<\/p>\n<p>Ustawienia wst\u0119pne dla g\u0142\u00f3wnych symulator\u00f3w stanowi\u0105 dobr\u0105 podstaw\u0119. Nie s\u0105 idealne dla ka\u017cdego, ale pozwalaj\u0105 na szybk\u0105 jazd\u0119 bez gubienia si\u0119. Nast\u0119pnie dostosowanie si\u0142y, mi\u0119kko\u015bci wok\u00f3\u0142 punktu \u015brodkowego, sposobu, w jaki podstawa filtruje wibracje lub odbija nier\u00f3wno\u015bci, zajmuje troch\u0119 czasu, ale pozostaje dost\u0119pne. Krzywa uczenia si\u0119 nie jest natychmiastowa, ale nie jest te\u017c karz\u0105ca: po kilku sesjach wiesz, co naprawd\u0119 wp\u0142ywa na to, jak si\u0119 czujesz.<\/p>\n<p>Dla mnie najbardziej u\u017cytecznymi ustawieniami s\u0105 og\u00f3lne wzmocnienie, liniowo\u015b\u0107 i zarz\u0105dzanie efektami paso\u017cytniczymi. W R12 u\u017cyteczny zakres jest szeroki: mo\u017cesz uzyska\u0107 FFB, kt\u00f3ry jest wystarczaj\u0105co mi\u0119kki, aby je\u017adzi\u0107 przez d\u0142ugi czas lub bardziej fizyczne sprz\u0119\u017cenie zwrotne, kt\u00f3re przypomina ka\u017cdy lekko agresywny wibrator. Sama kierownica oferuje wystarczaj\u0105c\u0105 liczb\u0119 przycisk\u00f3w, enkoder\u00f3w i prze\u0142\u0105cznik\u00f3w, aby zmapowa\u0107 wszystko, czego potrzebujesz do nowoczesnych symulator\u00f3w, bez konieczno\u015bci powrotu do klawiatury.<\/p>\n<p>Pod wzgl\u0119dem kompatybilno\u015bci jest to wyra\u017anie platforma zaprojektowana g\u0142\u00f3wnie dla komputer\u00f3w PC. Integracja z g\u0142\u00f3wnymi symulatorami jest dobra, a ekosystem MOZA (peda\u0142y, manetki, deski rozdzielcze itp.) oznacza, \u017ce mo\u017cna zbudowa\u0107 kompletn\u0105 konfiguracj\u0119. Mo\u017cna odnie\u015b\u0107 wra\u017cenie, \u017ce ta baza mo\u017ce sta\u0107 si\u0119 sercem instalacji z mo\u017cliwo\u015bci\u0105 rozbudowy: mo\u017cesz zacz\u0105\u0107 od tego zestawu, doda\u0107 mocniejszy mechanizm korbowy p\u00f3\u017aniej lub zmieni\u0107 kierownic\u0119, pozostaj\u0105c na tej samej bazie.<\/p>\n<p>Jako powa\u017cny punkt wej\u015bcia do ekosystemu nap\u0119du bezpo\u015bredniego, R12 nie wygl\u0105da na zakup \"do wyrzucenia\". Zamiast tego jest pozycjonowany jako model bazowy, kt\u00f3ry mo\u017cna przechowywa\u0107 przez kilka lat, chyba \u017ce naprawd\u0119 celujesz w bardzo, bardzo wysok\u0105 gam\u0119.<\/p>\n<h2>Sensations at play: gdzie pakiet uzasadnia swoje istnienie<\/h2>\n<p>Na torze \u0142atwo jest zobaczy\u0107, co R12 ma do zaoferowania z GS V2P. Sprz\u0119\u017cenie zwrotne mocy jest wyra\u017ane i czyste, z dobr\u0105 r\u00f3wnowag\u0105 mi\u0119dzy drobnymi szczeg\u00f3\u0142ami a brutaln\u0105 si\u0142\u0105. Nie mamy eksplozji momentu obrotowego ultra-mocnej bazy, ale znacznie wyprzedzamy system nap\u0119dzany paskiem lub bardzo skromny nap\u0119d bezpo\u015bredni.<\/p>\n<p>Na szybkich zakr\u0119tach uk\u0142ad kierowniczy obci\u0105\u017ca si\u0119 stopniowo. Mo\u017cesz poczu\u0107 napr\u0119\u017cenie w kierownicy, co oznacza, \u017ce mo\u017cesz przewidzie\u0107 limit bez bycia zaskoczonym. Na nawrotach i wolniejszych odcinkach zmiana punktu ci\u0119\u017cko\u015bci jest prosta, ale nie gwa\u0142towna. Kierownic\u0119 mo\u017cna regulowa\u0107 co do milimetra, zw\u0142aszcza w wersji GT, kt\u00f3ra zach\u0119ca do utrzymywania bardzo stabilnej pozycji.<\/p>\n<p>Odczyt przyczepno\u015bci jest jedn\u0105 z mocnych stron tej serii. Wida\u0107 do\u015b\u0107 wyra\u017anie, kiedy prz\u00f3d zaczyna si\u0119 \u015blizga\u0107, lekkie unoszenie si\u0119, gdy samoch\u00f3d si\u0119 roz\u0142adowuje, a nast\u0119pnie powr\u00f3t obci\u0105\u017cenia, gdy si\u0119 zawiesza. W przypadku s\u0142abszej bazy te przej\u015bcia s\u0105 bardziej rozmyte lub zag\u0142uszone przez zbyt zaokr\u0105glone FFB. Tutaj odczucia s\u0105 czystsze i \u0142atwiejsze do odczytania.<\/p>\n<p>Je\u015bli chodzi o wibratory, zestaw spisuje si\u0119 dobrze. Wibracje s\u0105 obecne, teksturowane, ale nie staj\u0105 si\u0119 ci\u0105g\u0142ym szumem. Mo\u017cna poczu\u0107 r\u00f3\u017cnic\u0119 mi\u0119dzy p\u0142askim wibratorem a bardziej agresywnym modelem, a tak\u017ce kraw\u0119dzi\u0105 toru, gdy ugryziesz go do po\u0142owy. Wy\u017csze kraw\u0119\u017cniki przek\u0142adaj\u0105 si\u0119 na ostre szarpni\u0119cia kierownic\u0105, na tyle realistyczne, \u017ce chce si\u0119 je respektowa\u0107.<\/p>\n<p>Je\u015bli chodzi o szybkie korekty - w przypadku nadsterowno\u015bci, utraty przyczepno\u015bci lub nieco ciasnego l\u0105dowania - R12 pozostaje do\u015b\u0107 responsywny. Nie ma op\u00f3\u017anienia charakterystycznego dla starszych system\u00f3w nap\u0119dzanych paskiem. Mo\u017cesz naprawd\u0119 instynktownie dogoni\u0107 samoch\u00f3d, co buduje pewno\u015b\u0107 siebie. To w\u0142a\u015bnie tutaj cz\u0119sto uwidacznia si\u0119 r\u00f3\u017cnica w por\u00f3wnaniu z mniej wydajnym modelem podstawowym: kierownica lepiej pod\u0105\u017ca za d\u0142o\u0144mi, bez ryzyka zderzenia.<\/p>\n<p>Podczas d\u0142ugich sesji konsystencja FFB jest dobra. Podstawa nie zaczyna traci\u0107 si\u0142y ani finezji przy ka\u017cdym obrocie, o ile pozostajesz w rozs\u0105dnym zakresie ustawie\u0144. Zm\u0119czenie zale\u017cy g\u0142\u00f3wnie od wybranej si\u0142y. Dzi\u0119ki zr\u00f3wnowa\u017conej konfiguracji mo\u017cesz je\u017adzi\u0107 przez d\u0142ugi czas bez uczucia \"z\u0142amania\", zachowuj\u0105c jednocze\u015bnie wystarczaj\u0105c\u0105 ilo\u015b\u0107 informacji, aby dobrze dzia\u0142a\u0107.<\/p>\n<p>W por\u00f3wnaniu do znacznie mocniejszej bazy, R12 b\u0119dzie oczywi\u015bcie mniej brutalny i mniej wymagaj\u0105cy fizycznie. Tracisz troch\u0119 swobody, je\u015bli chodzi o ekstremalne si\u0142y, ale zyskujesz na komforcie i sterowalno\u015bci dla wi\u0119kszo\u015bci u\u017cytkownik\u00f3w. GS V2P dobrze pasuje do tego podej\u015bcia: format GT, dobra przyczepno\u015b\u0107, dobrze rozmieszczone elementy steruj\u0105ce, wszystko zosta\u0142o zaprojektowane tak, aby skupi\u0107 si\u0119 na je\u017adzie.<\/p>\n<p>Og\u00f3lna immersja jest solidna. Czujesz si\u0119, jakby\u015b prowadzi\u0142 nowoczesny samoch\u00f3d wy\u015bcigowy, a nie tylko gr\u0119 wideo. Odg\u0142osy to nie wszystko, twoje r\u0119ce naprawd\u0119 rozumiej\u0105, co robi samoch\u00f3d. W tym miejscu fundament zmienia do\u015bwiadczenie.<\/p>\n<h2>Dla kogo to jest? Co lubimy, czego nie lubimy<\/h2>\n<p>Zestaw ten skierowany jest przede wszystkim do \u015brednio zaawansowanych i zaawansowanych u\u017cytkownik\u00f3w, g\u0142\u00f3wnie komputer\u00f3w PC, kt\u00f3rzy chc\u0105 zrobi\u0107 wyra\u017any krok naprz\u00f3d od podstawowej kierownicy lub konwencjonalnej podstawy nap\u0119dzanej paskiem. Bardzo zmotywowani pocz\u0105tkuj\u0105cy r\u00f3wnie\u017c mog\u0105 znale\u017a\u0107 co\u015b dla siebie w tym zestawie, o ile zaakceptuj\u0105 krzyw\u0105 progresji i bud\u017cet. Dla bardzo okazjonalnych lub zorientowanych na konsole graczy nie jest to najbardziej logiczny wyb\u00f3r.<\/p>\n<p>To, co szczeg\u00f3lnie mi si\u0119 podoba, to og\u00f3lna r\u00f3wnowaga. Moc R12 jest wi\u0119cej ni\u017c wystarczaj\u0105ca do wci\u0105gaj\u0105cej jazdy, z du\u017cym marginesem, zanim stanie si\u0119 nadmierna. Og\u00f3lna jako\u015b\u0107 wykonania budzi zaufanie i sprawia wra\u017cenie produktu gotowego do wielogodzinnej jazdy. Kierownica GS V2P w formacie GT, z magnetycznymi \u0142opatkami i dobrze przemy\u015blanymi elementami steruj\u0105cymi, zapewnia prawdziwy komfort na torze: masz wszystko na wyci\u0105gni\u0119cie r\u0119ki, bez konieczno\u015bci szukania.<\/p>\n<p>Kolejnym mocnym punktem jest ekosystem. Posiadanie bazy, kt\u00f3ra mo\u017ce pomie\u015bci\u0107 inne kierownice tej samej marki, bardziej zaawansowane mechanizmy korbowe, manetk\u0119 i hamulec r\u0119czny to prawdziwy plus. Nie zamykasz si\u0119 w martwej konfiguracji. Inwestycja ma wtedy wi\u0119kszy sens, zw\u0142aszcza je\u015bli traktujesz wy\u015bcigi jako d\u0142ugoterminow\u0105 pasj\u0119.<\/p>\n<p>Je\u015bli chodzi o ograniczenia, nie jest to najbardziej wszechstronne po\u0142\u0105czenie, je\u015bli du\u017co je\u017adzisz w rajdach lub drifcie: kierownica GT jest nadal zorientowana na tor, a niekt\u00f3rzy ludzie wol\u0105 bardziej zaokr\u0105glon\u0105 obr\u0119cz. Aspekt zorientowany na PC mo\u017ce by\u0107 r\u00f3wnie\u017c frustruj\u0105cy dla tych, kt\u00f3rzy maj\u0105 nadziej\u0119 na prost\u0105, oficjaln\u0105 integracj\u0119 z konsol\u0105. Wreszcie, nawet je\u015bli stosunek jako\u015bci do ceny jest sp\u00f3jny, nie m\u00f3wimy o \"odkrywczym\" bud\u017cecie: musisz zaakceptowa\u0107 ide\u0119 powa\u017cnej inwestycji w swoje hobby.<\/p>\n<p>Jednak postrzegana warto\u015b\u0107 pozostaje dobra. P\u0142acisz za prawdziwy wzrost jako\u015bci, a nie za kilka dodatkowych diod LED. Dla kogo\u015b, kto sp\u0119dza du\u017co czasu na symulatorach, wzrost precyzji, komfortu jazdy i wyczucia szybko zrekompensuj\u0105 pocz\u0105tkowy wydatek.<\/p>\n<h2>Werdykt: prawdziwy zwrot w kierunku \"powa\u017cnych\" wy\u015bcig\u00f3w symulacyjnych<\/h2>\n<p>Zestaw k\u00f3\u0142 GT MOZA R12 i GS V2P wyra\u017anie zmienia konfiguracj\u0119. Przechodzisz od kierownicy, kt\u00f3ra \"wykonuje swoj\u0105 prac\u0119\" do bazy Direct Drive zdolnej do przekazywania niuans\u00f3w zachowania samochodu, ze sp\u00f3jn\u0105 i przyjemn\u0105 kierownic\u0105 GT. To rodzaj kombinacji, kt\u00f3ra przenosi Ci\u0119 z \"gry wy\u015bcigowej\" do do\u015bwiadczenia, kt\u00f3re jest znacznie bli\u017csze prowadzeniu samochodu.<\/p>\n<p>Na rynku plasuje si\u0119 w g\u00f3rnej cz\u0119\u015bci \u015bredniej p\u00f3\u0142ki, w tej kluczowej strefie, w kt\u00f3rej szukasz sprz\u0119tu, kt\u00f3ry jest wystarczaj\u0105co mocny, aby nie by\u0107 ograniczonym, ale bez popadania w skrajno\u015bci produkt\u00f3w ultra-premium. Nie jest najbardziej ekstremalny, ale w\u0142a\u015bnie to czyni go atrakcyjnym dla wi\u0119kszo\u015bci powa\u017cnych graczy.<\/p>\n<p>Poleci\u0142bym j\u0105 tym, kt\u00f3rzy je\u017cd\u017c\u0105 g\u0142\u00f3wnie na PC, lubi\u0105 GT, prototypy i jednomiejscowe samochody i chc\u0105 mie\u0107 baz\u0119, kt\u00f3ra nad\u0105\u017cy za ich post\u0119pami przez kilka lat. Dla bardzo casualowego, zorientowanego na konsole profilu lub dla kogo\u015b, kto cz\u0119sto zmienia platformy, nie b\u0119dzie to najbardziej racjonalny wyb\u00f3r.<\/p>\n<p>Je\u015bli szukasz solidnego zestawu Direct Drive, kt\u00f3ry jest wci\u0105gaj\u0105cy, skalowalny i wyra\u017anie zorientowany na wydajno\u015b\u0107 bez popadania w przesad\u0119, ten produkt mo\u017ce zrobi\u0107 r\u00f3\u017cnic\u0119 w Twojej konfiguracji.<\/p>","protected":false},"excerpt":{"rendered":"<p>Ten zestaw da\u0142 mi poczucie przej\u015bcia od \"prostej kierownicy\" do powa\u017cnego narz\u0119dzia do jazdy, z wyra\u017anym wzrostem precyzji, odczytu przyczepno\u015bci i immersji. Przede wszystkim ma to sens dla \u015brednio zaawansowanych i zaawansowanych symulator\u00f3w PC, kt\u00f3rzy je\u017cd\u017c\u0105 du\u017co GT\/protos i chc\u0105 mie\u0107 mo\u017cliwo\u015b\u0107 rozbudowy konfiguracji. Ca\u0142y pakiet oferuje bardzo solidn\u0105 og\u00f3ln\u0105 warto\u015b\u0107 i sp\u00f3jno\u015b\u0107 w tym segmencie.<\/p>","protected":false},"featured_media":101446,"comment_status":"open","ping_status":"closed","template":"","meta":{"_acf_changed":false,"_et_pb_use_builder":"","_et_pb_old_content":"","_et_gb_content_width":""},"product_brand":[165],"product_cat":[161],"product_tag":[149],"class_list":{"0":"post-101445","1":"product","2":"type-product","3":"status-publish","4":"has-post-thumbnail","6":"product_brand-moza-racing","7":"product_cat-volant","8":"product_tag-pc","10":"first","11":"instock","12":"shipping-taxable","13":"product-type-external"},"acf":[],"_links":{"self":[{"href":"https:\/\/simracergear.com\/pl\/wp-json\/wp\/v2\/product\/101445","targetHints":{"allow":["GET"]}}],"collection":[{"href":"https:\/\/simracergear.com\/pl\/wp-json\/wp\/v2\/product"}],"about":[{"href":"https:\/\/simracergear.com\/pl\/wp-json\/wp\/v2\/types\/product"}],"replies":[{"embeddable":true,"href":"https:\/\/simracergear.com\/pl\/wp-json\/wp\/v2\/comments?post=101445"}],"wp:featuredmedia":[{"embeddable":true,"href":"https:\/\/simracergear.com\/pl\/wp-json\/wp\/v2\/media\/101446"}],"wp:attachment":[{"href":"https:\/\/simracergear.com\/pl\/wp-json\/wp\/v2\/media?parent=101445"}],"wp:term":[{"taxonomy":"product_brand","embeddable":true,"href":"https:\/\/simracergear.com\/pl\/wp-json\/wp\/v2\/product_brand?post=101445"},{"taxonomy":"product_cat","embeddable":true,"href":"https:\/\/simracergear.com\/pl\/wp-json\/wp\/v2\/product_cat?post=101445"},{"taxonomy":"product_tag","embeddable":true,"href":"https:\/\/simracergear.com\/pl\/wp-json\/wp\/v2\/product_tag?post=101445"}],"curies":[{"name":"wp","href":"https:\/\/api.w.org\/{rel}","templated":true}]}}